{"id":52888,"date":"2017-12-22T16:19:38","date_gmt":"2023-06-05T15:20:33","guid":{"rendered":"https:\/\/cardinal.pixel-tal.de\/klebebaender\/non class\u00e9\/3m-ruban-adhesif-a-filaments-scotch-8915\/"},"modified":"2023-06-05T17:20:33","modified_gmt":"2023-06-05T15:20:33","slug":"3m-8915-adhesif-filamentaire-haute-performance","status":"publish","type":"product","link":"https:\/\/cardinal-tapes.com\/fr\/rubans-adh\u00e9sifs\/systemes-demballage\/3m-8915-adhesif-filamentaire-haute-performance\/","title":{"rendered":"3M\u2122 Ruban adh\u00e9sif \u00e0 filaments Scotch\u00ae 8915"},"content":{"rendered":"<p>Le ruban filament 3M\u2122 Scotch\u00ae 8915 est particuli\u00e8rement adapt\u00e9 \u00e0 l&#8217;assemblage temporaire de pi\u00e8ces d&#8217;appareils et d&#8217;autres marchandises pendant le montage ou l&#8217;exp\u00e9dition. Ce ruban adh\u00e9sif de haute qualit\u00e9 est renforc\u00e9 par des fibres de verre continues et offre une excellente adh\u00e9rence sur une grande vari\u00e9t\u00e9 de surfaces. Il s&#8217;enl\u00e8ve sans laisser de traces sur presque tous les mat\u00e9riaux et r\u00e9siste \u00e0 la salet\u00e9.<\/p>\n<p><strong>Caract\u00e9ristiques<\/strong><br \/>\nLe ruban adh\u00e9sif 8915 se caract\u00e9rise par une grande r\u00e9sistance \u00e0 la d\u00e9chirure et le ruban adh\u00e9sif renforc\u00e9 de fibres de verre r\u00e9siste aux pliures, \u00e0 l&#8217;abrasion et \u00e0 l&#8217;humidit\u00e9.<\/p>\n<p><strong>Applications<\/strong><br \/>\n&#8211; Pour la r\u00e9novation des espaces int\u00e9rieurs<br \/>\n&#8211; Assemblage de pi\u00e8ces d&#8217;appareils et d&#8217;autres marchandises<br \/>\n&#8211; adh\u00e9rence sur les mat\u00e9riaux d&#8217;emballage tels que le carton ondul\u00e9, le carton, les fibres dures, le plastique et le m\u00e9tal<\/p>\n","protected":false},"excerpt":{"rendered":"<p>Le ruban filament 3M\u2122 Scotch\u00ae 8915 est particuli\u00e8rement adapt\u00e9 \u00e0 l&#8217;assemblage temporaire de pi\u00e8ces d&#8217;appareils et d&#8217;autres marchandises pendant le montage ou l&#8217;exp\u00e9dition. Ce ruban adh\u00e9sif de haute qualit\u00e9 est renforc\u00e9 par des fibres de verre continues et offre une excellente adh\u00e9rence sur une grande vari\u00e9t\u00e9 de surfaces. Il s&#8217;enl\u00e8ve sans laisser de traces sur [&hellip;]<\/p>\n","protected":false},"featured_media":25420,"template":"","meta":{"_acf_changed":false},"pwb-brand":[2167],"product_brand":[],"product_cat":[1859],"product_tag":[],"class_list":{"0":"post-52888","1":"product","2":"type-product","3":"status-publish","4":"has-post-thumbnail","6":"pwb-brand-3m-fr","7":"product_cat-systemes-demballage","9":"first","10":"instock","11":"taxable","12":"shipping-taxable","13":"purchasable","14":"product-type-variable"},"acf":[],"yoast_head":"<!-- This site is optimized with the Yoast SEO plugin v27.3 - https:\/\/yoast.com\/product\/yoast-seo-wordpress\/ -->\n<title>3M\u2122 8915 Scotch\u00ae Ruban adh\u00e9sif filament haute performance | Cardinal TAPES<\/title>\n<meta name=\"description\" content=\"Le ruban adh\u00e9sif \u00e0 filaments 3M\u2122 8915 renforc\u00e9 de fibres de verre est principalement utilis\u00e9 pour regrouper des objets \u00e0 des fins de transport ou pour s\u00e9curiser des produits lors du transport.\" \/>\n<meta name=\"robots\" content=\"index, follow, max-snippet:-1, max-image-preview:large, max-video-preview:-1\" \/>\n<link rel=\"canonical\" href=\"https:\/\/cardinal-tapes.com\/fr\/rubans-adh\u00e9sifs\/systemes-demballage\/3m-8915-adhesif-filamentaire-haute-performance\/\" \/>\n<meta property=\"og:locale\" content=\"fr_FR\" \/>\n<meta property=\"og:type\" content=\"article\" \/>\n<meta property=\"og:title\" content=\"3M\u2122 8915 Scotch\u00ae Ruban adh\u00e9sif filament haute performance | Cardinal TAPES\" \/>\n<meta property=\"og:description\" content=\"Le ruban adh\u00e9sif \u00e0 filaments 3M\u2122 8915 renforc\u00e9 de fibres de verre est principalement utilis\u00e9 pour regrouper des objets \u00e0 des fins de transport ou pour s\u00e9curiser des produits lors du transport.\" \/>\n<meta property=\"og:url\" content=\"https:\/\/cardinal-tapes.com\/fr\/rubans-adh\u00e9sifs\/systemes-demballage\/3m-8915-adhesif-filamentaire-haute-performance\/\" \/>\n<meta property=\"og:site_name\" content=\"cardinal TAPES\" \/>\n<meta property=\"og:image\" content=\"https:\/\/cardinal-tapes.com\/wp-content\/uploads\/3m_filamentklebeband_hochleistung_8915.jpg\" \/>\n\t<meta property=\"og:image:width\" content=\"600\" \/>\n\t<meta property=\"og:image:height\" content=\"600\" \/>\n\t<meta property=\"og:image:type\" content=\"image\/jpeg\" \/>\n<meta name=\"twitter:card\" content=\"summary_large_image\" \/>\n<meta name=\"twitter:label1\" content=\"Dur\u00e9e de lecture estim\u00e9e\" \/>\n\t<meta name=\"twitter:data1\" content=\"1 minute\" \/>\n<script type=\"application\/ld+json\" class=\"yoast-schema-graph\">{\"@context\":\"https:\\\/\\\/schema.org\",\"@graph\":[{\"@type\":\"WebPage\",\"@id\":\"https:\\\/\\\/cardinal-tapes.com\\\/fr\\\/rubans-adh\u00e9sifs\\\/systemes-demballage\\\/3m-8915-adhesif-filamentaire-haute-performance\\\/\",\"url\":\"https:\\\/\\\/cardinal-tapes.com\\\/fr\\\/rubans-adh\u00e9sifs\\\/systemes-demballage\\\/3m-8915-adhesif-filamentaire-haute-performance\\\/\",\"name\":\"3M\u2122 8915 Scotch\u00ae Ruban adh\u00e9sif filament haute performance | Cardinal TAPES\",\"isPartOf\":{\"@id\":\"https:\\\/\\\/cardinal-tapes.com\\\/#website\"},\"primaryImageOfPage\":{\"@id\":\"https:\\\/\\\/cardinal-tapes.com\\\/fr\\\/rubans-adh\u00e9sifs\\\/systemes-demballage\\\/3m-8915-adhesif-filamentaire-haute-performance\\\/#primaryimage\"},\"image\":{\"@id\":\"https:\\\/\\\/cardinal-tapes.com\\\/fr\\\/rubans-adh\u00e9sifs\\\/systemes-demballage\\\/3m-8915-adhesif-filamentaire-haute-performance\\\/#primaryimage\"},\"thumbnailUrl\":\"https:\\\/\\\/cardinal-tapes.com\\\/wp-content\\\/uploads\\\/3m_filamentklebeband_hochleistung_8915.jpg\",\"datePublished\":\"2023-06-05T15:20:33+00:00\",\"description\":\"Le ruban adh\u00e9sif \u00e0 filaments 3M\u2122 8915 renforc\u00e9 de fibres de verre est principalement utilis\u00e9 pour regrouper des objets \u00e0 des fins de transport ou pour s\u00e9curiser des produits lors du transport.\",\"breadcrumb\":{\"@id\":\"https:\\\/\\\/cardinal-tapes.com\\\/fr\\\/rubans-adh\u00e9sifs\\\/systemes-demballage\\\/3m-8915-adhesif-filamentaire-haute-performance\\\/#breadcrumb\"},\"inLanguage\":\"fr-FR\",\"potentialAction\":[{\"@type\":\"ReadAction\",\"target\":[\"https:\\\/\\\/cardinal-tapes.com\\\/fr\\\/rubans-adh\u00e9sifs\\\/systemes-demballage\\\/3m-8915-adhesif-filamentaire-haute-performance\\\/\"]}]},{\"@type\":\"ImageObject\",\"inLanguage\":\"fr-FR\",\"@id\":\"https:\\\/\\\/cardinal-tapes.com\\\/fr\\\/rubans-adh\u00e9sifs\\\/systemes-demballage\\\/3m-8915-adhesif-filamentaire-haute-performance\\\/#primaryimage\",\"url\":\"https:\\\/\\\/cardinal-tapes.com\\\/wp-content\\\/uploads\\\/3m_filamentklebeband_hochleistung_8915.jpg\",\"contentUrl\":\"https:\\\/\\\/cardinal-tapes.com\\\/wp-content\\\/uploads\\\/3m_filamentklebeband_hochleistung_8915.jpg\",\"width\":600,\"height\":600,\"caption\":\"Ruban adh\u00e9sif \u00e0 filaments 3M 8915\"},{\"@type\":\"BreadcrumbList\",\"@id\":\"https:\\\/\\\/cardinal-tapes.com\\\/fr\\\/rubans-adh\u00e9sifs\\\/systemes-demballage\\\/3m-8915-adhesif-filamentaire-haute-performance\\\/#breadcrumb\",\"itemListElement\":[{\"@type\":\"ListItem\",\"position\":1,\"name\":\"Startseite\",\"item\":\"https:\\\/\\\/cardinal-tapes.com\\\/fr\\\/accueil\\\/\"},{\"@type\":\"ListItem\",\"position\":2,\"name\":\"Rubans adh\u00e9sifs\",\"item\":\"https:\\\/\\\/cardinal-tapes.com\\\/fr\\\/rubans-adhesifs-fr\\\/\"},{\"@type\":\"ListItem\",\"position\":3,\"name\":\"Syst\u00e8mes d&#039;emballage\",\"item\":\"https:\\\/\\\/cardinal-tapes.com\\\/fr\\\/catgorie\\\/systemes-demballage\\\/\"},{\"@type\":\"ListItem\",\"position\":4,\"name\":\"3M\u2122 Ruban adh\u00e9sif \u00e0 filaments Scotch\u00ae 8915\"}]},{\"@type\":\"WebSite\",\"@id\":\"https:\\\/\\\/cardinal-tapes.com\\\/#website\",\"url\":\"https:\\\/\\\/cardinal-tapes.com\\\/\",\"name\":\"cardinal TAPES\",\"description\":\"Klebetechnik aus Wuppertal\",\"potentialAction\":[{\"@type\":\"SearchAction\",\"target\":{\"@type\":\"EntryPoint\",\"urlTemplate\":\"https:\\\/\\\/cardinal-tapes.com\\\/?s={search_term_string}\"},\"query-input\":{\"@type\":\"PropertyValueSpecification\",\"valueRequired\":true,\"valueName\":\"search_term_string\"}}],\"inLanguage\":\"fr-FR\"}]}<\/script>\n<!-- \/ Yoast SEO plugin. -->","yoast_head_json":{"title":"3M\u2122 8915 Scotch\u00ae Ruban adh\u00e9sif filament haute performance | Cardinal TAPES","description":"Le ruban adh\u00e9sif \u00e0 filaments 3M\u2122 8915 renforc\u00e9 de fibres de verre est principalement utilis\u00e9 pour regrouper des objets \u00e0 des fins de transport ou pour s\u00e9curiser des produits lors du transport.","robots":{"index":"index","follow":"follow","max-snippet":"max-snippet:-1","max-image-preview":"max-image-preview:large","max-video-preview":"max-video-preview:-1"},"canonical":"https:\/\/cardinal-tapes.com\/fr\/rubans-adh\u00e9sifs\/systemes-demballage\/3m-8915-adhesif-filamentaire-haute-performance\/","og_locale":"fr_FR","og_type":"article","og_title":"3M\u2122 8915 Scotch\u00ae Ruban adh\u00e9sif filament haute performance | Cardinal TAPES","og_description":"Le ruban adh\u00e9sif \u00e0 filaments 3M\u2122 8915 renforc\u00e9 de fibres de verre est principalement utilis\u00e9 pour regrouper des objets \u00e0 des fins de transport ou pour s\u00e9curiser des produits lors du transport.","og_url":"https:\/\/cardinal-tapes.com\/fr\/rubans-adh\u00e9sifs\/systemes-demballage\/3m-8915-adhesif-filamentaire-haute-performance\/","og_site_name":"cardinal TAPES","og_image":[{"width":600,"height":600,"url":"https:\/\/cardinal-tapes.com\/wp-content\/uploads\/3m_filamentklebeband_hochleistung_8915.jpg","type":"image\/jpeg"}],"twitter_card":"summary_large_image","twitter_misc":{"Dur\u00e9e de lecture estim\u00e9e":"1 minute"},"schema":{"@context":"https:\/\/schema.org","@graph":[{"@type":"WebPage","@id":"https:\/\/cardinal-tapes.com\/fr\/rubans-adh\u00e9sifs\/systemes-demballage\/3m-8915-adhesif-filamentaire-haute-performance\/","url":"https:\/\/cardinal-tapes.com\/fr\/rubans-adh\u00e9sifs\/systemes-demballage\/3m-8915-adhesif-filamentaire-haute-performance\/","name":"3M\u2122 8915 Scotch\u00ae Ruban adh\u00e9sif filament haute performance | Cardinal TAPES","isPartOf":{"@id":"https:\/\/cardinal-tapes.com\/#website"},"primaryImageOfPage":{"@id":"https:\/\/cardinal-tapes.com\/fr\/rubans-adh\u00e9sifs\/systemes-demballage\/3m-8915-adhesif-filamentaire-haute-performance\/#primaryimage"},"image":{"@id":"https:\/\/cardinal-tapes.com\/fr\/rubans-adh\u00e9sifs\/systemes-demballage\/3m-8915-adhesif-filamentaire-haute-performance\/#primaryimage"},"thumbnailUrl":"https:\/\/cardinal-tapes.com\/wp-content\/uploads\/3m_filamentklebeband_hochleistung_8915.jpg","datePublished":"2023-06-05T15:20:33+00:00","description":"Le ruban adh\u00e9sif \u00e0 filaments 3M\u2122 8915 renforc\u00e9 de fibres de verre est principalement utilis\u00e9 pour regrouper des objets \u00e0 des fins de transport ou pour s\u00e9curiser des produits lors du transport.","breadcrumb":{"@id":"https:\/\/cardinal-tapes.com\/fr\/rubans-adh\u00e9sifs\/systemes-demballage\/3m-8915-adhesif-filamentaire-haute-performance\/#breadcrumb"},"inLanguage":"fr-FR","potentialAction":[{"@type":"ReadAction","target":["https:\/\/cardinal-tapes.com\/fr\/rubans-adh\u00e9sifs\/systemes-demballage\/3m-8915-adhesif-filamentaire-haute-performance\/"]}]},{"@type":"ImageObject","inLanguage":"fr-FR","@id":"https:\/\/cardinal-tapes.com\/fr\/rubans-adh\u00e9sifs\/systemes-demballage\/3m-8915-adhesif-filamentaire-haute-performance\/#primaryimage","url":"https:\/\/cardinal-tapes.com\/wp-content\/uploads\/3m_filamentklebeband_hochleistung_8915.jpg","contentUrl":"https:\/\/cardinal-tapes.com\/wp-content\/uploads\/3m_filamentklebeband_hochleistung_8915.jpg","width":600,"height":600,"caption":"Ruban adh\u00e9sif \u00e0 filaments 3M 8915"},{"@type":"BreadcrumbList","@id":"https:\/\/cardinal-tapes.com\/fr\/rubans-adh\u00e9sifs\/systemes-demballage\/3m-8915-adhesif-filamentaire-haute-performance\/#breadcrumb","itemListElement":[{"@type":"ListItem","position":1,"name":"Startseite","item":"https:\/\/cardinal-tapes.com\/fr\/accueil\/"},{"@type":"ListItem","position":2,"name":"Rubans adh\u00e9sifs","item":"https:\/\/cardinal-tapes.com\/fr\/rubans-adhesifs-fr\/"},{"@type":"ListItem","position":3,"name":"Syst\u00e8mes d&#039;emballage","item":"https:\/\/cardinal-tapes.com\/fr\/catgorie\/systemes-demballage\/"},{"@type":"ListItem","position":4,"name":"3M\u2122 Ruban adh\u00e9sif \u00e0 filaments Scotch\u00ae 8915"}]},{"@type":"WebSite","@id":"https:\/\/cardinal-tapes.com\/#website","url":"https:\/\/cardinal-tapes.com\/","name":"cardinal TAPES","description":"Klebetechnik aus Wuppertal","potentialAction":[{"@type":"SearchAction","target":{"@type":"EntryPoint","urlTemplate":"https:\/\/cardinal-tapes.com\/?s={search_term_string}"},"query-input":{"@type":"PropertyValueSpecification","valueRequired":true,"valueName":"search_term_string"}}],"inLanguage":"fr-FR"}]}},"brands":[{"id":2167,"name":"3M","slug":"3m-fr"}],"_links":{"self":[{"href":"https:\/\/cardinal-tapes.com\/fr\/wp-json\/wp\/v2\/product\/52888","targetHints":{"allow":["GET"]}}],"collection":[{"href":"https:\/\/cardinal-tapes.com\/fr\/wp-json\/wp\/v2\/product"}],"about":[{"href":"https:\/\/cardinal-tapes.com\/fr\/wp-json\/wp\/v2\/types\/product"}],"wp:featuredmedia":[{"embeddable":true,"href":"https:\/\/cardinal-tapes.com\/fr\/wp-json\/wp\/v2\/media\/25420"}],"wp:attachment":[{"href":"https:\/\/cardinal-tapes.com\/fr\/wp-json\/wp\/v2\/media?parent=52888"}],"wp:term":[{"taxonomy":"pwb-brand","embeddable":true,"href":"https:\/\/cardinal-tapes.com\/fr\/wp-json\/wp\/v2\/pwb-brand?post=52888"},{"taxonomy":"product_brand","embeddable":true,"href":"https:\/\/cardinal-tapes.com\/fr\/wp-json\/wp\/v2\/product_brand?post=52888"},{"taxonomy":"product_cat","embeddable":true,"href":"https:\/\/cardinal-tapes.com\/fr\/wp-json\/wp\/v2\/product_cat?post=52888"},{"taxonomy":"product_tag","embeddable":true,"href":"https:\/\/cardinal-tapes.com\/fr\/wp-json\/wp\/v2\/product_tag?post=52888"}],"curies":[{"name":"wp","href":"https:\/\/api.w.org\/{rel}","templated":true}]}}