{"id":52868,"date":"2018-02-06T08:46:53","date_gmt":"2023-06-05T15:20:33","guid":{"rendered":"https:\/\/cardinal.pixel-tal.de\/klebebaender\/non%20class\u00e9\/tesafilm-4104-ruban-adhesif-en-pvc\/"},"modified":"2025-07-03T14:30:46","modified_gmt":"2025-07-03T12:30:46","slug":"tesa-4104-pvc-klebeband","status":"publish","type":"product","link":"https:\/\/cardinal-tapes.com\/fr\/rubans-adh\u00e9sifs\/rubans-adhesifs-simple-face\/film-pvc\/tesa-4104-pvc-klebeband\/","title":{"rendered":"tesafilm\u00ae 4104 Ruban adh\u00e9sif en PVC"},"content":{"rendered":"<p><sup>tesafilm\u00ae<\/sup> 4104 couleur est un film adh\u00e9sif d&#8217;emballage premium bas\u00e9 sur un film PVC robuste et une masse adh\u00e9sive en caoutchouc naturel tr\u00e8s adh\u00e9sive. Disponible en 7 couleurs intenses.<\/p>\n<p><strong>Caract\u00e9ristiques<\/strong><br \/>\n&#8211; Support robuste en PVC<br \/>\n&#8211; Adh\u00e9sif puissant en caoutchouc naturel pour un pouvoir adh\u00e9sif \u00e9lev\u00e9<br \/>\n&#8211; Peut \u00eatre retir\u00e9 de nombreuses surfaces<\/p>\n<p><strong>Applications<\/strong><br \/>\n&#8211; Fermeture de petites bo\u00eetes, par exemple en plastique ou en carton compact.<br \/>\n&#8211; Fermeture de bo\u00eetes et de sachets.<br \/>\n&#8211; La multitude de couleurs offre la possibilit\u00e9 de marquer, par exemple, des tuyauteries.<br \/>\n&#8211; Convient pour le laquage en deux couleurs afin d&#8217;obtenir des bords de couleur nets.<\/p>\n","protected":false},"excerpt":{"rendered":"<p>tesafilm\u00ae 4104 couleur est un film adh\u00e9sif d&#8217;emballage premium bas\u00e9 sur un film PVC robuste et une masse adh\u00e9sive en caoutchouc naturel tr\u00e8s adh\u00e9sive. Disponible en 7 couleurs intenses. Caract\u00e9ristiques &#8211; Support robuste en PVC &#8211; Adh\u00e9sif puissant en caoutchouc naturel pour un pouvoir adh\u00e9sif \u00e9lev\u00e9 &#8211; Peut \u00eatre retir\u00e9 de nombreuses surfaces Applications &#8211; [&hellip;]<\/p>\n","protected":false},"featured_media":26184,"template":"","meta":{"_acf_changed":false},"pwb-brand":[2165],"product_brand":[],"product_cat":[1743,1772,1836,1841,1859],"product_tag":[],"class_list":{"0":"post-52868","1":"product","2":"type-product","3":"status-publish","4":"has-post-thumbnail","6":"pwb-brand-tesa-fr","7":"product_cat-industrie-du-meuble","8":"product_cat-secteur-du-transport","9":"product_cat-rubans-adhesifs-simple-face","10":"product_cat-film-pvc","11":"product_cat-systemes-demballage","13":"first","14":"instock","15":"taxable","16":"shipping-taxable","17":"purchasable","18":"product-type-variable"},"acf":[],"yoast_head":"<!-- This site is optimized with the Yoast SEO plugin v27.3 - https:\/\/yoast.com\/product\/yoast-seo-wordpress\/ -->\n<title>Tesa 4104 Ruban adh\u00e9sif en PVC | Cardinal TAPES<\/title>\n<meta name=\"description\" content=\"Le ruban adh\u00e9sif Tesa 4104 PVC est un ruban adh\u00e9sif d&#039;emballage de qualit\u00e9 sup\u00e9rieure, bas\u00e9 sur un film PVC robuste et une masse adh\u00e9sive en caoutchouc naturel tr\u00e8s adh\u00e9sive.\" \/>\n<meta name=\"robots\" content=\"index, follow, max-snippet:-1, max-image-preview:large, max-video-preview:-1\" \/>\n<link rel=\"canonical\" href=\"https:\/\/cardinal-tapes.com\/fr\/rubans-adh\u00e9sifs\/rubans-adhesifs-simple-face\/film-pvc\/tesa-4104-pvc-klebeband\/\" \/>\n<meta property=\"og:locale\" content=\"fr_FR\" \/>\n<meta property=\"og:type\" content=\"article\" \/>\n<meta property=\"og:title\" content=\"Tesa 4104 Ruban adh\u00e9sif en PVC | Cardinal TAPES\" \/>\n<meta property=\"og:description\" content=\"Le ruban adh\u00e9sif Tesa 4104 PVC est un ruban adh\u00e9sif d&#039;emballage de qualit\u00e9 sup\u00e9rieure, bas\u00e9 sur un film PVC robuste et une masse adh\u00e9sive en caoutchouc naturel tr\u00e8s adh\u00e9sive.\" \/>\n<meta property=\"og:url\" content=\"https:\/\/cardinal-tapes.com\/fr\/rubans-adh\u00e9sifs\/rubans-adhesifs-simple-face\/film-pvc\/tesa-4104-pvc-klebeband\/\" \/>\n<meta property=\"og:site_name\" content=\"cardinal TAPES\" \/>\n<meta property=\"article:modified_time\" content=\"2025-07-03T12:30:46+00:00\" \/>\n<meta property=\"og:image\" content=\"https:\/\/cardinal-tapes.com\/wp-content\/uploads\/tesa-04104.jpg\" \/>\n\t<meta property=\"og:image:width\" content=\"600\" \/>\n\t<meta property=\"og:image:height\" content=\"600\" \/>\n\t<meta property=\"og:image:type\" content=\"image\/jpeg\" \/>\n<meta name=\"twitter:card\" content=\"summary_large_image\" \/>\n<meta name=\"twitter:label1\" content=\"Dur\u00e9e de lecture estim\u00e9e\" \/>\n\t<meta name=\"twitter:data1\" content=\"1 minute\" \/>\n<script type=\"application\/ld+json\" class=\"yoast-schema-graph\">{\"@context\":\"https:\\\/\\\/schema.org\",\"@graph\":[{\"@type\":\"WebPage\",\"@id\":\"https:\\\/\\\/cardinal-tapes.com\\\/fr\\\/rubans-adh\u00e9sifs\\\/rubans-adhesifs-simple-face\\\/film-pvc\\\/tesa-4104-pvc-klebeband\\\/\",\"url\":\"https:\\\/\\\/cardinal-tapes.com\\\/fr\\\/rubans-adh\u00e9sifs\\\/rubans-adhesifs-simple-face\\\/film-pvc\\\/tesa-4104-pvc-klebeband\\\/\",\"name\":\"Tesa 4104 Ruban adh\u00e9sif en PVC | Cardinal TAPES\",\"isPartOf\":{\"@id\":\"https:\\\/\\\/cardinal-tapes.com\\\/#website\"},\"primaryImageOfPage\":{\"@id\":\"https:\\\/\\\/cardinal-tapes.com\\\/fr\\\/rubans-adh\u00e9sifs\\\/rubans-adhesifs-simple-face\\\/film-pvc\\\/tesa-4104-pvc-klebeband\\\/#primaryimage\"},\"image\":{\"@id\":\"https:\\\/\\\/cardinal-tapes.com\\\/fr\\\/rubans-adh\u00e9sifs\\\/rubans-adhesifs-simple-face\\\/film-pvc\\\/tesa-4104-pvc-klebeband\\\/#primaryimage\"},\"thumbnailUrl\":\"https:\\\/\\\/cardinal-tapes.com\\\/wp-content\\\/uploads\\\/tesa-04104.jpg\",\"datePublished\":\"2023-06-05T15:20:33+00:00\",\"dateModified\":\"2025-07-03T12:30:46+00:00\",\"description\":\"Le ruban adh\u00e9sif Tesa 4104 PVC est un ruban adh\u00e9sif d'emballage de qualit\u00e9 sup\u00e9rieure, bas\u00e9 sur un film PVC robuste et une masse adh\u00e9sive en caoutchouc naturel tr\u00e8s adh\u00e9sive.\",\"breadcrumb\":{\"@id\":\"https:\\\/\\\/cardinal-tapes.com\\\/fr\\\/rubans-adh\u00e9sifs\\\/rubans-adhesifs-simple-face\\\/film-pvc\\\/tesa-4104-pvc-klebeband\\\/#breadcrumb\"},\"inLanguage\":\"fr-FR\",\"potentialAction\":[{\"@type\":\"ReadAction\",\"target\":[\"https:\\\/\\\/cardinal-tapes.com\\\/fr\\\/rubans-adh\u00e9sifs\\\/rubans-adhesifs-simple-face\\\/film-pvc\\\/tesa-4104-pvc-klebeband\\\/\"]}]},{\"@type\":\"ImageObject\",\"inLanguage\":\"fr-FR\",\"@id\":\"https:\\\/\\\/cardinal-tapes.com\\\/fr\\\/rubans-adh\u00e9sifs\\\/rubans-adhesifs-simple-face\\\/film-pvc\\\/tesa-4104-pvc-klebeband\\\/#primaryimage\",\"url\":\"https:\\\/\\\/cardinal-tapes.com\\\/wp-content\\\/uploads\\\/tesa-04104.jpg\",\"contentUrl\":\"https:\\\/\\\/cardinal-tapes.com\\\/wp-content\\\/uploads\\\/tesa-04104.jpg\",\"width\":600,\"height\":600,\"caption\":\"tesa 4104\"},{\"@type\":\"BreadcrumbList\",\"@id\":\"https:\\\/\\\/cardinal-tapes.com\\\/fr\\\/rubans-adh\u00e9sifs\\\/rubans-adhesifs-simple-face\\\/film-pvc\\\/tesa-4104-pvc-klebeband\\\/#breadcrumb\",\"itemListElement\":[{\"@type\":\"ListItem\",\"position\":1,\"name\":\"Startseite\",\"item\":\"https:\\\/\\\/cardinal-tapes.com\\\/fr\\\/accueil\\\/\"},{\"@type\":\"ListItem\",\"position\":2,\"name\":\"Rubans adh\u00e9sifs\",\"item\":\"https:\\\/\\\/cardinal-tapes.com\\\/fr\\\/rubans-adhesifs-fr\\\/\"},{\"@type\":\"ListItem\",\"position\":3,\"name\":\"Einseitige Klebeb\u00e4nder\",\"item\":\"https:\\\/\\\/cardinal-tapes.com\\\/kategorie\\\/einseitige-klebebaender\\\/\"},{\"@type\":\"ListItem\",\"position\":4,\"name\":\"tesafilm\u00ae 4104 Ruban adh\u00e9sif en PVC\"}]},{\"@type\":\"WebSite\",\"@id\":\"https:\\\/\\\/cardinal-tapes.com\\\/#website\",\"url\":\"https:\\\/\\\/cardinal-tapes.com\\\/\",\"name\":\"cardinal TAPES\",\"description\":\"Klebetechnik aus Wuppertal\",\"potentialAction\":[{\"@type\":\"SearchAction\",\"target\":{\"@type\":\"EntryPoint\",\"urlTemplate\":\"https:\\\/\\\/cardinal-tapes.com\\\/?s={search_term_string}\"},\"query-input\":{\"@type\":\"PropertyValueSpecification\",\"valueRequired\":true,\"valueName\":\"search_term_string\"}}],\"inLanguage\":\"fr-FR\"}]}<\/script>\n<!-- \/ Yoast SEO plugin. -->","yoast_head_json":{"title":"Tesa 4104 Ruban adh\u00e9sif en PVC | Cardinal TAPES","description":"Le ruban adh\u00e9sif Tesa 4104 PVC est un ruban adh\u00e9sif d'emballage de qualit\u00e9 sup\u00e9rieure, bas\u00e9 sur un film PVC robuste et une masse adh\u00e9sive en caoutchouc naturel tr\u00e8s adh\u00e9sive.","robots":{"index":"index","follow":"follow","max-snippet":"max-snippet:-1","max-image-preview":"max-image-preview:large","max-video-preview":"max-video-preview:-1"},"canonical":"https:\/\/cardinal-tapes.com\/fr\/rubans-adh\u00e9sifs\/rubans-adhesifs-simple-face\/film-pvc\/tesa-4104-pvc-klebeband\/","og_locale":"fr_FR","og_type":"article","og_title":"Tesa 4104 Ruban adh\u00e9sif en PVC | Cardinal TAPES","og_description":"Le ruban adh\u00e9sif Tesa 4104 PVC est un ruban adh\u00e9sif d'emballage de qualit\u00e9 sup\u00e9rieure, bas\u00e9 sur un film PVC robuste et une masse adh\u00e9sive en caoutchouc naturel tr\u00e8s adh\u00e9sive.","og_url":"https:\/\/cardinal-tapes.com\/fr\/rubans-adh\u00e9sifs\/rubans-adhesifs-simple-face\/film-pvc\/tesa-4104-pvc-klebeband\/","og_site_name":"cardinal TAPES","article_modified_time":"2025-07-03T12:30:46+00:00","og_image":[{"width":600,"height":600,"url":"https:\/\/cardinal-tapes.com\/wp-content\/uploads\/tesa-04104.jpg","type":"image\/jpeg"}],"twitter_card":"summary_large_image","twitter_misc":{"Dur\u00e9e de lecture estim\u00e9e":"1 minute"},"schema":{"@context":"https:\/\/schema.org","@graph":[{"@type":"WebPage","@id":"https:\/\/cardinal-tapes.com\/fr\/rubans-adh\u00e9sifs\/rubans-adhesifs-simple-face\/film-pvc\/tesa-4104-pvc-klebeband\/","url":"https:\/\/cardinal-tapes.com\/fr\/rubans-adh\u00e9sifs\/rubans-adhesifs-simple-face\/film-pvc\/tesa-4104-pvc-klebeband\/","name":"Tesa 4104 Ruban adh\u00e9sif en PVC | Cardinal TAPES","isPartOf":{"@id":"https:\/\/cardinal-tapes.com\/#website"},"primaryImageOfPage":{"@id":"https:\/\/cardinal-tapes.com\/fr\/rubans-adh\u00e9sifs\/rubans-adhesifs-simple-face\/film-pvc\/tesa-4104-pvc-klebeband\/#primaryimage"},"image":{"@id":"https:\/\/cardinal-tapes.com\/fr\/rubans-adh\u00e9sifs\/rubans-adhesifs-simple-face\/film-pvc\/tesa-4104-pvc-klebeband\/#primaryimage"},"thumbnailUrl":"https:\/\/cardinal-tapes.com\/wp-content\/uploads\/tesa-04104.jpg","datePublished":"2023-06-05T15:20:33+00:00","dateModified":"2025-07-03T12:30:46+00:00","description":"Le ruban adh\u00e9sif Tesa 4104 PVC est un ruban adh\u00e9sif d'emballage de qualit\u00e9 sup\u00e9rieure, bas\u00e9 sur un film PVC robuste et une masse adh\u00e9sive en caoutchouc naturel tr\u00e8s adh\u00e9sive.","breadcrumb":{"@id":"https:\/\/cardinal-tapes.com\/fr\/rubans-adh\u00e9sifs\/rubans-adhesifs-simple-face\/film-pvc\/tesa-4104-pvc-klebeband\/#breadcrumb"},"inLanguage":"fr-FR","potentialAction":[{"@type":"ReadAction","target":["https:\/\/cardinal-tapes.com\/fr\/rubans-adh\u00e9sifs\/rubans-adhesifs-simple-face\/film-pvc\/tesa-4104-pvc-klebeband\/"]}]},{"@type":"ImageObject","inLanguage":"fr-FR","@id":"https:\/\/cardinal-tapes.com\/fr\/rubans-adh\u00e9sifs\/rubans-adhesifs-simple-face\/film-pvc\/tesa-4104-pvc-klebeband\/#primaryimage","url":"https:\/\/cardinal-tapes.com\/wp-content\/uploads\/tesa-04104.jpg","contentUrl":"https:\/\/cardinal-tapes.com\/wp-content\/uploads\/tesa-04104.jpg","width":600,"height":600,"caption":"tesa 4104"},{"@type":"BreadcrumbList","@id":"https:\/\/cardinal-tapes.com\/fr\/rubans-adh\u00e9sifs\/rubans-adhesifs-simple-face\/film-pvc\/tesa-4104-pvc-klebeband\/#breadcrumb","itemListElement":[{"@type":"ListItem","position":1,"name":"Startseite","item":"https:\/\/cardinal-tapes.com\/fr\/accueil\/"},{"@type":"ListItem","position":2,"name":"Rubans adh\u00e9sifs","item":"https:\/\/cardinal-tapes.com\/fr\/rubans-adhesifs-fr\/"},{"@type":"ListItem","position":3,"name":"Einseitige Klebeb\u00e4nder","item":"https:\/\/cardinal-tapes.com\/kategorie\/einseitige-klebebaender\/"},{"@type":"ListItem","position":4,"name":"tesafilm\u00ae 4104 Ruban adh\u00e9sif en PVC"}]},{"@type":"WebSite","@id":"https:\/\/cardinal-tapes.com\/#website","url":"https:\/\/cardinal-tapes.com\/","name":"cardinal TAPES","description":"Klebetechnik aus Wuppertal","potentialAction":[{"@type":"SearchAction","target":{"@type":"EntryPoint","urlTemplate":"https:\/\/cardinal-tapes.com\/?s={search_term_string}"},"query-input":{"@type":"PropertyValueSpecification","valueRequired":true,"valueName":"search_term_string"}}],"inLanguage":"fr-FR"}]}},"brands":[{"id":2165,"name":"tesa","slug":"tesa-fr"}],"_links":{"self":[{"href":"https:\/\/cardinal-tapes.com\/fr\/wp-json\/wp\/v2\/product\/52868","targetHints":{"allow":["GET"]}}],"collection":[{"href":"https:\/\/cardinal-tapes.com\/fr\/wp-json\/wp\/v2\/product"}],"about":[{"href":"https:\/\/cardinal-tapes.com\/fr\/wp-json\/wp\/v2\/types\/product"}],"wp:featuredmedia":[{"embeddable":true,"href":"https:\/\/cardinal-tapes.com\/fr\/wp-json\/wp\/v2\/media\/26184"}],"wp:attachment":[{"href":"https:\/\/cardinal-tapes.com\/fr\/wp-json\/wp\/v2\/media?parent=52868"}],"wp:term":[{"taxonomy":"pwb-brand","embeddable":true,"href":"https:\/\/cardinal-tapes.com\/fr\/wp-json\/wp\/v2\/pwb-brand?post=52868"},{"taxonomy":"product_brand","embeddable":true,"href":"https:\/\/cardinal-tapes.com\/fr\/wp-json\/wp\/v2\/product_brand?post=52868"},{"taxonomy":"product_cat","embeddable":true,"href":"https:\/\/cardinal-tapes.com\/fr\/wp-json\/wp\/v2\/product_cat?post=52868"},{"taxonomy":"product_tag","embeddable":true,"href":"https:\/\/cardinal-tapes.com\/fr\/wp-json\/wp\/v2\/product_tag?post=52868"}],"curies":[{"name":"wp","href":"https:\/\/api.w.org\/{rel}","templated":true}]}}