{"id":52730,"date":"2018-01-26T12:29:50","date_gmt":"2023-06-05T15:20:30","guid":{"rendered":"https:\/\/cardinal.pixel-tal.de\/klebebaender\/non%20class\u00e9\/3m-adhesif-de-masquage-en-polyester-8905\/"},"modified":"2025-07-03T14:31:07","modified_gmt":"2025-07-03T12:31:07","slug":"3m-8905-polyester-adhesif-de-masquage","status":"publish","type":"product","link":"https:\/\/cardinal-tapes.com\/fr\/rubans-adh\u00e9sifs\/rubans-adhesifs-simple-face\/3m-8905-polyester-adhesif-de-masquage\/","title":{"rendered":"3M\u2122 Adh\u00e9sif de masquage en polyester 8905"},"content":{"rendered":"<p>Le ruban adh\u00e9sif en polyester 3M\u2122 8905 est le plus \u00e9pais de la s\u00e9rie 8900. Il s&#8217;agit d&#8217;un ruban adh\u00e9sif en polyester tr\u00e8s r\u00e9sistant, id\u00e9al pour le masquage \u00e0 haute temp\u00e9rature. Le support est ind\u00e9chirable et bleu translucide pour un positionnement facile. Ce ruban adh\u00e9sif rev\u00eatu d&#8217;un adh\u00e9sif \u00e0 base de silicone est id\u00e9al pour le masquage en vue d&#8217;un rev\u00eatement par poudre afin de cr\u00e9er des lignes de couleur nettes.<\/p>\n<p><strong>Propri\u00e9t\u00e9s<\/strong><br \/>\nLe ruban adh\u00e9sif 8905 se caract\u00e9rise par une bonne r\u00e9sistance chimique et fonctionne efficacement dans les processus chimiques et dans des conditions d&#8217;utilisation exigeantes, comme l&#8217;anodisation. L&#8217;adh\u00e9sif silicone sensible \u00e0 la pression fait ses preuves dans une large plage de temp\u00e9ratures allant de 50\u00b0C \u00e0 204\u00b0C et le support bleu translucide est en outre r\u00e9sistant \u00e0 la d\u00e9chirure. De plus, il peut \u00eatre retir\u00e9 proprement et d&#8217;un seul tenant de la plupart des surfaces, ce qui l&#8217;emp\u00eache de glisser et de se d\u00e9chirer.<\/p>\n<p><strong>Applications<\/strong><br \/>\n&#8211; Pour le masquage de pi\u00e8ces lors du rev\u00eatement par poudre<br \/>\n&#8211; Pour l&#8217;\u00e9pissure de lignes, de films et de papiers en silicone<br \/>\n&#8211; Convient bien comme barri\u00e8re pour la s\u00e9paration de m\u00e9taux dissemblables<\/p>\n","protected":false},"excerpt":{"rendered":"<p>Le ruban adh\u00e9sif en polyester 3M\u2122 8905 est le plus \u00e9pais de la s\u00e9rie 8900. Il s&#8217;agit d&#8217;un ruban adh\u00e9sif en polyester tr\u00e8s r\u00e9sistant, id\u00e9al pour le masquage \u00e0 haute temp\u00e9rature. Le support est ind\u00e9chirable et bleu translucide pour un positionnement facile. Ce ruban adh\u00e9sif rev\u00eatu d&#8217;un adh\u00e9sif \u00e0 base de silicone est id\u00e9al pour [&hellip;]<\/p>\n","protected":false},"featured_media":24432,"template":"","meta":{"_acf_changed":false},"pwb-brand":[2167],"product_brand":[],"product_cat":[1836],"product_tag":[],"class_list":{"0":"post-52730","1":"product","2":"type-product","3":"status-publish","4":"has-post-thumbnail","6":"pwb-brand-3m-fr","7":"product_cat-rubans-adhesifs-simple-face","9":"first","10":"instock","11":"taxable","12":"shipping-taxable","13":"purchasable","14":"product-type-variable"},"acf":[],"yoast_head":"<!-- This site is optimized with the Yoast SEO plugin v27.3 - https:\/\/yoast.com\/product\/yoast-seo-wordpress\/ -->\n<title>3M\u2122 8905 Adh\u00e9sif de masquage en polyester | Cardinal TAPES<\/title>\n<meta name=\"description\" content=\"Notre ruban le plus \u00e9pais de la s\u00e9rie 8900, le ruban adh\u00e9sif polyester 3M\u2122 8905, est un ruban adh\u00e9sif polyester tr\u00e8s r\u00e9sistant, id\u00e9al pour le masquage \u00e0 haute temp\u00e9rature.\" \/>\n<meta name=\"robots\" content=\"index, follow, max-snippet:-1, max-image-preview:large, max-video-preview:-1\" \/>\n<link rel=\"canonical\" href=\"https:\/\/cardinal-tapes.com\/fr\/rubans-adh\u00e9sifs\/rubans-adhesifs-simple-face\/3m-8905-polyester-adhesif-de-masquage\/\" \/>\n<meta property=\"og:locale\" content=\"fr_FR\" \/>\n<meta property=\"og:type\" content=\"article\" \/>\n<meta property=\"og:title\" content=\"3M\u2122 8905 Adh\u00e9sif de masquage en polyester | Cardinal TAPES\" \/>\n<meta property=\"og:description\" content=\"Notre ruban le plus \u00e9pais de la s\u00e9rie 8900, le ruban adh\u00e9sif polyester 3M\u2122 8905, est un ruban adh\u00e9sif polyester tr\u00e8s r\u00e9sistant, id\u00e9al pour le masquage \u00e0 haute temp\u00e9rature.\" \/>\n<meta property=\"og:url\" content=\"https:\/\/cardinal-tapes.com\/fr\/rubans-adh\u00e9sifs\/rubans-adhesifs-simple-face\/3m-8905-polyester-adhesif-de-masquage\/\" \/>\n<meta property=\"og:site_name\" content=\"cardinal TAPES\" \/>\n<meta property=\"article:modified_time\" content=\"2025-07-03T12:31:07+00:00\" \/>\n<meta property=\"og:image\" content=\"https:\/\/cardinal-tapes.com\/wp-content\/uploads\/3m_polyester_abdeck_pulverlackierung_8901.jpg\" \/>\n\t<meta property=\"og:image:width\" content=\"600\" \/>\n\t<meta property=\"og:image:height\" content=\"600\" \/>\n\t<meta property=\"og:image:type\" content=\"image\/jpeg\" \/>\n<meta name=\"twitter:card\" content=\"summary_large_image\" \/>\n<meta name=\"twitter:label1\" content=\"Dur\u00e9e de lecture estim\u00e9e\" \/>\n\t<meta name=\"twitter:data1\" content=\"1 minute\" \/>\n<script type=\"application\/ld+json\" class=\"yoast-schema-graph\">{\"@context\":\"https:\\\/\\\/schema.org\",\"@graph\":[{\"@type\":\"WebPage\",\"@id\":\"https:\\\/\\\/cardinal-tapes.com\\\/fr\\\/rubans-adh\u00e9sifs\\\/rubans-adhesifs-simple-face\\\/3m-8905-polyester-adhesif-de-masquage\\\/\",\"url\":\"https:\\\/\\\/cardinal-tapes.com\\\/fr\\\/rubans-adh\u00e9sifs\\\/rubans-adhesifs-simple-face\\\/3m-8905-polyester-adhesif-de-masquage\\\/\",\"name\":\"3M\u2122 8905 Adh\u00e9sif de masquage en polyester | Cardinal TAPES\",\"isPartOf\":{\"@id\":\"https:\\\/\\\/cardinal-tapes.com\\\/#website\"},\"primaryImageOfPage\":{\"@id\":\"https:\\\/\\\/cardinal-tapes.com\\\/fr\\\/rubans-adh\u00e9sifs\\\/rubans-adhesifs-simple-face\\\/3m-8905-polyester-adhesif-de-masquage\\\/#primaryimage\"},\"image\":{\"@id\":\"https:\\\/\\\/cardinal-tapes.com\\\/fr\\\/rubans-adh\u00e9sifs\\\/rubans-adhesifs-simple-face\\\/3m-8905-polyester-adhesif-de-masquage\\\/#primaryimage\"},\"thumbnailUrl\":\"https:\\\/\\\/cardinal-tapes.com\\\/wp-content\\\/uploads\\\/3m_polyester_abdeck_pulverlackierung_8901.jpg\",\"datePublished\":\"2023-06-05T15:20:30+00:00\",\"dateModified\":\"2025-07-03T12:31:07+00:00\",\"description\":\"Notre ruban le plus \u00e9pais de la s\u00e9rie 8900, le ruban adh\u00e9sif polyester 3M\u2122 8905, est un ruban adh\u00e9sif polyester tr\u00e8s r\u00e9sistant, id\u00e9al pour le masquage \u00e0 haute temp\u00e9rature.\",\"breadcrumb\":{\"@id\":\"https:\\\/\\\/cardinal-tapes.com\\\/fr\\\/rubans-adh\u00e9sifs\\\/rubans-adhesifs-simple-face\\\/3m-8905-polyester-adhesif-de-masquage\\\/#breadcrumb\"},\"inLanguage\":\"fr-FR\",\"potentialAction\":[{\"@type\":\"ReadAction\",\"target\":[\"https:\\\/\\\/cardinal-tapes.com\\\/fr\\\/rubans-adh\u00e9sifs\\\/rubans-adhesifs-simple-face\\\/3m-8905-polyester-adhesif-de-masquage\\\/\"]}]},{\"@type\":\"ImageObject\",\"inLanguage\":\"fr-FR\",\"@id\":\"https:\\\/\\\/cardinal-tapes.com\\\/fr\\\/rubans-adh\u00e9sifs\\\/rubans-adhesifs-simple-face\\\/3m-8905-polyester-adhesif-de-masquage\\\/#primaryimage\",\"url\":\"https:\\\/\\\/cardinal-tapes.com\\\/wp-content\\\/uploads\\\/3m_polyester_abdeck_pulverlackierung_8901.jpg\",\"contentUrl\":\"https:\\\/\\\/cardinal-tapes.com\\\/wp-content\\\/uploads\\\/3m_polyester_abdeck_pulverlackierung_8901.jpg\",\"width\":600,\"height\":600,\"caption\":\"Ruban adh\u00e9sif de masquage en polyester 3M 8901\"},{\"@type\":\"BreadcrumbList\",\"@id\":\"https:\\\/\\\/cardinal-tapes.com\\\/fr\\\/rubans-adh\u00e9sifs\\\/rubans-adhesifs-simple-face\\\/3m-8905-polyester-adhesif-de-masquage\\\/#breadcrumb\",\"itemListElement\":[{\"@type\":\"ListItem\",\"position\":1,\"name\":\"Startseite\",\"item\":\"https:\\\/\\\/cardinal-tapes.com\\\/fr\\\/accueil\\\/\"},{\"@type\":\"ListItem\",\"position\":2,\"name\":\"Rubans adh\u00e9sifs\",\"item\":\"https:\\\/\\\/cardinal-tapes.com\\\/fr\\\/rubans-adhesifs-fr\\\/\"},{\"@type\":\"ListItem\",\"position\":3,\"name\":\"Rubans adh\u00e9sifs simple face\",\"item\":\"https:\\\/\\\/cardinal-tapes.com\\\/fr\\\/catgorie\\\/rubans-adhesifs-simple-face\\\/\"},{\"@type\":\"ListItem\",\"position\":4,\"name\":\"3M\u2122 Adh\u00e9sif de masquage en polyester 8905\"}]},{\"@type\":\"WebSite\",\"@id\":\"https:\\\/\\\/cardinal-tapes.com\\\/#website\",\"url\":\"https:\\\/\\\/cardinal-tapes.com\\\/\",\"name\":\"cardinal TAPES\",\"description\":\"Klebetechnik aus Wuppertal\",\"potentialAction\":[{\"@type\":\"SearchAction\",\"target\":{\"@type\":\"EntryPoint\",\"urlTemplate\":\"https:\\\/\\\/cardinal-tapes.com\\\/?s={search_term_string}\"},\"query-input\":{\"@type\":\"PropertyValueSpecification\",\"valueRequired\":true,\"valueName\":\"search_term_string\"}}],\"inLanguage\":\"fr-FR\"}]}<\/script>\n<!-- \/ Yoast SEO plugin. -->","yoast_head_json":{"title":"3M\u2122 8905 Adh\u00e9sif de masquage en polyester | Cardinal TAPES","description":"Notre ruban le plus \u00e9pais de la s\u00e9rie 8900, le ruban adh\u00e9sif polyester 3M\u2122 8905, est un ruban adh\u00e9sif polyester tr\u00e8s r\u00e9sistant, id\u00e9al pour le masquage \u00e0 haute temp\u00e9rature.","robots":{"index":"index","follow":"follow","max-snippet":"max-snippet:-1","max-image-preview":"max-image-preview:large","max-video-preview":"max-video-preview:-1"},"canonical":"https:\/\/cardinal-tapes.com\/fr\/rubans-adh\u00e9sifs\/rubans-adhesifs-simple-face\/3m-8905-polyester-adhesif-de-masquage\/","og_locale":"fr_FR","og_type":"article","og_title":"3M\u2122 8905 Adh\u00e9sif de masquage en polyester | Cardinal TAPES","og_description":"Notre ruban le plus \u00e9pais de la s\u00e9rie 8900, le ruban adh\u00e9sif polyester 3M\u2122 8905, est un ruban adh\u00e9sif polyester tr\u00e8s r\u00e9sistant, id\u00e9al pour le masquage \u00e0 haute temp\u00e9rature.","og_url":"https:\/\/cardinal-tapes.com\/fr\/rubans-adh\u00e9sifs\/rubans-adhesifs-simple-face\/3m-8905-polyester-adhesif-de-masquage\/","og_site_name":"cardinal TAPES","article_modified_time":"2025-07-03T12:31:07+00:00","og_image":[{"width":600,"height":600,"url":"https:\/\/cardinal-tapes.com\/wp-content\/uploads\/3m_polyester_abdeck_pulverlackierung_8901.jpg","type":"image\/jpeg"}],"twitter_card":"summary_large_image","twitter_misc":{"Dur\u00e9e de lecture estim\u00e9e":"1 minute"},"schema":{"@context":"https:\/\/schema.org","@graph":[{"@type":"WebPage","@id":"https:\/\/cardinal-tapes.com\/fr\/rubans-adh\u00e9sifs\/rubans-adhesifs-simple-face\/3m-8905-polyester-adhesif-de-masquage\/","url":"https:\/\/cardinal-tapes.com\/fr\/rubans-adh\u00e9sifs\/rubans-adhesifs-simple-face\/3m-8905-polyester-adhesif-de-masquage\/","name":"3M\u2122 8905 Adh\u00e9sif de masquage en polyester | Cardinal TAPES","isPartOf":{"@id":"https:\/\/cardinal-tapes.com\/#website"},"primaryImageOfPage":{"@id":"https:\/\/cardinal-tapes.com\/fr\/rubans-adh\u00e9sifs\/rubans-adhesifs-simple-face\/3m-8905-polyester-adhesif-de-masquage\/#primaryimage"},"image":{"@id":"https:\/\/cardinal-tapes.com\/fr\/rubans-adh\u00e9sifs\/rubans-adhesifs-simple-face\/3m-8905-polyester-adhesif-de-masquage\/#primaryimage"},"thumbnailUrl":"https:\/\/cardinal-tapes.com\/wp-content\/uploads\/3m_polyester_abdeck_pulverlackierung_8901.jpg","datePublished":"2023-06-05T15:20:30+00:00","dateModified":"2025-07-03T12:31:07+00:00","description":"Notre ruban le plus \u00e9pais de la s\u00e9rie 8900, le ruban adh\u00e9sif polyester 3M\u2122 8905, est un ruban adh\u00e9sif polyester tr\u00e8s r\u00e9sistant, id\u00e9al pour le masquage \u00e0 haute temp\u00e9rature.","breadcrumb":{"@id":"https:\/\/cardinal-tapes.com\/fr\/rubans-adh\u00e9sifs\/rubans-adhesifs-simple-face\/3m-8905-polyester-adhesif-de-masquage\/#breadcrumb"},"inLanguage":"fr-FR","potentialAction":[{"@type":"ReadAction","target":["https:\/\/cardinal-tapes.com\/fr\/rubans-adh\u00e9sifs\/rubans-adhesifs-simple-face\/3m-8905-polyester-adhesif-de-masquage\/"]}]},{"@type":"ImageObject","inLanguage":"fr-FR","@id":"https:\/\/cardinal-tapes.com\/fr\/rubans-adh\u00e9sifs\/rubans-adhesifs-simple-face\/3m-8905-polyester-adhesif-de-masquage\/#primaryimage","url":"https:\/\/cardinal-tapes.com\/wp-content\/uploads\/3m_polyester_abdeck_pulverlackierung_8901.jpg","contentUrl":"https:\/\/cardinal-tapes.com\/wp-content\/uploads\/3m_polyester_abdeck_pulverlackierung_8901.jpg","width":600,"height":600,"caption":"Ruban adh\u00e9sif de masquage en polyester 3M 8901"},{"@type":"BreadcrumbList","@id":"https:\/\/cardinal-tapes.com\/fr\/rubans-adh\u00e9sifs\/rubans-adhesifs-simple-face\/3m-8905-polyester-adhesif-de-masquage\/#breadcrumb","itemListElement":[{"@type":"ListItem","position":1,"name":"Startseite","item":"https:\/\/cardinal-tapes.com\/fr\/accueil\/"},{"@type":"ListItem","position":2,"name":"Rubans adh\u00e9sifs","item":"https:\/\/cardinal-tapes.com\/fr\/rubans-adhesifs-fr\/"},{"@type":"ListItem","position":3,"name":"Rubans adh\u00e9sifs simple face","item":"https:\/\/cardinal-tapes.com\/fr\/catgorie\/rubans-adhesifs-simple-face\/"},{"@type":"ListItem","position":4,"name":"3M\u2122 Adh\u00e9sif de masquage en polyester 8905"}]},{"@type":"WebSite","@id":"https:\/\/cardinal-tapes.com\/#website","url":"https:\/\/cardinal-tapes.com\/","name":"cardinal TAPES","description":"Klebetechnik aus Wuppertal","potentialAction":[{"@type":"SearchAction","target":{"@type":"EntryPoint","urlTemplate":"https:\/\/cardinal-tapes.com\/?s={search_term_string}"},"query-input":{"@type":"PropertyValueSpecification","valueRequired":true,"valueName":"search_term_string"}}],"inLanguage":"fr-FR"}]}},"brands":[{"id":2167,"name":"3M","slug":"3m-fr"}],"_links":{"self":[{"href":"https:\/\/cardinal-tapes.com\/fr\/wp-json\/wp\/v2\/product\/52730","targetHints":{"allow":["GET"]}}],"collection":[{"href":"https:\/\/cardinal-tapes.com\/fr\/wp-json\/wp\/v2\/product"}],"about":[{"href":"https:\/\/cardinal-tapes.com\/fr\/wp-json\/wp\/v2\/types\/product"}],"wp:featuredmedia":[{"embeddable":true,"href":"https:\/\/cardinal-tapes.com\/fr\/wp-json\/wp\/v2\/media\/24432"}],"wp:attachment":[{"href":"https:\/\/cardinal-tapes.com\/fr\/wp-json\/wp\/v2\/media?parent=52730"}],"wp:term":[{"taxonomy":"pwb-brand","embeddable":true,"href":"https:\/\/cardinal-tapes.com\/fr\/wp-json\/wp\/v2\/pwb-brand?post=52730"},{"taxonomy":"product_brand","embeddable":true,"href":"https:\/\/cardinal-tapes.com\/fr\/wp-json\/wp\/v2\/product_brand?post=52730"},{"taxonomy":"product_cat","embeddable":true,"href":"https:\/\/cardinal-tapes.com\/fr\/wp-json\/wp\/v2\/product_cat?post=52730"},{"taxonomy":"product_tag","embeddable":true,"href":"https:\/\/cardinal-tapes.com\/fr\/wp-json\/wp\/v2\/product_tag?post=52730"}],"curies":[{"name":"wp","href":"https:\/\/api.w.org\/{rel}","templated":true}]}}