{"id":52729,"date":"2018-01-26T15:05:10","date_gmt":"2023-06-05T15:20:30","guid":{"rendered":"https:\/\/cardinal.pixel-tal.de\/klebebaender\/non%20class\u00e9\/ruban-adhesif-en-polyester-3m-8422\/"},"modified":"2025-07-03T14:31:43","modified_gmt":"2025-07-03T12:31:43","slug":"3m-8422-polyester-klebeband","status":"publish","type":"product","link":"https:\/\/cardinal-tapes.com\/fr\/rubans-adh\u00e9sifs\/rubans-adhesifs-simple-face\/3m-8422-polyester-klebeband\/","title":{"rendered":"Ruban adh\u00e9sif en polyester 3M\u2122 8422"},"content":{"rendered":"<p>Le 3M\u2122 8422 est id\u00e9al pour \u00e9pisser la plupart des films photographiques en vue de leur traitement par les produits chimiques de d\u00e9veloppement. Le support durable de l&#8217;adh\u00e9sif polyester 3M\u2122 8422 a un support noir opaque et permet de d\u00e9tecter les \u00e9pissures \u00e0 l&#8217;aide de capteurs et d&#8217;appareils automatiques. En outre, il offre une protection suppl\u00e9mentaire contre l&#8217;abrasion pour le scellement, le bord et le code couleur.<\/p>\n<p><strong>Propri\u00e9t\u00e9s<br \/>\n<\/strong>L&#8217;adh\u00e9sif caoutchouc-r\u00e9sine adh\u00e8re bien \u00e0 une grande vari\u00e9t\u00e9 de films photographiques, offre une excellente r\u00e9sistance aux produits chimiques et aux solvants et se caract\u00e9rise par une grande r\u00e9sistance au cisaillement. De plus, le ruban adh\u00e9sif reste flexible \u00e0 50\u00b0C et conserve sa forme jusqu&#8217;\u00e0 une temp\u00e9rature de 150\u00b0C.<\/p>\n<p><b>Applications<br \/>\n<\/b>&#8211; Couverture lors du rev\u00eatement \u00e9lectrostatique par poudre<br \/>\n&#8211; Couverture lors des processus de gravure et d&#8217;anodisation<br \/>\n&#8211; Fixation de pi\u00e8ces lors des processus en autoclave<br \/>\n&#8211; Epissure de papiers de protection silicon\u00e9s<\/p>\n","protected":false},"excerpt":{"rendered":"<p>Le 3M\u2122 8422 est id\u00e9al pour \u00e9pisser la plupart des films photographiques en vue de leur traitement par les produits chimiques de d\u00e9veloppement. Le support durable de l&#8217;adh\u00e9sif polyester 3M\u2122 8422 a un support noir opaque et permet de d\u00e9tecter les \u00e9pissures \u00e0 l&#8217;aide de capteurs et d&#8217;appareils automatiques. En outre, il offre une protection [&hellip;]<\/p>\n","protected":false},"featured_media":27228,"template":"","meta":{"_acf_changed":false},"pwb-brand":[2167],"product_brand":[],"product_cat":[1836],"product_tag":[],"class_list":{"0":"post-52729","1":"product","2":"type-product","3":"status-publish","4":"has-post-thumbnail","6":"pwb-brand-3m-fr","7":"product_cat-rubans-adhesifs-simple-face","9":"first","10":"outofstock","11":"taxable","12":"shipping-taxable","13":"product-type-variable"},"acf":[],"yoast_head":"<!-- This site is optimized with the Yoast SEO plugin v27.3 - https:\/\/yoast.com\/product\/yoast-seo-wordpress\/ -->\n<title>3M\u2122 8422 Bande adh\u00e9sive en polyester | Cardinal TAPES<\/title>\n<meta name=\"description\" content=\"3M\u2122 8422 est id\u00e9al pour \u00e9pisser la plupart des films photographiques destin\u00e9s \u00e0 \u00eatre trait\u00e9s par les produits chimiques de d\u00e9veloppement.\" \/>\n<meta name=\"robots\" content=\"index, follow, max-snippet:-1, max-image-preview:large, max-video-preview:-1\" \/>\n<link rel=\"canonical\" href=\"https:\/\/cardinal-tapes.com\/fr\/rubans-adh\u00e9sifs\/rubans-adhesifs-simple-face\/3m-8422-polyester-klebeband\/\" \/>\n<meta property=\"og:locale\" content=\"fr_FR\" \/>\n<meta property=\"og:type\" content=\"article\" \/>\n<meta property=\"og:title\" content=\"3M\u2122 8422 Bande adh\u00e9sive en polyester | Cardinal TAPES\" \/>\n<meta property=\"og:description\" content=\"3M\u2122 8422 est id\u00e9al pour \u00e9pisser la plupart des films photographiques destin\u00e9s \u00e0 \u00eatre trait\u00e9s par les produits chimiques de d\u00e9veloppement.\" \/>\n<meta property=\"og:url\" content=\"https:\/\/cardinal-tapes.com\/fr\/rubans-adh\u00e9sifs\/rubans-adhesifs-simple-face\/3m-8422-polyester-klebeband\/\" \/>\n<meta property=\"og:site_name\" content=\"cardinal TAPES\" \/>\n<meta property=\"article:modified_time\" content=\"2025-07-03T12:31:43+00:00\" \/>\n<meta property=\"og:image\" content=\"https:\/\/cardinal-tapes.com\/wp-content\/uploads\/3m_8422_Z-scaled.jpg\" \/>\n\t<meta property=\"og:image:width\" content=\"2535\" \/>\n\t<meta property=\"og:image:height\" content=\"2560\" \/>\n\t<meta property=\"og:image:type\" content=\"image\/jpeg\" \/>\n<meta name=\"twitter:card\" content=\"summary_large_image\" \/>\n<meta name=\"twitter:label1\" content=\"Dur\u00e9e de lecture estim\u00e9e\" \/>\n\t<meta name=\"twitter:data1\" content=\"1 minute\" \/>\n<script type=\"application\/ld+json\" class=\"yoast-schema-graph\">{\"@context\":\"https:\\\/\\\/schema.org\",\"@graph\":[{\"@type\":\"WebPage\",\"@id\":\"https:\\\/\\\/cardinal-tapes.com\\\/fr\\\/rubans-adh\u00e9sifs\\\/rubans-adhesifs-simple-face\\\/3m-8422-polyester-klebeband\\\/\",\"url\":\"https:\\\/\\\/cardinal-tapes.com\\\/fr\\\/rubans-adh\u00e9sifs\\\/rubans-adhesifs-simple-face\\\/3m-8422-polyester-klebeband\\\/\",\"name\":\"3M\u2122 8422 Bande adh\u00e9sive en polyester | Cardinal TAPES\",\"isPartOf\":{\"@id\":\"https:\\\/\\\/cardinal-tapes.com\\\/#website\"},\"primaryImageOfPage\":{\"@id\":\"https:\\\/\\\/cardinal-tapes.com\\\/fr\\\/rubans-adh\u00e9sifs\\\/rubans-adhesifs-simple-face\\\/3m-8422-polyester-klebeband\\\/#primaryimage\"},\"image\":{\"@id\":\"https:\\\/\\\/cardinal-tapes.com\\\/fr\\\/rubans-adh\u00e9sifs\\\/rubans-adhesifs-simple-face\\\/3m-8422-polyester-klebeband\\\/#primaryimage\"},\"thumbnailUrl\":\"https:\\\/\\\/cardinal-tapes.com\\\/wp-content\\\/uploads\\\/3m_8422_Z-scaled.jpg\",\"datePublished\":\"2023-06-05T15:20:30+00:00\",\"dateModified\":\"2025-07-03T12:31:43+00:00\",\"description\":\"3M\u2122 8422 est id\u00e9al pour \u00e9pisser la plupart des films photographiques destin\u00e9s \u00e0 \u00eatre trait\u00e9s par les produits chimiques de d\u00e9veloppement.\",\"breadcrumb\":{\"@id\":\"https:\\\/\\\/cardinal-tapes.com\\\/fr\\\/rubans-adh\u00e9sifs\\\/rubans-adhesifs-simple-face\\\/3m-8422-polyester-klebeband\\\/#breadcrumb\"},\"inLanguage\":\"fr-FR\",\"potentialAction\":[{\"@type\":\"ReadAction\",\"target\":[\"https:\\\/\\\/cardinal-tapes.com\\\/fr\\\/rubans-adh\u00e9sifs\\\/rubans-adhesifs-simple-face\\\/3m-8422-polyester-klebeband\\\/\"]}]},{\"@type\":\"ImageObject\",\"inLanguage\":\"fr-FR\",\"@id\":\"https:\\\/\\\/cardinal-tapes.com\\\/fr\\\/rubans-adh\u00e9sifs\\\/rubans-adhesifs-simple-face\\\/3m-8422-polyester-klebeband\\\/#primaryimage\",\"url\":\"https:\\\/\\\/cardinal-tapes.com\\\/wp-content\\\/uploads\\\/3m_8422_Z-scaled.jpg\",\"contentUrl\":\"https:\\\/\\\/cardinal-tapes.com\\\/wp-content\\\/uploads\\\/3m_8422_Z-scaled.jpg\",\"width\":2535,\"height\":2560,\"caption\":\"3M 8422 Z Cardinal Tapes\"},{\"@type\":\"BreadcrumbList\",\"@id\":\"https:\\\/\\\/cardinal-tapes.com\\\/fr\\\/rubans-adh\u00e9sifs\\\/rubans-adhesifs-simple-face\\\/3m-8422-polyester-klebeband\\\/#breadcrumb\",\"itemListElement\":[{\"@type\":\"ListItem\",\"position\":1,\"name\":\"Startseite\",\"item\":\"https:\\\/\\\/cardinal-tapes.com\\\/fr\\\/accueil\\\/\"},{\"@type\":\"ListItem\",\"position\":2,\"name\":\"Rubans adh\u00e9sifs\",\"item\":\"https:\\\/\\\/cardinal-tapes.com\\\/fr\\\/rubans-adhesifs-fr\\\/\"},{\"@type\":\"ListItem\",\"position\":3,\"name\":\"Rubans adh\u00e9sifs simple face\",\"item\":\"https:\\\/\\\/cardinal-tapes.com\\\/fr\\\/catgorie\\\/rubans-adhesifs-simple-face\\\/\"},{\"@type\":\"ListItem\",\"position\":4,\"name\":\"Ruban adh\u00e9sif en polyester 3M\u2122 8422\"}]},{\"@type\":\"WebSite\",\"@id\":\"https:\\\/\\\/cardinal-tapes.com\\\/#website\",\"url\":\"https:\\\/\\\/cardinal-tapes.com\\\/\",\"name\":\"cardinal TAPES\",\"description\":\"Klebetechnik aus Wuppertal\",\"potentialAction\":[{\"@type\":\"SearchAction\",\"target\":{\"@type\":\"EntryPoint\",\"urlTemplate\":\"https:\\\/\\\/cardinal-tapes.com\\\/?s={search_term_string}\"},\"query-input\":{\"@type\":\"PropertyValueSpecification\",\"valueRequired\":true,\"valueName\":\"search_term_string\"}}],\"inLanguage\":\"fr-FR\"}]}<\/script>\n<!-- \/ Yoast SEO plugin. -->","yoast_head_json":{"title":"3M\u2122 8422 Bande adh\u00e9sive en polyester | Cardinal TAPES","description":"3M\u2122 8422 est id\u00e9al pour \u00e9pisser la plupart des films photographiques destin\u00e9s \u00e0 \u00eatre trait\u00e9s par les produits chimiques de d\u00e9veloppement.","robots":{"index":"index","follow":"follow","max-snippet":"max-snippet:-1","max-image-preview":"max-image-preview:large","max-video-preview":"max-video-preview:-1"},"canonical":"https:\/\/cardinal-tapes.com\/fr\/rubans-adh\u00e9sifs\/rubans-adhesifs-simple-face\/3m-8422-polyester-klebeband\/","og_locale":"fr_FR","og_type":"article","og_title":"3M\u2122 8422 Bande adh\u00e9sive en polyester | Cardinal TAPES","og_description":"3M\u2122 8422 est id\u00e9al pour \u00e9pisser la plupart des films photographiques destin\u00e9s \u00e0 \u00eatre trait\u00e9s par les produits chimiques de d\u00e9veloppement.","og_url":"https:\/\/cardinal-tapes.com\/fr\/rubans-adh\u00e9sifs\/rubans-adhesifs-simple-face\/3m-8422-polyester-klebeband\/","og_site_name":"cardinal TAPES","article_modified_time":"2025-07-03T12:31:43+00:00","og_image":[{"width":2535,"height":2560,"url":"https:\/\/cardinal-tapes.com\/wp-content\/uploads\/3m_8422_Z-scaled.jpg","type":"image\/jpeg"}],"twitter_card":"summary_large_image","twitter_misc":{"Dur\u00e9e de lecture estim\u00e9e":"1 minute"},"schema":{"@context":"https:\/\/schema.org","@graph":[{"@type":"WebPage","@id":"https:\/\/cardinal-tapes.com\/fr\/rubans-adh\u00e9sifs\/rubans-adhesifs-simple-face\/3m-8422-polyester-klebeband\/","url":"https:\/\/cardinal-tapes.com\/fr\/rubans-adh\u00e9sifs\/rubans-adhesifs-simple-face\/3m-8422-polyester-klebeband\/","name":"3M\u2122 8422 Bande adh\u00e9sive en polyester | Cardinal TAPES","isPartOf":{"@id":"https:\/\/cardinal-tapes.com\/#website"},"primaryImageOfPage":{"@id":"https:\/\/cardinal-tapes.com\/fr\/rubans-adh\u00e9sifs\/rubans-adhesifs-simple-face\/3m-8422-polyester-klebeband\/#primaryimage"},"image":{"@id":"https:\/\/cardinal-tapes.com\/fr\/rubans-adh\u00e9sifs\/rubans-adhesifs-simple-face\/3m-8422-polyester-klebeband\/#primaryimage"},"thumbnailUrl":"https:\/\/cardinal-tapes.com\/wp-content\/uploads\/3m_8422_Z-scaled.jpg","datePublished":"2023-06-05T15:20:30+00:00","dateModified":"2025-07-03T12:31:43+00:00","description":"3M\u2122 8422 est id\u00e9al pour \u00e9pisser la plupart des films photographiques destin\u00e9s \u00e0 \u00eatre trait\u00e9s par les produits chimiques de d\u00e9veloppement.","breadcrumb":{"@id":"https:\/\/cardinal-tapes.com\/fr\/rubans-adh\u00e9sifs\/rubans-adhesifs-simple-face\/3m-8422-polyester-klebeband\/#breadcrumb"},"inLanguage":"fr-FR","potentialAction":[{"@type":"ReadAction","target":["https:\/\/cardinal-tapes.com\/fr\/rubans-adh\u00e9sifs\/rubans-adhesifs-simple-face\/3m-8422-polyester-klebeband\/"]}]},{"@type":"ImageObject","inLanguage":"fr-FR","@id":"https:\/\/cardinal-tapes.com\/fr\/rubans-adh\u00e9sifs\/rubans-adhesifs-simple-face\/3m-8422-polyester-klebeband\/#primaryimage","url":"https:\/\/cardinal-tapes.com\/wp-content\/uploads\/3m_8422_Z-scaled.jpg","contentUrl":"https:\/\/cardinal-tapes.com\/wp-content\/uploads\/3m_8422_Z-scaled.jpg","width":2535,"height":2560,"caption":"3M 8422 Z Cardinal Tapes"},{"@type":"BreadcrumbList","@id":"https:\/\/cardinal-tapes.com\/fr\/rubans-adh\u00e9sifs\/rubans-adhesifs-simple-face\/3m-8422-polyester-klebeband\/#breadcrumb","itemListElement":[{"@type":"ListItem","position":1,"name":"Startseite","item":"https:\/\/cardinal-tapes.com\/fr\/accueil\/"},{"@type":"ListItem","position":2,"name":"Rubans adh\u00e9sifs","item":"https:\/\/cardinal-tapes.com\/fr\/rubans-adhesifs-fr\/"},{"@type":"ListItem","position":3,"name":"Rubans adh\u00e9sifs simple face","item":"https:\/\/cardinal-tapes.com\/fr\/catgorie\/rubans-adhesifs-simple-face\/"},{"@type":"ListItem","position":4,"name":"Ruban adh\u00e9sif en polyester 3M\u2122 8422"}]},{"@type":"WebSite","@id":"https:\/\/cardinal-tapes.com\/#website","url":"https:\/\/cardinal-tapes.com\/","name":"cardinal TAPES","description":"Klebetechnik aus Wuppertal","potentialAction":[{"@type":"SearchAction","target":{"@type":"EntryPoint","urlTemplate":"https:\/\/cardinal-tapes.com\/?s={search_term_string}"},"query-input":{"@type":"PropertyValueSpecification","valueRequired":true,"valueName":"search_term_string"}}],"inLanguage":"fr-FR"}]}},"brands":[{"id":2167,"name":"3M","slug":"3m-fr"}],"_links":{"self":[{"href":"https:\/\/cardinal-tapes.com\/fr\/wp-json\/wp\/v2\/product\/52729","targetHints":{"allow":["GET"]}}],"collection":[{"href":"https:\/\/cardinal-tapes.com\/fr\/wp-json\/wp\/v2\/product"}],"about":[{"href":"https:\/\/cardinal-tapes.com\/fr\/wp-json\/wp\/v2\/types\/product"}],"wp:featuredmedia":[{"embeddable":true,"href":"https:\/\/cardinal-tapes.com\/fr\/wp-json\/wp\/v2\/media\/27228"}],"wp:attachment":[{"href":"https:\/\/cardinal-tapes.com\/fr\/wp-json\/wp\/v2\/media?parent=52729"}],"wp:term":[{"taxonomy":"pwb-brand","embeddable":true,"href":"https:\/\/cardinal-tapes.com\/fr\/wp-json\/wp\/v2\/pwb-brand?post=52729"},{"taxonomy":"product_brand","embeddable":true,"href":"https:\/\/cardinal-tapes.com\/fr\/wp-json\/wp\/v2\/product_brand?post=52729"},{"taxonomy":"product_cat","embeddable":true,"href":"https:\/\/cardinal-tapes.com\/fr\/wp-json\/wp\/v2\/product_cat?post=52729"},{"taxonomy":"product_tag","embeddable":true,"href":"https:\/\/cardinal-tapes.com\/fr\/wp-json\/wp\/v2\/product_tag?post=52729"}],"curies":[{"name":"wp","href":"https:\/\/api.w.org\/{rel}","templated":true}]}}