{"id":52236,"date":"2018-02-09T10:53:38","date_gmt":"2018-02-09T09:53:38","guid":{"rendered":"https:\/\/cardinal.pixel-tal.de\/klebebaender\/non%20class\u00e9\/tesa-4688-adhesif-toile-standard\/"},"modified":"2025-07-03T15:24:53","modified_gmt":"2025-07-03T13:24:53","slug":"tesa-4688-adhesif-standard-tisse","status":"publish","type":"product","link":"https:\/\/cardinal-tapes.com\/fr\/rubans-adh\u00e9sifs\/domaines-dapplication\/industrie-du-batiment\/tesa-4688-adhesif-standard-tisse\/","title":{"rendered":"tesa 4688 Adh\u00e9sif toil\u00e9 standard"},"content":{"rendered":"<p><sup>tesaband\u00ae<\/sup> 4688 est un ruban tiss\u00e9 standard extrud\u00e9 en PE. Il se compose d&#8217;un tissu en PET\/laine cellulaire de 55 mesh et d&#8217;une masse adh\u00e9sive en caoutchouc naturel. Le ruban adh\u00e9sif 4688 est un ruban de r\u00e9paration typique qui peut \u00eatre utilis\u00e9 dans de nombreux domaines et qui poss\u00e8de de tr\u00e8s bonnes propri\u00e9t\u00e9s de traitement.<\/p>\n<p><strong>Propri\u00e9t\u00e9s<\/strong><br \/>\n&#8211; Pouvoir adh\u00e9sif \u00e9lev\u00e9, m\u00eame sur des surfaces rugueuses<br \/>\n&#8211; R\u00e9sistant \u00e0 l&#8217;eau et au vieillissement<br \/>\n&#8211; Ferme mais flexible<br \/>\n&#8211; Se d\u00e9chire facilement \u00e0 la main<br \/>\n&#8211; Se d\u00e9roule facilement<\/p>\n<p><strong>Applications<\/strong><br \/>\n&#8211; Marquer, couvrir, emballer, prot\u00e9ger, fixer.<br \/>\n&#8211; Fermer p. ex. des cartons, des bo\u00eetes.<br \/>\n&#8211; Coller des films de construction.<br \/>\n&#8211; Mettre des c\u00e2bles en faisceaux.<br \/>\n&#8211; \u00c9pisser des films.<\/p>\n","protected":false},"excerpt":{"rendered":"<p>tesaband\u00ae 4688 est un ruban tiss\u00e9 standard extrud\u00e9 en PE. Il se compose d&#8217;un tissu en PET\/laine cellulaire de 55 mesh et d&#8217;une masse adh\u00e9sive en caoutchouc naturel. Le ruban adh\u00e9sif 4688 est un ruban de r\u00e9paration typique qui peut \u00eatre utilis\u00e9 dans de nombreux domaines et qui poss\u00e8de de tr\u00e8s bonnes propri\u00e9t\u00e9s de traitement. [&hellip;]<\/p>\n","protected":false},"featured_media":26096,"template":"","meta":{"_acf_changed":false},"pwb-brand":[2165],"product_brand":[],"product_cat":[1669,1836],"product_tag":[],"class_list":{"0":"post-52236","1":"product","2":"type-product","3":"status-publish","4":"has-post-thumbnail","6":"pwb-brand-tesa-fr","7":"product_cat-industrie-du-batiment","8":"product_cat-rubans-adhesifs-simple-face","10":"first","11":"instock","12":"taxable","13":"shipping-taxable","14":"purchasable","15":"product-type-variable"},"acf":[],"yoast_head":"<!-- This site is optimized with the Yoast SEO plugin v27.3 - https:\/\/yoast.com\/product\/yoast-seo-wordpress\/ -->\n<title>Tesa 4688 Standard ruban adh\u00e9sif tiss\u00e9 | Cardinal TAPES<\/title>\n<meta name=\"description\" content=\"Tesa 4939 est un ruban en tissu PE. Souvent utilis\u00e9 comme ruban de r\u00e9paration typique, qui peut \u00eatre utilis\u00e9 dans une multitude de domaines d&#039;application. En savoir plus.\" \/>\n<meta name=\"robots\" content=\"index, follow, max-snippet:-1, max-image-preview:large, max-video-preview:-1\" \/>\n<link rel=\"canonical\" href=\"https:\/\/cardinal-tapes.com\/fr\/rubans-adh\u00e9sifs\/domaines-dapplication\/industrie-du-batiment\/tesa-4688-adhesif-standard-tisse\/\" \/>\n<meta property=\"og:locale\" content=\"fr_FR\" \/>\n<meta property=\"og:type\" content=\"article\" \/>\n<meta property=\"og:title\" content=\"Tesa 4688 Standard ruban adh\u00e9sif tiss\u00e9 | Cardinal TAPES\" \/>\n<meta property=\"og:description\" content=\"Tesa 4939 est un ruban en tissu PE. Souvent utilis\u00e9 comme ruban de r\u00e9paration typique, qui peut \u00eatre utilis\u00e9 dans une multitude de domaines d&#039;application. En savoir plus.\" \/>\n<meta property=\"og:url\" content=\"https:\/\/cardinal-tapes.com\/fr\/rubans-adh\u00e9sifs\/domaines-dapplication\/industrie-du-batiment\/tesa-4688-adhesif-standard-tisse\/\" \/>\n<meta property=\"og:site_name\" content=\"cardinal TAPES\" \/>\n<meta property=\"article:modified_time\" content=\"2025-07-03T13:24:53+00:00\" \/>\n<meta property=\"og:image\" content=\"https:\/\/cardinal-tapes.com\/wp-content\/uploads\/tesa-04688.jpg\" \/>\n\t<meta property=\"og:image:width\" content=\"600\" \/>\n\t<meta property=\"og:image:height\" content=\"600\" \/>\n\t<meta property=\"og:image:type\" content=\"image\/jpeg\" \/>\n<meta name=\"twitter:card\" content=\"summary_large_image\" \/>\n<meta name=\"twitter:label1\" content=\"Dur\u00e9e de lecture estim\u00e9e\" \/>\n\t<meta name=\"twitter:data1\" content=\"1 minute\" \/>\n<script type=\"application\/ld+json\" class=\"yoast-schema-graph\">{\"@context\":\"https:\\\/\\\/schema.org\",\"@graph\":[{\"@type\":\"WebPage\",\"@id\":\"https:\\\/\\\/cardinal-tapes.com\\\/fr\\\/rubans-adh\u00e9sifs\\\/domaines-dapplication\\\/industrie-du-batiment\\\/tesa-4688-adhesif-standard-tisse\\\/\",\"url\":\"https:\\\/\\\/cardinal-tapes.com\\\/fr\\\/rubans-adh\u00e9sifs\\\/domaines-dapplication\\\/industrie-du-batiment\\\/tesa-4688-adhesif-standard-tisse\\\/\",\"name\":\"Tesa 4688 Standard ruban adh\u00e9sif tiss\u00e9 | Cardinal TAPES\",\"isPartOf\":{\"@id\":\"https:\\\/\\\/cardinal-tapes.com\\\/#website\"},\"primaryImageOfPage\":{\"@id\":\"https:\\\/\\\/cardinal-tapes.com\\\/fr\\\/rubans-adh\u00e9sifs\\\/domaines-dapplication\\\/industrie-du-batiment\\\/tesa-4688-adhesif-standard-tisse\\\/#primaryimage\"},\"image\":{\"@id\":\"https:\\\/\\\/cardinal-tapes.com\\\/fr\\\/rubans-adh\u00e9sifs\\\/domaines-dapplication\\\/industrie-du-batiment\\\/tesa-4688-adhesif-standard-tisse\\\/#primaryimage\"},\"thumbnailUrl\":\"https:\\\/\\\/cardinal-tapes.com\\\/wp-content\\\/uploads\\\/tesa-04688.jpg\",\"datePublished\":\"2018-02-09T09:53:38+00:00\",\"dateModified\":\"2025-07-03T13:24:53+00:00\",\"description\":\"Tesa 4939 est un ruban en tissu PE. Souvent utilis\u00e9 comme ruban de r\u00e9paration typique, qui peut \u00eatre utilis\u00e9 dans une multitude de domaines d'application. En savoir plus.\",\"breadcrumb\":{\"@id\":\"https:\\\/\\\/cardinal-tapes.com\\\/fr\\\/rubans-adh\u00e9sifs\\\/domaines-dapplication\\\/industrie-du-batiment\\\/tesa-4688-adhesif-standard-tisse\\\/#breadcrumb\"},\"inLanguage\":\"fr-FR\",\"potentialAction\":[{\"@type\":\"ReadAction\",\"target\":[\"https:\\\/\\\/cardinal-tapes.com\\\/fr\\\/rubans-adh\u00e9sifs\\\/domaines-dapplication\\\/industrie-du-batiment\\\/tesa-4688-adhesif-standard-tisse\\\/\"]}]},{\"@type\":\"ImageObject\",\"inLanguage\":\"fr-FR\",\"@id\":\"https:\\\/\\\/cardinal-tapes.com\\\/fr\\\/rubans-adh\u00e9sifs\\\/domaines-dapplication\\\/industrie-du-batiment\\\/tesa-4688-adhesif-standard-tisse\\\/#primaryimage\",\"url\":\"https:\\\/\\\/cardinal-tapes.com\\\/wp-content\\\/uploads\\\/tesa-04688.jpg\",\"contentUrl\":\"https:\\\/\\\/cardinal-tapes.com\\\/wp-content\\\/uploads\\\/tesa-04688.jpg\",\"width\":600,\"height\":600,\"caption\":\"tesa 4688\"},{\"@type\":\"BreadcrumbList\",\"@id\":\"https:\\\/\\\/cardinal-tapes.com\\\/fr\\\/rubans-adh\u00e9sifs\\\/domaines-dapplication\\\/industrie-du-batiment\\\/tesa-4688-adhesif-standard-tisse\\\/#breadcrumb\",\"itemListElement\":[{\"@type\":\"ListItem\",\"position\":1,\"name\":\"Startseite\",\"item\":\"https:\\\/\\\/cardinal-tapes.com\\\/fr\\\/accueil\\\/\"},{\"@type\":\"ListItem\",\"position\":2,\"name\":\"Rubans adh\u00e9sifs\",\"item\":\"https:\\\/\\\/cardinal-tapes.com\\\/fr\\\/rubans-adhesifs-fr\\\/\"},{\"@type\":\"ListItem\",\"position\":3,\"name\":\"Einseitige Klebeb\u00e4nder\",\"item\":\"https:\\\/\\\/cardinal-tapes.com\\\/kategorie\\\/einseitige-klebebaender\\\/\"},{\"@type\":\"ListItem\",\"position\":4,\"name\":\"tesa 4688 Adh\u00e9sif toil\u00e9 standard\"}]},{\"@type\":\"WebSite\",\"@id\":\"https:\\\/\\\/cardinal-tapes.com\\\/#website\",\"url\":\"https:\\\/\\\/cardinal-tapes.com\\\/\",\"name\":\"cardinal TAPES\",\"description\":\"Klebetechnik aus Wuppertal\",\"potentialAction\":[{\"@type\":\"SearchAction\",\"target\":{\"@type\":\"EntryPoint\",\"urlTemplate\":\"https:\\\/\\\/cardinal-tapes.com\\\/?s={search_term_string}\"},\"query-input\":{\"@type\":\"PropertyValueSpecification\",\"valueRequired\":true,\"valueName\":\"search_term_string\"}}],\"inLanguage\":\"fr-FR\"}]}<\/script>\n<!-- \/ Yoast SEO plugin. -->","yoast_head_json":{"title":"Tesa 4688 Standard ruban adh\u00e9sif tiss\u00e9 | Cardinal TAPES","description":"Tesa 4939 est un ruban en tissu PE. Souvent utilis\u00e9 comme ruban de r\u00e9paration typique, qui peut \u00eatre utilis\u00e9 dans une multitude de domaines d'application. En savoir plus.","robots":{"index":"index","follow":"follow","max-snippet":"max-snippet:-1","max-image-preview":"max-image-preview:large","max-video-preview":"max-video-preview:-1"},"canonical":"https:\/\/cardinal-tapes.com\/fr\/rubans-adh\u00e9sifs\/domaines-dapplication\/industrie-du-batiment\/tesa-4688-adhesif-standard-tisse\/","og_locale":"fr_FR","og_type":"article","og_title":"Tesa 4688 Standard ruban adh\u00e9sif tiss\u00e9 | Cardinal TAPES","og_description":"Tesa 4939 est un ruban en tissu PE. Souvent utilis\u00e9 comme ruban de r\u00e9paration typique, qui peut \u00eatre utilis\u00e9 dans une multitude de domaines d'application. En savoir plus.","og_url":"https:\/\/cardinal-tapes.com\/fr\/rubans-adh\u00e9sifs\/domaines-dapplication\/industrie-du-batiment\/tesa-4688-adhesif-standard-tisse\/","og_site_name":"cardinal TAPES","article_modified_time":"2025-07-03T13:24:53+00:00","og_image":[{"width":600,"height":600,"url":"https:\/\/cardinal-tapes.com\/wp-content\/uploads\/tesa-04688.jpg","type":"image\/jpeg"}],"twitter_card":"summary_large_image","twitter_misc":{"Dur\u00e9e de lecture estim\u00e9e":"1 minute"},"schema":{"@context":"https:\/\/schema.org","@graph":[{"@type":"WebPage","@id":"https:\/\/cardinal-tapes.com\/fr\/rubans-adh\u00e9sifs\/domaines-dapplication\/industrie-du-batiment\/tesa-4688-adhesif-standard-tisse\/","url":"https:\/\/cardinal-tapes.com\/fr\/rubans-adh\u00e9sifs\/domaines-dapplication\/industrie-du-batiment\/tesa-4688-adhesif-standard-tisse\/","name":"Tesa 4688 Standard ruban adh\u00e9sif tiss\u00e9 | Cardinal TAPES","isPartOf":{"@id":"https:\/\/cardinal-tapes.com\/#website"},"primaryImageOfPage":{"@id":"https:\/\/cardinal-tapes.com\/fr\/rubans-adh\u00e9sifs\/domaines-dapplication\/industrie-du-batiment\/tesa-4688-adhesif-standard-tisse\/#primaryimage"},"image":{"@id":"https:\/\/cardinal-tapes.com\/fr\/rubans-adh\u00e9sifs\/domaines-dapplication\/industrie-du-batiment\/tesa-4688-adhesif-standard-tisse\/#primaryimage"},"thumbnailUrl":"https:\/\/cardinal-tapes.com\/wp-content\/uploads\/tesa-04688.jpg","datePublished":"2018-02-09T09:53:38+00:00","dateModified":"2025-07-03T13:24:53+00:00","description":"Tesa 4939 est un ruban en tissu PE. Souvent utilis\u00e9 comme ruban de r\u00e9paration typique, qui peut \u00eatre utilis\u00e9 dans une multitude de domaines d'application. En savoir plus.","breadcrumb":{"@id":"https:\/\/cardinal-tapes.com\/fr\/rubans-adh\u00e9sifs\/domaines-dapplication\/industrie-du-batiment\/tesa-4688-adhesif-standard-tisse\/#breadcrumb"},"inLanguage":"fr-FR","potentialAction":[{"@type":"ReadAction","target":["https:\/\/cardinal-tapes.com\/fr\/rubans-adh\u00e9sifs\/domaines-dapplication\/industrie-du-batiment\/tesa-4688-adhesif-standard-tisse\/"]}]},{"@type":"ImageObject","inLanguage":"fr-FR","@id":"https:\/\/cardinal-tapes.com\/fr\/rubans-adh\u00e9sifs\/domaines-dapplication\/industrie-du-batiment\/tesa-4688-adhesif-standard-tisse\/#primaryimage","url":"https:\/\/cardinal-tapes.com\/wp-content\/uploads\/tesa-04688.jpg","contentUrl":"https:\/\/cardinal-tapes.com\/wp-content\/uploads\/tesa-04688.jpg","width":600,"height":600,"caption":"tesa 4688"},{"@type":"BreadcrumbList","@id":"https:\/\/cardinal-tapes.com\/fr\/rubans-adh\u00e9sifs\/domaines-dapplication\/industrie-du-batiment\/tesa-4688-adhesif-standard-tisse\/#breadcrumb","itemListElement":[{"@type":"ListItem","position":1,"name":"Startseite","item":"https:\/\/cardinal-tapes.com\/fr\/accueil\/"},{"@type":"ListItem","position":2,"name":"Rubans adh\u00e9sifs","item":"https:\/\/cardinal-tapes.com\/fr\/rubans-adhesifs-fr\/"},{"@type":"ListItem","position":3,"name":"Einseitige Klebeb\u00e4nder","item":"https:\/\/cardinal-tapes.com\/kategorie\/einseitige-klebebaender\/"},{"@type":"ListItem","position":4,"name":"tesa 4688 Adh\u00e9sif toil\u00e9 standard"}]},{"@type":"WebSite","@id":"https:\/\/cardinal-tapes.com\/#website","url":"https:\/\/cardinal-tapes.com\/","name":"cardinal TAPES","description":"Klebetechnik aus Wuppertal","potentialAction":[{"@type":"SearchAction","target":{"@type":"EntryPoint","urlTemplate":"https:\/\/cardinal-tapes.com\/?s={search_term_string}"},"query-input":{"@type":"PropertyValueSpecification","valueRequired":true,"valueName":"search_term_string"}}],"inLanguage":"fr-FR"}]}},"brands":[{"id":2165,"name":"tesa","slug":"tesa-fr"}],"_links":{"self":[{"href":"https:\/\/cardinal-tapes.com\/fr\/wp-json\/wp\/v2\/product\/52236","targetHints":{"allow":["GET"]}}],"collection":[{"href":"https:\/\/cardinal-tapes.com\/fr\/wp-json\/wp\/v2\/product"}],"about":[{"href":"https:\/\/cardinal-tapes.com\/fr\/wp-json\/wp\/v2\/types\/product"}],"wp:featuredmedia":[{"embeddable":true,"href":"https:\/\/cardinal-tapes.com\/fr\/wp-json\/wp\/v2\/media\/26096"}],"wp:attachment":[{"href":"https:\/\/cardinal-tapes.com\/fr\/wp-json\/wp\/v2\/media?parent=52236"}],"wp:term":[{"taxonomy":"pwb-brand","embeddable":true,"href":"https:\/\/cardinal-tapes.com\/fr\/wp-json\/wp\/v2\/pwb-brand?post=52236"},{"taxonomy":"product_brand","embeddable":true,"href":"https:\/\/cardinal-tapes.com\/fr\/wp-json\/wp\/v2\/product_brand?post=52236"},{"taxonomy":"product_cat","embeddable":true,"href":"https:\/\/cardinal-tapes.com\/fr\/wp-json\/wp\/v2\/product_cat?post=52236"},{"taxonomy":"product_tag","embeddable":true,"href":"https:\/\/cardinal-tapes.com\/fr\/wp-json\/wp\/v2\/product_tag?post=52236"}],"curies":[{"name":"wp","href":"https:\/\/api.w.org\/{rel}","templated":true}]}}