{"id":51975,"date":"2018-02-06T11:49:04","date_gmt":"2018-02-06T10:49:04","guid":{"rendered":"https:\/\/cardinal.pixel-tal.de\/klebebaender\/non%20class\u00e9\/tesa-4590-ruban-adhesif-monofilament-universel\/"},"modified":"2025-07-03T14:45:32","modified_gmt":"2025-07-03T12:45:32","slug":"tesa-4590-universel-monofilament-adhesif","status":"publish","type":"product","link":"https:\/\/cardinal-tapes.com\/fr\/rubans-adh\u00e9sifs\/rubans-adhesifs-simple-face\/ruban-de-masquage\/tesa-4590-universel-monofilament-adhesif\/","title":{"rendered":"tesa\u00ae 4590 Ruban adh\u00e9sif monofilament universel"},"content":{"rendered":"<p><sup>tesa\u00ae<\/sup> 4590 est un ruban adh\u00e9sif monodirectionnel universel \u00e0 base de filaments. Il se compose d&#8217;un film polyester enduit de fibres de verre et d&#8217;un syst\u00e8me de masse adh\u00e9sive en caoutchouc synth\u00e9tique. Il se caract\u00e9rise en outre par une grande r\u00e9sistance \u00e0 la traction et un fort pouvoir adh\u00e9sif sur diverses surfaces. Le ruban adh\u00e9sif r\u00e9siste aux petits dommages (par exemple les entailles) et offre ainsi une forte r\u00e9sistance \u00e0 la d\u00e9chirure.<\/p>\n<p><strong>Caract\u00e9ristiques<\/strong><br \/>\n&#8211; Forte r\u00e9sistance \u00e0 la d\u00e9chirure<\/p>\n<p><strong>Applications<\/strong><br \/>\n&#8211; S\u00e9curisation du transport<br \/>\n&#8211; Palettisation<br \/>\n&#8211; Fermeture de cartons lourds<br \/>\n&#8211; Fixation de composants<br \/>\n&#8211; S\u00e9curisation de fin de course de bandes et bobines m\u00e9talliques<\/p>\n<p>&nbsp;<\/p>\n","protected":false},"excerpt":{"rendered":"<p>tesa\u00ae 4590 est un ruban adh\u00e9sif monodirectionnel universel \u00e0 base de filaments. Il se compose d&#8217;un film polyester enduit de fibres de verre et d&#8217;un syst\u00e8me de masse adh\u00e9sive en caoutchouc synth\u00e9tique. Il se caract\u00e9rise en outre par une grande r\u00e9sistance \u00e0 la traction et un fort pouvoir adh\u00e9sif sur diverses surfaces. Le ruban adh\u00e9sif [&hellip;]<\/p>\n","protected":false},"featured_media":26072,"template":"","meta":{"_acf_changed":false},"pwb-brand":[2165],"product_brand":[],"product_cat":[1836,1842,1859],"product_tag":[],"class_list":{"0":"post-51975","1":"product","2":"type-product","3":"status-publish","4":"has-post-thumbnail","6":"pwb-brand-tesa-fr","7":"product_cat-rubans-adhesifs-simple-face","8":"product_cat-ruban-de-masquage","9":"product_cat-systemes-demballage","11":"first","12":"instock","13":"taxable","14":"shipping-taxable","15":"purchasable","16":"product-type-variable"},"acf":[],"yoast_head":"<!-- This site is optimized with the Yoast SEO plugin v27.3 - https:\/\/yoast.com\/product\/yoast-seo-wordpress\/ -->\n<title>Tesa 4590 Ruban adh\u00e9sif universel monofilament | Cardinal TAPES<\/title>\n<meta name=\"description\" content=\"Tesa 4590 est un ruban adh\u00e9sif filamentaire universel et monodirectionnel. Apprenez-en plus sur le ruban adh\u00e9sif \u00e0 fort pouvoir adh\u00e9sif ici.\" \/>\n<meta name=\"robots\" content=\"index, follow, max-snippet:-1, max-image-preview:large, max-video-preview:-1\" \/>\n<link rel=\"canonical\" href=\"https:\/\/cardinal-tapes.com\/fr\/rubans-adh\u00e9sifs\/rubans-adhesifs-simple-face\/ruban-de-masquage\/tesa-4590-universel-monofilament-adhesif\/\" \/>\n<meta property=\"og:locale\" content=\"fr_FR\" \/>\n<meta property=\"og:type\" content=\"article\" \/>\n<meta property=\"og:title\" content=\"Tesa 4590 Ruban adh\u00e9sif universel monofilament | Cardinal TAPES\" \/>\n<meta property=\"og:description\" content=\"Tesa 4590 est un ruban adh\u00e9sif filamentaire universel et monodirectionnel. Apprenez-en plus sur le ruban adh\u00e9sif \u00e0 fort pouvoir adh\u00e9sif ici.\" \/>\n<meta property=\"og:url\" content=\"https:\/\/cardinal-tapes.com\/fr\/rubans-adh\u00e9sifs\/rubans-adhesifs-simple-face\/ruban-de-masquage\/tesa-4590-universel-monofilament-adhesif\/\" \/>\n<meta property=\"og:site_name\" content=\"cardinal TAPES\" \/>\n<meta property=\"article:modified_time\" content=\"2025-07-03T12:45:32+00:00\" \/>\n<meta property=\"og:image\" content=\"https:\/\/cardinal-tapes.com\/wp-content\/uploads\/tesa-04590.jpg\" \/>\n\t<meta property=\"og:image:width\" content=\"600\" \/>\n\t<meta property=\"og:image:height\" content=\"600\" \/>\n\t<meta property=\"og:image:type\" content=\"image\/jpeg\" \/>\n<meta name=\"twitter:card\" content=\"summary_large_image\" \/>\n<meta name=\"twitter:label1\" content=\"Dur\u00e9e de lecture estim\u00e9e\" \/>\n\t<meta name=\"twitter:data1\" content=\"1 minute\" \/>\n<script type=\"application\/ld+json\" class=\"yoast-schema-graph\">{\"@context\":\"https:\\\/\\\/schema.org\",\"@graph\":[{\"@type\":\"WebPage\",\"@id\":\"https:\\\/\\\/cardinal-tapes.com\\\/fr\\\/rubans-adh\u00e9sifs\\\/rubans-adhesifs-simple-face\\\/ruban-de-masquage\\\/tesa-4590-universel-monofilament-adhesif\\\/\",\"url\":\"https:\\\/\\\/cardinal-tapes.com\\\/fr\\\/rubans-adh\u00e9sifs\\\/rubans-adhesifs-simple-face\\\/ruban-de-masquage\\\/tesa-4590-universel-monofilament-adhesif\\\/\",\"name\":\"Tesa 4590 Ruban adh\u00e9sif universel monofilament | Cardinal TAPES\",\"isPartOf\":{\"@id\":\"https:\\\/\\\/cardinal-tapes.com\\\/#website\"},\"primaryImageOfPage\":{\"@id\":\"https:\\\/\\\/cardinal-tapes.com\\\/fr\\\/rubans-adh\u00e9sifs\\\/rubans-adhesifs-simple-face\\\/ruban-de-masquage\\\/tesa-4590-universel-monofilament-adhesif\\\/#primaryimage\"},\"image\":{\"@id\":\"https:\\\/\\\/cardinal-tapes.com\\\/fr\\\/rubans-adh\u00e9sifs\\\/rubans-adhesifs-simple-face\\\/ruban-de-masquage\\\/tesa-4590-universel-monofilament-adhesif\\\/#primaryimage\"},\"thumbnailUrl\":\"https:\\\/\\\/cardinal-tapes.com\\\/wp-content\\\/uploads\\\/tesa-04590.jpg\",\"datePublished\":\"2018-02-06T10:49:04+00:00\",\"dateModified\":\"2025-07-03T12:45:32+00:00\",\"description\":\"Tesa 4590 est un ruban adh\u00e9sif filamentaire universel et monodirectionnel. Apprenez-en plus sur le ruban adh\u00e9sif \u00e0 fort pouvoir adh\u00e9sif ici.\",\"breadcrumb\":{\"@id\":\"https:\\\/\\\/cardinal-tapes.com\\\/fr\\\/rubans-adh\u00e9sifs\\\/rubans-adhesifs-simple-face\\\/ruban-de-masquage\\\/tesa-4590-universel-monofilament-adhesif\\\/#breadcrumb\"},\"inLanguage\":\"fr-FR\",\"potentialAction\":[{\"@type\":\"ReadAction\",\"target\":[\"https:\\\/\\\/cardinal-tapes.com\\\/fr\\\/rubans-adh\u00e9sifs\\\/rubans-adhesifs-simple-face\\\/ruban-de-masquage\\\/tesa-4590-universel-monofilament-adhesif\\\/\"]}]},{\"@type\":\"ImageObject\",\"inLanguage\":\"fr-FR\",\"@id\":\"https:\\\/\\\/cardinal-tapes.com\\\/fr\\\/rubans-adh\u00e9sifs\\\/rubans-adhesifs-simple-face\\\/ruban-de-masquage\\\/tesa-4590-universel-monofilament-adhesif\\\/#primaryimage\",\"url\":\"https:\\\/\\\/cardinal-tapes.com\\\/wp-content\\\/uploads\\\/tesa-04590.jpg\",\"contentUrl\":\"https:\\\/\\\/cardinal-tapes.com\\\/wp-content\\\/uploads\\\/tesa-04590.jpg\",\"width\":600,\"height\":600,\"caption\":\"tesa 4590\"},{\"@type\":\"BreadcrumbList\",\"@id\":\"https:\\\/\\\/cardinal-tapes.com\\\/fr\\\/rubans-adh\u00e9sifs\\\/rubans-adhesifs-simple-face\\\/ruban-de-masquage\\\/tesa-4590-universel-monofilament-adhesif\\\/#breadcrumb\",\"itemListElement\":[{\"@type\":\"ListItem\",\"position\":1,\"name\":\"Startseite\",\"item\":\"https:\\\/\\\/cardinal-tapes.com\\\/fr\\\/accueil\\\/\"},{\"@type\":\"ListItem\",\"position\":2,\"name\":\"Rubans adh\u00e9sifs\",\"item\":\"https:\\\/\\\/cardinal-tapes.com\\\/fr\\\/rubans-adhesifs-fr\\\/\"},{\"@type\":\"ListItem\",\"position\":3,\"name\":\"Einseitige Klebeb\u00e4nder\",\"item\":\"https:\\\/\\\/cardinal-tapes.com\\\/kategorie\\\/einseitige-klebebaender\\\/\"},{\"@type\":\"ListItem\",\"position\":4,\"name\":\"tesa\u00ae 4590 Ruban adh\u00e9sif monofilament universel\"}]},{\"@type\":\"WebSite\",\"@id\":\"https:\\\/\\\/cardinal-tapes.com\\\/#website\",\"url\":\"https:\\\/\\\/cardinal-tapes.com\\\/\",\"name\":\"cardinal TAPES\",\"description\":\"Klebetechnik aus Wuppertal\",\"potentialAction\":[{\"@type\":\"SearchAction\",\"target\":{\"@type\":\"EntryPoint\",\"urlTemplate\":\"https:\\\/\\\/cardinal-tapes.com\\\/?s={search_term_string}\"},\"query-input\":{\"@type\":\"PropertyValueSpecification\",\"valueRequired\":true,\"valueName\":\"search_term_string\"}}],\"inLanguage\":\"fr-FR\"}]}<\/script>\n<!-- \/ Yoast SEO plugin. -->","yoast_head_json":{"title":"Tesa 4590 Ruban adh\u00e9sif universel monofilament | Cardinal TAPES","description":"Tesa 4590 est un ruban adh\u00e9sif filamentaire universel et monodirectionnel. Apprenez-en plus sur le ruban adh\u00e9sif \u00e0 fort pouvoir adh\u00e9sif ici.","robots":{"index":"index","follow":"follow","max-snippet":"max-snippet:-1","max-image-preview":"max-image-preview:large","max-video-preview":"max-video-preview:-1"},"canonical":"https:\/\/cardinal-tapes.com\/fr\/rubans-adh\u00e9sifs\/rubans-adhesifs-simple-face\/ruban-de-masquage\/tesa-4590-universel-monofilament-adhesif\/","og_locale":"fr_FR","og_type":"article","og_title":"Tesa 4590 Ruban adh\u00e9sif universel monofilament | Cardinal TAPES","og_description":"Tesa 4590 est un ruban adh\u00e9sif filamentaire universel et monodirectionnel. Apprenez-en plus sur le ruban adh\u00e9sif \u00e0 fort pouvoir adh\u00e9sif ici.","og_url":"https:\/\/cardinal-tapes.com\/fr\/rubans-adh\u00e9sifs\/rubans-adhesifs-simple-face\/ruban-de-masquage\/tesa-4590-universel-monofilament-adhesif\/","og_site_name":"cardinal TAPES","article_modified_time":"2025-07-03T12:45:32+00:00","og_image":[{"width":600,"height":600,"url":"https:\/\/cardinal-tapes.com\/wp-content\/uploads\/tesa-04590.jpg","type":"image\/jpeg"}],"twitter_card":"summary_large_image","twitter_misc":{"Dur\u00e9e de lecture estim\u00e9e":"1 minute"},"schema":{"@context":"https:\/\/schema.org","@graph":[{"@type":"WebPage","@id":"https:\/\/cardinal-tapes.com\/fr\/rubans-adh\u00e9sifs\/rubans-adhesifs-simple-face\/ruban-de-masquage\/tesa-4590-universel-monofilament-adhesif\/","url":"https:\/\/cardinal-tapes.com\/fr\/rubans-adh\u00e9sifs\/rubans-adhesifs-simple-face\/ruban-de-masquage\/tesa-4590-universel-monofilament-adhesif\/","name":"Tesa 4590 Ruban adh\u00e9sif universel monofilament | Cardinal TAPES","isPartOf":{"@id":"https:\/\/cardinal-tapes.com\/#website"},"primaryImageOfPage":{"@id":"https:\/\/cardinal-tapes.com\/fr\/rubans-adh\u00e9sifs\/rubans-adhesifs-simple-face\/ruban-de-masquage\/tesa-4590-universel-monofilament-adhesif\/#primaryimage"},"image":{"@id":"https:\/\/cardinal-tapes.com\/fr\/rubans-adh\u00e9sifs\/rubans-adhesifs-simple-face\/ruban-de-masquage\/tesa-4590-universel-monofilament-adhesif\/#primaryimage"},"thumbnailUrl":"https:\/\/cardinal-tapes.com\/wp-content\/uploads\/tesa-04590.jpg","datePublished":"2018-02-06T10:49:04+00:00","dateModified":"2025-07-03T12:45:32+00:00","description":"Tesa 4590 est un ruban adh\u00e9sif filamentaire universel et monodirectionnel. Apprenez-en plus sur le ruban adh\u00e9sif \u00e0 fort pouvoir adh\u00e9sif ici.","breadcrumb":{"@id":"https:\/\/cardinal-tapes.com\/fr\/rubans-adh\u00e9sifs\/rubans-adhesifs-simple-face\/ruban-de-masquage\/tesa-4590-universel-monofilament-adhesif\/#breadcrumb"},"inLanguage":"fr-FR","potentialAction":[{"@type":"ReadAction","target":["https:\/\/cardinal-tapes.com\/fr\/rubans-adh\u00e9sifs\/rubans-adhesifs-simple-face\/ruban-de-masquage\/tesa-4590-universel-monofilament-adhesif\/"]}]},{"@type":"ImageObject","inLanguage":"fr-FR","@id":"https:\/\/cardinal-tapes.com\/fr\/rubans-adh\u00e9sifs\/rubans-adhesifs-simple-face\/ruban-de-masquage\/tesa-4590-universel-monofilament-adhesif\/#primaryimage","url":"https:\/\/cardinal-tapes.com\/wp-content\/uploads\/tesa-04590.jpg","contentUrl":"https:\/\/cardinal-tapes.com\/wp-content\/uploads\/tesa-04590.jpg","width":600,"height":600,"caption":"tesa 4590"},{"@type":"BreadcrumbList","@id":"https:\/\/cardinal-tapes.com\/fr\/rubans-adh\u00e9sifs\/rubans-adhesifs-simple-face\/ruban-de-masquage\/tesa-4590-universel-monofilament-adhesif\/#breadcrumb","itemListElement":[{"@type":"ListItem","position":1,"name":"Startseite","item":"https:\/\/cardinal-tapes.com\/fr\/accueil\/"},{"@type":"ListItem","position":2,"name":"Rubans adh\u00e9sifs","item":"https:\/\/cardinal-tapes.com\/fr\/rubans-adhesifs-fr\/"},{"@type":"ListItem","position":3,"name":"Einseitige Klebeb\u00e4nder","item":"https:\/\/cardinal-tapes.com\/kategorie\/einseitige-klebebaender\/"},{"@type":"ListItem","position":4,"name":"tesa\u00ae 4590 Ruban adh\u00e9sif monofilament universel"}]},{"@type":"WebSite","@id":"https:\/\/cardinal-tapes.com\/#website","url":"https:\/\/cardinal-tapes.com\/","name":"cardinal TAPES","description":"Klebetechnik aus Wuppertal","potentialAction":[{"@type":"SearchAction","target":{"@type":"EntryPoint","urlTemplate":"https:\/\/cardinal-tapes.com\/?s={search_term_string}"},"query-input":{"@type":"PropertyValueSpecification","valueRequired":true,"valueName":"search_term_string"}}],"inLanguage":"fr-FR"}]}},"brands":[{"id":2165,"name":"tesa","slug":"tesa-fr"}],"_links":{"self":[{"href":"https:\/\/cardinal-tapes.com\/fr\/wp-json\/wp\/v2\/product\/51975","targetHints":{"allow":["GET"]}}],"collection":[{"href":"https:\/\/cardinal-tapes.com\/fr\/wp-json\/wp\/v2\/product"}],"about":[{"href":"https:\/\/cardinal-tapes.com\/fr\/wp-json\/wp\/v2\/types\/product"}],"wp:featuredmedia":[{"embeddable":true,"href":"https:\/\/cardinal-tapes.com\/fr\/wp-json\/wp\/v2\/media\/26072"}],"wp:attachment":[{"href":"https:\/\/cardinal-tapes.com\/fr\/wp-json\/wp\/v2\/media?parent=51975"}],"wp:term":[{"taxonomy":"pwb-brand","embeddable":true,"href":"https:\/\/cardinal-tapes.com\/fr\/wp-json\/wp\/v2\/pwb-brand?post=51975"},{"taxonomy":"product_brand","embeddable":true,"href":"https:\/\/cardinal-tapes.com\/fr\/wp-json\/wp\/v2\/product_brand?post=51975"},{"taxonomy":"product_cat","embeddable":true,"href":"https:\/\/cardinal-tapes.com\/fr\/wp-json\/wp\/v2\/product_cat?post=51975"},{"taxonomy":"product_tag","embeddable":true,"href":"https:\/\/cardinal-tapes.com\/fr\/wp-json\/wp\/v2\/product_tag?post=51975"}],"curies":[{"name":"wp","href":"https:\/\/api.w.org\/{rel}","templated":true}]}}