{"id":51961,"date":"2018-02-06T11:29:41","date_gmt":"2023-06-05T15:20:14","guid":{"rendered":"https:\/\/cardinal.pixel-tal.de\/klebebaender\/non%20class\u00e9\/tesakrepp-4341-ruban-adhesif-crepe\/"},"modified":"2025-07-03T14:45:24","modified_gmt":"2025-07-03T12:45:24","slug":"tesa-4341-ruban-adhesif-crepe","status":"publish","type":"product","link":"https:\/\/cardinal-tapes.com\/fr\/rubans-adh\u00e9sifs\/domaines-dapplication\/industrie-automobile\/tesa-4341-ruban-adhesif-crepe\/","title":{"rendered":"tesakrepp\u00ae 4341 Ruban adh\u00e9sif cr\u00eap\u00e9"},"content":{"rendered":"<p><sup>tesakrepp\u00ae<\/sup> 4341 est un ruban de masquage en papier faiblement cr\u00eap\u00e9, particuli\u00e8rement extensible et flexible. Le produit, fabriqu\u00e9 sans solvant, est dot\u00e9 d&#8217;une masse adh\u00e9sive en caoutchouc naturel qui garantit une grande force d&#8217;adh\u00e9rence au toucher et donc le collage de papier de protection lourd.<\/p>\n<p><strong>Caract\u00e9ristiques<\/strong><br \/>\n&#8211; R\u00e9siste aux temp\u00e9ratures \u00e9lev\u00e9es<br \/>\n&#8211; Bonne adh\u00e9rence de la peinture et de l&#8217;appr\u00eat<\/p>\n<p><strong>Applications<\/strong><br \/>\n&#8211; Couvrir lors de travaux de peinture<\/p>\n","protected":false},"excerpt":{"rendered":"<p>tesakrepp\u00ae 4341 est un ruban de masquage en papier faiblement cr\u00eap\u00e9, particuli\u00e8rement extensible et flexible. Le produit, fabriqu\u00e9 sans solvant, est dot\u00e9 d&#8217;une masse adh\u00e9sive en caoutchouc naturel qui garantit une grande force d&#8217;adh\u00e9rence au toucher et donc le collage de papier de protection lourd. Caract\u00e9ristiques &#8211; R\u00e9siste aux temp\u00e9ratures \u00e9lev\u00e9es &#8211; Bonne adh\u00e9rence de [&hellip;]<\/p>\n","protected":false},"featured_media":26220,"template":"","meta":{"_acf_changed":false},"pwb-brand":[2165],"product_brand":[],"product_cat":[1667,1836],"product_tag":[],"class_list":{"0":"post-51961","1":"product","2":"type-product","3":"status-publish","4":"has-post-thumbnail","6":"pwb-brand-tesa-fr","7":"product_cat-industrie-automobile","8":"product_cat-rubans-adhesifs-simple-face","10":"first","11":"instock","12":"taxable","13":"shipping-taxable","14":"purchasable","15":"product-type-variable"},"acf":[],"yoast_head":"<!-- This site is optimized with the Yoast SEO plugin v27.3 - https:\/\/yoast.com\/product\/yoast-seo-wordpress\/ -->\n<title>Tesa 4341 Ruban adh\u00e9sif cr\u00eap\u00e9 | Cardinal TAPES<\/title>\n<meta name=\"description\" content=\"Tesa 4341 est un ruban de masquage faiblement cr\u00eap\u00e9 mais particuli\u00e8rement extensible et flexible. Apprenez-en plus sur le ruban adh\u00e9sif ici.\" \/>\n<meta name=\"robots\" content=\"index, follow, max-snippet:-1, max-image-preview:large, max-video-preview:-1\" \/>\n<link rel=\"canonical\" href=\"https:\/\/cardinal-tapes.com\/fr\/rubans-adh\u00e9sifs\/domaines-dapplication\/industrie-automobile\/tesa-4341-ruban-adhesif-crepe\/\" \/>\n<meta property=\"og:locale\" content=\"fr_FR\" \/>\n<meta property=\"og:type\" content=\"article\" \/>\n<meta property=\"og:title\" content=\"Tesa 4341 Ruban adh\u00e9sif cr\u00eap\u00e9 | Cardinal TAPES\" \/>\n<meta property=\"og:description\" content=\"Tesa 4341 est un ruban de masquage faiblement cr\u00eap\u00e9 mais particuli\u00e8rement extensible et flexible. Apprenez-en plus sur le ruban adh\u00e9sif ici.\" \/>\n<meta property=\"og:url\" content=\"https:\/\/cardinal-tapes.com\/fr\/rubans-adh\u00e9sifs\/domaines-dapplication\/industrie-automobile\/tesa-4341-ruban-adhesif-crepe\/\" \/>\n<meta property=\"og:site_name\" content=\"cardinal TAPES\" \/>\n<meta property=\"article:modified_time\" content=\"2025-07-03T12:45:24+00:00\" \/>\n<meta property=\"og:image\" content=\"https:\/\/cardinal-tapes.com\/wp-content\/uploads\/tesa-04341.jpg\" \/>\n\t<meta property=\"og:image:width\" content=\"600\" \/>\n\t<meta property=\"og:image:height\" content=\"600\" \/>\n\t<meta property=\"og:image:type\" content=\"image\/jpeg\" \/>\n<meta name=\"twitter:card\" content=\"summary_large_image\" \/>\n<script type=\"application\/ld+json\" class=\"yoast-schema-graph\">{\"@context\":\"https:\\\/\\\/schema.org\",\"@graph\":[{\"@type\":\"WebPage\",\"@id\":\"https:\\\/\\\/cardinal-tapes.com\\\/fr\\\/rubans-adh\u00e9sifs\\\/domaines-dapplication\\\/industrie-automobile\\\/tesa-4341-ruban-adhesif-crepe\\\/\",\"url\":\"https:\\\/\\\/cardinal-tapes.com\\\/fr\\\/rubans-adh\u00e9sifs\\\/domaines-dapplication\\\/industrie-automobile\\\/tesa-4341-ruban-adhesif-crepe\\\/\",\"name\":\"Tesa 4341 Ruban adh\u00e9sif cr\u00eap\u00e9 | Cardinal TAPES\",\"isPartOf\":{\"@id\":\"https:\\\/\\\/cardinal-tapes.com\\\/#website\"},\"primaryImageOfPage\":{\"@id\":\"https:\\\/\\\/cardinal-tapes.com\\\/fr\\\/rubans-adh\u00e9sifs\\\/domaines-dapplication\\\/industrie-automobile\\\/tesa-4341-ruban-adhesif-crepe\\\/#primaryimage\"},\"image\":{\"@id\":\"https:\\\/\\\/cardinal-tapes.com\\\/fr\\\/rubans-adh\u00e9sifs\\\/domaines-dapplication\\\/industrie-automobile\\\/tesa-4341-ruban-adhesif-crepe\\\/#primaryimage\"},\"thumbnailUrl\":\"https:\\\/\\\/cardinal-tapes.com\\\/wp-content\\\/uploads\\\/tesa-04341.jpg\",\"datePublished\":\"2023-06-05T15:20:14+00:00\",\"dateModified\":\"2025-07-03T12:45:24+00:00\",\"description\":\"Tesa 4341 est un ruban de masquage faiblement cr\u00eap\u00e9 mais particuli\u00e8rement extensible et flexible. Apprenez-en plus sur le ruban adh\u00e9sif ici.\",\"breadcrumb\":{\"@id\":\"https:\\\/\\\/cardinal-tapes.com\\\/fr\\\/rubans-adh\u00e9sifs\\\/domaines-dapplication\\\/industrie-automobile\\\/tesa-4341-ruban-adhesif-crepe\\\/#breadcrumb\"},\"inLanguage\":\"fr-FR\",\"potentialAction\":[{\"@type\":\"ReadAction\",\"target\":[\"https:\\\/\\\/cardinal-tapes.com\\\/fr\\\/rubans-adh\u00e9sifs\\\/domaines-dapplication\\\/industrie-automobile\\\/tesa-4341-ruban-adhesif-crepe\\\/\"]}]},{\"@type\":\"ImageObject\",\"inLanguage\":\"fr-FR\",\"@id\":\"https:\\\/\\\/cardinal-tapes.com\\\/fr\\\/rubans-adh\u00e9sifs\\\/domaines-dapplication\\\/industrie-automobile\\\/tesa-4341-ruban-adhesif-crepe\\\/#primaryimage\",\"url\":\"https:\\\/\\\/cardinal-tapes.com\\\/wp-content\\\/uploads\\\/tesa-04341.jpg\",\"contentUrl\":\"https:\\\/\\\/cardinal-tapes.com\\\/wp-content\\\/uploads\\\/tesa-04341.jpg\",\"width\":600,\"height\":600,\"caption\":\"tesa 4341\"},{\"@type\":\"BreadcrumbList\",\"@id\":\"https:\\\/\\\/cardinal-tapes.com\\\/fr\\\/rubans-adh\u00e9sifs\\\/domaines-dapplication\\\/industrie-automobile\\\/tesa-4341-ruban-adhesif-crepe\\\/#breadcrumb\",\"itemListElement\":[{\"@type\":\"ListItem\",\"position\":1,\"name\":\"Startseite\",\"item\":\"https:\\\/\\\/cardinal-tapes.com\\\/fr\\\/accueil\\\/\"},{\"@type\":\"ListItem\",\"position\":2,\"name\":\"Rubans adh\u00e9sifs\",\"item\":\"https:\\\/\\\/cardinal-tapes.com\\\/fr\\\/rubans-adhesifs-fr\\\/\"},{\"@type\":\"ListItem\",\"position\":3,\"name\":\"Einseitige Klebeb\u00e4nder\",\"item\":\"https:\\\/\\\/cardinal-tapes.com\\\/kategorie\\\/einseitige-klebebaender\\\/\"},{\"@type\":\"ListItem\",\"position\":4,\"name\":\"tesakrepp\u00ae 4341 Ruban adh\u00e9sif cr\u00eap\u00e9\"}]},{\"@type\":\"WebSite\",\"@id\":\"https:\\\/\\\/cardinal-tapes.com\\\/#website\",\"url\":\"https:\\\/\\\/cardinal-tapes.com\\\/\",\"name\":\"cardinal TAPES\",\"description\":\"Klebetechnik aus Wuppertal\",\"potentialAction\":[{\"@type\":\"SearchAction\",\"target\":{\"@type\":\"EntryPoint\",\"urlTemplate\":\"https:\\\/\\\/cardinal-tapes.com\\\/?s={search_term_string}\"},\"query-input\":{\"@type\":\"PropertyValueSpecification\",\"valueRequired\":true,\"valueName\":\"search_term_string\"}}],\"inLanguage\":\"fr-FR\"}]}<\/script>\n<!-- \/ Yoast SEO plugin. -->","yoast_head_json":{"title":"Tesa 4341 Ruban adh\u00e9sif cr\u00eap\u00e9 | Cardinal TAPES","description":"Tesa 4341 est un ruban de masquage faiblement cr\u00eap\u00e9 mais particuli\u00e8rement extensible et flexible. Apprenez-en plus sur le ruban adh\u00e9sif ici.","robots":{"index":"index","follow":"follow","max-snippet":"max-snippet:-1","max-image-preview":"max-image-preview:large","max-video-preview":"max-video-preview:-1"},"canonical":"https:\/\/cardinal-tapes.com\/fr\/rubans-adh\u00e9sifs\/domaines-dapplication\/industrie-automobile\/tesa-4341-ruban-adhesif-crepe\/","og_locale":"fr_FR","og_type":"article","og_title":"Tesa 4341 Ruban adh\u00e9sif cr\u00eap\u00e9 | Cardinal TAPES","og_description":"Tesa 4341 est un ruban de masquage faiblement cr\u00eap\u00e9 mais particuli\u00e8rement extensible et flexible. Apprenez-en plus sur le ruban adh\u00e9sif ici.","og_url":"https:\/\/cardinal-tapes.com\/fr\/rubans-adh\u00e9sifs\/domaines-dapplication\/industrie-automobile\/tesa-4341-ruban-adhesif-crepe\/","og_site_name":"cardinal TAPES","article_modified_time":"2025-07-03T12:45:24+00:00","og_image":[{"width":600,"height":600,"url":"https:\/\/cardinal-tapes.com\/wp-content\/uploads\/tesa-04341.jpg","type":"image\/jpeg"}],"twitter_card":"summary_large_image","schema":{"@context":"https:\/\/schema.org","@graph":[{"@type":"WebPage","@id":"https:\/\/cardinal-tapes.com\/fr\/rubans-adh\u00e9sifs\/domaines-dapplication\/industrie-automobile\/tesa-4341-ruban-adhesif-crepe\/","url":"https:\/\/cardinal-tapes.com\/fr\/rubans-adh\u00e9sifs\/domaines-dapplication\/industrie-automobile\/tesa-4341-ruban-adhesif-crepe\/","name":"Tesa 4341 Ruban adh\u00e9sif cr\u00eap\u00e9 | Cardinal TAPES","isPartOf":{"@id":"https:\/\/cardinal-tapes.com\/#website"},"primaryImageOfPage":{"@id":"https:\/\/cardinal-tapes.com\/fr\/rubans-adh\u00e9sifs\/domaines-dapplication\/industrie-automobile\/tesa-4341-ruban-adhesif-crepe\/#primaryimage"},"image":{"@id":"https:\/\/cardinal-tapes.com\/fr\/rubans-adh\u00e9sifs\/domaines-dapplication\/industrie-automobile\/tesa-4341-ruban-adhesif-crepe\/#primaryimage"},"thumbnailUrl":"https:\/\/cardinal-tapes.com\/wp-content\/uploads\/tesa-04341.jpg","datePublished":"2023-06-05T15:20:14+00:00","dateModified":"2025-07-03T12:45:24+00:00","description":"Tesa 4341 est un ruban de masquage faiblement cr\u00eap\u00e9 mais particuli\u00e8rement extensible et flexible. Apprenez-en plus sur le ruban adh\u00e9sif ici.","breadcrumb":{"@id":"https:\/\/cardinal-tapes.com\/fr\/rubans-adh\u00e9sifs\/domaines-dapplication\/industrie-automobile\/tesa-4341-ruban-adhesif-crepe\/#breadcrumb"},"inLanguage":"fr-FR","potentialAction":[{"@type":"ReadAction","target":["https:\/\/cardinal-tapes.com\/fr\/rubans-adh\u00e9sifs\/domaines-dapplication\/industrie-automobile\/tesa-4341-ruban-adhesif-crepe\/"]}]},{"@type":"ImageObject","inLanguage":"fr-FR","@id":"https:\/\/cardinal-tapes.com\/fr\/rubans-adh\u00e9sifs\/domaines-dapplication\/industrie-automobile\/tesa-4341-ruban-adhesif-crepe\/#primaryimage","url":"https:\/\/cardinal-tapes.com\/wp-content\/uploads\/tesa-04341.jpg","contentUrl":"https:\/\/cardinal-tapes.com\/wp-content\/uploads\/tesa-04341.jpg","width":600,"height":600,"caption":"tesa 4341"},{"@type":"BreadcrumbList","@id":"https:\/\/cardinal-tapes.com\/fr\/rubans-adh\u00e9sifs\/domaines-dapplication\/industrie-automobile\/tesa-4341-ruban-adhesif-crepe\/#breadcrumb","itemListElement":[{"@type":"ListItem","position":1,"name":"Startseite","item":"https:\/\/cardinal-tapes.com\/fr\/accueil\/"},{"@type":"ListItem","position":2,"name":"Rubans adh\u00e9sifs","item":"https:\/\/cardinal-tapes.com\/fr\/rubans-adhesifs-fr\/"},{"@type":"ListItem","position":3,"name":"Einseitige Klebeb\u00e4nder","item":"https:\/\/cardinal-tapes.com\/kategorie\/einseitige-klebebaender\/"},{"@type":"ListItem","position":4,"name":"tesakrepp\u00ae 4341 Ruban adh\u00e9sif cr\u00eap\u00e9"}]},{"@type":"WebSite","@id":"https:\/\/cardinal-tapes.com\/#website","url":"https:\/\/cardinal-tapes.com\/","name":"cardinal TAPES","description":"Klebetechnik aus Wuppertal","potentialAction":[{"@type":"SearchAction","target":{"@type":"EntryPoint","urlTemplate":"https:\/\/cardinal-tapes.com\/?s={search_term_string}"},"query-input":{"@type":"PropertyValueSpecification","valueRequired":true,"valueName":"search_term_string"}}],"inLanguage":"fr-FR"}]}},"brands":[{"id":2165,"name":"tesa","slug":"tesa-fr"}],"_links":{"self":[{"href":"https:\/\/cardinal-tapes.com\/fr\/wp-json\/wp\/v2\/product\/51961","targetHints":{"allow":["GET"]}}],"collection":[{"href":"https:\/\/cardinal-tapes.com\/fr\/wp-json\/wp\/v2\/product"}],"about":[{"href":"https:\/\/cardinal-tapes.com\/fr\/wp-json\/wp\/v2\/types\/product"}],"wp:featuredmedia":[{"embeddable":true,"href":"https:\/\/cardinal-tapes.com\/fr\/wp-json\/wp\/v2\/media\/26220"}],"wp:attachment":[{"href":"https:\/\/cardinal-tapes.com\/fr\/wp-json\/wp\/v2\/media?parent=51961"}],"wp:term":[{"taxonomy":"pwb-brand","embeddable":true,"href":"https:\/\/cardinal-tapes.com\/fr\/wp-json\/wp\/v2\/pwb-brand?post=51961"},{"taxonomy":"product_brand","embeddable":true,"href":"https:\/\/cardinal-tapes.com\/fr\/wp-json\/wp\/v2\/product_brand?post=51961"},{"taxonomy":"product_cat","embeddable":true,"href":"https:\/\/cardinal-tapes.com\/fr\/wp-json\/wp\/v2\/product_cat?post=51961"},{"taxonomy":"product_tag","embeddable":true,"href":"https:\/\/cardinal-tapes.com\/fr\/wp-json\/wp\/v2\/product_tag?post=51961"}],"curies":[{"name":"wp","href":"https:\/\/api.w.org\/{rel}","templated":true}]}}