{"id":51883,"date":"2018-02-06T09:55:39","date_gmt":"2023-06-05T15:20:13","guid":{"rendered":"https:\/\/cardinal.pixel-tal.de\/klebebaender\/non class\u00e9\/tesapack-4124-ruban-adhesif-demballage-en-pvc\/"},"modified":"2023-06-05T17:20:13","modified_gmt":"2023-06-05T15:20:13","slug":"tesa-4124-ruban-adhesif-demballage-en-pvc","status":"publish","type":"product","link":"https:\/\/cardinal-tapes.com\/fr\/rubans-adh\u00e9sifs\/rubans-adhesifs-simple-face\/film-pvc\/tesa-4124-ruban-adhesif-demballage-en-pvc\/","title":{"rendered":"tesapack\u00ae 4124 Ruban adh\u00e9sif d&#8217;emballage en PVC"},"content":{"rendered":"<p><sup>tesapack\u00ae<\/sup> 4124 est un ruban adh\u00e9sif d&#8217;emballage haut de gamme \u00e0 base de film PVC et d&#8217;une forte masse adh\u00e9sive en caoutchouc naturel.<\/p>\n<p><strong>Caract\u00e9ristiques<\/strong><br \/>\n&#8211; D\u00e9roulement r\u00e9gulier et silencieux<br \/>\n&#8211; Tr\u00e8s grande r\u00e9sistance \u00e0 la d\u00e9chirure<\/p>\n<p><strong>Applications<\/strong><br \/>\n&#8211; Tr\u00e8s bien adapt\u00e9 au traitement manuel et m\u00e9canique<br \/>\n&#8211; Convient particuli\u00e8rement \u00e0 la fermeture de bo\u00eetes d&#8217;exp\u00e9dition l\u00e9g\u00e8res \u00e0 moyennement lourdes<\/p>\n","protected":false},"excerpt":{"rendered":"<p>tesapack\u00ae 4124 est un ruban adh\u00e9sif d&#8217;emballage haut de gamme \u00e0 base de film PVC et d&#8217;une forte masse adh\u00e9sive en caoutchouc naturel. Caract\u00e9ristiques &#8211; D\u00e9roulement r\u00e9gulier et silencieux &#8211; Tr\u00e8s grande r\u00e9sistance \u00e0 la d\u00e9chirure Applications &#8211; Tr\u00e8s bien adapt\u00e9 au traitement manuel et m\u00e9canique &#8211; Convient particuli\u00e8rement \u00e0 la fermeture de bo\u00eetes d&#8217;exp\u00e9dition [&hellip;]<\/p>\n","protected":false},"featured_media":26196,"template":"","meta":{"_acf_changed":false},"pwb-brand":[2165],"product_brand":[],"product_cat":[1772,1836,1841,1859],"product_tag":[],"class_list":{"0":"post-51883","1":"product","2":"type-product","3":"status-publish","4":"has-post-thumbnail","6":"pwb-brand-tesa-fr","7":"product_cat-secteur-du-transport","8":"product_cat-rubans-adhesifs-simple-face","9":"product_cat-film-pvc","10":"product_cat-systemes-demballage","12":"first","13":"instock","14":"taxable","15":"shipping-taxable","16":"purchasable","17":"product-type-variable"},"acf":[],"yoast_head":"<!-- This site is optimized with the Yoast SEO plugin v27.3 - https:\/\/yoast.com\/product\/yoast-seo-wordpress\/ -->\n<title>Tesa 4124 Ruban adh\u00e9sif d&#039;emballage en PVC | Cardinal TAPES<\/title>\n<meta name=\"description\" content=\"Tesa 4124 est un ruban adh\u00e9sif d&#039;emballage avec un support en PVC &amp; une masse adh\u00e9sive forte en caoutchouc naturel. En savoir plus sur tesa 4124.\" \/>\n<meta name=\"robots\" content=\"index, follow, max-snippet:-1, max-image-preview:large, max-video-preview:-1\" \/>\n<link rel=\"canonical\" href=\"https:\/\/cardinal-tapes.com\/fr\/rubans-adh\u00e9sifs\/secteur-du-transport\/tesa-4124-ruban-adhesif-demballage-en-pvc\/\" \/>\n<meta property=\"og:locale\" content=\"fr_FR\" \/>\n<meta property=\"og:type\" content=\"article\" \/>\n<meta property=\"og:title\" content=\"Tesa 4124 Ruban adh\u00e9sif d&#039;emballage en PVC | Cardinal TAPES\" \/>\n<meta property=\"og:description\" content=\"Tesa 4124 est un ruban adh\u00e9sif d&#039;emballage avec un support en PVC &amp; une masse adh\u00e9sive forte en caoutchouc naturel. En savoir plus sur tesa 4124.\" \/>\n<meta property=\"og:url\" content=\"https:\/\/cardinal-tapes.com\/fr\/rubans-adh\u00e9sifs\/secteur-du-transport\/tesa-4124-ruban-adhesif-demballage-en-pvc\/\" \/>\n<meta property=\"og:site_name\" content=\"cardinal TAPES\" \/>\n<meta property=\"og:image\" content=\"https:\/\/cardinal-tapes.com\/wp-content\/uploads\/tesa-04124_2.jpg\" \/>\n\t<meta property=\"og:image:width\" content=\"600\" \/>\n\t<meta property=\"og:image:height\" content=\"600\" \/>\n\t<meta property=\"og:image:type\" content=\"image\/jpeg\" \/>\n<meta name=\"twitter:card\" content=\"summary_large_image\" \/>\n<script type=\"application\/ld+json\" class=\"yoast-schema-graph\">{\"@context\":\"https:\\\/\\\/schema.org\",\"@graph\":[{\"@type\":\"WebPage\",\"@id\":\"https:\\\/\\\/cardinal-tapes.com\\\/fr\\\/rubans-adh\u00e9sifs\\\/secteur-du-transport\\\/tesa-4124-ruban-adhesif-demballage-en-pvc\\\/\",\"url\":\"https:\\\/\\\/cardinal-tapes.com\\\/fr\\\/rubans-adh\u00e9sifs\\\/secteur-du-transport\\\/tesa-4124-ruban-adhesif-demballage-en-pvc\\\/\",\"name\":\"Tesa 4124 Ruban adh\u00e9sif d'emballage en PVC | Cardinal TAPES\",\"isPartOf\":{\"@id\":\"https:\\\/\\\/cardinal-tapes.com\\\/#website\"},\"primaryImageOfPage\":{\"@id\":\"https:\\\/\\\/cardinal-tapes.com\\\/fr\\\/rubans-adh\u00e9sifs\\\/secteur-du-transport\\\/tesa-4124-ruban-adhesif-demballage-en-pvc\\\/#primaryimage\"},\"image\":{\"@id\":\"https:\\\/\\\/cardinal-tapes.com\\\/fr\\\/rubans-adh\u00e9sifs\\\/secteur-du-transport\\\/tesa-4124-ruban-adhesif-demballage-en-pvc\\\/#primaryimage\"},\"thumbnailUrl\":\"https:\\\/\\\/cardinal-tapes.com\\\/wp-content\\\/uploads\\\/tesa-04124_2.jpg\",\"datePublished\":\"2023-06-05T15:20:13+00:00\",\"description\":\"Tesa 4124 est un ruban adh\u00e9sif d'emballage avec un support en PVC & une masse adh\u00e9sive forte en caoutchouc naturel. En savoir plus sur tesa 4124.\",\"breadcrumb\":{\"@id\":\"https:\\\/\\\/cardinal-tapes.com\\\/fr\\\/rubans-adh\u00e9sifs\\\/secteur-du-transport\\\/tesa-4124-ruban-adhesif-demballage-en-pvc\\\/#breadcrumb\"},\"inLanguage\":\"fr-FR\",\"potentialAction\":[{\"@type\":\"ReadAction\",\"target\":[\"https:\\\/\\\/cardinal-tapes.com\\\/fr\\\/rubans-adh\u00e9sifs\\\/secteur-du-transport\\\/tesa-4124-ruban-adhesif-demballage-en-pvc\\\/\"]}]},{\"@type\":\"ImageObject\",\"inLanguage\":\"fr-FR\",\"@id\":\"https:\\\/\\\/cardinal-tapes.com\\\/fr\\\/rubans-adh\u00e9sifs\\\/secteur-du-transport\\\/tesa-4124-ruban-adhesif-demballage-en-pvc\\\/#primaryimage\",\"url\":\"https:\\\/\\\/cardinal-tapes.com\\\/wp-content\\\/uploads\\\/tesa-04124_2.jpg\",\"contentUrl\":\"https:\\\/\\\/cardinal-tapes.com\\\/wp-content\\\/uploads\\\/tesa-04124_2.jpg\",\"width\":600,\"height\":600,\"caption\":\"tesa 4124\"},{\"@type\":\"BreadcrumbList\",\"@id\":\"https:\\\/\\\/cardinal-tapes.com\\\/fr\\\/rubans-adh\u00e9sifs\\\/secteur-du-transport\\\/tesa-4124-ruban-adhesif-demballage-en-pvc\\\/#breadcrumb\",\"itemListElement\":[{\"@type\":\"ListItem\",\"position\":1,\"name\":\"Startseite\",\"item\":\"https:\\\/\\\/cardinal-tapes.com\\\/fr\\\/accueil\\\/\"},{\"@type\":\"ListItem\",\"position\":2,\"name\":\"Rubans adh\u00e9sifs\",\"item\":\"https:\\\/\\\/cardinal-tapes.com\\\/fr\\\/rubans-adhesifs-fr\\\/\"},{\"@type\":\"ListItem\",\"position\":3,\"name\":\"Secteur du transport\",\"item\":\"https:\\\/\\\/cardinal-tapes.com\\\/fr\\\/catgorie\\\/secteur-du-transport\\\/\"},{\"@type\":\"ListItem\",\"position\":4,\"name\":\"tesapack\u00ae 4124 Ruban adh\u00e9sif d&#8217;emballage en PVC\"}]},{\"@type\":\"WebSite\",\"@id\":\"https:\\\/\\\/cardinal-tapes.com\\\/#website\",\"url\":\"https:\\\/\\\/cardinal-tapes.com\\\/\",\"name\":\"cardinal TAPES\",\"description\":\"Klebetechnik aus Wuppertal\",\"potentialAction\":[{\"@type\":\"SearchAction\",\"target\":{\"@type\":\"EntryPoint\",\"urlTemplate\":\"https:\\\/\\\/cardinal-tapes.com\\\/?s={search_term_string}\"},\"query-input\":{\"@type\":\"PropertyValueSpecification\",\"valueRequired\":true,\"valueName\":\"search_term_string\"}}],\"inLanguage\":\"fr-FR\"}]}<\/script>\n<!-- \/ Yoast SEO plugin. -->","yoast_head_json":{"title":"Tesa 4124 Ruban adh\u00e9sif d'emballage en PVC | Cardinal TAPES","description":"Tesa 4124 est un ruban adh\u00e9sif d'emballage avec un support en PVC & une masse adh\u00e9sive forte en caoutchouc naturel. En savoir plus sur tesa 4124.","robots":{"index":"index","follow":"follow","max-snippet":"max-snippet:-1","max-image-preview":"max-image-preview:large","max-video-preview":"max-video-preview:-1"},"canonical":"https:\/\/cardinal-tapes.com\/fr\/rubans-adh\u00e9sifs\/secteur-du-transport\/tesa-4124-ruban-adhesif-demballage-en-pvc\/","og_locale":"fr_FR","og_type":"article","og_title":"Tesa 4124 Ruban adh\u00e9sif d'emballage en PVC | Cardinal TAPES","og_description":"Tesa 4124 est un ruban adh\u00e9sif d'emballage avec un support en PVC & une masse adh\u00e9sive forte en caoutchouc naturel. En savoir plus sur tesa 4124.","og_url":"https:\/\/cardinal-tapes.com\/fr\/rubans-adh\u00e9sifs\/secteur-du-transport\/tesa-4124-ruban-adhesif-demballage-en-pvc\/","og_site_name":"cardinal TAPES","og_image":[{"width":600,"height":600,"url":"https:\/\/cardinal-tapes.com\/wp-content\/uploads\/tesa-04124_2.jpg","type":"image\/jpeg"}],"twitter_card":"summary_large_image","schema":{"@context":"https:\/\/schema.org","@graph":[{"@type":"WebPage","@id":"https:\/\/cardinal-tapes.com\/fr\/rubans-adh\u00e9sifs\/secteur-du-transport\/tesa-4124-ruban-adhesif-demballage-en-pvc\/","url":"https:\/\/cardinal-tapes.com\/fr\/rubans-adh\u00e9sifs\/secteur-du-transport\/tesa-4124-ruban-adhesif-demballage-en-pvc\/","name":"Tesa 4124 Ruban adh\u00e9sif d'emballage en PVC | Cardinal TAPES","isPartOf":{"@id":"https:\/\/cardinal-tapes.com\/#website"},"primaryImageOfPage":{"@id":"https:\/\/cardinal-tapes.com\/fr\/rubans-adh\u00e9sifs\/secteur-du-transport\/tesa-4124-ruban-adhesif-demballage-en-pvc\/#primaryimage"},"image":{"@id":"https:\/\/cardinal-tapes.com\/fr\/rubans-adh\u00e9sifs\/secteur-du-transport\/tesa-4124-ruban-adhesif-demballage-en-pvc\/#primaryimage"},"thumbnailUrl":"https:\/\/cardinal-tapes.com\/wp-content\/uploads\/tesa-04124_2.jpg","datePublished":"2023-06-05T15:20:13+00:00","description":"Tesa 4124 est un ruban adh\u00e9sif d'emballage avec un support en PVC & une masse adh\u00e9sive forte en caoutchouc naturel. En savoir plus sur tesa 4124.","breadcrumb":{"@id":"https:\/\/cardinal-tapes.com\/fr\/rubans-adh\u00e9sifs\/secteur-du-transport\/tesa-4124-ruban-adhesif-demballage-en-pvc\/#breadcrumb"},"inLanguage":"fr-FR","potentialAction":[{"@type":"ReadAction","target":["https:\/\/cardinal-tapes.com\/fr\/rubans-adh\u00e9sifs\/secteur-du-transport\/tesa-4124-ruban-adhesif-demballage-en-pvc\/"]}]},{"@type":"ImageObject","inLanguage":"fr-FR","@id":"https:\/\/cardinal-tapes.com\/fr\/rubans-adh\u00e9sifs\/secteur-du-transport\/tesa-4124-ruban-adhesif-demballage-en-pvc\/#primaryimage","url":"https:\/\/cardinal-tapes.com\/wp-content\/uploads\/tesa-04124_2.jpg","contentUrl":"https:\/\/cardinal-tapes.com\/wp-content\/uploads\/tesa-04124_2.jpg","width":600,"height":600,"caption":"tesa 4124"},{"@type":"BreadcrumbList","@id":"https:\/\/cardinal-tapes.com\/fr\/rubans-adh\u00e9sifs\/secteur-du-transport\/tesa-4124-ruban-adhesif-demballage-en-pvc\/#breadcrumb","itemListElement":[{"@type":"ListItem","position":1,"name":"Startseite","item":"https:\/\/cardinal-tapes.com\/fr\/accueil\/"},{"@type":"ListItem","position":2,"name":"Rubans adh\u00e9sifs","item":"https:\/\/cardinal-tapes.com\/fr\/rubans-adhesifs-fr\/"},{"@type":"ListItem","position":3,"name":"Secteur du transport","item":"https:\/\/cardinal-tapes.com\/fr\/catgorie\/secteur-du-transport\/"},{"@type":"ListItem","position":4,"name":"tesapack\u00ae 4124 Ruban adh\u00e9sif d&#8217;emballage en PVC"}]},{"@type":"WebSite","@id":"https:\/\/cardinal-tapes.com\/#website","url":"https:\/\/cardinal-tapes.com\/","name":"cardinal TAPES","description":"Klebetechnik aus Wuppertal","potentialAction":[{"@type":"SearchAction","target":{"@type":"EntryPoint","urlTemplate":"https:\/\/cardinal-tapes.com\/?s={search_term_string}"},"query-input":{"@type":"PropertyValueSpecification","valueRequired":true,"valueName":"search_term_string"}}],"inLanguage":"fr-FR"}]}},"brands":[{"id":2165,"name":"tesa","slug":"tesa-fr"}],"_links":{"self":[{"href":"https:\/\/cardinal-tapes.com\/fr\/wp-json\/wp\/v2\/product\/51883","targetHints":{"allow":["GET"]}}],"collection":[{"href":"https:\/\/cardinal-tapes.com\/fr\/wp-json\/wp\/v2\/product"}],"about":[{"href":"https:\/\/cardinal-tapes.com\/fr\/wp-json\/wp\/v2\/types\/product"}],"wp:featuredmedia":[{"embeddable":true,"href":"https:\/\/cardinal-tapes.com\/fr\/wp-json\/wp\/v2\/media\/26196"}],"wp:attachment":[{"href":"https:\/\/cardinal-tapes.com\/fr\/wp-json\/wp\/v2\/media?parent=51883"}],"wp:term":[{"taxonomy":"pwb-brand","embeddable":true,"href":"https:\/\/cardinal-tapes.com\/fr\/wp-json\/wp\/v2\/pwb-brand?post=51883"},{"taxonomy":"product_brand","embeddable":true,"href":"https:\/\/cardinal-tapes.com\/fr\/wp-json\/wp\/v2\/product_brand?post=51883"},{"taxonomy":"product_cat","embeddable":true,"href":"https:\/\/cardinal-tapes.com\/fr\/wp-json\/wp\/v2\/product_cat?post=51883"},{"taxonomy":"product_tag","embeddable":true,"href":"https:\/\/cardinal-tapes.com\/fr\/wp-json\/wp\/v2\/product_tag?post=51883"}],"curies":[{"name":"wp","href":"https:\/\/api.w.org\/{rel}","templated":true}]}}