{"id":51842,"date":"2018-02-06T11:13:21","date_gmt":"2023-06-05T15:20:13","guid":{"rendered":"https:\/\/cardinal.pixel-tal.de\/klebebaender\/non class\u00e9\/tesakrepp-4348-ruban-adhesif-crepe\/"},"modified":"2023-06-05T17:20:13","modified_gmt":"2023-06-05T15:20:13","slug":"tesa-4348-bande-adhesive-en-crepe","status":"publish","type":"product","link":"https:\/\/cardinal-tapes.com\/fr\/rubans-adh\u00e9sifs\/domaines-dapplication\/ruban-adhesif-en-papier\/tesa-4348-bande-adhesive-en-crepe\/","title":{"rendered":"tesakrepp\u00ae 4348 Ruban adh\u00e9sif cr\u00eap\u00e9"},"content":{"rendered":"<p><sup>tesakrepp\u00ae<\/sup> 4348 est un ruban de peintre standard l\u00e9g\u00e8rement cr\u00eap\u00e9, r\u00e9sistant \u00e0 la d\u00e9chirure, dot\u00e9 d&#8217;une masse adh\u00e9sive en caoutchouc naturel et adapt\u00e9 aux travaux de peinture simples en int\u00e9rieur. Le ruban de peintre souple et l\u00e9g\u00e8rement extensible peut \u00eatre d\u00e9chir\u00e9 \u00e0 la main, utilis\u00e9 jusqu&#8217;\u00e0 7 jours et retir\u00e9 sans probl\u00e8me apr\u00e8s usage. Gr\u00e2ce \u00e0 ses bonnes propri\u00e9t\u00e9s adh\u00e9sives, il permet d&#8217;obtenir des bords de peinture nets et constitue une base fiable pour les travaux de peinture professionnels.<\/p>\n<p><strong>Caract\u00e9ristiques<\/strong><br \/>\n&#8211; Surfaces lisses<br \/>\n&#8211; D\u00e9chirable \u00e0 la main<br \/>\n&#8211; Bonne adh\u00e9rence de la peinture<\/p>\n<p><strong>Applications<br \/>\n<\/strong>&#8211; Pour la fabrication de masques de masquage l\u00e9gers<\/p>\n","protected":false},"excerpt":{"rendered":"<p>tesakrepp\u00ae 4348 est un ruban de peintre standard l\u00e9g\u00e8rement cr\u00eap\u00e9, r\u00e9sistant \u00e0 la d\u00e9chirure, dot\u00e9 d&#8217;une masse adh\u00e9sive en caoutchouc naturel et adapt\u00e9 aux travaux de peinture simples en int\u00e9rieur. Le ruban de peintre souple et l\u00e9g\u00e8rement extensible peut \u00eatre d\u00e9chir\u00e9 \u00e0 la main, utilis\u00e9 jusqu&#8217;\u00e0 7 jours et retir\u00e9 sans probl\u00e8me apr\u00e8s usage. Gr\u00e2ce [&hellip;]<\/p>\n","protected":false},"featured_media":26168,"template":"","meta":{"_acf_changed":false},"pwb-brand":[2165],"product_brand":[],"product_cat":[1766,1836],"product_tag":[],"class_list":{"0":"post-51842","1":"product","2":"type-product","3":"status-publish","4":"has-post-thumbnail","6":"pwb-brand-tesa-fr","7":"product_cat-ruban-adhesif-en-papier","8":"product_cat-rubans-adhesifs-simple-face","10":"first","11":"instock","12":"taxable","13":"shipping-taxable","14":"purchasable","15":"product-type-variable"},"acf":[],"yoast_head":"<!-- This site is optimized with the Yoast SEO plugin v27.3 - https:\/\/yoast.com\/product\/yoast-seo-wordpress\/ -->\n<title>tesa 4348 Ruban adh\u00e9sif cr\u00eap\u00e9 avec caoutchouc naturel | Cardinal TAPES<\/title>\n<meta name=\"description\" content=\"Le ruban de masquage tesa 4348 pour peintres est un ruban adh\u00e9sif cr\u00eap\u00e9 faiblement cr\u00eap\u00e9, sp\u00e9cialement con\u00e7u pour les applications de peinture. En savoir plus.\" \/>\n<meta name=\"robots\" content=\"index, follow, max-snippet:-1, max-image-preview:large, max-video-preview:-1\" \/>\n<link rel=\"canonical\" href=\"https:\/\/cardinal-tapes.com\/fr\/rubans-adh\u00e9sifs\/ruban-adhesif-en-papier\/tesa-4348-bande-adhesive-en-crepe\/\" \/>\n<meta property=\"og:locale\" content=\"fr_FR\" \/>\n<meta property=\"og:type\" content=\"article\" \/>\n<meta property=\"og:title\" content=\"tesa 4348 Ruban adh\u00e9sif cr\u00eap\u00e9 avec caoutchouc naturel | Cardinal TAPES\" \/>\n<meta property=\"og:description\" content=\"Le ruban de masquage tesa 4348 pour peintres est un ruban adh\u00e9sif cr\u00eap\u00e9 faiblement cr\u00eap\u00e9, sp\u00e9cialement con\u00e7u pour les applications de peinture. En savoir plus.\" \/>\n<meta property=\"og:url\" content=\"https:\/\/cardinal-tapes.com\/fr\/rubans-adh\u00e9sifs\/ruban-adhesif-en-papier\/tesa-4348-bande-adhesive-en-crepe\/\" \/>\n<meta property=\"og:site_name\" content=\"cardinal TAPES\" \/>\n<meta property=\"og:image\" content=\"https:\/\/cardinal-tapes.com\/wp-content\/uploads\/tesa_04348.jpg\" \/>\n\t<meta property=\"og:image:width\" content=\"600\" \/>\n\t<meta property=\"og:image:height\" content=\"600\" \/>\n\t<meta property=\"og:image:type\" content=\"image\/jpeg\" \/>\n<meta name=\"twitter:card\" content=\"summary_large_image\" \/>\n<meta name=\"twitter:label1\" content=\"Dur\u00e9e de lecture estim\u00e9e\" \/>\n\t<meta name=\"twitter:data1\" content=\"1 minute\" \/>\n<script type=\"application\/ld+json\" class=\"yoast-schema-graph\">{\"@context\":\"https:\\\/\\\/schema.org\",\"@graph\":[{\"@type\":\"WebPage\",\"@id\":\"https:\\\/\\\/cardinal-tapes.com\\\/fr\\\/rubans-adh\u00e9sifs\\\/ruban-adhesif-en-papier\\\/tesa-4348-bande-adhesive-en-crepe\\\/\",\"url\":\"https:\\\/\\\/cardinal-tapes.com\\\/fr\\\/rubans-adh\u00e9sifs\\\/ruban-adhesif-en-papier\\\/tesa-4348-bande-adhesive-en-crepe\\\/\",\"name\":\"tesa 4348 Ruban adh\u00e9sif cr\u00eap\u00e9 avec caoutchouc naturel | Cardinal TAPES\",\"isPartOf\":{\"@id\":\"https:\\\/\\\/cardinal-tapes.com\\\/#website\"},\"primaryImageOfPage\":{\"@id\":\"https:\\\/\\\/cardinal-tapes.com\\\/fr\\\/rubans-adh\u00e9sifs\\\/ruban-adhesif-en-papier\\\/tesa-4348-bande-adhesive-en-crepe\\\/#primaryimage\"},\"image\":{\"@id\":\"https:\\\/\\\/cardinal-tapes.com\\\/fr\\\/rubans-adh\u00e9sifs\\\/ruban-adhesif-en-papier\\\/tesa-4348-bande-adhesive-en-crepe\\\/#primaryimage\"},\"thumbnailUrl\":\"https:\\\/\\\/cardinal-tapes.com\\\/wp-content\\\/uploads\\\/tesa_04348.jpg\",\"datePublished\":\"2023-06-05T15:20:13+00:00\",\"description\":\"Le ruban de masquage tesa 4348 pour peintres est un ruban adh\u00e9sif cr\u00eap\u00e9 faiblement cr\u00eap\u00e9, sp\u00e9cialement con\u00e7u pour les applications de peinture. En savoir plus.\",\"breadcrumb\":{\"@id\":\"https:\\\/\\\/cardinal-tapes.com\\\/fr\\\/rubans-adh\u00e9sifs\\\/ruban-adhesif-en-papier\\\/tesa-4348-bande-adhesive-en-crepe\\\/#breadcrumb\"},\"inLanguage\":\"fr-FR\",\"potentialAction\":[{\"@type\":\"ReadAction\",\"target\":[\"https:\\\/\\\/cardinal-tapes.com\\\/fr\\\/rubans-adh\u00e9sifs\\\/ruban-adhesif-en-papier\\\/tesa-4348-bande-adhesive-en-crepe\\\/\"]}]},{\"@type\":\"ImageObject\",\"inLanguage\":\"fr-FR\",\"@id\":\"https:\\\/\\\/cardinal-tapes.com\\\/fr\\\/rubans-adh\u00e9sifs\\\/ruban-adhesif-en-papier\\\/tesa-4348-bande-adhesive-en-crepe\\\/#primaryimage\",\"url\":\"https:\\\/\\\/cardinal-tapes.com\\\/wp-content\\\/uploads\\\/tesa_04348.jpg\",\"contentUrl\":\"https:\\\/\\\/cardinal-tapes.com\\\/wp-content\\\/uploads\\\/tesa_04348.jpg\",\"width\":600,\"height\":600,\"caption\":\"tesa 4348\"},{\"@type\":\"BreadcrumbList\",\"@id\":\"https:\\\/\\\/cardinal-tapes.com\\\/fr\\\/rubans-adh\u00e9sifs\\\/ruban-adhesif-en-papier\\\/tesa-4348-bande-adhesive-en-crepe\\\/#breadcrumb\",\"itemListElement\":[{\"@type\":\"ListItem\",\"position\":1,\"name\":\"Startseite\",\"item\":\"https:\\\/\\\/cardinal-tapes.com\\\/fr\\\/accueil\\\/\"},{\"@type\":\"ListItem\",\"position\":2,\"name\":\"Rubans adh\u00e9sifs\",\"item\":\"https:\\\/\\\/cardinal-tapes.com\\\/fr\\\/rubans-adhesifs-fr\\\/\"},{\"@type\":\"ListItem\",\"position\":3,\"name\":\"Ruban adh\u00e9sif en papier\",\"item\":\"https:\\\/\\\/cardinal-tapes.com\\\/fr\\\/catgorie\\\/ruban-adhesif-en-papier\\\/\"},{\"@type\":\"ListItem\",\"position\":4,\"name\":\"tesakrepp\u00ae 4348 Ruban adh\u00e9sif cr\u00eap\u00e9\"}]},{\"@type\":\"WebSite\",\"@id\":\"https:\\\/\\\/cardinal-tapes.com\\\/#website\",\"url\":\"https:\\\/\\\/cardinal-tapes.com\\\/\",\"name\":\"cardinal TAPES\",\"description\":\"Klebetechnik aus Wuppertal\",\"potentialAction\":[{\"@type\":\"SearchAction\",\"target\":{\"@type\":\"EntryPoint\",\"urlTemplate\":\"https:\\\/\\\/cardinal-tapes.com\\\/?s={search_term_string}\"},\"query-input\":{\"@type\":\"PropertyValueSpecification\",\"valueRequired\":true,\"valueName\":\"search_term_string\"}}],\"inLanguage\":\"fr-FR\"}]}<\/script>\n<!-- \/ Yoast SEO plugin. -->","yoast_head_json":{"title":"tesa 4348 Ruban adh\u00e9sif cr\u00eap\u00e9 avec caoutchouc naturel | Cardinal TAPES","description":"Le ruban de masquage tesa 4348 pour peintres est un ruban adh\u00e9sif cr\u00eap\u00e9 faiblement cr\u00eap\u00e9, sp\u00e9cialement con\u00e7u pour les applications de peinture. En savoir plus.","robots":{"index":"index","follow":"follow","max-snippet":"max-snippet:-1","max-image-preview":"max-image-preview:large","max-video-preview":"max-video-preview:-1"},"canonical":"https:\/\/cardinal-tapes.com\/fr\/rubans-adh\u00e9sifs\/ruban-adhesif-en-papier\/tesa-4348-bande-adhesive-en-crepe\/","og_locale":"fr_FR","og_type":"article","og_title":"tesa 4348 Ruban adh\u00e9sif cr\u00eap\u00e9 avec caoutchouc naturel | Cardinal TAPES","og_description":"Le ruban de masquage tesa 4348 pour peintres est un ruban adh\u00e9sif cr\u00eap\u00e9 faiblement cr\u00eap\u00e9, sp\u00e9cialement con\u00e7u pour les applications de peinture. En savoir plus.","og_url":"https:\/\/cardinal-tapes.com\/fr\/rubans-adh\u00e9sifs\/ruban-adhesif-en-papier\/tesa-4348-bande-adhesive-en-crepe\/","og_site_name":"cardinal TAPES","og_image":[{"width":600,"height":600,"url":"https:\/\/cardinal-tapes.com\/wp-content\/uploads\/tesa_04348.jpg","type":"image\/jpeg"}],"twitter_card":"summary_large_image","twitter_misc":{"Dur\u00e9e de lecture estim\u00e9e":"1 minute"},"schema":{"@context":"https:\/\/schema.org","@graph":[{"@type":"WebPage","@id":"https:\/\/cardinal-tapes.com\/fr\/rubans-adh\u00e9sifs\/ruban-adhesif-en-papier\/tesa-4348-bande-adhesive-en-crepe\/","url":"https:\/\/cardinal-tapes.com\/fr\/rubans-adh\u00e9sifs\/ruban-adhesif-en-papier\/tesa-4348-bande-adhesive-en-crepe\/","name":"tesa 4348 Ruban adh\u00e9sif cr\u00eap\u00e9 avec caoutchouc naturel | Cardinal TAPES","isPartOf":{"@id":"https:\/\/cardinal-tapes.com\/#website"},"primaryImageOfPage":{"@id":"https:\/\/cardinal-tapes.com\/fr\/rubans-adh\u00e9sifs\/ruban-adhesif-en-papier\/tesa-4348-bande-adhesive-en-crepe\/#primaryimage"},"image":{"@id":"https:\/\/cardinal-tapes.com\/fr\/rubans-adh\u00e9sifs\/ruban-adhesif-en-papier\/tesa-4348-bande-adhesive-en-crepe\/#primaryimage"},"thumbnailUrl":"https:\/\/cardinal-tapes.com\/wp-content\/uploads\/tesa_04348.jpg","datePublished":"2023-06-05T15:20:13+00:00","description":"Le ruban de masquage tesa 4348 pour peintres est un ruban adh\u00e9sif cr\u00eap\u00e9 faiblement cr\u00eap\u00e9, sp\u00e9cialement con\u00e7u pour les applications de peinture. En savoir plus.","breadcrumb":{"@id":"https:\/\/cardinal-tapes.com\/fr\/rubans-adh\u00e9sifs\/ruban-adhesif-en-papier\/tesa-4348-bande-adhesive-en-crepe\/#breadcrumb"},"inLanguage":"fr-FR","potentialAction":[{"@type":"ReadAction","target":["https:\/\/cardinal-tapes.com\/fr\/rubans-adh\u00e9sifs\/ruban-adhesif-en-papier\/tesa-4348-bande-adhesive-en-crepe\/"]}]},{"@type":"ImageObject","inLanguage":"fr-FR","@id":"https:\/\/cardinal-tapes.com\/fr\/rubans-adh\u00e9sifs\/ruban-adhesif-en-papier\/tesa-4348-bande-adhesive-en-crepe\/#primaryimage","url":"https:\/\/cardinal-tapes.com\/wp-content\/uploads\/tesa_04348.jpg","contentUrl":"https:\/\/cardinal-tapes.com\/wp-content\/uploads\/tesa_04348.jpg","width":600,"height":600,"caption":"tesa 4348"},{"@type":"BreadcrumbList","@id":"https:\/\/cardinal-tapes.com\/fr\/rubans-adh\u00e9sifs\/ruban-adhesif-en-papier\/tesa-4348-bande-adhesive-en-crepe\/#breadcrumb","itemListElement":[{"@type":"ListItem","position":1,"name":"Startseite","item":"https:\/\/cardinal-tapes.com\/fr\/accueil\/"},{"@type":"ListItem","position":2,"name":"Rubans adh\u00e9sifs","item":"https:\/\/cardinal-tapes.com\/fr\/rubans-adhesifs-fr\/"},{"@type":"ListItem","position":3,"name":"Ruban adh\u00e9sif en papier","item":"https:\/\/cardinal-tapes.com\/fr\/catgorie\/ruban-adhesif-en-papier\/"},{"@type":"ListItem","position":4,"name":"tesakrepp\u00ae 4348 Ruban adh\u00e9sif cr\u00eap\u00e9"}]},{"@type":"WebSite","@id":"https:\/\/cardinal-tapes.com\/#website","url":"https:\/\/cardinal-tapes.com\/","name":"cardinal TAPES","description":"Klebetechnik aus Wuppertal","potentialAction":[{"@type":"SearchAction","target":{"@type":"EntryPoint","urlTemplate":"https:\/\/cardinal-tapes.com\/?s={search_term_string}"},"query-input":{"@type":"PropertyValueSpecification","valueRequired":true,"valueName":"search_term_string"}}],"inLanguage":"fr-FR"}]}},"brands":[{"id":2165,"name":"tesa","slug":"tesa-fr"}],"_links":{"self":[{"href":"https:\/\/cardinal-tapes.com\/fr\/wp-json\/wp\/v2\/product\/51842","targetHints":{"allow":["GET"]}}],"collection":[{"href":"https:\/\/cardinal-tapes.com\/fr\/wp-json\/wp\/v2\/product"}],"about":[{"href":"https:\/\/cardinal-tapes.com\/fr\/wp-json\/wp\/v2\/types\/product"}],"wp:featuredmedia":[{"embeddable":true,"href":"https:\/\/cardinal-tapes.com\/fr\/wp-json\/wp\/v2\/media\/26168"}],"wp:attachment":[{"href":"https:\/\/cardinal-tapes.com\/fr\/wp-json\/wp\/v2\/media?parent=51842"}],"wp:term":[{"taxonomy":"pwb-brand","embeddable":true,"href":"https:\/\/cardinal-tapes.com\/fr\/wp-json\/wp\/v2\/pwb-brand?post=51842"},{"taxonomy":"product_brand","embeddable":true,"href":"https:\/\/cardinal-tapes.com\/fr\/wp-json\/wp\/v2\/product_brand?post=51842"},{"taxonomy":"product_cat","embeddable":true,"href":"https:\/\/cardinal-tapes.com\/fr\/wp-json\/wp\/v2\/product_cat?post=51842"},{"taxonomy":"product_tag","embeddable":true,"href":"https:\/\/cardinal-tapes.com\/fr\/wp-json\/wp\/v2\/product_tag?post=51842"}],"curies":[{"name":"wp","href":"https:\/\/api.w.org\/{rel}","templated":true}]}}