{"id":51826,"date":"2018-02-06T10:25:58","date_gmt":"2023-06-05T15:20:12","guid":{"rendered":"https:\/\/cardinal.pixel-tal.de\/klebebaender\/non%20class\u00e9\/tesa-4169-premium-ruban-de-marquage-au-sol-davertissement\/"},"modified":"2025-07-03T14:30:46","modified_gmt":"2025-07-03T12:30:46","slug":"tesa-4169-bande-de-marquage-au-sol","status":"publish","type":"product","link":"https:\/\/cardinal-tapes.com\/fr\/rubans-adh\u00e9sifs\/domaines-dapplication\/ruban-adhesif-de-marquage-au-sol\/tesa-4169-bande-de-marquage-au-sol\/","title":{"rendered":"tesa\u00ae 4169 Premium Ruban de marquage au sol &amp; d&#8217;avertissement"},"content":{"rendered":"<section class=\"component js-toc-target\" data-style=\"components\/article-text\" data-toc-name=\"pages-product-product-description\">\n<div class=\"row\">\n<div class=\"col-default-12 col-sm-9\">\n<p><sup>tesa\u00ae<\/sup> 4169 est un ruban adh\u00e9sif avec un support en PVC souple et une masse adh\u00e9sive en acrylate. Il est particuli\u00e8rement adapt\u00e9 aux marquages durables et exigeants ainsi qu&#8217;aux applications en ext\u00e9rieur \/ r\u00e9sistant aux UV. Selon la couleur choisie, <sup>tesa\u00ae<\/sup> 4169 peut \u00eatre utilis\u00e9 comme ruban de marquage au sol ou comme ruban d&#8217;avertissement.<\/p>\n<p><strong>Caract\u00e9ristiques<\/strong><br \/>\n&#8211; Bonne r\u00e9sistance aux rayons UV<br \/>\n&#8211; R\u00e9sistant aux intemp\u00e9ries<\/p>\n<p><strong>Applications<\/strong><br \/>\n&#8211; D\u00e9limitation de zones de travail, par exemple dans les halls d&#8217;usine et les entrep\u00f4ts<br \/>\n&#8211; Bande de guidage pour v\u00e9hicules de transport \u00e0 commande optique<br \/>\n&#8211; Marquage d&#8217;emplacements et de couloirs dans les halls d&#8217;usine, sur les salons et dans les h\u00f4pitaux<\/p>\n<\/div>\n<\/div>\n<\/section>\n","protected":false},"excerpt":{"rendered":"<p>tesa\u00ae 4169 est un ruban adh\u00e9sif avec un support en PVC souple et une masse adh\u00e9sive en acrylate. Il est particuli\u00e8rement adapt\u00e9 aux marquages durables et exigeants ainsi qu&#8217;aux applications en ext\u00e9rieur \/ r\u00e9sistant aux UV. Selon la couleur choisie, tesa\u00ae 4169 peut \u00eatre utilis\u00e9 comme ruban de marquage au sol ou comme ruban d&#8217;avertissement. [&hellip;]<\/p>\n","protected":false},"featured_media":26200,"template":"","meta":{"_acf_changed":false},"pwb-brand":[2165],"product_brand":[],"product_cat":[1671,1836],"product_tag":[],"class_list":{"0":"post-51826","1":"product","2":"type-product","3":"status-publish","4":"has-post-thumbnail","6":"pwb-brand-tesa-fr","7":"product_cat-ruban-adhesif-de-marquage-au-sol","8":"product_cat-rubans-adhesifs-simple-face","10":"first","11":"instock","12":"taxable","13":"shipping-taxable","14":"purchasable","15":"product-type-variable"},"acf":[],"yoast_head":"<!-- This site is optimized with the Yoast SEO plugin v27.3 - https:\/\/yoast.com\/product\/yoast-seo-wordpress\/ -->\n<title>Tesa 4169 Ruban de marquage au sol | Cardinal TAPES<\/title>\n<meta name=\"description\" content=\"Tesa 4169 est un ruban de marquage au sol avec un support en PVC souple et une masse adh\u00e9sive acrylique. Pour en savoir plus sur tesa 4169, cliquez ici. Prenez contact avec nous.\" \/>\n<meta name=\"robots\" content=\"index, follow, max-snippet:-1, max-image-preview:large, max-video-preview:-1\" \/>\n<link rel=\"canonical\" href=\"https:\/\/cardinal-tapes.com\/fr\/rubans-adh\u00e9sifs\/domaines-dapplication\/ruban-adhesif-de-marquage-au-sol\/tesa-4169-bande-de-marquage-au-sol\/\" \/>\n<meta property=\"og:locale\" content=\"fr_FR\" \/>\n<meta property=\"og:type\" content=\"article\" \/>\n<meta property=\"og:title\" content=\"Tesa 4169 Ruban de marquage au sol | Cardinal TAPES\" \/>\n<meta property=\"og:description\" content=\"Tesa 4169 est un ruban de marquage au sol avec un support en PVC souple et une masse adh\u00e9sive acrylique. Pour en savoir plus sur tesa 4169, cliquez ici. Prenez contact avec nous.\" \/>\n<meta property=\"og:url\" content=\"https:\/\/cardinal-tapes.com\/fr\/rubans-adh\u00e9sifs\/domaines-dapplication\/ruban-adhesif-de-marquage-au-sol\/tesa-4169-bande-de-marquage-au-sol\/\" \/>\n<meta property=\"og:site_name\" content=\"cardinal TAPES\" \/>\n<meta property=\"article:modified_time\" content=\"2025-07-03T12:30:46+00:00\" \/>\n<meta property=\"og:image\" content=\"https:\/\/cardinal-tapes.com\/wp-content\/uploads\/tesa-04169.jpg\" \/>\n\t<meta property=\"og:image:width\" content=\"600\" \/>\n\t<meta property=\"og:image:height\" content=\"600\" \/>\n\t<meta property=\"og:image:type\" content=\"image\/jpeg\" \/>\n<meta name=\"twitter:card\" content=\"summary_large_image\" \/>\n<meta name=\"twitter:label1\" content=\"Dur\u00e9e de lecture estim\u00e9e\" \/>\n\t<meta name=\"twitter:data1\" content=\"1 minute\" \/>\n<script type=\"application\/ld+json\" class=\"yoast-schema-graph\">{\"@context\":\"https:\\\/\\\/schema.org\",\"@graph\":[{\"@type\":\"WebPage\",\"@id\":\"https:\\\/\\\/cardinal-tapes.com\\\/fr\\\/rubans-adh\u00e9sifs\\\/domaines-dapplication\\\/ruban-adhesif-de-marquage-au-sol\\\/tesa-4169-bande-de-marquage-au-sol\\\/\",\"url\":\"https:\\\/\\\/cardinal-tapes.com\\\/fr\\\/rubans-adh\u00e9sifs\\\/domaines-dapplication\\\/ruban-adhesif-de-marquage-au-sol\\\/tesa-4169-bande-de-marquage-au-sol\\\/\",\"name\":\"Tesa 4169 Ruban de marquage au sol | Cardinal TAPES\",\"isPartOf\":{\"@id\":\"https:\\\/\\\/cardinal-tapes.com\\\/#website\"},\"primaryImageOfPage\":{\"@id\":\"https:\\\/\\\/cardinal-tapes.com\\\/fr\\\/rubans-adh\u00e9sifs\\\/domaines-dapplication\\\/ruban-adhesif-de-marquage-au-sol\\\/tesa-4169-bande-de-marquage-au-sol\\\/#primaryimage\"},\"image\":{\"@id\":\"https:\\\/\\\/cardinal-tapes.com\\\/fr\\\/rubans-adh\u00e9sifs\\\/domaines-dapplication\\\/ruban-adhesif-de-marquage-au-sol\\\/tesa-4169-bande-de-marquage-au-sol\\\/#primaryimage\"},\"thumbnailUrl\":\"https:\\\/\\\/cardinal-tapes.com\\\/wp-content\\\/uploads\\\/tesa-04169.jpg\",\"datePublished\":\"2023-06-05T15:20:12+00:00\",\"dateModified\":\"2025-07-03T12:30:46+00:00\",\"description\":\"Tesa 4169 est un ruban de marquage au sol avec un support en PVC souple et une masse adh\u00e9sive acrylique. Pour en savoir plus sur tesa 4169, cliquez ici. Prenez contact avec nous.\",\"breadcrumb\":{\"@id\":\"https:\\\/\\\/cardinal-tapes.com\\\/fr\\\/rubans-adh\u00e9sifs\\\/domaines-dapplication\\\/ruban-adhesif-de-marquage-au-sol\\\/tesa-4169-bande-de-marquage-au-sol\\\/#breadcrumb\"},\"inLanguage\":\"fr-FR\",\"potentialAction\":[{\"@type\":\"ReadAction\",\"target\":[\"https:\\\/\\\/cardinal-tapes.com\\\/fr\\\/rubans-adh\u00e9sifs\\\/domaines-dapplication\\\/ruban-adhesif-de-marquage-au-sol\\\/tesa-4169-bande-de-marquage-au-sol\\\/\"]}]},{\"@type\":\"ImageObject\",\"inLanguage\":\"fr-FR\",\"@id\":\"https:\\\/\\\/cardinal-tapes.com\\\/fr\\\/rubans-adh\u00e9sifs\\\/domaines-dapplication\\\/ruban-adhesif-de-marquage-au-sol\\\/tesa-4169-bande-de-marquage-au-sol\\\/#primaryimage\",\"url\":\"https:\\\/\\\/cardinal-tapes.com\\\/wp-content\\\/uploads\\\/tesa-04169.jpg\",\"contentUrl\":\"https:\\\/\\\/cardinal-tapes.com\\\/wp-content\\\/uploads\\\/tesa-04169.jpg\",\"width\":600,\"height\":600,\"caption\":\"tesa 4169\"},{\"@type\":\"BreadcrumbList\",\"@id\":\"https:\\\/\\\/cardinal-tapes.com\\\/fr\\\/rubans-adh\u00e9sifs\\\/domaines-dapplication\\\/ruban-adhesif-de-marquage-au-sol\\\/tesa-4169-bande-de-marquage-au-sol\\\/#breadcrumb\",\"itemListElement\":[{\"@type\":\"ListItem\",\"position\":1,\"name\":\"Startseite\",\"item\":\"https:\\\/\\\/cardinal-tapes.com\\\/fr\\\/accueil\\\/\"},{\"@type\":\"ListItem\",\"position\":2,\"name\":\"Rubans adh\u00e9sifs\",\"item\":\"https:\\\/\\\/cardinal-tapes.com\\\/fr\\\/rubans-adhesifs-fr\\\/\"},{\"@type\":\"ListItem\",\"position\":3,\"name\":\"Einseitige Klebeb\u00e4nder\",\"item\":\"https:\\\/\\\/cardinal-tapes.com\\\/kategorie\\\/einseitige-klebebaender\\\/\"},{\"@type\":\"ListItem\",\"position\":4,\"name\":\"tesa\u00ae 4169 Premium Ruban de marquage au sol &amp; d&#8217;avertissement\"}]},{\"@type\":\"WebSite\",\"@id\":\"https:\\\/\\\/cardinal-tapes.com\\\/#website\",\"url\":\"https:\\\/\\\/cardinal-tapes.com\\\/\",\"name\":\"cardinal TAPES\",\"description\":\"Klebetechnik aus Wuppertal\",\"potentialAction\":[{\"@type\":\"SearchAction\",\"target\":{\"@type\":\"EntryPoint\",\"urlTemplate\":\"https:\\\/\\\/cardinal-tapes.com\\\/?s={search_term_string}\"},\"query-input\":{\"@type\":\"PropertyValueSpecification\",\"valueRequired\":true,\"valueName\":\"search_term_string\"}}],\"inLanguage\":\"fr-FR\"}]}<\/script>\n<!-- \/ Yoast SEO plugin. -->","yoast_head_json":{"title":"Tesa 4169 Ruban de marquage au sol | Cardinal TAPES","description":"Tesa 4169 est un ruban de marquage au sol avec un support en PVC souple et une masse adh\u00e9sive acrylique. Pour en savoir plus sur tesa 4169, cliquez ici. Prenez contact avec nous.","robots":{"index":"index","follow":"follow","max-snippet":"max-snippet:-1","max-image-preview":"max-image-preview:large","max-video-preview":"max-video-preview:-1"},"canonical":"https:\/\/cardinal-tapes.com\/fr\/rubans-adh\u00e9sifs\/domaines-dapplication\/ruban-adhesif-de-marquage-au-sol\/tesa-4169-bande-de-marquage-au-sol\/","og_locale":"fr_FR","og_type":"article","og_title":"Tesa 4169 Ruban de marquage au sol | Cardinal TAPES","og_description":"Tesa 4169 est un ruban de marquage au sol avec un support en PVC souple et une masse adh\u00e9sive acrylique. Pour en savoir plus sur tesa 4169, cliquez ici. Prenez contact avec nous.","og_url":"https:\/\/cardinal-tapes.com\/fr\/rubans-adh\u00e9sifs\/domaines-dapplication\/ruban-adhesif-de-marquage-au-sol\/tesa-4169-bande-de-marquage-au-sol\/","og_site_name":"cardinal TAPES","article_modified_time":"2025-07-03T12:30:46+00:00","og_image":[{"width":600,"height":600,"url":"https:\/\/cardinal-tapes.com\/wp-content\/uploads\/tesa-04169.jpg","type":"image\/jpeg"}],"twitter_card":"summary_large_image","twitter_misc":{"Dur\u00e9e de lecture estim\u00e9e":"1 minute"},"schema":{"@context":"https:\/\/schema.org","@graph":[{"@type":"WebPage","@id":"https:\/\/cardinal-tapes.com\/fr\/rubans-adh\u00e9sifs\/domaines-dapplication\/ruban-adhesif-de-marquage-au-sol\/tesa-4169-bande-de-marquage-au-sol\/","url":"https:\/\/cardinal-tapes.com\/fr\/rubans-adh\u00e9sifs\/domaines-dapplication\/ruban-adhesif-de-marquage-au-sol\/tesa-4169-bande-de-marquage-au-sol\/","name":"Tesa 4169 Ruban de marquage au sol | Cardinal TAPES","isPartOf":{"@id":"https:\/\/cardinal-tapes.com\/#website"},"primaryImageOfPage":{"@id":"https:\/\/cardinal-tapes.com\/fr\/rubans-adh\u00e9sifs\/domaines-dapplication\/ruban-adhesif-de-marquage-au-sol\/tesa-4169-bande-de-marquage-au-sol\/#primaryimage"},"image":{"@id":"https:\/\/cardinal-tapes.com\/fr\/rubans-adh\u00e9sifs\/domaines-dapplication\/ruban-adhesif-de-marquage-au-sol\/tesa-4169-bande-de-marquage-au-sol\/#primaryimage"},"thumbnailUrl":"https:\/\/cardinal-tapes.com\/wp-content\/uploads\/tesa-04169.jpg","datePublished":"2023-06-05T15:20:12+00:00","dateModified":"2025-07-03T12:30:46+00:00","description":"Tesa 4169 est un ruban de marquage au sol avec un support en PVC souple et une masse adh\u00e9sive acrylique. Pour en savoir plus sur tesa 4169, cliquez ici. Prenez contact avec nous.","breadcrumb":{"@id":"https:\/\/cardinal-tapes.com\/fr\/rubans-adh\u00e9sifs\/domaines-dapplication\/ruban-adhesif-de-marquage-au-sol\/tesa-4169-bande-de-marquage-au-sol\/#breadcrumb"},"inLanguage":"fr-FR","potentialAction":[{"@type":"ReadAction","target":["https:\/\/cardinal-tapes.com\/fr\/rubans-adh\u00e9sifs\/domaines-dapplication\/ruban-adhesif-de-marquage-au-sol\/tesa-4169-bande-de-marquage-au-sol\/"]}]},{"@type":"ImageObject","inLanguage":"fr-FR","@id":"https:\/\/cardinal-tapes.com\/fr\/rubans-adh\u00e9sifs\/domaines-dapplication\/ruban-adhesif-de-marquage-au-sol\/tesa-4169-bande-de-marquage-au-sol\/#primaryimage","url":"https:\/\/cardinal-tapes.com\/wp-content\/uploads\/tesa-04169.jpg","contentUrl":"https:\/\/cardinal-tapes.com\/wp-content\/uploads\/tesa-04169.jpg","width":600,"height":600,"caption":"tesa 4169"},{"@type":"BreadcrumbList","@id":"https:\/\/cardinal-tapes.com\/fr\/rubans-adh\u00e9sifs\/domaines-dapplication\/ruban-adhesif-de-marquage-au-sol\/tesa-4169-bande-de-marquage-au-sol\/#breadcrumb","itemListElement":[{"@type":"ListItem","position":1,"name":"Startseite","item":"https:\/\/cardinal-tapes.com\/fr\/accueil\/"},{"@type":"ListItem","position":2,"name":"Rubans adh\u00e9sifs","item":"https:\/\/cardinal-tapes.com\/fr\/rubans-adhesifs-fr\/"},{"@type":"ListItem","position":3,"name":"Einseitige Klebeb\u00e4nder","item":"https:\/\/cardinal-tapes.com\/kategorie\/einseitige-klebebaender\/"},{"@type":"ListItem","position":4,"name":"tesa\u00ae 4169 Premium Ruban de marquage au sol &amp; d&#8217;avertissement"}]},{"@type":"WebSite","@id":"https:\/\/cardinal-tapes.com\/#website","url":"https:\/\/cardinal-tapes.com\/","name":"cardinal TAPES","description":"Klebetechnik aus Wuppertal","potentialAction":[{"@type":"SearchAction","target":{"@type":"EntryPoint","urlTemplate":"https:\/\/cardinal-tapes.com\/?s={search_term_string}"},"query-input":{"@type":"PropertyValueSpecification","valueRequired":true,"valueName":"search_term_string"}}],"inLanguage":"fr-FR"}]}},"brands":[{"id":2165,"name":"tesa","slug":"tesa-fr"}],"_links":{"self":[{"href":"https:\/\/cardinal-tapes.com\/fr\/wp-json\/wp\/v2\/product\/51826","targetHints":{"allow":["GET"]}}],"collection":[{"href":"https:\/\/cardinal-tapes.com\/fr\/wp-json\/wp\/v2\/product"}],"about":[{"href":"https:\/\/cardinal-tapes.com\/fr\/wp-json\/wp\/v2\/types\/product"}],"wp:featuredmedia":[{"embeddable":true,"href":"https:\/\/cardinal-tapes.com\/fr\/wp-json\/wp\/v2\/media\/26200"}],"wp:attachment":[{"href":"https:\/\/cardinal-tapes.com\/fr\/wp-json\/wp\/v2\/media?parent=51826"}],"wp:term":[{"taxonomy":"pwb-brand","embeddable":true,"href":"https:\/\/cardinal-tapes.com\/fr\/wp-json\/wp\/v2\/pwb-brand?post=51826"},{"taxonomy":"product_brand","embeddable":true,"href":"https:\/\/cardinal-tapes.com\/fr\/wp-json\/wp\/v2\/product_brand?post=51826"},{"taxonomy":"product_cat","embeddable":true,"href":"https:\/\/cardinal-tapes.com\/fr\/wp-json\/wp\/v2\/product_cat?post=51826"},{"taxonomy":"product_tag","embeddable":true,"href":"https:\/\/cardinal-tapes.com\/fr\/wp-json\/wp\/v2\/product_tag?post=51826"}],"curies":[{"name":"wp","href":"https:\/\/api.w.org\/{rel}","templated":true}]}}