{"id":51562,"date":"2018-10-02T14:03:02","date_gmt":"2023-06-05T15:10:00","guid":{"rendered":"https:\/\/cardinal.pixel-tal.de\/klebebaender\/non%20class\u00e9\/3m-ruban-adhesif-de-transfert-scotch-atg-924\/"},"modified":"2025-07-02T12:57:13","modified_gmt":"2025-07-02T10:57:13","slug":"3m-924-films-adhesifs-sans-traceur","status":"publish","type":"product","link":"https:\/\/cardinal-tapes.com\/fr\/rubans-adh\u00e9sifs\/rubans-adhesifs-double-face\/3m-924-films-adhesifs-sans-traceur\/","title":{"rendered":"3M\u2122 Ruban adh\u00e9sif de transfert Scotch\u00ae ATG 924"},"content":{"rendered":"<div id=\"detail-holder\">\n<div class=\"left\">\n<div id=\"detail-image-holder\">\n<div align=\"center\">\n<p style=\"text-align: left;\">L&#8217;adh\u00e9sif transparent 3M\u2122 ATG Film 924 de la s\u00e9rie d&#8217;adh\u00e9sifs 400 garantit un pouvoir adh\u00e9sif \u00e9lev\u00e9 sur la plupart des surfaces de mat\u00e9riaux, comme le m\u00e9tal, la peinture, la plupart des surfaces plastiques, le papier, le carton, le bois ou le verre. Le ruban adh\u00e9sif de 0,05 mm d&#8217;\u00e9paisseur et r\u00e9sistant \u00e0 des temp\u00e9ratures allant jusqu&#8217;\u00e0 +85 \u00b0C (bri\u00e8vement +120 \u00b0C) se caract\u00e9rise avant tout par une adh\u00e9rence imm\u00e9diate \u00e9lev\u00e9e. En outre, le ruban adh\u00e9sif 924 est particuli\u00e8rement adapt\u00e9 \u00e0 la fixation, \u00e0 la confection et au montage de mat\u00e9riel publicitaire.<\/p>\n<p style=\"text-align: left;\"><strong>Propri\u00e9t\u00e9s<\/strong><br \/>\nLe film adh\u00e9sif 465 du ruban adh\u00e9sif de transfert 924, transf\u00e9rable \u00e0 sec, est compos\u00e9 d&#8217;un adh\u00e9sif acrylique inalt\u00e9rable qui se caract\u00e9rise par une adh\u00e9rence imm\u00e9diate \u00e9lev\u00e9e, une bonne r\u00e9sistance au cisaillement ainsi qu&#8217;une excellente r\u00e9sistance aux UV et une bonne r\u00e9sistance aux solvants.<\/p>\n<p style=\"text-align: left;\"><strong>Applications<\/strong><br \/>\n&#8211; collage de passe-partout sur les cadres et les couvertures de livres<br \/>\n&#8211; fixations dans l&#8217;industrie de l&#8217;imprimerie<br \/>\n&#8211; pour les pr\u00e9sentoirs et les insertions publicitaires sur les points de vente<br \/>\n&#8211; collage d&#8217;invitations, de pr\u00e9sentoirs de table et de cartes<\/p>\n<p>&nbsp;<\/p>\n<\/div>\n<\/div>\n<\/div>\n<\/div>\n","protected":false},"excerpt":{"rendered":"<p>L&#8217;adh\u00e9sif transparent 3M\u2122 ATG Film 924 de la s\u00e9rie d&#8217;adh\u00e9sifs 400 garantit un pouvoir adh\u00e9sif \u00e9lev\u00e9 sur la plupart des surfaces de mat\u00e9riaux, comme le m\u00e9tal, la peinture, la plupart des surfaces plastiques, le papier, le carton, le bois ou le verre. Le ruban adh\u00e9sif de 0,05 mm d&#8217;\u00e9paisseur et r\u00e9sistant \u00e0 des temp\u00e9ratures allant [&hellip;]<\/p>\n","protected":false},"featured_media":27316,"template":"","meta":{"_acf_changed":false},"pwb-brand":[2167],"product_brand":[],"product_cat":[1834],"product_tag":[],"class_list":{"0":"post-51562","1":"product","2":"type-product","3":"status-publish","4":"has-post-thumbnail","6":"pwb-brand-3m-fr","7":"product_cat-rubans-adhesifs-double-face","9":"first","10":"instock","11":"taxable","12":"shipping-taxable","13":"purchasable","14":"product-type-variable"},"acf":[],"yoast_head":"<!-- This site is optimized with the Yoast SEO plugin v27.3 - https:\/\/yoast.com\/product\/yoast-seo-wordpress\/ -->\n<title>3M 924 Films adh\u00e9sifs sans support | cardinal Tapes<\/title>\n<meta name=\"description\" content=\"Les films adh\u00e9sifs 3M 924, compos\u00e9s d&#039;un adh\u00e9sif acrylique \u00e0 forte adh\u00e9rence sur les deux faces, se distinguent par leur adh\u00e9rence imm\u00e9diate optimale. Voyez par vous-m\u00eame !\" \/>\n<meta name=\"robots\" content=\"index, follow, max-snippet:-1, max-image-preview:large, max-video-preview:-1\" \/>\n<link rel=\"canonical\" href=\"https:\/\/cardinal-tapes.com\/fr\/rubans-adh\u00e9sifs\/rubans-adhesifs-double-face\/3m-924-films-adhesifs-sans-traceur\/\" \/>\n<meta property=\"og:locale\" content=\"fr_FR\" \/>\n<meta property=\"og:type\" content=\"article\" \/>\n<meta property=\"og:title\" content=\"3M 924 Films adh\u00e9sifs sans support | cardinal Tapes\" \/>\n<meta property=\"og:description\" content=\"Les films adh\u00e9sifs 3M 924, compos\u00e9s d&#039;un adh\u00e9sif acrylique \u00e0 forte adh\u00e9rence sur les deux faces, se distinguent par leur adh\u00e9rence imm\u00e9diate optimale. Voyez par vous-m\u00eame !\" \/>\n<meta property=\"og:url\" content=\"https:\/\/cardinal-tapes.com\/fr\/rubans-adh\u00e9sifs\/rubans-adhesifs-double-face\/3m-924-films-adhesifs-sans-traceur\/\" \/>\n<meta property=\"og:site_name\" content=\"cardinal TAPES\" \/>\n<meta property=\"article:modified_time\" content=\"2025-07-02T10:57:13+00:00\" \/>\n<meta property=\"og:image\" content=\"https:\/\/cardinal-tapes.com\/wp-content\/uploads\/3m_atg_klebstoff-film_924-scaled.jpg\" \/>\n\t<meta property=\"og:image:width\" content=\"2560\" \/>\n\t<meta property=\"og:image:height\" content=\"2550\" \/>\n\t<meta property=\"og:image:type\" content=\"image\/jpeg\" \/>\n<meta name=\"twitter:card\" content=\"summary_large_image\" \/>\n<meta name=\"twitter:label1\" content=\"Dur\u00e9e de lecture estim\u00e9e\" \/>\n\t<meta name=\"twitter:data1\" content=\"1 minute\" \/>\n<script type=\"application\/ld+json\" class=\"yoast-schema-graph\">{\"@context\":\"https:\\\/\\\/schema.org\",\"@graph\":[{\"@type\":\"WebPage\",\"@id\":\"https:\\\/\\\/cardinal-tapes.com\\\/fr\\\/rubans-adh\u00e9sifs\\\/rubans-adhesifs-double-face\\\/3m-924-films-adhesifs-sans-traceur\\\/\",\"url\":\"https:\\\/\\\/cardinal-tapes.com\\\/fr\\\/rubans-adh\u00e9sifs\\\/rubans-adhesifs-double-face\\\/3m-924-films-adhesifs-sans-traceur\\\/\",\"name\":\"3M 924 Films adh\u00e9sifs sans support | cardinal Tapes\",\"isPartOf\":{\"@id\":\"https:\\\/\\\/cardinal-tapes.com\\\/#website\"},\"primaryImageOfPage\":{\"@id\":\"https:\\\/\\\/cardinal-tapes.com\\\/fr\\\/rubans-adh\u00e9sifs\\\/rubans-adhesifs-double-face\\\/3m-924-films-adhesifs-sans-traceur\\\/#primaryimage\"},\"image\":{\"@id\":\"https:\\\/\\\/cardinal-tapes.com\\\/fr\\\/rubans-adh\u00e9sifs\\\/rubans-adhesifs-double-face\\\/3m-924-films-adhesifs-sans-traceur\\\/#primaryimage\"},\"thumbnailUrl\":\"https:\\\/\\\/cardinal-tapes.com\\\/wp-content\\\/uploads\\\/3m_atg_klebstoff-film_924-scaled.jpg\",\"datePublished\":\"2023-06-05T15:10:00+00:00\",\"dateModified\":\"2025-07-02T10:57:13+00:00\",\"description\":\"Les films adh\u00e9sifs 3M 924, compos\u00e9s d'un adh\u00e9sif acrylique \u00e0 forte adh\u00e9rence sur les deux faces, se distinguent par leur adh\u00e9rence imm\u00e9diate optimale. Voyez par vous-m\u00eame !\",\"breadcrumb\":{\"@id\":\"https:\\\/\\\/cardinal-tapes.com\\\/fr\\\/rubans-adh\u00e9sifs\\\/rubans-adhesifs-double-face\\\/3m-924-films-adhesifs-sans-traceur\\\/#breadcrumb\"},\"inLanguage\":\"fr-FR\",\"potentialAction\":[{\"@type\":\"ReadAction\",\"target\":[\"https:\\\/\\\/cardinal-tapes.com\\\/fr\\\/rubans-adh\u00e9sifs\\\/rubans-adhesifs-double-face\\\/3m-924-films-adhesifs-sans-traceur\\\/\"]}]},{\"@type\":\"ImageObject\",\"inLanguage\":\"fr-FR\",\"@id\":\"https:\\\/\\\/cardinal-tapes.com\\\/fr\\\/rubans-adh\u00e9sifs\\\/rubans-adhesifs-double-face\\\/3m-924-films-adhesifs-sans-traceur\\\/#primaryimage\",\"url\":\"https:\\\/\\\/cardinal-tapes.com\\\/wp-content\\\/uploads\\\/3m_atg_klebstoff-film_924-scaled.jpg\",\"contentUrl\":\"https:\\\/\\\/cardinal-tapes.com\\\/wp-content\\\/uploads\\\/3m_atg_klebstoff-film_924-scaled.jpg\",\"width\":2560,\"height\":2550,\"caption\":\"3M ATG Film adh\u00e9sif 924\"},{\"@type\":\"BreadcrumbList\",\"@id\":\"https:\\\/\\\/cardinal-tapes.com\\\/fr\\\/rubans-adh\u00e9sifs\\\/rubans-adhesifs-double-face\\\/3m-924-films-adhesifs-sans-traceur\\\/#breadcrumb\",\"itemListElement\":[{\"@type\":\"ListItem\",\"position\":1,\"name\":\"Startseite\",\"item\":\"https:\\\/\\\/cardinal-tapes.com\\\/fr\\\/accueil\\\/\"},{\"@type\":\"ListItem\",\"position\":2,\"name\":\"Rubans adh\u00e9sifs\",\"item\":\"https:\\\/\\\/cardinal-tapes.com\\\/fr\\\/rubans-adhesifs-fr\\\/\"},{\"@type\":\"ListItem\",\"position\":3,\"name\":\"Rubans adh\u00e9sifs double face\",\"item\":\"https:\\\/\\\/cardinal-tapes.com\\\/fr\\\/catgorie\\\/rubans-adhesifs-double-face\\\/\"},{\"@type\":\"ListItem\",\"position\":4,\"name\":\"3M\u2122 Ruban adh\u00e9sif de transfert Scotch\u00ae ATG 924\"}]},{\"@type\":\"WebSite\",\"@id\":\"https:\\\/\\\/cardinal-tapes.com\\\/#website\",\"url\":\"https:\\\/\\\/cardinal-tapes.com\\\/\",\"name\":\"cardinal TAPES\",\"description\":\"Klebetechnik aus Wuppertal\",\"potentialAction\":[{\"@type\":\"SearchAction\",\"target\":{\"@type\":\"EntryPoint\",\"urlTemplate\":\"https:\\\/\\\/cardinal-tapes.com\\\/?s={search_term_string}\"},\"query-input\":{\"@type\":\"PropertyValueSpecification\",\"valueRequired\":true,\"valueName\":\"search_term_string\"}}],\"inLanguage\":\"fr-FR\"}]}<\/script>\n<!-- \/ Yoast SEO plugin. -->","yoast_head_json":{"title":"3M 924 Films adh\u00e9sifs sans support | cardinal Tapes","description":"Les films adh\u00e9sifs 3M 924, compos\u00e9s d'un adh\u00e9sif acrylique \u00e0 forte adh\u00e9rence sur les deux faces, se distinguent par leur adh\u00e9rence imm\u00e9diate optimale. Voyez par vous-m\u00eame !","robots":{"index":"index","follow":"follow","max-snippet":"max-snippet:-1","max-image-preview":"max-image-preview:large","max-video-preview":"max-video-preview:-1"},"canonical":"https:\/\/cardinal-tapes.com\/fr\/rubans-adh\u00e9sifs\/rubans-adhesifs-double-face\/3m-924-films-adhesifs-sans-traceur\/","og_locale":"fr_FR","og_type":"article","og_title":"3M 924 Films adh\u00e9sifs sans support | cardinal Tapes","og_description":"Les films adh\u00e9sifs 3M 924, compos\u00e9s d'un adh\u00e9sif acrylique \u00e0 forte adh\u00e9rence sur les deux faces, se distinguent par leur adh\u00e9rence imm\u00e9diate optimale. Voyez par vous-m\u00eame !","og_url":"https:\/\/cardinal-tapes.com\/fr\/rubans-adh\u00e9sifs\/rubans-adhesifs-double-face\/3m-924-films-adhesifs-sans-traceur\/","og_site_name":"cardinal TAPES","article_modified_time":"2025-07-02T10:57:13+00:00","og_image":[{"width":2560,"height":2550,"url":"https:\/\/cardinal-tapes.com\/wp-content\/uploads\/3m_atg_klebstoff-film_924-scaled.jpg","type":"image\/jpeg"}],"twitter_card":"summary_large_image","twitter_misc":{"Dur\u00e9e de lecture estim\u00e9e":"1 minute"},"schema":{"@context":"https:\/\/schema.org","@graph":[{"@type":"WebPage","@id":"https:\/\/cardinal-tapes.com\/fr\/rubans-adh\u00e9sifs\/rubans-adhesifs-double-face\/3m-924-films-adhesifs-sans-traceur\/","url":"https:\/\/cardinal-tapes.com\/fr\/rubans-adh\u00e9sifs\/rubans-adhesifs-double-face\/3m-924-films-adhesifs-sans-traceur\/","name":"3M 924 Films adh\u00e9sifs sans support | cardinal Tapes","isPartOf":{"@id":"https:\/\/cardinal-tapes.com\/#website"},"primaryImageOfPage":{"@id":"https:\/\/cardinal-tapes.com\/fr\/rubans-adh\u00e9sifs\/rubans-adhesifs-double-face\/3m-924-films-adhesifs-sans-traceur\/#primaryimage"},"image":{"@id":"https:\/\/cardinal-tapes.com\/fr\/rubans-adh\u00e9sifs\/rubans-adhesifs-double-face\/3m-924-films-adhesifs-sans-traceur\/#primaryimage"},"thumbnailUrl":"https:\/\/cardinal-tapes.com\/wp-content\/uploads\/3m_atg_klebstoff-film_924-scaled.jpg","datePublished":"2023-06-05T15:10:00+00:00","dateModified":"2025-07-02T10:57:13+00:00","description":"Les films adh\u00e9sifs 3M 924, compos\u00e9s d'un adh\u00e9sif acrylique \u00e0 forte adh\u00e9rence sur les deux faces, se distinguent par leur adh\u00e9rence imm\u00e9diate optimale. Voyez par vous-m\u00eame !","breadcrumb":{"@id":"https:\/\/cardinal-tapes.com\/fr\/rubans-adh\u00e9sifs\/rubans-adhesifs-double-face\/3m-924-films-adhesifs-sans-traceur\/#breadcrumb"},"inLanguage":"fr-FR","potentialAction":[{"@type":"ReadAction","target":["https:\/\/cardinal-tapes.com\/fr\/rubans-adh\u00e9sifs\/rubans-adhesifs-double-face\/3m-924-films-adhesifs-sans-traceur\/"]}]},{"@type":"ImageObject","inLanguage":"fr-FR","@id":"https:\/\/cardinal-tapes.com\/fr\/rubans-adh\u00e9sifs\/rubans-adhesifs-double-face\/3m-924-films-adhesifs-sans-traceur\/#primaryimage","url":"https:\/\/cardinal-tapes.com\/wp-content\/uploads\/3m_atg_klebstoff-film_924-scaled.jpg","contentUrl":"https:\/\/cardinal-tapes.com\/wp-content\/uploads\/3m_atg_klebstoff-film_924-scaled.jpg","width":2560,"height":2550,"caption":"3M ATG Film adh\u00e9sif 924"},{"@type":"BreadcrumbList","@id":"https:\/\/cardinal-tapes.com\/fr\/rubans-adh\u00e9sifs\/rubans-adhesifs-double-face\/3m-924-films-adhesifs-sans-traceur\/#breadcrumb","itemListElement":[{"@type":"ListItem","position":1,"name":"Startseite","item":"https:\/\/cardinal-tapes.com\/fr\/accueil\/"},{"@type":"ListItem","position":2,"name":"Rubans adh\u00e9sifs","item":"https:\/\/cardinal-tapes.com\/fr\/rubans-adhesifs-fr\/"},{"@type":"ListItem","position":3,"name":"Rubans adh\u00e9sifs double face","item":"https:\/\/cardinal-tapes.com\/fr\/catgorie\/rubans-adhesifs-double-face\/"},{"@type":"ListItem","position":4,"name":"3M\u2122 Ruban adh\u00e9sif de transfert Scotch\u00ae ATG 924"}]},{"@type":"WebSite","@id":"https:\/\/cardinal-tapes.com\/#website","url":"https:\/\/cardinal-tapes.com\/","name":"cardinal TAPES","description":"Klebetechnik aus Wuppertal","potentialAction":[{"@type":"SearchAction","target":{"@type":"EntryPoint","urlTemplate":"https:\/\/cardinal-tapes.com\/?s={search_term_string}"},"query-input":{"@type":"PropertyValueSpecification","valueRequired":true,"valueName":"search_term_string"}}],"inLanguage":"fr-FR"}]}},"brands":[{"id":2167,"name":"3M","slug":"3m-fr"}],"_links":{"self":[{"href":"https:\/\/cardinal-tapes.com\/fr\/wp-json\/wp\/v2\/product\/51562","targetHints":{"allow":["GET"]}}],"collection":[{"href":"https:\/\/cardinal-tapes.com\/fr\/wp-json\/wp\/v2\/product"}],"about":[{"href":"https:\/\/cardinal-tapes.com\/fr\/wp-json\/wp\/v2\/types\/product"}],"wp:featuredmedia":[{"embeddable":true,"href":"https:\/\/cardinal-tapes.com\/fr\/wp-json\/wp\/v2\/media\/27316"}],"wp:attachment":[{"href":"https:\/\/cardinal-tapes.com\/fr\/wp-json\/wp\/v2\/media?parent=51562"}],"wp:term":[{"taxonomy":"pwb-brand","embeddable":true,"href":"https:\/\/cardinal-tapes.com\/fr\/wp-json\/wp\/v2\/pwb-brand?post=51562"},{"taxonomy":"product_brand","embeddable":true,"href":"https:\/\/cardinal-tapes.com\/fr\/wp-json\/wp\/v2\/product_brand?post=51562"},{"taxonomy":"product_cat","embeddable":true,"href":"https:\/\/cardinal-tapes.com\/fr\/wp-json\/wp\/v2\/product_cat?post=51562"},{"taxonomy":"product_tag","embeddable":true,"href":"https:\/\/cardinal-tapes.com\/fr\/wp-json\/wp\/v2\/product_tag?post=51562"}],"curies":[{"name":"wp","href":"https:\/\/api.w.org\/{rel}","templated":true}]}}