{"id":51561,"date":"2018-10-02T14:38:05","date_gmt":"2023-06-05T15:09:59","guid":{"rendered":"https:\/\/cardinal.pixel-tal.de\/klebebaender\/non%20class\u00e9\/3m-ruban-adhesif-de-transfert-scotch-atg-926\/"},"modified":"2025-07-02T12:54:13","modified_gmt":"2025-07-02T10:54:13","slug":"3m-926-films-adhesifs-sans-traceur","status":"publish","type":"product","link":"https:\/\/cardinal-tapes.com\/fr\/rubans-adh\u00e9sifs\/rubans-adhesifs-double-face\/3m-926-films-adhesifs-sans-traceur\/","title":{"rendered":"3M\u2122 Ruban adh\u00e9sif de transfert Scotch\u00ae ATG 926"},"content":{"rendered":"<p>Le ruban adh\u00e9sif de transfert Scotch\u00ae ATG 926 est un ruban adh\u00e9sif flexible, pratique, rapide et facile \u00e0 appliquer, qui convient \u00e0 une grande vari\u00e9t\u00e9 de supports et de mat\u00e9riaux. Notre ruban adh\u00e9sif est id\u00e9al pour les applications qui n\u00e9cessitent une force d&#8217;adh\u00e9sion et une r\u00e9sistance au cisaillement \u00e9lev\u00e9es, ainsi qu&#8217;une r\u00e9sistance aux temp\u00e9ratures \u00e9lev\u00e9es.<\/p>\n<p><strong>Propri\u00e9t\u00e9s<\/strong><br \/>\nLe ruban adh\u00e9sif de transfert 926 est compos\u00e9 d&#8217;un adh\u00e9sif acrylique modifi\u00e9 qui se caract\u00e9rise par une bonne r\u00e9sistance au cisaillement, une r\u00e9sistance extr\u00eamement \u00e9lev\u00e9e \u00e0 la temp\u00e9rature et aux UV, ainsi qu&#8217;une tr\u00e8s bonne r\u00e9sistance aux solvants. Ce film adh\u00e9sif a un pouvoir adh\u00e9sif tr\u00e8s \u00e9lev\u00e9 sur la plupart des surfaces de mat\u00e9riaux, y compris les surfaces \u00e0 faible \u00e9nergie (par ex. PP, PE).<\/p>\n<p><strong>Applications<\/strong><br \/>\n&#8211; Connecter, fixer, maintenir, laminer et rendre continus les mat\u00e9riaux les plus divers tels que le m\u00e9tal, la peinture, le verre, ainsi que les plastiques<br \/>\n&#8211; Pour une utilisation sur des surfaces l\u00e9g\u00e8rement in\u00e9gales ou rugueuses, le 9485 convient particuli\u00e8rement en raison de son \u00e9paisseur<br \/>\n&#8211; \u00c9pissure de films en PE, PP, etc.<\/p>\n","protected":false},"excerpt":{"rendered":"<p>Le ruban adh\u00e9sif de transfert Scotch\u00ae ATG 926 est un ruban adh\u00e9sif flexible, pratique, rapide et facile \u00e0 appliquer, qui convient \u00e0 une grande vari\u00e9t\u00e9 de supports et de mat\u00e9riaux. Notre ruban adh\u00e9sif est id\u00e9al pour les applications qui n\u00e9cessitent une force d&#8217;adh\u00e9sion et une r\u00e9sistance au cisaillement \u00e9lev\u00e9es, ainsi qu&#8217;une r\u00e9sistance aux temp\u00e9ratures \u00e9lev\u00e9es. [&hellip;]<\/p>\n","protected":false},"featured_media":27320,"template":"","meta":{"_acf_changed":false},"pwb-brand":[2167],"product_brand":[],"product_cat":[1834],"product_tag":[],"class_list":{"0":"post-51561","1":"product","2":"type-product","3":"status-publish","4":"has-post-thumbnail","6":"pwb-brand-3m-fr","7":"product_cat-rubans-adhesifs-double-face","9":"first","10":"instock","11":"taxable","12":"shipping-taxable","13":"purchasable","14":"product-type-variable"},"acf":[],"yoast_head":"<!-- This site is optimized with the Yoast SEO plugin v27.3 - https:\/\/yoast.com\/product\/yoast-seo-wordpress\/ -->\n<title>3M\u2122 Scotch\u00ae ATG ruban adh\u00e9sif de transfert 926 | Cardinal TAPES<\/title>\n<meta name=\"description\" content=\"Les films adh\u00e9sifs 3M 926 disposent d&#039;un pouvoir adh\u00e9sif tr\u00e8s \u00e9lev\u00e9 et se distinguent par leur r\u00e9sistance \u00e0 la temp\u00e9rature. Informez-vous d\u00e8s maintenant !\" \/>\n<meta name=\"robots\" content=\"index, follow, max-snippet:-1, max-image-preview:large, max-video-preview:-1\" \/>\n<link rel=\"canonical\" href=\"https:\/\/cardinal-tapes.com\/fr\/rubans-adh\u00e9sifs\/rubans-adhesifs-double-face\/3m-926-films-adhesifs-sans-traceur\/\" \/>\n<meta property=\"og:locale\" content=\"fr_FR\" \/>\n<meta property=\"og:type\" content=\"article\" \/>\n<meta property=\"og:title\" content=\"3M\u2122 Scotch\u00ae ATG ruban adh\u00e9sif de transfert 926 | Cardinal TAPES\" \/>\n<meta property=\"og:description\" content=\"Les films adh\u00e9sifs 3M 926 disposent d&#039;un pouvoir adh\u00e9sif tr\u00e8s \u00e9lev\u00e9 et se distinguent par leur r\u00e9sistance \u00e0 la temp\u00e9rature. Informez-vous d\u00e8s maintenant !\" \/>\n<meta property=\"og:url\" content=\"https:\/\/cardinal-tapes.com\/fr\/rubans-adh\u00e9sifs\/rubans-adhesifs-double-face\/3m-926-films-adhesifs-sans-traceur\/\" \/>\n<meta property=\"og:site_name\" content=\"cardinal TAPES\" \/>\n<meta property=\"article:modified_time\" content=\"2025-07-02T10:54:13+00:00\" \/>\n<meta property=\"og:image\" content=\"https:\/\/cardinal-tapes.com\/wp-content\/uploads\/3m_atg_klebstoff-film_926.jpg\" \/>\n\t<meta property=\"og:image:width\" content=\"2263\" \/>\n\t<meta property=\"og:image:height\" content=\"2392\" \/>\n\t<meta property=\"og:image:type\" content=\"image\/jpeg\" \/>\n<meta name=\"twitter:card\" content=\"summary_large_image\" \/>\n<meta name=\"twitter:label1\" content=\"Dur\u00e9e de lecture estim\u00e9e\" \/>\n\t<meta name=\"twitter:data1\" content=\"1 minute\" \/>\n<script type=\"application\/ld+json\" class=\"yoast-schema-graph\">{\"@context\":\"https:\\\/\\\/schema.org\",\"@graph\":[{\"@type\":\"WebPage\",\"@id\":\"https:\\\/\\\/cardinal-tapes.com\\\/fr\\\/rubans-adh\u00e9sifs\\\/rubans-adhesifs-double-face\\\/3m-926-films-adhesifs-sans-traceur\\\/\",\"url\":\"https:\\\/\\\/cardinal-tapes.com\\\/fr\\\/rubans-adh\u00e9sifs\\\/rubans-adhesifs-double-face\\\/3m-926-films-adhesifs-sans-traceur\\\/\",\"name\":\"3M\u2122 Scotch\u00ae ATG ruban adh\u00e9sif de transfert 926 | Cardinal TAPES\",\"isPartOf\":{\"@id\":\"https:\\\/\\\/cardinal-tapes.com\\\/#website\"},\"primaryImageOfPage\":{\"@id\":\"https:\\\/\\\/cardinal-tapes.com\\\/fr\\\/rubans-adh\u00e9sifs\\\/rubans-adhesifs-double-face\\\/3m-926-films-adhesifs-sans-traceur\\\/#primaryimage\"},\"image\":{\"@id\":\"https:\\\/\\\/cardinal-tapes.com\\\/fr\\\/rubans-adh\u00e9sifs\\\/rubans-adhesifs-double-face\\\/3m-926-films-adhesifs-sans-traceur\\\/#primaryimage\"},\"thumbnailUrl\":\"https:\\\/\\\/cardinal-tapes.com\\\/wp-content\\\/uploads\\\/3m_atg_klebstoff-film_926.jpg\",\"datePublished\":\"2023-06-05T15:09:59+00:00\",\"dateModified\":\"2025-07-02T10:54:13+00:00\",\"description\":\"Les films adh\u00e9sifs 3M 926 disposent d'un pouvoir adh\u00e9sif tr\u00e8s \u00e9lev\u00e9 et se distinguent par leur r\u00e9sistance \u00e0 la temp\u00e9rature. Informez-vous d\u00e8s maintenant !\",\"breadcrumb\":{\"@id\":\"https:\\\/\\\/cardinal-tapes.com\\\/fr\\\/rubans-adh\u00e9sifs\\\/rubans-adhesifs-double-face\\\/3m-926-films-adhesifs-sans-traceur\\\/#breadcrumb\"},\"inLanguage\":\"fr-FR\",\"potentialAction\":[{\"@type\":\"ReadAction\",\"target\":[\"https:\\\/\\\/cardinal-tapes.com\\\/fr\\\/rubans-adh\u00e9sifs\\\/rubans-adhesifs-double-face\\\/3m-926-films-adhesifs-sans-traceur\\\/\"]}]},{\"@type\":\"ImageObject\",\"inLanguage\":\"fr-FR\",\"@id\":\"https:\\\/\\\/cardinal-tapes.com\\\/fr\\\/rubans-adh\u00e9sifs\\\/rubans-adhesifs-double-face\\\/3m-926-films-adhesifs-sans-traceur\\\/#primaryimage\",\"url\":\"https:\\\/\\\/cardinal-tapes.com\\\/wp-content\\\/uploads\\\/3m_atg_klebstoff-film_926.jpg\",\"contentUrl\":\"https:\\\/\\\/cardinal-tapes.com\\\/wp-content\\\/uploads\\\/3m_atg_klebstoff-film_926.jpg\",\"width\":2263,\"height\":2392,\"caption\":\"3M ATG Film adh\u00e9sif 926\"},{\"@type\":\"BreadcrumbList\",\"@id\":\"https:\\\/\\\/cardinal-tapes.com\\\/fr\\\/rubans-adh\u00e9sifs\\\/rubans-adhesifs-double-face\\\/3m-926-films-adhesifs-sans-traceur\\\/#breadcrumb\",\"itemListElement\":[{\"@type\":\"ListItem\",\"position\":1,\"name\":\"Startseite\",\"item\":\"https:\\\/\\\/cardinal-tapes.com\\\/fr\\\/accueil\\\/\"},{\"@type\":\"ListItem\",\"position\":2,\"name\":\"Rubans adh\u00e9sifs\",\"item\":\"https:\\\/\\\/cardinal-tapes.com\\\/fr\\\/rubans-adhesifs-fr\\\/\"},{\"@type\":\"ListItem\",\"position\":3,\"name\":\"Rubans adh\u00e9sifs double face\",\"item\":\"https:\\\/\\\/cardinal-tapes.com\\\/fr\\\/catgorie\\\/rubans-adhesifs-double-face\\\/\"},{\"@type\":\"ListItem\",\"position\":4,\"name\":\"3M\u2122 Ruban adh\u00e9sif de transfert Scotch\u00ae ATG 926\"}]},{\"@type\":\"WebSite\",\"@id\":\"https:\\\/\\\/cardinal-tapes.com\\\/#website\",\"url\":\"https:\\\/\\\/cardinal-tapes.com\\\/\",\"name\":\"cardinal TAPES\",\"description\":\"Klebetechnik aus Wuppertal\",\"potentialAction\":[{\"@type\":\"SearchAction\",\"target\":{\"@type\":\"EntryPoint\",\"urlTemplate\":\"https:\\\/\\\/cardinal-tapes.com\\\/?s={search_term_string}\"},\"query-input\":{\"@type\":\"PropertyValueSpecification\",\"valueRequired\":true,\"valueName\":\"search_term_string\"}}],\"inLanguage\":\"fr-FR\"}]}<\/script>\n<!-- \/ Yoast SEO plugin. -->","yoast_head_json":{"title":"3M\u2122 Scotch\u00ae ATG ruban adh\u00e9sif de transfert 926 | Cardinal TAPES","description":"Les films adh\u00e9sifs 3M 926 disposent d'un pouvoir adh\u00e9sif tr\u00e8s \u00e9lev\u00e9 et se distinguent par leur r\u00e9sistance \u00e0 la temp\u00e9rature. Informez-vous d\u00e8s maintenant !","robots":{"index":"index","follow":"follow","max-snippet":"max-snippet:-1","max-image-preview":"max-image-preview:large","max-video-preview":"max-video-preview:-1"},"canonical":"https:\/\/cardinal-tapes.com\/fr\/rubans-adh\u00e9sifs\/rubans-adhesifs-double-face\/3m-926-films-adhesifs-sans-traceur\/","og_locale":"fr_FR","og_type":"article","og_title":"3M\u2122 Scotch\u00ae ATG ruban adh\u00e9sif de transfert 926 | Cardinal TAPES","og_description":"Les films adh\u00e9sifs 3M 926 disposent d'un pouvoir adh\u00e9sif tr\u00e8s \u00e9lev\u00e9 et se distinguent par leur r\u00e9sistance \u00e0 la temp\u00e9rature. Informez-vous d\u00e8s maintenant !","og_url":"https:\/\/cardinal-tapes.com\/fr\/rubans-adh\u00e9sifs\/rubans-adhesifs-double-face\/3m-926-films-adhesifs-sans-traceur\/","og_site_name":"cardinal TAPES","article_modified_time":"2025-07-02T10:54:13+00:00","og_image":[{"width":2263,"height":2392,"url":"https:\/\/cardinal-tapes.com\/wp-content\/uploads\/3m_atg_klebstoff-film_926.jpg","type":"image\/jpeg"}],"twitter_card":"summary_large_image","twitter_misc":{"Dur\u00e9e de lecture estim\u00e9e":"1 minute"},"schema":{"@context":"https:\/\/schema.org","@graph":[{"@type":"WebPage","@id":"https:\/\/cardinal-tapes.com\/fr\/rubans-adh\u00e9sifs\/rubans-adhesifs-double-face\/3m-926-films-adhesifs-sans-traceur\/","url":"https:\/\/cardinal-tapes.com\/fr\/rubans-adh\u00e9sifs\/rubans-adhesifs-double-face\/3m-926-films-adhesifs-sans-traceur\/","name":"3M\u2122 Scotch\u00ae ATG ruban adh\u00e9sif de transfert 926 | Cardinal TAPES","isPartOf":{"@id":"https:\/\/cardinal-tapes.com\/#website"},"primaryImageOfPage":{"@id":"https:\/\/cardinal-tapes.com\/fr\/rubans-adh\u00e9sifs\/rubans-adhesifs-double-face\/3m-926-films-adhesifs-sans-traceur\/#primaryimage"},"image":{"@id":"https:\/\/cardinal-tapes.com\/fr\/rubans-adh\u00e9sifs\/rubans-adhesifs-double-face\/3m-926-films-adhesifs-sans-traceur\/#primaryimage"},"thumbnailUrl":"https:\/\/cardinal-tapes.com\/wp-content\/uploads\/3m_atg_klebstoff-film_926.jpg","datePublished":"2023-06-05T15:09:59+00:00","dateModified":"2025-07-02T10:54:13+00:00","description":"Les films adh\u00e9sifs 3M 926 disposent d'un pouvoir adh\u00e9sif tr\u00e8s \u00e9lev\u00e9 et se distinguent par leur r\u00e9sistance \u00e0 la temp\u00e9rature. Informez-vous d\u00e8s maintenant !","breadcrumb":{"@id":"https:\/\/cardinal-tapes.com\/fr\/rubans-adh\u00e9sifs\/rubans-adhesifs-double-face\/3m-926-films-adhesifs-sans-traceur\/#breadcrumb"},"inLanguage":"fr-FR","potentialAction":[{"@type":"ReadAction","target":["https:\/\/cardinal-tapes.com\/fr\/rubans-adh\u00e9sifs\/rubans-adhesifs-double-face\/3m-926-films-adhesifs-sans-traceur\/"]}]},{"@type":"ImageObject","inLanguage":"fr-FR","@id":"https:\/\/cardinal-tapes.com\/fr\/rubans-adh\u00e9sifs\/rubans-adhesifs-double-face\/3m-926-films-adhesifs-sans-traceur\/#primaryimage","url":"https:\/\/cardinal-tapes.com\/wp-content\/uploads\/3m_atg_klebstoff-film_926.jpg","contentUrl":"https:\/\/cardinal-tapes.com\/wp-content\/uploads\/3m_atg_klebstoff-film_926.jpg","width":2263,"height":2392,"caption":"3M ATG Film adh\u00e9sif 926"},{"@type":"BreadcrumbList","@id":"https:\/\/cardinal-tapes.com\/fr\/rubans-adh\u00e9sifs\/rubans-adhesifs-double-face\/3m-926-films-adhesifs-sans-traceur\/#breadcrumb","itemListElement":[{"@type":"ListItem","position":1,"name":"Startseite","item":"https:\/\/cardinal-tapes.com\/fr\/accueil\/"},{"@type":"ListItem","position":2,"name":"Rubans adh\u00e9sifs","item":"https:\/\/cardinal-tapes.com\/fr\/rubans-adhesifs-fr\/"},{"@type":"ListItem","position":3,"name":"Rubans adh\u00e9sifs double face","item":"https:\/\/cardinal-tapes.com\/fr\/catgorie\/rubans-adhesifs-double-face\/"},{"@type":"ListItem","position":4,"name":"3M\u2122 Ruban adh\u00e9sif de transfert Scotch\u00ae ATG 926"}]},{"@type":"WebSite","@id":"https:\/\/cardinal-tapes.com\/#website","url":"https:\/\/cardinal-tapes.com\/","name":"cardinal TAPES","description":"Klebetechnik aus Wuppertal","potentialAction":[{"@type":"SearchAction","target":{"@type":"EntryPoint","urlTemplate":"https:\/\/cardinal-tapes.com\/?s={search_term_string}"},"query-input":{"@type":"PropertyValueSpecification","valueRequired":true,"valueName":"search_term_string"}}],"inLanguage":"fr-FR"}]}},"brands":[{"id":2167,"name":"3M","slug":"3m-fr"}],"_links":{"self":[{"href":"https:\/\/cardinal-tapes.com\/fr\/wp-json\/wp\/v2\/product\/51561","targetHints":{"allow":["GET"]}}],"collection":[{"href":"https:\/\/cardinal-tapes.com\/fr\/wp-json\/wp\/v2\/product"}],"about":[{"href":"https:\/\/cardinal-tapes.com\/fr\/wp-json\/wp\/v2\/types\/product"}],"wp:featuredmedia":[{"embeddable":true,"href":"https:\/\/cardinal-tapes.com\/fr\/wp-json\/wp\/v2\/media\/27320"}],"wp:attachment":[{"href":"https:\/\/cardinal-tapes.com\/fr\/wp-json\/wp\/v2\/media?parent=51561"}],"wp:term":[{"taxonomy":"pwb-brand","embeddable":true,"href":"https:\/\/cardinal-tapes.com\/fr\/wp-json\/wp\/v2\/pwb-brand?post=51561"},{"taxonomy":"product_brand","embeddable":true,"href":"https:\/\/cardinal-tapes.com\/fr\/wp-json\/wp\/v2\/product_brand?post=51561"},{"taxonomy":"product_cat","embeddable":true,"href":"https:\/\/cardinal-tapes.com\/fr\/wp-json\/wp\/v2\/product_cat?post=51561"},{"taxonomy":"product_tag","embeddable":true,"href":"https:\/\/cardinal-tapes.com\/fr\/wp-json\/wp\/v2\/product_tag?post=51561"}],"curies":[{"name":"wp","href":"https:\/\/api.w.org\/{rel}","templated":true}]}}