{"id":51560,"date":"2018-10-02T13:31:22","date_gmt":"2018-10-02T11:31:22","guid":{"rendered":"https:\/\/cardinal.pixel-tal.de\/klebebaender\/non%20class\u00e9\/3m-ruban-adhesif-de-transfert-scotch-atg-904\/"},"modified":"2025-07-02T12:52:07","modified_gmt":"2025-07-02T10:52:07","slug":"3m-904-films-adhesifs-sans-traceur","status":"publish","type":"product","link":"https:\/\/cardinal-tapes.com\/fr\/rubans-adh\u00e9sifs\/domaines-dapplication\/impression-graphisme\/3m-904-films-adhesifs-sans-traceur\/","title":{"rendered":"3M\u2122 Ruban adh\u00e9sif de transfert Scotch\u00ae ATG 904"},"content":{"rendered":"<p>Le ruban adh\u00e9sif de transfert 3M\u2122 ATG 904 adh\u00e8re imm\u00e9diatement, assure des assemblages r\u00e9sistants au vieillissement et poss\u00e8de une grande r\u00e9sistance au cisaillement. Notre ruban adh\u00e9sif est id\u00e9al pour les loisirs et l&#8217;artisanat et s&#8217;applique rapidement et proprement. Il convient donc \u00e0 la confection de cartes, d&#8217;albums et \u00e0 l&#8217;utilisation en papeterie. Le ruban adh\u00e9sif 904 est un ruban de transfert transparent et polyvalent compos\u00e9 d&#8217;un adh\u00e9sif acrylique sur un papier de protection blanc rev\u00eatu de PE, qui pr\u00e9sente une bonne r\u00e9sistance \u00e0 la temp\u00e9rature.<\/p>\n<p><strong>Propri\u00e9t\u00e9s<\/strong><br \/>\nLe film adh\u00e9sif 9605 du ruban 904, transf\u00e9rable \u00e0 sec, est compos\u00e9 d&#8217;un adh\u00e9sif acrylique r\u00e9sistant au vieillissement, qui se caract\u00e9rise par une adh\u00e9rence imm\u00e9diate et une r\u00e9sistance au cisaillement \u00e9lev\u00e9es, ainsi qu&#8217;une bonne r\u00e9sistance aux UV et aux solvants.<\/p>\n<p><strong>Applications<\/strong><br \/>\n&#8211; Assemblage, fixation et laminage de diff\u00e9rents mat\u00e9riaux tels que les m\u00e9taux, les surfaces peintes, le papier, le verre, la c\u00e9ramique et la plupart des plastiques<br \/>\n&#8211; \u00c9pissure \u00e0 grande vitesse dans l&#8217;industrie du papier et l&#8217;imprimerie (9605)<br \/>\n&#8211; Mise en continu de bandes de papier, de m\u00e9tal, de tissu et de plastique<br \/>\n&#8211; \u00c9quipement autocollant ou montage d&#8217;embl\u00e8mes, d&#8217;enseignes, de photos, de pr\u00e9sentoirs, d&#8217;affiches<\/p>\n","protected":false},"excerpt":{"rendered":"<p>Le ruban adh\u00e9sif de transfert 3M\u2122 ATG 904 adh\u00e8re imm\u00e9diatement, assure des assemblages r\u00e9sistants au vieillissement et poss\u00e8de une grande r\u00e9sistance au cisaillement. Notre ruban adh\u00e9sif est id\u00e9al pour les loisirs et l&#8217;artisanat et s&#8217;applique rapidement et proprement. Il convient donc \u00e0 la confection de cartes, d&#8217;albums et \u00e0 l&#8217;utilisation en papeterie. Le ruban adh\u00e9sif [&hellip;]<\/p>\n","protected":false},"featured_media":27308,"template":"","meta":{"_acf_changed":false},"pwb-brand":[2167],"product_brand":[],"product_cat":[1672,1834],"product_tag":[],"class_list":{"0":"post-51560","1":"product","2":"type-product","3":"status-publish","4":"has-post-thumbnail","6":"pwb-brand-3m-fr","7":"product_cat-impression-graphisme","8":"product_cat-rubans-adhesifs-double-face","10":"first","11":"instock","12":"taxable","13":"shipping-taxable","14":"purchasable","15":"product-type-variable"},"acf":[],"yoast_head":"<!-- This site is optimized with the Yoast SEO plugin v27.3 - https:\/\/yoast.com\/product\/yoast-seo-wordpress\/ -->\n<title>3M 904 Films adh\u00e9sifs sans support | cardinal TAPES<\/title>\n<meta name=\"description\" content=\"Les films adh\u00e9sifs 3M se caract\u00e9risent par une adh\u00e9rence imm\u00e9diate \u00e9lev\u00e9e, une bonne force de cisaillement ainsi qu&#039;un pouvoir adh\u00e9sif important. Voyez par vous-m\u00eame !\" \/>\n<meta name=\"robots\" content=\"index, follow, max-snippet:-1, max-image-preview:large, max-video-preview:-1\" \/>\n<link rel=\"canonical\" href=\"https:\/\/cardinal-tapes.com\/fr\/rubans-adh\u00e9sifs\/domaines-dapplication\/impression-graphisme\/3m-904-films-adhesifs-sans-traceur\/\" \/>\n<meta property=\"og:locale\" content=\"fr_FR\" \/>\n<meta property=\"og:type\" content=\"article\" \/>\n<meta property=\"og:title\" content=\"3M 904 Films adh\u00e9sifs sans support | cardinal TAPES\" \/>\n<meta property=\"og:description\" content=\"Les films adh\u00e9sifs 3M se caract\u00e9risent par une adh\u00e9rence imm\u00e9diate \u00e9lev\u00e9e, une bonne force de cisaillement ainsi qu&#039;un pouvoir adh\u00e9sif important. Voyez par vous-m\u00eame !\" \/>\n<meta property=\"og:url\" content=\"https:\/\/cardinal-tapes.com\/fr\/rubans-adh\u00e9sifs\/domaines-dapplication\/impression-graphisme\/3m-904-films-adhesifs-sans-traceur\/\" \/>\n<meta property=\"og:site_name\" content=\"cardinal TAPES\" \/>\n<meta property=\"article:modified_time\" content=\"2025-07-02T10:52:07+00:00\" \/>\n<meta property=\"og:image\" content=\"https:\/\/cardinal-tapes.com\/wp-content\/uploads\/3M-atg-904-scaled.jpg\" \/>\n\t<meta property=\"og:image:width\" content=\"2271\" \/>\n\t<meta property=\"og:image:height\" content=\"2560\" \/>\n\t<meta property=\"og:image:type\" content=\"image\/jpeg\" \/>\n<meta name=\"twitter:card\" content=\"summary_large_image\" \/>\n<meta name=\"twitter:label1\" content=\"Dur\u00e9e de lecture estim\u00e9e\" \/>\n\t<meta name=\"twitter:data1\" content=\"1 minute\" \/>\n<script type=\"application\/ld+json\" class=\"yoast-schema-graph\">{\"@context\":\"https:\\\/\\\/schema.org\",\"@graph\":[{\"@type\":\"WebPage\",\"@id\":\"https:\\\/\\\/cardinal-tapes.com\\\/fr\\\/rubans-adh\u00e9sifs\\\/domaines-dapplication\\\/impression-graphisme\\\/3m-904-films-adhesifs-sans-traceur\\\/\",\"url\":\"https:\\\/\\\/cardinal-tapes.com\\\/fr\\\/rubans-adh\u00e9sifs\\\/domaines-dapplication\\\/impression-graphisme\\\/3m-904-films-adhesifs-sans-traceur\\\/\",\"name\":\"3M 904 Films adh\u00e9sifs sans support | cardinal TAPES\",\"isPartOf\":{\"@id\":\"https:\\\/\\\/cardinal-tapes.com\\\/#website\"},\"primaryImageOfPage\":{\"@id\":\"https:\\\/\\\/cardinal-tapes.com\\\/fr\\\/rubans-adh\u00e9sifs\\\/domaines-dapplication\\\/impression-graphisme\\\/3m-904-films-adhesifs-sans-traceur\\\/#primaryimage\"},\"image\":{\"@id\":\"https:\\\/\\\/cardinal-tapes.com\\\/fr\\\/rubans-adh\u00e9sifs\\\/domaines-dapplication\\\/impression-graphisme\\\/3m-904-films-adhesifs-sans-traceur\\\/#primaryimage\"},\"thumbnailUrl\":\"https:\\\/\\\/cardinal-tapes.com\\\/wp-content\\\/uploads\\\/3M-atg-904-scaled.jpg\",\"datePublished\":\"2018-10-02T11:31:22+00:00\",\"dateModified\":\"2025-07-02T10:52:07+00:00\",\"description\":\"Les films adh\u00e9sifs 3M se caract\u00e9risent par une adh\u00e9rence imm\u00e9diate \u00e9lev\u00e9e, une bonne force de cisaillement ainsi qu'un pouvoir adh\u00e9sif important. Voyez par vous-m\u00eame !\",\"breadcrumb\":{\"@id\":\"https:\\\/\\\/cardinal-tapes.com\\\/fr\\\/rubans-adh\u00e9sifs\\\/domaines-dapplication\\\/impression-graphisme\\\/3m-904-films-adhesifs-sans-traceur\\\/#breadcrumb\"},\"inLanguage\":\"fr-FR\",\"potentialAction\":[{\"@type\":\"ReadAction\",\"target\":[\"https:\\\/\\\/cardinal-tapes.com\\\/fr\\\/rubans-adh\u00e9sifs\\\/domaines-dapplication\\\/impression-graphisme\\\/3m-904-films-adhesifs-sans-traceur\\\/\"]}]},{\"@type\":\"ImageObject\",\"inLanguage\":\"fr-FR\",\"@id\":\"https:\\\/\\\/cardinal-tapes.com\\\/fr\\\/rubans-adh\u00e9sifs\\\/domaines-dapplication\\\/impression-graphisme\\\/3m-904-films-adhesifs-sans-traceur\\\/#primaryimage\",\"url\":\"https:\\\/\\\/cardinal-tapes.com\\\/wp-content\\\/uploads\\\/3M-atg-904-scaled.jpg\",\"contentUrl\":\"https:\\\/\\\/cardinal-tapes.com\\\/wp-content\\\/uploads\\\/3M-atg-904-scaled.jpg\",\"width\":2271,\"height\":2560,\"caption\":\"3M ATG 904\"},{\"@type\":\"BreadcrumbList\",\"@id\":\"https:\\\/\\\/cardinal-tapes.com\\\/fr\\\/rubans-adh\u00e9sifs\\\/domaines-dapplication\\\/impression-graphisme\\\/3m-904-films-adhesifs-sans-traceur\\\/#breadcrumb\",\"itemListElement\":[{\"@type\":\"ListItem\",\"position\":1,\"name\":\"Startseite\",\"item\":\"https:\\\/\\\/cardinal-tapes.com\\\/fr\\\/accueil\\\/\"},{\"@type\":\"ListItem\",\"position\":2,\"name\":\"Rubans adh\u00e9sifs\",\"item\":\"https:\\\/\\\/cardinal-tapes.com\\\/fr\\\/rubans-adhesifs-fr\\\/\"},{\"@type\":\"ListItem\",\"position\":3,\"name\":\"Domaines d&#039;application\",\"item\":\"https:\\\/\\\/cardinal-tapes.com\\\/fr\\\/catgorie\\\/domaines-dapplication\\\/\"},{\"@type\":\"ListItem\",\"position\":4,\"name\":\"Impression &amp; graphisme\",\"item\":\"https:\\\/\\\/cardinal-tapes.com\\\/fr\\\/catgorie\\\/impression-graphisme\\\/\"},{\"@type\":\"ListItem\",\"position\":5,\"name\":\"3M\u2122 Ruban adh\u00e9sif de transfert Scotch\u00ae ATG 904\"}]},{\"@type\":\"WebSite\",\"@id\":\"https:\\\/\\\/cardinal-tapes.com\\\/#website\",\"url\":\"https:\\\/\\\/cardinal-tapes.com\\\/\",\"name\":\"cardinal TAPES\",\"description\":\"Klebetechnik aus Wuppertal\",\"potentialAction\":[{\"@type\":\"SearchAction\",\"target\":{\"@type\":\"EntryPoint\",\"urlTemplate\":\"https:\\\/\\\/cardinal-tapes.com\\\/?s={search_term_string}\"},\"query-input\":{\"@type\":\"PropertyValueSpecification\",\"valueRequired\":true,\"valueName\":\"search_term_string\"}}],\"inLanguage\":\"fr-FR\"}]}<\/script>\n<!-- \/ Yoast SEO plugin. -->","yoast_head_json":{"title":"3M 904 Films adh\u00e9sifs sans support | cardinal TAPES","description":"Les films adh\u00e9sifs 3M se caract\u00e9risent par une adh\u00e9rence imm\u00e9diate \u00e9lev\u00e9e, une bonne force de cisaillement ainsi qu'un pouvoir adh\u00e9sif important. Voyez par vous-m\u00eame !","robots":{"index":"index","follow":"follow","max-snippet":"max-snippet:-1","max-image-preview":"max-image-preview:large","max-video-preview":"max-video-preview:-1"},"canonical":"https:\/\/cardinal-tapes.com\/fr\/rubans-adh\u00e9sifs\/domaines-dapplication\/impression-graphisme\/3m-904-films-adhesifs-sans-traceur\/","og_locale":"fr_FR","og_type":"article","og_title":"3M 904 Films adh\u00e9sifs sans support | cardinal TAPES","og_description":"Les films adh\u00e9sifs 3M se caract\u00e9risent par une adh\u00e9rence imm\u00e9diate \u00e9lev\u00e9e, une bonne force de cisaillement ainsi qu'un pouvoir adh\u00e9sif important. Voyez par vous-m\u00eame !","og_url":"https:\/\/cardinal-tapes.com\/fr\/rubans-adh\u00e9sifs\/domaines-dapplication\/impression-graphisme\/3m-904-films-adhesifs-sans-traceur\/","og_site_name":"cardinal TAPES","article_modified_time":"2025-07-02T10:52:07+00:00","og_image":[{"width":2271,"height":2560,"url":"https:\/\/cardinal-tapes.com\/wp-content\/uploads\/3M-atg-904-scaled.jpg","type":"image\/jpeg"}],"twitter_card":"summary_large_image","twitter_misc":{"Dur\u00e9e de lecture estim\u00e9e":"1 minute"},"schema":{"@context":"https:\/\/schema.org","@graph":[{"@type":"WebPage","@id":"https:\/\/cardinal-tapes.com\/fr\/rubans-adh\u00e9sifs\/domaines-dapplication\/impression-graphisme\/3m-904-films-adhesifs-sans-traceur\/","url":"https:\/\/cardinal-tapes.com\/fr\/rubans-adh\u00e9sifs\/domaines-dapplication\/impression-graphisme\/3m-904-films-adhesifs-sans-traceur\/","name":"3M 904 Films adh\u00e9sifs sans support | cardinal TAPES","isPartOf":{"@id":"https:\/\/cardinal-tapes.com\/#website"},"primaryImageOfPage":{"@id":"https:\/\/cardinal-tapes.com\/fr\/rubans-adh\u00e9sifs\/domaines-dapplication\/impression-graphisme\/3m-904-films-adhesifs-sans-traceur\/#primaryimage"},"image":{"@id":"https:\/\/cardinal-tapes.com\/fr\/rubans-adh\u00e9sifs\/domaines-dapplication\/impression-graphisme\/3m-904-films-adhesifs-sans-traceur\/#primaryimage"},"thumbnailUrl":"https:\/\/cardinal-tapes.com\/wp-content\/uploads\/3M-atg-904-scaled.jpg","datePublished":"2018-10-02T11:31:22+00:00","dateModified":"2025-07-02T10:52:07+00:00","description":"Les films adh\u00e9sifs 3M se caract\u00e9risent par une adh\u00e9rence imm\u00e9diate \u00e9lev\u00e9e, une bonne force de cisaillement ainsi qu'un pouvoir adh\u00e9sif important. Voyez par vous-m\u00eame !","breadcrumb":{"@id":"https:\/\/cardinal-tapes.com\/fr\/rubans-adh\u00e9sifs\/domaines-dapplication\/impression-graphisme\/3m-904-films-adhesifs-sans-traceur\/#breadcrumb"},"inLanguage":"fr-FR","potentialAction":[{"@type":"ReadAction","target":["https:\/\/cardinal-tapes.com\/fr\/rubans-adh\u00e9sifs\/domaines-dapplication\/impression-graphisme\/3m-904-films-adhesifs-sans-traceur\/"]}]},{"@type":"ImageObject","inLanguage":"fr-FR","@id":"https:\/\/cardinal-tapes.com\/fr\/rubans-adh\u00e9sifs\/domaines-dapplication\/impression-graphisme\/3m-904-films-adhesifs-sans-traceur\/#primaryimage","url":"https:\/\/cardinal-tapes.com\/wp-content\/uploads\/3M-atg-904-scaled.jpg","contentUrl":"https:\/\/cardinal-tapes.com\/wp-content\/uploads\/3M-atg-904-scaled.jpg","width":2271,"height":2560,"caption":"3M ATG 904"},{"@type":"BreadcrumbList","@id":"https:\/\/cardinal-tapes.com\/fr\/rubans-adh\u00e9sifs\/domaines-dapplication\/impression-graphisme\/3m-904-films-adhesifs-sans-traceur\/#breadcrumb","itemListElement":[{"@type":"ListItem","position":1,"name":"Startseite","item":"https:\/\/cardinal-tapes.com\/fr\/accueil\/"},{"@type":"ListItem","position":2,"name":"Rubans adh\u00e9sifs","item":"https:\/\/cardinal-tapes.com\/fr\/rubans-adhesifs-fr\/"},{"@type":"ListItem","position":3,"name":"Domaines d&#039;application","item":"https:\/\/cardinal-tapes.com\/fr\/catgorie\/domaines-dapplication\/"},{"@type":"ListItem","position":4,"name":"Impression &amp; graphisme","item":"https:\/\/cardinal-tapes.com\/fr\/catgorie\/impression-graphisme\/"},{"@type":"ListItem","position":5,"name":"3M\u2122 Ruban adh\u00e9sif de transfert Scotch\u00ae ATG 904"}]},{"@type":"WebSite","@id":"https:\/\/cardinal-tapes.com\/#website","url":"https:\/\/cardinal-tapes.com\/","name":"cardinal TAPES","description":"Klebetechnik aus Wuppertal","potentialAction":[{"@type":"SearchAction","target":{"@type":"EntryPoint","urlTemplate":"https:\/\/cardinal-tapes.com\/?s={search_term_string}"},"query-input":{"@type":"PropertyValueSpecification","valueRequired":true,"valueName":"search_term_string"}}],"inLanguage":"fr-FR"}]}},"brands":[{"id":2167,"name":"3M","slug":"3m-fr"}],"_links":{"self":[{"href":"https:\/\/cardinal-tapes.com\/fr\/wp-json\/wp\/v2\/product\/51560","targetHints":{"allow":["GET"]}}],"collection":[{"href":"https:\/\/cardinal-tapes.com\/fr\/wp-json\/wp\/v2\/product"}],"about":[{"href":"https:\/\/cardinal-tapes.com\/fr\/wp-json\/wp\/v2\/types\/product"}],"wp:featuredmedia":[{"embeddable":true,"href":"https:\/\/cardinal-tapes.com\/fr\/wp-json\/wp\/v2\/media\/27308"}],"wp:attachment":[{"href":"https:\/\/cardinal-tapes.com\/fr\/wp-json\/wp\/v2\/media?parent=51560"}],"wp:term":[{"taxonomy":"pwb-brand","embeddable":true,"href":"https:\/\/cardinal-tapes.com\/fr\/wp-json\/wp\/v2\/pwb-brand?post=51560"},{"taxonomy":"product_brand","embeddable":true,"href":"https:\/\/cardinal-tapes.com\/fr\/wp-json\/wp\/v2\/product_brand?post=51560"},{"taxonomy":"product_cat","embeddable":true,"href":"https:\/\/cardinal-tapes.com\/fr\/wp-json\/wp\/v2\/product_cat?post=51560"},{"taxonomy":"product_tag","embeddable":true,"href":"https:\/\/cardinal-tapes.com\/fr\/wp-json\/wp\/v2\/product_tag?post=51560"}],"curies":[{"name":"wp","href":"https:\/\/api.w.org\/{rel}","templated":true}]}}