{"id":51558,"date":"2018-06-25T14:57:47","date_gmt":"2023-06-05T15:09:59","guid":{"rendered":"https:\/\/cardinal.pixel-tal.de\/klebebaender\/non%20class\u00e9\/ca-33-bordure-de-tapis-plastifiee\/"},"modified":"2025-07-02T12:53:13","modified_gmt":"2025-07-02T10:53:13","slug":"ca-33-pe-bande-adhesive-tissee-enduite","status":"publish","type":"product","link":"https:\/\/cardinal-tapes.com\/fr\/rubans-adh\u00e9sifs\/rubans-adhesifs-simple-face\/ruban-enduit-de-pe\/ca-33-pe-bande-adhesive-tissee-enduite\/","title":{"rendered":"CA-33 Bordure de tapis plastifi\u00e9e"},"content":{"rendered":"<p>CA-33 est une bande en polytissu, enduite sur une face d&#8217;un rev\u00eatement imperm\u00e9able et sur l&#8217;autre d&#8217;un adh\u00e9sif agressif en caoutchouc naturel, sensible \u00e0 la pression et sans solvant.<\/p>\n<p>Il se caract\u00e9rise par les propri\u00e9t\u00e9s suivantes :<\/p>\n<ul>\n<li>\u00c9quipement de tapis<\/li>\n<li>Facilement d\u00e9chirable<\/li>\n<li>Facile \u00e0 d\u00e9rouler<\/li>\n<li>Adaptable \u00e0 la forme<\/li>\n<li>\u00c9quipement r\u00e9sistant \u00e0 l&#8217;eau<\/li>\n<li>Bonne r\u00e9sistance \u00e0 l&#8217;abrasion<\/li>\n<li>Adh\u00e9sif non corrosif<\/li>\n<li>Peut \u00eatre \u00e9tiquet\u00e9<\/li>\n<\/ul>\n<p><strong>Couleurs sp\u00e9ciales disponibles dans les teintes ARC.<\/strong><\/p>\n<p>&nbsp;<\/p>\n","protected":false},"excerpt":{"rendered":"<p>CA-33 est une bande en polytissu, enduite sur une face d&#8217;un rev\u00eatement imperm\u00e9able et sur l&#8217;autre d&#8217;un adh\u00e9sif agressif en caoutchouc naturel, sensible \u00e0 la pression et sans solvant. Il se caract\u00e9rise par les propri\u00e9t\u00e9s suivantes : \u00c9quipement de tapis Facilement d\u00e9chirable Facile \u00e0 d\u00e9rouler Adaptable \u00e0 la forme \u00c9quipement r\u00e9sistant \u00e0 l&#8217;eau Bonne r\u00e9sistance [&hellip;]<\/p>\n","protected":false},"featured_media":27824,"template":"","meta":{"_acf_changed":false},"pwb-brand":[2171],"product_brand":[],"product_cat":[1735,1737,1836,1838],"product_tag":[],"class_list":{"0":"post-51558","1":"product","2":"type-product","3":"status-publish","4":"has-post-thumbnail","6":"pwb-brand-cardinal-gmbh-fr","7":"product_cat-ruban-adhesif-en-tissu","8":"product_cat-ruban-enduit-de-plastique","9":"product_cat-rubans-adhesifs-simple-face","10":"product_cat-ruban-enduit-de-pe","12":"first","13":"instock","14":"taxable","15":"shipping-taxable","16":"purchasable","17":"product-type-variable"},"acf":[],"yoast_head":"<!-- This site is optimized with the Yoast SEO plugin v27.3 - https:\/\/yoast.com\/product\/yoast-seo-wordpress\/ -->\n<title>CA-33 Bande adh\u00e9sive tiss\u00e9e rev\u00eatue de PE | Cardinal TAPES<\/title>\n<meta name=\"description\" content=\"CA-33 est une bande adh\u00e9sive en tissu plastifi\u00e9 mat \/ bande de bordure de tapis, enduite d&#039;une colle en caoutchouc naturel.\" \/>\n<meta name=\"robots\" content=\"index, follow, max-snippet:-1, max-image-preview:large, max-video-preview:-1\" \/>\n<link rel=\"canonical\" href=\"https:\/\/cardinal-tapes.com\/fr\/rubans-adh\u00e9sifs\/rubans-adhesifs-simple-face\/ruban-enduit-de-pe\/ca-33-pe-bande-adhesive-tissee-enduite\/\" \/>\n<meta property=\"og:locale\" content=\"fr_FR\" \/>\n<meta property=\"og:type\" content=\"article\" \/>\n<meta property=\"og:title\" content=\"CA-33 Bande adh\u00e9sive tiss\u00e9e rev\u00eatue de PE | Cardinal TAPES\" \/>\n<meta property=\"og:description\" content=\"CA-33 est une bande adh\u00e9sive en tissu plastifi\u00e9 mat \/ bande de bordure de tapis, enduite d&#039;une colle en caoutchouc naturel.\" \/>\n<meta property=\"og:url\" content=\"https:\/\/cardinal-tapes.com\/fr\/rubans-adh\u00e9sifs\/rubans-adhesifs-simple-face\/ruban-enduit-de-pe\/ca-33-pe-bande-adhesive-tissee-enduite\/\" \/>\n<meta property=\"og:site_name\" content=\"cardinal TAPES\" \/>\n<meta property=\"article:modified_time\" content=\"2025-07-02T10:53:13+00:00\" \/>\n<meta property=\"og:image\" content=\"https:\/\/cardinal-tapes.com\/wp-content\/uploads\/ca-33_01.jpg\" \/>\n\t<meta property=\"og:image:width\" content=\"1400\" \/>\n\t<meta property=\"og:image:height\" content=\"1400\" \/>\n\t<meta property=\"og:image:type\" content=\"image\/jpeg\" \/>\n<meta name=\"twitter:card\" content=\"summary_large_image\" \/>\n<script type=\"application\/ld+json\" class=\"yoast-schema-graph\">{\"@context\":\"https:\\\/\\\/schema.org\",\"@graph\":[{\"@type\":\"WebPage\",\"@id\":\"https:\\\/\\\/cardinal-tapes.com\\\/fr\\\/rubans-adh\u00e9sifs\\\/rubans-adhesifs-simple-face\\\/ruban-enduit-de-pe\\\/ca-33-pe-bande-adhesive-tissee-enduite\\\/\",\"url\":\"https:\\\/\\\/cardinal-tapes.com\\\/fr\\\/rubans-adh\u00e9sifs\\\/rubans-adhesifs-simple-face\\\/ruban-enduit-de-pe\\\/ca-33-pe-bande-adhesive-tissee-enduite\\\/\",\"name\":\"CA-33 Bande adh\u00e9sive tiss\u00e9e rev\u00eatue de PE | Cardinal TAPES\",\"isPartOf\":{\"@id\":\"https:\\\/\\\/cardinal-tapes.com\\\/#website\"},\"primaryImageOfPage\":{\"@id\":\"https:\\\/\\\/cardinal-tapes.com\\\/fr\\\/rubans-adh\u00e9sifs\\\/rubans-adhesifs-simple-face\\\/ruban-enduit-de-pe\\\/ca-33-pe-bande-adhesive-tissee-enduite\\\/#primaryimage\"},\"image\":{\"@id\":\"https:\\\/\\\/cardinal-tapes.com\\\/fr\\\/rubans-adh\u00e9sifs\\\/rubans-adhesifs-simple-face\\\/ruban-enduit-de-pe\\\/ca-33-pe-bande-adhesive-tissee-enduite\\\/#primaryimage\"},\"thumbnailUrl\":\"https:\\\/\\\/cardinal-tapes.com\\\/wp-content\\\/uploads\\\/ca-33_01.jpg\",\"datePublished\":\"2023-06-05T15:09:59+00:00\",\"dateModified\":\"2025-07-02T10:53:13+00:00\",\"description\":\"CA-33 est une bande adh\u00e9sive en tissu plastifi\u00e9 mat \\\/ bande de bordure de tapis, enduite d'une colle en caoutchouc naturel.\",\"breadcrumb\":{\"@id\":\"https:\\\/\\\/cardinal-tapes.com\\\/fr\\\/rubans-adh\u00e9sifs\\\/rubans-adhesifs-simple-face\\\/ruban-enduit-de-pe\\\/ca-33-pe-bande-adhesive-tissee-enduite\\\/#breadcrumb\"},\"inLanguage\":\"fr-FR\",\"potentialAction\":[{\"@type\":\"ReadAction\",\"target\":[\"https:\\\/\\\/cardinal-tapes.com\\\/fr\\\/rubans-adh\u00e9sifs\\\/rubans-adhesifs-simple-face\\\/ruban-enduit-de-pe\\\/ca-33-pe-bande-adhesive-tissee-enduite\\\/\"]}]},{\"@type\":\"ImageObject\",\"inLanguage\":\"fr-FR\",\"@id\":\"https:\\\/\\\/cardinal-tapes.com\\\/fr\\\/rubans-adh\u00e9sifs\\\/rubans-adhesifs-simple-face\\\/ruban-enduit-de-pe\\\/ca-33-pe-bande-adhesive-tissee-enduite\\\/#primaryimage\",\"url\":\"https:\\\/\\\/cardinal-tapes.com\\\/wp-content\\\/uploads\\\/ca-33_01.jpg\",\"contentUrl\":\"https:\\\/\\\/cardinal-tapes.com\\\/wp-content\\\/uploads\\\/ca-33_01.jpg\",\"width\":1400,\"height\":1400,\"caption\":\"Ruban adh\u00e9sif CA-33\"},{\"@type\":\"BreadcrumbList\",\"@id\":\"https:\\\/\\\/cardinal-tapes.com\\\/fr\\\/rubans-adh\u00e9sifs\\\/rubans-adhesifs-simple-face\\\/ruban-enduit-de-pe\\\/ca-33-pe-bande-adhesive-tissee-enduite\\\/#breadcrumb\",\"itemListElement\":[{\"@type\":\"ListItem\",\"position\":1,\"name\":\"Startseite\",\"item\":\"https:\\\/\\\/cardinal-tapes.com\\\/fr\\\/accueil\\\/\"},{\"@type\":\"ListItem\",\"position\":2,\"name\":\"Rubans adh\u00e9sifs\",\"item\":\"https:\\\/\\\/cardinal-tapes.com\\\/fr\\\/rubans-adhesifs-fr\\\/\"},{\"@type\":\"ListItem\",\"position\":3,\"name\":\"Einseitige Klebeb\u00e4nder\",\"item\":\"https:\\\/\\\/cardinal-tapes.com\\\/kategorie\\\/einseitige-klebebaender\\\/\"},{\"@type\":\"ListItem\",\"position\":4,\"name\":\"CA-33 Bordure de tapis plastifi\u00e9e\"}]},{\"@type\":\"WebSite\",\"@id\":\"https:\\\/\\\/cardinal-tapes.com\\\/#website\",\"url\":\"https:\\\/\\\/cardinal-tapes.com\\\/\",\"name\":\"cardinal TAPES\",\"description\":\"Klebetechnik aus Wuppertal\",\"potentialAction\":[{\"@type\":\"SearchAction\",\"target\":{\"@type\":\"EntryPoint\",\"urlTemplate\":\"https:\\\/\\\/cardinal-tapes.com\\\/?s={search_term_string}\"},\"query-input\":{\"@type\":\"PropertyValueSpecification\",\"valueRequired\":true,\"valueName\":\"search_term_string\"}}],\"inLanguage\":\"fr-FR\"}]}<\/script>\n<!-- \/ Yoast SEO plugin. -->","yoast_head_json":{"title":"CA-33 Bande adh\u00e9sive tiss\u00e9e rev\u00eatue de PE | Cardinal TAPES","description":"CA-33 est une bande adh\u00e9sive en tissu plastifi\u00e9 mat \/ bande de bordure de tapis, enduite d'une colle en caoutchouc naturel.","robots":{"index":"index","follow":"follow","max-snippet":"max-snippet:-1","max-image-preview":"max-image-preview:large","max-video-preview":"max-video-preview:-1"},"canonical":"https:\/\/cardinal-tapes.com\/fr\/rubans-adh\u00e9sifs\/rubans-adhesifs-simple-face\/ruban-enduit-de-pe\/ca-33-pe-bande-adhesive-tissee-enduite\/","og_locale":"fr_FR","og_type":"article","og_title":"CA-33 Bande adh\u00e9sive tiss\u00e9e rev\u00eatue de PE | Cardinal TAPES","og_description":"CA-33 est une bande adh\u00e9sive en tissu plastifi\u00e9 mat \/ bande de bordure de tapis, enduite d'une colle en caoutchouc naturel.","og_url":"https:\/\/cardinal-tapes.com\/fr\/rubans-adh\u00e9sifs\/rubans-adhesifs-simple-face\/ruban-enduit-de-pe\/ca-33-pe-bande-adhesive-tissee-enduite\/","og_site_name":"cardinal TAPES","article_modified_time":"2025-07-02T10:53:13+00:00","og_image":[{"width":1400,"height":1400,"url":"https:\/\/cardinal-tapes.com\/wp-content\/uploads\/ca-33_01.jpg","type":"image\/jpeg"}],"twitter_card":"summary_large_image","schema":{"@context":"https:\/\/schema.org","@graph":[{"@type":"WebPage","@id":"https:\/\/cardinal-tapes.com\/fr\/rubans-adh\u00e9sifs\/rubans-adhesifs-simple-face\/ruban-enduit-de-pe\/ca-33-pe-bande-adhesive-tissee-enduite\/","url":"https:\/\/cardinal-tapes.com\/fr\/rubans-adh\u00e9sifs\/rubans-adhesifs-simple-face\/ruban-enduit-de-pe\/ca-33-pe-bande-adhesive-tissee-enduite\/","name":"CA-33 Bande adh\u00e9sive tiss\u00e9e rev\u00eatue de PE | Cardinal TAPES","isPartOf":{"@id":"https:\/\/cardinal-tapes.com\/#website"},"primaryImageOfPage":{"@id":"https:\/\/cardinal-tapes.com\/fr\/rubans-adh\u00e9sifs\/rubans-adhesifs-simple-face\/ruban-enduit-de-pe\/ca-33-pe-bande-adhesive-tissee-enduite\/#primaryimage"},"image":{"@id":"https:\/\/cardinal-tapes.com\/fr\/rubans-adh\u00e9sifs\/rubans-adhesifs-simple-face\/ruban-enduit-de-pe\/ca-33-pe-bande-adhesive-tissee-enduite\/#primaryimage"},"thumbnailUrl":"https:\/\/cardinal-tapes.com\/wp-content\/uploads\/ca-33_01.jpg","datePublished":"2023-06-05T15:09:59+00:00","dateModified":"2025-07-02T10:53:13+00:00","description":"CA-33 est une bande adh\u00e9sive en tissu plastifi\u00e9 mat \/ bande de bordure de tapis, enduite d'une colle en caoutchouc naturel.","breadcrumb":{"@id":"https:\/\/cardinal-tapes.com\/fr\/rubans-adh\u00e9sifs\/rubans-adhesifs-simple-face\/ruban-enduit-de-pe\/ca-33-pe-bande-adhesive-tissee-enduite\/#breadcrumb"},"inLanguage":"fr-FR","potentialAction":[{"@type":"ReadAction","target":["https:\/\/cardinal-tapes.com\/fr\/rubans-adh\u00e9sifs\/rubans-adhesifs-simple-face\/ruban-enduit-de-pe\/ca-33-pe-bande-adhesive-tissee-enduite\/"]}]},{"@type":"ImageObject","inLanguage":"fr-FR","@id":"https:\/\/cardinal-tapes.com\/fr\/rubans-adh\u00e9sifs\/rubans-adhesifs-simple-face\/ruban-enduit-de-pe\/ca-33-pe-bande-adhesive-tissee-enduite\/#primaryimage","url":"https:\/\/cardinal-tapes.com\/wp-content\/uploads\/ca-33_01.jpg","contentUrl":"https:\/\/cardinal-tapes.com\/wp-content\/uploads\/ca-33_01.jpg","width":1400,"height":1400,"caption":"Ruban adh\u00e9sif CA-33"},{"@type":"BreadcrumbList","@id":"https:\/\/cardinal-tapes.com\/fr\/rubans-adh\u00e9sifs\/rubans-adhesifs-simple-face\/ruban-enduit-de-pe\/ca-33-pe-bande-adhesive-tissee-enduite\/#breadcrumb","itemListElement":[{"@type":"ListItem","position":1,"name":"Startseite","item":"https:\/\/cardinal-tapes.com\/fr\/accueil\/"},{"@type":"ListItem","position":2,"name":"Rubans adh\u00e9sifs","item":"https:\/\/cardinal-tapes.com\/fr\/rubans-adhesifs-fr\/"},{"@type":"ListItem","position":3,"name":"Einseitige Klebeb\u00e4nder","item":"https:\/\/cardinal-tapes.com\/kategorie\/einseitige-klebebaender\/"},{"@type":"ListItem","position":4,"name":"CA-33 Bordure de tapis plastifi\u00e9e"}]},{"@type":"WebSite","@id":"https:\/\/cardinal-tapes.com\/#website","url":"https:\/\/cardinal-tapes.com\/","name":"cardinal TAPES","description":"Klebetechnik aus Wuppertal","potentialAction":[{"@type":"SearchAction","target":{"@type":"EntryPoint","urlTemplate":"https:\/\/cardinal-tapes.com\/?s={search_term_string}"},"query-input":{"@type":"PropertyValueSpecification","valueRequired":true,"valueName":"search_term_string"}}],"inLanguage":"fr-FR"}]}},"brands":[{"id":2171,"name":"cardinal GmbH","slug":"cardinal-gmbh-fr"}],"_links":{"self":[{"href":"https:\/\/cardinal-tapes.com\/fr\/wp-json\/wp\/v2\/product\/51558","targetHints":{"allow":["GET"]}}],"collection":[{"href":"https:\/\/cardinal-tapes.com\/fr\/wp-json\/wp\/v2\/product"}],"about":[{"href":"https:\/\/cardinal-tapes.com\/fr\/wp-json\/wp\/v2\/types\/product"}],"wp:featuredmedia":[{"embeddable":true,"href":"https:\/\/cardinal-tapes.com\/fr\/wp-json\/wp\/v2\/media\/27824"}],"wp:attachment":[{"href":"https:\/\/cardinal-tapes.com\/fr\/wp-json\/wp\/v2\/media?parent=51558"}],"wp:term":[{"taxonomy":"pwb-brand","embeddable":true,"href":"https:\/\/cardinal-tapes.com\/fr\/wp-json\/wp\/v2\/pwb-brand?post=51558"},{"taxonomy":"product_brand","embeddable":true,"href":"https:\/\/cardinal-tapes.com\/fr\/wp-json\/wp\/v2\/product_brand?post=51558"},{"taxonomy":"product_cat","embeddable":true,"href":"https:\/\/cardinal-tapes.com\/fr\/wp-json\/wp\/v2\/product_cat?post=51558"},{"taxonomy":"product_tag","embeddable":true,"href":"https:\/\/cardinal-tapes.com\/fr\/wp-json\/wp\/v2\/product_tag?post=51558"}],"curies":[{"name":"wp","href":"https:\/\/api.w.org\/{rel}","templated":true}]}}