{"id":51557,"date":"2018-10-31T07:27:18","date_gmt":"2023-06-05T15:09:59","guid":{"rendered":"https:\/\/cardinal.pixel-tal.de\/klebebaender\/non class\u00e9\/tesaprint-52315-ruban-adhesif-pour-cliches\/"},"modified":"2023-06-05T17:09:59","modified_gmt":"2023-06-05T15:09:59","slug":"tesa-52315-bande-adhesive-pour-cliches","status":"publish","type":"product","link":"https:\/\/cardinal-tapes.com\/fr\/rubans-adh\u00e9sifs\/rubans-adhesifs-simple-face\/film-pvc\/tesa-52315-bande-adhesive-pour-cliches\/","title":{"rendered":"tesaprint\u00ae 52315 Ruban adh\u00e9sif pour clich\u00e9s"},"content":{"rendered":"<p><sup>tesaprint\u00ae<\/sup> 52310 (transparent), <sup>tesaprint\u00ae<\/sup> 52315 (jaune), <sup>tesaprint\u00ae<\/sup> 52320 (blanc) et <sup>tesaprint\u00ae<\/sup> 52325 (rose) sont des rubans clich\u00e9s adh\u00e9sifs de couleurs diff\u00e9rentes, chacun avec une \u00e9paisseur totale diff\u00e9rente.<\/p>\n<p><strong>Caract\u00e9ristiques<\/strong><br \/>\n&#8211; Montage facile et sans bulles du clich\u00e9 gr\u00e2ce \u00e0 une couverture de film structur\u00e9e. Un repositionnement simple est possible lors du montage, car la force d&#8217;adh\u00e9sion totale ne s&#8217;\u00e9tablit que pendant le passage de la machine.<br \/>\n&#8211; Le pouvoir adh\u00e9sif \u00e9lev\u00e9 et la bonne r\u00e9sistance au cisaillement assurent un collage s\u00fbr et emp\u00eachent les clich\u00e9s de migrer pendant le processus d&#8217;impression.<br \/>\n&#8211; Lors du d\u00e9montage, il n&#8217;y a pas de r\u00e9sidus de colle sur le clich\u00e9 et le cylindre d&#8217;impression.<\/p>\n<p><strong>Applications<\/strong><br \/>\n&#8211; Collage de plaques d&#8217;impression photopolym\u00e8res sur des cylindres et des manchons d&#8217;impression.<\/p>\n","protected":false},"excerpt":{"rendered":"<p>tesaprint\u00ae 52310 (transparent), tesaprint\u00ae 52315 (jaune), tesaprint\u00ae 52320 (blanc) et tesaprint\u00ae 52325 (rose) sont des rubans clich\u00e9s adh\u00e9sifs de couleurs diff\u00e9rentes, chacun avec une \u00e9paisseur totale diff\u00e9rente. Caract\u00e9ristiques &#8211; Montage facile et sans bulles du clich\u00e9 gr\u00e2ce \u00e0 une couverture de film structur\u00e9e. Un repositionnement simple est possible lors du montage, car la force d&#8217;adh\u00e9sion [&hellip;]<\/p>\n","protected":false},"featured_media":27348,"template":"","meta":{"_acf_changed":false},"pwb-brand":[2165],"product_brand":[],"product_cat":[1836,1841],"product_tag":[],"class_list":{"0":"post-51557","1":"product","2":"type-product","3":"status-publish","4":"has-post-thumbnail","6":"pwb-brand-tesa-fr","7":"product_cat-rubans-adhesifs-simple-face","8":"product_cat-film-pvc","10":"first","11":"instock","12":"taxable","13":"shipping-taxable","14":"purchasable","15":"product-type-variable"},"acf":[],"yoast_head":"<!-- This site is optimized with the Yoast SEO plugin v27.3 - https:\/\/yoast.com\/product\/yoast-seo-wordpress\/ -->\n<title>tesa 52315 ruban adh\u00e9sif jaune pour clich\u00e9s | Cardinal TAPES<\/title>\n<meta name=\"description\" content=\"tesaprint\u00ae 52315 (jaune) est un ruban adh\u00e9sif pour clich\u00e9s de couleur. Apprenez-en plus sur les avantages et les domaines d&#039;application ici.\" \/>\n<meta name=\"robots\" content=\"index, follow, max-snippet:-1, max-image-preview:large, max-video-preview:-1\" \/>\n<link rel=\"canonical\" href=\"https:\/\/cardinal-tapes.com\/fr\/rubans-adh\u00e9sifs\/rubans-adhesifs-simple-face\/tesa-52315-bande-adhesive-pour-cliches\/\" \/>\n<meta property=\"og:locale\" content=\"fr_FR\" \/>\n<meta property=\"og:type\" content=\"article\" \/>\n<meta property=\"og:title\" content=\"tesa 52315 ruban adh\u00e9sif jaune pour clich\u00e9s | Cardinal TAPES\" \/>\n<meta property=\"og:description\" content=\"tesaprint\u00ae 52315 (jaune) est un ruban adh\u00e9sif pour clich\u00e9s de couleur. Apprenez-en plus sur les avantages et les domaines d&#039;application ici.\" \/>\n<meta property=\"og:url\" content=\"https:\/\/cardinal-tapes.com\/fr\/rubans-adh\u00e9sifs\/rubans-adhesifs-simple-face\/tesa-52315-bande-adhesive-pour-cliches\/\" \/>\n<meta property=\"og:site_name\" content=\"cardinal TAPES\" \/>\n<meta property=\"og:image\" content=\"https:\/\/cardinal-tapes.com\/wp-content\/uploads\/tesa-52315-pr-001-fullsize173190_canvas16x9_18.jpg\" \/>\n\t<meta property=\"og:image:width\" content=\"764\" \/>\n\t<meta property=\"og:image:height\" content=\"1080\" \/>\n\t<meta property=\"og:image:type\" content=\"image\/jpeg\" \/>\n<meta name=\"twitter:card\" content=\"summary_large_image\" \/>\n<meta name=\"twitter:label1\" content=\"Dur\u00e9e de lecture estim\u00e9e\" \/>\n\t<meta name=\"twitter:data1\" content=\"1 minute\" \/>\n<script type=\"application\/ld+json\" class=\"yoast-schema-graph\">{\"@context\":\"https:\\\/\\\/schema.org\",\"@graph\":[{\"@type\":\"WebPage\",\"@id\":\"https:\\\/\\\/cardinal-tapes.com\\\/fr\\\/rubans-adh\u00e9sifs\\\/rubans-adhesifs-simple-face\\\/tesa-52315-bande-adhesive-pour-cliches\\\/\",\"url\":\"https:\\\/\\\/cardinal-tapes.com\\\/fr\\\/rubans-adh\u00e9sifs\\\/rubans-adhesifs-simple-face\\\/tesa-52315-bande-adhesive-pour-cliches\\\/\",\"name\":\"tesa 52315 ruban adh\u00e9sif jaune pour clich\u00e9s | Cardinal TAPES\",\"isPartOf\":{\"@id\":\"https:\\\/\\\/cardinal-tapes.com\\\/#website\"},\"primaryImageOfPage\":{\"@id\":\"https:\\\/\\\/cardinal-tapes.com\\\/fr\\\/rubans-adh\u00e9sifs\\\/rubans-adhesifs-simple-face\\\/tesa-52315-bande-adhesive-pour-cliches\\\/#primaryimage\"},\"image\":{\"@id\":\"https:\\\/\\\/cardinal-tapes.com\\\/fr\\\/rubans-adh\u00e9sifs\\\/rubans-adhesifs-simple-face\\\/tesa-52315-bande-adhesive-pour-cliches\\\/#primaryimage\"},\"thumbnailUrl\":\"https:\\\/\\\/cardinal-tapes.com\\\/wp-content\\\/uploads\\\/tesa-52315-pr-001-fullsize173190_canvas16x9_18.jpg\",\"datePublished\":\"2023-06-05T15:09:59+00:00\",\"description\":\"tesaprint\u00ae 52315 (jaune) est un ruban adh\u00e9sif pour clich\u00e9s de couleur. Apprenez-en plus sur les avantages et les domaines d'application ici.\",\"breadcrumb\":{\"@id\":\"https:\\\/\\\/cardinal-tapes.com\\\/fr\\\/rubans-adh\u00e9sifs\\\/rubans-adhesifs-simple-face\\\/tesa-52315-bande-adhesive-pour-cliches\\\/#breadcrumb\"},\"inLanguage\":\"fr-FR\",\"potentialAction\":[{\"@type\":\"ReadAction\",\"target\":[\"https:\\\/\\\/cardinal-tapes.com\\\/fr\\\/rubans-adh\u00e9sifs\\\/rubans-adhesifs-simple-face\\\/tesa-52315-bande-adhesive-pour-cliches\\\/\"]}]},{\"@type\":\"ImageObject\",\"inLanguage\":\"fr-FR\",\"@id\":\"https:\\\/\\\/cardinal-tapes.com\\\/fr\\\/rubans-adh\u00e9sifs\\\/rubans-adhesifs-simple-face\\\/tesa-52315-bande-adhesive-pour-cliches\\\/#primaryimage\",\"url\":\"https:\\\/\\\/cardinal-tapes.com\\\/wp-content\\\/uploads\\\/tesa-52315-pr-001-fullsize173190_canvas16x9_18.jpg\",\"contentUrl\":\"https:\\\/\\\/cardinal-tapes.com\\\/wp-content\\\/uploads\\\/tesa-52315-pr-001-fullsize173190_canvas16x9_18.jpg\",\"width\":764,\"height\":1080,\"caption\":\"Tesa 52315 PR 001 Fullsize\"},{\"@type\":\"BreadcrumbList\",\"@id\":\"https:\\\/\\\/cardinal-tapes.com\\\/fr\\\/rubans-adh\u00e9sifs\\\/rubans-adhesifs-simple-face\\\/tesa-52315-bande-adhesive-pour-cliches\\\/#breadcrumb\",\"itemListElement\":[{\"@type\":\"ListItem\",\"position\":1,\"name\":\"Startseite\",\"item\":\"https:\\\/\\\/cardinal-tapes.com\\\/fr\\\/accueil\\\/\"},{\"@type\":\"ListItem\",\"position\":2,\"name\":\"Rubans adh\u00e9sifs\",\"item\":\"https:\\\/\\\/cardinal-tapes.com\\\/fr\\\/rubans-adhesifs-fr\\\/\"},{\"@type\":\"ListItem\",\"position\":3,\"name\":\"Rubans adh\u00e9sifs simple face\",\"item\":\"https:\\\/\\\/cardinal-tapes.com\\\/fr\\\/catgorie\\\/rubans-adhesifs-simple-face\\\/\"},{\"@type\":\"ListItem\",\"position\":4,\"name\":\"tesaprint\u00ae 52315 Ruban adh\u00e9sif pour clich\u00e9s\"}]},{\"@type\":\"WebSite\",\"@id\":\"https:\\\/\\\/cardinal-tapes.com\\\/#website\",\"url\":\"https:\\\/\\\/cardinal-tapes.com\\\/\",\"name\":\"cardinal TAPES\",\"description\":\"Klebetechnik aus Wuppertal\",\"potentialAction\":[{\"@type\":\"SearchAction\",\"target\":{\"@type\":\"EntryPoint\",\"urlTemplate\":\"https:\\\/\\\/cardinal-tapes.com\\\/?s={search_term_string}\"},\"query-input\":{\"@type\":\"PropertyValueSpecification\",\"valueRequired\":true,\"valueName\":\"search_term_string\"}}],\"inLanguage\":\"fr-FR\"}]}<\/script>\n<!-- \/ Yoast SEO plugin. -->","yoast_head_json":{"title":"tesa 52315 ruban adh\u00e9sif jaune pour clich\u00e9s | Cardinal TAPES","description":"tesaprint\u00ae 52315 (jaune) est un ruban adh\u00e9sif pour clich\u00e9s de couleur. Apprenez-en plus sur les avantages et les domaines d'application ici.","robots":{"index":"index","follow":"follow","max-snippet":"max-snippet:-1","max-image-preview":"max-image-preview:large","max-video-preview":"max-video-preview:-1"},"canonical":"https:\/\/cardinal-tapes.com\/fr\/rubans-adh\u00e9sifs\/rubans-adhesifs-simple-face\/tesa-52315-bande-adhesive-pour-cliches\/","og_locale":"fr_FR","og_type":"article","og_title":"tesa 52315 ruban adh\u00e9sif jaune pour clich\u00e9s | Cardinal TAPES","og_description":"tesaprint\u00ae 52315 (jaune) est un ruban adh\u00e9sif pour clich\u00e9s de couleur. Apprenez-en plus sur les avantages et les domaines d'application ici.","og_url":"https:\/\/cardinal-tapes.com\/fr\/rubans-adh\u00e9sifs\/rubans-adhesifs-simple-face\/tesa-52315-bande-adhesive-pour-cliches\/","og_site_name":"cardinal TAPES","og_image":[{"width":764,"height":1080,"url":"https:\/\/cardinal-tapes.com\/wp-content\/uploads\/tesa-52315-pr-001-fullsize173190_canvas16x9_18.jpg","type":"image\/jpeg"}],"twitter_card":"summary_large_image","twitter_misc":{"Dur\u00e9e de lecture estim\u00e9e":"1 minute"},"schema":{"@context":"https:\/\/schema.org","@graph":[{"@type":"WebPage","@id":"https:\/\/cardinal-tapes.com\/fr\/rubans-adh\u00e9sifs\/rubans-adhesifs-simple-face\/tesa-52315-bande-adhesive-pour-cliches\/","url":"https:\/\/cardinal-tapes.com\/fr\/rubans-adh\u00e9sifs\/rubans-adhesifs-simple-face\/tesa-52315-bande-adhesive-pour-cliches\/","name":"tesa 52315 ruban adh\u00e9sif jaune pour clich\u00e9s | Cardinal TAPES","isPartOf":{"@id":"https:\/\/cardinal-tapes.com\/#website"},"primaryImageOfPage":{"@id":"https:\/\/cardinal-tapes.com\/fr\/rubans-adh\u00e9sifs\/rubans-adhesifs-simple-face\/tesa-52315-bande-adhesive-pour-cliches\/#primaryimage"},"image":{"@id":"https:\/\/cardinal-tapes.com\/fr\/rubans-adh\u00e9sifs\/rubans-adhesifs-simple-face\/tesa-52315-bande-adhesive-pour-cliches\/#primaryimage"},"thumbnailUrl":"https:\/\/cardinal-tapes.com\/wp-content\/uploads\/tesa-52315-pr-001-fullsize173190_canvas16x9_18.jpg","datePublished":"2023-06-05T15:09:59+00:00","description":"tesaprint\u00ae 52315 (jaune) est un ruban adh\u00e9sif pour clich\u00e9s de couleur. Apprenez-en plus sur les avantages et les domaines d'application ici.","breadcrumb":{"@id":"https:\/\/cardinal-tapes.com\/fr\/rubans-adh\u00e9sifs\/rubans-adhesifs-simple-face\/tesa-52315-bande-adhesive-pour-cliches\/#breadcrumb"},"inLanguage":"fr-FR","potentialAction":[{"@type":"ReadAction","target":["https:\/\/cardinal-tapes.com\/fr\/rubans-adh\u00e9sifs\/rubans-adhesifs-simple-face\/tesa-52315-bande-adhesive-pour-cliches\/"]}]},{"@type":"ImageObject","inLanguage":"fr-FR","@id":"https:\/\/cardinal-tapes.com\/fr\/rubans-adh\u00e9sifs\/rubans-adhesifs-simple-face\/tesa-52315-bande-adhesive-pour-cliches\/#primaryimage","url":"https:\/\/cardinal-tapes.com\/wp-content\/uploads\/tesa-52315-pr-001-fullsize173190_canvas16x9_18.jpg","contentUrl":"https:\/\/cardinal-tapes.com\/wp-content\/uploads\/tesa-52315-pr-001-fullsize173190_canvas16x9_18.jpg","width":764,"height":1080,"caption":"Tesa 52315 PR 001 Fullsize"},{"@type":"BreadcrumbList","@id":"https:\/\/cardinal-tapes.com\/fr\/rubans-adh\u00e9sifs\/rubans-adhesifs-simple-face\/tesa-52315-bande-adhesive-pour-cliches\/#breadcrumb","itemListElement":[{"@type":"ListItem","position":1,"name":"Startseite","item":"https:\/\/cardinal-tapes.com\/fr\/accueil\/"},{"@type":"ListItem","position":2,"name":"Rubans adh\u00e9sifs","item":"https:\/\/cardinal-tapes.com\/fr\/rubans-adhesifs-fr\/"},{"@type":"ListItem","position":3,"name":"Rubans adh\u00e9sifs simple face","item":"https:\/\/cardinal-tapes.com\/fr\/catgorie\/rubans-adhesifs-simple-face\/"},{"@type":"ListItem","position":4,"name":"tesaprint\u00ae 52315 Ruban adh\u00e9sif pour clich\u00e9s"}]},{"@type":"WebSite","@id":"https:\/\/cardinal-tapes.com\/#website","url":"https:\/\/cardinal-tapes.com\/","name":"cardinal TAPES","description":"Klebetechnik aus Wuppertal","potentialAction":[{"@type":"SearchAction","target":{"@type":"EntryPoint","urlTemplate":"https:\/\/cardinal-tapes.com\/?s={search_term_string}"},"query-input":{"@type":"PropertyValueSpecification","valueRequired":true,"valueName":"search_term_string"}}],"inLanguage":"fr-FR"}]}},"brands":[{"id":2165,"name":"tesa","slug":"tesa-fr"}],"_links":{"self":[{"href":"https:\/\/cardinal-tapes.com\/fr\/wp-json\/wp\/v2\/product\/51557","targetHints":{"allow":["GET"]}}],"collection":[{"href":"https:\/\/cardinal-tapes.com\/fr\/wp-json\/wp\/v2\/product"}],"about":[{"href":"https:\/\/cardinal-tapes.com\/fr\/wp-json\/wp\/v2\/types\/product"}],"wp:featuredmedia":[{"embeddable":true,"href":"https:\/\/cardinal-tapes.com\/fr\/wp-json\/wp\/v2\/media\/27348"}],"wp:attachment":[{"href":"https:\/\/cardinal-tapes.com\/fr\/wp-json\/wp\/v2\/media?parent=51557"}],"wp:term":[{"taxonomy":"pwb-brand","embeddable":true,"href":"https:\/\/cardinal-tapes.com\/fr\/wp-json\/wp\/v2\/pwb-brand?post=51557"},{"taxonomy":"product_brand","embeddable":true,"href":"https:\/\/cardinal-tapes.com\/fr\/wp-json\/wp\/v2\/product_brand?post=51557"},{"taxonomy":"product_cat","embeddable":true,"href":"https:\/\/cardinal-tapes.com\/fr\/wp-json\/wp\/v2\/product_cat?post=51557"},{"taxonomy":"product_tag","embeddable":true,"href":"https:\/\/cardinal-tapes.com\/fr\/wp-json\/wp\/v2\/product_tag?post=51557"}],"curies":[{"name":"wp","href":"https:\/\/api.w.org\/{rel}","templated":true}]}}