{"id":51556,"date":"2018-10-01T11:16:07","date_gmt":"2023-06-05T15:09:59","guid":{"rendered":"https:\/\/cardinal.pixel-tal.de\/klebebaender\/non class\u00e9\/ca-101-hd-bande-de-force-pour-systemes-turn-up\/"},"modified":"2023-06-05T17:09:59","modified_gmt":"2023-06-05T15:09:59","slug":"ca-101-hd-bandage-de-force-pour-systemes-de-turn-up","status":"publish","type":"product","link":"https:\/\/cardinal-tapes.com\/fr\/rubans-adh\u00e9sifs\/domaines-dapplication\/industrie-du-papier\/ca-101-hd-bandage-de-force-pour-systemes-de-turn-up\/","title":{"rendered":"CA-101 HD Bande de force pour SYST\u00c8MES TURN-UP"},"content":{"rendered":"<p>Pour un changement de rouleau s\u00fbr et \u00e9conomique, les qualit\u00e9s CA-100 &amp; CA-101 sont le meilleur choix. Notre gamme de rubans papier Turn-Up est disponible en marron et blanchi.<\/p>\n<p>Si vous ne trouvez pas de solution adapt\u00e9e \u00e0 vos besoins sp\u00e9cifiques, nous vous conseillons volontiers par t\u00e9l\u00e9phone ou en utilisant le formulaire de <a href=\"https:\/\/cardinal-tapes.com\/ueber-cardinal\/kontakt\/\" target=\"_blank\" rel=\"noopener noreferrer\">demande de produits<\/a>.<\/p>\n<p>Le produit est con\u00e7u pour l&#8217;<a href=\"https:\/\/cardinal-tapes.com\/klebebaender\/anwendungsgebiete\/papierherstellung\/\" target=\"_blank\" rel=\"noopener noreferrer\">industrie du papier<\/a>.<\/p>\n","protected":false},"excerpt":{"rendered":"<p>Pour un changement de rouleau s\u00fbr et \u00e9conomique, les qualit\u00e9s CA-100 &amp; CA-101 sont le meilleur choix. Notre gamme de rubans papier Turn-Up est disponible en marron et blanchi. Si vous ne trouvez pas de solution adapt\u00e9e \u00e0 vos besoins sp\u00e9cifiques, nous vous conseillons volontiers par t\u00e9l\u00e9phone ou en utilisant le formulaire de demande de [&hellip;]<\/p>\n","protected":false},"featured_media":27300,"template":"","meta":{"_acf_changed":false},"pwb-brand":[2171],"product_brand":[],"product_cat":[1765,1769,1836],"product_tag":[],"class_list":{"0":"post-51556","1":"product","2":"type-product","3":"status-publish","4":"has-post-thumbnail","6":"pwb-brand-cardinal-gmbh-fr","7":"product_cat-industrie-du-papier","8":"product_cat-systemes-turn-up","9":"product_cat-rubans-adhesifs-simple-face","11":"first","12":"instock","13":"taxable","14":"shipping-taxable","15":"purchasable","16":"product-type-variable"},"acf":[],"yoast_head":"<!-- This site is optimized with the Yoast SEO plugin v27.3 - https:\/\/yoast.com\/product\/yoast-seo-wordpress\/ -->\n<title>CA-101 HD Bande de force pour SYST\u00c8MES TURN-UP - cardinal TAPES<\/title>\n<meta name=\"description\" content=\"Notre bande de force CA 101-HD pour syst\u00e8mes Turn-up est le meilleur choix pour un changement de rouleau s\u00fbr &amp; \u00e9conomique. Contactez-nous, nous vous conseillerons volontiers\" \/>\n<meta name=\"robots\" content=\"index, follow, max-snippet:-1, max-image-preview:large, max-video-preview:-1\" \/>\n<link rel=\"canonical\" href=\"https:\/\/cardinal-tapes.com\/fr\/rubans-adh\u00e9sifs\/industrie-du-papier\/ca-101-hd-bandage-de-force-pour-systemes-de-turn-up\/\" \/>\n<meta property=\"og:locale\" content=\"fr_FR\" \/>\n<meta property=\"og:type\" content=\"article\" \/>\n<meta property=\"og:title\" content=\"CA-101 HD Bande de force pour SYST\u00c8MES TURN-UP - cardinal TAPES\" \/>\n<meta property=\"og:description\" content=\"Notre bande de force CA 101-HD pour syst\u00e8mes Turn-up est le meilleur choix pour un changement de rouleau s\u00fbr &amp; \u00e9conomique. Contactez-nous, nous vous conseillerons volontiers\" \/>\n<meta property=\"og:url\" content=\"https:\/\/cardinal-tapes.com\/fr\/rubans-adh\u00e9sifs\/industrie-du-papier\/ca-101-hd-bandage-de-force-pour-systemes-de-turn-up\/\" \/>\n<meta property=\"og:site_name\" content=\"cardinal TAPES\" \/>\n<meta property=\"og:image\" content=\"https:\/\/cardinal-tapes.com\/wp-content\/uploads\/ki_turnup_baender_braun-scaled.jpg\" \/>\n\t<meta property=\"og:image:width\" content=\"2560\" \/>\n\t<meta property=\"og:image:height\" content=\"1714\" \/>\n\t<meta property=\"og:image:type\" content=\"image\/jpeg\" \/>\n<meta name=\"twitter:card\" content=\"summary_large_image\" \/>\n<script type=\"application\/ld+json\" class=\"yoast-schema-graph\">{\"@context\":\"https:\\\/\\\/schema.org\",\"@graph\":[{\"@type\":\"WebPage\",\"@id\":\"https:\\\/\\\/cardinal-tapes.com\\\/fr\\\/rubans-adh\u00e9sifs\\\/industrie-du-papier\\\/ca-101-hd-bandage-de-force-pour-systemes-de-turn-up\\\/\",\"url\":\"https:\\\/\\\/cardinal-tapes.com\\\/fr\\\/rubans-adh\u00e9sifs\\\/industrie-du-papier\\\/ca-101-hd-bandage-de-force-pour-systemes-de-turn-up\\\/\",\"name\":\"CA-101 HD Bande de force pour SYST\u00c8MES TURN-UP - cardinal TAPES\",\"isPartOf\":{\"@id\":\"https:\\\/\\\/cardinal-tapes.com\\\/#website\"},\"primaryImageOfPage\":{\"@id\":\"https:\\\/\\\/cardinal-tapes.com\\\/fr\\\/rubans-adh\u00e9sifs\\\/industrie-du-papier\\\/ca-101-hd-bandage-de-force-pour-systemes-de-turn-up\\\/#primaryimage\"},\"image\":{\"@id\":\"https:\\\/\\\/cardinal-tapes.com\\\/fr\\\/rubans-adh\u00e9sifs\\\/industrie-du-papier\\\/ca-101-hd-bandage-de-force-pour-systemes-de-turn-up\\\/#primaryimage\"},\"thumbnailUrl\":\"https:\\\/\\\/cardinal-tapes.com\\\/wp-content\\\/uploads\\\/ki_turnup_baender_braun-scaled.jpg\",\"datePublished\":\"2023-06-05T15:09:59+00:00\",\"description\":\"Notre bande de force CA 101-HD pour syst\u00e8mes Turn-up est le meilleur choix pour un changement de rouleau s\u00fbr & \u00e9conomique. Contactez-nous, nous vous conseillerons volontiers\",\"breadcrumb\":{\"@id\":\"https:\\\/\\\/cardinal-tapes.com\\\/fr\\\/rubans-adh\u00e9sifs\\\/industrie-du-papier\\\/ca-101-hd-bandage-de-force-pour-systemes-de-turn-up\\\/#breadcrumb\"},\"inLanguage\":\"fr-FR\",\"potentialAction\":[{\"@type\":\"ReadAction\",\"target\":[\"https:\\\/\\\/cardinal-tapes.com\\\/fr\\\/rubans-adh\u00e9sifs\\\/industrie-du-papier\\\/ca-101-hd-bandage-de-force-pour-systemes-de-turn-up\\\/\"]}]},{\"@type\":\"ImageObject\",\"inLanguage\":\"fr-FR\",\"@id\":\"https:\\\/\\\/cardinal-tapes.com\\\/fr\\\/rubans-adh\u00e9sifs\\\/industrie-du-papier\\\/ca-101-hd-bandage-de-force-pour-systemes-de-turn-up\\\/#primaryimage\",\"url\":\"https:\\\/\\\/cardinal-tapes.com\\\/wp-content\\\/uploads\\\/ki_turnup_baender_braun-scaled.jpg\",\"contentUrl\":\"https:\\\/\\\/cardinal-tapes.com\\\/wp-content\\\/uploads\\\/ki_turnup_baender_braun-scaled.jpg\",\"width\":2560,\"height\":1714,\"caption\":\"SONY DSC\"},{\"@type\":\"BreadcrumbList\",\"@id\":\"https:\\\/\\\/cardinal-tapes.com\\\/fr\\\/rubans-adh\u00e9sifs\\\/industrie-du-papier\\\/ca-101-hd-bandage-de-force-pour-systemes-de-turn-up\\\/#breadcrumb\",\"itemListElement\":[{\"@type\":\"ListItem\",\"position\":1,\"name\":\"Startseite\",\"item\":\"https:\\\/\\\/cardinal-tapes.com\\\/fr\\\/accueil\\\/\"},{\"@type\":\"ListItem\",\"position\":2,\"name\":\"Rubans adh\u00e9sifs\",\"item\":\"https:\\\/\\\/cardinal-tapes.com\\\/fr\\\/rubans-adhesifs-fr\\\/\"},{\"@type\":\"ListItem\",\"position\":3,\"name\":\"SYST\u00c8MES TURN-UP\",\"item\":\"https:\\\/\\\/cardinal-tapes.com\\\/fr\\\/catgorie\\\/systemes-turn-up\\\/\"},{\"@type\":\"ListItem\",\"position\":4,\"name\":\"CA-101 HD Bande de force pour SYST\u00c8MES TURN-UP\"}]},{\"@type\":\"WebSite\",\"@id\":\"https:\\\/\\\/cardinal-tapes.com\\\/#website\",\"url\":\"https:\\\/\\\/cardinal-tapes.com\\\/\",\"name\":\"cardinal TAPES\",\"description\":\"Klebetechnik aus Wuppertal\",\"potentialAction\":[{\"@type\":\"SearchAction\",\"target\":{\"@type\":\"EntryPoint\",\"urlTemplate\":\"https:\\\/\\\/cardinal-tapes.com\\\/?s={search_term_string}\"},\"query-input\":{\"@type\":\"PropertyValueSpecification\",\"valueRequired\":true,\"valueName\":\"search_term_string\"}}],\"inLanguage\":\"fr-FR\"}]}<\/script>\n<!-- \/ Yoast SEO plugin. -->","yoast_head_json":{"title":"CA-101 HD Bande de force pour SYST\u00c8MES TURN-UP - cardinal TAPES","description":"Notre bande de force CA 101-HD pour syst\u00e8mes Turn-up est le meilleur choix pour un changement de rouleau s\u00fbr & \u00e9conomique. Contactez-nous, nous vous conseillerons volontiers","robots":{"index":"index","follow":"follow","max-snippet":"max-snippet:-1","max-image-preview":"max-image-preview:large","max-video-preview":"max-video-preview:-1"},"canonical":"https:\/\/cardinal-tapes.com\/fr\/rubans-adh\u00e9sifs\/industrie-du-papier\/ca-101-hd-bandage-de-force-pour-systemes-de-turn-up\/","og_locale":"fr_FR","og_type":"article","og_title":"CA-101 HD Bande de force pour SYST\u00c8MES TURN-UP - cardinal TAPES","og_description":"Notre bande de force CA 101-HD pour syst\u00e8mes Turn-up est le meilleur choix pour un changement de rouleau s\u00fbr & \u00e9conomique. Contactez-nous, nous vous conseillerons volontiers","og_url":"https:\/\/cardinal-tapes.com\/fr\/rubans-adh\u00e9sifs\/industrie-du-papier\/ca-101-hd-bandage-de-force-pour-systemes-de-turn-up\/","og_site_name":"cardinal TAPES","og_image":[{"width":2560,"height":1714,"url":"https:\/\/cardinal-tapes.com\/wp-content\/uploads\/ki_turnup_baender_braun-scaled.jpg","type":"image\/jpeg"}],"twitter_card":"summary_large_image","schema":{"@context":"https:\/\/schema.org","@graph":[{"@type":"WebPage","@id":"https:\/\/cardinal-tapes.com\/fr\/rubans-adh\u00e9sifs\/industrie-du-papier\/ca-101-hd-bandage-de-force-pour-systemes-de-turn-up\/","url":"https:\/\/cardinal-tapes.com\/fr\/rubans-adh\u00e9sifs\/industrie-du-papier\/ca-101-hd-bandage-de-force-pour-systemes-de-turn-up\/","name":"CA-101 HD Bande de force pour SYST\u00c8MES TURN-UP - cardinal TAPES","isPartOf":{"@id":"https:\/\/cardinal-tapes.com\/#website"},"primaryImageOfPage":{"@id":"https:\/\/cardinal-tapes.com\/fr\/rubans-adh\u00e9sifs\/industrie-du-papier\/ca-101-hd-bandage-de-force-pour-systemes-de-turn-up\/#primaryimage"},"image":{"@id":"https:\/\/cardinal-tapes.com\/fr\/rubans-adh\u00e9sifs\/industrie-du-papier\/ca-101-hd-bandage-de-force-pour-systemes-de-turn-up\/#primaryimage"},"thumbnailUrl":"https:\/\/cardinal-tapes.com\/wp-content\/uploads\/ki_turnup_baender_braun-scaled.jpg","datePublished":"2023-06-05T15:09:59+00:00","description":"Notre bande de force CA 101-HD pour syst\u00e8mes Turn-up est le meilleur choix pour un changement de rouleau s\u00fbr & \u00e9conomique. Contactez-nous, nous vous conseillerons volontiers","breadcrumb":{"@id":"https:\/\/cardinal-tapes.com\/fr\/rubans-adh\u00e9sifs\/industrie-du-papier\/ca-101-hd-bandage-de-force-pour-systemes-de-turn-up\/#breadcrumb"},"inLanguage":"fr-FR","potentialAction":[{"@type":"ReadAction","target":["https:\/\/cardinal-tapes.com\/fr\/rubans-adh\u00e9sifs\/industrie-du-papier\/ca-101-hd-bandage-de-force-pour-systemes-de-turn-up\/"]}]},{"@type":"ImageObject","inLanguage":"fr-FR","@id":"https:\/\/cardinal-tapes.com\/fr\/rubans-adh\u00e9sifs\/industrie-du-papier\/ca-101-hd-bandage-de-force-pour-systemes-de-turn-up\/#primaryimage","url":"https:\/\/cardinal-tapes.com\/wp-content\/uploads\/ki_turnup_baender_braun-scaled.jpg","contentUrl":"https:\/\/cardinal-tapes.com\/wp-content\/uploads\/ki_turnup_baender_braun-scaled.jpg","width":2560,"height":1714,"caption":"SONY DSC"},{"@type":"BreadcrumbList","@id":"https:\/\/cardinal-tapes.com\/fr\/rubans-adh\u00e9sifs\/industrie-du-papier\/ca-101-hd-bandage-de-force-pour-systemes-de-turn-up\/#breadcrumb","itemListElement":[{"@type":"ListItem","position":1,"name":"Startseite","item":"https:\/\/cardinal-tapes.com\/fr\/accueil\/"},{"@type":"ListItem","position":2,"name":"Rubans adh\u00e9sifs","item":"https:\/\/cardinal-tapes.com\/fr\/rubans-adhesifs-fr\/"},{"@type":"ListItem","position":3,"name":"SYST\u00c8MES TURN-UP","item":"https:\/\/cardinal-tapes.com\/fr\/catgorie\/systemes-turn-up\/"},{"@type":"ListItem","position":4,"name":"CA-101 HD Bande de force pour SYST\u00c8MES TURN-UP"}]},{"@type":"WebSite","@id":"https:\/\/cardinal-tapes.com\/#website","url":"https:\/\/cardinal-tapes.com\/","name":"cardinal TAPES","description":"Klebetechnik aus Wuppertal","potentialAction":[{"@type":"SearchAction","target":{"@type":"EntryPoint","urlTemplate":"https:\/\/cardinal-tapes.com\/?s={search_term_string}"},"query-input":{"@type":"PropertyValueSpecification","valueRequired":true,"valueName":"search_term_string"}}],"inLanguage":"fr-FR"}]}},"brands":[{"id":2171,"name":"cardinal GmbH","slug":"cardinal-gmbh-fr"}],"_links":{"self":[{"href":"https:\/\/cardinal-tapes.com\/fr\/wp-json\/wp\/v2\/product\/51556","targetHints":{"allow":["GET"]}}],"collection":[{"href":"https:\/\/cardinal-tapes.com\/fr\/wp-json\/wp\/v2\/product"}],"about":[{"href":"https:\/\/cardinal-tapes.com\/fr\/wp-json\/wp\/v2\/types\/product"}],"wp:featuredmedia":[{"embeddable":true,"href":"https:\/\/cardinal-tapes.com\/fr\/wp-json\/wp\/v2\/media\/27300"}],"wp:attachment":[{"href":"https:\/\/cardinal-tapes.com\/fr\/wp-json\/wp\/v2\/media?parent=51556"}],"wp:term":[{"taxonomy":"pwb-brand","embeddable":true,"href":"https:\/\/cardinal-tapes.com\/fr\/wp-json\/wp\/v2\/pwb-brand?post=51556"},{"taxonomy":"product_brand","embeddable":true,"href":"https:\/\/cardinal-tapes.com\/fr\/wp-json\/wp\/v2\/product_brand?post=51556"},{"taxonomy":"product_cat","embeddable":true,"href":"https:\/\/cardinal-tapes.com\/fr\/wp-json\/wp\/v2\/product_cat?post=51556"},{"taxonomy":"product_tag","embeddable":true,"href":"https:\/\/cardinal-tapes.com\/fr\/wp-json\/wp\/v2\/product_tag?post=51556"}],"curies":[{"name":"wp","href":"https:\/\/api.w.org\/{rel}","templated":true}]}}