{"id":51555,"date":"2018-10-01T11:09:33","date_gmt":"2023-06-05T15:09:59","guid":{"rendered":"https:\/\/cardinal.pixel-tal.de\/klebebaender\/non class\u00e9\/ca-100-sangle-de-force-pour-systemes-turn-up\/"},"modified":"2023-06-05T17:09:59","modified_gmt":"2023-06-05T15:09:59","slug":"ca-100-bande-de-force-pour-systemes-de-turn-up","status":"publish","type":"product","link":"https:\/\/cardinal-tapes.com\/fr\/rubans-adh\u00e9sifs\/domaines-dapplication\/industrie-du-papier\/ca-100-bande-de-force-pour-systemes-de-turn-up\/","title":{"rendered":"CA-100 Sangle de force pour SYST\u00c8MES TURN-UP"},"content":{"rendered":"<p>Pour un changement de rouleau s\u00fbr et \u00e9conomique, les qualit\u00e9s CA-100 &amp; CA-101 sont le meilleur choix. Notre gamme de rubans papier Turn-Up est disponible en marron et blanchi.<\/p>\n<p>Si vous ne trouvez pas de solution adapt\u00e9e \u00e0 vos besoins sp\u00e9cifiques, nous nous ferons un plaisir de vous conseiller \u00e0 tout moment, \u00e9galement par t\u00e9l\u00e9phone, ou vous pouvez utiliser le formulaire de notre <a href=\"https:\/\/cardinal-tapes.com\/ueber-cardinal\/kontakt\/\" target=\"_blank\" rel=\"noopener noreferrer\">demande de produits<\/a>.<\/p>\n<p>Le produit est con\u00e7u pour l&#8217;<a href=\"https:\/\/cardinal-tapes.com\/klebebaender\/anwendungsgebiete\/papierherstellung\/\" target=\"_blank\" rel=\"noopener noreferrer\">industrie du papier<\/a>.<\/p>\n","protected":false},"excerpt":{"rendered":"<p>Pour un changement de rouleau s\u00fbr et \u00e9conomique, les qualit\u00e9s CA-100 &amp; CA-101 sont le meilleur choix. Notre gamme de rubans papier Turn-Up est disponible en marron et blanchi. Si vous ne trouvez pas de solution adapt\u00e9e \u00e0 vos besoins sp\u00e9cifiques, nous nous ferons un plaisir de vous conseiller \u00e0 tout moment, \u00e9galement par t\u00e9l\u00e9phone, [&hellip;]<\/p>\n","protected":false},"featured_media":27304,"template":"","meta":{"_acf_changed":false},"pwb-brand":[2171],"product_brand":[],"product_cat":[1765,1769,1836],"product_tag":[],"class_list":{"0":"post-51555","1":"product","2":"type-product","3":"status-publish","4":"has-post-thumbnail","6":"pwb-brand-cardinal-gmbh-fr","7":"product_cat-industrie-du-papier","8":"product_cat-systemes-turn-up","9":"product_cat-rubans-adhesifs-simple-face","11":"first","12":"instock","13":"taxable","14":"shipping-taxable","15":"purchasable","16":"product-type-variable"},"acf":[],"yoast_head":"<!-- This site is optimized with the Yoast SEO plugin v27.3 - https:\/\/yoast.com\/product\/yoast-seo-wordpress\/ -->\n<title>CA-100 Sangle de force pour SYST\u00c8MES TURN-UP - cardinal TAPES<\/title>\n<meta name=\"description\" content=\"Notre bande de force CA-100 pour syst\u00e8mes Turn-Up vous garantit un changement de bobine s\u00fbr et \u00e9conomique. Informez-vous d\u00e8s maintenant !\" \/>\n<meta name=\"robots\" content=\"index, follow, max-snippet:-1, max-image-preview:large, max-video-preview:-1\" \/>\n<link rel=\"canonical\" href=\"https:\/\/cardinal-tapes.com\/fr\/rubans-adh\u00e9sifs\/industrie-du-papier\/ca-100-bande-de-force-pour-systemes-de-turn-up\/\" \/>\n<meta property=\"og:locale\" content=\"fr_FR\" \/>\n<meta property=\"og:type\" content=\"article\" \/>\n<meta property=\"og:title\" content=\"CA-100 Sangle de force pour SYST\u00c8MES TURN-UP - cardinal TAPES\" \/>\n<meta property=\"og:description\" content=\"Notre bande de force CA-100 pour syst\u00e8mes Turn-Up vous garantit un changement de bobine s\u00fbr et \u00e9conomique. Informez-vous d\u00e8s maintenant !\" \/>\n<meta property=\"og:url\" content=\"https:\/\/cardinal-tapes.com\/fr\/rubans-adh\u00e9sifs\/industrie-du-papier\/ca-100-bande-de-force-pour-systemes-de-turn-up\/\" \/>\n<meta property=\"og:site_name\" content=\"cardinal TAPES\" \/>\n<meta property=\"og:image\" content=\"https:\/\/cardinal-tapes.com\/wp-content\/uploads\/ki_turnup_baender_weiss-scaled.jpg\" \/>\n\t<meta property=\"og:image:width\" content=\"2560\" \/>\n\t<meta property=\"og:image:height\" content=\"1714\" \/>\n\t<meta property=\"og:image:type\" content=\"image\/jpeg\" \/>\n<meta name=\"twitter:card\" content=\"summary_large_image\" \/>\n<script type=\"application\/ld+json\" class=\"yoast-schema-graph\">{\"@context\":\"https:\\\/\\\/schema.org\",\"@graph\":[{\"@type\":\"WebPage\",\"@id\":\"https:\\\/\\\/cardinal-tapes.com\\\/fr\\\/rubans-adh\u00e9sifs\\\/industrie-du-papier\\\/ca-100-bande-de-force-pour-systemes-de-turn-up\\\/\",\"url\":\"https:\\\/\\\/cardinal-tapes.com\\\/fr\\\/rubans-adh\u00e9sifs\\\/industrie-du-papier\\\/ca-100-bande-de-force-pour-systemes-de-turn-up\\\/\",\"name\":\"CA-100 Sangle de force pour SYST\u00c8MES TURN-UP - cardinal TAPES\",\"isPartOf\":{\"@id\":\"https:\\\/\\\/cardinal-tapes.com\\\/#website\"},\"primaryImageOfPage\":{\"@id\":\"https:\\\/\\\/cardinal-tapes.com\\\/fr\\\/rubans-adh\u00e9sifs\\\/industrie-du-papier\\\/ca-100-bande-de-force-pour-systemes-de-turn-up\\\/#primaryimage\"},\"image\":{\"@id\":\"https:\\\/\\\/cardinal-tapes.com\\\/fr\\\/rubans-adh\u00e9sifs\\\/industrie-du-papier\\\/ca-100-bande-de-force-pour-systemes-de-turn-up\\\/#primaryimage\"},\"thumbnailUrl\":\"https:\\\/\\\/cardinal-tapes.com\\\/wp-content\\\/uploads\\\/ki_turnup_baender_weiss-scaled.jpg\",\"datePublished\":\"2023-06-05T15:09:59+00:00\",\"description\":\"Notre bande de force CA-100 pour syst\u00e8mes Turn-Up vous garantit un changement de bobine s\u00fbr et \u00e9conomique. Informez-vous d\u00e8s maintenant !\",\"breadcrumb\":{\"@id\":\"https:\\\/\\\/cardinal-tapes.com\\\/fr\\\/rubans-adh\u00e9sifs\\\/industrie-du-papier\\\/ca-100-bande-de-force-pour-systemes-de-turn-up\\\/#breadcrumb\"},\"inLanguage\":\"fr-FR\",\"potentialAction\":[{\"@type\":\"ReadAction\",\"target\":[\"https:\\\/\\\/cardinal-tapes.com\\\/fr\\\/rubans-adh\u00e9sifs\\\/industrie-du-papier\\\/ca-100-bande-de-force-pour-systemes-de-turn-up\\\/\"]}]},{\"@type\":\"ImageObject\",\"inLanguage\":\"fr-FR\",\"@id\":\"https:\\\/\\\/cardinal-tapes.com\\\/fr\\\/rubans-adh\u00e9sifs\\\/industrie-du-papier\\\/ca-100-bande-de-force-pour-systemes-de-turn-up\\\/#primaryimage\",\"url\":\"https:\\\/\\\/cardinal-tapes.com\\\/wp-content\\\/uploads\\\/ki_turnup_baender_weiss-scaled.jpg\",\"contentUrl\":\"https:\\\/\\\/cardinal-tapes.com\\\/wp-content\\\/uploads\\\/ki_turnup_baender_weiss-scaled.jpg\",\"width\":2560,\"height\":1714,\"caption\":\"SONY DSC\"},{\"@type\":\"BreadcrumbList\",\"@id\":\"https:\\\/\\\/cardinal-tapes.com\\\/fr\\\/rubans-adh\u00e9sifs\\\/industrie-du-papier\\\/ca-100-bande-de-force-pour-systemes-de-turn-up\\\/#breadcrumb\",\"itemListElement\":[{\"@type\":\"ListItem\",\"position\":1,\"name\":\"Startseite\",\"item\":\"https:\\\/\\\/cardinal-tapes.com\\\/fr\\\/accueil\\\/\"},{\"@type\":\"ListItem\",\"position\":2,\"name\":\"Rubans adh\u00e9sifs\",\"item\":\"https:\\\/\\\/cardinal-tapes.com\\\/fr\\\/rubans-adhesifs-fr\\\/\"},{\"@type\":\"ListItem\",\"position\":3,\"name\":\"Industrie du papier\",\"item\":\"https:\\\/\\\/cardinal-tapes.com\\\/fr\\\/catgorie\\\/industrie-du-papier\\\/\"},{\"@type\":\"ListItem\",\"position\":4,\"name\":\"CA-100 Sangle de force pour SYST\u00c8MES TURN-UP\"}]},{\"@type\":\"WebSite\",\"@id\":\"https:\\\/\\\/cardinal-tapes.com\\\/#website\",\"url\":\"https:\\\/\\\/cardinal-tapes.com\\\/\",\"name\":\"cardinal TAPES\",\"description\":\"Klebetechnik aus Wuppertal\",\"potentialAction\":[{\"@type\":\"SearchAction\",\"target\":{\"@type\":\"EntryPoint\",\"urlTemplate\":\"https:\\\/\\\/cardinal-tapes.com\\\/?s={search_term_string}\"},\"query-input\":{\"@type\":\"PropertyValueSpecification\",\"valueRequired\":true,\"valueName\":\"search_term_string\"}}],\"inLanguage\":\"fr-FR\"}]}<\/script>\n<!-- \/ Yoast SEO plugin. -->","yoast_head_json":{"title":"CA-100 Sangle de force pour SYST\u00c8MES TURN-UP - cardinal TAPES","description":"Notre bande de force CA-100 pour syst\u00e8mes Turn-Up vous garantit un changement de bobine s\u00fbr et \u00e9conomique. Informez-vous d\u00e8s maintenant !","robots":{"index":"index","follow":"follow","max-snippet":"max-snippet:-1","max-image-preview":"max-image-preview:large","max-video-preview":"max-video-preview:-1"},"canonical":"https:\/\/cardinal-tapes.com\/fr\/rubans-adh\u00e9sifs\/industrie-du-papier\/ca-100-bande-de-force-pour-systemes-de-turn-up\/","og_locale":"fr_FR","og_type":"article","og_title":"CA-100 Sangle de force pour SYST\u00c8MES TURN-UP - cardinal TAPES","og_description":"Notre bande de force CA-100 pour syst\u00e8mes Turn-Up vous garantit un changement de bobine s\u00fbr et \u00e9conomique. Informez-vous d\u00e8s maintenant !","og_url":"https:\/\/cardinal-tapes.com\/fr\/rubans-adh\u00e9sifs\/industrie-du-papier\/ca-100-bande-de-force-pour-systemes-de-turn-up\/","og_site_name":"cardinal TAPES","og_image":[{"width":2560,"height":1714,"url":"https:\/\/cardinal-tapes.com\/wp-content\/uploads\/ki_turnup_baender_weiss-scaled.jpg","type":"image\/jpeg"}],"twitter_card":"summary_large_image","schema":{"@context":"https:\/\/schema.org","@graph":[{"@type":"WebPage","@id":"https:\/\/cardinal-tapes.com\/fr\/rubans-adh\u00e9sifs\/industrie-du-papier\/ca-100-bande-de-force-pour-systemes-de-turn-up\/","url":"https:\/\/cardinal-tapes.com\/fr\/rubans-adh\u00e9sifs\/industrie-du-papier\/ca-100-bande-de-force-pour-systemes-de-turn-up\/","name":"CA-100 Sangle de force pour SYST\u00c8MES TURN-UP - cardinal TAPES","isPartOf":{"@id":"https:\/\/cardinal-tapes.com\/#website"},"primaryImageOfPage":{"@id":"https:\/\/cardinal-tapes.com\/fr\/rubans-adh\u00e9sifs\/industrie-du-papier\/ca-100-bande-de-force-pour-systemes-de-turn-up\/#primaryimage"},"image":{"@id":"https:\/\/cardinal-tapes.com\/fr\/rubans-adh\u00e9sifs\/industrie-du-papier\/ca-100-bande-de-force-pour-systemes-de-turn-up\/#primaryimage"},"thumbnailUrl":"https:\/\/cardinal-tapes.com\/wp-content\/uploads\/ki_turnup_baender_weiss-scaled.jpg","datePublished":"2023-06-05T15:09:59+00:00","description":"Notre bande de force CA-100 pour syst\u00e8mes Turn-Up vous garantit un changement de bobine s\u00fbr et \u00e9conomique. Informez-vous d\u00e8s maintenant !","breadcrumb":{"@id":"https:\/\/cardinal-tapes.com\/fr\/rubans-adh\u00e9sifs\/industrie-du-papier\/ca-100-bande-de-force-pour-systemes-de-turn-up\/#breadcrumb"},"inLanguage":"fr-FR","potentialAction":[{"@type":"ReadAction","target":["https:\/\/cardinal-tapes.com\/fr\/rubans-adh\u00e9sifs\/industrie-du-papier\/ca-100-bande-de-force-pour-systemes-de-turn-up\/"]}]},{"@type":"ImageObject","inLanguage":"fr-FR","@id":"https:\/\/cardinal-tapes.com\/fr\/rubans-adh\u00e9sifs\/industrie-du-papier\/ca-100-bande-de-force-pour-systemes-de-turn-up\/#primaryimage","url":"https:\/\/cardinal-tapes.com\/wp-content\/uploads\/ki_turnup_baender_weiss-scaled.jpg","contentUrl":"https:\/\/cardinal-tapes.com\/wp-content\/uploads\/ki_turnup_baender_weiss-scaled.jpg","width":2560,"height":1714,"caption":"SONY DSC"},{"@type":"BreadcrumbList","@id":"https:\/\/cardinal-tapes.com\/fr\/rubans-adh\u00e9sifs\/industrie-du-papier\/ca-100-bande-de-force-pour-systemes-de-turn-up\/#breadcrumb","itemListElement":[{"@type":"ListItem","position":1,"name":"Startseite","item":"https:\/\/cardinal-tapes.com\/fr\/accueil\/"},{"@type":"ListItem","position":2,"name":"Rubans adh\u00e9sifs","item":"https:\/\/cardinal-tapes.com\/fr\/rubans-adhesifs-fr\/"},{"@type":"ListItem","position":3,"name":"Industrie du papier","item":"https:\/\/cardinal-tapes.com\/fr\/catgorie\/industrie-du-papier\/"},{"@type":"ListItem","position":4,"name":"CA-100 Sangle de force pour SYST\u00c8MES TURN-UP"}]},{"@type":"WebSite","@id":"https:\/\/cardinal-tapes.com\/#website","url":"https:\/\/cardinal-tapes.com\/","name":"cardinal TAPES","description":"Klebetechnik aus Wuppertal","potentialAction":[{"@type":"SearchAction","target":{"@type":"EntryPoint","urlTemplate":"https:\/\/cardinal-tapes.com\/?s={search_term_string}"},"query-input":{"@type":"PropertyValueSpecification","valueRequired":true,"valueName":"search_term_string"}}],"inLanguage":"fr-FR"}]}},"brands":[{"id":2171,"name":"cardinal GmbH","slug":"cardinal-gmbh-fr"}],"_links":{"self":[{"href":"https:\/\/cardinal-tapes.com\/fr\/wp-json\/wp\/v2\/product\/51555","targetHints":{"allow":["GET"]}}],"collection":[{"href":"https:\/\/cardinal-tapes.com\/fr\/wp-json\/wp\/v2\/product"}],"about":[{"href":"https:\/\/cardinal-tapes.com\/fr\/wp-json\/wp\/v2\/types\/product"}],"wp:featuredmedia":[{"embeddable":true,"href":"https:\/\/cardinal-tapes.com\/fr\/wp-json\/wp\/v2\/media\/27304"}],"wp:attachment":[{"href":"https:\/\/cardinal-tapes.com\/fr\/wp-json\/wp\/v2\/media?parent=51555"}],"wp:term":[{"taxonomy":"pwb-brand","embeddable":true,"href":"https:\/\/cardinal-tapes.com\/fr\/wp-json\/wp\/v2\/pwb-brand?post=51555"},{"taxonomy":"product_brand","embeddable":true,"href":"https:\/\/cardinal-tapes.com\/fr\/wp-json\/wp\/v2\/product_brand?post=51555"},{"taxonomy":"product_cat","embeddable":true,"href":"https:\/\/cardinal-tapes.com\/fr\/wp-json\/wp\/v2\/product_cat?post=51555"},{"taxonomy":"product_tag","embeddable":true,"href":"https:\/\/cardinal-tapes.com\/fr\/wp-json\/wp\/v2\/product_tag?post=51555"}],"curies":[{"name":"wp","href":"https:\/\/api.w.org\/{rel}","templated":true}]}}