{"id":51543,"date":"2018-10-04T08:37:14","date_gmt":"2023-06-05T15:09:59","guid":{"rendered":"https:\/\/cardinal.pixel-tal.de\/klebebaender\/non class\u00e9\/tesa-industry-cleaner-60040\/"},"modified":"2023-06-05T17:09:59","modified_gmt":"2023-06-05T15:09:59","slug":"tesa-industry-cleaner-60040","status":"publish","type":"product","link":"https:\/\/cardinal-tapes.com\/fr\/rubans-adh\u00e9sifs\/colle-liquide\/adhesifs\/tesa-industry-cleaner-60040\/","title":{"rendered":"tesa\u00ae Industry Cleaner 60040"},"content":{"rendered":"<p><sup>tesa\u00ae<\/sup> Industry Cleaner 60040 est un spray polyvalent pour le nettoyage rapide et facile des pi\u00e8ces de machines et de plastique, du verre et des surfaces m\u00e9talliques. Les surfaces nettoy\u00e9es offrent un collage optimal avec des rubans adh\u00e9sifs ou des colles en spray. Voici un aper\u00e7u des principales caract\u00e9ristiques de <sup>tesa\u00ae<\/sup> Industry Cleaner 60040.<\/p>\n<ul>\n<li>Dissout m\u00eame les salissures les plus tenaces comme la cire, l&#8217;huile, la graisse, les traces de caoutchouc et les r\u00e9sidus de silicone<\/li>\n<li>S&#8217;\u00e9vapore sans laisser de traces<\/li>\n<li>Excellent effet nettoyant sur les machines et de nombreuses autres surfaces comme le plastique et le m\u00e9tal<\/li>\n<li><sup>tesa\u00ae<\/sup> Industry Cleaner 60040 atteint m\u00eame les endroits les plus profonds et les plus difficiles d&#8217;acc\u00e8s<\/li>\n<li>Laisse une odeur agr\u00e9able<\/li>\n<\/ul>\n<p>Vous voulez en savoir plus sur <sup>tesa\u00ae<\/sup> Industry Cleaner 60040 ? Nos experts ne laissent aucune question sans r\u00e9ponse. Prenez contact d\u00e8s maintenant.<\/p>\n","protected":false},"excerpt":{"rendered":"<p>tesa\u00ae Industry Cleaner 60040 est un spray polyvalent pour le nettoyage rapide et facile des pi\u00e8ces de machines et de plastique, du verre et des surfaces m\u00e9talliques. Les surfaces nettoy\u00e9es offrent un collage optimal avec des rubans adh\u00e9sifs ou des colles en spray. Voici un aper\u00e7u des principales caract\u00e9ristiques de tesa\u00ae Industry Cleaner 60040. Dissout [&hellip;]<\/p>\n","protected":false},"featured_media":28404,"template":"","meta":{"_acf_changed":false},"pwb-brand":[2165],"product_brand":[],"product_cat":[1856,1857],"product_tag":[],"class_list":{"0":"post-51543","1":"product","2":"type-product","3":"status-publish","4":"has-post-thumbnail","6":"pwb-brand-tesa-fr","7":"product_cat-colle-liquide","8":"product_cat-adhesifs","10":"first","11":"instock","12":"taxable","13":"shipping-taxable","14":"purchasable","15":"product-type-simple"},"acf":[],"yoast_head":"<!-- This site is optimized with the Yoast SEO plugin v27.3 - https:\/\/yoast.com\/product\/yoast-seo-wordpress\/ -->\n<title>Le tesa\u00ae Industry Cleaner 60040 au parfum agr\u00e9able | cardinal Tapes<\/title>\n<meta name=\"description\" content=\"Avec tesa\u00ae Industry Cleaner 60040, vous nettoyez rapidement &amp; facilement les pi\u00e8ces de machines\/en plastique, le verre &amp; les surfaces - pour un collage optimal !\" \/>\n<meta name=\"robots\" content=\"index, follow, max-snippet:-1, max-image-preview:large, max-video-preview:-1\" \/>\n<link rel=\"canonical\" href=\"https:\/\/cardinal-tapes.com\/fr\/rubans-adh\u00e9sifs\/colle-liquide\/tesa-industry-cleaner-60040\/\" \/>\n<meta property=\"og:locale\" content=\"fr_FR\" \/>\n<meta property=\"og:type\" content=\"article\" \/>\n<meta property=\"og:title\" content=\"Le tesa\u00ae Industry Cleaner 60040 au parfum agr\u00e9able | cardinal Tapes\" \/>\n<meta property=\"og:description\" content=\"Avec tesa\u00ae Industry Cleaner 60040, vous nettoyez rapidement &amp; facilement les pi\u00e8ces de machines\/en plastique, le verre &amp; les surfaces - pour un collage optimal !\" \/>\n<meta property=\"og:url\" content=\"https:\/\/cardinal-tapes.com\/fr\/rubans-adh\u00e9sifs\/colle-liquide\/tesa-industry-cleaner-60040\/\" \/>\n<meta property=\"og:site_name\" content=\"cardinal TAPES\" \/>\n<meta property=\"og:image\" content=\"https:\/\/cardinal-tapes.com\/wp-content\/uploads\/tesa-60040.jpg\" \/>\n\t<meta property=\"og:image:width\" content=\"700\" \/>\n\t<meta property=\"og:image:height\" content=\"700\" \/>\n\t<meta property=\"og:image:type\" content=\"image\/jpeg\" \/>\n<meta name=\"twitter:card\" content=\"summary_large_image\" \/>\n<meta name=\"twitter:label1\" content=\"Dur\u00e9e de lecture estim\u00e9e\" \/>\n\t<meta name=\"twitter:data1\" content=\"1 minute\" \/>\n<script type=\"application\/ld+json\" class=\"yoast-schema-graph\">{\"@context\":\"https:\\\/\\\/schema.org\",\"@graph\":[{\"@type\":\"WebPage\",\"@id\":\"https:\\\/\\\/cardinal-tapes.com\\\/fr\\\/rubans-adh\u00e9sifs\\\/colle-liquide\\\/tesa-industry-cleaner-60040\\\/\",\"url\":\"https:\\\/\\\/cardinal-tapes.com\\\/fr\\\/rubans-adh\u00e9sifs\\\/colle-liquide\\\/tesa-industry-cleaner-60040\\\/\",\"name\":\"Le tesa\u00ae Industry Cleaner 60040 au parfum agr\u00e9able | cardinal Tapes\",\"isPartOf\":{\"@id\":\"https:\\\/\\\/cardinal-tapes.com\\\/#website\"},\"primaryImageOfPage\":{\"@id\":\"https:\\\/\\\/cardinal-tapes.com\\\/fr\\\/rubans-adh\u00e9sifs\\\/colle-liquide\\\/tesa-industry-cleaner-60040\\\/#primaryimage\"},\"image\":{\"@id\":\"https:\\\/\\\/cardinal-tapes.com\\\/fr\\\/rubans-adh\u00e9sifs\\\/colle-liquide\\\/tesa-industry-cleaner-60040\\\/#primaryimage\"},\"thumbnailUrl\":\"https:\\\/\\\/cardinal-tapes.com\\\/wp-content\\\/uploads\\\/tesa-60040.jpg\",\"datePublished\":\"2023-06-05T15:09:59+00:00\",\"description\":\"Avec tesa\u00ae Industry Cleaner 60040, vous nettoyez rapidement & facilement les pi\u00e8ces de machines\\\/en plastique, le verre & les surfaces - pour un collage optimal !\",\"breadcrumb\":{\"@id\":\"https:\\\/\\\/cardinal-tapes.com\\\/fr\\\/rubans-adh\u00e9sifs\\\/colle-liquide\\\/tesa-industry-cleaner-60040\\\/#breadcrumb\"},\"inLanguage\":\"fr-FR\",\"potentialAction\":[{\"@type\":\"ReadAction\",\"target\":[\"https:\\\/\\\/cardinal-tapes.com\\\/fr\\\/rubans-adh\u00e9sifs\\\/colle-liquide\\\/tesa-industry-cleaner-60040\\\/\"]}]},{\"@type\":\"ImageObject\",\"inLanguage\":\"fr-FR\",\"@id\":\"https:\\\/\\\/cardinal-tapes.com\\\/fr\\\/rubans-adh\u00e9sifs\\\/colle-liquide\\\/tesa-industry-cleaner-60040\\\/#primaryimage\",\"url\":\"https:\\\/\\\/cardinal-tapes.com\\\/wp-content\\\/uploads\\\/tesa-60040.jpg\",\"contentUrl\":\"https:\\\/\\\/cardinal-tapes.com\\\/wp-content\\\/uploads\\\/tesa-60040.jpg\",\"width\":700,\"height\":700},{\"@type\":\"BreadcrumbList\",\"@id\":\"https:\\\/\\\/cardinal-tapes.com\\\/fr\\\/rubans-adh\u00e9sifs\\\/colle-liquide\\\/tesa-industry-cleaner-60040\\\/#breadcrumb\",\"itemListElement\":[{\"@type\":\"ListItem\",\"position\":1,\"name\":\"Startseite\",\"item\":\"https:\\\/\\\/cardinal-tapes.com\\\/fr\\\/accueil\\\/\"},{\"@type\":\"ListItem\",\"position\":2,\"name\":\"Rubans adh\u00e9sifs\",\"item\":\"https:\\\/\\\/cardinal-tapes.com\\\/fr\\\/rubans-adhesifs-fr\\\/\"},{\"@type\":\"ListItem\",\"position\":3,\"name\":\"Colle liquide\",\"item\":\"https:\\\/\\\/cardinal-tapes.com\\\/fr\\\/catgorie\\\/colle-liquide\\\/\"},{\"@type\":\"ListItem\",\"position\":4,\"name\":\"tesa\u00ae Industry Cleaner 60040\"}]},{\"@type\":\"WebSite\",\"@id\":\"https:\\\/\\\/cardinal-tapes.com\\\/#website\",\"url\":\"https:\\\/\\\/cardinal-tapes.com\\\/\",\"name\":\"cardinal TAPES\",\"description\":\"Klebetechnik aus Wuppertal\",\"potentialAction\":[{\"@type\":\"SearchAction\",\"target\":{\"@type\":\"EntryPoint\",\"urlTemplate\":\"https:\\\/\\\/cardinal-tapes.com\\\/?s={search_term_string}\"},\"query-input\":{\"@type\":\"PropertyValueSpecification\",\"valueRequired\":true,\"valueName\":\"search_term_string\"}}],\"inLanguage\":\"fr-FR\"}]}<\/script>\n<!-- \/ Yoast SEO plugin. -->","yoast_head_json":{"title":"Le tesa\u00ae Industry Cleaner 60040 au parfum agr\u00e9able | cardinal Tapes","description":"Avec tesa\u00ae Industry Cleaner 60040, vous nettoyez rapidement & facilement les pi\u00e8ces de machines\/en plastique, le verre & les surfaces - pour un collage optimal !","robots":{"index":"index","follow":"follow","max-snippet":"max-snippet:-1","max-image-preview":"max-image-preview:large","max-video-preview":"max-video-preview:-1"},"canonical":"https:\/\/cardinal-tapes.com\/fr\/rubans-adh\u00e9sifs\/colle-liquide\/tesa-industry-cleaner-60040\/","og_locale":"fr_FR","og_type":"article","og_title":"Le tesa\u00ae Industry Cleaner 60040 au parfum agr\u00e9able | cardinal Tapes","og_description":"Avec tesa\u00ae Industry Cleaner 60040, vous nettoyez rapidement & facilement les pi\u00e8ces de machines\/en plastique, le verre & les surfaces - pour un collage optimal !","og_url":"https:\/\/cardinal-tapes.com\/fr\/rubans-adh\u00e9sifs\/colle-liquide\/tesa-industry-cleaner-60040\/","og_site_name":"cardinal TAPES","og_image":[{"width":700,"height":700,"url":"https:\/\/cardinal-tapes.com\/wp-content\/uploads\/tesa-60040.jpg","type":"image\/jpeg"}],"twitter_card":"summary_large_image","twitter_misc":{"Dur\u00e9e de lecture estim\u00e9e":"1 minute"},"schema":{"@context":"https:\/\/schema.org","@graph":[{"@type":"WebPage","@id":"https:\/\/cardinal-tapes.com\/fr\/rubans-adh\u00e9sifs\/colle-liquide\/tesa-industry-cleaner-60040\/","url":"https:\/\/cardinal-tapes.com\/fr\/rubans-adh\u00e9sifs\/colle-liquide\/tesa-industry-cleaner-60040\/","name":"Le tesa\u00ae Industry Cleaner 60040 au parfum agr\u00e9able | cardinal Tapes","isPartOf":{"@id":"https:\/\/cardinal-tapes.com\/#website"},"primaryImageOfPage":{"@id":"https:\/\/cardinal-tapes.com\/fr\/rubans-adh\u00e9sifs\/colle-liquide\/tesa-industry-cleaner-60040\/#primaryimage"},"image":{"@id":"https:\/\/cardinal-tapes.com\/fr\/rubans-adh\u00e9sifs\/colle-liquide\/tesa-industry-cleaner-60040\/#primaryimage"},"thumbnailUrl":"https:\/\/cardinal-tapes.com\/wp-content\/uploads\/tesa-60040.jpg","datePublished":"2023-06-05T15:09:59+00:00","description":"Avec tesa\u00ae Industry Cleaner 60040, vous nettoyez rapidement & facilement les pi\u00e8ces de machines\/en plastique, le verre & les surfaces - pour un collage optimal !","breadcrumb":{"@id":"https:\/\/cardinal-tapes.com\/fr\/rubans-adh\u00e9sifs\/colle-liquide\/tesa-industry-cleaner-60040\/#breadcrumb"},"inLanguage":"fr-FR","potentialAction":[{"@type":"ReadAction","target":["https:\/\/cardinal-tapes.com\/fr\/rubans-adh\u00e9sifs\/colle-liquide\/tesa-industry-cleaner-60040\/"]}]},{"@type":"ImageObject","inLanguage":"fr-FR","@id":"https:\/\/cardinal-tapes.com\/fr\/rubans-adh\u00e9sifs\/colle-liquide\/tesa-industry-cleaner-60040\/#primaryimage","url":"https:\/\/cardinal-tapes.com\/wp-content\/uploads\/tesa-60040.jpg","contentUrl":"https:\/\/cardinal-tapes.com\/wp-content\/uploads\/tesa-60040.jpg","width":700,"height":700},{"@type":"BreadcrumbList","@id":"https:\/\/cardinal-tapes.com\/fr\/rubans-adh\u00e9sifs\/colle-liquide\/tesa-industry-cleaner-60040\/#breadcrumb","itemListElement":[{"@type":"ListItem","position":1,"name":"Startseite","item":"https:\/\/cardinal-tapes.com\/fr\/accueil\/"},{"@type":"ListItem","position":2,"name":"Rubans adh\u00e9sifs","item":"https:\/\/cardinal-tapes.com\/fr\/rubans-adhesifs-fr\/"},{"@type":"ListItem","position":3,"name":"Colle liquide","item":"https:\/\/cardinal-tapes.com\/fr\/catgorie\/colle-liquide\/"},{"@type":"ListItem","position":4,"name":"tesa\u00ae Industry Cleaner 60040"}]},{"@type":"WebSite","@id":"https:\/\/cardinal-tapes.com\/#website","url":"https:\/\/cardinal-tapes.com\/","name":"cardinal TAPES","description":"Klebetechnik aus Wuppertal","potentialAction":[{"@type":"SearchAction","target":{"@type":"EntryPoint","urlTemplate":"https:\/\/cardinal-tapes.com\/?s={search_term_string}"},"query-input":{"@type":"PropertyValueSpecification","valueRequired":true,"valueName":"search_term_string"}}],"inLanguage":"fr-FR"}]}},"brands":[{"id":2165,"name":"tesa","slug":"tesa-fr"}],"_links":{"self":[{"href":"https:\/\/cardinal-tapes.com\/fr\/wp-json\/wp\/v2\/product\/51543","targetHints":{"allow":["GET"]}}],"collection":[{"href":"https:\/\/cardinal-tapes.com\/fr\/wp-json\/wp\/v2\/product"}],"about":[{"href":"https:\/\/cardinal-tapes.com\/fr\/wp-json\/wp\/v2\/types\/product"}],"wp:featuredmedia":[{"embeddable":true,"href":"https:\/\/cardinal-tapes.com\/fr\/wp-json\/wp\/v2\/media\/28404"}],"wp:attachment":[{"href":"https:\/\/cardinal-tapes.com\/fr\/wp-json\/wp\/v2\/media?parent=51543"}],"wp:term":[{"taxonomy":"pwb-brand","embeddable":true,"href":"https:\/\/cardinal-tapes.com\/fr\/wp-json\/wp\/v2\/pwb-brand?post=51543"},{"taxonomy":"product_brand","embeddable":true,"href":"https:\/\/cardinal-tapes.com\/fr\/wp-json\/wp\/v2\/product_brand?post=51543"},{"taxonomy":"product_cat","embeddable":true,"href":"https:\/\/cardinal-tapes.com\/fr\/wp-json\/wp\/v2\/product_cat?post=51543"},{"taxonomy":"product_tag","embeddable":true,"href":"https:\/\/cardinal-tapes.com\/fr\/wp-json\/wp\/v2\/product_tag?post=51543"}],"curies":[{"name":"wp","href":"https:\/\/api.w.org\/{rel}","templated":true}]}}