{"id":51528,"date":"2018-10-04T08:50:23","date_gmt":"2023-06-05T15:09:58","guid":{"rendered":"https:\/\/cardinal.pixel-tal.de\/klebebaender\/non class\u00e9\/3m-nettoyant-industriel\/"},"modified":"2023-06-05T17:09:58","modified_gmt":"2023-06-05T15:09:58","slug":"3m-industrial-cleaner","status":"publish","type":"product","link":"https:\/\/cardinal-tapes.com\/fr\/rubans-adh\u00e9sifs\/colle-liquide\/adhesifs\/3m-industrial-cleaner\/","title":{"rendered":"3M\u2122 Nettoyant industriel"},"content":{"rendered":"<p class=\"SNAPS--pdpTabDes\">Le nettoyant industriel 3M\u2122 IC (Industrial Cleaner) \u00e0 base de citron vert \u00e9limine efficacement les r\u00e9sidus de la plupart des adh\u00e9sifs et mastics s\u00e9ch\u00e9s et ne durcissant pas chimiquement, des rubans et films adh\u00e9sifs, des autocollants et des \u00e9tiquettes, ainsi que des salissures grasses et huileuses, des r\u00e9sidus de goudron et des d\u00e9bris de caoutchouc. Ce produit non corrosif nettoie en douceur m\u00eame les salet\u00e9s les plus tenaces sur les m\u00e9taux, les alliages d&#8217;aluminium, l&#8217;acier inoxydable, le verre, la c\u00e9ramique et les mati\u00e8res plastiques. L&#8217;IC (Industrial Cleaner) est conforme \u00e0 la loi sur les d\u00e9tergents et les produits de nettoyage : UBA n\u00b0 30140097.<\/p>\n<h4 class=\"MMM--hdg MMM--pdpTabVr SNAPS--pdpTabVr\">Applications recommand\u00e9es<\/h4>\n<ul class=\"MMM--pdpList SNAPS--bullets\">\n<li>\u00c9limine les r\u00e9sidus de la plupart des colles et mastics s\u00e9ch\u00e9s et ne durcissant pas chimiquement, des rubans et films adh\u00e9sifs, des restes de goudron, des traces de caoutchouc, etc.<\/li>\n<\/ul>\n","protected":false},"excerpt":{"rendered":"<p>Le nettoyant industriel 3M\u2122 IC (Industrial Cleaner) \u00e0 base de citron vert \u00e9limine efficacement les r\u00e9sidus de la plupart des adh\u00e9sifs et mastics s\u00e9ch\u00e9s et ne durcissant pas chimiquement, des rubans et films adh\u00e9sifs, des autocollants et des \u00e9tiquettes, ainsi que des salissures grasses et huileuses, des r\u00e9sidus de goudron et des d\u00e9bris de caoutchouc. [&hellip;]<\/p>\n","protected":false},"featured_media":27332,"template":"","meta":{"_acf_changed":false},"pwb-brand":[2167],"product_brand":[],"product_cat":[1856,1857],"product_tag":[],"class_list":{"0":"post-51528","1":"product","2":"type-product","3":"status-publish","4":"has-post-thumbnail","6":"pwb-brand-3m-fr","7":"product_cat-colle-liquide","8":"product_cat-adhesifs","10":"first","11":"instock","12":"taxable","13":"shipping-taxable","14":"purchasable","15":"product-type-simple"},"acf":[],"yoast_head":"<!-- This site is optimized with the Yoast SEO plugin v27.3 - https:\/\/yoast.com\/product\/yoast-seo-wordpress\/ -->\n<title>3M\u2122 Industrial Cleaner | cardinal Tapes<\/title>\n<meta name=\"description\" content=\"Le 3M\u2122 Industrial Cleaner pour le nettoyage efficace des r\u00e9sidus conform\u00e9ment \u00e0 la loi sur les d\u00e9tergents et les produits de nettoyage : UBA n\u00b0 30140097. S&#039;informer maintenant !\" \/>\n<meta name=\"robots\" content=\"index, follow, max-snippet:-1, max-image-preview:large, max-video-preview:-1\" \/>\n<link rel=\"canonical\" href=\"https:\/\/cardinal-tapes.com\/fr\/rubans-adh\u00e9sifs\/colle-liquide\/3m-industrial-cleaner\/\" \/>\n<meta property=\"og:locale\" content=\"fr_FR\" \/>\n<meta property=\"og:type\" content=\"article\" \/>\n<meta property=\"og:title\" content=\"3M\u2122 Industrial Cleaner | cardinal Tapes\" \/>\n<meta property=\"og:description\" content=\"Le 3M\u2122 Industrial Cleaner pour le nettoyage efficace des r\u00e9sidus conform\u00e9ment \u00e0 la loi sur les d\u00e9tergents et les produits de nettoyage : UBA n\u00b0 30140097. S&#039;informer maintenant !\" \/>\n<meta property=\"og:url\" content=\"https:\/\/cardinal-tapes.com\/fr\/rubans-adh\u00e9sifs\/colle-liquide\/3m-industrial-cleaner\/\" \/>\n<meta property=\"og:site_name\" content=\"cardinal TAPES\" \/>\n<meta property=\"og:image\" content=\"https:\/\/cardinal-tapes.com\/wp-content\/uploads\/3m-ic-photo-500-ml-fb.jpg\" \/>\n\t<meta property=\"og:image:width\" content=\"180\" \/>\n\t<meta property=\"og:image:height\" content=\"400\" \/>\n\t<meta property=\"og:image:type\" content=\"image\/jpeg\" \/>\n<meta name=\"twitter:card\" content=\"summary_large_image\" \/>\n<meta name=\"twitter:label1\" content=\"Dur\u00e9e de lecture estim\u00e9e\" \/>\n\t<meta name=\"twitter:data1\" content=\"1 minute\" \/>\n<script type=\"application\/ld+json\" class=\"yoast-schema-graph\">{\"@context\":\"https:\\\/\\\/schema.org\",\"@graph\":[{\"@type\":\"WebPage\",\"@id\":\"https:\\\/\\\/cardinal-tapes.com\\\/fr\\\/rubans-adh\u00e9sifs\\\/colle-liquide\\\/3m-industrial-cleaner\\\/\",\"url\":\"https:\\\/\\\/cardinal-tapes.com\\\/fr\\\/rubans-adh\u00e9sifs\\\/colle-liquide\\\/3m-industrial-cleaner\\\/\",\"name\":\"3M\u2122 Industrial Cleaner | cardinal Tapes\",\"isPartOf\":{\"@id\":\"https:\\\/\\\/cardinal-tapes.com\\\/#website\"},\"primaryImageOfPage\":{\"@id\":\"https:\\\/\\\/cardinal-tapes.com\\\/fr\\\/rubans-adh\u00e9sifs\\\/colle-liquide\\\/3m-industrial-cleaner\\\/#primaryimage\"},\"image\":{\"@id\":\"https:\\\/\\\/cardinal-tapes.com\\\/fr\\\/rubans-adh\u00e9sifs\\\/colle-liquide\\\/3m-industrial-cleaner\\\/#primaryimage\"},\"thumbnailUrl\":\"https:\\\/\\\/cardinal-tapes.com\\\/wp-content\\\/uploads\\\/3m-ic-photo-500-ml-fb.jpg\",\"datePublished\":\"2023-06-05T15:09:58+00:00\",\"description\":\"Le 3M\u2122 Industrial Cleaner pour le nettoyage efficace des r\u00e9sidus conform\u00e9ment \u00e0 la loi sur les d\u00e9tergents et les produits de nettoyage : UBA n\u00b0 30140097. S'informer maintenant !\",\"breadcrumb\":{\"@id\":\"https:\\\/\\\/cardinal-tapes.com\\\/fr\\\/rubans-adh\u00e9sifs\\\/colle-liquide\\\/3m-industrial-cleaner\\\/#breadcrumb\"},\"inLanguage\":\"fr-FR\",\"potentialAction\":[{\"@type\":\"ReadAction\",\"target\":[\"https:\\\/\\\/cardinal-tapes.com\\\/fr\\\/rubans-adh\u00e9sifs\\\/colle-liquide\\\/3m-industrial-cleaner\\\/\"]}]},{\"@type\":\"ImageObject\",\"inLanguage\":\"fr-FR\",\"@id\":\"https:\\\/\\\/cardinal-tapes.com\\\/fr\\\/rubans-adh\u00e9sifs\\\/colle-liquide\\\/3m-industrial-cleaner\\\/#primaryimage\",\"url\":\"https:\\\/\\\/cardinal-tapes.com\\\/wp-content\\\/uploads\\\/3m-ic-photo-500-ml-fb.jpg\",\"contentUrl\":\"https:\\\/\\\/cardinal-tapes.com\\\/wp-content\\\/uploads\\\/3m-ic-photo-500-ml-fb.jpg\",\"width\":180,\"height\":400,\"caption\":\"Cleaner spray Nettoyant industriel\"},{\"@type\":\"BreadcrumbList\",\"@id\":\"https:\\\/\\\/cardinal-tapes.com\\\/fr\\\/rubans-adh\u00e9sifs\\\/colle-liquide\\\/3m-industrial-cleaner\\\/#breadcrumb\",\"itemListElement\":[{\"@type\":\"ListItem\",\"position\":1,\"name\":\"Startseite\",\"item\":\"https:\\\/\\\/cardinal-tapes.com\\\/fr\\\/accueil\\\/\"},{\"@type\":\"ListItem\",\"position\":2,\"name\":\"Rubans adh\u00e9sifs\",\"item\":\"https:\\\/\\\/cardinal-tapes.com\\\/fr\\\/rubans-adhesifs-fr\\\/\"},{\"@type\":\"ListItem\",\"position\":3,\"name\":\"Colle liquide\",\"item\":\"https:\\\/\\\/cardinal-tapes.com\\\/fr\\\/catgorie\\\/colle-liquide\\\/\"},{\"@type\":\"ListItem\",\"position\":4,\"name\":\"3M\u2122 Nettoyant industriel\"}]},{\"@type\":\"WebSite\",\"@id\":\"https:\\\/\\\/cardinal-tapes.com\\\/#website\",\"url\":\"https:\\\/\\\/cardinal-tapes.com\\\/\",\"name\":\"cardinal TAPES\",\"description\":\"Klebetechnik aus Wuppertal\",\"potentialAction\":[{\"@type\":\"SearchAction\",\"target\":{\"@type\":\"EntryPoint\",\"urlTemplate\":\"https:\\\/\\\/cardinal-tapes.com\\\/?s={search_term_string}\"},\"query-input\":{\"@type\":\"PropertyValueSpecification\",\"valueRequired\":true,\"valueName\":\"search_term_string\"}}],\"inLanguage\":\"fr-FR\"}]}<\/script>\n<!-- \/ Yoast SEO plugin. -->","yoast_head_json":{"title":"3M\u2122 Industrial Cleaner | cardinal Tapes","description":"Le 3M\u2122 Industrial Cleaner pour le nettoyage efficace des r\u00e9sidus conform\u00e9ment \u00e0 la loi sur les d\u00e9tergents et les produits de nettoyage : UBA n\u00b0 30140097. S'informer maintenant !","robots":{"index":"index","follow":"follow","max-snippet":"max-snippet:-1","max-image-preview":"max-image-preview:large","max-video-preview":"max-video-preview:-1"},"canonical":"https:\/\/cardinal-tapes.com\/fr\/rubans-adh\u00e9sifs\/colle-liquide\/3m-industrial-cleaner\/","og_locale":"fr_FR","og_type":"article","og_title":"3M\u2122 Industrial Cleaner | cardinal Tapes","og_description":"Le 3M\u2122 Industrial Cleaner pour le nettoyage efficace des r\u00e9sidus conform\u00e9ment \u00e0 la loi sur les d\u00e9tergents et les produits de nettoyage : UBA n\u00b0 30140097. S'informer maintenant !","og_url":"https:\/\/cardinal-tapes.com\/fr\/rubans-adh\u00e9sifs\/colle-liquide\/3m-industrial-cleaner\/","og_site_name":"cardinal TAPES","og_image":[{"width":180,"height":400,"url":"https:\/\/cardinal-tapes.com\/wp-content\/uploads\/3m-ic-photo-500-ml-fb.jpg","type":"image\/jpeg"}],"twitter_card":"summary_large_image","twitter_misc":{"Dur\u00e9e de lecture estim\u00e9e":"1 minute"},"schema":{"@context":"https:\/\/schema.org","@graph":[{"@type":"WebPage","@id":"https:\/\/cardinal-tapes.com\/fr\/rubans-adh\u00e9sifs\/colle-liquide\/3m-industrial-cleaner\/","url":"https:\/\/cardinal-tapes.com\/fr\/rubans-adh\u00e9sifs\/colle-liquide\/3m-industrial-cleaner\/","name":"3M\u2122 Industrial Cleaner | cardinal Tapes","isPartOf":{"@id":"https:\/\/cardinal-tapes.com\/#website"},"primaryImageOfPage":{"@id":"https:\/\/cardinal-tapes.com\/fr\/rubans-adh\u00e9sifs\/colle-liquide\/3m-industrial-cleaner\/#primaryimage"},"image":{"@id":"https:\/\/cardinal-tapes.com\/fr\/rubans-adh\u00e9sifs\/colle-liquide\/3m-industrial-cleaner\/#primaryimage"},"thumbnailUrl":"https:\/\/cardinal-tapes.com\/wp-content\/uploads\/3m-ic-photo-500-ml-fb.jpg","datePublished":"2023-06-05T15:09:58+00:00","description":"Le 3M\u2122 Industrial Cleaner pour le nettoyage efficace des r\u00e9sidus conform\u00e9ment \u00e0 la loi sur les d\u00e9tergents et les produits de nettoyage : UBA n\u00b0 30140097. S'informer maintenant !","breadcrumb":{"@id":"https:\/\/cardinal-tapes.com\/fr\/rubans-adh\u00e9sifs\/colle-liquide\/3m-industrial-cleaner\/#breadcrumb"},"inLanguage":"fr-FR","potentialAction":[{"@type":"ReadAction","target":["https:\/\/cardinal-tapes.com\/fr\/rubans-adh\u00e9sifs\/colle-liquide\/3m-industrial-cleaner\/"]}]},{"@type":"ImageObject","inLanguage":"fr-FR","@id":"https:\/\/cardinal-tapes.com\/fr\/rubans-adh\u00e9sifs\/colle-liquide\/3m-industrial-cleaner\/#primaryimage","url":"https:\/\/cardinal-tapes.com\/wp-content\/uploads\/3m-ic-photo-500-ml-fb.jpg","contentUrl":"https:\/\/cardinal-tapes.com\/wp-content\/uploads\/3m-ic-photo-500-ml-fb.jpg","width":180,"height":400,"caption":"Cleaner spray Nettoyant industriel"},{"@type":"BreadcrumbList","@id":"https:\/\/cardinal-tapes.com\/fr\/rubans-adh\u00e9sifs\/colle-liquide\/3m-industrial-cleaner\/#breadcrumb","itemListElement":[{"@type":"ListItem","position":1,"name":"Startseite","item":"https:\/\/cardinal-tapes.com\/fr\/accueil\/"},{"@type":"ListItem","position":2,"name":"Rubans adh\u00e9sifs","item":"https:\/\/cardinal-tapes.com\/fr\/rubans-adhesifs-fr\/"},{"@type":"ListItem","position":3,"name":"Colle liquide","item":"https:\/\/cardinal-tapes.com\/fr\/catgorie\/colle-liquide\/"},{"@type":"ListItem","position":4,"name":"3M\u2122 Nettoyant industriel"}]},{"@type":"WebSite","@id":"https:\/\/cardinal-tapes.com\/#website","url":"https:\/\/cardinal-tapes.com\/","name":"cardinal TAPES","description":"Klebetechnik aus Wuppertal","potentialAction":[{"@type":"SearchAction","target":{"@type":"EntryPoint","urlTemplate":"https:\/\/cardinal-tapes.com\/?s={search_term_string}"},"query-input":{"@type":"PropertyValueSpecification","valueRequired":true,"valueName":"search_term_string"}}],"inLanguage":"fr-FR"}]}},"brands":[{"id":2167,"name":"3M","slug":"3m-fr"}],"_links":{"self":[{"href":"https:\/\/cardinal-tapes.com\/fr\/wp-json\/wp\/v2\/product\/51528","targetHints":{"allow":["GET"]}}],"collection":[{"href":"https:\/\/cardinal-tapes.com\/fr\/wp-json\/wp\/v2\/product"}],"about":[{"href":"https:\/\/cardinal-tapes.com\/fr\/wp-json\/wp\/v2\/types\/product"}],"wp:featuredmedia":[{"embeddable":true,"href":"https:\/\/cardinal-tapes.com\/fr\/wp-json\/wp\/v2\/media\/27332"}],"wp:attachment":[{"href":"https:\/\/cardinal-tapes.com\/fr\/wp-json\/wp\/v2\/media?parent=51528"}],"wp:term":[{"taxonomy":"pwb-brand","embeddable":true,"href":"https:\/\/cardinal-tapes.com\/fr\/wp-json\/wp\/v2\/pwb-brand?post=51528"},{"taxonomy":"product_brand","embeddable":true,"href":"https:\/\/cardinal-tapes.com\/fr\/wp-json\/wp\/v2\/product_brand?post=51528"},{"taxonomy":"product_cat","embeddable":true,"href":"https:\/\/cardinal-tapes.com\/fr\/wp-json\/wp\/v2\/product_cat?post=51528"},{"taxonomy":"product_tag","embeddable":true,"href":"https:\/\/cardinal-tapes.com\/fr\/wp-json\/wp\/v2\/product_tag?post=51528"}],"curies":[{"name":"wp","href":"https:\/\/api.w.org\/{rel}","templated":true}]}}