{"id":50889,"date":"2019-04-11T15:12:13","date_gmt":"2023-06-05T15:09:41","guid":{"rendered":"https:\/\/cardinal.pixel-tal.de\/klebebaender\/non class\u00e9\/ruban-adhesif-de-transfert-netlink-90-hx-avec-tissu-de-renfort\/"},"modified":"2023-06-05T17:09:41","modified_gmt":"2023-06-05T15:09:41","slug":"netlink-90-hx-transfert-bande-adhesive-avec-couche","status":"publish","type":"product","link":"https:\/\/cardinal-tapes.com\/fr\/rubans-adh\u00e9sifs\/rubans-adhesifs-double-face\/netlink-90-hx-transfert-bande-adhesive-avec-couche\/","title":{"rendered":"Ruban adh\u00e9sif de transfert NetLink 90 HX avec tissu de renfort"},"content":{"rendered":"<p>NetLink 90 HX est un syst\u00e8me de connexion renforc\u00e9 par des couches.<\/p>\n<p>Le tissu polyester int\u00e9gr\u00e9 garantit une bonne stabilit\u00e9 dimensionnelle et un traitement ult\u00e9rieur simplifi\u00e9. Le film adh\u00e9sif convient<br \/>\nest destin\u00e9 \u00e0 la fixation, au montage et au laminage de mousses, de mati\u00e8res plastiques, de caoutchouc, d&#8217;EPDM et de films.<\/p>\n<p><strong>Caract\u00e9ristiques<\/strong><br \/>\n&#8211; Bonne aptitude \u00e0 la transformation<br \/>\n&#8211; Adh\u00e9sion imm\u00e9diate exceptionnelle<br \/>\n&#8211; Excellentes propri\u00e9t\u00e9s de mouillage<\/p>\n<p><strong>Applications<\/strong><br \/>\n-R\u00e9compens\u00e9 pour le collage de textiles<\/p>\n","protected":false},"excerpt":{"rendered":"<p>NetLink 90 HX est un syst\u00e8me de connexion renforc\u00e9 par des couches. Le tissu polyester int\u00e9gr\u00e9 garantit une bonne stabilit\u00e9 dimensionnelle et un traitement ult\u00e9rieur simplifi\u00e9. Le film adh\u00e9sif convient est destin\u00e9 \u00e0 la fixation, au montage et au laminage de mousses, de mati\u00e8res plastiques, de caoutchouc, d&#8217;EPDM et de films. Caract\u00e9ristiques &#8211; Bonne aptitude [&hellip;]<\/p>\n","protected":false},"featured_media":27604,"template":"","meta":{"_acf_changed":false},"pwb-brand":[2270,2330],"product_brand":[],"product_cat":[1834],"product_tag":[],"class_list":{"0":"post-50889","1":"product","2":"type-product","3":"status-publish","4":"has-post-thumbnail","6":"pwb-brand-biolink-fr","7":"pwb-brand-saint-gobain-fr","8":"product_cat-rubans-adhesifs-double-face","10":"first","11":"instock","12":"taxable","13":"shipping-taxable","14":"product-type-variable"},"acf":[],"yoast_head":"<!-- This site is optimized with the Yoast SEO plugin v27.3 - https:\/\/yoast.com\/product\/yoast-seo-wordpress\/ -->\n<title>NetLink 90 HX ruban adh\u00e9sif de transfert avec tissu | Cardinal TAPES<\/title>\n<meta name=\"description\" content=\"Le tissu polyester int\u00e9gr\u00e9 garantit une bonne stabilit\u00e9 dimensionnelle et un traitement ult\u00e9rieur simplifi\u00e9.\" \/>\n<meta name=\"robots\" content=\"index, follow, max-snippet:-1, max-image-preview:large, max-video-preview:-1\" \/>\n<link rel=\"canonical\" href=\"https:\/\/cardinal-tapes.com\/fr\/rubans-adh\u00e9sifs\/rubans-adhesifs-double-face\/netlink-90-hx-transfert-bande-adhesive-avec-couche\/\" \/>\n<meta property=\"og:locale\" content=\"fr_FR\" \/>\n<meta property=\"og:type\" content=\"article\" \/>\n<meta property=\"og:title\" content=\"NetLink 90 HX ruban adh\u00e9sif de transfert avec tissu | Cardinal TAPES\" \/>\n<meta property=\"og:description\" content=\"Le tissu polyester int\u00e9gr\u00e9 garantit une bonne stabilit\u00e9 dimensionnelle et un traitement ult\u00e9rieur simplifi\u00e9.\" \/>\n<meta property=\"og:url\" content=\"https:\/\/cardinal-tapes.com\/fr\/rubans-adh\u00e9sifs\/rubans-adhesifs-double-face\/netlink-90-hx-transfert-bande-adhesive-avec-couche\/\" \/>\n<meta property=\"og:site_name\" content=\"cardinal TAPES\" \/>\n<meta property=\"og:image\" content=\"https:\/\/cardinal-tapes.com\/wp-content\/uploads\/Biolink-7-3366-NetLINK90HXSi-gelb-breit.jpg\" \/>\n\t<meta property=\"og:image:width\" content=\"1854\" \/>\n\t<meta property=\"og:image:height\" content=\"2126\" \/>\n\t<meta property=\"og:image:type\" content=\"image\/jpeg\" \/>\n<meta name=\"twitter:card\" content=\"summary_large_image\" \/>\n<script type=\"application\/ld+json\" class=\"yoast-schema-graph\">{\"@context\":\"https:\\\/\\\/schema.org\",\"@graph\":[{\"@type\":\"WebPage\",\"@id\":\"https:\\\/\\\/cardinal-tapes.com\\\/fr\\\/rubans-adh\u00e9sifs\\\/rubans-adhesifs-double-face\\\/netlink-90-hx-transfert-bande-adhesive-avec-couche\\\/\",\"url\":\"https:\\\/\\\/cardinal-tapes.com\\\/fr\\\/rubans-adh\u00e9sifs\\\/rubans-adhesifs-double-face\\\/netlink-90-hx-transfert-bande-adhesive-avec-couche\\\/\",\"name\":\"NetLink 90 HX ruban adh\u00e9sif de transfert avec tissu | Cardinal TAPES\",\"isPartOf\":{\"@id\":\"https:\\\/\\\/cardinal-tapes.com\\\/#website\"},\"primaryImageOfPage\":{\"@id\":\"https:\\\/\\\/cardinal-tapes.com\\\/fr\\\/rubans-adh\u00e9sifs\\\/rubans-adhesifs-double-face\\\/netlink-90-hx-transfert-bande-adhesive-avec-couche\\\/#primaryimage\"},\"image\":{\"@id\":\"https:\\\/\\\/cardinal-tapes.com\\\/fr\\\/rubans-adh\u00e9sifs\\\/rubans-adhesifs-double-face\\\/netlink-90-hx-transfert-bande-adhesive-avec-couche\\\/#primaryimage\"},\"thumbnailUrl\":\"https:\\\/\\\/cardinal-tapes.com\\\/wp-content\\\/uploads\\\/Biolink-7-3366-NetLINK90HXSi-gelb-breit.jpg\",\"datePublished\":\"2023-06-05T15:09:41+00:00\",\"description\":\"Le tissu polyester int\u00e9gr\u00e9 garantit une bonne stabilit\u00e9 dimensionnelle et un traitement ult\u00e9rieur simplifi\u00e9.\",\"breadcrumb\":{\"@id\":\"https:\\\/\\\/cardinal-tapes.com\\\/fr\\\/rubans-adh\u00e9sifs\\\/rubans-adhesifs-double-face\\\/netlink-90-hx-transfert-bande-adhesive-avec-couche\\\/#breadcrumb\"},\"inLanguage\":\"fr-FR\",\"potentialAction\":[{\"@type\":\"ReadAction\",\"target\":[\"https:\\\/\\\/cardinal-tapes.com\\\/fr\\\/rubans-adh\u00e9sifs\\\/rubans-adhesifs-double-face\\\/netlink-90-hx-transfert-bande-adhesive-avec-couche\\\/\"]}]},{\"@type\":\"ImageObject\",\"inLanguage\":\"fr-FR\",\"@id\":\"https:\\\/\\\/cardinal-tapes.com\\\/fr\\\/rubans-adh\u00e9sifs\\\/rubans-adhesifs-double-face\\\/netlink-90-hx-transfert-bande-adhesive-avec-couche\\\/#primaryimage\",\"url\":\"https:\\\/\\\/cardinal-tapes.com\\\/wp-content\\\/uploads\\\/Biolink-7-3366-NetLINK90HXSi-gelb-breit.jpg\",\"contentUrl\":\"https:\\\/\\\/cardinal-tapes.com\\\/wp-content\\\/uploads\\\/Biolink-7-3366-NetLINK90HXSi-gelb-breit.jpg\",\"width\":1854,\"height\":2126,\"caption\":\"Biolink NetLINK90HXSi jaune large\"},{\"@type\":\"BreadcrumbList\",\"@id\":\"https:\\\/\\\/cardinal-tapes.com\\\/fr\\\/rubans-adh\u00e9sifs\\\/rubans-adhesifs-double-face\\\/netlink-90-hx-transfert-bande-adhesive-avec-couche\\\/#breadcrumb\",\"itemListElement\":[{\"@type\":\"ListItem\",\"position\":1,\"name\":\"Startseite\",\"item\":\"https:\\\/\\\/cardinal-tapes.com\\\/fr\\\/accueil\\\/\"},{\"@type\":\"ListItem\",\"position\":2,\"name\":\"Rubans adh\u00e9sifs\",\"item\":\"https:\\\/\\\/cardinal-tapes.com\\\/fr\\\/rubans-adhesifs-fr\\\/\"},{\"@type\":\"ListItem\",\"position\":3,\"name\":\"Rubans adh\u00e9sifs double face\",\"item\":\"https:\\\/\\\/cardinal-tapes.com\\\/fr\\\/catgorie\\\/rubans-adhesifs-double-face\\\/\"},{\"@type\":\"ListItem\",\"position\":4,\"name\":\"Ruban adh\u00e9sif de transfert NetLink 90 HX avec tissu de renfort\"}]},{\"@type\":\"WebSite\",\"@id\":\"https:\\\/\\\/cardinal-tapes.com\\\/#website\",\"url\":\"https:\\\/\\\/cardinal-tapes.com\\\/\",\"name\":\"cardinal TAPES\",\"description\":\"Klebetechnik aus Wuppertal\",\"potentialAction\":[{\"@type\":\"SearchAction\",\"target\":{\"@type\":\"EntryPoint\",\"urlTemplate\":\"https:\\\/\\\/cardinal-tapes.com\\\/?s={search_term_string}\"},\"query-input\":{\"@type\":\"PropertyValueSpecification\",\"valueRequired\":true,\"valueName\":\"search_term_string\"}}],\"inLanguage\":\"fr-FR\"}]}<\/script>\n<!-- \/ Yoast SEO plugin. -->","yoast_head_json":{"title":"NetLink 90 HX ruban adh\u00e9sif de transfert avec tissu | Cardinal TAPES","description":"Le tissu polyester int\u00e9gr\u00e9 garantit une bonne stabilit\u00e9 dimensionnelle et un traitement ult\u00e9rieur simplifi\u00e9.","robots":{"index":"index","follow":"follow","max-snippet":"max-snippet:-1","max-image-preview":"max-image-preview:large","max-video-preview":"max-video-preview:-1"},"canonical":"https:\/\/cardinal-tapes.com\/fr\/rubans-adh\u00e9sifs\/rubans-adhesifs-double-face\/netlink-90-hx-transfert-bande-adhesive-avec-couche\/","og_locale":"fr_FR","og_type":"article","og_title":"NetLink 90 HX ruban adh\u00e9sif de transfert avec tissu | Cardinal TAPES","og_description":"Le tissu polyester int\u00e9gr\u00e9 garantit une bonne stabilit\u00e9 dimensionnelle et un traitement ult\u00e9rieur simplifi\u00e9.","og_url":"https:\/\/cardinal-tapes.com\/fr\/rubans-adh\u00e9sifs\/rubans-adhesifs-double-face\/netlink-90-hx-transfert-bande-adhesive-avec-couche\/","og_site_name":"cardinal TAPES","og_image":[{"width":1854,"height":2126,"url":"https:\/\/cardinal-tapes.com\/wp-content\/uploads\/Biolink-7-3366-NetLINK90HXSi-gelb-breit.jpg","type":"image\/jpeg"}],"twitter_card":"summary_large_image","schema":{"@context":"https:\/\/schema.org","@graph":[{"@type":"WebPage","@id":"https:\/\/cardinal-tapes.com\/fr\/rubans-adh\u00e9sifs\/rubans-adhesifs-double-face\/netlink-90-hx-transfert-bande-adhesive-avec-couche\/","url":"https:\/\/cardinal-tapes.com\/fr\/rubans-adh\u00e9sifs\/rubans-adhesifs-double-face\/netlink-90-hx-transfert-bande-adhesive-avec-couche\/","name":"NetLink 90 HX ruban adh\u00e9sif de transfert avec tissu | Cardinal TAPES","isPartOf":{"@id":"https:\/\/cardinal-tapes.com\/#website"},"primaryImageOfPage":{"@id":"https:\/\/cardinal-tapes.com\/fr\/rubans-adh\u00e9sifs\/rubans-adhesifs-double-face\/netlink-90-hx-transfert-bande-adhesive-avec-couche\/#primaryimage"},"image":{"@id":"https:\/\/cardinal-tapes.com\/fr\/rubans-adh\u00e9sifs\/rubans-adhesifs-double-face\/netlink-90-hx-transfert-bande-adhesive-avec-couche\/#primaryimage"},"thumbnailUrl":"https:\/\/cardinal-tapes.com\/wp-content\/uploads\/Biolink-7-3366-NetLINK90HXSi-gelb-breit.jpg","datePublished":"2023-06-05T15:09:41+00:00","description":"Le tissu polyester int\u00e9gr\u00e9 garantit une bonne stabilit\u00e9 dimensionnelle et un traitement ult\u00e9rieur simplifi\u00e9.","breadcrumb":{"@id":"https:\/\/cardinal-tapes.com\/fr\/rubans-adh\u00e9sifs\/rubans-adhesifs-double-face\/netlink-90-hx-transfert-bande-adhesive-avec-couche\/#breadcrumb"},"inLanguage":"fr-FR","potentialAction":[{"@type":"ReadAction","target":["https:\/\/cardinal-tapes.com\/fr\/rubans-adh\u00e9sifs\/rubans-adhesifs-double-face\/netlink-90-hx-transfert-bande-adhesive-avec-couche\/"]}]},{"@type":"ImageObject","inLanguage":"fr-FR","@id":"https:\/\/cardinal-tapes.com\/fr\/rubans-adh\u00e9sifs\/rubans-adhesifs-double-face\/netlink-90-hx-transfert-bande-adhesive-avec-couche\/#primaryimage","url":"https:\/\/cardinal-tapes.com\/wp-content\/uploads\/Biolink-7-3366-NetLINK90HXSi-gelb-breit.jpg","contentUrl":"https:\/\/cardinal-tapes.com\/wp-content\/uploads\/Biolink-7-3366-NetLINK90HXSi-gelb-breit.jpg","width":1854,"height":2126,"caption":"Biolink NetLINK90HXSi jaune large"},{"@type":"BreadcrumbList","@id":"https:\/\/cardinal-tapes.com\/fr\/rubans-adh\u00e9sifs\/rubans-adhesifs-double-face\/netlink-90-hx-transfert-bande-adhesive-avec-couche\/#breadcrumb","itemListElement":[{"@type":"ListItem","position":1,"name":"Startseite","item":"https:\/\/cardinal-tapes.com\/fr\/accueil\/"},{"@type":"ListItem","position":2,"name":"Rubans adh\u00e9sifs","item":"https:\/\/cardinal-tapes.com\/fr\/rubans-adhesifs-fr\/"},{"@type":"ListItem","position":3,"name":"Rubans adh\u00e9sifs double face","item":"https:\/\/cardinal-tapes.com\/fr\/catgorie\/rubans-adhesifs-double-face\/"},{"@type":"ListItem","position":4,"name":"Ruban adh\u00e9sif de transfert NetLink 90 HX avec tissu de renfort"}]},{"@type":"WebSite","@id":"https:\/\/cardinal-tapes.com\/#website","url":"https:\/\/cardinal-tapes.com\/","name":"cardinal TAPES","description":"Klebetechnik aus Wuppertal","potentialAction":[{"@type":"SearchAction","target":{"@type":"EntryPoint","urlTemplate":"https:\/\/cardinal-tapes.com\/?s={search_term_string}"},"query-input":{"@type":"PropertyValueSpecification","valueRequired":true,"valueName":"search_term_string"}}],"inLanguage":"fr-FR"}]}},"brands":[{"id":2270,"name":"Saint-Gobain Biolink","slug":"biolink-fr"},{"id":2330,"name":"Saint-Gobain Performance Plastics","slug":"saint-gobain-fr"}],"_links":{"self":[{"href":"https:\/\/cardinal-tapes.com\/fr\/wp-json\/wp\/v2\/product\/50889","targetHints":{"allow":["GET"]}}],"collection":[{"href":"https:\/\/cardinal-tapes.com\/fr\/wp-json\/wp\/v2\/product"}],"about":[{"href":"https:\/\/cardinal-tapes.com\/fr\/wp-json\/wp\/v2\/types\/product"}],"wp:featuredmedia":[{"embeddable":true,"href":"https:\/\/cardinal-tapes.com\/fr\/wp-json\/wp\/v2\/media\/27604"}],"wp:attachment":[{"href":"https:\/\/cardinal-tapes.com\/fr\/wp-json\/wp\/v2\/media?parent=50889"}],"wp:term":[{"taxonomy":"pwb-brand","embeddable":true,"href":"https:\/\/cardinal-tapes.com\/fr\/wp-json\/wp\/v2\/pwb-brand?post=50889"},{"taxonomy":"product_brand","embeddable":true,"href":"https:\/\/cardinal-tapes.com\/fr\/wp-json\/wp\/v2\/product_brand?post=50889"},{"taxonomy":"product_cat","embeddable":true,"href":"https:\/\/cardinal-tapes.com\/fr\/wp-json\/wp\/v2\/product_cat?post=50889"},{"taxonomy":"product_tag","embeddable":true,"href":"https:\/\/cardinal-tapes.com\/fr\/wp-json\/wp\/v2\/product_tag?post=50889"}],"curies":[{"name":"wp","href":"https:\/\/api.w.org\/{rel}","templated":true}]}}