{"id":50885,"date":"2019-04-11T15:18:46","date_gmt":"2023-06-05T15:09:41","guid":{"rendered":"https:\/\/cardinal.pixel-tal.de\/klebebaender\/non class\u00e9\/foamlink-657-rx-adhesif-en-mousse-pe\/"},"modified":"2023-06-05T17:09:41","modified_gmt":"2023-06-05T15:09:41","slug":"foamlink-657-rx-pe-bande-adhesive-en-mousse","status":"publish","type":"product","link":"https:\/\/cardinal-tapes.com\/fr\/rubans-adh\u00e9sifs\/domaines-dapplication\/bande-de-mousse-pe\/foamlink-657-rx-pe-bande-adhesive-en-mousse\/","title":{"rendered":"FoamLink 657 RX Adh\u00e9sif en mousse PE"},"content":{"rendered":"<p><strong><span style=\"color: #0000ff;\"><span style=\"color: #000080;\">FoamLink 657 RX est un ruban adh\u00e9sif double face en mousse.<\/span><\/span><\/strong><\/p>\n<p>La colle acrylique pure offre des forces d&#8217;adh\u00e9sion \u00e9lev\u00e9es sur les mat\u00e9riaux les plus divers, comme le verre, le m\u00e9tal et les plastiques polaires. Tant le<br \/>\nLa colle acrylique pure et la mousse de poly\u00e9thyl\u00e8ne sont r\u00e9sistantes au vieillissement et adapt\u00e9es aux applications ext\u00e9rieures.<\/p>\n","protected":false},"excerpt":{"rendered":"<p>FoamLink 657 RX est un ruban adh\u00e9sif double face en mousse. La colle acrylique pure offre des forces d&#8217;adh\u00e9sion \u00e9lev\u00e9es sur les mat\u00e9riaux les plus divers, comme le verre, le m\u00e9tal et les plastiques polaires. Tant le La colle acrylique pure et la mousse de poly\u00e9thyl\u00e8ne sont r\u00e9sistantes au vieillissement et adapt\u00e9es aux applications ext\u00e9rieures.<\/p>\n","protected":false},"featured_media":27556,"template":"","meta":{"_acf_changed":false},"pwb-brand":[2270,2330],"product_brand":[],"product_cat":[1763,1764,1834],"product_tag":[],"class_list":{"0":"post-50885","1":"product","2":"type-product","3":"status-publish","4":"has-post-thumbnail","6":"pwb-brand-biolink-fr","7":"pwb-brand-saint-gobain-fr","8":"product_cat-bande-de-mousse-pe","9":"product_cat-bande-de-mousse-pe-fr","10":"product_cat-rubans-adhesifs-double-face","12":"first","13":"instock","14":"taxable","15":"shipping-taxable","16":"product-type-variable"},"acf":[],"yoast_head":"<!-- This site is optimized with the Yoast SEO plugin v27.3 - https:\/\/yoast.com\/product\/yoast-seo-wordpress\/ -->\n<title>TransLink 130 R ruban adh\u00e9sif de transfert | Cardinal TAPES<\/title>\n<meta name=\"description\" content=\"Le ruban adh\u00e9sif de transfert TransLink 130 R \u00e0 usage universel cr\u00e9e des solutions pour presque toutes les questions d&#039;assemblage. En savoir plus.\" \/>\n<meta name=\"robots\" content=\"index, follow, max-snippet:-1, max-image-preview:large, max-video-preview:-1\" \/>\n<link rel=\"canonical\" href=\"https:\/\/cardinal-tapes.com\/fr\/rubans-adh\u00e9sifs\/bande-de-mousse-pe\/foamlink-657-rx-pe-bande-adhesive-en-mousse\/\" \/>\n<meta property=\"og:locale\" content=\"fr_FR\" \/>\n<meta property=\"og:type\" content=\"article\" \/>\n<meta property=\"og:title\" content=\"TransLink 130 R ruban adh\u00e9sif de transfert | Cardinal TAPES\" \/>\n<meta property=\"og:description\" content=\"Le ruban adh\u00e9sif de transfert TransLink 130 R \u00e0 usage universel cr\u00e9e des solutions pour presque toutes les questions d&#039;assemblage. En savoir plus.\" \/>\n<meta property=\"og:url\" content=\"https:\/\/cardinal-tapes.com\/fr\/rubans-adh\u00e9sifs\/bande-de-mousse-pe\/foamlink-657-rx-pe-bande-adhesive-en-mousse\/\" \/>\n<meta property=\"og:site_name\" content=\"cardinal TAPES\" \/>\n<meta property=\"og:image\" content=\"https:\/\/cardinal-tapes.com\/wp-content\/uploads\/Biolink-3-3240-FlexLINK1100RFbl-breit.jpg\" \/>\n\t<meta property=\"og:image:width\" content=\"1854\" \/>\n\t<meta property=\"og:image:height\" content=\"2126\" \/>\n\t<meta property=\"og:image:type\" content=\"image\/jpeg\" \/>\n<meta name=\"twitter:card\" content=\"summary_large_image\" \/>\n<script type=\"application\/ld+json\" class=\"yoast-schema-graph\">{\"@context\":\"https:\\\/\\\/schema.org\",\"@graph\":[{\"@type\":\"WebPage\",\"@id\":\"https:\\\/\\\/cardinal-tapes.com\\\/fr\\\/rubans-adh\u00e9sifs\\\/bande-de-mousse-pe\\\/foamlink-657-rx-pe-bande-adhesive-en-mousse\\\/\",\"url\":\"https:\\\/\\\/cardinal-tapes.com\\\/fr\\\/rubans-adh\u00e9sifs\\\/bande-de-mousse-pe\\\/foamlink-657-rx-pe-bande-adhesive-en-mousse\\\/\",\"name\":\"TransLink 130 R ruban adh\u00e9sif de transfert | Cardinal TAPES\",\"isPartOf\":{\"@id\":\"https:\\\/\\\/cardinal-tapes.com\\\/#website\"},\"primaryImageOfPage\":{\"@id\":\"https:\\\/\\\/cardinal-tapes.com\\\/fr\\\/rubans-adh\u00e9sifs\\\/bande-de-mousse-pe\\\/foamlink-657-rx-pe-bande-adhesive-en-mousse\\\/#primaryimage\"},\"image\":{\"@id\":\"https:\\\/\\\/cardinal-tapes.com\\\/fr\\\/rubans-adh\u00e9sifs\\\/bande-de-mousse-pe\\\/foamlink-657-rx-pe-bande-adhesive-en-mousse\\\/#primaryimage\"},\"thumbnailUrl\":\"https:\\\/\\\/cardinal-tapes.com\\\/wp-content\\\/uploads\\\/Biolink-3-3240-FlexLINK1100RFbl-breit.jpg\",\"datePublished\":\"2023-06-05T15:09:41+00:00\",\"description\":\"Le ruban adh\u00e9sif de transfert TransLink 130 R \u00e0 usage universel cr\u00e9e des solutions pour presque toutes les questions d'assemblage. En savoir plus.\",\"breadcrumb\":{\"@id\":\"https:\\\/\\\/cardinal-tapes.com\\\/fr\\\/rubans-adh\u00e9sifs\\\/bande-de-mousse-pe\\\/foamlink-657-rx-pe-bande-adhesive-en-mousse\\\/#breadcrumb\"},\"inLanguage\":\"fr-FR\",\"potentialAction\":[{\"@type\":\"ReadAction\",\"target\":[\"https:\\\/\\\/cardinal-tapes.com\\\/fr\\\/rubans-adh\u00e9sifs\\\/bande-de-mousse-pe\\\/foamlink-657-rx-pe-bande-adhesive-en-mousse\\\/\"]}]},{\"@type\":\"ImageObject\",\"inLanguage\":\"fr-FR\",\"@id\":\"https:\\\/\\\/cardinal-tapes.com\\\/fr\\\/rubans-adh\u00e9sifs\\\/bande-de-mousse-pe\\\/foamlink-657-rx-pe-bande-adhesive-en-mousse\\\/#primaryimage\",\"url\":\"https:\\\/\\\/cardinal-tapes.com\\\/wp-content\\\/uploads\\\/Biolink-3-3240-FlexLINK1100RFbl-breit.jpg\",\"contentUrl\":\"https:\\\/\\\/cardinal-tapes.com\\\/wp-content\\\/uploads\\\/Biolink-3-3240-FlexLINK1100RFbl-breit.jpg\",\"width\":1854,\"height\":2126,\"caption\":\"Biolink FlexLINK1100RFbl large\"},{\"@type\":\"BreadcrumbList\",\"@id\":\"https:\\\/\\\/cardinal-tapes.com\\\/fr\\\/rubans-adh\u00e9sifs\\\/bande-de-mousse-pe\\\/foamlink-657-rx-pe-bande-adhesive-en-mousse\\\/#breadcrumb\",\"itemListElement\":[{\"@type\":\"ListItem\",\"position\":1,\"name\":\"Startseite\",\"item\":\"https:\\\/\\\/cardinal-tapes.com\\\/fr\\\/accueil\\\/\"},{\"@type\":\"ListItem\",\"position\":2,\"name\":\"Rubans adh\u00e9sifs\",\"item\":\"https:\\\/\\\/cardinal-tapes.com\\\/fr\\\/rubans-adhesifs-fr\\\/\"},{\"@type\":\"ListItem\",\"position\":3,\"name\":\"Bande de mousse PE\",\"item\":\"https:\\\/\\\/cardinal-tapes.com\\\/fr\\\/catgorie\\\/bande-de-mousse-pe\\\/\"},{\"@type\":\"ListItem\",\"position\":4,\"name\":\"FoamLink 657 RX Adh\u00e9sif en mousse PE\"}]},{\"@type\":\"WebSite\",\"@id\":\"https:\\\/\\\/cardinal-tapes.com\\\/#website\",\"url\":\"https:\\\/\\\/cardinal-tapes.com\\\/\",\"name\":\"cardinal TAPES\",\"description\":\"Klebetechnik aus Wuppertal\",\"potentialAction\":[{\"@type\":\"SearchAction\",\"target\":{\"@type\":\"EntryPoint\",\"urlTemplate\":\"https:\\\/\\\/cardinal-tapes.com\\\/?s={search_term_string}\"},\"query-input\":{\"@type\":\"PropertyValueSpecification\",\"valueRequired\":true,\"valueName\":\"search_term_string\"}}],\"inLanguage\":\"fr-FR\"}]}<\/script>\n<!-- \/ Yoast SEO plugin. -->","yoast_head_json":{"title":"TransLink 130 R ruban adh\u00e9sif de transfert | Cardinal TAPES","description":"Le ruban adh\u00e9sif de transfert TransLink 130 R \u00e0 usage universel cr\u00e9e des solutions pour presque toutes les questions d'assemblage. En savoir plus.","robots":{"index":"index","follow":"follow","max-snippet":"max-snippet:-1","max-image-preview":"max-image-preview:large","max-video-preview":"max-video-preview:-1"},"canonical":"https:\/\/cardinal-tapes.com\/fr\/rubans-adh\u00e9sifs\/bande-de-mousse-pe\/foamlink-657-rx-pe-bande-adhesive-en-mousse\/","og_locale":"fr_FR","og_type":"article","og_title":"TransLink 130 R ruban adh\u00e9sif de transfert | Cardinal TAPES","og_description":"Le ruban adh\u00e9sif de transfert TransLink 130 R \u00e0 usage universel cr\u00e9e des solutions pour presque toutes les questions d'assemblage. En savoir plus.","og_url":"https:\/\/cardinal-tapes.com\/fr\/rubans-adh\u00e9sifs\/bande-de-mousse-pe\/foamlink-657-rx-pe-bande-adhesive-en-mousse\/","og_site_name":"cardinal TAPES","og_image":[{"width":1854,"height":2126,"url":"https:\/\/cardinal-tapes.com\/wp-content\/uploads\/Biolink-3-3240-FlexLINK1100RFbl-breit.jpg","type":"image\/jpeg"}],"twitter_card":"summary_large_image","schema":{"@context":"https:\/\/schema.org","@graph":[{"@type":"WebPage","@id":"https:\/\/cardinal-tapes.com\/fr\/rubans-adh\u00e9sifs\/bande-de-mousse-pe\/foamlink-657-rx-pe-bande-adhesive-en-mousse\/","url":"https:\/\/cardinal-tapes.com\/fr\/rubans-adh\u00e9sifs\/bande-de-mousse-pe\/foamlink-657-rx-pe-bande-adhesive-en-mousse\/","name":"TransLink 130 R ruban adh\u00e9sif de transfert | Cardinal TAPES","isPartOf":{"@id":"https:\/\/cardinal-tapes.com\/#website"},"primaryImageOfPage":{"@id":"https:\/\/cardinal-tapes.com\/fr\/rubans-adh\u00e9sifs\/bande-de-mousse-pe\/foamlink-657-rx-pe-bande-adhesive-en-mousse\/#primaryimage"},"image":{"@id":"https:\/\/cardinal-tapes.com\/fr\/rubans-adh\u00e9sifs\/bande-de-mousse-pe\/foamlink-657-rx-pe-bande-adhesive-en-mousse\/#primaryimage"},"thumbnailUrl":"https:\/\/cardinal-tapes.com\/wp-content\/uploads\/Biolink-3-3240-FlexLINK1100RFbl-breit.jpg","datePublished":"2023-06-05T15:09:41+00:00","description":"Le ruban adh\u00e9sif de transfert TransLink 130 R \u00e0 usage universel cr\u00e9e des solutions pour presque toutes les questions d'assemblage. En savoir plus.","breadcrumb":{"@id":"https:\/\/cardinal-tapes.com\/fr\/rubans-adh\u00e9sifs\/bande-de-mousse-pe\/foamlink-657-rx-pe-bande-adhesive-en-mousse\/#breadcrumb"},"inLanguage":"fr-FR","potentialAction":[{"@type":"ReadAction","target":["https:\/\/cardinal-tapes.com\/fr\/rubans-adh\u00e9sifs\/bande-de-mousse-pe\/foamlink-657-rx-pe-bande-adhesive-en-mousse\/"]}]},{"@type":"ImageObject","inLanguage":"fr-FR","@id":"https:\/\/cardinal-tapes.com\/fr\/rubans-adh\u00e9sifs\/bande-de-mousse-pe\/foamlink-657-rx-pe-bande-adhesive-en-mousse\/#primaryimage","url":"https:\/\/cardinal-tapes.com\/wp-content\/uploads\/Biolink-3-3240-FlexLINK1100RFbl-breit.jpg","contentUrl":"https:\/\/cardinal-tapes.com\/wp-content\/uploads\/Biolink-3-3240-FlexLINK1100RFbl-breit.jpg","width":1854,"height":2126,"caption":"Biolink FlexLINK1100RFbl large"},{"@type":"BreadcrumbList","@id":"https:\/\/cardinal-tapes.com\/fr\/rubans-adh\u00e9sifs\/bande-de-mousse-pe\/foamlink-657-rx-pe-bande-adhesive-en-mousse\/#breadcrumb","itemListElement":[{"@type":"ListItem","position":1,"name":"Startseite","item":"https:\/\/cardinal-tapes.com\/fr\/accueil\/"},{"@type":"ListItem","position":2,"name":"Rubans adh\u00e9sifs","item":"https:\/\/cardinal-tapes.com\/fr\/rubans-adhesifs-fr\/"},{"@type":"ListItem","position":3,"name":"Bande de mousse PE","item":"https:\/\/cardinal-tapes.com\/fr\/catgorie\/bande-de-mousse-pe\/"},{"@type":"ListItem","position":4,"name":"FoamLink 657 RX Adh\u00e9sif en mousse PE"}]},{"@type":"WebSite","@id":"https:\/\/cardinal-tapes.com\/#website","url":"https:\/\/cardinal-tapes.com\/","name":"cardinal TAPES","description":"Klebetechnik aus Wuppertal","potentialAction":[{"@type":"SearchAction","target":{"@type":"EntryPoint","urlTemplate":"https:\/\/cardinal-tapes.com\/?s={search_term_string}"},"query-input":{"@type":"PropertyValueSpecification","valueRequired":true,"valueName":"search_term_string"}}],"inLanguage":"fr-FR"}]}},"brands":[{"id":2270,"name":"Saint-Gobain Biolink","slug":"biolink-fr"},{"id":2330,"name":"Saint-Gobain Performance Plastics","slug":"saint-gobain-fr"}],"_links":{"self":[{"href":"https:\/\/cardinal-tapes.com\/fr\/wp-json\/wp\/v2\/product\/50885","targetHints":{"allow":["GET"]}}],"collection":[{"href":"https:\/\/cardinal-tapes.com\/fr\/wp-json\/wp\/v2\/product"}],"about":[{"href":"https:\/\/cardinal-tapes.com\/fr\/wp-json\/wp\/v2\/types\/product"}],"wp:featuredmedia":[{"embeddable":true,"href":"https:\/\/cardinal-tapes.com\/fr\/wp-json\/wp\/v2\/media\/27556"}],"wp:attachment":[{"href":"https:\/\/cardinal-tapes.com\/fr\/wp-json\/wp\/v2\/media?parent=50885"}],"wp:term":[{"taxonomy":"pwb-brand","embeddable":true,"href":"https:\/\/cardinal-tapes.com\/fr\/wp-json\/wp\/v2\/pwb-brand?post=50885"},{"taxonomy":"product_brand","embeddable":true,"href":"https:\/\/cardinal-tapes.com\/fr\/wp-json\/wp\/v2\/product_brand?post=50885"},{"taxonomy":"product_cat","embeddable":true,"href":"https:\/\/cardinal-tapes.com\/fr\/wp-json\/wp\/v2\/product_cat?post=50885"},{"taxonomy":"product_tag","embeddable":true,"href":"https:\/\/cardinal-tapes.com\/fr\/wp-json\/wp\/v2\/product_tag?post=50885"}],"curies":[{"name":"wp","href":"https:\/\/api.w.org\/{rel}","templated":true}]}}