{"id":50883,"date":"2019-04-11T11:15:54","date_gmt":"2023-06-05T15:09:40","guid":{"rendered":"https:\/\/cardinal.pixel-tal.de\/klebebaender\/non class\u00e9\/ruban-adhesif-non-tisse-unilink-5150-hs\/"},"modified":"2023-06-05T17:09:40","modified_gmt":"2023-06-05T15:09:40","slug":"ruban-adhesif-unilink-5150-hs-non-tisse","status":"publish","type":"product","link":"https:\/\/cardinal-tapes.com\/fr\/rubans-adh\u00e9sifs\/rubans-adhesifs-double-face\/ruban-adhesif-unilink-5150-hs-non-tisse\/","title":{"rendered":"Ruban adh\u00e9sif non tiss\u00e9 UniLink 5150 HS"},"content":{"rendered":"<p><strong><span style=\"color: #0000ff;\"><span style=\"color: #000080;\">UniLink 5150 HS est un ruban adh\u00e9sif double face \u00e0 base d&#8217;acrylate avec un support non tiss\u00e9.<\/span><\/span><\/strong><\/p>\n<p>Le film adh\u00e9sif convient pour la fixation, le montage et le laminage.<br \/>\nde mousses, de plastique, de caoutchouc, d&#8217;EPDM, de textiles et de films.<\/p>\n","protected":false},"excerpt":{"rendered":"<p>UniLink 5150 HS est un ruban adh\u00e9sif double face \u00e0 base d&#8217;acrylate avec un support non tiss\u00e9. Le film adh\u00e9sif convient pour la fixation, le montage et le laminage. de mousses, de plastique, de caoutchouc, d&#8217;EPDM, de textiles et de films.<\/p>\n","protected":false},"featured_media":27588,"template":"","meta":{"_acf_changed":false},"pwb-brand":[2270,2330],"product_brand":[],"product_cat":[1834],"product_tag":[],"class_list":{"0":"post-50883","1":"product","2":"type-product","3":"status-publish","4":"has-post-thumbnail","6":"pwb-brand-biolink-fr","7":"pwb-brand-saint-gobain-fr","8":"product_cat-rubans-adhesifs-double-face","10":"first","11":"instock","12":"taxable","13":"shipping-taxable","14":"product-type-variable"},"acf":[],"yoast_head":"<!-- This site is optimized with the Yoast SEO plugin v27.3 - https:\/\/yoast.com\/product\/yoast-seo-wordpress\/ -->\n<title>UniLink 5150 HS Ruban adh\u00e9sif non tiss\u00e9 | Cardinal TAPES<\/title>\n<meta name=\"description\" content=\"Le film adh\u00e9sif convient pour la fixation, le montage et le laminage de mousses, plastiques, caoutchouc, EPDM, textiles et films.\" \/>\n<meta name=\"robots\" content=\"index, follow, max-snippet:-1, max-image-preview:large, max-video-preview:-1\" \/>\n<link rel=\"canonical\" href=\"https:\/\/cardinal-tapes.com\/fr\/rubans-adh\u00e9sifs\/rubans-adhesifs-double-face\/ruban-adhesif-unilink-5150-hs-non-tisse\/\" \/>\n<meta property=\"og:locale\" content=\"fr_FR\" \/>\n<meta property=\"og:type\" content=\"article\" \/>\n<meta property=\"og:title\" content=\"UniLink 5150 HS Ruban adh\u00e9sif non tiss\u00e9 | Cardinal TAPES\" \/>\n<meta property=\"og:description\" content=\"Le film adh\u00e9sif convient pour la fixation, le montage et le laminage de mousses, plastiques, caoutchouc, EPDM, textiles et films.\" \/>\n<meta property=\"og:url\" content=\"https:\/\/cardinal-tapes.com\/fr\/rubans-adh\u00e9sifs\/rubans-adhesifs-double-face\/ruban-adhesif-unilink-5150-hs-non-tisse\/\" \/>\n<meta property=\"og:site_name\" content=\"cardinal TAPES\" \/>\n<meta property=\"og:image\" content=\"https:\/\/cardinal-tapes.com\/wp-content\/uploads\/Biolink-5-3796-UniLINK5150HS-breit.jpg\" \/>\n\t<meta property=\"og:image:width\" content=\"1854\" \/>\n\t<meta property=\"og:image:height\" content=\"2126\" \/>\n\t<meta property=\"og:image:type\" content=\"image\/jpeg\" \/>\n<meta name=\"twitter:card\" content=\"summary_large_image\" \/>\n<script type=\"application\/ld+json\" class=\"yoast-schema-graph\">{\"@context\":\"https:\\\/\\\/schema.org\",\"@graph\":[{\"@type\":\"WebPage\",\"@id\":\"https:\\\/\\\/cardinal-tapes.com\\\/fr\\\/rubans-adh\u00e9sifs\\\/rubans-adhesifs-double-face\\\/ruban-adhesif-unilink-5150-hs-non-tisse\\\/\",\"url\":\"https:\\\/\\\/cardinal-tapes.com\\\/fr\\\/rubans-adh\u00e9sifs\\\/rubans-adhesifs-double-face\\\/ruban-adhesif-unilink-5150-hs-non-tisse\\\/\",\"name\":\"UniLink 5150 HS Ruban adh\u00e9sif non tiss\u00e9 | Cardinal TAPES\",\"isPartOf\":{\"@id\":\"https:\\\/\\\/cardinal-tapes.com\\\/#website\"},\"primaryImageOfPage\":{\"@id\":\"https:\\\/\\\/cardinal-tapes.com\\\/fr\\\/rubans-adh\u00e9sifs\\\/rubans-adhesifs-double-face\\\/ruban-adhesif-unilink-5150-hs-non-tisse\\\/#primaryimage\"},\"image\":{\"@id\":\"https:\\\/\\\/cardinal-tapes.com\\\/fr\\\/rubans-adh\u00e9sifs\\\/rubans-adhesifs-double-face\\\/ruban-adhesif-unilink-5150-hs-non-tisse\\\/#primaryimage\"},\"thumbnailUrl\":\"https:\\\/\\\/cardinal-tapes.com\\\/wp-content\\\/uploads\\\/Biolink-5-3796-UniLINK5150HS-breit.jpg\",\"datePublished\":\"2023-06-05T15:09:40+00:00\",\"description\":\"Le film adh\u00e9sif convient pour la fixation, le montage et le laminage de mousses, plastiques, caoutchouc, EPDM, textiles et films.\",\"breadcrumb\":{\"@id\":\"https:\\\/\\\/cardinal-tapes.com\\\/fr\\\/rubans-adh\u00e9sifs\\\/rubans-adhesifs-double-face\\\/ruban-adhesif-unilink-5150-hs-non-tisse\\\/#breadcrumb\"},\"inLanguage\":\"fr-FR\",\"potentialAction\":[{\"@type\":\"ReadAction\",\"target\":[\"https:\\\/\\\/cardinal-tapes.com\\\/fr\\\/rubans-adh\u00e9sifs\\\/rubans-adhesifs-double-face\\\/ruban-adhesif-unilink-5150-hs-non-tisse\\\/\"]}]},{\"@type\":\"ImageObject\",\"inLanguage\":\"fr-FR\",\"@id\":\"https:\\\/\\\/cardinal-tapes.com\\\/fr\\\/rubans-adh\u00e9sifs\\\/rubans-adhesifs-double-face\\\/ruban-adhesif-unilink-5150-hs-non-tisse\\\/#primaryimage\",\"url\":\"https:\\\/\\\/cardinal-tapes.com\\\/wp-content\\\/uploads\\\/Biolink-5-3796-UniLINK5150HS-breit.jpg\",\"contentUrl\":\"https:\\\/\\\/cardinal-tapes.com\\\/wp-content\\\/uploads\\\/Biolink-5-3796-UniLINK5150HS-breit.jpg\",\"width\":1854,\"height\":2126,\"caption\":\"Biolink UniLINK5150HS large\"},{\"@type\":\"BreadcrumbList\",\"@id\":\"https:\\\/\\\/cardinal-tapes.com\\\/fr\\\/rubans-adh\u00e9sifs\\\/rubans-adhesifs-double-face\\\/ruban-adhesif-unilink-5150-hs-non-tisse\\\/#breadcrumb\",\"itemListElement\":[{\"@type\":\"ListItem\",\"position\":1,\"name\":\"Startseite\",\"item\":\"https:\\\/\\\/cardinal-tapes.com\\\/fr\\\/accueil\\\/\"},{\"@type\":\"ListItem\",\"position\":2,\"name\":\"Rubans adh\u00e9sifs\",\"item\":\"https:\\\/\\\/cardinal-tapes.com\\\/fr\\\/rubans-adhesifs-fr\\\/\"},{\"@type\":\"ListItem\",\"position\":3,\"name\":\"Rubans adh\u00e9sifs double face\",\"item\":\"https:\\\/\\\/cardinal-tapes.com\\\/fr\\\/catgorie\\\/rubans-adhesifs-double-face\\\/\"},{\"@type\":\"ListItem\",\"position\":4,\"name\":\"Ruban adh\u00e9sif non tiss\u00e9 UniLink 5150 HS\"}]},{\"@type\":\"WebSite\",\"@id\":\"https:\\\/\\\/cardinal-tapes.com\\\/#website\",\"url\":\"https:\\\/\\\/cardinal-tapes.com\\\/\",\"name\":\"cardinal TAPES\",\"description\":\"Klebetechnik aus Wuppertal\",\"potentialAction\":[{\"@type\":\"SearchAction\",\"target\":{\"@type\":\"EntryPoint\",\"urlTemplate\":\"https:\\\/\\\/cardinal-tapes.com\\\/?s={search_term_string}\"},\"query-input\":{\"@type\":\"PropertyValueSpecification\",\"valueRequired\":true,\"valueName\":\"search_term_string\"}}],\"inLanguage\":\"fr-FR\"}]}<\/script>\n<!-- \/ Yoast SEO plugin. -->","yoast_head_json":{"title":"UniLink 5150 HS Ruban adh\u00e9sif non tiss\u00e9 | Cardinal TAPES","description":"Le film adh\u00e9sif convient pour la fixation, le montage et le laminage de mousses, plastiques, caoutchouc, EPDM, textiles et films.","robots":{"index":"index","follow":"follow","max-snippet":"max-snippet:-1","max-image-preview":"max-image-preview:large","max-video-preview":"max-video-preview:-1"},"canonical":"https:\/\/cardinal-tapes.com\/fr\/rubans-adh\u00e9sifs\/rubans-adhesifs-double-face\/ruban-adhesif-unilink-5150-hs-non-tisse\/","og_locale":"fr_FR","og_type":"article","og_title":"UniLink 5150 HS Ruban adh\u00e9sif non tiss\u00e9 | Cardinal TAPES","og_description":"Le film adh\u00e9sif convient pour la fixation, le montage et le laminage de mousses, plastiques, caoutchouc, EPDM, textiles et films.","og_url":"https:\/\/cardinal-tapes.com\/fr\/rubans-adh\u00e9sifs\/rubans-adhesifs-double-face\/ruban-adhesif-unilink-5150-hs-non-tisse\/","og_site_name":"cardinal TAPES","og_image":[{"width":1854,"height":2126,"url":"https:\/\/cardinal-tapes.com\/wp-content\/uploads\/Biolink-5-3796-UniLINK5150HS-breit.jpg","type":"image\/jpeg"}],"twitter_card":"summary_large_image","schema":{"@context":"https:\/\/schema.org","@graph":[{"@type":"WebPage","@id":"https:\/\/cardinal-tapes.com\/fr\/rubans-adh\u00e9sifs\/rubans-adhesifs-double-face\/ruban-adhesif-unilink-5150-hs-non-tisse\/","url":"https:\/\/cardinal-tapes.com\/fr\/rubans-adh\u00e9sifs\/rubans-adhesifs-double-face\/ruban-adhesif-unilink-5150-hs-non-tisse\/","name":"UniLink 5150 HS Ruban adh\u00e9sif non tiss\u00e9 | Cardinal TAPES","isPartOf":{"@id":"https:\/\/cardinal-tapes.com\/#website"},"primaryImageOfPage":{"@id":"https:\/\/cardinal-tapes.com\/fr\/rubans-adh\u00e9sifs\/rubans-adhesifs-double-face\/ruban-adhesif-unilink-5150-hs-non-tisse\/#primaryimage"},"image":{"@id":"https:\/\/cardinal-tapes.com\/fr\/rubans-adh\u00e9sifs\/rubans-adhesifs-double-face\/ruban-adhesif-unilink-5150-hs-non-tisse\/#primaryimage"},"thumbnailUrl":"https:\/\/cardinal-tapes.com\/wp-content\/uploads\/Biolink-5-3796-UniLINK5150HS-breit.jpg","datePublished":"2023-06-05T15:09:40+00:00","description":"Le film adh\u00e9sif convient pour la fixation, le montage et le laminage de mousses, plastiques, caoutchouc, EPDM, textiles et films.","breadcrumb":{"@id":"https:\/\/cardinal-tapes.com\/fr\/rubans-adh\u00e9sifs\/rubans-adhesifs-double-face\/ruban-adhesif-unilink-5150-hs-non-tisse\/#breadcrumb"},"inLanguage":"fr-FR","potentialAction":[{"@type":"ReadAction","target":["https:\/\/cardinal-tapes.com\/fr\/rubans-adh\u00e9sifs\/rubans-adhesifs-double-face\/ruban-adhesif-unilink-5150-hs-non-tisse\/"]}]},{"@type":"ImageObject","inLanguage":"fr-FR","@id":"https:\/\/cardinal-tapes.com\/fr\/rubans-adh\u00e9sifs\/rubans-adhesifs-double-face\/ruban-adhesif-unilink-5150-hs-non-tisse\/#primaryimage","url":"https:\/\/cardinal-tapes.com\/wp-content\/uploads\/Biolink-5-3796-UniLINK5150HS-breit.jpg","contentUrl":"https:\/\/cardinal-tapes.com\/wp-content\/uploads\/Biolink-5-3796-UniLINK5150HS-breit.jpg","width":1854,"height":2126,"caption":"Biolink UniLINK5150HS large"},{"@type":"BreadcrumbList","@id":"https:\/\/cardinal-tapes.com\/fr\/rubans-adh\u00e9sifs\/rubans-adhesifs-double-face\/ruban-adhesif-unilink-5150-hs-non-tisse\/#breadcrumb","itemListElement":[{"@type":"ListItem","position":1,"name":"Startseite","item":"https:\/\/cardinal-tapes.com\/fr\/accueil\/"},{"@type":"ListItem","position":2,"name":"Rubans adh\u00e9sifs","item":"https:\/\/cardinal-tapes.com\/fr\/rubans-adhesifs-fr\/"},{"@type":"ListItem","position":3,"name":"Rubans adh\u00e9sifs double face","item":"https:\/\/cardinal-tapes.com\/fr\/catgorie\/rubans-adhesifs-double-face\/"},{"@type":"ListItem","position":4,"name":"Ruban adh\u00e9sif non tiss\u00e9 UniLink 5150 HS"}]},{"@type":"WebSite","@id":"https:\/\/cardinal-tapes.com\/#website","url":"https:\/\/cardinal-tapes.com\/","name":"cardinal TAPES","description":"Klebetechnik aus Wuppertal","potentialAction":[{"@type":"SearchAction","target":{"@type":"EntryPoint","urlTemplate":"https:\/\/cardinal-tapes.com\/?s={search_term_string}"},"query-input":{"@type":"PropertyValueSpecification","valueRequired":true,"valueName":"search_term_string"}}],"inLanguage":"fr-FR"}]}},"brands":[{"id":2270,"name":"Saint-Gobain Biolink","slug":"biolink-fr"},{"id":2330,"name":"Saint-Gobain Performance Plastics","slug":"saint-gobain-fr"}],"_links":{"self":[{"href":"https:\/\/cardinal-tapes.com\/fr\/wp-json\/wp\/v2\/product\/50883","targetHints":{"allow":["GET"]}}],"collection":[{"href":"https:\/\/cardinal-tapes.com\/fr\/wp-json\/wp\/v2\/product"}],"about":[{"href":"https:\/\/cardinal-tapes.com\/fr\/wp-json\/wp\/v2\/types\/product"}],"wp:featuredmedia":[{"embeddable":true,"href":"https:\/\/cardinal-tapes.com\/fr\/wp-json\/wp\/v2\/media\/27588"}],"wp:attachment":[{"href":"https:\/\/cardinal-tapes.com\/fr\/wp-json\/wp\/v2\/media?parent=50883"}],"wp:term":[{"taxonomy":"pwb-brand","embeddable":true,"href":"https:\/\/cardinal-tapes.com\/fr\/wp-json\/wp\/v2\/pwb-brand?post=50883"},{"taxonomy":"product_brand","embeddable":true,"href":"https:\/\/cardinal-tapes.com\/fr\/wp-json\/wp\/v2\/product_brand?post=50883"},{"taxonomy":"product_cat","embeddable":true,"href":"https:\/\/cardinal-tapes.com\/fr\/wp-json\/wp\/v2\/product_cat?post=50883"},{"taxonomy":"product_tag","embeddable":true,"href":"https:\/\/cardinal-tapes.com\/fr\/wp-json\/wp\/v2\/product_tag?post=50883"}],"curies":[{"name":"wp","href":"https:\/\/api.w.org\/{rel}","templated":true}]}}