{"id":50388,"date":"2019-06-06T07:33:43","date_gmt":"2023-06-05T15:08:17","guid":{"rendered":"https:\/\/cardinal.pixel-tal.de\/klebebaender\/non%20class\u00e9\/tesa-58290-ruban-a-episser\/"},"modified":"2025-07-02T13:04:07","modified_gmt":"2025-07-02T11:04:07","slug":"tesa-58290-spleissband","status":"publish","type":"product","link":"https:\/\/cardinal-tapes.com\/fr\/rubans-adh\u00e9sifs\/rubans-adhesifs-double-face\/tesa-58290-spleissband\/","title":{"rendered":"tesa\u00ae 58290 Ruban \u00e0 \u00e9pisser"},"content":{"rendered":"<p><sup>tesa\u00ae<\/sup> 58290 est un ruban adh\u00e9sif transparent compos\u00e9 d&#8217;un support en PET et d&#8217;une masse adh\u00e9sive en acrylate modifi\u00e9. Il se caract\u00e9rise par une excellente r\u00e9sistance au vieillissement dans diff\u00e9rentes conditions climatiques. <sup>tesa\u00ae<\/sup> 58290 a une tr\u00e8s bonne adh\u00e9rence initiale (tack) et une forte adh\u00e9rence finale, en particulier sur les surfaces rugueuses comme les panneaux MDF ou HDF.<\/p>\n<p>La r\u00e9sistance \u00e0 la d\u00e9chirure dans le sens de la longueur est avantageuse pour les applications d&#8217;\u00e9pissure de paroi arri\u00e8re dans les meubles. Le support en PET d\u00e9vie une \u00e9ventuelle fissure dans le sens transversal et assure ainsi une connexion stable et s\u00fbre tout en conservant une faible \u00e9paisseur et une grande flexibilit\u00e9.<\/p>\n<p><sup>tesa\u00ae<\/sup> 58290 convient parfaitement \u00e0 une utilisation dans des distributeurs automatiques et semi-automatiques et est disponible en grande longueur (jusqu&#8217;\u00e0 660 m) sp\u00e9cialement pour cet usage.<\/p>\n","protected":false},"excerpt":{"rendered":"<p>tesa\u00ae 58290 est un ruban adh\u00e9sif transparent compos\u00e9 d&#8217;un support en PET et d&#8217;une masse adh\u00e9sive en acrylate modifi\u00e9. Il se caract\u00e9rise par une excellente r\u00e9sistance au vieillissement dans diff\u00e9rentes conditions climatiques. tesa\u00ae 58290 a une tr\u00e8s bonne adh\u00e9rence initiale (tack) et une forte adh\u00e9rence finale, en particulier sur les surfaces rugueuses comme les panneaux [&hellip;]<\/p>\n","protected":false},"featured_media":27716,"template":"","meta":{"_acf_changed":false},"pwb-brand":[2165],"product_brand":[],"product_cat":[1834],"product_tag":[],"class_list":{"0":"post-50388","1":"product","2":"type-product","3":"status-publish","4":"has-post-thumbnail","6":"pwb-brand-tesa-fr","7":"product_cat-rubans-adhesifs-double-face","9":"first","10":"instock","11":"taxable","12":"shipping-taxable","13":"purchasable","14":"product-type-variable"},"acf":[],"yoast_head":"<!-- This site is optimized with the Yoast SEO plugin v27.3 - https:\/\/yoast.com\/product\/yoast-seo-wordpress\/ -->\n<title>tesa\u00ae 58290 ruban d&#039;\u00e9pissure | Cardinal TAPES<\/title>\n<meta name=\"description\" content=\"Tesa 4939 est un ruban de pose double face avec un support solide en tissu PET. Apprenez-en plus sur ce ruban adh\u00e9sif pratique ici.\" \/>\n<meta name=\"robots\" content=\"index, follow, max-snippet:-1, max-image-preview:large, max-video-preview:-1\" \/>\n<link rel=\"canonical\" href=\"https:\/\/cardinal-tapes.com\/fr\/rubans-adh\u00e9sifs\/rubans-adhesifs-double-face\/tesa-58290-spleissband\/\" \/>\n<meta property=\"og:locale\" content=\"fr_FR\" \/>\n<meta property=\"og:type\" content=\"article\" \/>\n<meta property=\"og:title\" content=\"tesa\u00ae 58290 ruban d&#039;\u00e9pissure | Cardinal TAPES\" \/>\n<meta property=\"og:description\" content=\"Tesa 4939 est un ruban de pose double face avec un support solide en tissu PET. Apprenez-en plus sur ce ruban adh\u00e9sif pratique ici.\" \/>\n<meta property=\"og:url\" content=\"https:\/\/cardinal-tapes.com\/fr\/rubans-adh\u00e9sifs\/rubans-adhesifs-double-face\/tesa-58290-spleissband\/\" \/>\n<meta property=\"og:site_name\" content=\"cardinal TAPES\" \/>\n<meta property=\"article:modified_time\" content=\"2025-07-02T11:04:07+00:00\" \/>\n<meta property=\"og:image\" content=\"https:\/\/cardinal-tapes.com\/wp-content\/uploads\/58290-pet-backboard-splicing-tape888053_fixedwidth_5.jpg\" \/>\n\t<meta property=\"og:image:width\" content=\"501\" \/>\n\t<meta property=\"og:image:height\" content=\"501\" \/>\n\t<meta property=\"og:image:type\" content=\"image\/jpeg\" \/>\n<meta name=\"twitter:card\" content=\"summary_large_image\" \/>\n<meta name=\"twitter:label1\" content=\"Dur\u00e9e de lecture estim\u00e9e\" \/>\n\t<meta name=\"twitter:data1\" content=\"1 minute\" \/>\n<script type=\"application\/ld+json\" class=\"yoast-schema-graph\">{\"@context\":\"https:\\\/\\\/schema.org\",\"@graph\":[{\"@type\":\"WebPage\",\"@id\":\"https:\\\/\\\/cardinal-tapes.com\\\/fr\\\/rubans-adh\u00e9sifs\\\/rubans-adhesifs-double-face\\\/tesa-58290-spleissband\\\/\",\"url\":\"https:\\\/\\\/cardinal-tapes.com\\\/fr\\\/rubans-adh\u00e9sifs\\\/rubans-adhesifs-double-face\\\/tesa-58290-spleissband\\\/\",\"name\":\"tesa\u00ae 58290 ruban d'\u00e9pissure | Cardinal TAPES\",\"isPartOf\":{\"@id\":\"https:\\\/\\\/cardinal-tapes.com\\\/#website\"},\"primaryImageOfPage\":{\"@id\":\"https:\\\/\\\/cardinal-tapes.com\\\/fr\\\/rubans-adh\u00e9sifs\\\/rubans-adhesifs-double-face\\\/tesa-58290-spleissband\\\/#primaryimage\"},\"image\":{\"@id\":\"https:\\\/\\\/cardinal-tapes.com\\\/fr\\\/rubans-adh\u00e9sifs\\\/rubans-adhesifs-double-face\\\/tesa-58290-spleissband\\\/#primaryimage\"},\"thumbnailUrl\":\"https:\\\/\\\/cardinal-tapes.com\\\/wp-content\\\/uploads\\\/58290-pet-backboard-splicing-tape888053_fixedwidth_5.jpg\",\"datePublished\":\"2023-06-05T15:08:17+00:00\",\"dateModified\":\"2025-07-02T11:04:07+00:00\",\"description\":\"Tesa 4939 est un ruban de pose double face avec un support solide en tissu PET. Apprenez-en plus sur ce ruban adh\u00e9sif pratique ici.\",\"breadcrumb\":{\"@id\":\"https:\\\/\\\/cardinal-tapes.com\\\/fr\\\/rubans-adh\u00e9sifs\\\/rubans-adhesifs-double-face\\\/tesa-58290-spleissband\\\/#breadcrumb\"},\"inLanguage\":\"fr-FR\",\"potentialAction\":[{\"@type\":\"ReadAction\",\"target\":[\"https:\\\/\\\/cardinal-tapes.com\\\/fr\\\/rubans-adh\u00e9sifs\\\/rubans-adhesifs-double-face\\\/tesa-58290-spleissband\\\/\"]}]},{\"@type\":\"ImageObject\",\"inLanguage\":\"fr-FR\",\"@id\":\"https:\\\/\\\/cardinal-tapes.com\\\/fr\\\/rubans-adh\u00e9sifs\\\/rubans-adhesifs-double-face\\\/tesa-58290-spleissband\\\/#primaryimage\",\"url\":\"https:\\\/\\\/cardinal-tapes.com\\\/wp-content\\\/uploads\\\/58290-pet-backboard-splicing-tape888053_fixedwidth_5.jpg\",\"contentUrl\":\"https:\\\/\\\/cardinal-tapes.com\\\/wp-content\\\/uploads\\\/58290-pet-backboard-splicing-tape888053_fixedwidth_5.jpg\",\"width\":501,\"height\":501,\"caption\":\"tesa 58290 Tape\"},{\"@type\":\"BreadcrumbList\",\"@id\":\"https:\\\/\\\/cardinal-tapes.com\\\/fr\\\/rubans-adh\u00e9sifs\\\/rubans-adhesifs-double-face\\\/tesa-58290-spleissband\\\/#breadcrumb\",\"itemListElement\":[{\"@type\":\"ListItem\",\"position\":1,\"name\":\"Startseite\",\"item\":\"https:\\\/\\\/cardinal-tapes.com\\\/fr\\\/accueil\\\/\"},{\"@type\":\"ListItem\",\"position\":2,\"name\":\"Rubans adh\u00e9sifs\",\"item\":\"https:\\\/\\\/cardinal-tapes.com\\\/fr\\\/rubans-adhesifs-fr\\\/\"},{\"@type\":\"ListItem\",\"position\":3,\"name\":\"Doppelseitige Klebeb\u00e4nder\",\"item\":\"https:\\\/\\\/cardinal-tapes.com\\\/kategorie\\\/doppelseitige-klebebaender\\\/\"},{\"@type\":\"ListItem\",\"position\":4,\"name\":\"tesa\u00ae 58290 Ruban \u00e0 \u00e9pisser\"}]},{\"@type\":\"WebSite\",\"@id\":\"https:\\\/\\\/cardinal-tapes.com\\\/#website\",\"url\":\"https:\\\/\\\/cardinal-tapes.com\\\/\",\"name\":\"cardinal TAPES\",\"description\":\"Klebetechnik aus Wuppertal\",\"potentialAction\":[{\"@type\":\"SearchAction\",\"target\":{\"@type\":\"EntryPoint\",\"urlTemplate\":\"https:\\\/\\\/cardinal-tapes.com\\\/?s={search_term_string}\"},\"query-input\":{\"@type\":\"PropertyValueSpecification\",\"valueRequired\":true,\"valueName\":\"search_term_string\"}}],\"inLanguage\":\"fr-FR\"}]}<\/script>\n<!-- \/ Yoast SEO plugin. -->","yoast_head_json":{"title":"tesa\u00ae 58290 ruban d'\u00e9pissure | Cardinal TAPES","description":"Tesa 4939 est un ruban de pose double face avec un support solide en tissu PET. Apprenez-en plus sur ce ruban adh\u00e9sif pratique ici.","robots":{"index":"index","follow":"follow","max-snippet":"max-snippet:-1","max-image-preview":"max-image-preview:large","max-video-preview":"max-video-preview:-1"},"canonical":"https:\/\/cardinal-tapes.com\/fr\/rubans-adh\u00e9sifs\/rubans-adhesifs-double-face\/tesa-58290-spleissband\/","og_locale":"fr_FR","og_type":"article","og_title":"tesa\u00ae 58290 ruban d'\u00e9pissure | Cardinal TAPES","og_description":"Tesa 4939 est un ruban de pose double face avec un support solide en tissu PET. Apprenez-en plus sur ce ruban adh\u00e9sif pratique ici.","og_url":"https:\/\/cardinal-tapes.com\/fr\/rubans-adh\u00e9sifs\/rubans-adhesifs-double-face\/tesa-58290-spleissband\/","og_site_name":"cardinal TAPES","article_modified_time":"2025-07-02T11:04:07+00:00","og_image":[{"width":501,"height":501,"url":"https:\/\/cardinal-tapes.com\/wp-content\/uploads\/58290-pet-backboard-splicing-tape888053_fixedwidth_5.jpg","type":"image\/jpeg"}],"twitter_card":"summary_large_image","twitter_misc":{"Dur\u00e9e de lecture estim\u00e9e":"1 minute"},"schema":{"@context":"https:\/\/schema.org","@graph":[{"@type":"WebPage","@id":"https:\/\/cardinal-tapes.com\/fr\/rubans-adh\u00e9sifs\/rubans-adhesifs-double-face\/tesa-58290-spleissband\/","url":"https:\/\/cardinal-tapes.com\/fr\/rubans-adh\u00e9sifs\/rubans-adhesifs-double-face\/tesa-58290-spleissband\/","name":"tesa\u00ae 58290 ruban d'\u00e9pissure | Cardinal TAPES","isPartOf":{"@id":"https:\/\/cardinal-tapes.com\/#website"},"primaryImageOfPage":{"@id":"https:\/\/cardinal-tapes.com\/fr\/rubans-adh\u00e9sifs\/rubans-adhesifs-double-face\/tesa-58290-spleissband\/#primaryimage"},"image":{"@id":"https:\/\/cardinal-tapes.com\/fr\/rubans-adh\u00e9sifs\/rubans-adhesifs-double-face\/tesa-58290-spleissband\/#primaryimage"},"thumbnailUrl":"https:\/\/cardinal-tapes.com\/wp-content\/uploads\/58290-pet-backboard-splicing-tape888053_fixedwidth_5.jpg","datePublished":"2023-06-05T15:08:17+00:00","dateModified":"2025-07-02T11:04:07+00:00","description":"Tesa 4939 est un ruban de pose double face avec un support solide en tissu PET. Apprenez-en plus sur ce ruban adh\u00e9sif pratique ici.","breadcrumb":{"@id":"https:\/\/cardinal-tapes.com\/fr\/rubans-adh\u00e9sifs\/rubans-adhesifs-double-face\/tesa-58290-spleissband\/#breadcrumb"},"inLanguage":"fr-FR","potentialAction":[{"@type":"ReadAction","target":["https:\/\/cardinal-tapes.com\/fr\/rubans-adh\u00e9sifs\/rubans-adhesifs-double-face\/tesa-58290-spleissband\/"]}]},{"@type":"ImageObject","inLanguage":"fr-FR","@id":"https:\/\/cardinal-tapes.com\/fr\/rubans-adh\u00e9sifs\/rubans-adhesifs-double-face\/tesa-58290-spleissband\/#primaryimage","url":"https:\/\/cardinal-tapes.com\/wp-content\/uploads\/58290-pet-backboard-splicing-tape888053_fixedwidth_5.jpg","contentUrl":"https:\/\/cardinal-tapes.com\/wp-content\/uploads\/58290-pet-backboard-splicing-tape888053_fixedwidth_5.jpg","width":501,"height":501,"caption":"tesa 58290 Tape"},{"@type":"BreadcrumbList","@id":"https:\/\/cardinal-tapes.com\/fr\/rubans-adh\u00e9sifs\/rubans-adhesifs-double-face\/tesa-58290-spleissband\/#breadcrumb","itemListElement":[{"@type":"ListItem","position":1,"name":"Startseite","item":"https:\/\/cardinal-tapes.com\/fr\/accueil\/"},{"@type":"ListItem","position":2,"name":"Rubans adh\u00e9sifs","item":"https:\/\/cardinal-tapes.com\/fr\/rubans-adhesifs-fr\/"},{"@type":"ListItem","position":3,"name":"Doppelseitige Klebeb\u00e4nder","item":"https:\/\/cardinal-tapes.com\/kategorie\/doppelseitige-klebebaender\/"},{"@type":"ListItem","position":4,"name":"tesa\u00ae 58290 Ruban \u00e0 \u00e9pisser"}]},{"@type":"WebSite","@id":"https:\/\/cardinal-tapes.com\/#website","url":"https:\/\/cardinal-tapes.com\/","name":"cardinal TAPES","description":"Klebetechnik aus Wuppertal","potentialAction":[{"@type":"SearchAction","target":{"@type":"EntryPoint","urlTemplate":"https:\/\/cardinal-tapes.com\/?s={search_term_string}"},"query-input":{"@type":"PropertyValueSpecification","valueRequired":true,"valueName":"search_term_string"}}],"inLanguage":"fr-FR"}]}},"brands":[{"id":2165,"name":"tesa","slug":"tesa-fr"}],"_links":{"self":[{"href":"https:\/\/cardinal-tapes.com\/fr\/wp-json\/wp\/v2\/product\/50388","targetHints":{"allow":["GET"]}}],"collection":[{"href":"https:\/\/cardinal-tapes.com\/fr\/wp-json\/wp\/v2\/product"}],"about":[{"href":"https:\/\/cardinal-tapes.com\/fr\/wp-json\/wp\/v2\/types\/product"}],"wp:featuredmedia":[{"embeddable":true,"href":"https:\/\/cardinal-tapes.com\/fr\/wp-json\/wp\/v2\/media\/27716"}],"wp:attachment":[{"href":"https:\/\/cardinal-tapes.com\/fr\/wp-json\/wp\/v2\/media?parent=50388"}],"wp:term":[{"taxonomy":"pwb-brand","embeddable":true,"href":"https:\/\/cardinal-tapes.com\/fr\/wp-json\/wp\/v2\/pwb-brand?post=50388"},{"taxonomy":"product_brand","embeddable":true,"href":"https:\/\/cardinal-tapes.com\/fr\/wp-json\/wp\/v2\/product_brand?post=50388"},{"taxonomy":"product_cat","embeddable":true,"href":"https:\/\/cardinal-tapes.com\/fr\/wp-json\/wp\/v2\/product_cat?post=50388"},{"taxonomy":"product_tag","embeddable":true,"href":"https:\/\/cardinal-tapes.com\/fr\/wp-json\/wp\/v2\/product_tag?post=50388"}],"curies":[{"name":"wp","href":"https:\/\/api.w.org\/{rel}","templated":true}]}}