{"id":50317,"date":"2019-04-12T09:44:04","date_gmt":"2023-06-05T15:08:15","guid":{"rendered":"https:\/\/cardinal.pixel-tal.de\/klebebaender\/non class\u00e9\/foamlink-1103-h-adhesif-en-mousse-de-pe\/"},"modified":"2023-06-05T17:08:15","modified_gmt":"2023-06-05T15:08:15","slug":"foamlink-1103-rx-pe-bande-adhesive-en-mousse","status":"publish","type":"product","link":"https:\/\/cardinal-tapes.com\/fr\/rubans-adh\u00e9sifs\/domaines-dapplication\/bande-de-mousse-pe\/foamlink-1103-rx-pe-bande-adhesive-en-mousse\/","title":{"rendered":"FoamLink 1103 H+ Adh\u00e9sif en mousse de PE"},"content":{"rendered":"<p><strong><span style=\"color: #0000ff;\"><span style=\"color: #000080;\">FoamLink 1103 RX est un ruban adh\u00e9sif double face en mousse.<\/span><\/span><\/strong><\/p>\n<p>Gr\u00e2ce \u00e0 la capacit\u00e9 d&#8217;adaptation de la mousse de poly\u00e9thyl\u00e8ne, il convient parfaitement au collage de surfaces in\u00e9gales et l\u00e9g\u00e8rement rugueuses.<br \/>\nLa colle acrylique pure offre des forces d&#8217;adh\u00e9sion \u00e9lev\u00e9es sur les mat\u00e9riaux les plus divers, comme le verre, le m\u00e9tal et les plastiques polaires. La colle acrylique pure et la mousse de poly\u00e9thyl\u00e8ne sont toutes deux r\u00e9sistantes au vieillissement et adapt\u00e9es aux applications ext\u00e9rieures.<\/p>\n","protected":false},"excerpt":{"rendered":"<p>FoamLink 1103 RX est un ruban adh\u00e9sif double face en mousse. Gr\u00e2ce \u00e0 la capacit\u00e9 d&#8217;adaptation de la mousse de poly\u00e9thyl\u00e8ne, il convient parfaitement au collage de surfaces in\u00e9gales et l\u00e9g\u00e8rement rugueuses. La colle acrylique pure offre des forces d&#8217;adh\u00e9sion \u00e9lev\u00e9es sur les mat\u00e9riaux les plus divers, comme le verre, le m\u00e9tal et les plastiques [&hellip;]<\/p>\n","protected":false},"featured_media":27628,"template":"","meta":{"_acf_changed":false},"pwb-brand":[2270,2330],"product_brand":[],"product_cat":[1763,1764,1834],"product_tag":[],"class_list":{"0":"post-50317","1":"product","2":"type-product","3":"status-publish","4":"has-post-thumbnail","6":"pwb-brand-biolink-fr","7":"pwb-brand-saint-gobain-fr","8":"product_cat-bande-de-mousse-pe","9":"product_cat-bande-de-mousse-pe-fr","10":"product_cat-rubans-adhesifs-double-face","12":"first","13":"instock","14":"taxable","15":"shipping-taxable","16":"product-type-variable"},"acf":[],"yoast_head":"<!-- This site is optimized with the Yoast SEO plugin v27.3 - https:\/\/yoast.com\/product\/yoast-seo-wordpress\/ -->\n<title>FoamLink 1103 H+ Ruban adh\u00e9sif en mousse PE | Cardinal TAPES<\/title>\n<meta name=\"description\" content=\"Gr\u00e2ce \u00e0 la capacit\u00e9 d&#039;adaptation de la mousse de poly\u00e9thyl\u00e8ne, il convient parfaitement au collage de surfaces in\u00e9gales et l\u00e9g\u00e8rement rugueuses.\" \/>\n<meta name=\"robots\" content=\"index, follow, max-snippet:-1, max-image-preview:large, max-video-preview:-1\" \/>\n<link rel=\"canonical\" href=\"https:\/\/cardinal-tapes.com\/fr\/rubans-adh\u00e9sifs\/bande-de-mousse-pe\/foamlink-1103-rx-pe-bande-adhesive-en-mousse\/\" \/>\n<meta property=\"og:locale\" content=\"fr_FR\" \/>\n<meta property=\"og:type\" content=\"article\" \/>\n<meta property=\"og:title\" content=\"FoamLink 1103 H+ Ruban adh\u00e9sif en mousse PE | Cardinal TAPES\" \/>\n<meta property=\"og:description\" content=\"Gr\u00e2ce \u00e0 la capacit\u00e9 d&#039;adaptation de la mousse de poly\u00e9thyl\u00e8ne, il convient parfaitement au collage de surfaces in\u00e9gales et l\u00e9g\u00e8rement rugueuses.\" \/>\n<meta property=\"og:url\" content=\"https:\/\/cardinal-tapes.com\/fr\/rubans-adh\u00e9sifs\/bande-de-mousse-pe\/foamlink-1103-rx-pe-bande-adhesive-en-mousse\/\" \/>\n<meta property=\"og:site_name\" content=\"cardinal TAPES\" \/>\n<meta property=\"og:image\" content=\"https:\/\/cardinal-tapes.com\/wp-content\/uploads\/Biolink-9-3839-FoamLINK1127RXws-breit.jpg\" \/>\n\t<meta property=\"og:image:width\" content=\"1854\" \/>\n\t<meta property=\"og:image:height\" content=\"2126\" \/>\n\t<meta property=\"og:image:type\" content=\"image\/jpeg\" \/>\n<meta name=\"twitter:card\" content=\"summary_large_image\" \/>\n<script type=\"application\/ld+json\" class=\"yoast-schema-graph\">{\"@context\":\"https:\\\/\\\/schema.org\",\"@graph\":[{\"@type\":\"WebPage\",\"@id\":\"https:\\\/\\\/cardinal-tapes.com\\\/fr\\\/rubans-adh\u00e9sifs\\\/bande-de-mousse-pe\\\/foamlink-1103-rx-pe-bande-adhesive-en-mousse\\\/\",\"url\":\"https:\\\/\\\/cardinal-tapes.com\\\/fr\\\/rubans-adh\u00e9sifs\\\/bande-de-mousse-pe\\\/foamlink-1103-rx-pe-bande-adhesive-en-mousse\\\/\",\"name\":\"FoamLink 1103 H+ Ruban adh\u00e9sif en mousse PE | Cardinal TAPES\",\"isPartOf\":{\"@id\":\"https:\\\/\\\/cardinal-tapes.com\\\/#website\"},\"primaryImageOfPage\":{\"@id\":\"https:\\\/\\\/cardinal-tapes.com\\\/fr\\\/rubans-adh\u00e9sifs\\\/bande-de-mousse-pe\\\/foamlink-1103-rx-pe-bande-adhesive-en-mousse\\\/#primaryimage\"},\"image\":{\"@id\":\"https:\\\/\\\/cardinal-tapes.com\\\/fr\\\/rubans-adh\u00e9sifs\\\/bande-de-mousse-pe\\\/foamlink-1103-rx-pe-bande-adhesive-en-mousse\\\/#primaryimage\"},\"thumbnailUrl\":\"https:\\\/\\\/cardinal-tapes.com\\\/wp-content\\\/uploads\\\/Biolink-9-3839-FoamLINK1127RXws-breit.jpg\",\"datePublished\":\"2023-06-05T15:08:15+00:00\",\"description\":\"Gr\u00e2ce \u00e0 la capacit\u00e9 d'adaptation de la mousse de poly\u00e9thyl\u00e8ne, il convient parfaitement au collage de surfaces in\u00e9gales et l\u00e9g\u00e8rement rugueuses.\",\"breadcrumb\":{\"@id\":\"https:\\\/\\\/cardinal-tapes.com\\\/fr\\\/rubans-adh\u00e9sifs\\\/bande-de-mousse-pe\\\/foamlink-1103-rx-pe-bande-adhesive-en-mousse\\\/#breadcrumb\"},\"inLanguage\":\"fr-FR\",\"potentialAction\":[{\"@type\":\"ReadAction\",\"target\":[\"https:\\\/\\\/cardinal-tapes.com\\\/fr\\\/rubans-adh\u00e9sifs\\\/bande-de-mousse-pe\\\/foamlink-1103-rx-pe-bande-adhesive-en-mousse\\\/\"]}]},{\"@type\":\"ImageObject\",\"inLanguage\":\"fr-FR\",\"@id\":\"https:\\\/\\\/cardinal-tapes.com\\\/fr\\\/rubans-adh\u00e9sifs\\\/bande-de-mousse-pe\\\/foamlink-1103-rx-pe-bande-adhesive-en-mousse\\\/#primaryimage\",\"url\":\"https:\\\/\\\/cardinal-tapes.com\\\/wp-content\\\/uploads\\\/Biolink-9-3839-FoamLINK1127RXws-breit.jpg\",\"contentUrl\":\"https:\\\/\\\/cardinal-tapes.com\\\/wp-content\\\/uploads\\\/Biolink-9-3839-FoamLINK1127RXws-breit.jpg\",\"width\":1854,\"height\":2126,\"caption\":\"Biolink FoamLINK1127RXws large\"},{\"@type\":\"BreadcrumbList\",\"@id\":\"https:\\\/\\\/cardinal-tapes.com\\\/fr\\\/rubans-adh\u00e9sifs\\\/bande-de-mousse-pe\\\/foamlink-1103-rx-pe-bande-adhesive-en-mousse\\\/#breadcrumb\",\"itemListElement\":[{\"@type\":\"ListItem\",\"position\":1,\"name\":\"Startseite\",\"item\":\"https:\\\/\\\/cardinal-tapes.com\\\/fr\\\/accueil\\\/\"},{\"@type\":\"ListItem\",\"position\":2,\"name\":\"Rubans adh\u00e9sifs\",\"item\":\"https:\\\/\\\/cardinal-tapes.com\\\/fr\\\/rubans-adhesifs-fr\\\/\"},{\"@type\":\"ListItem\",\"position\":3,\"name\":\"Bande de mousse PE\",\"item\":\"https:\\\/\\\/cardinal-tapes.com\\\/fr\\\/catgorie\\\/bande-de-mousse-pe-fr\\\/\"},{\"@type\":\"ListItem\",\"position\":4,\"name\":\"FoamLink 1103 H+ Adh\u00e9sif en mousse de PE\"}]},{\"@type\":\"WebSite\",\"@id\":\"https:\\\/\\\/cardinal-tapes.com\\\/#website\",\"url\":\"https:\\\/\\\/cardinal-tapes.com\\\/\",\"name\":\"cardinal TAPES\",\"description\":\"Klebetechnik aus Wuppertal\",\"potentialAction\":[{\"@type\":\"SearchAction\",\"target\":{\"@type\":\"EntryPoint\",\"urlTemplate\":\"https:\\\/\\\/cardinal-tapes.com\\\/?s={search_term_string}\"},\"query-input\":{\"@type\":\"PropertyValueSpecification\",\"valueRequired\":true,\"valueName\":\"search_term_string\"}}],\"inLanguage\":\"fr-FR\"}]}<\/script>\n<!-- \/ Yoast SEO plugin. -->","yoast_head_json":{"title":"FoamLink 1103 H+ Ruban adh\u00e9sif en mousse PE | Cardinal TAPES","description":"Gr\u00e2ce \u00e0 la capacit\u00e9 d'adaptation de la mousse de poly\u00e9thyl\u00e8ne, il convient parfaitement au collage de surfaces in\u00e9gales et l\u00e9g\u00e8rement rugueuses.","robots":{"index":"index","follow":"follow","max-snippet":"max-snippet:-1","max-image-preview":"max-image-preview:large","max-video-preview":"max-video-preview:-1"},"canonical":"https:\/\/cardinal-tapes.com\/fr\/rubans-adh\u00e9sifs\/bande-de-mousse-pe\/foamlink-1103-rx-pe-bande-adhesive-en-mousse\/","og_locale":"fr_FR","og_type":"article","og_title":"FoamLink 1103 H+ Ruban adh\u00e9sif en mousse PE | Cardinal TAPES","og_description":"Gr\u00e2ce \u00e0 la capacit\u00e9 d'adaptation de la mousse de poly\u00e9thyl\u00e8ne, il convient parfaitement au collage de surfaces in\u00e9gales et l\u00e9g\u00e8rement rugueuses.","og_url":"https:\/\/cardinal-tapes.com\/fr\/rubans-adh\u00e9sifs\/bande-de-mousse-pe\/foamlink-1103-rx-pe-bande-adhesive-en-mousse\/","og_site_name":"cardinal TAPES","og_image":[{"width":1854,"height":2126,"url":"https:\/\/cardinal-tapes.com\/wp-content\/uploads\/Biolink-9-3839-FoamLINK1127RXws-breit.jpg","type":"image\/jpeg"}],"twitter_card":"summary_large_image","schema":{"@context":"https:\/\/schema.org","@graph":[{"@type":"WebPage","@id":"https:\/\/cardinal-tapes.com\/fr\/rubans-adh\u00e9sifs\/bande-de-mousse-pe\/foamlink-1103-rx-pe-bande-adhesive-en-mousse\/","url":"https:\/\/cardinal-tapes.com\/fr\/rubans-adh\u00e9sifs\/bande-de-mousse-pe\/foamlink-1103-rx-pe-bande-adhesive-en-mousse\/","name":"FoamLink 1103 H+ Ruban adh\u00e9sif en mousse PE | Cardinal TAPES","isPartOf":{"@id":"https:\/\/cardinal-tapes.com\/#website"},"primaryImageOfPage":{"@id":"https:\/\/cardinal-tapes.com\/fr\/rubans-adh\u00e9sifs\/bande-de-mousse-pe\/foamlink-1103-rx-pe-bande-adhesive-en-mousse\/#primaryimage"},"image":{"@id":"https:\/\/cardinal-tapes.com\/fr\/rubans-adh\u00e9sifs\/bande-de-mousse-pe\/foamlink-1103-rx-pe-bande-adhesive-en-mousse\/#primaryimage"},"thumbnailUrl":"https:\/\/cardinal-tapes.com\/wp-content\/uploads\/Biolink-9-3839-FoamLINK1127RXws-breit.jpg","datePublished":"2023-06-05T15:08:15+00:00","description":"Gr\u00e2ce \u00e0 la capacit\u00e9 d'adaptation de la mousse de poly\u00e9thyl\u00e8ne, il convient parfaitement au collage de surfaces in\u00e9gales et l\u00e9g\u00e8rement rugueuses.","breadcrumb":{"@id":"https:\/\/cardinal-tapes.com\/fr\/rubans-adh\u00e9sifs\/bande-de-mousse-pe\/foamlink-1103-rx-pe-bande-adhesive-en-mousse\/#breadcrumb"},"inLanguage":"fr-FR","potentialAction":[{"@type":"ReadAction","target":["https:\/\/cardinal-tapes.com\/fr\/rubans-adh\u00e9sifs\/bande-de-mousse-pe\/foamlink-1103-rx-pe-bande-adhesive-en-mousse\/"]}]},{"@type":"ImageObject","inLanguage":"fr-FR","@id":"https:\/\/cardinal-tapes.com\/fr\/rubans-adh\u00e9sifs\/bande-de-mousse-pe\/foamlink-1103-rx-pe-bande-adhesive-en-mousse\/#primaryimage","url":"https:\/\/cardinal-tapes.com\/wp-content\/uploads\/Biolink-9-3839-FoamLINK1127RXws-breit.jpg","contentUrl":"https:\/\/cardinal-tapes.com\/wp-content\/uploads\/Biolink-9-3839-FoamLINK1127RXws-breit.jpg","width":1854,"height":2126,"caption":"Biolink FoamLINK1127RXws large"},{"@type":"BreadcrumbList","@id":"https:\/\/cardinal-tapes.com\/fr\/rubans-adh\u00e9sifs\/bande-de-mousse-pe\/foamlink-1103-rx-pe-bande-adhesive-en-mousse\/#breadcrumb","itemListElement":[{"@type":"ListItem","position":1,"name":"Startseite","item":"https:\/\/cardinal-tapes.com\/fr\/accueil\/"},{"@type":"ListItem","position":2,"name":"Rubans adh\u00e9sifs","item":"https:\/\/cardinal-tapes.com\/fr\/rubans-adhesifs-fr\/"},{"@type":"ListItem","position":3,"name":"Bande de mousse PE","item":"https:\/\/cardinal-tapes.com\/fr\/catgorie\/bande-de-mousse-pe-fr\/"},{"@type":"ListItem","position":4,"name":"FoamLink 1103 H+ Adh\u00e9sif en mousse de PE"}]},{"@type":"WebSite","@id":"https:\/\/cardinal-tapes.com\/#website","url":"https:\/\/cardinal-tapes.com\/","name":"cardinal TAPES","description":"Klebetechnik aus Wuppertal","potentialAction":[{"@type":"SearchAction","target":{"@type":"EntryPoint","urlTemplate":"https:\/\/cardinal-tapes.com\/?s={search_term_string}"},"query-input":{"@type":"PropertyValueSpecification","valueRequired":true,"valueName":"search_term_string"}}],"inLanguage":"fr-FR"}]}},"brands":[{"id":2270,"name":"Saint-Gobain Biolink","slug":"biolink-fr"},{"id":2330,"name":"Saint-Gobain Performance Plastics","slug":"saint-gobain-fr"}],"_links":{"self":[{"href":"https:\/\/cardinal-tapes.com\/fr\/wp-json\/wp\/v2\/product\/50317","targetHints":{"allow":["GET"]}}],"collection":[{"href":"https:\/\/cardinal-tapes.com\/fr\/wp-json\/wp\/v2\/product"}],"about":[{"href":"https:\/\/cardinal-tapes.com\/fr\/wp-json\/wp\/v2\/types\/product"}],"wp:featuredmedia":[{"embeddable":true,"href":"https:\/\/cardinal-tapes.com\/fr\/wp-json\/wp\/v2\/media\/27628"}],"wp:attachment":[{"href":"https:\/\/cardinal-tapes.com\/fr\/wp-json\/wp\/v2\/media?parent=50317"}],"wp:term":[{"taxonomy":"pwb-brand","embeddable":true,"href":"https:\/\/cardinal-tapes.com\/fr\/wp-json\/wp\/v2\/pwb-brand?post=50317"},{"taxonomy":"product_brand","embeddable":true,"href":"https:\/\/cardinal-tapes.com\/fr\/wp-json\/wp\/v2\/product_brand?post=50317"},{"taxonomy":"product_cat","embeddable":true,"href":"https:\/\/cardinal-tapes.com\/fr\/wp-json\/wp\/v2\/product_cat?post=50317"},{"taxonomy":"product_tag","embeddable":true,"href":"https:\/\/cardinal-tapes.com\/fr\/wp-json\/wp\/v2\/product_tag?post=50317"}],"curies":[{"name":"wp","href":"https:\/\/api.w.org\/{rel}","templated":true}]}}