{"id":50303,"date":"2020-09-14T08:59:16","date_gmt":"2020-09-14T06:59:16","guid":{"rendered":"https:\/\/cardinal.pixel-tal.de\/klebebaender\/non%20class\u00e9\/tesafix-4959-ruban-adhesif-double-face-en-non-tisse\/"},"modified":"2025-07-02T13:07:56","modified_gmt":"2025-07-02T11:07:56","slug":"tesafix-4959-ruban-non-tisse-double-face","status":"publish","type":"product","link":"https:\/\/cardinal-tapes.com\/fr\/rubans-adh\u00e9sifs\/domaines-dapplication\/industrie-electrique\/tesafix-4959-ruban-non-tisse-double-face\/","title":{"rendered":"tesafix\u00ae 4959 Ruban adh\u00e9sif double face en non-tiss\u00e9"},"content":{"rendered":"<p><sup>tesafix\u00ae<\/sup> 4959 est un ruban adh\u00e9sif double face en non-tiss\u00e9. Il est recouvert d&#8217;un adh\u00e9sif acrylique modifi\u00e9 r\u00e9sistant \u00e0 la lumi\u00e8re et au vieillissement. La colle est en grande partie r\u00e9sistante aux plastifiants et se caract\u00e9rise par un pouvoir adh\u00e9sif initial tr\u00e8s \u00e9lev\u00e9 et une bonne r\u00e9sistance au cisaillement.<\/p>\n<p><strong>Caract\u00e9ristiques<\/strong><br \/>\n&#8211; <strong>R\u00e9sistance \u00e0 la temp\u00e9rature <\/strong><br \/>\n&#8211; <strong>R\u00e9sistance <\/strong>aux rayons UV<\/p>\n<p><strong>Applications<\/strong><br \/>\n&#8211; Collage d&#8217;<strong>enseignes <\/strong>, de bandeaux et de cadrans<br \/>\n&#8211; <strong>Collage de film de porte <\/strong>dans le secteur automobile<br \/>\n&#8211; <strong>Pour l&#8217;<\/strong>\u00e9quipement autocollant de sachets en plastique, de pochettes d&#8217;exp\u00e9dition, de formulaires en continu, d&#8217;affiches, de pr\u00e9sentoirs, etc.<br \/>\n&#8211; <strong>Pour le <\/strong>collage en continu de bandes de papier et de film<\/p>\n","protected":false},"excerpt":{"rendered":"<p>tesafix\u00ae 4959 est un ruban adh\u00e9sif double face en non-tiss\u00e9. Il est recouvert d&#8217;un adh\u00e9sif acrylique modifi\u00e9 r\u00e9sistant \u00e0 la lumi\u00e8re et au vieillissement. La colle est en grande partie r\u00e9sistante aux plastifiants et se caract\u00e9rise par un pouvoir adh\u00e9sif initial tr\u00e8s \u00e9lev\u00e9 et une bonne r\u00e9sistance au cisaillement. Caract\u00e9ristiques &#8211; R\u00e9sistance \u00e0 la temp\u00e9rature [&hellip;]<\/p>\n","protected":false},"featured_media":28308,"template":"","meta":{"_acf_changed":false},"pwb-brand":[2165],"product_brand":[],"product_cat":[1673,1833,1834],"product_tag":[],"class_list":{"0":"post-50303","1":"product","2":"type-product","3":"status-publish","4":"has-post-thumbnail","6":"pwb-brand-tesa-fr","7":"product_cat-industrie-electrique","8":"product_cat-ruban-adhesif-non-tisse","9":"product_cat-rubans-adhesifs-double-face","11":"first","12":"instock","13":"featured","14":"taxable","15":"shipping-taxable","16":"purchasable","17":"product-type-variable"},"acf":[],"yoast_head":"<!-- This site is optimized with the Yoast SEO plugin v27.3 - https:\/\/yoast.com\/product\/yoast-seo-wordpress\/ -->\n<title>tesafix\u00ae 4959 Ruban adh\u00e9sif double face en non-tiss\u00e9 | Cardinal TAPES<\/title>\n<meta name=\"description\" content=\"tesafix\u00ae 4959 est un ruban adh\u00e9sif double face en non-tiss\u00e9. Il est recouvert d&#039;un adh\u00e9sif acrylique modifi\u00e9 r\u00e9sistant \u00e0 la lumi\u00e8re et au vieillissement.\" \/>\n<meta name=\"robots\" content=\"index, follow, max-snippet:-1, max-image-preview:large, max-video-preview:-1\" \/>\n<link rel=\"canonical\" href=\"https:\/\/cardinal-tapes.com\/fr\/rubans-adh\u00e9sifs\/domaines-dapplication\/industrie-electrique\/tesafix-4959-ruban-non-tisse-double-face\/\" \/>\n<meta property=\"og:locale\" content=\"fr_FR\" \/>\n<meta property=\"og:type\" content=\"article\" \/>\n<meta property=\"og:title\" content=\"tesafix\u00ae 4959 Ruban adh\u00e9sif double face en non-tiss\u00e9 | Cardinal TAPES\" \/>\n<meta property=\"og:description\" content=\"tesafix\u00ae 4959 est un ruban adh\u00e9sif double face en non-tiss\u00e9. Il est recouvert d&#039;un adh\u00e9sif acrylique modifi\u00e9 r\u00e9sistant \u00e0 la lumi\u00e8re et au vieillissement.\" \/>\n<meta property=\"og:url\" content=\"https:\/\/cardinal-tapes.com\/fr\/rubans-adh\u00e9sifs\/domaines-dapplication\/industrie-electrique\/tesafix-4959-ruban-non-tisse-double-face\/\" \/>\n<meta property=\"og:site_name\" content=\"cardinal TAPES\" \/>\n<meta property=\"article:modified_time\" content=\"2025-07-02T11:07:56+00:00\" \/>\n<meta property=\"og:image\" content=\"https:\/\/cardinal-tapes.com\/wp-content\/uploads\/tesa-4964-double-sided-tape-with-fabric-backing-white-049640007900-pr2032184_canvas1x1_5.jpg\" \/>\n\t<meta property=\"og:image:width\" content=\"501\" \/>\n\t<meta property=\"og:image:height\" content=\"501\" \/>\n\t<meta property=\"og:image:type\" content=\"image\/jpeg\" \/>\n<meta name=\"twitter:card\" content=\"summary_large_image\" \/>\n<meta name=\"twitter:label1\" content=\"Dur\u00e9e de lecture estim\u00e9e\" \/>\n\t<meta name=\"twitter:data1\" content=\"1 minute\" \/>\n<script type=\"application\/ld+json\" class=\"yoast-schema-graph\">{\"@context\":\"https:\\\/\\\/schema.org\",\"@graph\":[{\"@type\":\"WebPage\",\"@id\":\"https:\\\/\\\/cardinal-tapes.com\\\/fr\\\/rubans-adh\u00e9sifs\\\/domaines-dapplication\\\/industrie-electrique\\\/tesafix-4959-ruban-non-tisse-double-face\\\/\",\"url\":\"https:\\\/\\\/cardinal-tapes.com\\\/fr\\\/rubans-adh\u00e9sifs\\\/domaines-dapplication\\\/industrie-electrique\\\/tesafix-4959-ruban-non-tisse-double-face\\\/\",\"name\":\"tesafix\u00ae 4959 Ruban adh\u00e9sif double face en non-tiss\u00e9 | Cardinal TAPES\",\"isPartOf\":{\"@id\":\"https:\\\/\\\/cardinal-tapes.com\\\/#website\"},\"primaryImageOfPage\":{\"@id\":\"https:\\\/\\\/cardinal-tapes.com\\\/fr\\\/rubans-adh\u00e9sifs\\\/domaines-dapplication\\\/industrie-electrique\\\/tesafix-4959-ruban-non-tisse-double-face\\\/#primaryimage\"},\"image\":{\"@id\":\"https:\\\/\\\/cardinal-tapes.com\\\/fr\\\/rubans-adh\u00e9sifs\\\/domaines-dapplication\\\/industrie-electrique\\\/tesafix-4959-ruban-non-tisse-double-face\\\/#primaryimage\"},\"thumbnailUrl\":\"https:\\\/\\\/cardinal-tapes.com\\\/wp-content\\\/uploads\\\/tesa-4964-double-sided-tape-with-fabric-backing-white-049640007900-pr2032184_canvas1x1_5.jpg\",\"datePublished\":\"2020-09-14T06:59:16+00:00\",\"dateModified\":\"2025-07-02T11:07:56+00:00\",\"description\":\"tesafix\u00ae 4959 est un ruban adh\u00e9sif double face en non-tiss\u00e9. Il est recouvert d'un adh\u00e9sif acrylique modifi\u00e9 r\u00e9sistant \u00e0 la lumi\u00e8re et au vieillissement.\",\"breadcrumb\":{\"@id\":\"https:\\\/\\\/cardinal-tapes.com\\\/fr\\\/rubans-adh\u00e9sifs\\\/domaines-dapplication\\\/industrie-electrique\\\/tesafix-4959-ruban-non-tisse-double-face\\\/#breadcrumb\"},\"inLanguage\":\"fr-FR\",\"potentialAction\":[{\"@type\":\"ReadAction\",\"target\":[\"https:\\\/\\\/cardinal-tapes.com\\\/fr\\\/rubans-adh\u00e9sifs\\\/domaines-dapplication\\\/industrie-electrique\\\/tesafix-4959-ruban-non-tisse-double-face\\\/\"]}]},{\"@type\":\"ImageObject\",\"inLanguage\":\"fr-FR\",\"@id\":\"https:\\\/\\\/cardinal-tapes.com\\\/fr\\\/rubans-adh\u00e9sifs\\\/domaines-dapplication\\\/industrie-electrique\\\/tesafix-4959-ruban-non-tisse-double-face\\\/#primaryimage\",\"url\":\"https:\\\/\\\/cardinal-tapes.com\\\/wp-content\\\/uploads\\\/tesa-4964-double-sided-tape-with-fabric-backing-white-049640007900-pr2032184_canvas1x1_5.jpg\",\"contentUrl\":\"https:\\\/\\\/cardinal-tapes.com\\\/wp-content\\\/uploads\\\/tesa-4964-double-sided-tape-with-fabric-backing-white-049640007900-pr2032184_canvas1x1_5.jpg\",\"width\":501,\"height\":501},{\"@type\":\"BreadcrumbList\",\"@id\":\"https:\\\/\\\/cardinal-tapes.com\\\/fr\\\/rubans-adh\u00e9sifs\\\/domaines-dapplication\\\/industrie-electrique\\\/tesafix-4959-ruban-non-tisse-double-face\\\/#breadcrumb\",\"itemListElement\":[{\"@type\":\"ListItem\",\"position\":1,\"name\":\"Startseite\",\"item\":\"https:\\\/\\\/cardinal-tapes.com\\\/fr\\\/accueil\\\/\"},{\"@type\":\"ListItem\",\"position\":2,\"name\":\"Rubans adh\u00e9sifs\",\"item\":\"https:\\\/\\\/cardinal-tapes.com\\\/fr\\\/rubans-adhesifs-fr\\\/\"},{\"@type\":\"ListItem\",\"position\":3,\"name\":\"Doppelseitige Klebeb\u00e4nder\",\"item\":\"https:\\\/\\\/cardinal-tapes.com\\\/kategorie\\\/doppelseitige-klebebaender\\\/\"},{\"@type\":\"ListItem\",\"position\":4,\"name\":\"tesafix\u00ae 4959 Ruban adh\u00e9sif double face en non-tiss\u00e9\"}]},{\"@type\":\"WebSite\",\"@id\":\"https:\\\/\\\/cardinal-tapes.com\\\/#website\",\"url\":\"https:\\\/\\\/cardinal-tapes.com\\\/\",\"name\":\"cardinal TAPES\",\"description\":\"Klebetechnik aus Wuppertal\",\"potentialAction\":[{\"@type\":\"SearchAction\",\"target\":{\"@type\":\"EntryPoint\",\"urlTemplate\":\"https:\\\/\\\/cardinal-tapes.com\\\/?s={search_term_string}\"},\"query-input\":{\"@type\":\"PropertyValueSpecification\",\"valueRequired\":true,\"valueName\":\"search_term_string\"}}],\"inLanguage\":\"fr-FR\"}]}<\/script>\n<!-- \/ Yoast SEO plugin. -->","yoast_head_json":{"title":"tesafix\u00ae 4959 Ruban adh\u00e9sif double face en non-tiss\u00e9 | Cardinal TAPES","description":"tesafix\u00ae 4959 est un ruban adh\u00e9sif double face en non-tiss\u00e9. Il est recouvert d'un adh\u00e9sif acrylique modifi\u00e9 r\u00e9sistant \u00e0 la lumi\u00e8re et au vieillissement.","robots":{"index":"index","follow":"follow","max-snippet":"max-snippet:-1","max-image-preview":"max-image-preview:large","max-video-preview":"max-video-preview:-1"},"canonical":"https:\/\/cardinal-tapes.com\/fr\/rubans-adh\u00e9sifs\/domaines-dapplication\/industrie-electrique\/tesafix-4959-ruban-non-tisse-double-face\/","og_locale":"fr_FR","og_type":"article","og_title":"tesafix\u00ae 4959 Ruban adh\u00e9sif double face en non-tiss\u00e9 | Cardinal TAPES","og_description":"tesafix\u00ae 4959 est un ruban adh\u00e9sif double face en non-tiss\u00e9. Il est recouvert d'un adh\u00e9sif acrylique modifi\u00e9 r\u00e9sistant \u00e0 la lumi\u00e8re et au vieillissement.","og_url":"https:\/\/cardinal-tapes.com\/fr\/rubans-adh\u00e9sifs\/domaines-dapplication\/industrie-electrique\/tesafix-4959-ruban-non-tisse-double-face\/","og_site_name":"cardinal TAPES","article_modified_time":"2025-07-02T11:07:56+00:00","og_image":[{"width":501,"height":501,"url":"https:\/\/cardinal-tapes.com\/wp-content\/uploads\/tesa-4964-double-sided-tape-with-fabric-backing-white-049640007900-pr2032184_canvas1x1_5.jpg","type":"image\/jpeg"}],"twitter_card":"summary_large_image","twitter_misc":{"Dur\u00e9e de lecture estim\u00e9e":"1 minute"},"schema":{"@context":"https:\/\/schema.org","@graph":[{"@type":"WebPage","@id":"https:\/\/cardinal-tapes.com\/fr\/rubans-adh\u00e9sifs\/domaines-dapplication\/industrie-electrique\/tesafix-4959-ruban-non-tisse-double-face\/","url":"https:\/\/cardinal-tapes.com\/fr\/rubans-adh\u00e9sifs\/domaines-dapplication\/industrie-electrique\/tesafix-4959-ruban-non-tisse-double-face\/","name":"tesafix\u00ae 4959 Ruban adh\u00e9sif double face en non-tiss\u00e9 | Cardinal TAPES","isPartOf":{"@id":"https:\/\/cardinal-tapes.com\/#website"},"primaryImageOfPage":{"@id":"https:\/\/cardinal-tapes.com\/fr\/rubans-adh\u00e9sifs\/domaines-dapplication\/industrie-electrique\/tesafix-4959-ruban-non-tisse-double-face\/#primaryimage"},"image":{"@id":"https:\/\/cardinal-tapes.com\/fr\/rubans-adh\u00e9sifs\/domaines-dapplication\/industrie-electrique\/tesafix-4959-ruban-non-tisse-double-face\/#primaryimage"},"thumbnailUrl":"https:\/\/cardinal-tapes.com\/wp-content\/uploads\/tesa-4964-double-sided-tape-with-fabric-backing-white-049640007900-pr2032184_canvas1x1_5.jpg","datePublished":"2020-09-14T06:59:16+00:00","dateModified":"2025-07-02T11:07:56+00:00","description":"tesafix\u00ae 4959 est un ruban adh\u00e9sif double face en non-tiss\u00e9. Il est recouvert d'un adh\u00e9sif acrylique modifi\u00e9 r\u00e9sistant \u00e0 la lumi\u00e8re et au vieillissement.","breadcrumb":{"@id":"https:\/\/cardinal-tapes.com\/fr\/rubans-adh\u00e9sifs\/domaines-dapplication\/industrie-electrique\/tesafix-4959-ruban-non-tisse-double-face\/#breadcrumb"},"inLanguage":"fr-FR","potentialAction":[{"@type":"ReadAction","target":["https:\/\/cardinal-tapes.com\/fr\/rubans-adh\u00e9sifs\/domaines-dapplication\/industrie-electrique\/tesafix-4959-ruban-non-tisse-double-face\/"]}]},{"@type":"ImageObject","inLanguage":"fr-FR","@id":"https:\/\/cardinal-tapes.com\/fr\/rubans-adh\u00e9sifs\/domaines-dapplication\/industrie-electrique\/tesafix-4959-ruban-non-tisse-double-face\/#primaryimage","url":"https:\/\/cardinal-tapes.com\/wp-content\/uploads\/tesa-4964-double-sided-tape-with-fabric-backing-white-049640007900-pr2032184_canvas1x1_5.jpg","contentUrl":"https:\/\/cardinal-tapes.com\/wp-content\/uploads\/tesa-4964-double-sided-tape-with-fabric-backing-white-049640007900-pr2032184_canvas1x1_5.jpg","width":501,"height":501},{"@type":"BreadcrumbList","@id":"https:\/\/cardinal-tapes.com\/fr\/rubans-adh\u00e9sifs\/domaines-dapplication\/industrie-electrique\/tesafix-4959-ruban-non-tisse-double-face\/#breadcrumb","itemListElement":[{"@type":"ListItem","position":1,"name":"Startseite","item":"https:\/\/cardinal-tapes.com\/fr\/accueil\/"},{"@type":"ListItem","position":2,"name":"Rubans adh\u00e9sifs","item":"https:\/\/cardinal-tapes.com\/fr\/rubans-adhesifs-fr\/"},{"@type":"ListItem","position":3,"name":"Doppelseitige Klebeb\u00e4nder","item":"https:\/\/cardinal-tapes.com\/kategorie\/doppelseitige-klebebaender\/"},{"@type":"ListItem","position":4,"name":"tesafix\u00ae 4959 Ruban adh\u00e9sif double face en non-tiss\u00e9"}]},{"@type":"WebSite","@id":"https:\/\/cardinal-tapes.com\/#website","url":"https:\/\/cardinal-tapes.com\/","name":"cardinal TAPES","description":"Klebetechnik aus Wuppertal","potentialAction":[{"@type":"SearchAction","target":{"@type":"EntryPoint","urlTemplate":"https:\/\/cardinal-tapes.com\/?s={search_term_string}"},"query-input":{"@type":"PropertyValueSpecification","valueRequired":true,"valueName":"search_term_string"}}],"inLanguage":"fr-FR"}]}},"brands":[{"id":2165,"name":"tesa","slug":"tesa-fr"}],"_links":{"self":[{"href":"https:\/\/cardinal-tapes.com\/fr\/wp-json\/wp\/v2\/product\/50303","targetHints":{"allow":["GET"]}}],"collection":[{"href":"https:\/\/cardinal-tapes.com\/fr\/wp-json\/wp\/v2\/product"}],"about":[{"href":"https:\/\/cardinal-tapes.com\/fr\/wp-json\/wp\/v2\/types\/product"}],"wp:featuredmedia":[{"embeddable":true,"href":"https:\/\/cardinal-tapes.com\/fr\/wp-json\/wp\/v2\/media\/28308"}],"wp:attachment":[{"href":"https:\/\/cardinal-tapes.com\/fr\/wp-json\/wp\/v2\/media?parent=50303"}],"wp:term":[{"taxonomy":"pwb-brand","embeddable":true,"href":"https:\/\/cardinal-tapes.com\/fr\/wp-json\/wp\/v2\/pwb-brand?post=50303"},{"taxonomy":"product_brand","embeddable":true,"href":"https:\/\/cardinal-tapes.com\/fr\/wp-json\/wp\/v2\/product_brand?post=50303"},{"taxonomy":"product_cat","embeddable":true,"href":"https:\/\/cardinal-tapes.com\/fr\/wp-json\/wp\/v2\/product_cat?post=50303"},{"taxonomy":"product_tag","embeddable":true,"href":"https:\/\/cardinal-tapes.com\/fr\/wp-json\/wp\/v2\/product_tag?post=50303"}],"curies":[{"name":"wp","href":"https:\/\/api.w.org\/{rel}","templated":true}]}}