{"id":50297,"date":"2020-09-14T08:17:17","date_gmt":"2020-09-14T06:17:17","guid":{"rendered":"https:\/\/cardinal.pixel-tal.de\/klebebaender\/non class\u00e9\/tesafix-4964-ruban-adhesif-double-face-avec-support-en-tissu\/"},"modified":"2023-06-05T17:08:14","modified_gmt":"2023-06-05T15:08:14","slug":"tesafix-4964-adhesif-double-face","status":"publish","type":"product","link":"https:\/\/cardinal-tapes.com\/fr\/rubans-adh\u00e9sifs\/domaines-dapplication\/industrie-electrique\/tesafix-4964-adhesif-double-face\/","title":{"rendered":"tesafix\u00ae 4964 Ruban adh\u00e9sif double face avec support en tissu"},"content":{"rendered":"<p><sup>tesafix\u00ae<\/sup> 4964 se compose d&#8217;un support en tissu flexible et r\u00e9sistant \u00e0 la d\u00e9chirure, enduit des deux c\u00f4t\u00e9s d&#8217;une masse adh\u00e9sive en caoutchouc. Gr\u00e2ce \u00e0 son coussin de masse tr\u00e8s \u00e9lev\u00e9, le produit est sp\u00e9cialement adapt\u00e9 aux collages sur des supports rugueux ainsi que sur des surfaces non polaires (PP, PE). <sup>tesafix\u00ae<\/sup> 4964 se retire facilement de toutes les surfaces propres et r\u00e9sistantes aux fentes.<\/p>\n<p><strong>Caract\u00e9ristiques<\/strong><br \/>\n&#8211; R\u00e9sistance limit\u00e9e au vieillissement et \u00e0 la temp\u00e9rature<\/p>\n<p><strong>Applications<br \/>\n<\/strong><strong>&#8211; <\/strong>Collage en continu de bandes de tissu.<br \/>\n&#8211; Pose de moquette.<br \/>\n&#8211; <strong>Cacher <\/strong>les semelles orthop\u00e9diques et les talonnettes.<\/p>\n","protected":false},"excerpt":{"rendered":"<p>tesafix\u00ae 4964 se compose d&#8217;un support en tissu flexible et r\u00e9sistant \u00e0 la d\u00e9chirure, enduit des deux c\u00f4t\u00e9s d&#8217;une masse adh\u00e9sive en caoutchouc. Gr\u00e2ce \u00e0 son coussin de masse tr\u00e8s \u00e9lev\u00e9, le produit est sp\u00e9cialement adapt\u00e9 aux collages sur des supports rugueux ainsi que sur des surfaces non polaires (PP, PE). tesafix\u00ae 4964 se retire [&hellip;]<\/p>\n","protected":false},"featured_media":28308,"template":"","meta":{"_acf_changed":false},"pwb-brand":[2165],"product_brand":[],"product_cat":[1673,1834],"product_tag":[],"class_list":{"0":"post-50297","1":"product","2":"type-product","3":"status-publish","4":"has-post-thumbnail","6":"pwb-brand-tesa-fr","7":"product_cat-industrie-electrique","8":"product_cat-rubans-adhesifs-double-face","10":"first","11":"instock","12":"taxable","13":"shipping-taxable","14":"purchasable","15":"product-type-variable"},"acf":[],"yoast_head":"<!-- This site is optimized with the Yoast SEO plugin v27.3 - https:\/\/yoast.com\/product\/yoast-seo-wordpress\/ -->\n<title>tesafix\u00ae 4964 Ruban adh\u00e9sif double face | Cardinal TAPES<\/title>\n<meta name=\"description\" content=\"tesafix\u00ae 4964 se compose d&#039;un support en tissu flexible et r\u00e9sistant \u00e0 la d\u00e9chirure, enduit des deux c\u00f4t\u00e9s d&#039;une masse adh\u00e9sive en caoutchouc.\" \/>\n<meta name=\"robots\" content=\"index, follow, max-snippet:-1, max-image-preview:large, max-video-preview:-1\" \/>\n<link rel=\"canonical\" href=\"https:\/\/cardinal-tapes.com\/fr\/rubans-adh\u00e9sifs\/domaines-dapplication\/industrie-electrique\/tesafix-4964-adhesif-double-face\/\" \/>\n<meta property=\"og:locale\" content=\"fr_FR\" \/>\n<meta property=\"og:type\" content=\"article\" \/>\n<meta property=\"og:title\" content=\"tesafix\u00ae 4964 Ruban adh\u00e9sif double face | Cardinal TAPES\" \/>\n<meta property=\"og:description\" content=\"tesafix\u00ae 4964 se compose d&#039;un support en tissu flexible et r\u00e9sistant \u00e0 la d\u00e9chirure, enduit des deux c\u00f4t\u00e9s d&#039;une masse adh\u00e9sive en caoutchouc.\" \/>\n<meta property=\"og:url\" content=\"https:\/\/cardinal-tapes.com\/fr\/rubans-adh\u00e9sifs\/domaines-dapplication\/industrie-electrique\/tesafix-4964-adhesif-double-face\/\" \/>\n<meta property=\"og:site_name\" content=\"cardinal TAPES\" \/>\n<meta property=\"article:modified_time\" content=\"2023-06-05T15:08:14+00:00\" \/>\n<meta property=\"og:image\" content=\"https:\/\/cardinal-tapes.com\/wp-content\/uploads\/tesa-4964-double-sided-tape-with-fabric-backing-white-049640007900-pr2032184_canvas1x1_5.jpg\" \/>\n\t<meta property=\"og:image:width\" content=\"501\" \/>\n\t<meta property=\"og:image:height\" content=\"501\" \/>\n\t<meta property=\"og:image:type\" content=\"image\/jpeg\" \/>\n<meta name=\"twitter:card\" content=\"summary_large_image\" \/>\n<meta name=\"twitter:label1\" content=\"Dur\u00e9e de lecture estim\u00e9e\" \/>\n\t<meta name=\"twitter:data1\" content=\"1 minute\" \/>\n<script type=\"application\/ld+json\" class=\"yoast-schema-graph\">{\"@context\":\"https:\\\/\\\/schema.org\",\"@graph\":[{\"@type\":\"WebPage\",\"@id\":\"https:\\\/\\\/cardinal-tapes.com\\\/fr\\\/rubans-adh\u00e9sifs\\\/domaines-dapplication\\\/industrie-electrique\\\/tesafix-4964-adhesif-double-face\\\/\",\"url\":\"https:\\\/\\\/cardinal-tapes.com\\\/fr\\\/rubans-adh\u00e9sifs\\\/domaines-dapplication\\\/industrie-electrique\\\/tesafix-4964-adhesif-double-face\\\/\",\"name\":\"tesafix\u00ae 4964 Ruban adh\u00e9sif double face | Cardinal TAPES\",\"isPartOf\":{\"@id\":\"https:\\\/\\\/cardinal-tapes.com\\\/#website\"},\"primaryImageOfPage\":{\"@id\":\"https:\\\/\\\/cardinal-tapes.com\\\/fr\\\/rubans-adh\u00e9sifs\\\/domaines-dapplication\\\/industrie-electrique\\\/tesafix-4964-adhesif-double-face\\\/#primaryimage\"},\"image\":{\"@id\":\"https:\\\/\\\/cardinal-tapes.com\\\/fr\\\/rubans-adh\u00e9sifs\\\/domaines-dapplication\\\/industrie-electrique\\\/tesafix-4964-adhesif-double-face\\\/#primaryimage\"},\"thumbnailUrl\":\"https:\\\/\\\/cardinal-tapes.com\\\/wp-content\\\/uploads\\\/tesa-4964-double-sided-tape-with-fabric-backing-white-049640007900-pr2032184_canvas1x1_5.jpg\",\"datePublished\":\"2020-09-14T06:17:17+00:00\",\"dateModified\":\"2023-06-05T15:08:14+00:00\",\"description\":\"tesafix\u00ae 4964 se compose d'un support en tissu flexible et r\u00e9sistant \u00e0 la d\u00e9chirure, enduit des deux c\u00f4t\u00e9s d'une masse adh\u00e9sive en caoutchouc.\",\"breadcrumb\":{\"@id\":\"https:\\\/\\\/cardinal-tapes.com\\\/fr\\\/rubans-adh\u00e9sifs\\\/domaines-dapplication\\\/industrie-electrique\\\/tesafix-4964-adhesif-double-face\\\/#breadcrumb\"},\"inLanguage\":\"fr-FR\",\"potentialAction\":[{\"@type\":\"ReadAction\",\"target\":[\"https:\\\/\\\/cardinal-tapes.com\\\/fr\\\/rubans-adh\u00e9sifs\\\/domaines-dapplication\\\/industrie-electrique\\\/tesafix-4964-adhesif-double-face\\\/\"]}]},{\"@type\":\"ImageObject\",\"inLanguage\":\"fr-FR\",\"@id\":\"https:\\\/\\\/cardinal-tapes.com\\\/fr\\\/rubans-adh\u00e9sifs\\\/domaines-dapplication\\\/industrie-electrique\\\/tesafix-4964-adhesif-double-face\\\/#primaryimage\",\"url\":\"https:\\\/\\\/cardinal-tapes.com\\\/wp-content\\\/uploads\\\/tesa-4964-double-sided-tape-with-fabric-backing-white-049640007900-pr2032184_canvas1x1_5.jpg\",\"contentUrl\":\"https:\\\/\\\/cardinal-tapes.com\\\/wp-content\\\/uploads\\\/tesa-4964-double-sided-tape-with-fabric-backing-white-049640007900-pr2032184_canvas1x1_5.jpg\",\"width\":501,\"height\":501},{\"@type\":\"BreadcrumbList\",\"@id\":\"https:\\\/\\\/cardinal-tapes.com\\\/fr\\\/rubans-adh\u00e9sifs\\\/domaines-dapplication\\\/industrie-electrique\\\/tesafix-4964-adhesif-double-face\\\/#breadcrumb\",\"itemListElement\":[{\"@type\":\"ListItem\",\"position\":1,\"name\":\"Startseite\",\"item\":\"https:\\\/\\\/cardinal-tapes.com\\\/fr\\\/accueil\\\/\"},{\"@type\":\"ListItem\",\"position\":2,\"name\":\"Rubans adh\u00e9sifs\",\"item\":\"https:\\\/\\\/cardinal-tapes.com\\\/fr\\\/rubans-adhesifs-fr\\\/\"},{\"@type\":\"ListItem\",\"position\":3,\"name\":\"Doppelseitige Klebeb\u00e4nder\",\"item\":\"https:\\\/\\\/cardinal-tapes.com\\\/kategorie\\\/doppelseitige-klebebaender\\\/\"},{\"@type\":\"ListItem\",\"position\":4,\"name\":\"tesafix\u00ae 4964 Ruban adh\u00e9sif double face avec support en tissu\"}]},{\"@type\":\"WebSite\",\"@id\":\"https:\\\/\\\/cardinal-tapes.com\\\/#website\",\"url\":\"https:\\\/\\\/cardinal-tapes.com\\\/\",\"name\":\"cardinal TAPES\",\"description\":\"Klebetechnik aus Wuppertal\",\"potentialAction\":[{\"@type\":\"SearchAction\",\"target\":{\"@type\":\"EntryPoint\",\"urlTemplate\":\"https:\\\/\\\/cardinal-tapes.com\\\/?s={search_term_string}\"},\"query-input\":{\"@type\":\"PropertyValueSpecification\",\"valueRequired\":true,\"valueName\":\"search_term_string\"}}],\"inLanguage\":\"fr-FR\"}]}<\/script>\n<!-- \/ Yoast SEO plugin. -->","yoast_head_json":{"title":"tesafix\u00ae 4964 Ruban adh\u00e9sif double face | Cardinal TAPES","description":"tesafix\u00ae 4964 se compose d'un support en tissu flexible et r\u00e9sistant \u00e0 la d\u00e9chirure, enduit des deux c\u00f4t\u00e9s d'une masse adh\u00e9sive en caoutchouc.","robots":{"index":"index","follow":"follow","max-snippet":"max-snippet:-1","max-image-preview":"max-image-preview:large","max-video-preview":"max-video-preview:-1"},"canonical":"https:\/\/cardinal-tapes.com\/fr\/rubans-adh\u00e9sifs\/domaines-dapplication\/industrie-electrique\/tesafix-4964-adhesif-double-face\/","og_locale":"fr_FR","og_type":"article","og_title":"tesafix\u00ae 4964 Ruban adh\u00e9sif double face | Cardinal TAPES","og_description":"tesafix\u00ae 4964 se compose d'un support en tissu flexible et r\u00e9sistant \u00e0 la d\u00e9chirure, enduit des deux c\u00f4t\u00e9s d'une masse adh\u00e9sive en caoutchouc.","og_url":"https:\/\/cardinal-tapes.com\/fr\/rubans-adh\u00e9sifs\/domaines-dapplication\/industrie-electrique\/tesafix-4964-adhesif-double-face\/","og_site_name":"cardinal TAPES","article_modified_time":"2023-06-05T15:08:14+00:00","og_image":[{"width":501,"height":501,"url":"https:\/\/cardinal-tapes.com\/wp-content\/uploads\/tesa-4964-double-sided-tape-with-fabric-backing-white-049640007900-pr2032184_canvas1x1_5.jpg","type":"image\/jpeg"}],"twitter_card":"summary_large_image","twitter_misc":{"Dur\u00e9e de lecture estim\u00e9e":"1 minute"},"schema":{"@context":"https:\/\/schema.org","@graph":[{"@type":"WebPage","@id":"https:\/\/cardinal-tapes.com\/fr\/rubans-adh\u00e9sifs\/domaines-dapplication\/industrie-electrique\/tesafix-4964-adhesif-double-face\/","url":"https:\/\/cardinal-tapes.com\/fr\/rubans-adh\u00e9sifs\/domaines-dapplication\/industrie-electrique\/tesafix-4964-adhesif-double-face\/","name":"tesafix\u00ae 4964 Ruban adh\u00e9sif double face | Cardinal TAPES","isPartOf":{"@id":"https:\/\/cardinal-tapes.com\/#website"},"primaryImageOfPage":{"@id":"https:\/\/cardinal-tapes.com\/fr\/rubans-adh\u00e9sifs\/domaines-dapplication\/industrie-electrique\/tesafix-4964-adhesif-double-face\/#primaryimage"},"image":{"@id":"https:\/\/cardinal-tapes.com\/fr\/rubans-adh\u00e9sifs\/domaines-dapplication\/industrie-electrique\/tesafix-4964-adhesif-double-face\/#primaryimage"},"thumbnailUrl":"https:\/\/cardinal-tapes.com\/wp-content\/uploads\/tesa-4964-double-sided-tape-with-fabric-backing-white-049640007900-pr2032184_canvas1x1_5.jpg","datePublished":"2020-09-14T06:17:17+00:00","dateModified":"2023-06-05T15:08:14+00:00","description":"tesafix\u00ae 4964 se compose d'un support en tissu flexible et r\u00e9sistant \u00e0 la d\u00e9chirure, enduit des deux c\u00f4t\u00e9s d'une masse adh\u00e9sive en caoutchouc.","breadcrumb":{"@id":"https:\/\/cardinal-tapes.com\/fr\/rubans-adh\u00e9sifs\/domaines-dapplication\/industrie-electrique\/tesafix-4964-adhesif-double-face\/#breadcrumb"},"inLanguage":"fr-FR","potentialAction":[{"@type":"ReadAction","target":["https:\/\/cardinal-tapes.com\/fr\/rubans-adh\u00e9sifs\/domaines-dapplication\/industrie-electrique\/tesafix-4964-adhesif-double-face\/"]}]},{"@type":"ImageObject","inLanguage":"fr-FR","@id":"https:\/\/cardinal-tapes.com\/fr\/rubans-adh\u00e9sifs\/domaines-dapplication\/industrie-electrique\/tesafix-4964-adhesif-double-face\/#primaryimage","url":"https:\/\/cardinal-tapes.com\/wp-content\/uploads\/tesa-4964-double-sided-tape-with-fabric-backing-white-049640007900-pr2032184_canvas1x1_5.jpg","contentUrl":"https:\/\/cardinal-tapes.com\/wp-content\/uploads\/tesa-4964-double-sided-tape-with-fabric-backing-white-049640007900-pr2032184_canvas1x1_5.jpg","width":501,"height":501},{"@type":"BreadcrumbList","@id":"https:\/\/cardinal-tapes.com\/fr\/rubans-adh\u00e9sifs\/domaines-dapplication\/industrie-electrique\/tesafix-4964-adhesif-double-face\/#breadcrumb","itemListElement":[{"@type":"ListItem","position":1,"name":"Startseite","item":"https:\/\/cardinal-tapes.com\/fr\/accueil\/"},{"@type":"ListItem","position":2,"name":"Rubans adh\u00e9sifs","item":"https:\/\/cardinal-tapes.com\/fr\/rubans-adhesifs-fr\/"},{"@type":"ListItem","position":3,"name":"Doppelseitige Klebeb\u00e4nder","item":"https:\/\/cardinal-tapes.com\/kategorie\/doppelseitige-klebebaender\/"},{"@type":"ListItem","position":4,"name":"tesafix\u00ae 4964 Ruban adh\u00e9sif double face avec support en tissu"}]},{"@type":"WebSite","@id":"https:\/\/cardinal-tapes.com\/#website","url":"https:\/\/cardinal-tapes.com\/","name":"cardinal TAPES","description":"Klebetechnik aus Wuppertal","potentialAction":[{"@type":"SearchAction","target":{"@type":"EntryPoint","urlTemplate":"https:\/\/cardinal-tapes.com\/?s={search_term_string}"},"query-input":{"@type":"PropertyValueSpecification","valueRequired":true,"valueName":"search_term_string"}}],"inLanguage":"fr-FR"}]}},"brands":[{"id":2165,"name":"tesa","slug":"tesa-fr"}],"_links":{"self":[{"href":"https:\/\/cardinal-tapes.com\/fr\/wp-json\/wp\/v2\/product\/50297","targetHints":{"allow":["GET"]}}],"collection":[{"href":"https:\/\/cardinal-tapes.com\/fr\/wp-json\/wp\/v2\/product"}],"about":[{"href":"https:\/\/cardinal-tapes.com\/fr\/wp-json\/wp\/v2\/types\/product"}],"wp:featuredmedia":[{"embeddable":true,"href":"https:\/\/cardinal-tapes.com\/fr\/wp-json\/wp\/v2\/media\/28308"}],"wp:attachment":[{"href":"https:\/\/cardinal-tapes.com\/fr\/wp-json\/wp\/v2\/media?parent=50297"}],"wp:term":[{"taxonomy":"pwb-brand","embeddable":true,"href":"https:\/\/cardinal-tapes.com\/fr\/wp-json\/wp\/v2\/pwb-brand?post=50297"},{"taxonomy":"product_brand","embeddable":true,"href":"https:\/\/cardinal-tapes.com\/fr\/wp-json\/wp\/v2\/product_brand?post=50297"},{"taxonomy":"product_cat","embeddable":true,"href":"https:\/\/cardinal-tapes.com\/fr\/wp-json\/wp\/v2\/product_cat?post=50297"},{"taxonomy":"product_tag","embeddable":true,"href":"https:\/\/cardinal-tapes.com\/fr\/wp-json\/wp\/v2\/product_tag?post=50297"}],"curies":[{"name":"wp","href":"https:\/\/api.w.org\/{rel}","templated":true}]}}