{"id":50293,"date":"2020-07-24T13:55:15","date_gmt":"2023-06-05T15:08:14","guid":{"rendered":"https:\/\/cardinal.pixel-tal.de\/klebebaender\/non%20class\u00e9\/tesa-58137-ruban-de-signalisation\/"},"modified":"2025-07-02T13:05:06","modified_gmt":"2025-07-02T11:05:06","slug":"tesa-58137-bande-de-signalisation-barriere","status":"publish","type":"product","link":"https:\/\/cardinal-tapes.com\/fr\/rubans-adh\u00e9sifs\/non-categorise\/tesa-58137-bande-de-signalisation-barriere\/","title":{"rendered":"tesa\u00ae 58137 Ruban de signalisation"},"content":{"rendered":"<p>Le ruban de signalisation <sup>tesa\u00ae<\/sup> non adh\u00e9sif est rouge et blanc sur les deux faces et pr\u00e9vient de l&#8217;entr\u00e9e dans les zones dangereuses. Avec une largeur de 8 cm, la bande de signalisation ne passe pas inaper\u00e7ue. Le ruban de d\u00e9limitation robuste en film PE est r\u00e9sistant aux UV pendant au moins 3 mois et convient donc \u00e9galement pour une utilisation \u00e0 long terme.<\/p>\n<p><strong>Caract\u00e9ristiques<\/strong><br \/>\n&#8211; Ruban de signalisation robuste en film PE<br \/>\n&#8211; Non adh\u00e9sif<br \/>\n&#8211; Imprim\u00e9 rouge et blanc des deux c\u00f4t\u00e9s<br \/>\n&#8211; Ruban de signalisation r\u00e9sistant \u00e0 l&#8217;abrasion<br \/>\n&#8211; R\u00e9sistant aux UV pendant 3 mois<\/p>\n<p><strong>Applications<\/strong><br \/>\n&#8211; Utilisation comme ruban de signalisation pour les chantiers<br \/>\n&#8211; Marquage et blocage<\/p>\n","protected":false},"excerpt":{"rendered":"<p>Le ruban de signalisation tesa\u00ae non adh\u00e9sif est rouge et blanc sur les deux faces et pr\u00e9vient de l&#8217;entr\u00e9e dans les zones dangereuses. Avec une largeur de 8 cm, la bande de signalisation ne passe pas inaper\u00e7ue. Le ruban de d\u00e9limitation robuste en film PE est r\u00e9sistant aux UV pendant au moins 3 mois et [&hellip;]<\/p>\n","protected":false},"featured_media":28288,"template":"","meta":{"_acf_changed":false},"pwb-brand":[2165],"product_brand":[],"product_cat":[1858],"product_tag":[],"class_list":{"0":"post-50293","1":"product","2":"type-product","3":"status-publish","4":"has-post-thumbnail","6":"pwb-brand-tesa-fr","7":"product_cat-non-categorise","9":"first","10":"instock","11":"taxable","12":"shipping-taxable","13":"purchasable","14":"product-type-variable"},"acf":[],"yoast_head":"<!-- This site is optimized with the Yoast SEO plugin v27.3 - https:\/\/yoast.com\/product\/yoast-seo-wordpress\/ -->\n<title>tesa\u00ae 58137 Ruban de signalisation | Cardinal TAPES<\/title>\n<meta name=\"description\" content=\"Le ruban de signalisation tesa \u00ae rouge et blanc est non adh\u00e9sif, robuste et id\u00e9al pour d\u00e9limiter les zones dangereuses.\" \/>\n<meta name=\"robots\" content=\"index, follow, max-snippet:-1, max-image-preview:large, max-video-preview:-1\" \/>\n<link rel=\"canonical\" href=\"https:\/\/cardinal-tapes.com\/fr\/rubans-adh\u00e9sifs\/non-categorise\/tesa-58137-bande-de-signalisation-barriere\/\" \/>\n<meta property=\"og:locale\" content=\"fr_FR\" \/>\n<meta property=\"og:type\" content=\"article\" \/>\n<meta property=\"og:title\" content=\"tesa\u00ae 58137 Ruban de signalisation | Cardinal TAPES\" \/>\n<meta property=\"og:description\" content=\"Le ruban de signalisation tesa \u00ae rouge et blanc est non adh\u00e9sif, robuste et id\u00e9al pour d\u00e9limiter les zones dangereuses.\" \/>\n<meta property=\"og:url\" content=\"https:\/\/cardinal-tapes.com\/fr\/rubans-adh\u00e9sifs\/non-categorise\/tesa-58137-bande-de-signalisation-barriere\/\" \/>\n<meta property=\"og:site_name\" content=\"cardinal TAPES\" \/>\n<meta property=\"article:modified_time\" content=\"2025-07-02T11:05:06+00:00\" \/>\n<meta property=\"og:image\" content=\"https:\/\/cardinal-tapes.com\/wp-content\/uploads\/tesa-signal-non-adhesive-marking-tape-red-white-66m-x-50mm884072_padded16x9_9.jpg\" \/>\n\t<meta property=\"og:image:width\" content=\"928\" \/>\n\t<meta property=\"og:image:height\" content=\"522\" \/>\n\t<meta property=\"og:image:type\" content=\"image\/jpeg\" \/>\n<meta name=\"twitter:card\" content=\"summary_large_image\" \/>\n<meta name=\"twitter:label1\" content=\"Dur\u00e9e de lecture estim\u00e9e\" \/>\n\t<meta name=\"twitter:data1\" content=\"1 minute\" \/>\n<script type=\"application\/ld+json\" class=\"yoast-schema-graph\">{\"@context\":\"https:\\\/\\\/schema.org\",\"@graph\":[{\"@type\":\"WebPage\",\"@id\":\"https:\\\/\\\/cardinal-tapes.com\\\/fr\\\/rubans-adh\u00e9sifs\\\/non-categorise\\\/tesa-58137-bande-de-signalisation-barriere\\\/\",\"url\":\"https:\\\/\\\/cardinal-tapes.com\\\/fr\\\/rubans-adh\u00e9sifs\\\/non-categorise\\\/tesa-58137-bande-de-signalisation-barriere\\\/\",\"name\":\"tesa\u00ae 58137 Ruban de signalisation | Cardinal TAPES\",\"isPartOf\":{\"@id\":\"https:\\\/\\\/cardinal-tapes.com\\\/#website\"},\"primaryImageOfPage\":{\"@id\":\"https:\\\/\\\/cardinal-tapes.com\\\/fr\\\/rubans-adh\u00e9sifs\\\/non-categorise\\\/tesa-58137-bande-de-signalisation-barriere\\\/#primaryimage\"},\"image\":{\"@id\":\"https:\\\/\\\/cardinal-tapes.com\\\/fr\\\/rubans-adh\u00e9sifs\\\/non-categorise\\\/tesa-58137-bande-de-signalisation-barriere\\\/#primaryimage\"},\"thumbnailUrl\":\"https:\\\/\\\/cardinal-tapes.com\\\/wp-content\\\/uploads\\\/tesa-signal-non-adhesive-marking-tape-red-white-66m-x-50mm884072_padded16x9_9.jpg\",\"datePublished\":\"2023-06-05T15:08:14+00:00\",\"dateModified\":\"2025-07-02T11:05:06+00:00\",\"description\":\"Le ruban de signalisation tesa \u00ae rouge et blanc est non adh\u00e9sif, robuste et id\u00e9al pour d\u00e9limiter les zones dangereuses.\",\"breadcrumb\":{\"@id\":\"https:\\\/\\\/cardinal-tapes.com\\\/fr\\\/rubans-adh\u00e9sifs\\\/non-categorise\\\/tesa-58137-bande-de-signalisation-barriere\\\/#breadcrumb\"},\"inLanguage\":\"fr-FR\",\"potentialAction\":[{\"@type\":\"ReadAction\",\"target\":[\"https:\\\/\\\/cardinal-tapes.com\\\/fr\\\/rubans-adh\u00e9sifs\\\/non-categorise\\\/tesa-58137-bande-de-signalisation-barriere\\\/\"]}]},{\"@type\":\"ImageObject\",\"inLanguage\":\"fr-FR\",\"@id\":\"https:\\\/\\\/cardinal-tapes.com\\\/fr\\\/rubans-adh\u00e9sifs\\\/non-categorise\\\/tesa-58137-bande-de-signalisation-barriere\\\/#primaryimage\",\"url\":\"https:\\\/\\\/cardinal-tapes.com\\\/wp-content\\\/uploads\\\/tesa-signal-non-adhesive-marking-tape-red-white-66m-x-50mm884072_padded16x9_9.jpg\",\"contentUrl\":\"https:\\\/\\\/cardinal-tapes.com\\\/wp-content\\\/uploads\\\/tesa-signal-non-adhesive-marking-tape-red-white-66m-x-50mm884072_padded16x9_9.jpg\",\"width\":928,\"height\":522},{\"@type\":\"BreadcrumbList\",\"@id\":\"https:\\\/\\\/cardinal-tapes.com\\\/fr\\\/rubans-adh\u00e9sifs\\\/non-categorise\\\/tesa-58137-bande-de-signalisation-barriere\\\/#breadcrumb\",\"itemListElement\":[{\"@type\":\"ListItem\",\"position\":1,\"name\":\"Startseite\",\"item\":\"https:\\\/\\\/cardinal-tapes.com\\\/fr\\\/accueil\\\/\"},{\"@type\":\"ListItem\",\"position\":2,\"name\":\"Rubans adh\u00e9sifs\",\"item\":\"https:\\\/\\\/cardinal-tapes.com\\\/fr\\\/rubans-adhesifs-fr\\\/\"},{\"@type\":\"ListItem\",\"position\":3,\"name\":\"Non cat\u00e9goris\u00e9\",\"item\":\"https:\\\/\\\/cardinal-tapes.com\\\/fr\\\/catgorie\\\/non-categorise\\\/\"},{\"@type\":\"ListItem\",\"position\":4,\"name\":\"tesa\u00ae 58137 Ruban de signalisation\"}]},{\"@type\":\"WebSite\",\"@id\":\"https:\\\/\\\/cardinal-tapes.com\\\/#website\",\"url\":\"https:\\\/\\\/cardinal-tapes.com\\\/\",\"name\":\"cardinal TAPES\",\"description\":\"Klebetechnik aus Wuppertal\",\"potentialAction\":[{\"@type\":\"SearchAction\",\"target\":{\"@type\":\"EntryPoint\",\"urlTemplate\":\"https:\\\/\\\/cardinal-tapes.com\\\/?s={search_term_string}\"},\"query-input\":{\"@type\":\"PropertyValueSpecification\",\"valueRequired\":true,\"valueName\":\"search_term_string\"}}],\"inLanguage\":\"fr-FR\"}]}<\/script>\n<!-- \/ Yoast SEO plugin. -->","yoast_head_json":{"title":"tesa\u00ae 58137 Ruban de signalisation | Cardinal TAPES","description":"Le ruban de signalisation tesa \u00ae rouge et blanc est non adh\u00e9sif, robuste et id\u00e9al pour d\u00e9limiter les zones dangereuses.","robots":{"index":"index","follow":"follow","max-snippet":"max-snippet:-1","max-image-preview":"max-image-preview:large","max-video-preview":"max-video-preview:-1"},"canonical":"https:\/\/cardinal-tapes.com\/fr\/rubans-adh\u00e9sifs\/non-categorise\/tesa-58137-bande-de-signalisation-barriere\/","og_locale":"fr_FR","og_type":"article","og_title":"tesa\u00ae 58137 Ruban de signalisation | Cardinal TAPES","og_description":"Le ruban de signalisation tesa \u00ae rouge et blanc est non adh\u00e9sif, robuste et id\u00e9al pour d\u00e9limiter les zones dangereuses.","og_url":"https:\/\/cardinal-tapes.com\/fr\/rubans-adh\u00e9sifs\/non-categorise\/tesa-58137-bande-de-signalisation-barriere\/","og_site_name":"cardinal TAPES","article_modified_time":"2025-07-02T11:05:06+00:00","og_image":[{"width":928,"height":522,"url":"https:\/\/cardinal-tapes.com\/wp-content\/uploads\/tesa-signal-non-adhesive-marking-tape-red-white-66m-x-50mm884072_padded16x9_9.jpg","type":"image\/jpeg"}],"twitter_card":"summary_large_image","twitter_misc":{"Dur\u00e9e de lecture estim\u00e9e":"1 minute"},"schema":{"@context":"https:\/\/schema.org","@graph":[{"@type":"WebPage","@id":"https:\/\/cardinal-tapes.com\/fr\/rubans-adh\u00e9sifs\/non-categorise\/tesa-58137-bande-de-signalisation-barriere\/","url":"https:\/\/cardinal-tapes.com\/fr\/rubans-adh\u00e9sifs\/non-categorise\/tesa-58137-bande-de-signalisation-barriere\/","name":"tesa\u00ae 58137 Ruban de signalisation | Cardinal TAPES","isPartOf":{"@id":"https:\/\/cardinal-tapes.com\/#website"},"primaryImageOfPage":{"@id":"https:\/\/cardinal-tapes.com\/fr\/rubans-adh\u00e9sifs\/non-categorise\/tesa-58137-bande-de-signalisation-barriere\/#primaryimage"},"image":{"@id":"https:\/\/cardinal-tapes.com\/fr\/rubans-adh\u00e9sifs\/non-categorise\/tesa-58137-bande-de-signalisation-barriere\/#primaryimage"},"thumbnailUrl":"https:\/\/cardinal-tapes.com\/wp-content\/uploads\/tesa-signal-non-adhesive-marking-tape-red-white-66m-x-50mm884072_padded16x9_9.jpg","datePublished":"2023-06-05T15:08:14+00:00","dateModified":"2025-07-02T11:05:06+00:00","description":"Le ruban de signalisation tesa \u00ae rouge et blanc est non adh\u00e9sif, robuste et id\u00e9al pour d\u00e9limiter les zones dangereuses.","breadcrumb":{"@id":"https:\/\/cardinal-tapes.com\/fr\/rubans-adh\u00e9sifs\/non-categorise\/tesa-58137-bande-de-signalisation-barriere\/#breadcrumb"},"inLanguage":"fr-FR","potentialAction":[{"@type":"ReadAction","target":["https:\/\/cardinal-tapes.com\/fr\/rubans-adh\u00e9sifs\/non-categorise\/tesa-58137-bande-de-signalisation-barriere\/"]}]},{"@type":"ImageObject","inLanguage":"fr-FR","@id":"https:\/\/cardinal-tapes.com\/fr\/rubans-adh\u00e9sifs\/non-categorise\/tesa-58137-bande-de-signalisation-barriere\/#primaryimage","url":"https:\/\/cardinal-tapes.com\/wp-content\/uploads\/tesa-signal-non-adhesive-marking-tape-red-white-66m-x-50mm884072_padded16x9_9.jpg","contentUrl":"https:\/\/cardinal-tapes.com\/wp-content\/uploads\/tesa-signal-non-adhesive-marking-tape-red-white-66m-x-50mm884072_padded16x9_9.jpg","width":928,"height":522},{"@type":"BreadcrumbList","@id":"https:\/\/cardinal-tapes.com\/fr\/rubans-adh\u00e9sifs\/non-categorise\/tesa-58137-bande-de-signalisation-barriere\/#breadcrumb","itemListElement":[{"@type":"ListItem","position":1,"name":"Startseite","item":"https:\/\/cardinal-tapes.com\/fr\/accueil\/"},{"@type":"ListItem","position":2,"name":"Rubans adh\u00e9sifs","item":"https:\/\/cardinal-tapes.com\/fr\/rubans-adhesifs-fr\/"},{"@type":"ListItem","position":3,"name":"Non cat\u00e9goris\u00e9","item":"https:\/\/cardinal-tapes.com\/fr\/catgorie\/non-categorise\/"},{"@type":"ListItem","position":4,"name":"tesa\u00ae 58137 Ruban de signalisation"}]},{"@type":"WebSite","@id":"https:\/\/cardinal-tapes.com\/#website","url":"https:\/\/cardinal-tapes.com\/","name":"cardinal TAPES","description":"Klebetechnik aus Wuppertal","potentialAction":[{"@type":"SearchAction","target":{"@type":"EntryPoint","urlTemplate":"https:\/\/cardinal-tapes.com\/?s={search_term_string}"},"query-input":{"@type":"PropertyValueSpecification","valueRequired":true,"valueName":"search_term_string"}}],"inLanguage":"fr-FR"}]}},"brands":[{"id":2165,"name":"tesa","slug":"tesa-fr"}],"_links":{"self":[{"href":"https:\/\/cardinal-tapes.com\/fr\/wp-json\/wp\/v2\/product\/50293","targetHints":{"allow":["GET"]}}],"collection":[{"href":"https:\/\/cardinal-tapes.com\/fr\/wp-json\/wp\/v2\/product"}],"about":[{"href":"https:\/\/cardinal-tapes.com\/fr\/wp-json\/wp\/v2\/types\/product"}],"wp:featuredmedia":[{"embeddable":true,"href":"https:\/\/cardinal-tapes.com\/fr\/wp-json\/wp\/v2\/media\/28288"}],"wp:attachment":[{"href":"https:\/\/cardinal-tapes.com\/fr\/wp-json\/wp\/v2\/media?parent=50293"}],"wp:term":[{"taxonomy":"pwb-brand","embeddable":true,"href":"https:\/\/cardinal-tapes.com\/fr\/wp-json\/wp\/v2\/pwb-brand?post=50293"},{"taxonomy":"product_brand","embeddable":true,"href":"https:\/\/cardinal-tapes.com\/fr\/wp-json\/wp\/v2\/product_brand?post=50293"},{"taxonomy":"product_cat","embeddable":true,"href":"https:\/\/cardinal-tapes.com\/fr\/wp-json\/wp\/v2\/product_cat?post=50293"},{"taxonomy":"product_tag","embeddable":true,"href":"https:\/\/cardinal-tapes.com\/fr\/wp-json\/wp\/v2\/product_tag?post=50293"}],"curies":[{"name":"wp","href":"https:\/\/api.w.org\/{rel}","templated":true}]}}