{"id":50280,"date":"2020-07-23T11:27:45","date_gmt":"2023-06-05T15:08:14","guid":{"rendered":"https:\/\/cardinal.pixel-tal.de\/klebebaender\/non class\u00e9\/tesa-derouleur-manuel-6005\/"},"modified":"2023-06-05T17:08:14","modified_gmt":"2023-06-05T15:08:14","slug":"tesa-6005-derouleur-a-main-copie","status":"publish","type":"product","link":"https:\/\/cardinal-tapes.com\/fr\/rubans-adh\u00e9sifs\/domaines-dapplication\/secteur-du-transport\/tesa-6005-derouleur-a-main-copie\/","title":{"rendered":"tesa\u00ae D\u00e9rouleur manuel 6005"},"content":{"rendered":"<p>Le <span class=\"lowercase\">tesa <\/span><sup>\u00ae<\/sup> d\u00e9vidoir manuel 6005 est un d\u00e9vidoir manuel tr\u00e8s robuste et professionnel pour l&#8217;utilisation des rubans adh\u00e9sifs d&#8217;emballage <span class=\"lowercase\">tesa <\/span><sup>\u00ae<\/sup> jusqu&#8217;\u00e0 25 mm de largeur. Pour l&#8217;application de rubans adh\u00e9sifs <span class=\"lowercase\">tesa <\/span><sup>pack\u00ae<\/sup> jusqu&#8217;\u00e0 25 mm de large et max. Diam\u00e8tre des rouleaux de 170 mm.<\/p>\n<p><strong>Caract\u00e9ristiques<\/strong><br \/>\n&#8211; Frein de rouleau r\u00e9glable manuellement<br \/>\n&#8211; Couteau dissimul\u00e9 (protection contre les blessures)<br \/>\n&#8211; 2 rouleaux de pression pour une manipulation facile<br \/>\n&#8211; g\u00e2chette de la lame pour d\u00e9clencher le couteau<\/p>\n<p><strong>Applications<\/strong><br \/>\n&#8211; Pour la mise en \u0153uvre de rubans adh\u00e9sifs <sup>tesapack\u00ae<\/sup> jusqu&#8217;\u00e0 25 mm de large et max. Diam\u00e8tre des rouleaux de 170 mm.<\/p>\n","protected":false},"excerpt":{"rendered":"<p>Le tesa \u00ae d\u00e9vidoir manuel 6005 est un d\u00e9vidoir manuel tr\u00e8s robuste et professionnel pour l&#8217;utilisation des rubans adh\u00e9sifs d&#8217;emballage tesa \u00ae jusqu&#8217;\u00e0 25 mm de largeur. Pour l&#8217;application de rubans adh\u00e9sifs tesa pack\u00ae jusqu&#8217;\u00e0 25 mm de large et max. Diam\u00e8tre des rouleaux de 170 mm. Caract\u00e9ristiques &#8211; Frein de rouleau r\u00e9glable manuellement &#8211; [&hellip;]<\/p>\n","protected":false},"featured_media":28272,"template":"","meta":{"_acf_changed":false},"pwb-brand":[2165],"product_brand":[],"product_cat":[1772,1836,1859],"product_tag":[],"class_list":{"0":"post-50280","1":"product","2":"type-product","3":"status-publish","4":"has-post-thumbnail","6":"pwb-brand-tesa-fr","7":"product_cat-secteur-du-transport","8":"product_cat-rubans-adhesifs-simple-face","9":"product_cat-systemes-demballage","11":"first","12":"instock","13":"taxable","14":"shipping-taxable","15":"purchasable","16":"product-type-variable"},"acf":[],"yoast_head":"<!-- This site is optimized with the Yoast SEO plugin v27.3 - https:\/\/yoast.com\/product\/yoast-seo-wordpress\/ -->\n<title>Tesa 6005 D\u00e9rouleur manuel | Cardinal TAPES<\/title>\n<meta name=\"description\" content=\"Le tesa \u00ae d\u00e9vidoir manuel 6005 est un d\u00e9vidoir manuel tr\u00e8s robuste et professionnel pour l&#039;utilisation des rubans adh\u00e9sifs d&#039;emballage tesa \u00ae jusqu&#039;\u00e0 25 mm de large.Pour l&#039;utilisation des rubans adh\u00e9sifs tesa pack\u00ae jusqu&#039;\u00e0 25 mm de large et max. Diam\u00e8tre des rouleaux de 170 mm.\" \/>\n<meta name=\"robots\" content=\"index, follow, max-snippet:-1, max-image-preview:large, max-video-preview:-1\" \/>\n<link rel=\"canonical\" href=\"https:\/\/cardinal-tapes.com\/fr\/rubans-adh\u00e9sifs\/secteur-du-transport\/tesa-6005-derouleur-a-main-copie\/\" \/>\n<meta property=\"og:locale\" content=\"fr_FR\" \/>\n<meta property=\"og:type\" content=\"article\" \/>\n<meta property=\"og:title\" content=\"Tesa 6005 D\u00e9rouleur manuel | Cardinal TAPES\" \/>\n<meta property=\"og:description\" content=\"Le tesa \u00ae d\u00e9vidoir manuel 6005 est un d\u00e9vidoir manuel tr\u00e8s robuste et professionnel pour l&#039;utilisation des rubans adh\u00e9sifs d&#039;emballage tesa \u00ae jusqu&#039;\u00e0 25 mm de large.Pour l&#039;utilisation des rubans adh\u00e9sifs tesa pack\u00ae jusqu&#039;\u00e0 25 mm de large et max. Diam\u00e8tre des rouleaux de 170 mm.\" \/>\n<meta property=\"og:url\" content=\"https:\/\/cardinal-tapes.com\/fr\/rubans-adh\u00e9sifs\/secteur-du-transport\/tesa-6005-derouleur-a-main-copie\/\" \/>\n<meta property=\"og:site_name\" content=\"cardinal TAPES\" \/>\n<meta property=\"og:image\" content=\"https:\/\/cardinal-tapes.com\/wp-content\/uploads\/tesa-06005-pr-002-fullsize172677_canvas1x1_6.jpg\" \/>\n\t<meta property=\"og:image:width\" content=\"480\" \/>\n\t<meta property=\"og:image:height\" content=\"640\" \/>\n\t<meta property=\"og:image:type\" content=\"image\/jpeg\" \/>\n<meta name=\"twitter:card\" content=\"summary_large_image\" \/>\n<meta name=\"twitter:label1\" content=\"Dur\u00e9e de lecture estim\u00e9e\" \/>\n\t<meta name=\"twitter:data1\" content=\"1 minute\" \/>\n<script type=\"application\/ld+json\" class=\"yoast-schema-graph\">{\"@context\":\"https:\\\/\\\/schema.org\",\"@graph\":[{\"@type\":\"WebPage\",\"@id\":\"https:\\\/\\\/cardinal-tapes.com\\\/fr\\\/rubans-adh\u00e9sifs\\\/secteur-du-transport\\\/tesa-6005-derouleur-a-main-copie\\\/\",\"url\":\"https:\\\/\\\/cardinal-tapes.com\\\/fr\\\/rubans-adh\u00e9sifs\\\/secteur-du-transport\\\/tesa-6005-derouleur-a-main-copie\\\/\",\"name\":\"Tesa 6005 D\u00e9rouleur manuel | Cardinal TAPES\",\"isPartOf\":{\"@id\":\"https:\\\/\\\/cardinal-tapes.com\\\/#website\"},\"primaryImageOfPage\":{\"@id\":\"https:\\\/\\\/cardinal-tapes.com\\\/fr\\\/rubans-adh\u00e9sifs\\\/secteur-du-transport\\\/tesa-6005-derouleur-a-main-copie\\\/#primaryimage\"},\"image\":{\"@id\":\"https:\\\/\\\/cardinal-tapes.com\\\/fr\\\/rubans-adh\u00e9sifs\\\/secteur-du-transport\\\/tesa-6005-derouleur-a-main-copie\\\/#primaryimage\"},\"thumbnailUrl\":\"https:\\\/\\\/cardinal-tapes.com\\\/wp-content\\\/uploads\\\/tesa-06005-pr-002-fullsize172677_canvas1x1_6.jpg\",\"datePublished\":\"2023-06-05T15:08:14+00:00\",\"description\":\"Le tesa \u00ae d\u00e9vidoir manuel 6005 est un d\u00e9vidoir manuel tr\u00e8s robuste et professionnel pour l'utilisation des rubans adh\u00e9sifs d'emballage tesa \u00ae jusqu'\u00e0 25 mm de large.Pour l'utilisation des rubans adh\u00e9sifs tesa pack\u00ae jusqu'\u00e0 25 mm de large et max. Diam\u00e8tre des rouleaux de 170 mm.\",\"breadcrumb\":{\"@id\":\"https:\\\/\\\/cardinal-tapes.com\\\/fr\\\/rubans-adh\u00e9sifs\\\/secteur-du-transport\\\/tesa-6005-derouleur-a-main-copie\\\/#breadcrumb\"},\"inLanguage\":\"fr-FR\",\"potentialAction\":[{\"@type\":\"ReadAction\",\"target\":[\"https:\\\/\\\/cardinal-tapes.com\\\/fr\\\/rubans-adh\u00e9sifs\\\/secteur-du-transport\\\/tesa-6005-derouleur-a-main-copie\\\/\"]}]},{\"@type\":\"ImageObject\",\"inLanguage\":\"fr-FR\",\"@id\":\"https:\\\/\\\/cardinal-tapes.com\\\/fr\\\/rubans-adh\u00e9sifs\\\/secteur-du-transport\\\/tesa-6005-derouleur-a-main-copie\\\/#primaryimage\",\"url\":\"https:\\\/\\\/cardinal-tapes.com\\\/wp-content\\\/uploads\\\/tesa-06005-pr-002-fullsize172677_canvas1x1_6.jpg\",\"contentUrl\":\"https:\\\/\\\/cardinal-tapes.com\\\/wp-content\\\/uploads\\\/tesa-06005-pr-002-fullsize172677_canvas1x1_6.jpg\",\"width\":480,\"height\":640},{\"@type\":\"BreadcrumbList\",\"@id\":\"https:\\\/\\\/cardinal-tapes.com\\\/fr\\\/rubans-adh\u00e9sifs\\\/secteur-du-transport\\\/tesa-6005-derouleur-a-main-copie\\\/#breadcrumb\",\"itemListElement\":[{\"@type\":\"ListItem\",\"position\":1,\"name\":\"Startseite\",\"item\":\"https:\\\/\\\/cardinal-tapes.com\\\/fr\\\/accueil\\\/\"},{\"@type\":\"ListItem\",\"position\":2,\"name\":\"Rubans adh\u00e9sifs\",\"item\":\"https:\\\/\\\/cardinal-tapes.com\\\/fr\\\/rubans-adhesifs-fr\\\/\"},{\"@type\":\"ListItem\",\"position\":3,\"name\":\"Secteur du transport\",\"item\":\"https:\\\/\\\/cardinal-tapes.com\\\/fr\\\/catgorie\\\/secteur-du-transport\\\/\"},{\"@type\":\"ListItem\",\"position\":4,\"name\":\"tesa\u00ae D\u00e9rouleur manuel 6005\"}]},{\"@type\":\"WebSite\",\"@id\":\"https:\\\/\\\/cardinal-tapes.com\\\/#website\",\"url\":\"https:\\\/\\\/cardinal-tapes.com\\\/\",\"name\":\"cardinal TAPES\",\"description\":\"Klebetechnik aus Wuppertal\",\"potentialAction\":[{\"@type\":\"SearchAction\",\"target\":{\"@type\":\"EntryPoint\",\"urlTemplate\":\"https:\\\/\\\/cardinal-tapes.com\\\/?s={search_term_string}\"},\"query-input\":{\"@type\":\"PropertyValueSpecification\",\"valueRequired\":true,\"valueName\":\"search_term_string\"}}],\"inLanguage\":\"fr-FR\"}]}<\/script>\n<!-- \/ Yoast SEO plugin. -->","yoast_head_json":{"title":"Tesa 6005 D\u00e9rouleur manuel | Cardinal TAPES","description":"Le tesa \u00ae d\u00e9vidoir manuel 6005 est un d\u00e9vidoir manuel tr\u00e8s robuste et professionnel pour l'utilisation des rubans adh\u00e9sifs d'emballage tesa \u00ae jusqu'\u00e0 25 mm de large.Pour l'utilisation des rubans adh\u00e9sifs tesa pack\u00ae jusqu'\u00e0 25 mm de large et max. Diam\u00e8tre des rouleaux de 170 mm.","robots":{"index":"index","follow":"follow","max-snippet":"max-snippet:-1","max-image-preview":"max-image-preview:large","max-video-preview":"max-video-preview:-1"},"canonical":"https:\/\/cardinal-tapes.com\/fr\/rubans-adh\u00e9sifs\/secteur-du-transport\/tesa-6005-derouleur-a-main-copie\/","og_locale":"fr_FR","og_type":"article","og_title":"Tesa 6005 D\u00e9rouleur manuel | Cardinal TAPES","og_description":"Le tesa \u00ae d\u00e9vidoir manuel 6005 est un d\u00e9vidoir manuel tr\u00e8s robuste et professionnel pour l'utilisation des rubans adh\u00e9sifs d'emballage tesa \u00ae jusqu'\u00e0 25 mm de large.Pour l'utilisation des rubans adh\u00e9sifs tesa pack\u00ae jusqu'\u00e0 25 mm de large et max. Diam\u00e8tre des rouleaux de 170 mm.","og_url":"https:\/\/cardinal-tapes.com\/fr\/rubans-adh\u00e9sifs\/secteur-du-transport\/tesa-6005-derouleur-a-main-copie\/","og_site_name":"cardinal TAPES","og_image":[{"width":480,"height":640,"url":"https:\/\/cardinal-tapes.com\/wp-content\/uploads\/tesa-06005-pr-002-fullsize172677_canvas1x1_6.jpg","type":"image\/jpeg"}],"twitter_card":"summary_large_image","twitter_misc":{"Dur\u00e9e de lecture estim\u00e9e":"1 minute"},"schema":{"@context":"https:\/\/schema.org","@graph":[{"@type":"WebPage","@id":"https:\/\/cardinal-tapes.com\/fr\/rubans-adh\u00e9sifs\/secteur-du-transport\/tesa-6005-derouleur-a-main-copie\/","url":"https:\/\/cardinal-tapes.com\/fr\/rubans-adh\u00e9sifs\/secteur-du-transport\/tesa-6005-derouleur-a-main-copie\/","name":"Tesa 6005 D\u00e9rouleur manuel | Cardinal TAPES","isPartOf":{"@id":"https:\/\/cardinal-tapes.com\/#website"},"primaryImageOfPage":{"@id":"https:\/\/cardinal-tapes.com\/fr\/rubans-adh\u00e9sifs\/secteur-du-transport\/tesa-6005-derouleur-a-main-copie\/#primaryimage"},"image":{"@id":"https:\/\/cardinal-tapes.com\/fr\/rubans-adh\u00e9sifs\/secteur-du-transport\/tesa-6005-derouleur-a-main-copie\/#primaryimage"},"thumbnailUrl":"https:\/\/cardinal-tapes.com\/wp-content\/uploads\/tesa-06005-pr-002-fullsize172677_canvas1x1_6.jpg","datePublished":"2023-06-05T15:08:14+00:00","description":"Le tesa \u00ae d\u00e9vidoir manuel 6005 est un d\u00e9vidoir manuel tr\u00e8s robuste et professionnel pour l'utilisation des rubans adh\u00e9sifs d'emballage tesa \u00ae jusqu'\u00e0 25 mm de large.Pour l'utilisation des rubans adh\u00e9sifs tesa pack\u00ae jusqu'\u00e0 25 mm de large et max. Diam\u00e8tre des rouleaux de 170 mm.","breadcrumb":{"@id":"https:\/\/cardinal-tapes.com\/fr\/rubans-adh\u00e9sifs\/secteur-du-transport\/tesa-6005-derouleur-a-main-copie\/#breadcrumb"},"inLanguage":"fr-FR","potentialAction":[{"@type":"ReadAction","target":["https:\/\/cardinal-tapes.com\/fr\/rubans-adh\u00e9sifs\/secteur-du-transport\/tesa-6005-derouleur-a-main-copie\/"]}]},{"@type":"ImageObject","inLanguage":"fr-FR","@id":"https:\/\/cardinal-tapes.com\/fr\/rubans-adh\u00e9sifs\/secteur-du-transport\/tesa-6005-derouleur-a-main-copie\/#primaryimage","url":"https:\/\/cardinal-tapes.com\/wp-content\/uploads\/tesa-06005-pr-002-fullsize172677_canvas1x1_6.jpg","contentUrl":"https:\/\/cardinal-tapes.com\/wp-content\/uploads\/tesa-06005-pr-002-fullsize172677_canvas1x1_6.jpg","width":480,"height":640},{"@type":"BreadcrumbList","@id":"https:\/\/cardinal-tapes.com\/fr\/rubans-adh\u00e9sifs\/secteur-du-transport\/tesa-6005-derouleur-a-main-copie\/#breadcrumb","itemListElement":[{"@type":"ListItem","position":1,"name":"Startseite","item":"https:\/\/cardinal-tapes.com\/fr\/accueil\/"},{"@type":"ListItem","position":2,"name":"Rubans adh\u00e9sifs","item":"https:\/\/cardinal-tapes.com\/fr\/rubans-adhesifs-fr\/"},{"@type":"ListItem","position":3,"name":"Secteur du transport","item":"https:\/\/cardinal-tapes.com\/fr\/catgorie\/secteur-du-transport\/"},{"@type":"ListItem","position":4,"name":"tesa\u00ae D\u00e9rouleur manuel 6005"}]},{"@type":"WebSite","@id":"https:\/\/cardinal-tapes.com\/#website","url":"https:\/\/cardinal-tapes.com\/","name":"cardinal TAPES","description":"Klebetechnik aus Wuppertal","potentialAction":[{"@type":"SearchAction","target":{"@type":"EntryPoint","urlTemplate":"https:\/\/cardinal-tapes.com\/?s={search_term_string}"},"query-input":{"@type":"PropertyValueSpecification","valueRequired":true,"valueName":"search_term_string"}}],"inLanguage":"fr-FR"}]}},"brands":[{"id":2165,"name":"tesa","slug":"tesa-fr"}],"_links":{"self":[{"href":"https:\/\/cardinal-tapes.com\/fr\/wp-json\/wp\/v2\/product\/50280","targetHints":{"allow":["GET"]}}],"collection":[{"href":"https:\/\/cardinal-tapes.com\/fr\/wp-json\/wp\/v2\/product"}],"about":[{"href":"https:\/\/cardinal-tapes.com\/fr\/wp-json\/wp\/v2\/types\/product"}],"wp:featuredmedia":[{"embeddable":true,"href":"https:\/\/cardinal-tapes.com\/fr\/wp-json\/wp\/v2\/media\/28272"}],"wp:attachment":[{"href":"https:\/\/cardinal-tapes.com\/fr\/wp-json\/wp\/v2\/media?parent=50280"}],"wp:term":[{"taxonomy":"pwb-brand","embeddable":true,"href":"https:\/\/cardinal-tapes.com\/fr\/wp-json\/wp\/v2\/pwb-brand?post=50280"},{"taxonomy":"product_brand","embeddable":true,"href":"https:\/\/cardinal-tapes.com\/fr\/wp-json\/wp\/v2\/product_brand?post=50280"},{"taxonomy":"product_cat","embeddable":true,"href":"https:\/\/cardinal-tapes.com\/fr\/wp-json\/wp\/v2\/product_cat?post=50280"},{"taxonomy":"product_tag","embeddable":true,"href":"https:\/\/cardinal-tapes.com\/fr\/wp-json\/wp\/v2\/product_tag?post=50280"}],"curies":[{"name":"wp","href":"https:\/\/api.w.org\/{rel}","templated":true}]}}