{"id":50268,"date":"2020-07-23T10:40:34","date_gmt":"2023-06-05T15:08:13","guid":{"rendered":"https:\/\/cardinal.pixel-tal.de\/klebebaender\/non class\u00e9\/tesa-56402-derouleur-manuel-de-ruban-demballage\/"},"modified":"2023-06-05T17:08:13","modified_gmt":"2023-06-05T15:08:13","slug":"tesa-56402-premium-derouleur-manuel-copie","status":"publish","type":"product","link":"https:\/\/cardinal-tapes.com\/fr\/rubans-adh\u00e9sifs\/domaines-dapplication\/secteur-du-transport\/tesa-56402-premium-derouleur-manuel-copie\/","title":{"rendered":"tesa \u00ae 56402 D\u00e9rouleur manuel de ruban d&#8217;emballage"},"content":{"rendered":"<p>Le <sup>tesa\u00ae<\/sup> 56402 est un d\u00e9vidoir manuel tr\u00e8s robuste et professionnel pour l&#8217;utilisation des rubans adh\u00e9sifs d&#8217;emballage <sup>tesa\u00ae<\/sup> jusqu&#8217;\u00e0 50 mm de large.<\/p>\n<p><strong>Caract\u00e9ristiques<\/strong><br \/>\n&#8211; Frein de rouleau r\u00e9glable manuellement<br \/>\n&#8211; Couteau dissimul\u00e9 (protection contre les blessures)<br \/>\n&#8211; 2 rouleaux de pression pour une manipulation facile<br \/>\n&#8211; g\u00e2chette de la lame pour d\u00e9clencher le couteau<\/p>\n<p><strong>Applications<\/strong><br \/>\n&#8211; Pour la mise en \u0153uvre de rubans adh\u00e9sifs <sup>tesapack\u00ae<\/sup> jusqu&#8217;\u00e0 50 mm de large et max. Diam\u00e8tre des rouleaux de 170 mm.<\/p>\n","protected":false},"excerpt":{"rendered":"<p>Le tesa\u00ae 56402 est un d\u00e9vidoir manuel tr\u00e8s robuste et professionnel pour l&#8217;utilisation des rubans adh\u00e9sifs d&#8217;emballage tesa\u00ae jusqu&#8217;\u00e0 50 mm de large. Caract\u00e9ristiques &#8211; Frein de rouleau r\u00e9glable manuellement &#8211; Couteau dissimul\u00e9 (protection contre les blessures) &#8211; 2 rouleaux de pression pour une manipulation facile &#8211; g\u00e2chette de la lame pour d\u00e9clencher le couteau [&hellip;]<\/p>\n","protected":false},"featured_media":28268,"template":"","meta":{"_acf_changed":false},"pwb-brand":[2165],"product_brand":[],"product_cat":[1772,1836,1859],"product_tag":[],"class_list":{"0":"post-50268","1":"product","2":"type-product","3":"status-publish","4":"has-post-thumbnail","6":"pwb-brand-tesa-fr","7":"product_cat-secteur-du-transport","8":"product_cat-rubans-adhesifs-simple-face","9":"product_cat-systemes-demballage","11":"first","12":"instock","13":"taxable","14":"shipping-taxable","15":"purchasable","16":"product-type-variable"},"acf":[],"yoast_head":"<!-- This site is optimized with the Yoast SEO plugin v27.3 - https:\/\/yoast.com\/product\/yoast-seo-wordpress\/ -->\n<title>tesa \u00ae 56402 D\u00e9rouleur manuel de ruban d&#039;emballage | Cardinal TAPES<\/title>\n<meta name=\"description\" content=\"D\u00e9rouleur manuel Premium avec frein de rouleau et aide \u00e0 la coupe, jusqu&#039;\u00e0 une largeur de rouleau de 50 mm. Le tesa \u00ae 56402 est un d\u00e9vidoir manuel tr\u00e8s robuste et professionnel pour l&#039;application de tesa \u00ae.\" \/>\n<meta name=\"robots\" content=\"index, follow, max-snippet:-1, max-image-preview:large, max-video-preview:-1\" \/>\n<link rel=\"canonical\" href=\"https:\/\/cardinal-tapes.com\/fr\/rubans-adh\u00e9sifs\/secteur-du-transport\/tesa-56402-premium-derouleur-manuel-copie\/\" \/>\n<meta property=\"og:locale\" content=\"fr_FR\" \/>\n<meta property=\"og:type\" content=\"article\" \/>\n<meta property=\"og:title\" content=\"tesa \u00ae 56402 D\u00e9rouleur manuel de ruban d&#039;emballage | Cardinal TAPES\" \/>\n<meta property=\"og:description\" content=\"D\u00e9rouleur manuel Premium avec frein de rouleau et aide \u00e0 la coupe, jusqu&#039;\u00e0 une largeur de rouleau de 50 mm. Le tesa \u00ae 56402 est un d\u00e9vidoir manuel tr\u00e8s robuste et professionnel pour l&#039;application de tesa \u00ae.\" \/>\n<meta property=\"og:url\" content=\"https:\/\/cardinal-tapes.com\/fr\/rubans-adh\u00e9sifs\/secteur-du-transport\/tesa-56402-premium-derouleur-manuel-copie\/\" \/>\n<meta property=\"og:site_name\" content=\"cardinal TAPES\" \/>\n<meta property=\"og:image\" content=\"https:\/\/cardinal-tapes.com\/wp-content\/uploads\/tesa-56402-pr-001-tif592883_canvas1x1_6.jpg\" \/>\n\t<meta property=\"og:image:width\" content=\"480\" \/>\n\t<meta property=\"og:image:height\" content=\"640\" \/>\n\t<meta property=\"og:image:type\" content=\"image\/jpeg\" \/>\n<meta name=\"twitter:card\" content=\"summary_large_image\" \/>\n<script type=\"application\/ld+json\" class=\"yoast-schema-graph\">{\"@context\":\"https:\\\/\\\/schema.org\",\"@graph\":[{\"@type\":\"WebPage\",\"@id\":\"https:\\\/\\\/cardinal-tapes.com\\\/fr\\\/rubans-adh\u00e9sifs\\\/secteur-du-transport\\\/tesa-56402-premium-derouleur-manuel-copie\\\/\",\"url\":\"https:\\\/\\\/cardinal-tapes.com\\\/fr\\\/rubans-adh\u00e9sifs\\\/secteur-du-transport\\\/tesa-56402-premium-derouleur-manuel-copie\\\/\",\"name\":\"tesa \u00ae 56402 D\u00e9rouleur manuel de ruban d'emballage | Cardinal TAPES\",\"isPartOf\":{\"@id\":\"https:\\\/\\\/cardinal-tapes.com\\\/#website\"},\"primaryImageOfPage\":{\"@id\":\"https:\\\/\\\/cardinal-tapes.com\\\/fr\\\/rubans-adh\u00e9sifs\\\/secteur-du-transport\\\/tesa-56402-premium-derouleur-manuel-copie\\\/#primaryimage\"},\"image\":{\"@id\":\"https:\\\/\\\/cardinal-tapes.com\\\/fr\\\/rubans-adh\u00e9sifs\\\/secteur-du-transport\\\/tesa-56402-premium-derouleur-manuel-copie\\\/#primaryimage\"},\"thumbnailUrl\":\"https:\\\/\\\/cardinal-tapes.com\\\/wp-content\\\/uploads\\\/tesa-56402-pr-001-tif592883_canvas1x1_6.jpg\",\"datePublished\":\"2023-06-05T15:08:13+00:00\",\"description\":\"D\u00e9rouleur manuel Premium avec frein de rouleau et aide \u00e0 la coupe, jusqu'\u00e0 une largeur de rouleau de 50 mm. Le tesa \u00ae 56402 est un d\u00e9vidoir manuel tr\u00e8s robuste et professionnel pour l'application de tesa \u00ae.\",\"breadcrumb\":{\"@id\":\"https:\\\/\\\/cardinal-tapes.com\\\/fr\\\/rubans-adh\u00e9sifs\\\/secteur-du-transport\\\/tesa-56402-premium-derouleur-manuel-copie\\\/#breadcrumb\"},\"inLanguage\":\"fr-FR\",\"potentialAction\":[{\"@type\":\"ReadAction\",\"target\":[\"https:\\\/\\\/cardinal-tapes.com\\\/fr\\\/rubans-adh\u00e9sifs\\\/secteur-du-transport\\\/tesa-56402-premium-derouleur-manuel-copie\\\/\"]}]},{\"@type\":\"ImageObject\",\"inLanguage\":\"fr-FR\",\"@id\":\"https:\\\/\\\/cardinal-tapes.com\\\/fr\\\/rubans-adh\u00e9sifs\\\/secteur-du-transport\\\/tesa-56402-premium-derouleur-manuel-copie\\\/#primaryimage\",\"url\":\"https:\\\/\\\/cardinal-tapes.com\\\/wp-content\\\/uploads\\\/tesa-56402-pr-001-tif592883_canvas1x1_6.jpg\",\"contentUrl\":\"https:\\\/\\\/cardinal-tapes.com\\\/wp-content\\\/uploads\\\/tesa-56402-pr-001-tif592883_canvas1x1_6.jpg\",\"width\":480,\"height\":640},{\"@type\":\"BreadcrumbList\",\"@id\":\"https:\\\/\\\/cardinal-tapes.com\\\/fr\\\/rubans-adh\u00e9sifs\\\/secteur-du-transport\\\/tesa-56402-premium-derouleur-manuel-copie\\\/#breadcrumb\",\"itemListElement\":[{\"@type\":\"ListItem\",\"position\":1,\"name\":\"Startseite\",\"item\":\"https:\\\/\\\/cardinal-tapes.com\\\/fr\\\/accueil\\\/\"},{\"@type\":\"ListItem\",\"position\":2,\"name\":\"Rubans adh\u00e9sifs\",\"item\":\"https:\\\/\\\/cardinal-tapes.com\\\/fr\\\/rubans-adhesifs-fr\\\/\"},{\"@type\":\"ListItem\",\"position\":3,\"name\":\"Secteur du transport\",\"item\":\"https:\\\/\\\/cardinal-tapes.com\\\/fr\\\/catgorie\\\/secteur-du-transport\\\/\"},{\"@type\":\"ListItem\",\"position\":4,\"name\":\"tesa \u00ae 56402 D\u00e9rouleur manuel de ruban d&#8217;emballage\"}]},{\"@type\":\"WebSite\",\"@id\":\"https:\\\/\\\/cardinal-tapes.com\\\/#website\",\"url\":\"https:\\\/\\\/cardinal-tapes.com\\\/\",\"name\":\"cardinal TAPES\",\"description\":\"Klebetechnik aus Wuppertal\",\"potentialAction\":[{\"@type\":\"SearchAction\",\"target\":{\"@type\":\"EntryPoint\",\"urlTemplate\":\"https:\\\/\\\/cardinal-tapes.com\\\/?s={search_term_string}\"},\"query-input\":{\"@type\":\"PropertyValueSpecification\",\"valueRequired\":true,\"valueName\":\"search_term_string\"}}],\"inLanguage\":\"fr-FR\"}]}<\/script>\n<!-- \/ Yoast SEO plugin. -->","yoast_head_json":{"title":"tesa \u00ae 56402 D\u00e9rouleur manuel de ruban d'emballage | Cardinal TAPES","description":"D\u00e9rouleur manuel Premium avec frein de rouleau et aide \u00e0 la coupe, jusqu'\u00e0 une largeur de rouleau de 50 mm. Le tesa \u00ae 56402 est un d\u00e9vidoir manuel tr\u00e8s robuste et professionnel pour l'application de tesa \u00ae.","robots":{"index":"index","follow":"follow","max-snippet":"max-snippet:-1","max-image-preview":"max-image-preview:large","max-video-preview":"max-video-preview:-1"},"canonical":"https:\/\/cardinal-tapes.com\/fr\/rubans-adh\u00e9sifs\/secteur-du-transport\/tesa-56402-premium-derouleur-manuel-copie\/","og_locale":"fr_FR","og_type":"article","og_title":"tesa \u00ae 56402 D\u00e9rouleur manuel de ruban d'emballage | Cardinal TAPES","og_description":"D\u00e9rouleur manuel Premium avec frein de rouleau et aide \u00e0 la coupe, jusqu'\u00e0 une largeur de rouleau de 50 mm. Le tesa \u00ae 56402 est un d\u00e9vidoir manuel tr\u00e8s robuste et professionnel pour l'application de tesa \u00ae.","og_url":"https:\/\/cardinal-tapes.com\/fr\/rubans-adh\u00e9sifs\/secteur-du-transport\/tesa-56402-premium-derouleur-manuel-copie\/","og_site_name":"cardinal TAPES","og_image":[{"width":480,"height":640,"url":"https:\/\/cardinal-tapes.com\/wp-content\/uploads\/tesa-56402-pr-001-tif592883_canvas1x1_6.jpg","type":"image\/jpeg"}],"twitter_card":"summary_large_image","schema":{"@context":"https:\/\/schema.org","@graph":[{"@type":"WebPage","@id":"https:\/\/cardinal-tapes.com\/fr\/rubans-adh\u00e9sifs\/secteur-du-transport\/tesa-56402-premium-derouleur-manuel-copie\/","url":"https:\/\/cardinal-tapes.com\/fr\/rubans-adh\u00e9sifs\/secteur-du-transport\/tesa-56402-premium-derouleur-manuel-copie\/","name":"tesa \u00ae 56402 D\u00e9rouleur manuel de ruban d'emballage | Cardinal TAPES","isPartOf":{"@id":"https:\/\/cardinal-tapes.com\/#website"},"primaryImageOfPage":{"@id":"https:\/\/cardinal-tapes.com\/fr\/rubans-adh\u00e9sifs\/secteur-du-transport\/tesa-56402-premium-derouleur-manuel-copie\/#primaryimage"},"image":{"@id":"https:\/\/cardinal-tapes.com\/fr\/rubans-adh\u00e9sifs\/secteur-du-transport\/tesa-56402-premium-derouleur-manuel-copie\/#primaryimage"},"thumbnailUrl":"https:\/\/cardinal-tapes.com\/wp-content\/uploads\/tesa-56402-pr-001-tif592883_canvas1x1_6.jpg","datePublished":"2023-06-05T15:08:13+00:00","description":"D\u00e9rouleur manuel Premium avec frein de rouleau et aide \u00e0 la coupe, jusqu'\u00e0 une largeur de rouleau de 50 mm. Le tesa \u00ae 56402 est un d\u00e9vidoir manuel tr\u00e8s robuste et professionnel pour l'application de tesa \u00ae.","breadcrumb":{"@id":"https:\/\/cardinal-tapes.com\/fr\/rubans-adh\u00e9sifs\/secteur-du-transport\/tesa-56402-premium-derouleur-manuel-copie\/#breadcrumb"},"inLanguage":"fr-FR","potentialAction":[{"@type":"ReadAction","target":["https:\/\/cardinal-tapes.com\/fr\/rubans-adh\u00e9sifs\/secteur-du-transport\/tesa-56402-premium-derouleur-manuel-copie\/"]}]},{"@type":"ImageObject","inLanguage":"fr-FR","@id":"https:\/\/cardinal-tapes.com\/fr\/rubans-adh\u00e9sifs\/secteur-du-transport\/tesa-56402-premium-derouleur-manuel-copie\/#primaryimage","url":"https:\/\/cardinal-tapes.com\/wp-content\/uploads\/tesa-56402-pr-001-tif592883_canvas1x1_6.jpg","contentUrl":"https:\/\/cardinal-tapes.com\/wp-content\/uploads\/tesa-56402-pr-001-tif592883_canvas1x1_6.jpg","width":480,"height":640},{"@type":"BreadcrumbList","@id":"https:\/\/cardinal-tapes.com\/fr\/rubans-adh\u00e9sifs\/secteur-du-transport\/tesa-56402-premium-derouleur-manuel-copie\/#breadcrumb","itemListElement":[{"@type":"ListItem","position":1,"name":"Startseite","item":"https:\/\/cardinal-tapes.com\/fr\/accueil\/"},{"@type":"ListItem","position":2,"name":"Rubans adh\u00e9sifs","item":"https:\/\/cardinal-tapes.com\/fr\/rubans-adhesifs-fr\/"},{"@type":"ListItem","position":3,"name":"Secteur du transport","item":"https:\/\/cardinal-tapes.com\/fr\/catgorie\/secteur-du-transport\/"},{"@type":"ListItem","position":4,"name":"tesa \u00ae 56402 D\u00e9rouleur manuel de ruban d&#8217;emballage"}]},{"@type":"WebSite","@id":"https:\/\/cardinal-tapes.com\/#website","url":"https:\/\/cardinal-tapes.com\/","name":"cardinal TAPES","description":"Klebetechnik aus Wuppertal","potentialAction":[{"@type":"SearchAction","target":{"@type":"EntryPoint","urlTemplate":"https:\/\/cardinal-tapes.com\/?s={search_term_string}"},"query-input":{"@type":"PropertyValueSpecification","valueRequired":true,"valueName":"search_term_string"}}],"inLanguage":"fr-FR"}]}},"brands":[{"id":2165,"name":"tesa","slug":"tesa-fr"}],"_links":{"self":[{"href":"https:\/\/cardinal-tapes.com\/fr\/wp-json\/wp\/v2\/product\/50268","targetHints":{"allow":["GET"]}}],"collection":[{"href":"https:\/\/cardinal-tapes.com\/fr\/wp-json\/wp\/v2\/product"}],"about":[{"href":"https:\/\/cardinal-tapes.com\/fr\/wp-json\/wp\/v2\/types\/product"}],"wp:featuredmedia":[{"embeddable":true,"href":"https:\/\/cardinal-tapes.com\/fr\/wp-json\/wp\/v2\/media\/28268"}],"wp:attachment":[{"href":"https:\/\/cardinal-tapes.com\/fr\/wp-json\/wp\/v2\/media?parent=50268"}],"wp:term":[{"taxonomy":"pwb-brand","embeddable":true,"href":"https:\/\/cardinal-tapes.com\/fr\/wp-json\/wp\/v2\/pwb-brand?post=50268"},{"taxonomy":"product_brand","embeddable":true,"href":"https:\/\/cardinal-tapes.com\/fr\/wp-json\/wp\/v2\/product_brand?post=50268"},{"taxonomy":"product_cat","embeddable":true,"href":"https:\/\/cardinal-tapes.com\/fr\/wp-json\/wp\/v2\/product_cat?post=50268"},{"taxonomy":"product_tag","embeddable":true,"href":"https:\/\/cardinal-tapes.com\/fr\/wp-json\/wp\/v2\/product_tag?post=50268"}],"curies":[{"name":"wp","href":"https:\/\/api.w.org\/{rel}","templated":true}]}}