{"id":49768,"date":"2020-10-08T10:24:47","date_gmt":"2023-06-05T15:07:54","guid":{"rendered":"https:\/\/cardinal.pixel-tal.de\/klebebaender\/non%20class\u00e9\/tesa-4306-profi-plus-crepe-de-peintre\/"},"modified":"2025-07-02T13:12:07","modified_gmt":"2025-07-02T11:12:07","slug":"tesa-4306-profi-plus-crepe-de-peintre","status":"publish","type":"product","link":"https:\/\/cardinal-tapes.com\/fr\/rubans-adh\u00e9sifs\/domaines-dapplication\/ruban-adhesif-en-papier\/tesa-4306-profi-plus-crepe-de-peintre\/","title":{"rendered":"tesa\u00ae 4306 Profi PLUS Cr\u00eape de peintre"},"content":{"rendered":"<p><sup>tesakrepp\u00ae<\/sup> 4306 est un ruban de peintre compos\u00e9 d&#8217;un support papier souple, plat et l\u00e9g\u00e8rement cr\u00eap\u00e9. Le produit a \u00e9t\u00e9 sp\u00e9cialement con\u00e7u pour les applications de peinture en int\u00e9rieur. Le support papier impr\u00e9gn\u00e9 et verni est dot\u00e9 d&#8217;une masse adh\u00e9sive en caoutchouc tr\u00e8s adh\u00e9rente, qui permet d&#8217;obtenir une excellente adh\u00e9rence et un bord color\u00e9 pr\u00e9cis. Apr\u00e8s 7 jours de collage, il est possible de l&#8217;enlever facilement et proprement.<\/p>\n<p><strong>Caract\u00e9ristiques<\/strong><br \/>\n&#8211; Bonne adh\u00e9rence sur les peintures<br \/>\n&#8211; D\u00e9chirable \u00e0 la main<\/p>\n<p><strong>Applications<\/strong><br \/>\n&#8211; travaux de peinture et de masquage \u00e0 l&#8217;int\u00e9rieur et \u00e0 l&#8217;ext\u00e9rieur<br \/>\n&#8211; masquage et protection de longues lignes droites<\/p>\n","protected":false},"excerpt":{"rendered":"<p>tesakrepp\u00ae 4306 est un ruban de peintre compos\u00e9 d&#8217;un support papier souple, plat et l\u00e9g\u00e8rement cr\u00eap\u00e9. Le produit a \u00e9t\u00e9 sp\u00e9cialement con\u00e7u pour les applications de peinture en int\u00e9rieur. Le support papier impr\u00e9gn\u00e9 et verni est dot\u00e9 d&#8217;une masse adh\u00e9sive en caoutchouc tr\u00e8s adh\u00e9rente, qui permet d&#8217;obtenir une excellente adh\u00e9rence et un bord color\u00e9 pr\u00e9cis. [&hellip;]<\/p>\n","protected":false},"featured_media":28436,"template":"","meta":{"_acf_changed":false},"pwb-brand":[2165],"product_brand":[],"product_cat":[1766,1836],"product_tag":[],"class_list":{"0":"post-49768","1":"product","2":"type-product","3":"status-publish","4":"has-post-thumbnail","6":"pwb-brand-tesa-fr","7":"product_cat-ruban-adhesif-en-papier","8":"product_cat-rubans-adhesifs-simple-face","10":"first","11":"instock","12":"taxable","13":"shipping-taxable","14":"purchasable","15":"product-type-variable"},"acf":[],"yoast_head":"<!-- This site is optimized with the Yoast SEO plugin v27.3 - https:\/\/yoast.com\/product\/yoast-seo-wordpress\/ -->\n<title>tesa\u00ae 4306 Profi PLUS Cr\u00eape de peintre | Cardinal TAPES<\/title>\n<meta name=\"description\" content=\"tesa\u00ae 4306 Profi PLUS Cr\u00eape de peintre est compos\u00e9 d&#039;un support en papier sp\u00e9cial, souple, r\u00e9sistant \u00e0 la d\u00e9chirure et plat, dot\u00e9 d&#039;une masse adh\u00e9sive moderne en caoutchouc naturel, sans solvants, qui pr\u00e9sente un pouvoir adh\u00e9sif particuli\u00e8rement \u00e9quilibr\u00e9.\" \/>\n<meta name=\"robots\" content=\"index, follow, max-snippet:-1, max-image-preview:large, max-video-preview:-1\" \/>\n<link rel=\"canonical\" href=\"https:\/\/cardinal-tapes.com\/fr\/rubans-adh\u00e9sifs\/domaines-dapplication\/ruban-adhesif-en-papier\/tesa-4306-profi-plus-crepe-de-peintre\/\" \/>\n<meta property=\"og:locale\" content=\"fr_FR\" \/>\n<meta property=\"og:type\" content=\"article\" \/>\n<meta property=\"og:title\" content=\"tesa\u00ae 4306 Profi PLUS Cr\u00eape de peintre | Cardinal TAPES\" \/>\n<meta property=\"og:description\" content=\"tesa\u00ae 4306 Profi PLUS Cr\u00eape de peintre est compos\u00e9 d&#039;un support en papier sp\u00e9cial, souple, r\u00e9sistant \u00e0 la d\u00e9chirure et plat, dot\u00e9 d&#039;une masse adh\u00e9sive moderne en caoutchouc naturel, sans solvants, qui pr\u00e9sente un pouvoir adh\u00e9sif particuli\u00e8rement \u00e9quilibr\u00e9.\" \/>\n<meta property=\"og:url\" content=\"https:\/\/cardinal-tapes.com\/fr\/rubans-adh\u00e9sifs\/domaines-dapplication\/ruban-adhesif-en-papier\/tesa-4306-profi-plus-crepe-de-peintre\/\" \/>\n<meta property=\"og:site_name\" content=\"cardinal TAPES\" \/>\n<meta property=\"article:modified_time\" content=\"2025-07-02T11:12:07+00:00\" \/>\n<meta property=\"og:image\" content=\"https:\/\/cardinal-tapes.com\/wp-content\/uploads\/tesa-04306-pr-0012095451_canvas1x1_5.jpg\" \/>\n\t<meta property=\"og:image:width\" content=\"501\" \/>\n\t<meta property=\"og:image:height\" content=\"206\" \/>\n\t<meta property=\"og:image:type\" content=\"image\/jpeg\" \/>\n<meta name=\"twitter:card\" content=\"summary_large_image\" \/>\n<meta name=\"twitter:label1\" content=\"Dur\u00e9e de lecture estim\u00e9e\" \/>\n\t<meta name=\"twitter:data1\" content=\"1 minute\" \/>\n<script type=\"application\/ld+json\" class=\"yoast-schema-graph\">{\"@context\":\"https:\\\/\\\/schema.org\",\"@graph\":[{\"@type\":\"WebPage\",\"@id\":\"https:\\\/\\\/cardinal-tapes.com\\\/fr\\\/rubans-adh\u00e9sifs\\\/domaines-dapplication\\\/ruban-adhesif-en-papier\\\/tesa-4306-profi-plus-crepe-de-peintre\\\/\",\"url\":\"https:\\\/\\\/cardinal-tapes.com\\\/fr\\\/rubans-adh\u00e9sifs\\\/domaines-dapplication\\\/ruban-adhesif-en-papier\\\/tesa-4306-profi-plus-crepe-de-peintre\\\/\",\"name\":\"tesa\u00ae 4306 Profi PLUS Cr\u00eape de peintre | Cardinal TAPES\",\"isPartOf\":{\"@id\":\"https:\\\/\\\/cardinal-tapes.com\\\/#website\"},\"primaryImageOfPage\":{\"@id\":\"https:\\\/\\\/cardinal-tapes.com\\\/fr\\\/rubans-adh\u00e9sifs\\\/domaines-dapplication\\\/ruban-adhesif-en-papier\\\/tesa-4306-profi-plus-crepe-de-peintre\\\/#primaryimage\"},\"image\":{\"@id\":\"https:\\\/\\\/cardinal-tapes.com\\\/fr\\\/rubans-adh\u00e9sifs\\\/domaines-dapplication\\\/ruban-adhesif-en-papier\\\/tesa-4306-profi-plus-crepe-de-peintre\\\/#primaryimage\"},\"thumbnailUrl\":\"https:\\\/\\\/cardinal-tapes.com\\\/wp-content\\\/uploads\\\/tesa-04306-pr-0012095451_canvas1x1_5.jpg\",\"datePublished\":\"2023-06-05T15:07:54+00:00\",\"dateModified\":\"2025-07-02T11:12:07+00:00\",\"description\":\"tesa\u00ae 4306 Profi PLUS Cr\u00eape de peintre est compos\u00e9 d'un support en papier sp\u00e9cial, souple, r\u00e9sistant \u00e0 la d\u00e9chirure et plat, dot\u00e9 d'une masse adh\u00e9sive moderne en caoutchouc naturel, sans solvants, qui pr\u00e9sente un pouvoir adh\u00e9sif particuli\u00e8rement \u00e9quilibr\u00e9.\",\"breadcrumb\":{\"@id\":\"https:\\\/\\\/cardinal-tapes.com\\\/fr\\\/rubans-adh\u00e9sifs\\\/domaines-dapplication\\\/ruban-adhesif-en-papier\\\/tesa-4306-profi-plus-crepe-de-peintre\\\/#breadcrumb\"},\"inLanguage\":\"fr-FR\",\"potentialAction\":[{\"@type\":\"ReadAction\",\"target\":[\"https:\\\/\\\/cardinal-tapes.com\\\/fr\\\/rubans-adh\u00e9sifs\\\/domaines-dapplication\\\/ruban-adhesif-en-papier\\\/tesa-4306-profi-plus-crepe-de-peintre\\\/\"]}]},{\"@type\":\"ImageObject\",\"inLanguage\":\"fr-FR\",\"@id\":\"https:\\\/\\\/cardinal-tapes.com\\\/fr\\\/rubans-adh\u00e9sifs\\\/domaines-dapplication\\\/ruban-adhesif-en-papier\\\/tesa-4306-profi-plus-crepe-de-peintre\\\/#primaryimage\",\"url\":\"https:\\\/\\\/cardinal-tapes.com\\\/wp-content\\\/uploads\\\/tesa-04306-pr-0012095451_canvas1x1_5.jpg\",\"contentUrl\":\"https:\\\/\\\/cardinal-tapes.com\\\/wp-content\\\/uploads\\\/tesa-04306-pr-0012095451_canvas1x1_5.jpg\",\"width\":501,\"height\":206},{\"@type\":\"BreadcrumbList\",\"@id\":\"https:\\\/\\\/cardinal-tapes.com\\\/fr\\\/rubans-adh\u00e9sifs\\\/domaines-dapplication\\\/ruban-adhesif-en-papier\\\/tesa-4306-profi-plus-crepe-de-peintre\\\/#breadcrumb\",\"itemListElement\":[{\"@type\":\"ListItem\",\"position\":1,\"name\":\"Startseite\",\"item\":\"https:\\\/\\\/cardinal-tapes.com\\\/fr\\\/accueil\\\/\"},{\"@type\":\"ListItem\",\"position\":2,\"name\":\"Rubans adh\u00e9sifs\",\"item\":\"https:\\\/\\\/cardinal-tapes.com\\\/fr\\\/rubans-adhesifs-fr\\\/\"},{\"@type\":\"ListItem\",\"position\":3,\"name\":\"Single sided adhesive tapes\",\"item\":\"https:\\\/\\\/cardinal-tapes.com\\\/en\\\/category\\\/single-sided-adhesive-tapes\\\/\"},{\"@type\":\"ListItem\",\"position\":4,\"name\":\"tesa\u00ae 4306 Profi PLUS Cr\u00eape de peintre\"}]},{\"@type\":\"WebSite\",\"@id\":\"https:\\\/\\\/cardinal-tapes.com\\\/#website\",\"url\":\"https:\\\/\\\/cardinal-tapes.com\\\/\",\"name\":\"cardinal TAPES\",\"description\":\"Klebetechnik aus Wuppertal\",\"potentialAction\":[{\"@type\":\"SearchAction\",\"target\":{\"@type\":\"EntryPoint\",\"urlTemplate\":\"https:\\\/\\\/cardinal-tapes.com\\\/?s={search_term_string}\"},\"query-input\":{\"@type\":\"PropertyValueSpecification\",\"valueRequired\":true,\"valueName\":\"search_term_string\"}}],\"inLanguage\":\"fr-FR\"}]}<\/script>\n<!-- \/ Yoast SEO plugin. -->","yoast_head_json":{"title":"tesa\u00ae 4306 Profi PLUS Cr\u00eape de peintre | Cardinal TAPES","description":"tesa\u00ae 4306 Profi PLUS Cr\u00eape de peintre est compos\u00e9 d'un support en papier sp\u00e9cial, souple, r\u00e9sistant \u00e0 la d\u00e9chirure et plat, dot\u00e9 d'une masse adh\u00e9sive moderne en caoutchouc naturel, sans solvants, qui pr\u00e9sente un pouvoir adh\u00e9sif particuli\u00e8rement \u00e9quilibr\u00e9.","robots":{"index":"index","follow":"follow","max-snippet":"max-snippet:-1","max-image-preview":"max-image-preview:large","max-video-preview":"max-video-preview:-1"},"canonical":"https:\/\/cardinal-tapes.com\/fr\/rubans-adh\u00e9sifs\/domaines-dapplication\/ruban-adhesif-en-papier\/tesa-4306-profi-plus-crepe-de-peintre\/","og_locale":"fr_FR","og_type":"article","og_title":"tesa\u00ae 4306 Profi PLUS Cr\u00eape de peintre | Cardinal TAPES","og_description":"tesa\u00ae 4306 Profi PLUS Cr\u00eape de peintre est compos\u00e9 d'un support en papier sp\u00e9cial, souple, r\u00e9sistant \u00e0 la d\u00e9chirure et plat, dot\u00e9 d'une masse adh\u00e9sive moderne en caoutchouc naturel, sans solvants, qui pr\u00e9sente un pouvoir adh\u00e9sif particuli\u00e8rement \u00e9quilibr\u00e9.","og_url":"https:\/\/cardinal-tapes.com\/fr\/rubans-adh\u00e9sifs\/domaines-dapplication\/ruban-adhesif-en-papier\/tesa-4306-profi-plus-crepe-de-peintre\/","og_site_name":"cardinal TAPES","article_modified_time":"2025-07-02T11:12:07+00:00","og_image":[{"width":501,"height":206,"url":"https:\/\/cardinal-tapes.com\/wp-content\/uploads\/tesa-04306-pr-0012095451_canvas1x1_5.jpg","type":"image\/jpeg"}],"twitter_card":"summary_large_image","twitter_misc":{"Dur\u00e9e de lecture estim\u00e9e":"1 minute"},"schema":{"@context":"https:\/\/schema.org","@graph":[{"@type":"WebPage","@id":"https:\/\/cardinal-tapes.com\/fr\/rubans-adh\u00e9sifs\/domaines-dapplication\/ruban-adhesif-en-papier\/tesa-4306-profi-plus-crepe-de-peintre\/","url":"https:\/\/cardinal-tapes.com\/fr\/rubans-adh\u00e9sifs\/domaines-dapplication\/ruban-adhesif-en-papier\/tesa-4306-profi-plus-crepe-de-peintre\/","name":"tesa\u00ae 4306 Profi PLUS Cr\u00eape de peintre | Cardinal TAPES","isPartOf":{"@id":"https:\/\/cardinal-tapes.com\/#website"},"primaryImageOfPage":{"@id":"https:\/\/cardinal-tapes.com\/fr\/rubans-adh\u00e9sifs\/domaines-dapplication\/ruban-adhesif-en-papier\/tesa-4306-profi-plus-crepe-de-peintre\/#primaryimage"},"image":{"@id":"https:\/\/cardinal-tapes.com\/fr\/rubans-adh\u00e9sifs\/domaines-dapplication\/ruban-adhesif-en-papier\/tesa-4306-profi-plus-crepe-de-peintre\/#primaryimage"},"thumbnailUrl":"https:\/\/cardinal-tapes.com\/wp-content\/uploads\/tesa-04306-pr-0012095451_canvas1x1_5.jpg","datePublished":"2023-06-05T15:07:54+00:00","dateModified":"2025-07-02T11:12:07+00:00","description":"tesa\u00ae 4306 Profi PLUS Cr\u00eape de peintre est compos\u00e9 d'un support en papier sp\u00e9cial, souple, r\u00e9sistant \u00e0 la d\u00e9chirure et plat, dot\u00e9 d'une masse adh\u00e9sive moderne en caoutchouc naturel, sans solvants, qui pr\u00e9sente un pouvoir adh\u00e9sif particuli\u00e8rement \u00e9quilibr\u00e9.","breadcrumb":{"@id":"https:\/\/cardinal-tapes.com\/fr\/rubans-adh\u00e9sifs\/domaines-dapplication\/ruban-adhesif-en-papier\/tesa-4306-profi-plus-crepe-de-peintre\/#breadcrumb"},"inLanguage":"fr-FR","potentialAction":[{"@type":"ReadAction","target":["https:\/\/cardinal-tapes.com\/fr\/rubans-adh\u00e9sifs\/domaines-dapplication\/ruban-adhesif-en-papier\/tesa-4306-profi-plus-crepe-de-peintre\/"]}]},{"@type":"ImageObject","inLanguage":"fr-FR","@id":"https:\/\/cardinal-tapes.com\/fr\/rubans-adh\u00e9sifs\/domaines-dapplication\/ruban-adhesif-en-papier\/tesa-4306-profi-plus-crepe-de-peintre\/#primaryimage","url":"https:\/\/cardinal-tapes.com\/wp-content\/uploads\/tesa-04306-pr-0012095451_canvas1x1_5.jpg","contentUrl":"https:\/\/cardinal-tapes.com\/wp-content\/uploads\/tesa-04306-pr-0012095451_canvas1x1_5.jpg","width":501,"height":206},{"@type":"BreadcrumbList","@id":"https:\/\/cardinal-tapes.com\/fr\/rubans-adh\u00e9sifs\/domaines-dapplication\/ruban-adhesif-en-papier\/tesa-4306-profi-plus-crepe-de-peintre\/#breadcrumb","itemListElement":[{"@type":"ListItem","position":1,"name":"Startseite","item":"https:\/\/cardinal-tapes.com\/fr\/accueil\/"},{"@type":"ListItem","position":2,"name":"Rubans adh\u00e9sifs","item":"https:\/\/cardinal-tapes.com\/fr\/rubans-adhesifs-fr\/"},{"@type":"ListItem","position":3,"name":"Single sided adhesive tapes","item":"https:\/\/cardinal-tapes.com\/en\/category\/single-sided-adhesive-tapes\/"},{"@type":"ListItem","position":4,"name":"tesa\u00ae 4306 Profi PLUS Cr\u00eape de peintre"}]},{"@type":"WebSite","@id":"https:\/\/cardinal-tapes.com\/#website","url":"https:\/\/cardinal-tapes.com\/","name":"cardinal TAPES","description":"Klebetechnik aus Wuppertal","potentialAction":[{"@type":"SearchAction","target":{"@type":"EntryPoint","urlTemplate":"https:\/\/cardinal-tapes.com\/?s={search_term_string}"},"query-input":{"@type":"PropertyValueSpecification","valueRequired":true,"valueName":"search_term_string"}}],"inLanguage":"fr-FR"}]}},"brands":[{"id":2165,"name":"tesa","slug":"tesa-fr"}],"_links":{"self":[{"href":"https:\/\/cardinal-tapes.com\/fr\/wp-json\/wp\/v2\/product\/49768","targetHints":{"allow":["GET"]}}],"collection":[{"href":"https:\/\/cardinal-tapes.com\/fr\/wp-json\/wp\/v2\/product"}],"about":[{"href":"https:\/\/cardinal-tapes.com\/fr\/wp-json\/wp\/v2\/types\/product"}],"wp:featuredmedia":[{"embeddable":true,"href":"https:\/\/cardinal-tapes.com\/fr\/wp-json\/wp\/v2\/media\/28436"}],"wp:attachment":[{"href":"https:\/\/cardinal-tapes.com\/fr\/wp-json\/wp\/v2\/media?parent=49768"}],"wp:term":[{"taxonomy":"pwb-brand","embeddable":true,"href":"https:\/\/cardinal-tapes.com\/fr\/wp-json\/wp\/v2\/pwb-brand?post=49768"},{"taxonomy":"product_brand","embeddable":true,"href":"https:\/\/cardinal-tapes.com\/fr\/wp-json\/wp\/v2\/product_brand?post=49768"},{"taxonomy":"product_cat","embeddable":true,"href":"https:\/\/cardinal-tapes.com\/fr\/wp-json\/wp\/v2\/product_cat?post=49768"},{"taxonomy":"product_tag","embeddable":true,"href":"https:\/\/cardinal-tapes.com\/fr\/wp-json\/wp\/v2\/product_tag?post=49768"}],"curies":[{"name":"wp","href":"https:\/\/api.w.org\/{rel}","templated":true}]}}