{"id":49766,"date":"2020-10-08T09:42:50","date_gmt":"2020-10-08T07:42:50","guid":{"rendered":"https:\/\/cardinal.pixel-tal.de\/klebebaender\/non class\u00e9\/tesakrepp-4434-peau-delephant\/"},"modified":"2023-06-05T17:07:54","modified_gmt":"2023-06-05T15:07:54","slug":"tesakrepp-4434-peau-delephant","status":"publish","type":"product","link":"https:\/\/cardinal-tapes.com\/fr\/rubans-adh\u00e9sifs\/domaines-dapplication\/artisanat-du-batiment\/tesakrepp-4434-peau-delephant\/","title":{"rendered":"tesakrepp\u00ae 4434 Peau d&#8217;\u00e9l\u00e9phant"},"content":{"rendered":"<p><sup>tesakrepp\u00ae<\/sup> 4434 est un ruban de masquage sp\u00e9cial avec un support papier solide et extr\u00eamement r\u00e9sistant. Il se caract\u00e9rise \u00e9galement par un pouvoir adh\u00e9sif \u00e9lev\u00e9, m\u00eame sur des supports critiques.<br \/>\nLe produit s&#8217;enl\u00e8ve facilement apr\u00e8s l&#8217;application.<\/p>\n","protected":false},"excerpt":{"rendered":"<p>tesakrepp\u00ae 4434 est un ruban de masquage sp\u00e9cial avec un support papier solide et extr\u00eamement r\u00e9sistant. Il se caract\u00e9rise \u00e9galement par un pouvoir adh\u00e9sif \u00e9lev\u00e9, m\u00eame sur des supports critiques. Le produit s&#8217;enl\u00e8ve facilement apr\u00e8s l&#8217;application.<\/p>\n","protected":false},"featured_media":28424,"template":"","meta":{"_acf_changed":false},"pwb-brand":[2165],"product_brand":[],"product_cat":[1766,1836,1668],"product_tag":[],"class_list":{"0":"post-49766","1":"product","2":"type-product","3":"status-publish","4":"has-post-thumbnail","6":"pwb-brand-tesa-fr","7":"product_cat-ruban-adhesif-en-papier","8":"product_cat-rubans-adhesifs-simple-face","9":"product_cat-artisanat-du-batiment","11":"first","12":"outofstock","13":"taxable","14":"shipping-taxable","15":"purchasable","16":"product-type-variable"},"acf":[],"yoast_head":"<!-- This site is optimized with the Yoast SEO plugin v27.3 - https:\/\/yoast.com\/product\/yoast-seo-wordpress\/ -->\n<title>tesakrepp\u00ae 4434 Peau d&#039;\u00e9l\u00e9phant | Cardinal TAPES<\/title>\n<meta name=\"description\" content=\"tesakrepp\u00ae 4434 est un ruban de masquage sp\u00e9cial avec un support papier solide et extr\u00eamement r\u00e9sistant. Il se caract\u00e9rise \u00e9galement par un pouvoir adh\u00e9sif \u00e9lev\u00e9, m\u00eame sur des supports critiques.\" \/>\n<meta name=\"robots\" content=\"index, follow, max-snippet:-1, max-image-preview:large, max-video-preview:-1\" \/>\n<link rel=\"canonical\" href=\"https:\/\/cardinal-tapes.com\/fr\/rubans-adh\u00e9sifs\/domaines-dapplication\/artisanat-du-batiment\/tesakrepp-4434-peau-delephant\/\" \/>\n<meta property=\"og:locale\" content=\"fr_FR\" \/>\n<meta property=\"og:type\" content=\"article\" \/>\n<meta property=\"og:title\" content=\"tesakrepp\u00ae 4434 Peau d&#039;\u00e9l\u00e9phant | Cardinal TAPES\" \/>\n<meta property=\"og:description\" content=\"tesakrepp\u00ae 4434 est un ruban de masquage sp\u00e9cial avec un support papier solide et extr\u00eamement r\u00e9sistant. Il se caract\u00e9rise \u00e9galement par un pouvoir adh\u00e9sif \u00e9lev\u00e9, m\u00eame sur des supports critiques.\" \/>\n<meta property=\"og:url\" content=\"https:\/\/cardinal-tapes.com\/fr\/rubans-adh\u00e9sifs\/domaines-dapplication\/artisanat-du-batiment\/tesakrepp-4434-peau-delephant\/\" \/>\n<meta property=\"og:site_name\" content=\"cardinal TAPES\" \/>\n<meta property=\"article:modified_time\" content=\"2023-06-05T15:07:54+00:00\" \/>\n<meta property=\"og:image\" content=\"https:\/\/cardinal-tapes.com\/wp-content\/uploads\/tesa-4434-stencil-material-sandblasting-protection-yellow-044340000400-pr1780956_canvas1x1_5.jpg\" \/>\n\t<meta property=\"og:image:width\" content=\"501\" \/>\n\t<meta property=\"og:image:height\" content=\"501\" \/>\n\t<meta property=\"og:image:type\" content=\"image\/jpeg\" \/>\n<meta name=\"twitter:card\" content=\"summary_large_image\" \/>\n<script type=\"application\/ld+json\" class=\"yoast-schema-graph\">{\"@context\":\"https:\\\/\\\/schema.org\",\"@graph\":[{\"@type\":\"WebPage\",\"@id\":\"https:\\\/\\\/cardinal-tapes.com\\\/fr\\\/rubans-adh\u00e9sifs\\\/domaines-dapplication\\\/artisanat-du-batiment\\\/tesakrepp-4434-peau-delephant\\\/\",\"url\":\"https:\\\/\\\/cardinal-tapes.com\\\/fr\\\/rubans-adh\u00e9sifs\\\/domaines-dapplication\\\/artisanat-du-batiment\\\/tesakrepp-4434-peau-delephant\\\/\",\"name\":\"tesakrepp\u00ae 4434 Peau d'\u00e9l\u00e9phant | Cardinal TAPES\",\"isPartOf\":{\"@id\":\"https:\\\/\\\/cardinal-tapes.com\\\/#website\"},\"primaryImageOfPage\":{\"@id\":\"https:\\\/\\\/cardinal-tapes.com\\\/fr\\\/rubans-adh\u00e9sifs\\\/domaines-dapplication\\\/artisanat-du-batiment\\\/tesakrepp-4434-peau-delephant\\\/#primaryimage\"},\"image\":{\"@id\":\"https:\\\/\\\/cardinal-tapes.com\\\/fr\\\/rubans-adh\u00e9sifs\\\/domaines-dapplication\\\/artisanat-du-batiment\\\/tesakrepp-4434-peau-delephant\\\/#primaryimage\"},\"thumbnailUrl\":\"https:\\\/\\\/cardinal-tapes.com\\\/wp-content\\\/uploads\\\/tesa-4434-stencil-material-sandblasting-protection-yellow-044340000400-pr1780956_canvas1x1_5.jpg\",\"datePublished\":\"2020-10-08T07:42:50+00:00\",\"dateModified\":\"2023-06-05T15:07:54+00:00\",\"description\":\"tesakrepp\u00ae 4434 est un ruban de masquage sp\u00e9cial avec un support papier solide et extr\u00eamement r\u00e9sistant. Il se caract\u00e9rise \u00e9galement par un pouvoir adh\u00e9sif \u00e9lev\u00e9, m\u00eame sur des supports critiques.\",\"breadcrumb\":{\"@id\":\"https:\\\/\\\/cardinal-tapes.com\\\/fr\\\/rubans-adh\u00e9sifs\\\/domaines-dapplication\\\/artisanat-du-batiment\\\/tesakrepp-4434-peau-delephant\\\/#breadcrumb\"},\"inLanguage\":\"fr-FR\",\"potentialAction\":[{\"@type\":\"ReadAction\",\"target\":[\"https:\\\/\\\/cardinal-tapes.com\\\/fr\\\/rubans-adh\u00e9sifs\\\/domaines-dapplication\\\/artisanat-du-batiment\\\/tesakrepp-4434-peau-delephant\\\/\"]}]},{\"@type\":\"ImageObject\",\"inLanguage\":\"fr-FR\",\"@id\":\"https:\\\/\\\/cardinal-tapes.com\\\/fr\\\/rubans-adh\u00e9sifs\\\/domaines-dapplication\\\/artisanat-du-batiment\\\/tesakrepp-4434-peau-delephant\\\/#primaryimage\",\"url\":\"https:\\\/\\\/cardinal-tapes.com\\\/wp-content\\\/uploads\\\/tesa-4434-stencil-material-sandblasting-protection-yellow-044340000400-pr1780956_canvas1x1_5.jpg\",\"contentUrl\":\"https:\\\/\\\/cardinal-tapes.com\\\/wp-content\\\/uploads\\\/tesa-4434-stencil-material-sandblasting-protection-yellow-044340000400-pr1780956_canvas1x1_5.jpg\",\"width\":501,\"height\":501},{\"@type\":\"BreadcrumbList\",\"@id\":\"https:\\\/\\\/cardinal-tapes.com\\\/fr\\\/rubans-adh\u00e9sifs\\\/domaines-dapplication\\\/artisanat-du-batiment\\\/tesakrepp-4434-peau-delephant\\\/#breadcrumb\",\"itemListElement\":[{\"@type\":\"ListItem\",\"position\":1,\"name\":\"Startseite\",\"item\":\"https:\\\/\\\/cardinal-tapes.com\\\/fr\\\/accueil\\\/\"},{\"@type\":\"ListItem\",\"position\":2,\"name\":\"Rubans adh\u00e9sifs\",\"item\":\"https:\\\/\\\/cardinal-tapes.com\\\/fr\\\/rubans-adhesifs-fr\\\/\"},{\"@type\":\"ListItem\",\"position\":3,\"name\":\"Einseitige Klebeb\u00e4nder\",\"item\":\"https:\\\/\\\/cardinal-tapes.com\\\/kategorie\\\/einseitige-klebebaender\\\/\"},{\"@type\":\"ListItem\",\"position\":4,\"name\":\"tesakrepp\u00ae 4434 Peau d&#8217;\u00e9l\u00e9phant\"}]},{\"@type\":\"WebSite\",\"@id\":\"https:\\\/\\\/cardinal-tapes.com\\\/#website\",\"url\":\"https:\\\/\\\/cardinal-tapes.com\\\/\",\"name\":\"cardinal TAPES\",\"description\":\"Klebetechnik aus Wuppertal\",\"potentialAction\":[{\"@type\":\"SearchAction\",\"target\":{\"@type\":\"EntryPoint\",\"urlTemplate\":\"https:\\\/\\\/cardinal-tapes.com\\\/?s={search_term_string}\"},\"query-input\":{\"@type\":\"PropertyValueSpecification\",\"valueRequired\":true,\"valueName\":\"search_term_string\"}}],\"inLanguage\":\"fr-FR\"}]}<\/script>\n<!-- \/ Yoast SEO plugin. -->","yoast_head_json":{"title":"tesakrepp\u00ae 4434 Peau d'\u00e9l\u00e9phant | Cardinal TAPES","description":"tesakrepp\u00ae 4434 est un ruban de masquage sp\u00e9cial avec un support papier solide et extr\u00eamement r\u00e9sistant. Il se caract\u00e9rise \u00e9galement par un pouvoir adh\u00e9sif \u00e9lev\u00e9, m\u00eame sur des supports critiques.","robots":{"index":"index","follow":"follow","max-snippet":"max-snippet:-1","max-image-preview":"max-image-preview:large","max-video-preview":"max-video-preview:-1"},"canonical":"https:\/\/cardinal-tapes.com\/fr\/rubans-adh\u00e9sifs\/domaines-dapplication\/artisanat-du-batiment\/tesakrepp-4434-peau-delephant\/","og_locale":"fr_FR","og_type":"article","og_title":"tesakrepp\u00ae 4434 Peau d'\u00e9l\u00e9phant | Cardinal TAPES","og_description":"tesakrepp\u00ae 4434 est un ruban de masquage sp\u00e9cial avec un support papier solide et extr\u00eamement r\u00e9sistant. Il se caract\u00e9rise \u00e9galement par un pouvoir adh\u00e9sif \u00e9lev\u00e9, m\u00eame sur des supports critiques.","og_url":"https:\/\/cardinal-tapes.com\/fr\/rubans-adh\u00e9sifs\/domaines-dapplication\/artisanat-du-batiment\/tesakrepp-4434-peau-delephant\/","og_site_name":"cardinal TAPES","article_modified_time":"2023-06-05T15:07:54+00:00","og_image":[{"width":501,"height":501,"url":"https:\/\/cardinal-tapes.com\/wp-content\/uploads\/tesa-4434-stencil-material-sandblasting-protection-yellow-044340000400-pr1780956_canvas1x1_5.jpg","type":"image\/jpeg"}],"twitter_card":"summary_large_image","schema":{"@context":"https:\/\/schema.org","@graph":[{"@type":"WebPage","@id":"https:\/\/cardinal-tapes.com\/fr\/rubans-adh\u00e9sifs\/domaines-dapplication\/artisanat-du-batiment\/tesakrepp-4434-peau-delephant\/","url":"https:\/\/cardinal-tapes.com\/fr\/rubans-adh\u00e9sifs\/domaines-dapplication\/artisanat-du-batiment\/tesakrepp-4434-peau-delephant\/","name":"tesakrepp\u00ae 4434 Peau d'\u00e9l\u00e9phant | Cardinal TAPES","isPartOf":{"@id":"https:\/\/cardinal-tapes.com\/#website"},"primaryImageOfPage":{"@id":"https:\/\/cardinal-tapes.com\/fr\/rubans-adh\u00e9sifs\/domaines-dapplication\/artisanat-du-batiment\/tesakrepp-4434-peau-delephant\/#primaryimage"},"image":{"@id":"https:\/\/cardinal-tapes.com\/fr\/rubans-adh\u00e9sifs\/domaines-dapplication\/artisanat-du-batiment\/tesakrepp-4434-peau-delephant\/#primaryimage"},"thumbnailUrl":"https:\/\/cardinal-tapes.com\/wp-content\/uploads\/tesa-4434-stencil-material-sandblasting-protection-yellow-044340000400-pr1780956_canvas1x1_5.jpg","datePublished":"2020-10-08T07:42:50+00:00","dateModified":"2023-06-05T15:07:54+00:00","description":"tesakrepp\u00ae 4434 est un ruban de masquage sp\u00e9cial avec un support papier solide et extr\u00eamement r\u00e9sistant. Il se caract\u00e9rise \u00e9galement par un pouvoir adh\u00e9sif \u00e9lev\u00e9, m\u00eame sur des supports critiques.","breadcrumb":{"@id":"https:\/\/cardinal-tapes.com\/fr\/rubans-adh\u00e9sifs\/domaines-dapplication\/artisanat-du-batiment\/tesakrepp-4434-peau-delephant\/#breadcrumb"},"inLanguage":"fr-FR","potentialAction":[{"@type":"ReadAction","target":["https:\/\/cardinal-tapes.com\/fr\/rubans-adh\u00e9sifs\/domaines-dapplication\/artisanat-du-batiment\/tesakrepp-4434-peau-delephant\/"]}]},{"@type":"ImageObject","inLanguage":"fr-FR","@id":"https:\/\/cardinal-tapes.com\/fr\/rubans-adh\u00e9sifs\/domaines-dapplication\/artisanat-du-batiment\/tesakrepp-4434-peau-delephant\/#primaryimage","url":"https:\/\/cardinal-tapes.com\/wp-content\/uploads\/tesa-4434-stencil-material-sandblasting-protection-yellow-044340000400-pr1780956_canvas1x1_5.jpg","contentUrl":"https:\/\/cardinal-tapes.com\/wp-content\/uploads\/tesa-4434-stencil-material-sandblasting-protection-yellow-044340000400-pr1780956_canvas1x1_5.jpg","width":501,"height":501},{"@type":"BreadcrumbList","@id":"https:\/\/cardinal-tapes.com\/fr\/rubans-adh\u00e9sifs\/domaines-dapplication\/artisanat-du-batiment\/tesakrepp-4434-peau-delephant\/#breadcrumb","itemListElement":[{"@type":"ListItem","position":1,"name":"Startseite","item":"https:\/\/cardinal-tapes.com\/fr\/accueil\/"},{"@type":"ListItem","position":2,"name":"Rubans adh\u00e9sifs","item":"https:\/\/cardinal-tapes.com\/fr\/rubans-adhesifs-fr\/"},{"@type":"ListItem","position":3,"name":"Einseitige Klebeb\u00e4nder","item":"https:\/\/cardinal-tapes.com\/kategorie\/einseitige-klebebaender\/"},{"@type":"ListItem","position":4,"name":"tesakrepp\u00ae 4434 Peau d&#8217;\u00e9l\u00e9phant"}]},{"@type":"WebSite","@id":"https:\/\/cardinal-tapes.com\/#website","url":"https:\/\/cardinal-tapes.com\/","name":"cardinal TAPES","description":"Klebetechnik aus Wuppertal","potentialAction":[{"@type":"SearchAction","target":{"@type":"EntryPoint","urlTemplate":"https:\/\/cardinal-tapes.com\/?s={search_term_string}"},"query-input":{"@type":"PropertyValueSpecification","valueRequired":true,"valueName":"search_term_string"}}],"inLanguage":"fr-FR"}]}},"brands":[{"id":2165,"name":"tesa","slug":"tesa-fr"}],"_links":{"self":[{"href":"https:\/\/cardinal-tapes.com\/fr\/wp-json\/wp\/v2\/product\/49766","targetHints":{"allow":["GET"]}}],"collection":[{"href":"https:\/\/cardinal-tapes.com\/fr\/wp-json\/wp\/v2\/product"}],"about":[{"href":"https:\/\/cardinal-tapes.com\/fr\/wp-json\/wp\/v2\/types\/product"}],"wp:featuredmedia":[{"embeddable":true,"href":"https:\/\/cardinal-tapes.com\/fr\/wp-json\/wp\/v2\/media\/28424"}],"wp:attachment":[{"href":"https:\/\/cardinal-tapes.com\/fr\/wp-json\/wp\/v2\/media?parent=49766"}],"wp:term":[{"taxonomy":"pwb-brand","embeddable":true,"href":"https:\/\/cardinal-tapes.com\/fr\/wp-json\/wp\/v2\/pwb-brand?post=49766"},{"taxonomy":"product_brand","embeddable":true,"href":"https:\/\/cardinal-tapes.com\/fr\/wp-json\/wp\/v2\/product_brand?post=49766"},{"taxonomy":"product_cat","embeddable":true,"href":"https:\/\/cardinal-tapes.com\/fr\/wp-json\/wp\/v2\/product_cat?post=49766"},{"taxonomy":"product_tag","embeddable":true,"href":"https:\/\/cardinal-tapes.com\/fr\/wp-json\/wp\/v2\/product_tag?post=49766"}],"curies":[{"name":"wp","href":"https:\/\/api.w.org\/{rel}","templated":true}]}}