{"id":49682,"date":"2020-10-08T10:39:32","date_gmt":"2023-06-05T15:07:52","guid":{"rendered":"https:\/\/cardinal.pixel-tal.de\/klebebaender\/non%20class\u00e9\/tesa-4621-ruban-toile-a-usage-general-pour-lexterieur\/"},"modified":"2025-07-02T13:14:02","modified_gmt":"2025-07-02T11:14:02","slug":"tesa-4621-bande-tissee-a-usage-general-pour-lexterieur","status":"publish","type":"product","link":"https:\/\/cardinal-tapes.com\/fr\/rubans-adh\u00e9sifs\/rubans-adhesifs-simple-face\/film-pvc\/tesa-4621-bande-tissee-a-usage-general-pour-lexterieur\/","title":{"rendered":"tesa\u00ae 4621 Ruban toil\u00e9 \u00e0 usage g\u00e9n\u00e9ral pour l&#8217;ext\u00e9rieur"},"content":{"rendered":"<p><sup>tesa\u00ae<\/sup> 4621 est un ruban tiss\u00e9 vert dot\u00e9 d&#8217;une masse adh\u00e9sive acrylique. Le support robuste est constitu\u00e9 d&#8217;un support en poly\u00e9thyl\u00e8ne renforc\u00e9 par un tissu en polyester.<br \/>\nCe ruban en tissu polyvalent peut \u00eatre facilement d\u00e9chir\u00e9 \u00e0 la main dans le sens vertical et horizontal et offre un d\u00e9roulement en douceur sans que l&#8217;extr\u00e9mit\u00e9 du ruban ne s&#8217;enroule. Le ruban Outdoor est \u00e9tanche gr\u00e2ce \u00e0 son mat\u00e9riau de support et stable aux UV gr\u00e2ce \u00e0 la masse adh\u00e9sive sp\u00e9ciale utilis\u00e9e. Il peut ainsi rester jusqu&#8217;\u00e0 8 semaines \u00e0 l&#8217;ext\u00e9rieur.<\/p>\n<p><strong>Caract\u00e9ristiques<\/strong><br \/>\n&#8211; Adh\u00e9sion initiale \u00e9lev\u00e9e<br \/>\n&#8211; Facilement repositionnable et bonne flexibilit\u00e9<br \/>\n&#8211; Stable aux rayons UV et \u00e0 l&#8217;humidit\u00e9<\/p>\n<p><strong>Applications<\/strong><br \/>\n&#8211; Couvrir lors de travaux de pl\u00e2trage et de peinture sur les fa\u00e7ades ext\u00e9rieures<br \/>\n&#8211; Protection temporaire de surface pour le marquage au sol<br \/>\n&#8211; Fixation de masques en film et en papier lors de travaux de r\u00e9novation<br \/>\n&#8211; Organisation et fixation d&#8217;objets non fix\u00e9s (par ex. fils et c\u00e2bles)<\/p>\n","protected":false},"excerpt":{"rendered":"<p>tesa\u00ae 4621 est un ruban tiss\u00e9 vert dot\u00e9 d&#8217;une masse adh\u00e9sive acrylique. Le support robuste est constitu\u00e9 d&#8217;un support en poly\u00e9thyl\u00e8ne renforc\u00e9 par un tissu en polyester. Ce ruban en tissu polyvalent peut \u00eatre facilement d\u00e9chir\u00e9 \u00e0 la main dans le sens vertical et horizontal et offre un d\u00e9roulement en douceur sans que l&#8217;extr\u00e9mit\u00e9 du [&hellip;]<\/p>\n","protected":false},"featured_media":28420,"template":"","meta":{"_acf_changed":false},"pwb-brand":[2165],"product_brand":[],"product_cat":[1668,1836,1841],"product_tag":[],"class_list":{"0":"post-49682","1":"product","2":"type-product","3":"status-publish","4":"has-post-thumbnail","6":"pwb-brand-tesa-fr","7":"product_cat-artisanat-du-batiment","8":"product_cat-rubans-adhesifs-simple-face","9":"product_cat-film-pvc","11":"first","12":"instock","13":"taxable","14":"shipping-taxable","15":"purchasable","16":"product-type-variable"},"acf":[],"yoast_head":"<!-- This site is optimized with the Yoast SEO plugin v27.3 - https:\/\/yoast.com\/product\/yoast-seo-wordpress\/ -->\n<title>tesa\u00ae 4621| Cardinal TAPES<\/title>\n<meta name=\"description\" content=\"tesa\u00ae 4621 est un ruban tiss\u00e9 vert dot\u00e9 d&#039;une masse adh\u00e9sive acrylique. Le support robuste est constitu\u00e9 d&#039;un support en poly\u00e9thyl\u00e8ne renforc\u00e9 par un tissu en polyester.\" \/>\n<meta name=\"robots\" content=\"index, follow, max-snippet:-1, max-image-preview:large, max-video-preview:-1\" \/>\n<link rel=\"canonical\" href=\"https:\/\/cardinal-tapes.com\/fr\/rubans-adh\u00e9sifs\/rubans-adhesifs-simple-face\/film-pvc\/tesa-4621-bande-tissee-a-usage-general-pour-lexterieur\/\" \/>\n<meta property=\"og:locale\" content=\"fr_FR\" \/>\n<meta property=\"og:type\" content=\"article\" \/>\n<meta property=\"og:title\" content=\"tesa\u00ae 4621| Cardinal TAPES\" \/>\n<meta property=\"og:description\" content=\"tesa\u00ae 4621 est un ruban tiss\u00e9 vert dot\u00e9 d&#039;une masse adh\u00e9sive acrylique. Le support robuste est constitu\u00e9 d&#039;un support en poly\u00e9thyl\u00e8ne renforc\u00e9 par un tissu en polyester.\" \/>\n<meta property=\"og:url\" content=\"https:\/\/cardinal-tapes.com\/fr\/rubans-adh\u00e9sifs\/rubans-adhesifs-simple-face\/film-pvc\/tesa-4621-bande-tissee-a-usage-general-pour-lexterieur\/\" \/>\n<meta property=\"og:site_name\" content=\"cardinal TAPES\" \/>\n<meta property=\"article:modified_time\" content=\"2025-07-02T11:14:02+00:00\" \/>\n<meta property=\"og:image\" content=\"https:\/\/cardinal-tapes.com\/wp-content\/uploads\/tesa-04621-multipurpose-outdoor-cloth-tape-046210000000-pr2097136_canvas1x1_5.jpg\" \/>\n\t<meta property=\"og:image:width\" content=\"501\" \/>\n\t<meta property=\"og:image:height\" content=\"501\" \/>\n\t<meta property=\"og:image:type\" content=\"image\/jpeg\" \/>\n<meta name=\"twitter:card\" content=\"summary_large_image\" \/>\n<meta name=\"twitter:label1\" content=\"Dur\u00e9e de lecture estim\u00e9e\" \/>\n\t<meta name=\"twitter:data1\" content=\"1 minute\" \/>\n<script type=\"application\/ld+json\" class=\"yoast-schema-graph\">{\"@context\":\"https:\\\/\\\/schema.org\",\"@graph\":[{\"@type\":\"WebPage\",\"@id\":\"https:\\\/\\\/cardinal-tapes.com\\\/fr\\\/rubans-adh\u00e9sifs\\\/rubans-adhesifs-simple-face\\\/film-pvc\\\/tesa-4621-bande-tissee-a-usage-general-pour-lexterieur\\\/\",\"url\":\"https:\\\/\\\/cardinal-tapes.com\\\/fr\\\/rubans-adh\u00e9sifs\\\/rubans-adhesifs-simple-face\\\/film-pvc\\\/tesa-4621-bande-tissee-a-usage-general-pour-lexterieur\\\/\",\"name\":\"tesa\u00ae 4621| Cardinal TAPES\",\"isPartOf\":{\"@id\":\"https:\\\/\\\/cardinal-tapes.com\\\/#website\"},\"primaryImageOfPage\":{\"@id\":\"https:\\\/\\\/cardinal-tapes.com\\\/fr\\\/rubans-adh\u00e9sifs\\\/rubans-adhesifs-simple-face\\\/film-pvc\\\/tesa-4621-bande-tissee-a-usage-general-pour-lexterieur\\\/#primaryimage\"},\"image\":{\"@id\":\"https:\\\/\\\/cardinal-tapes.com\\\/fr\\\/rubans-adh\u00e9sifs\\\/rubans-adhesifs-simple-face\\\/film-pvc\\\/tesa-4621-bande-tissee-a-usage-general-pour-lexterieur\\\/#primaryimage\"},\"thumbnailUrl\":\"https:\\\/\\\/cardinal-tapes.com\\\/wp-content\\\/uploads\\\/tesa-04621-multipurpose-outdoor-cloth-tape-046210000000-pr2097136_canvas1x1_5.jpg\",\"datePublished\":\"2023-06-05T15:07:52+00:00\",\"dateModified\":\"2025-07-02T11:14:02+00:00\",\"description\":\"tesa\u00ae 4621 est un ruban tiss\u00e9 vert dot\u00e9 d'une masse adh\u00e9sive acrylique. Le support robuste est constitu\u00e9 d'un support en poly\u00e9thyl\u00e8ne renforc\u00e9 par un tissu en polyester.\",\"breadcrumb\":{\"@id\":\"https:\\\/\\\/cardinal-tapes.com\\\/fr\\\/rubans-adh\u00e9sifs\\\/rubans-adhesifs-simple-face\\\/film-pvc\\\/tesa-4621-bande-tissee-a-usage-general-pour-lexterieur\\\/#breadcrumb\"},\"inLanguage\":\"fr-FR\",\"potentialAction\":[{\"@type\":\"ReadAction\",\"target\":[\"https:\\\/\\\/cardinal-tapes.com\\\/fr\\\/rubans-adh\u00e9sifs\\\/rubans-adhesifs-simple-face\\\/film-pvc\\\/tesa-4621-bande-tissee-a-usage-general-pour-lexterieur\\\/\"]}]},{\"@type\":\"ImageObject\",\"inLanguage\":\"fr-FR\",\"@id\":\"https:\\\/\\\/cardinal-tapes.com\\\/fr\\\/rubans-adh\u00e9sifs\\\/rubans-adhesifs-simple-face\\\/film-pvc\\\/tesa-4621-bande-tissee-a-usage-general-pour-lexterieur\\\/#primaryimage\",\"url\":\"https:\\\/\\\/cardinal-tapes.com\\\/wp-content\\\/uploads\\\/tesa-04621-multipurpose-outdoor-cloth-tape-046210000000-pr2097136_canvas1x1_5.jpg\",\"contentUrl\":\"https:\\\/\\\/cardinal-tapes.com\\\/wp-content\\\/uploads\\\/tesa-04621-multipurpose-outdoor-cloth-tape-046210000000-pr2097136_canvas1x1_5.jpg\",\"width\":501,\"height\":501},{\"@type\":\"BreadcrumbList\",\"@id\":\"https:\\\/\\\/cardinal-tapes.com\\\/fr\\\/rubans-adh\u00e9sifs\\\/rubans-adhesifs-simple-face\\\/film-pvc\\\/tesa-4621-bande-tissee-a-usage-general-pour-lexterieur\\\/#breadcrumb\",\"itemListElement\":[{\"@type\":\"ListItem\",\"position\":1,\"name\":\"Startseite\",\"item\":\"https:\\\/\\\/cardinal-tapes.com\\\/fr\\\/accueil\\\/\"},{\"@type\":\"ListItem\",\"position\":2,\"name\":\"Rubans adh\u00e9sifs\",\"item\":\"https:\\\/\\\/cardinal-tapes.com\\\/fr\\\/rubans-adhesifs-fr\\\/\"},{\"@type\":\"ListItem\",\"position\":3,\"name\":\"Einseitige Klebeb\u00e4nder\",\"item\":\"https:\\\/\\\/cardinal-tapes.com\\\/kategorie\\\/einseitige-klebebaender\\\/\"},{\"@type\":\"ListItem\",\"position\":4,\"name\":\"tesa\u00ae 4621 Ruban toil\u00e9 \u00e0 usage g\u00e9n\u00e9ral pour l&#8217;ext\u00e9rieur\"}]},{\"@type\":\"WebSite\",\"@id\":\"https:\\\/\\\/cardinal-tapes.com\\\/#website\",\"url\":\"https:\\\/\\\/cardinal-tapes.com\\\/\",\"name\":\"cardinal TAPES\",\"description\":\"Klebetechnik aus Wuppertal\",\"potentialAction\":[{\"@type\":\"SearchAction\",\"target\":{\"@type\":\"EntryPoint\",\"urlTemplate\":\"https:\\\/\\\/cardinal-tapes.com\\\/?s={search_term_string}\"},\"query-input\":{\"@type\":\"PropertyValueSpecification\",\"valueRequired\":true,\"valueName\":\"search_term_string\"}}],\"inLanguage\":\"fr-FR\"}]}<\/script>\n<!-- \/ Yoast SEO plugin. -->","yoast_head_json":{"title":"tesa\u00ae 4621| Cardinal TAPES","description":"tesa\u00ae 4621 est un ruban tiss\u00e9 vert dot\u00e9 d'une masse adh\u00e9sive acrylique. Le support robuste est constitu\u00e9 d'un support en poly\u00e9thyl\u00e8ne renforc\u00e9 par un tissu en polyester.","robots":{"index":"index","follow":"follow","max-snippet":"max-snippet:-1","max-image-preview":"max-image-preview:large","max-video-preview":"max-video-preview:-1"},"canonical":"https:\/\/cardinal-tapes.com\/fr\/rubans-adh\u00e9sifs\/rubans-adhesifs-simple-face\/film-pvc\/tesa-4621-bande-tissee-a-usage-general-pour-lexterieur\/","og_locale":"fr_FR","og_type":"article","og_title":"tesa\u00ae 4621| Cardinal TAPES","og_description":"tesa\u00ae 4621 est un ruban tiss\u00e9 vert dot\u00e9 d'une masse adh\u00e9sive acrylique. Le support robuste est constitu\u00e9 d'un support en poly\u00e9thyl\u00e8ne renforc\u00e9 par un tissu en polyester.","og_url":"https:\/\/cardinal-tapes.com\/fr\/rubans-adh\u00e9sifs\/rubans-adhesifs-simple-face\/film-pvc\/tesa-4621-bande-tissee-a-usage-general-pour-lexterieur\/","og_site_name":"cardinal TAPES","article_modified_time":"2025-07-02T11:14:02+00:00","og_image":[{"width":501,"height":501,"url":"https:\/\/cardinal-tapes.com\/wp-content\/uploads\/tesa-04621-multipurpose-outdoor-cloth-tape-046210000000-pr2097136_canvas1x1_5.jpg","type":"image\/jpeg"}],"twitter_card":"summary_large_image","twitter_misc":{"Dur\u00e9e de lecture estim\u00e9e":"1 minute"},"schema":{"@context":"https:\/\/schema.org","@graph":[{"@type":"WebPage","@id":"https:\/\/cardinal-tapes.com\/fr\/rubans-adh\u00e9sifs\/rubans-adhesifs-simple-face\/film-pvc\/tesa-4621-bande-tissee-a-usage-general-pour-lexterieur\/","url":"https:\/\/cardinal-tapes.com\/fr\/rubans-adh\u00e9sifs\/rubans-adhesifs-simple-face\/film-pvc\/tesa-4621-bande-tissee-a-usage-general-pour-lexterieur\/","name":"tesa\u00ae 4621| Cardinal TAPES","isPartOf":{"@id":"https:\/\/cardinal-tapes.com\/#website"},"primaryImageOfPage":{"@id":"https:\/\/cardinal-tapes.com\/fr\/rubans-adh\u00e9sifs\/rubans-adhesifs-simple-face\/film-pvc\/tesa-4621-bande-tissee-a-usage-general-pour-lexterieur\/#primaryimage"},"image":{"@id":"https:\/\/cardinal-tapes.com\/fr\/rubans-adh\u00e9sifs\/rubans-adhesifs-simple-face\/film-pvc\/tesa-4621-bande-tissee-a-usage-general-pour-lexterieur\/#primaryimage"},"thumbnailUrl":"https:\/\/cardinal-tapes.com\/wp-content\/uploads\/tesa-04621-multipurpose-outdoor-cloth-tape-046210000000-pr2097136_canvas1x1_5.jpg","datePublished":"2023-06-05T15:07:52+00:00","dateModified":"2025-07-02T11:14:02+00:00","description":"tesa\u00ae 4621 est un ruban tiss\u00e9 vert dot\u00e9 d'une masse adh\u00e9sive acrylique. Le support robuste est constitu\u00e9 d'un support en poly\u00e9thyl\u00e8ne renforc\u00e9 par un tissu en polyester.","breadcrumb":{"@id":"https:\/\/cardinal-tapes.com\/fr\/rubans-adh\u00e9sifs\/rubans-adhesifs-simple-face\/film-pvc\/tesa-4621-bande-tissee-a-usage-general-pour-lexterieur\/#breadcrumb"},"inLanguage":"fr-FR","potentialAction":[{"@type":"ReadAction","target":["https:\/\/cardinal-tapes.com\/fr\/rubans-adh\u00e9sifs\/rubans-adhesifs-simple-face\/film-pvc\/tesa-4621-bande-tissee-a-usage-general-pour-lexterieur\/"]}]},{"@type":"ImageObject","inLanguage":"fr-FR","@id":"https:\/\/cardinal-tapes.com\/fr\/rubans-adh\u00e9sifs\/rubans-adhesifs-simple-face\/film-pvc\/tesa-4621-bande-tissee-a-usage-general-pour-lexterieur\/#primaryimage","url":"https:\/\/cardinal-tapes.com\/wp-content\/uploads\/tesa-04621-multipurpose-outdoor-cloth-tape-046210000000-pr2097136_canvas1x1_5.jpg","contentUrl":"https:\/\/cardinal-tapes.com\/wp-content\/uploads\/tesa-04621-multipurpose-outdoor-cloth-tape-046210000000-pr2097136_canvas1x1_5.jpg","width":501,"height":501},{"@type":"BreadcrumbList","@id":"https:\/\/cardinal-tapes.com\/fr\/rubans-adh\u00e9sifs\/rubans-adhesifs-simple-face\/film-pvc\/tesa-4621-bande-tissee-a-usage-general-pour-lexterieur\/#breadcrumb","itemListElement":[{"@type":"ListItem","position":1,"name":"Startseite","item":"https:\/\/cardinal-tapes.com\/fr\/accueil\/"},{"@type":"ListItem","position":2,"name":"Rubans adh\u00e9sifs","item":"https:\/\/cardinal-tapes.com\/fr\/rubans-adhesifs-fr\/"},{"@type":"ListItem","position":3,"name":"Einseitige Klebeb\u00e4nder","item":"https:\/\/cardinal-tapes.com\/kategorie\/einseitige-klebebaender\/"},{"@type":"ListItem","position":4,"name":"tesa\u00ae 4621 Ruban toil\u00e9 \u00e0 usage g\u00e9n\u00e9ral pour l&#8217;ext\u00e9rieur"}]},{"@type":"WebSite","@id":"https:\/\/cardinal-tapes.com\/#website","url":"https:\/\/cardinal-tapes.com\/","name":"cardinal TAPES","description":"Klebetechnik aus Wuppertal","potentialAction":[{"@type":"SearchAction","target":{"@type":"EntryPoint","urlTemplate":"https:\/\/cardinal-tapes.com\/?s={search_term_string}"},"query-input":{"@type":"PropertyValueSpecification","valueRequired":true,"valueName":"search_term_string"}}],"inLanguage":"fr-FR"}]}},"brands":[{"id":2165,"name":"tesa","slug":"tesa-fr"}],"_links":{"self":[{"href":"https:\/\/cardinal-tapes.com\/fr\/wp-json\/wp\/v2\/product\/49682","targetHints":{"allow":["GET"]}}],"collection":[{"href":"https:\/\/cardinal-tapes.com\/fr\/wp-json\/wp\/v2\/product"}],"about":[{"href":"https:\/\/cardinal-tapes.com\/fr\/wp-json\/wp\/v2\/types\/product"}],"wp:featuredmedia":[{"embeddable":true,"href":"https:\/\/cardinal-tapes.com\/fr\/wp-json\/wp\/v2\/media\/28420"}],"wp:attachment":[{"href":"https:\/\/cardinal-tapes.com\/fr\/wp-json\/wp\/v2\/media?parent=49682"}],"wp:term":[{"taxonomy":"pwb-brand","embeddable":true,"href":"https:\/\/cardinal-tapes.com\/fr\/wp-json\/wp\/v2\/pwb-brand?post=49682"},{"taxonomy":"product_brand","embeddable":true,"href":"https:\/\/cardinal-tapes.com\/fr\/wp-json\/wp\/v2\/product_brand?post=49682"},{"taxonomy":"product_cat","embeddable":true,"href":"https:\/\/cardinal-tapes.com\/fr\/wp-json\/wp\/v2\/product_cat?post=49682"},{"taxonomy":"product_tag","embeddable":true,"href":"https:\/\/cardinal-tapes.com\/fr\/wp-json\/wp\/v2\/product_tag?post=49682"}],"curies":[{"name":"wp","href":"https:\/\/api.w.org\/{rel}","templated":true}]}}