{"id":49673,"date":"2020-10-08T10:27:50","date_gmt":"2023-06-05T15:07:51","guid":{"rendered":"https:\/\/cardinal.pixel-tal.de\/klebebaender\/non%20class\u00e9\/tesafix-4900-ruban-adhesif-de-transfert\/"},"modified":"2025-07-02T13:12:26","modified_gmt":"2025-07-02T11:12:26","slug":"tesafix-4900-adhesif-de-transfert","status":"publish","type":"product","link":"https:\/\/cardinal-tapes.com\/fr\/rubans-adh\u00e9sifs\/domaines-dapplication\/industrie-automobile\/tesafix-4900-adhesif-de-transfert\/","title":{"rendered":"tesafix\u00ae 4900 Ruban adh\u00e9sif de transfert"},"content":{"rendered":"<p><sup>tesafix\u00ae<\/sup> 4900 est un adh\u00e9sif transfert appliqu\u00e9 sur du papier anti-adh\u00e9sif sans support interm\u00e9diaire. Il est compos\u00e9 d&#8217;une masse adh\u00e9sive acrylique r\u00e9sistante au vieillissement, est tr\u00e8s transparent et poss\u00e8de un pouvoir adh\u00e9sif initial \u00e9lev\u00e9. <sup>tesafix\u00ae<\/sup> 4900 r\u00e9siste aux temp\u00e9ratures \u00e9lev\u00e9es. \u00c9galement pour les solvants et autres produits chimiques.<\/p>\n<p><strong>Propri\u00e9t\u00e9s<\/strong><br \/>\n&#8211; R\u00e9sistant aux solvants et aux produits chimiques<br \/>\n&#8211; <strong>R\u00e9sistance \u00e0 la temp\u00e9rature <\/strong><\/p>\n<p><strong>Applications<\/strong><br \/>\n&#8211; <strong>Pour le <\/strong>montage de pr\u00e9sentoirs et d&#8217;affiches l\u00e9gers.<br \/>\n&#8211; <strong>Collage en continu <\/strong>de films et de papiers, notamment lors du changement de bobine \u00e0 la vol\u00e9e.<br \/>\n&#8211; Collage de <strong>films <\/strong>et de papier (affiches, pr\u00e9sentoirs l\u00e9gers).<\/p>\n","protected":false},"excerpt":{"rendered":"<p>tesafix\u00ae 4900 est un adh\u00e9sif transfert appliqu\u00e9 sur du papier anti-adh\u00e9sif sans support interm\u00e9diaire. Il est compos\u00e9 d&#8217;une masse adh\u00e9sive acrylique r\u00e9sistante au vieillissement, est tr\u00e8s transparent et poss\u00e8de un pouvoir adh\u00e9sif initial \u00e9lev\u00e9. tesafix\u00ae 4900 r\u00e9siste aux temp\u00e9ratures \u00e9lev\u00e9es. \u00c9galement pour les solvants et autres produits chimiques. Propri\u00e9t\u00e9s &#8211; R\u00e9sistant aux solvants et aux [&hellip;]<\/p>\n","protected":false},"featured_media":28444,"template":"","meta":{"_acf_changed":false},"pwb-brand":[2165],"product_brand":[],"product_cat":[1667,1668,1669,1673,1834],"product_tag":[],"class_list":{"0":"post-49673","1":"product","2":"type-product","3":"status-publish","4":"has-post-thumbnail","6":"pwb-brand-tesa-fr","7":"product_cat-industrie-automobile","8":"product_cat-artisanat-du-batiment","9":"product_cat-industrie-du-batiment","10":"product_cat-industrie-electrique","11":"product_cat-rubans-adhesifs-double-face","13":"first","14":"instock","15":"taxable","16":"shipping-taxable","17":"purchasable","18":"product-type-variable"},"acf":[],"yoast_head":"<!-- This site is optimized with the Yoast SEO plugin v27.3 - https:\/\/yoast.com\/product\/yoast-seo-wordpress\/ -->\n<title>tesafix\u00ae 4900 | Cardinal TAPES<\/title>\n<meta name=\"description\" content=\"tesafix\u00ae 4900 est un adh\u00e9sif transfert appliqu\u00e9 sur du papier anti-adh\u00e9sif sans support interm\u00e9diaire. Il se compose d&#039;une masse adh\u00e9sive acrylique r\u00e9sistante au vieillissement, est tr\u00e8s transparent et poss\u00e8de un pouvoir adh\u00e9sif initial \u00e9lev\u00e9.\" \/>\n<meta name=\"robots\" content=\"index, follow, max-snippet:-1, max-image-preview:large, max-video-preview:-1\" \/>\n<link rel=\"canonical\" href=\"https:\/\/cardinal-tapes.com\/fr\/rubans-adh\u00e9sifs\/domaines-dapplication\/industrie-automobile\/tesafix-4900-adhesif-de-transfert\/\" \/>\n<meta property=\"og:locale\" content=\"fr_FR\" \/>\n<meta property=\"og:type\" content=\"article\" \/>\n<meta property=\"og:title\" content=\"tesafix\u00ae 4900 | Cardinal TAPES\" \/>\n<meta property=\"og:description\" content=\"tesafix\u00ae 4900 est un adh\u00e9sif transfert appliqu\u00e9 sur du papier anti-adh\u00e9sif sans support interm\u00e9diaire. Il se compose d&#039;une masse adh\u00e9sive acrylique r\u00e9sistante au vieillissement, est tr\u00e8s transparent et poss\u00e8de un pouvoir adh\u00e9sif initial \u00e9lev\u00e9.\" \/>\n<meta property=\"og:url\" content=\"https:\/\/cardinal-tapes.com\/fr\/rubans-adh\u00e9sifs\/domaines-dapplication\/industrie-automobile\/tesafix-4900-adhesif-de-transfert\/\" \/>\n<meta property=\"og:site_name\" content=\"cardinal TAPES\" \/>\n<meta property=\"article:modified_time\" content=\"2025-07-02T11:12:26+00:00\" \/>\n<meta property=\"og:image\" content=\"https:\/\/cardinal-tapes.com\/wp-content\/uploads\/4900.jpg\" \/>\n\t<meta property=\"og:image:width\" content=\"248\" \/>\n\t<meta property=\"og:image:height\" content=\"350\" \/>\n\t<meta property=\"og:image:type\" content=\"image\/jpeg\" \/>\n<meta name=\"twitter:card\" content=\"summary_large_image\" \/>\n<meta name=\"twitter:label1\" content=\"Dur\u00e9e de lecture estim\u00e9e\" \/>\n\t<meta name=\"twitter:data1\" content=\"1 minute\" \/>\n<script type=\"application\/ld+json\" class=\"yoast-schema-graph\">{\"@context\":\"https:\\\/\\\/schema.org\",\"@graph\":[{\"@type\":\"WebPage\",\"@id\":\"https:\\\/\\\/cardinal-tapes.com\\\/fr\\\/rubans-adh\u00e9sifs\\\/domaines-dapplication\\\/industrie-automobile\\\/tesafix-4900-adhesif-de-transfert\\\/\",\"url\":\"https:\\\/\\\/cardinal-tapes.com\\\/fr\\\/rubans-adh\u00e9sifs\\\/domaines-dapplication\\\/industrie-automobile\\\/tesafix-4900-adhesif-de-transfert\\\/\",\"name\":\"tesafix\u00ae 4900 | Cardinal TAPES\",\"isPartOf\":{\"@id\":\"https:\\\/\\\/cardinal-tapes.com\\\/#website\"},\"primaryImageOfPage\":{\"@id\":\"https:\\\/\\\/cardinal-tapes.com\\\/fr\\\/rubans-adh\u00e9sifs\\\/domaines-dapplication\\\/industrie-automobile\\\/tesafix-4900-adhesif-de-transfert\\\/#primaryimage\"},\"image\":{\"@id\":\"https:\\\/\\\/cardinal-tapes.com\\\/fr\\\/rubans-adh\u00e9sifs\\\/domaines-dapplication\\\/industrie-automobile\\\/tesafix-4900-adhesif-de-transfert\\\/#primaryimage\"},\"thumbnailUrl\":\"https:\\\/\\\/cardinal-tapes.com\\\/wp-content\\\/uploads\\\/4900.jpg\",\"datePublished\":\"2023-06-05T15:07:51+00:00\",\"dateModified\":\"2025-07-02T11:12:26+00:00\",\"description\":\"tesafix\u00ae 4900 est un adh\u00e9sif transfert appliqu\u00e9 sur du papier anti-adh\u00e9sif sans support interm\u00e9diaire. Il se compose d'une masse adh\u00e9sive acrylique r\u00e9sistante au vieillissement, est tr\u00e8s transparent et poss\u00e8de un pouvoir adh\u00e9sif initial \u00e9lev\u00e9.\",\"breadcrumb\":{\"@id\":\"https:\\\/\\\/cardinal-tapes.com\\\/fr\\\/rubans-adh\u00e9sifs\\\/domaines-dapplication\\\/industrie-automobile\\\/tesafix-4900-adhesif-de-transfert\\\/#breadcrumb\"},\"inLanguage\":\"fr-FR\",\"potentialAction\":[{\"@type\":\"ReadAction\",\"target\":[\"https:\\\/\\\/cardinal-tapes.com\\\/fr\\\/rubans-adh\u00e9sifs\\\/domaines-dapplication\\\/industrie-automobile\\\/tesafix-4900-adhesif-de-transfert\\\/\"]}]},{\"@type\":\"ImageObject\",\"inLanguage\":\"fr-FR\",\"@id\":\"https:\\\/\\\/cardinal-tapes.com\\\/fr\\\/rubans-adh\u00e9sifs\\\/domaines-dapplication\\\/industrie-automobile\\\/tesafix-4900-adhesif-de-transfert\\\/#primaryimage\",\"url\":\"https:\\\/\\\/cardinal-tapes.com\\\/wp-content\\\/uploads\\\/4900.jpg\",\"contentUrl\":\"https:\\\/\\\/cardinal-tapes.com\\\/wp-content\\\/uploads\\\/4900.jpg\",\"width\":248,\"height\":350},{\"@type\":\"BreadcrumbList\",\"@id\":\"https:\\\/\\\/cardinal-tapes.com\\\/fr\\\/rubans-adh\u00e9sifs\\\/domaines-dapplication\\\/industrie-automobile\\\/tesafix-4900-adhesif-de-transfert\\\/#breadcrumb\",\"itemListElement\":[{\"@type\":\"ListItem\",\"position\":1,\"name\":\"Startseite\",\"item\":\"https:\\\/\\\/cardinal-tapes.com\\\/fr\\\/accueil\\\/\"},{\"@type\":\"ListItem\",\"position\":2,\"name\":\"Rubans adh\u00e9sifs\",\"item\":\"https:\\\/\\\/cardinal-tapes.com\\\/fr\\\/rubans-adhesifs-fr\\\/\"},{\"@type\":\"ListItem\",\"position\":3,\"name\":\"Doppelseitige Klebeb\u00e4nder\",\"item\":\"https:\\\/\\\/cardinal-tapes.com\\\/kategorie\\\/doppelseitige-klebebaender\\\/\"},{\"@type\":\"ListItem\",\"position\":4,\"name\":\"tesafix\u00ae 4900 Ruban adh\u00e9sif de transfert\"}]},{\"@type\":\"WebSite\",\"@id\":\"https:\\\/\\\/cardinal-tapes.com\\\/#website\",\"url\":\"https:\\\/\\\/cardinal-tapes.com\\\/\",\"name\":\"cardinal TAPES\",\"description\":\"Klebetechnik aus Wuppertal\",\"potentialAction\":[{\"@type\":\"SearchAction\",\"target\":{\"@type\":\"EntryPoint\",\"urlTemplate\":\"https:\\\/\\\/cardinal-tapes.com\\\/?s={search_term_string}\"},\"query-input\":{\"@type\":\"PropertyValueSpecification\",\"valueRequired\":true,\"valueName\":\"search_term_string\"}}],\"inLanguage\":\"fr-FR\"}]}<\/script>\n<!-- \/ Yoast SEO plugin. -->","yoast_head_json":{"title":"tesafix\u00ae 4900 | Cardinal TAPES","description":"tesafix\u00ae 4900 est un adh\u00e9sif transfert appliqu\u00e9 sur du papier anti-adh\u00e9sif sans support interm\u00e9diaire. Il se compose d'une masse adh\u00e9sive acrylique r\u00e9sistante au vieillissement, est tr\u00e8s transparent et poss\u00e8de un pouvoir adh\u00e9sif initial \u00e9lev\u00e9.","robots":{"index":"index","follow":"follow","max-snippet":"max-snippet:-1","max-image-preview":"max-image-preview:large","max-video-preview":"max-video-preview:-1"},"canonical":"https:\/\/cardinal-tapes.com\/fr\/rubans-adh\u00e9sifs\/domaines-dapplication\/industrie-automobile\/tesafix-4900-adhesif-de-transfert\/","og_locale":"fr_FR","og_type":"article","og_title":"tesafix\u00ae 4900 | Cardinal TAPES","og_description":"tesafix\u00ae 4900 est un adh\u00e9sif transfert appliqu\u00e9 sur du papier anti-adh\u00e9sif sans support interm\u00e9diaire. Il se compose d'une masse adh\u00e9sive acrylique r\u00e9sistante au vieillissement, est tr\u00e8s transparent et poss\u00e8de un pouvoir adh\u00e9sif initial \u00e9lev\u00e9.","og_url":"https:\/\/cardinal-tapes.com\/fr\/rubans-adh\u00e9sifs\/domaines-dapplication\/industrie-automobile\/tesafix-4900-adhesif-de-transfert\/","og_site_name":"cardinal TAPES","article_modified_time":"2025-07-02T11:12:26+00:00","og_image":[{"width":248,"height":350,"url":"https:\/\/cardinal-tapes.com\/wp-content\/uploads\/4900.jpg","type":"image\/jpeg"}],"twitter_card":"summary_large_image","twitter_misc":{"Dur\u00e9e de lecture estim\u00e9e":"1 minute"},"schema":{"@context":"https:\/\/schema.org","@graph":[{"@type":"WebPage","@id":"https:\/\/cardinal-tapes.com\/fr\/rubans-adh\u00e9sifs\/domaines-dapplication\/industrie-automobile\/tesafix-4900-adhesif-de-transfert\/","url":"https:\/\/cardinal-tapes.com\/fr\/rubans-adh\u00e9sifs\/domaines-dapplication\/industrie-automobile\/tesafix-4900-adhesif-de-transfert\/","name":"tesafix\u00ae 4900 | Cardinal TAPES","isPartOf":{"@id":"https:\/\/cardinal-tapes.com\/#website"},"primaryImageOfPage":{"@id":"https:\/\/cardinal-tapes.com\/fr\/rubans-adh\u00e9sifs\/domaines-dapplication\/industrie-automobile\/tesafix-4900-adhesif-de-transfert\/#primaryimage"},"image":{"@id":"https:\/\/cardinal-tapes.com\/fr\/rubans-adh\u00e9sifs\/domaines-dapplication\/industrie-automobile\/tesafix-4900-adhesif-de-transfert\/#primaryimage"},"thumbnailUrl":"https:\/\/cardinal-tapes.com\/wp-content\/uploads\/4900.jpg","datePublished":"2023-06-05T15:07:51+00:00","dateModified":"2025-07-02T11:12:26+00:00","description":"tesafix\u00ae 4900 est un adh\u00e9sif transfert appliqu\u00e9 sur du papier anti-adh\u00e9sif sans support interm\u00e9diaire. Il se compose d'une masse adh\u00e9sive acrylique r\u00e9sistante au vieillissement, est tr\u00e8s transparent et poss\u00e8de un pouvoir adh\u00e9sif initial \u00e9lev\u00e9.","breadcrumb":{"@id":"https:\/\/cardinal-tapes.com\/fr\/rubans-adh\u00e9sifs\/domaines-dapplication\/industrie-automobile\/tesafix-4900-adhesif-de-transfert\/#breadcrumb"},"inLanguage":"fr-FR","potentialAction":[{"@type":"ReadAction","target":["https:\/\/cardinal-tapes.com\/fr\/rubans-adh\u00e9sifs\/domaines-dapplication\/industrie-automobile\/tesafix-4900-adhesif-de-transfert\/"]}]},{"@type":"ImageObject","inLanguage":"fr-FR","@id":"https:\/\/cardinal-tapes.com\/fr\/rubans-adh\u00e9sifs\/domaines-dapplication\/industrie-automobile\/tesafix-4900-adhesif-de-transfert\/#primaryimage","url":"https:\/\/cardinal-tapes.com\/wp-content\/uploads\/4900.jpg","contentUrl":"https:\/\/cardinal-tapes.com\/wp-content\/uploads\/4900.jpg","width":248,"height":350},{"@type":"BreadcrumbList","@id":"https:\/\/cardinal-tapes.com\/fr\/rubans-adh\u00e9sifs\/domaines-dapplication\/industrie-automobile\/tesafix-4900-adhesif-de-transfert\/#breadcrumb","itemListElement":[{"@type":"ListItem","position":1,"name":"Startseite","item":"https:\/\/cardinal-tapes.com\/fr\/accueil\/"},{"@type":"ListItem","position":2,"name":"Rubans adh\u00e9sifs","item":"https:\/\/cardinal-tapes.com\/fr\/rubans-adhesifs-fr\/"},{"@type":"ListItem","position":3,"name":"Doppelseitige Klebeb\u00e4nder","item":"https:\/\/cardinal-tapes.com\/kategorie\/doppelseitige-klebebaender\/"},{"@type":"ListItem","position":4,"name":"tesafix\u00ae 4900 Ruban adh\u00e9sif de transfert"}]},{"@type":"WebSite","@id":"https:\/\/cardinal-tapes.com\/#website","url":"https:\/\/cardinal-tapes.com\/","name":"cardinal TAPES","description":"Klebetechnik aus Wuppertal","potentialAction":[{"@type":"SearchAction","target":{"@type":"EntryPoint","urlTemplate":"https:\/\/cardinal-tapes.com\/?s={search_term_string}"},"query-input":{"@type":"PropertyValueSpecification","valueRequired":true,"valueName":"search_term_string"}}],"inLanguage":"fr-FR"}]}},"brands":[{"id":2165,"name":"tesa","slug":"tesa-fr"}],"_links":{"self":[{"href":"https:\/\/cardinal-tapes.com\/fr\/wp-json\/wp\/v2\/product\/49673","targetHints":{"allow":["GET"]}}],"collection":[{"href":"https:\/\/cardinal-tapes.com\/fr\/wp-json\/wp\/v2\/product"}],"about":[{"href":"https:\/\/cardinal-tapes.com\/fr\/wp-json\/wp\/v2\/types\/product"}],"wp:featuredmedia":[{"embeddable":true,"href":"https:\/\/cardinal-tapes.com\/fr\/wp-json\/wp\/v2\/media\/28444"}],"wp:attachment":[{"href":"https:\/\/cardinal-tapes.com\/fr\/wp-json\/wp\/v2\/media?parent=49673"}],"wp:term":[{"taxonomy":"pwb-brand","embeddable":true,"href":"https:\/\/cardinal-tapes.com\/fr\/wp-json\/wp\/v2\/pwb-brand?post=49673"},{"taxonomy":"product_brand","embeddable":true,"href":"https:\/\/cardinal-tapes.com\/fr\/wp-json\/wp\/v2\/product_brand?post=49673"},{"taxonomy":"product_cat","embeddable":true,"href":"https:\/\/cardinal-tapes.com\/fr\/wp-json\/wp\/v2\/product_cat?post=49673"},{"taxonomy":"product_tag","embeddable":true,"href":"https:\/\/cardinal-tapes.com\/fr\/wp-json\/wp\/v2\/product_tag?post=49673"}],"curies":[{"name":"wp","href":"https:\/\/api.w.org\/{rel}","templated":true}]}}