{"id":49671,"date":"2020-10-08T10:20:35","date_gmt":"2023-06-05T15:07:51","guid":{"rendered":"https:\/\/cardinal.pixel-tal.de\/klebebaender\/non%20class\u00e9\/tesakrepp-4308-blue-ruban-de-masquage-crepe\/"},"modified":"2025-07-02T13:10:29","modified_gmt":"2025-07-02T11:10:29","slug":"tesakrepp-4308-blue-crepe-bande-de-masquage-resistante-a-la-temperature-pour-travaux-de-peinture-exigeants","status":"publish","type":"product","link":"https:\/\/cardinal-tapes.com\/fr\/rubans-adh\u00e9sifs\/domaines-dapplication\/artisanat-du-batiment\/tesakrepp-4308-blue-crepe-bande-de-masquage-resistante-a-la-temperature-pour-travaux-de-peinture-exigeants\/","title":{"rendered":"tesakrepp\u00ae 4308 Blue ruban de masquage cr\u00eape"},"content":{"rendered":"<p><sup>tesakrepp\u00ae<\/sup> 4308 est un ruban de masquage en papier faiblement cr\u00eap\u00e9, dot\u00e9 d&#8217;un excellent pouvoir adh\u00e9sif. Cela garantit une s\u00e9curit\u00e9 de collage rapide et \u00e9lev\u00e9e, m\u00eame sur le caoutchouc, le verre et les profil\u00e9s en plastique. Le support est extr\u00eamement flexible, permet un collage pr\u00e9cis sur les longues lignes droites ainsi que dans les virages difficiles et favorise des r\u00e9sultats de peinture propres avec des bords de peinture nets et pr\u00e9cis. M\u00eame apr\u00e8s s\u00e9chage, <sup>tesakrepp\u00ae<\/sup> 4308 se retire facilement.<\/p>\n<p><strong>Propri\u00e9t\u00e9s<\/strong><br \/>\n&#8211; R\u00e9sistant \u00e0 la temp\u00e9rature<br \/>\n&#8211; Bonne adh\u00e9rence sur les peintures<br \/>\n&#8211; D\u00e9chirable \u00e0 la main<\/p>\n<p><strong>Applications<\/strong><br \/>\n&#8211; Couvrir les travaux de peinture exigeants dans le domaine de la r\u00e9paration automobile avec un s\u00e9chage ult\u00e9rieur jusqu&#8217;\u00e0 100\u00b0C (peintures \u00e0 base de solvants et d&#8217;eau).<\/p>\n","protected":false},"excerpt":{"rendered":"<p>tesakrepp\u00ae 4308 est un ruban de masquage en papier faiblement cr\u00eap\u00e9, dot\u00e9 d&#8217;un excellent pouvoir adh\u00e9sif. Cela garantit une s\u00e9curit\u00e9 de collage rapide et \u00e9lev\u00e9e, m\u00eame sur le caoutchouc, le verre et les profil\u00e9s en plastique. Le support est extr\u00eamement flexible, permet un collage pr\u00e9cis sur les longues lignes droites ainsi que dans les virages [&hellip;]<\/p>\n","protected":false},"featured_media":28432,"template":"","meta":{"_acf_changed":false},"pwb-brand":[2165],"product_brand":[],"product_cat":[1668,1673,1836],"product_tag":[],"class_list":{"0":"post-49671","1":"product","2":"type-product","3":"status-publish","4":"has-post-thumbnail","6":"pwb-brand-tesa-fr","7":"product_cat-artisanat-du-batiment","8":"product_cat-industrie-electrique","9":"product_cat-rubans-adhesifs-simple-face","11":"first","12":"instock","13":"taxable","14":"shipping-taxable","15":"purchasable","16":"product-type-variable"},"acf":[],"yoast_head":"<!-- This site is optimized with the Yoast SEO plugin v27.3 - https:\/\/yoast.com\/product\/yoast-seo-wordpress\/ -->\n<title>tesakrepp\u00ae 4308 Cr\u00eape bleu | Cardinal TAPES<\/title>\n<meta name=\"description\" content=\"tesakrepp\u00ae 4308 est un ruban de masquage en papier faiblement cr\u00eap\u00e9, dot\u00e9 d&#039;un excellent pouvoir adh\u00e9sif, qui garantit une adh\u00e9rence rapide et \u00e9lev\u00e9e, m\u00eame sur le caoutchouc, le verre et les profil\u00e9s en plastique.\" \/>\n<meta name=\"robots\" content=\"index, follow, max-snippet:-1, max-image-preview:large, max-video-preview:-1\" \/>\n<link rel=\"canonical\" href=\"https:\/\/cardinal-tapes.com\/fr\/rubans-adh\u00e9sifs\/domaines-dapplication\/artisanat-du-batiment\/tesakrepp-4308-blue-crepe-bande-de-masquage-resistante-a-la-temperature-pour-travaux-de-peinture-exigeants\/\" \/>\n<meta property=\"og:locale\" content=\"fr_FR\" \/>\n<meta property=\"og:type\" content=\"article\" \/>\n<meta property=\"og:title\" content=\"tesakrepp\u00ae 4308 Cr\u00eape bleu | Cardinal TAPES\" \/>\n<meta property=\"og:description\" content=\"tesakrepp\u00ae 4308 est un ruban de masquage en papier faiblement cr\u00eap\u00e9, dot\u00e9 d&#039;un excellent pouvoir adh\u00e9sif, qui garantit une adh\u00e9rence rapide et \u00e9lev\u00e9e, m\u00eame sur le caoutchouc, le verre et les profil\u00e9s en plastique.\" \/>\n<meta property=\"og:url\" content=\"https:\/\/cardinal-tapes.com\/fr\/rubans-adh\u00e9sifs\/domaines-dapplication\/artisanat-du-batiment\/tesakrepp-4308-blue-crepe-bande-de-masquage-resistante-a-la-temperature-pour-travaux-de-peinture-exigeants\/\" \/>\n<meta property=\"og:site_name\" content=\"cardinal TAPES\" \/>\n<meta property=\"article:modified_time\" content=\"2025-07-02T11:10:29+00:00\" \/>\n<meta property=\"og:image\" content=\"https:\/\/cardinal-tapes.com\/wp-content\/uploads\/221920_tesakrepp_4308_kg.jpg\" \/>\n\t<meta property=\"og:image:width\" content=\"250\" \/>\n\t<meta property=\"og:image:height\" content=\"250\" \/>\n\t<meta property=\"og:image:type\" content=\"image\/jpeg\" \/>\n<meta name=\"twitter:card\" content=\"summary_large_image\" \/>\n<meta name=\"twitter:label1\" content=\"Dur\u00e9e de lecture estim\u00e9e\" \/>\n\t<meta name=\"twitter:data1\" content=\"1 minute\" \/>\n<script type=\"application\/ld+json\" class=\"yoast-schema-graph\">{\"@context\":\"https:\\\/\\\/schema.org\",\"@graph\":[{\"@type\":\"WebPage\",\"@id\":\"https:\\\/\\\/cardinal-tapes.com\\\/fr\\\/rubans-adh\u00e9sifs\\\/domaines-dapplication\\\/artisanat-du-batiment\\\/tesakrepp-4308-blue-crepe-bande-de-masquage-resistante-a-la-temperature-pour-travaux-de-peinture-exigeants\\\/\",\"url\":\"https:\\\/\\\/cardinal-tapes.com\\\/fr\\\/rubans-adh\u00e9sifs\\\/domaines-dapplication\\\/artisanat-du-batiment\\\/tesakrepp-4308-blue-crepe-bande-de-masquage-resistante-a-la-temperature-pour-travaux-de-peinture-exigeants\\\/\",\"name\":\"tesakrepp\u00ae 4308 Cr\u00eape bleu | Cardinal TAPES\",\"isPartOf\":{\"@id\":\"https:\\\/\\\/cardinal-tapes.com\\\/#website\"},\"primaryImageOfPage\":{\"@id\":\"https:\\\/\\\/cardinal-tapes.com\\\/fr\\\/rubans-adh\u00e9sifs\\\/domaines-dapplication\\\/artisanat-du-batiment\\\/tesakrepp-4308-blue-crepe-bande-de-masquage-resistante-a-la-temperature-pour-travaux-de-peinture-exigeants\\\/#primaryimage\"},\"image\":{\"@id\":\"https:\\\/\\\/cardinal-tapes.com\\\/fr\\\/rubans-adh\u00e9sifs\\\/domaines-dapplication\\\/artisanat-du-batiment\\\/tesakrepp-4308-blue-crepe-bande-de-masquage-resistante-a-la-temperature-pour-travaux-de-peinture-exigeants\\\/#primaryimage\"},\"thumbnailUrl\":\"https:\\\/\\\/cardinal-tapes.com\\\/wp-content\\\/uploads\\\/221920_tesakrepp_4308_kg.jpg\",\"datePublished\":\"2023-06-05T15:07:51+00:00\",\"dateModified\":\"2025-07-02T11:10:29+00:00\",\"description\":\"tesakrepp\u00ae 4308 est un ruban de masquage en papier faiblement cr\u00eap\u00e9, dot\u00e9 d'un excellent pouvoir adh\u00e9sif, qui garantit une adh\u00e9rence rapide et \u00e9lev\u00e9e, m\u00eame sur le caoutchouc, le verre et les profil\u00e9s en plastique.\",\"breadcrumb\":{\"@id\":\"https:\\\/\\\/cardinal-tapes.com\\\/fr\\\/rubans-adh\u00e9sifs\\\/domaines-dapplication\\\/artisanat-du-batiment\\\/tesakrepp-4308-blue-crepe-bande-de-masquage-resistante-a-la-temperature-pour-travaux-de-peinture-exigeants\\\/#breadcrumb\"},\"inLanguage\":\"fr-FR\",\"potentialAction\":[{\"@type\":\"ReadAction\",\"target\":[\"https:\\\/\\\/cardinal-tapes.com\\\/fr\\\/rubans-adh\u00e9sifs\\\/domaines-dapplication\\\/artisanat-du-batiment\\\/tesakrepp-4308-blue-crepe-bande-de-masquage-resistante-a-la-temperature-pour-travaux-de-peinture-exigeants\\\/\"]}]},{\"@type\":\"ImageObject\",\"inLanguage\":\"fr-FR\",\"@id\":\"https:\\\/\\\/cardinal-tapes.com\\\/fr\\\/rubans-adh\u00e9sifs\\\/domaines-dapplication\\\/artisanat-du-batiment\\\/tesakrepp-4308-blue-crepe-bande-de-masquage-resistante-a-la-temperature-pour-travaux-de-peinture-exigeants\\\/#primaryimage\",\"url\":\"https:\\\/\\\/cardinal-tapes.com\\\/wp-content\\\/uploads\\\/221920_tesakrepp_4308_kg.jpg\",\"contentUrl\":\"https:\\\/\\\/cardinal-tapes.com\\\/wp-content\\\/uploads\\\/221920_tesakrepp_4308_kg.jpg\",\"width\":250,\"height\":250},{\"@type\":\"BreadcrumbList\",\"@id\":\"https:\\\/\\\/cardinal-tapes.com\\\/fr\\\/rubans-adh\u00e9sifs\\\/domaines-dapplication\\\/artisanat-du-batiment\\\/tesakrepp-4308-blue-crepe-bande-de-masquage-resistante-a-la-temperature-pour-travaux-de-peinture-exigeants\\\/#breadcrumb\",\"itemListElement\":[{\"@type\":\"ListItem\",\"position\":1,\"name\":\"Startseite\",\"item\":\"https:\\\/\\\/cardinal-tapes.com\\\/fr\\\/accueil\\\/\"},{\"@type\":\"ListItem\",\"position\":2,\"name\":\"Rubans adh\u00e9sifs\",\"item\":\"https:\\\/\\\/cardinal-tapes.com\\\/fr\\\/rubans-adhesifs-fr\\\/\"},{\"@type\":\"ListItem\",\"position\":3,\"name\":\"Domaines d&#039;application\",\"item\":\"https:\\\/\\\/cardinal-tapes.com\\\/fr\\\/catgorie\\\/domaines-dapplication\\\/\"},{\"@type\":\"ListItem\",\"position\":4,\"name\":\"Artisanat du b\u00e2timent\",\"item\":\"https:\\\/\\\/cardinal-tapes.com\\\/fr\\\/catgorie\\\/artisanat-du-batiment\\\/\"},{\"@type\":\"ListItem\",\"position\":5,\"name\":\"tesakrepp\u00ae 4308 Blue ruban de masquage cr\u00eape\"}]},{\"@type\":\"WebSite\",\"@id\":\"https:\\\/\\\/cardinal-tapes.com\\\/#website\",\"url\":\"https:\\\/\\\/cardinal-tapes.com\\\/\",\"name\":\"cardinal TAPES\",\"description\":\"Klebetechnik aus Wuppertal\",\"potentialAction\":[{\"@type\":\"SearchAction\",\"target\":{\"@type\":\"EntryPoint\",\"urlTemplate\":\"https:\\\/\\\/cardinal-tapes.com\\\/?s={search_term_string}\"},\"query-input\":{\"@type\":\"PropertyValueSpecification\",\"valueRequired\":true,\"valueName\":\"search_term_string\"}}],\"inLanguage\":\"fr-FR\"}]}<\/script>\n<!-- \/ Yoast SEO plugin. -->","yoast_head_json":{"title":"tesakrepp\u00ae 4308 Cr\u00eape bleu | Cardinal TAPES","description":"tesakrepp\u00ae 4308 est un ruban de masquage en papier faiblement cr\u00eap\u00e9, dot\u00e9 d'un excellent pouvoir adh\u00e9sif, qui garantit une adh\u00e9rence rapide et \u00e9lev\u00e9e, m\u00eame sur le caoutchouc, le verre et les profil\u00e9s en plastique.","robots":{"index":"index","follow":"follow","max-snippet":"max-snippet:-1","max-image-preview":"max-image-preview:large","max-video-preview":"max-video-preview:-1"},"canonical":"https:\/\/cardinal-tapes.com\/fr\/rubans-adh\u00e9sifs\/domaines-dapplication\/artisanat-du-batiment\/tesakrepp-4308-blue-crepe-bande-de-masquage-resistante-a-la-temperature-pour-travaux-de-peinture-exigeants\/","og_locale":"fr_FR","og_type":"article","og_title":"tesakrepp\u00ae 4308 Cr\u00eape bleu | Cardinal TAPES","og_description":"tesakrepp\u00ae 4308 est un ruban de masquage en papier faiblement cr\u00eap\u00e9, dot\u00e9 d'un excellent pouvoir adh\u00e9sif, qui garantit une adh\u00e9rence rapide et \u00e9lev\u00e9e, m\u00eame sur le caoutchouc, le verre et les profil\u00e9s en plastique.","og_url":"https:\/\/cardinal-tapes.com\/fr\/rubans-adh\u00e9sifs\/domaines-dapplication\/artisanat-du-batiment\/tesakrepp-4308-blue-crepe-bande-de-masquage-resistante-a-la-temperature-pour-travaux-de-peinture-exigeants\/","og_site_name":"cardinal TAPES","article_modified_time":"2025-07-02T11:10:29+00:00","og_image":[{"width":250,"height":250,"url":"https:\/\/cardinal-tapes.com\/wp-content\/uploads\/221920_tesakrepp_4308_kg.jpg","type":"image\/jpeg"}],"twitter_card":"summary_large_image","twitter_misc":{"Dur\u00e9e de lecture estim\u00e9e":"1 minute"},"schema":{"@context":"https:\/\/schema.org","@graph":[{"@type":"WebPage","@id":"https:\/\/cardinal-tapes.com\/fr\/rubans-adh\u00e9sifs\/domaines-dapplication\/artisanat-du-batiment\/tesakrepp-4308-blue-crepe-bande-de-masquage-resistante-a-la-temperature-pour-travaux-de-peinture-exigeants\/","url":"https:\/\/cardinal-tapes.com\/fr\/rubans-adh\u00e9sifs\/domaines-dapplication\/artisanat-du-batiment\/tesakrepp-4308-blue-crepe-bande-de-masquage-resistante-a-la-temperature-pour-travaux-de-peinture-exigeants\/","name":"tesakrepp\u00ae 4308 Cr\u00eape bleu | Cardinal TAPES","isPartOf":{"@id":"https:\/\/cardinal-tapes.com\/#website"},"primaryImageOfPage":{"@id":"https:\/\/cardinal-tapes.com\/fr\/rubans-adh\u00e9sifs\/domaines-dapplication\/artisanat-du-batiment\/tesakrepp-4308-blue-crepe-bande-de-masquage-resistante-a-la-temperature-pour-travaux-de-peinture-exigeants\/#primaryimage"},"image":{"@id":"https:\/\/cardinal-tapes.com\/fr\/rubans-adh\u00e9sifs\/domaines-dapplication\/artisanat-du-batiment\/tesakrepp-4308-blue-crepe-bande-de-masquage-resistante-a-la-temperature-pour-travaux-de-peinture-exigeants\/#primaryimage"},"thumbnailUrl":"https:\/\/cardinal-tapes.com\/wp-content\/uploads\/221920_tesakrepp_4308_kg.jpg","datePublished":"2023-06-05T15:07:51+00:00","dateModified":"2025-07-02T11:10:29+00:00","description":"tesakrepp\u00ae 4308 est un ruban de masquage en papier faiblement cr\u00eap\u00e9, dot\u00e9 d'un excellent pouvoir adh\u00e9sif, qui garantit une adh\u00e9rence rapide et \u00e9lev\u00e9e, m\u00eame sur le caoutchouc, le verre et les profil\u00e9s en plastique.","breadcrumb":{"@id":"https:\/\/cardinal-tapes.com\/fr\/rubans-adh\u00e9sifs\/domaines-dapplication\/artisanat-du-batiment\/tesakrepp-4308-blue-crepe-bande-de-masquage-resistante-a-la-temperature-pour-travaux-de-peinture-exigeants\/#breadcrumb"},"inLanguage":"fr-FR","potentialAction":[{"@type":"ReadAction","target":["https:\/\/cardinal-tapes.com\/fr\/rubans-adh\u00e9sifs\/domaines-dapplication\/artisanat-du-batiment\/tesakrepp-4308-blue-crepe-bande-de-masquage-resistante-a-la-temperature-pour-travaux-de-peinture-exigeants\/"]}]},{"@type":"ImageObject","inLanguage":"fr-FR","@id":"https:\/\/cardinal-tapes.com\/fr\/rubans-adh\u00e9sifs\/domaines-dapplication\/artisanat-du-batiment\/tesakrepp-4308-blue-crepe-bande-de-masquage-resistante-a-la-temperature-pour-travaux-de-peinture-exigeants\/#primaryimage","url":"https:\/\/cardinal-tapes.com\/wp-content\/uploads\/221920_tesakrepp_4308_kg.jpg","contentUrl":"https:\/\/cardinal-tapes.com\/wp-content\/uploads\/221920_tesakrepp_4308_kg.jpg","width":250,"height":250},{"@type":"BreadcrumbList","@id":"https:\/\/cardinal-tapes.com\/fr\/rubans-adh\u00e9sifs\/domaines-dapplication\/artisanat-du-batiment\/tesakrepp-4308-blue-crepe-bande-de-masquage-resistante-a-la-temperature-pour-travaux-de-peinture-exigeants\/#breadcrumb","itemListElement":[{"@type":"ListItem","position":1,"name":"Startseite","item":"https:\/\/cardinal-tapes.com\/fr\/accueil\/"},{"@type":"ListItem","position":2,"name":"Rubans adh\u00e9sifs","item":"https:\/\/cardinal-tapes.com\/fr\/rubans-adhesifs-fr\/"},{"@type":"ListItem","position":3,"name":"Domaines d&#039;application","item":"https:\/\/cardinal-tapes.com\/fr\/catgorie\/domaines-dapplication\/"},{"@type":"ListItem","position":4,"name":"Artisanat du b\u00e2timent","item":"https:\/\/cardinal-tapes.com\/fr\/catgorie\/artisanat-du-batiment\/"},{"@type":"ListItem","position":5,"name":"tesakrepp\u00ae 4308 Blue ruban de masquage cr\u00eape"}]},{"@type":"WebSite","@id":"https:\/\/cardinal-tapes.com\/#website","url":"https:\/\/cardinal-tapes.com\/","name":"cardinal TAPES","description":"Klebetechnik aus Wuppertal","potentialAction":[{"@type":"SearchAction","target":{"@type":"EntryPoint","urlTemplate":"https:\/\/cardinal-tapes.com\/?s={search_term_string}"},"query-input":{"@type":"PropertyValueSpecification","valueRequired":true,"valueName":"search_term_string"}}],"inLanguage":"fr-FR"}]}},"brands":[{"id":2165,"name":"tesa","slug":"tesa-fr"}],"_links":{"self":[{"href":"https:\/\/cardinal-tapes.com\/fr\/wp-json\/wp\/v2\/product\/49671","targetHints":{"allow":["GET"]}}],"collection":[{"href":"https:\/\/cardinal-tapes.com\/fr\/wp-json\/wp\/v2\/product"}],"about":[{"href":"https:\/\/cardinal-tapes.com\/fr\/wp-json\/wp\/v2\/types\/product"}],"wp:featuredmedia":[{"embeddable":true,"href":"https:\/\/cardinal-tapes.com\/fr\/wp-json\/wp\/v2\/media\/28432"}],"wp:attachment":[{"href":"https:\/\/cardinal-tapes.com\/fr\/wp-json\/wp\/v2\/media?parent=49671"}],"wp:term":[{"taxonomy":"pwb-brand","embeddable":true,"href":"https:\/\/cardinal-tapes.com\/fr\/wp-json\/wp\/v2\/pwb-brand?post=49671"},{"taxonomy":"product_brand","embeddable":true,"href":"https:\/\/cardinal-tapes.com\/fr\/wp-json\/wp\/v2\/product_brand?post=49671"},{"taxonomy":"product_cat","embeddable":true,"href":"https:\/\/cardinal-tapes.com\/fr\/wp-json\/wp\/v2\/product_cat?post=49671"},{"taxonomy":"product_tag","embeddable":true,"href":"https:\/\/cardinal-tapes.com\/fr\/wp-json\/wp\/v2\/product_tag?post=49671"}],"curies":[{"name":"wp","href":"https:\/\/api.w.org\/{rel}","templated":true}]}}