{"id":49657,"date":"2020-09-22T13:54:13","date_gmt":"2023-06-05T15:07:51","guid":{"rendered":"https:\/\/cardinal.pixel-tal.de\/klebebaender\/non%20class\u00e9\/cardinal-tapes-masque-facial-avec-pince-nez\/"},"modified":"2025-07-02T13:09:36","modified_gmt":"2025-07-02T11:09:36","slug":"cardinal-tapes-masque-visage-avec-bride-nez","status":"publish","type":"product","link":"https:\/\/cardinal-tapes.com\/fr\/rubans-adh\u00e9sifs\/domaines-dapplication\/industrie-textile\/cardinal-tapes-masque-visage-avec-bride-nez\/","title":{"rendered":"cardinal Tapes Masque facial avec pince-nez"},"content":{"rendered":"<p><strong>Masque de secours flexible autocollant \u00e0 usage unique<\/strong><\/p>\n<p>Les masques permettent de r\u00e9duire le risque d&#8217;infection par gouttelettes pour d&#8217;autres personnes. De plus, un masque bucco-nasal sert \u00e9galement d&#8217;autoprotection, car on ne se touche pas accidentellement la bouche et les muqueuses nasales avec les mains. Porter un masque en public et au contact de personnes appartenant \u00e0 des groupes \u00e0 risque, c&#8217;est prot\u00e9ger les autres.<\/p>\n<p>Notre cache-bouche et cache-nez temporaire est compos\u00e9 d&#8217;un non-tiss\u00e9 en polypropyl\u00e8ne flexible, dot\u00e9 de points de collage facilement d\u00e9tachables. Les masques sont fix\u00e9s directement sur la peau. La colle acrylique sans solvant est approuv\u00e9e pour le contact direct avec la peau et ne poss\u00e8de pas d&#8217;odeur propre g\u00eanante. Les masques transparents \u00e0 usage unique sont constitu\u00e9s d&#8217;un film fin en LDPE et sont \u00e9galement \u00e9quip\u00e9s d&#8217;un adh\u00e9sif, mais ne sont recommand\u00e9s que pour des applications de courte dur\u00e9e.<\/p>\n<p>Comme le masque de fortune \u00e0 usage unique est coll\u00e9 sur les joues, il n&#8217;est pas n\u00e9cessaire d&#8217;utiliser des \u00e9lastiques g\u00eanants pour le fixer. Ce type de fixation est particuli\u00e8rement int\u00e9ressant pour les coiffeurs et les opticiens, car la zone autour des oreilles peut \u00eatre atteinte sans probl\u00e8me.<\/p>\n<p>Les masques pour le visage ne sont pas certifi\u00e9s et ne sont donc pas autoris\u00e9s pour des applications m\u00e9dicales.<\/p>\n<p><strong>Possibilit\u00e9s d&#8217;application :<\/strong><\/p>\n<p><em><strong>Coiffeurs, opticiens, audioproth\u00e9sistes et bien d&#8217;autres prestataires de services.<\/strong><\/em><\/p>\n<p>La zone autour des oreilles reste libre en permanence gr\u00e2ce \u00e0 nos masques autocollants. Cela facilite l&#8217;essayage et le port permanent des aides auditives et des lunettes. M\u00eame le travail des coiffeurs redevient plus facile gr\u00e2ce \u00e0 nos masques. Gr\u00e2ce \u00e0 la zone libre autour des oreilles du client, la coupe de cheveux est facilit\u00e9e.<\/p>\n<p><strong>Exemple d&#8217;application :<\/strong><\/p>\n<div class=\"wrap\" style=\"margin: 10px 0 40px; float: left;\">\n<div class=\"av_one_half flex_column first\"><a href=\"https:\/\/cardinal-tapes.com\/wp-content\/uploads\/cardinal_gesichtsschutz2.mp4?iframe=true\"><img decoding=\"async\" style=\"border-radius: 8px; border: 1px solid #b6193e; line-height: 0; overflow: hidden;\" src=\"\/wp-content\/uploads\/cardinal_gesichstmaske_thumb2.jpg\"><\/a><\/div>\n<\/div>\n","protected":false},"excerpt":{"rendered":"<p>Masque de secours flexible autocollant \u00e0 usage unique Les masques permettent de r\u00e9duire le risque d&#8217;infection par gouttelettes pour d&#8217;autres personnes. De plus, un masque bucco-nasal sert \u00e9galement d&#8217;autoprotection, car on ne se touche pas accidentellement la bouche et les muqueuses nasales avec les mains. Porter un masque en public et au contact de personnes [&hellip;]<\/p>\n","protected":false},"featured_media":0,"template":"","meta":{"_acf_changed":false},"pwb-brand":[2171],"product_brand":[],"product_cat":[1770,1833,1836],"product_tag":[],"class_list":{"0":"post-49657","1":"product","2":"type-product","3":"status-publish","5":"pwb-brand-cardinal-gmbh-fr","6":"product_cat-industrie-textile","7":"product_cat-ruban-adhesif-non-tisse","8":"product_cat-rubans-adhesifs-simple-face","10":"first","11":"instock","12":"sale","13":"taxable","14":"shipping-taxable","15":"purchasable","16":"product-type-variable"},"acf":[],"yoast_head":"<!-- This site is optimized with the Yoast SEO plugin v27.3 - https:\/\/yoast.com\/product\/yoast-seo-wordpress\/ -->\n<title>cardinal Tapes Masque facial avec pince-nez - cardinal TAPES<\/title>\n<meta name=\"robots\" content=\"index, follow, max-snippet:-1, max-image-preview:large, max-video-preview:-1\" \/>\n<link rel=\"canonical\" href=\"https:\/\/cardinal-tapes.com\/fr\/rubans-adh\u00e9sifs\/domaines-dapplication\/industrie-textile\/cardinal-tapes-masque-visage-avec-bride-nez\/\" \/>\n<meta property=\"og:locale\" content=\"fr_FR\" \/>\n<meta property=\"og:type\" content=\"article\" \/>\n<meta property=\"og:title\" content=\"cardinal Tapes Masque facial avec pince-nez - cardinal TAPES\" \/>\n<meta property=\"og:description\" content=\"Masque de secours flexible autocollant \u00e0 usage unique Les masques permettent de r\u00e9duire le risque d&#8217;infection par gouttelettes pour d&#8217;autres personnes. De plus, un masque bucco-nasal sert \u00e9galement d&#8217;autoprotection, car on ne se touche pas accidentellement la bouche et les muqueuses nasales avec les mains. Porter un masque en public et au contact de personnes [&hellip;]\" \/>\n<meta property=\"og:url\" content=\"https:\/\/cardinal-tapes.com\/fr\/rubans-adh\u00e9sifs\/domaines-dapplication\/industrie-textile\/cardinal-tapes-masque-visage-avec-bride-nez\/\" \/>\n<meta property=\"og:site_name\" content=\"cardinal TAPES\" \/>\n<meta property=\"article:modified_time\" content=\"2025-07-02T11:09:36+00:00\" \/>\n<meta name=\"twitter:card\" content=\"summary_large_image\" \/>\n<meta name=\"twitter:label1\" content=\"Dur\u00e9e de lecture estim\u00e9e\" \/>\n\t<meta name=\"twitter:data1\" content=\"1 minute\" \/>\n<script type=\"application\/ld+json\" class=\"yoast-schema-graph\">{\"@context\":\"https:\\\/\\\/schema.org\",\"@graph\":[{\"@type\":\"WebPage\",\"@id\":\"https:\\\/\\\/cardinal-tapes.com\\\/fr\\\/rubans-adh\u00e9sifs\\\/domaines-dapplication\\\/industrie-textile\\\/cardinal-tapes-masque-visage-avec-bride-nez\\\/\",\"url\":\"https:\\\/\\\/cardinal-tapes.com\\\/fr\\\/rubans-adh\u00e9sifs\\\/domaines-dapplication\\\/industrie-textile\\\/cardinal-tapes-masque-visage-avec-bride-nez\\\/\",\"name\":\"cardinal Tapes Masque facial avec pince-nez - cardinal TAPES\",\"isPartOf\":{\"@id\":\"https:\\\/\\\/cardinal-tapes.com\\\/#website\"},\"datePublished\":\"2023-06-05T15:07:51+00:00\",\"dateModified\":\"2025-07-02T11:09:36+00:00\",\"breadcrumb\":{\"@id\":\"https:\\\/\\\/cardinal-tapes.com\\\/fr\\\/rubans-adh\u00e9sifs\\\/domaines-dapplication\\\/industrie-textile\\\/cardinal-tapes-masque-visage-avec-bride-nez\\\/#breadcrumb\"},\"inLanguage\":\"fr-FR\",\"potentialAction\":[{\"@type\":\"ReadAction\",\"target\":[\"https:\\\/\\\/cardinal-tapes.com\\\/fr\\\/rubans-adh\u00e9sifs\\\/domaines-dapplication\\\/industrie-textile\\\/cardinal-tapes-masque-visage-avec-bride-nez\\\/\"]}]},{\"@type\":\"BreadcrumbList\",\"@id\":\"https:\\\/\\\/cardinal-tapes.com\\\/fr\\\/rubans-adh\u00e9sifs\\\/domaines-dapplication\\\/industrie-textile\\\/cardinal-tapes-masque-visage-avec-bride-nez\\\/#breadcrumb\",\"itemListElement\":[{\"@type\":\"ListItem\",\"position\":1,\"name\":\"Startseite\",\"item\":\"https:\\\/\\\/cardinal-tapes.com\\\/fr\\\/accueil\\\/\"},{\"@type\":\"ListItem\",\"position\":2,\"name\":\"Rubans adh\u00e9sifs\",\"item\":\"https:\\\/\\\/cardinal-tapes.com\\\/fr\\\/rubans-adhesifs-fr\\\/\"},{\"@type\":\"ListItem\",\"position\":3,\"name\":\"Einseitige Klebeb\u00e4nder\",\"item\":\"https:\\\/\\\/cardinal-tapes.com\\\/kategorie\\\/einseitige-klebebaender\\\/\"},{\"@type\":\"ListItem\",\"position\":4,\"name\":\"cardinal Tapes Masque facial avec pince-nez\"}]},{\"@type\":\"WebSite\",\"@id\":\"https:\\\/\\\/cardinal-tapes.com\\\/#website\",\"url\":\"https:\\\/\\\/cardinal-tapes.com\\\/\",\"name\":\"cardinal TAPES\",\"description\":\"Klebetechnik aus Wuppertal\",\"potentialAction\":[{\"@type\":\"SearchAction\",\"target\":{\"@type\":\"EntryPoint\",\"urlTemplate\":\"https:\\\/\\\/cardinal-tapes.com\\\/?s={search_term_string}\"},\"query-input\":{\"@type\":\"PropertyValueSpecification\",\"valueRequired\":true,\"valueName\":\"search_term_string\"}}],\"inLanguage\":\"fr-FR\"}]}<\/script>\n<!-- \/ Yoast SEO plugin. -->","yoast_head_json":{"title":"cardinal Tapes Masque facial avec pince-nez - cardinal TAPES","robots":{"index":"index","follow":"follow","max-snippet":"max-snippet:-1","max-image-preview":"max-image-preview:large","max-video-preview":"max-video-preview:-1"},"canonical":"https:\/\/cardinal-tapes.com\/fr\/rubans-adh\u00e9sifs\/domaines-dapplication\/industrie-textile\/cardinal-tapes-masque-visage-avec-bride-nez\/","og_locale":"fr_FR","og_type":"article","og_title":"cardinal Tapes Masque facial avec pince-nez - cardinal TAPES","og_description":"Masque de secours flexible autocollant \u00e0 usage unique Les masques permettent de r\u00e9duire le risque d&#8217;infection par gouttelettes pour d&#8217;autres personnes. De plus, un masque bucco-nasal sert \u00e9galement d&#8217;autoprotection, car on ne se touche pas accidentellement la bouche et les muqueuses nasales avec les mains. Porter un masque en public et au contact de personnes [&hellip;]","og_url":"https:\/\/cardinal-tapes.com\/fr\/rubans-adh\u00e9sifs\/domaines-dapplication\/industrie-textile\/cardinal-tapes-masque-visage-avec-bride-nez\/","og_site_name":"cardinal TAPES","article_modified_time":"2025-07-02T11:09:36+00:00","twitter_card":"summary_large_image","twitter_misc":{"Dur\u00e9e de lecture estim\u00e9e":"1 minute"},"schema":{"@context":"https:\/\/schema.org","@graph":[{"@type":"WebPage","@id":"https:\/\/cardinal-tapes.com\/fr\/rubans-adh\u00e9sifs\/domaines-dapplication\/industrie-textile\/cardinal-tapes-masque-visage-avec-bride-nez\/","url":"https:\/\/cardinal-tapes.com\/fr\/rubans-adh\u00e9sifs\/domaines-dapplication\/industrie-textile\/cardinal-tapes-masque-visage-avec-bride-nez\/","name":"cardinal Tapes Masque facial avec pince-nez - cardinal TAPES","isPartOf":{"@id":"https:\/\/cardinal-tapes.com\/#website"},"datePublished":"2023-06-05T15:07:51+00:00","dateModified":"2025-07-02T11:09:36+00:00","breadcrumb":{"@id":"https:\/\/cardinal-tapes.com\/fr\/rubans-adh\u00e9sifs\/domaines-dapplication\/industrie-textile\/cardinal-tapes-masque-visage-avec-bride-nez\/#breadcrumb"},"inLanguage":"fr-FR","potentialAction":[{"@type":"ReadAction","target":["https:\/\/cardinal-tapes.com\/fr\/rubans-adh\u00e9sifs\/domaines-dapplication\/industrie-textile\/cardinal-tapes-masque-visage-avec-bride-nez\/"]}]},{"@type":"BreadcrumbList","@id":"https:\/\/cardinal-tapes.com\/fr\/rubans-adh\u00e9sifs\/domaines-dapplication\/industrie-textile\/cardinal-tapes-masque-visage-avec-bride-nez\/#breadcrumb","itemListElement":[{"@type":"ListItem","position":1,"name":"Startseite","item":"https:\/\/cardinal-tapes.com\/fr\/accueil\/"},{"@type":"ListItem","position":2,"name":"Rubans adh\u00e9sifs","item":"https:\/\/cardinal-tapes.com\/fr\/rubans-adhesifs-fr\/"},{"@type":"ListItem","position":3,"name":"Einseitige Klebeb\u00e4nder","item":"https:\/\/cardinal-tapes.com\/kategorie\/einseitige-klebebaender\/"},{"@type":"ListItem","position":4,"name":"cardinal Tapes Masque facial avec pince-nez"}]},{"@type":"WebSite","@id":"https:\/\/cardinal-tapes.com\/#website","url":"https:\/\/cardinal-tapes.com\/","name":"cardinal TAPES","description":"Klebetechnik aus Wuppertal","potentialAction":[{"@type":"SearchAction","target":{"@type":"EntryPoint","urlTemplate":"https:\/\/cardinal-tapes.com\/?s={search_term_string}"},"query-input":{"@type":"PropertyValueSpecification","valueRequired":true,"valueName":"search_term_string"}}],"inLanguage":"fr-FR"}]}},"brands":[{"id":2171,"name":"cardinal GmbH","slug":"cardinal-gmbh-fr"}],"_links":{"self":[{"href":"https:\/\/cardinal-tapes.com\/fr\/wp-json\/wp\/v2\/product\/49657","targetHints":{"allow":["GET"]}}],"collection":[{"href":"https:\/\/cardinal-tapes.com\/fr\/wp-json\/wp\/v2\/product"}],"about":[{"href":"https:\/\/cardinal-tapes.com\/fr\/wp-json\/wp\/v2\/types\/product"}],"wp:attachment":[{"href":"https:\/\/cardinal-tapes.com\/fr\/wp-json\/wp\/v2\/media?parent=49657"}],"wp:term":[{"taxonomy":"pwb-brand","embeddable":true,"href":"https:\/\/cardinal-tapes.com\/fr\/wp-json\/wp\/v2\/pwb-brand?post=49657"},{"taxonomy":"product_brand","embeddable":true,"href":"https:\/\/cardinal-tapes.com\/fr\/wp-json\/wp\/v2\/product_brand?post=49657"},{"taxonomy":"product_cat","embeddable":true,"href":"https:\/\/cardinal-tapes.com\/fr\/wp-json\/wp\/v2\/product_cat?post=49657"},{"taxonomy":"product_tag","embeddable":true,"href":"https:\/\/cardinal-tapes.com\/fr\/wp-json\/wp\/v2\/product_tag?post=49657"}],"curies":[{"name":"wp","href":"https:\/\/api.w.org\/{rel}","templated":true}]}}