{"id":49655,"date":"2020-10-08T10:05:51","date_gmt":"2020-10-08T08:05:51","guid":{"rendered":"https:\/\/cardinal.pixel-tal.de\/klebebaender\/non%20class\u00e9\/tesa-professional-4334-crepe-de-precision-plus\/"},"modified":"2025-07-02T13:09:04","modified_gmt":"2025-07-02T11:09:04","slug":"tesa-crepe-de-precision-4334","status":"publish","type":"product","link":"https:\/\/cardinal-tapes.com\/fr\/rubans-adh\u00e9sifs\/domaines-dapplication\/industrie-electrique\/tesa-crepe-de-precision-4334\/","title":{"rendered":"tesa\u00ae Professional 4334 Cr\u00eape de pr\u00e9cision\u00ae PLUS"},"content":{"rendered":"<p><span class=\"lowercase\">tesa<\/span> Cr\u00eape de <sup>pr\u00e9cision\u00ae<\/sup> 4334 se compose d&#8217;un support papier extr\u00eamement fin et r\u00e9sistant \u00e0 la d\u00e9chirure, dot\u00e9 d&#8217;un adh\u00e9sif acrylique.<br \/>\nLe produit convient \u00e0 de nombreuses applications de peinture jusqu&#8217;\u00e0 6 mois en int\u00e9rieur et jusqu&#8217;\u00e0 8 semaines en ext\u00e9rieur, qui n\u00e9cessitent un bord plat, pr\u00e9cis et net de peinture et de vernis.<\/p>\n<p><strong>Caract\u00e9ristiques<\/strong><br \/>\n&#8211; Papier sp\u00e9cial Washi fin et extra r\u00e9sistant \u00e0 la d\u00e9chirure<br \/>\n&#8211; Application et retrait particuli\u00e8rement faciles<br \/>\n&#8211; S&#8217;enl\u00e8ve sans laisser de traces pendant 6 mois \u00e0 l&#8217;int\u00e9rieur et 8 semaines \u00e0 l&#8217;ext\u00e9rieur<br \/>\n&#8211; Bords de peinture plats et nets comme un couteau<br \/>\n&#8211; Papier sp\u00e9cial souple avec un pouvoir adh\u00e9sif constant pour des r\u00e9sultats parfaits<\/p>\n<p><strong>Applications<\/strong><br \/>\n&#8211; Il peut \u00eatre utilis\u00e9 sur diff\u00e9rentes surfaces fragiles comme le verre, l&#8217;aluminium, le HPVC et le bois<\/p>\n","protected":false},"excerpt":{"rendered":"<p>tesa Cr\u00eape de pr\u00e9cision\u00ae 4334 se compose d&#8217;un support papier extr\u00eamement fin et r\u00e9sistant \u00e0 la d\u00e9chirure, dot\u00e9 d&#8217;un adh\u00e9sif acrylique. Le produit convient \u00e0 de nombreuses applications de peinture jusqu&#8217;\u00e0 6 mois en int\u00e9rieur et jusqu&#8217;\u00e0 8 semaines en ext\u00e9rieur, qui n\u00e9cessitent un bord plat, pr\u00e9cis et net de peinture et de vernis. Caract\u00e9ristiques [&hellip;]<\/p>\n","protected":false},"featured_media":28428,"template":"","meta":{"_acf_changed":false},"pwb-brand":[2165],"product_brand":[],"product_cat":[1739,1833,1836,1673],"product_tag":[],"class_list":{"0":"post-49655","1":"product","2":"type-product","3":"status-publish","4":"has-post-thumbnail","6":"pwb-brand-tesa-fr","7":"product_cat-ruban-de-masquage-pour-peinture","8":"product_cat-ruban-adhesif-non-tisse","9":"product_cat-rubans-adhesifs-simple-face","10":"product_cat-industrie-electrique","12":"first","13":"outofstock","14":"featured","15":"taxable","16":"shipping-taxable","17":"product-type-variable"},"acf":[],"yoast_head":"<!-- This site is optimized with the Yoast SEO plugin v27.3 - https:\/\/yoast.com\/product\/yoast-seo-wordpress\/ -->\n<title>tesa\u00ae Professional 4334 Cr\u00eape de pr\u00e9cision\u00ae PLUS | Cardinal TAPES<\/title>\n<meta name=\"description\" content=\"tesa Cr\u00eape de pr\u00e9cision\u00ae 4334 est compos\u00e9 d&#039;un support papier extr\u00eamement fin et r\u00e9sistant \u00e0 la d\u00e9chirure, \u00e9quip\u00e9 d&#039;une masse adh\u00e9sive en acrylate.\" \/>\n<meta name=\"robots\" content=\"index, follow, max-snippet:-1, max-image-preview:large, max-video-preview:-1\" \/>\n<link rel=\"canonical\" href=\"https:\/\/cardinal-tapes.com\/fr\/rubans-adh\u00e9sifs\/domaines-dapplication\/industrie-electrique\/tesa-crepe-de-precision-4334\/\" \/>\n<meta property=\"og:locale\" content=\"fr_FR\" \/>\n<meta property=\"og:type\" content=\"article\" \/>\n<meta property=\"og:title\" content=\"tesa\u00ae Professional 4334 Cr\u00eape de pr\u00e9cision\u00ae PLUS | Cardinal TAPES\" \/>\n<meta property=\"og:description\" content=\"tesa Cr\u00eape de pr\u00e9cision\u00ae 4334 est compos\u00e9 d&#039;un support papier extr\u00eamement fin et r\u00e9sistant \u00e0 la d\u00e9chirure, \u00e9quip\u00e9 d&#039;une masse adh\u00e9sive en acrylate.\" \/>\n<meta property=\"og:url\" content=\"https:\/\/cardinal-tapes.com\/fr\/rubans-adh\u00e9sifs\/domaines-dapplication\/industrie-electrique\/tesa-crepe-de-precision-4334\/\" \/>\n<meta property=\"og:site_name\" content=\"cardinal TAPES\" \/>\n<meta property=\"article:modified_time\" content=\"2025-07-02T11:09:04+00:00\" \/>\n<meta property=\"og:image\" content=\"https:\/\/cardinal-tapes.com\/wp-content\/uploads\/tesa-4330-paper-masking-tape-oven-drying-chamois-043300002000-pr1898525_canvas1x1_5.jpg\" \/>\n\t<meta property=\"og:image:width\" content=\"501\" \/>\n\t<meta property=\"og:image:height\" content=\"501\" \/>\n\t<meta property=\"og:image:type\" content=\"image\/jpeg\" \/>\n<meta name=\"twitter:card\" content=\"summary_large_image\" \/>\n<meta name=\"twitter:label1\" content=\"Dur\u00e9e de lecture estim\u00e9e\" \/>\n\t<meta name=\"twitter:data1\" content=\"1 minute\" \/>\n<script type=\"application\/ld+json\" class=\"yoast-schema-graph\">{\"@context\":\"https:\\\/\\\/schema.org\",\"@graph\":[{\"@type\":\"WebPage\",\"@id\":\"https:\\\/\\\/cardinal-tapes.com\\\/fr\\\/rubans-adh\u00e9sifs\\\/domaines-dapplication\\\/industrie-electrique\\\/tesa-crepe-de-precision-4334\\\/\",\"url\":\"https:\\\/\\\/cardinal-tapes.com\\\/fr\\\/rubans-adh\u00e9sifs\\\/domaines-dapplication\\\/industrie-electrique\\\/tesa-crepe-de-precision-4334\\\/\",\"name\":\"tesa\u00ae Professional 4334 Cr\u00eape de pr\u00e9cision\u00ae PLUS | Cardinal TAPES\",\"isPartOf\":{\"@id\":\"https:\\\/\\\/cardinal-tapes.com\\\/#website\"},\"primaryImageOfPage\":{\"@id\":\"https:\\\/\\\/cardinal-tapes.com\\\/fr\\\/rubans-adh\u00e9sifs\\\/domaines-dapplication\\\/industrie-electrique\\\/tesa-crepe-de-precision-4334\\\/#primaryimage\"},\"image\":{\"@id\":\"https:\\\/\\\/cardinal-tapes.com\\\/fr\\\/rubans-adh\u00e9sifs\\\/domaines-dapplication\\\/industrie-electrique\\\/tesa-crepe-de-precision-4334\\\/#primaryimage\"},\"thumbnailUrl\":\"https:\\\/\\\/cardinal-tapes.com\\\/wp-content\\\/uploads\\\/tesa-4330-paper-masking-tape-oven-drying-chamois-043300002000-pr1898525_canvas1x1_5.jpg\",\"datePublished\":\"2020-10-08T08:05:51+00:00\",\"dateModified\":\"2025-07-02T11:09:04+00:00\",\"description\":\"tesa Cr\u00eape de pr\u00e9cision\u00ae 4334 est compos\u00e9 d'un support papier extr\u00eamement fin et r\u00e9sistant \u00e0 la d\u00e9chirure, \u00e9quip\u00e9 d'une masse adh\u00e9sive en acrylate.\",\"breadcrumb\":{\"@id\":\"https:\\\/\\\/cardinal-tapes.com\\\/fr\\\/rubans-adh\u00e9sifs\\\/domaines-dapplication\\\/industrie-electrique\\\/tesa-crepe-de-precision-4334\\\/#breadcrumb\"},\"inLanguage\":\"fr-FR\",\"potentialAction\":[{\"@type\":\"ReadAction\",\"target\":[\"https:\\\/\\\/cardinal-tapes.com\\\/fr\\\/rubans-adh\u00e9sifs\\\/domaines-dapplication\\\/industrie-electrique\\\/tesa-crepe-de-precision-4334\\\/\"]}]},{\"@type\":\"ImageObject\",\"inLanguage\":\"fr-FR\",\"@id\":\"https:\\\/\\\/cardinal-tapes.com\\\/fr\\\/rubans-adh\u00e9sifs\\\/domaines-dapplication\\\/industrie-electrique\\\/tesa-crepe-de-precision-4334\\\/#primaryimage\",\"url\":\"https:\\\/\\\/cardinal-tapes.com\\\/wp-content\\\/uploads\\\/tesa-4330-paper-masking-tape-oven-drying-chamois-043300002000-pr1898525_canvas1x1_5.jpg\",\"contentUrl\":\"https:\\\/\\\/cardinal-tapes.com\\\/wp-content\\\/uploads\\\/tesa-4330-paper-masking-tape-oven-drying-chamois-043300002000-pr1898525_canvas1x1_5.jpg\",\"width\":501,\"height\":501},{\"@type\":\"BreadcrumbList\",\"@id\":\"https:\\\/\\\/cardinal-tapes.com\\\/fr\\\/rubans-adh\u00e9sifs\\\/domaines-dapplication\\\/industrie-electrique\\\/tesa-crepe-de-precision-4334\\\/#breadcrumb\",\"itemListElement\":[{\"@type\":\"ListItem\",\"position\":1,\"name\":\"Startseite\",\"item\":\"https:\\\/\\\/cardinal-tapes.com\\\/fr\\\/accueil\\\/\"},{\"@type\":\"ListItem\",\"position\":2,\"name\":\"Rubans adh\u00e9sifs\",\"item\":\"https:\\\/\\\/cardinal-tapes.com\\\/fr\\\/rubans-adhesifs-fr\\\/\"},{\"@type\":\"ListItem\",\"position\":3,\"name\":\"Domaines d&#039;application\",\"item\":\"https:\\\/\\\/cardinal-tapes.com\\\/fr\\\/catgorie\\\/domaines-dapplication\\\/\"},{\"@type\":\"ListItem\",\"position\":4,\"name\":\"Industrie \u00e9lectrique\",\"item\":\"https:\\\/\\\/cardinal-tapes.com\\\/fr\\\/catgorie\\\/industrie-electrique\\\/\"},{\"@type\":\"ListItem\",\"position\":5,\"name\":\"tesa\u00ae Professional 4334 Cr\u00eape de pr\u00e9cision\u00ae PLUS\"}]},{\"@type\":\"WebSite\",\"@id\":\"https:\\\/\\\/cardinal-tapes.com\\\/#website\",\"url\":\"https:\\\/\\\/cardinal-tapes.com\\\/\",\"name\":\"cardinal TAPES\",\"description\":\"Klebetechnik aus Wuppertal\",\"potentialAction\":[{\"@type\":\"SearchAction\",\"target\":{\"@type\":\"EntryPoint\",\"urlTemplate\":\"https:\\\/\\\/cardinal-tapes.com\\\/?s={search_term_string}\"},\"query-input\":{\"@type\":\"PropertyValueSpecification\",\"valueRequired\":true,\"valueName\":\"search_term_string\"}}],\"inLanguage\":\"fr-FR\"}]}<\/script>\n<!-- \/ Yoast SEO plugin. -->","yoast_head_json":{"title":"tesa\u00ae Professional 4334 Cr\u00eape de pr\u00e9cision\u00ae PLUS | Cardinal TAPES","description":"tesa Cr\u00eape de pr\u00e9cision\u00ae 4334 est compos\u00e9 d'un support papier extr\u00eamement fin et r\u00e9sistant \u00e0 la d\u00e9chirure, \u00e9quip\u00e9 d'une masse adh\u00e9sive en acrylate.","robots":{"index":"index","follow":"follow","max-snippet":"max-snippet:-1","max-image-preview":"max-image-preview:large","max-video-preview":"max-video-preview:-1"},"canonical":"https:\/\/cardinal-tapes.com\/fr\/rubans-adh\u00e9sifs\/domaines-dapplication\/industrie-electrique\/tesa-crepe-de-precision-4334\/","og_locale":"fr_FR","og_type":"article","og_title":"tesa\u00ae Professional 4334 Cr\u00eape de pr\u00e9cision\u00ae PLUS | Cardinal TAPES","og_description":"tesa Cr\u00eape de pr\u00e9cision\u00ae 4334 est compos\u00e9 d'un support papier extr\u00eamement fin et r\u00e9sistant \u00e0 la d\u00e9chirure, \u00e9quip\u00e9 d'une masse adh\u00e9sive en acrylate.","og_url":"https:\/\/cardinal-tapes.com\/fr\/rubans-adh\u00e9sifs\/domaines-dapplication\/industrie-electrique\/tesa-crepe-de-precision-4334\/","og_site_name":"cardinal TAPES","article_modified_time":"2025-07-02T11:09:04+00:00","og_image":[{"width":501,"height":501,"url":"https:\/\/cardinal-tapes.com\/wp-content\/uploads\/tesa-4330-paper-masking-tape-oven-drying-chamois-043300002000-pr1898525_canvas1x1_5.jpg","type":"image\/jpeg"}],"twitter_card":"summary_large_image","twitter_misc":{"Dur\u00e9e de lecture estim\u00e9e":"1 minute"},"schema":{"@context":"https:\/\/schema.org","@graph":[{"@type":"WebPage","@id":"https:\/\/cardinal-tapes.com\/fr\/rubans-adh\u00e9sifs\/domaines-dapplication\/industrie-electrique\/tesa-crepe-de-precision-4334\/","url":"https:\/\/cardinal-tapes.com\/fr\/rubans-adh\u00e9sifs\/domaines-dapplication\/industrie-electrique\/tesa-crepe-de-precision-4334\/","name":"tesa\u00ae Professional 4334 Cr\u00eape de pr\u00e9cision\u00ae PLUS | Cardinal TAPES","isPartOf":{"@id":"https:\/\/cardinal-tapes.com\/#website"},"primaryImageOfPage":{"@id":"https:\/\/cardinal-tapes.com\/fr\/rubans-adh\u00e9sifs\/domaines-dapplication\/industrie-electrique\/tesa-crepe-de-precision-4334\/#primaryimage"},"image":{"@id":"https:\/\/cardinal-tapes.com\/fr\/rubans-adh\u00e9sifs\/domaines-dapplication\/industrie-electrique\/tesa-crepe-de-precision-4334\/#primaryimage"},"thumbnailUrl":"https:\/\/cardinal-tapes.com\/wp-content\/uploads\/tesa-4330-paper-masking-tape-oven-drying-chamois-043300002000-pr1898525_canvas1x1_5.jpg","datePublished":"2020-10-08T08:05:51+00:00","dateModified":"2025-07-02T11:09:04+00:00","description":"tesa Cr\u00eape de pr\u00e9cision\u00ae 4334 est compos\u00e9 d'un support papier extr\u00eamement fin et r\u00e9sistant \u00e0 la d\u00e9chirure, \u00e9quip\u00e9 d'une masse adh\u00e9sive en acrylate.","breadcrumb":{"@id":"https:\/\/cardinal-tapes.com\/fr\/rubans-adh\u00e9sifs\/domaines-dapplication\/industrie-electrique\/tesa-crepe-de-precision-4334\/#breadcrumb"},"inLanguage":"fr-FR","potentialAction":[{"@type":"ReadAction","target":["https:\/\/cardinal-tapes.com\/fr\/rubans-adh\u00e9sifs\/domaines-dapplication\/industrie-electrique\/tesa-crepe-de-precision-4334\/"]}]},{"@type":"ImageObject","inLanguage":"fr-FR","@id":"https:\/\/cardinal-tapes.com\/fr\/rubans-adh\u00e9sifs\/domaines-dapplication\/industrie-electrique\/tesa-crepe-de-precision-4334\/#primaryimage","url":"https:\/\/cardinal-tapes.com\/wp-content\/uploads\/tesa-4330-paper-masking-tape-oven-drying-chamois-043300002000-pr1898525_canvas1x1_5.jpg","contentUrl":"https:\/\/cardinal-tapes.com\/wp-content\/uploads\/tesa-4330-paper-masking-tape-oven-drying-chamois-043300002000-pr1898525_canvas1x1_5.jpg","width":501,"height":501},{"@type":"BreadcrumbList","@id":"https:\/\/cardinal-tapes.com\/fr\/rubans-adh\u00e9sifs\/domaines-dapplication\/industrie-electrique\/tesa-crepe-de-precision-4334\/#breadcrumb","itemListElement":[{"@type":"ListItem","position":1,"name":"Startseite","item":"https:\/\/cardinal-tapes.com\/fr\/accueil\/"},{"@type":"ListItem","position":2,"name":"Rubans adh\u00e9sifs","item":"https:\/\/cardinal-tapes.com\/fr\/rubans-adhesifs-fr\/"},{"@type":"ListItem","position":3,"name":"Domaines d&#039;application","item":"https:\/\/cardinal-tapes.com\/fr\/catgorie\/domaines-dapplication\/"},{"@type":"ListItem","position":4,"name":"Industrie \u00e9lectrique","item":"https:\/\/cardinal-tapes.com\/fr\/catgorie\/industrie-electrique\/"},{"@type":"ListItem","position":5,"name":"tesa\u00ae Professional 4334 Cr\u00eape de pr\u00e9cision\u00ae PLUS"}]},{"@type":"WebSite","@id":"https:\/\/cardinal-tapes.com\/#website","url":"https:\/\/cardinal-tapes.com\/","name":"cardinal TAPES","description":"Klebetechnik aus Wuppertal","potentialAction":[{"@type":"SearchAction","target":{"@type":"EntryPoint","urlTemplate":"https:\/\/cardinal-tapes.com\/?s={search_term_string}"},"query-input":{"@type":"PropertyValueSpecification","valueRequired":true,"valueName":"search_term_string"}}],"inLanguage":"fr-FR"}]}},"brands":[{"id":2165,"name":"tesa","slug":"tesa-fr"}],"_links":{"self":[{"href":"https:\/\/cardinal-tapes.com\/fr\/wp-json\/wp\/v2\/product\/49655","targetHints":{"allow":["GET"]}}],"collection":[{"href":"https:\/\/cardinal-tapes.com\/fr\/wp-json\/wp\/v2\/product"}],"about":[{"href":"https:\/\/cardinal-tapes.com\/fr\/wp-json\/wp\/v2\/types\/product"}],"wp:featuredmedia":[{"embeddable":true,"href":"https:\/\/cardinal-tapes.com\/fr\/wp-json\/wp\/v2\/media\/28428"}],"wp:attachment":[{"href":"https:\/\/cardinal-tapes.com\/fr\/wp-json\/wp\/v2\/media?parent=49655"}],"wp:term":[{"taxonomy":"pwb-brand","embeddable":true,"href":"https:\/\/cardinal-tapes.com\/fr\/wp-json\/wp\/v2\/pwb-brand?post=49655"},{"taxonomy":"product_brand","embeddable":true,"href":"https:\/\/cardinal-tapes.com\/fr\/wp-json\/wp\/v2\/product_brand?post=49655"},{"taxonomy":"product_cat","embeddable":true,"href":"https:\/\/cardinal-tapes.com\/fr\/wp-json\/wp\/v2\/product_cat?post=49655"},{"taxonomy":"product_tag","embeddable":true,"href":"https:\/\/cardinal-tapes.com\/fr\/wp-json\/wp\/v2\/product_tag?post=49655"}],"curies":[{"name":"wp","href":"https:\/\/api.w.org\/{rel}","templated":true}]}}