{"id":49652,"date":"2020-09-16T10:41:46","date_gmt":"2023-06-05T15:07:51","guid":{"rendered":"https:\/\/cardinal.pixel-tal.de\/klebebaender\/non%20class\u00e9\/tesapack-58263-bande-despacement-pour-signal\/"},"modified":"2025-07-02T13:08:30","modified_gmt":"2025-07-02T11:08:30","slug":"tesapack-58263-adhesif-de-marquage-et-de-signalisation","status":"publish","type":"product","link":"https:\/\/cardinal-tapes.com\/fr\/rubans-adh\u00e9sifs\/rubans-adhesifs-simple-face\/tesapack-58263-adhesif-de-marquage-et-de-signalisation\/","title":{"rendered":"tesapack\u00ae 58263 Bande d&#8217;espacement pour signal"},"content":{"rendered":"<p>Garder ses distances, c&#8217;est facile ! Avec le ruban <span class=\"lowercase\">tesa<\/span> SIGNAL Social Distancing Tape, vous signalez facilement et de mani\u00e8re bien visible aux visiteurs la distance de s\u00e9curit\u00e9 de 1,5 m\u00e8tre. Gr\u00e2ce \u00e0 sa couleur rouge et blanche et \u00e0 l&#8217;inscription marquante, l&#8217;adh\u00e9sif d&#8217;\u00e9cartement attire imm\u00e9diatement l&#8217;attention. Il peut \u00eatre utilis\u00e9 sans probl\u00e8me \u00e0 l&#8217;int\u00e9rieur ou \u00e0 l&#8217;ext\u00e9rieur. Le marquage au sol est r\u00e9sistant aux UV et particuli\u00e8rement ind\u00e9chirable gr\u00e2ce au polypropyl\u00e8ne.<\/p>\n<p><strong>Caract\u00e9ristiques<\/strong><br \/>\n&#8211; Adh\u00e8re avec une grande r\u00e9sistance aux rayons UV.<br \/>\n&#8211; Particuli\u00e8rement r\u00e9sistant \u00e0 la d\u00e9chirure<\/p>\n<p><strong>Applications<\/strong><br \/>\n&#8211; Pour le marquage au sol lorsqu&#8217;il est n\u00e9cessaire d&#8217;indiquer les r\u00e8gles de distance, par exemple :<br \/>\n&#8211; Dans les magasins (zone de caisse, comptoir des produits frais, retour de consigne, vente par fen\u00eatre, etc.)<br \/>\n&#8211; Dans les entreprises (cantine, machine \u00e0 caf\u00e9, tourniquet \u00e0 l&#8217;entr\u00e9e, badgeuse, etc.<br \/>\n&#8211; Dans les lieux publics (toilettes, zone de caisse, zones d&#8217;attente, etc.)<br \/>\n&#8211; Utilisation possible \u00e0 l&#8217;int\u00e9rieur et \u00e0 l&#8217;ext\u00e9rieur.<\/p>\n<p>&nbsp;<\/p>\n","protected":false},"excerpt":{"rendered":"<p>Garder ses distances, c&#8217;est facile ! Avec le ruban tesa SIGNAL Social Distancing Tape, vous signalez facilement et de mani\u00e8re bien visible aux visiteurs la distance de s\u00e9curit\u00e9 de 1,5 m\u00e8tre. Gr\u00e2ce \u00e0 sa couleur rouge et blanche et \u00e0 l&#8217;inscription marquante, l&#8217;adh\u00e9sif d&#8217;\u00e9cartement attire imm\u00e9diatement l&#8217;attention. Il peut \u00eatre utilis\u00e9 sans probl\u00e8me \u00e0 l&#8217;int\u00e9rieur [&hellip;]<\/p>\n","protected":false},"featured_media":28320,"template":"","meta":{"_acf_changed":false},"pwb-brand":[2165],"product_brand":[],"product_cat":[1836],"product_tag":[],"class_list":{"0":"post-49652","1":"product","2":"type-product","3":"status-publish","4":"has-post-thumbnail","6":"pwb-brand-tesa-fr","7":"product_cat-rubans-adhesifs-simple-face","9":"first","10":"instock","11":"featured","12":"taxable","13":"shipping-taxable","14":"purchasable","15":"product-type-variable"},"acf":[],"yoast_head":"<!-- This site is optimized with the Yoast SEO plugin v27.3 - https:\/\/yoast.com\/product\/yoast-seo-wordpress\/ -->\n<title>tesapack\u00ae 58263 Ruban adh\u00e9sif de marquage et d&#039;avertissement | Cardinal TAPES<\/title>\n<meta name=\"description\" content=\"tesapack\u00ae 58263 est un ruban de marquage pour garantir la distance sociale. Ce ruban de signalisation est \u00e9quip\u00e9 de bandes imprim\u00e9es et d&#039;une inscription qui indique de mani\u00e8re neutre la distance \u00e0 respecter.\" \/>\n<meta name=\"robots\" content=\"index, follow, max-snippet:-1, max-image-preview:large, max-video-preview:-1\" \/>\n<link rel=\"canonical\" href=\"https:\/\/cardinal-tapes.com\/fr\/rubans-adh\u00e9sifs\/rubans-adhesifs-simple-face\/tesapack-58263-adhesif-de-marquage-et-de-signalisation\/\" \/>\n<meta property=\"og:locale\" content=\"fr_FR\" \/>\n<meta property=\"og:type\" content=\"article\" \/>\n<meta property=\"og:title\" content=\"tesapack\u00ae 58263 Ruban adh\u00e9sif de marquage et d&#039;avertissement | Cardinal TAPES\" \/>\n<meta property=\"og:description\" content=\"tesapack\u00ae 58263 est un ruban de marquage pour garantir la distance sociale. Ce ruban de signalisation est \u00e9quip\u00e9 de bandes imprim\u00e9es et d&#039;une inscription qui indique de mani\u00e8re neutre la distance \u00e0 respecter.\" \/>\n<meta property=\"og:url\" content=\"https:\/\/cardinal-tapes.com\/fr\/rubans-adh\u00e9sifs\/rubans-adhesifs-simple-face\/tesapack-58263-adhesif-de-marquage-et-de-signalisation\/\" \/>\n<meta property=\"og:site_name\" content=\"cardinal TAPES\" \/>\n<meta property=\"article:modified_time\" content=\"2025-07-02T11:08:30+00:00\" \/>\n<meta property=\"og:image\" content=\"https:\/\/cardinal-tapes.com\/wp-content\/uploads\/Unbenannt.jpg\" \/>\n\t<meta property=\"og:image:width\" content=\"784\" \/>\n\t<meta property=\"og:image:height\" content=\"700\" \/>\n\t<meta property=\"og:image:type\" content=\"image\/jpeg\" \/>\n<meta name=\"twitter:card\" content=\"summary_large_image\" \/>\n<meta name=\"twitter:label1\" content=\"Dur\u00e9e de lecture estim\u00e9e\" \/>\n\t<meta name=\"twitter:data1\" content=\"1 minute\" \/>\n<script type=\"application\/ld+json\" class=\"yoast-schema-graph\">{\"@context\":\"https:\\\/\\\/schema.org\",\"@graph\":[{\"@type\":\"WebPage\",\"@id\":\"https:\\\/\\\/cardinal-tapes.com\\\/fr\\\/rubans-adh\u00e9sifs\\\/rubans-adhesifs-simple-face\\\/tesapack-58263-adhesif-de-marquage-et-de-signalisation\\\/\",\"url\":\"https:\\\/\\\/cardinal-tapes.com\\\/fr\\\/rubans-adh\u00e9sifs\\\/rubans-adhesifs-simple-face\\\/tesapack-58263-adhesif-de-marquage-et-de-signalisation\\\/\",\"name\":\"tesapack\u00ae 58263 Ruban adh\u00e9sif de marquage et d'avertissement | Cardinal TAPES\",\"isPartOf\":{\"@id\":\"https:\\\/\\\/cardinal-tapes.com\\\/#website\"},\"primaryImageOfPage\":{\"@id\":\"https:\\\/\\\/cardinal-tapes.com\\\/fr\\\/rubans-adh\u00e9sifs\\\/rubans-adhesifs-simple-face\\\/tesapack-58263-adhesif-de-marquage-et-de-signalisation\\\/#primaryimage\"},\"image\":{\"@id\":\"https:\\\/\\\/cardinal-tapes.com\\\/fr\\\/rubans-adh\u00e9sifs\\\/rubans-adhesifs-simple-face\\\/tesapack-58263-adhesif-de-marquage-et-de-signalisation\\\/#primaryimage\"},\"thumbnailUrl\":\"https:\\\/\\\/cardinal-tapes.com\\\/wp-content\\\/uploads\\\/Unbenannt.jpg\",\"datePublished\":\"2023-06-05T15:07:51+00:00\",\"dateModified\":\"2025-07-02T11:08:30+00:00\",\"description\":\"tesapack\u00ae 58263 est un ruban de marquage pour garantir la distance sociale. Ce ruban de signalisation est \u00e9quip\u00e9 de bandes imprim\u00e9es et d'une inscription qui indique de mani\u00e8re neutre la distance \u00e0 respecter.\",\"breadcrumb\":{\"@id\":\"https:\\\/\\\/cardinal-tapes.com\\\/fr\\\/rubans-adh\u00e9sifs\\\/rubans-adhesifs-simple-face\\\/tesapack-58263-adhesif-de-marquage-et-de-signalisation\\\/#breadcrumb\"},\"inLanguage\":\"fr-FR\",\"potentialAction\":[{\"@type\":\"ReadAction\",\"target\":[\"https:\\\/\\\/cardinal-tapes.com\\\/fr\\\/rubans-adh\u00e9sifs\\\/rubans-adhesifs-simple-face\\\/tesapack-58263-adhesif-de-marquage-et-de-signalisation\\\/\"]}]},{\"@type\":\"ImageObject\",\"inLanguage\":\"fr-FR\",\"@id\":\"https:\\\/\\\/cardinal-tapes.com\\\/fr\\\/rubans-adh\u00e9sifs\\\/rubans-adhesifs-simple-face\\\/tesapack-58263-adhesif-de-marquage-et-de-signalisation\\\/#primaryimage\",\"url\":\"https:\\\/\\\/cardinal-tapes.com\\\/wp-content\\\/uploads\\\/Unbenannt.jpg\",\"contentUrl\":\"https:\\\/\\\/cardinal-tapes.com\\\/wp-content\\\/uploads\\\/Unbenannt.jpg\",\"width\":784,\"height\":700},{\"@type\":\"BreadcrumbList\",\"@id\":\"https:\\\/\\\/cardinal-tapes.com\\\/fr\\\/rubans-adh\u00e9sifs\\\/rubans-adhesifs-simple-face\\\/tesapack-58263-adhesif-de-marquage-et-de-signalisation\\\/#breadcrumb\",\"itemListElement\":[{\"@type\":\"ListItem\",\"position\":1,\"name\":\"Startseite\",\"item\":\"https:\\\/\\\/cardinal-tapes.com\\\/fr\\\/accueil\\\/\"},{\"@type\":\"ListItem\",\"position\":2,\"name\":\"Rubans adh\u00e9sifs\",\"item\":\"https:\\\/\\\/cardinal-tapes.com\\\/fr\\\/rubans-adhesifs-fr\\\/\"},{\"@type\":\"ListItem\",\"position\":3,\"name\":\"Einseitige Klebeb\u00e4nder\",\"item\":\"https:\\\/\\\/cardinal-tapes.com\\\/kategorie\\\/einseitige-klebebaender\\\/\"},{\"@type\":\"ListItem\",\"position\":4,\"name\":\"tesapack\u00ae 58263 Bande d&#8217;espacement pour signal\"}]},{\"@type\":\"WebSite\",\"@id\":\"https:\\\/\\\/cardinal-tapes.com\\\/#website\",\"url\":\"https:\\\/\\\/cardinal-tapes.com\\\/\",\"name\":\"cardinal TAPES\",\"description\":\"Klebetechnik aus Wuppertal\",\"potentialAction\":[{\"@type\":\"SearchAction\",\"target\":{\"@type\":\"EntryPoint\",\"urlTemplate\":\"https:\\\/\\\/cardinal-tapes.com\\\/?s={search_term_string}\"},\"query-input\":{\"@type\":\"PropertyValueSpecification\",\"valueRequired\":true,\"valueName\":\"search_term_string\"}}],\"inLanguage\":\"fr-FR\"}]}<\/script>\n<!-- \/ Yoast SEO plugin. -->","yoast_head_json":{"title":"tesapack\u00ae 58263 Ruban adh\u00e9sif de marquage et d'avertissement | Cardinal TAPES","description":"tesapack\u00ae 58263 est un ruban de marquage pour garantir la distance sociale. Ce ruban de signalisation est \u00e9quip\u00e9 de bandes imprim\u00e9es et d'une inscription qui indique de mani\u00e8re neutre la distance \u00e0 respecter.","robots":{"index":"index","follow":"follow","max-snippet":"max-snippet:-1","max-image-preview":"max-image-preview:large","max-video-preview":"max-video-preview:-1"},"canonical":"https:\/\/cardinal-tapes.com\/fr\/rubans-adh\u00e9sifs\/rubans-adhesifs-simple-face\/tesapack-58263-adhesif-de-marquage-et-de-signalisation\/","og_locale":"fr_FR","og_type":"article","og_title":"tesapack\u00ae 58263 Ruban adh\u00e9sif de marquage et d'avertissement | Cardinal TAPES","og_description":"tesapack\u00ae 58263 est un ruban de marquage pour garantir la distance sociale. Ce ruban de signalisation est \u00e9quip\u00e9 de bandes imprim\u00e9es et d'une inscription qui indique de mani\u00e8re neutre la distance \u00e0 respecter.","og_url":"https:\/\/cardinal-tapes.com\/fr\/rubans-adh\u00e9sifs\/rubans-adhesifs-simple-face\/tesapack-58263-adhesif-de-marquage-et-de-signalisation\/","og_site_name":"cardinal TAPES","article_modified_time":"2025-07-02T11:08:30+00:00","og_image":[{"width":784,"height":700,"url":"https:\/\/cardinal-tapes.com\/wp-content\/uploads\/Unbenannt.jpg","type":"image\/jpeg"}],"twitter_card":"summary_large_image","twitter_misc":{"Dur\u00e9e de lecture estim\u00e9e":"1 minute"},"schema":{"@context":"https:\/\/schema.org","@graph":[{"@type":"WebPage","@id":"https:\/\/cardinal-tapes.com\/fr\/rubans-adh\u00e9sifs\/rubans-adhesifs-simple-face\/tesapack-58263-adhesif-de-marquage-et-de-signalisation\/","url":"https:\/\/cardinal-tapes.com\/fr\/rubans-adh\u00e9sifs\/rubans-adhesifs-simple-face\/tesapack-58263-adhesif-de-marquage-et-de-signalisation\/","name":"tesapack\u00ae 58263 Ruban adh\u00e9sif de marquage et d'avertissement | Cardinal TAPES","isPartOf":{"@id":"https:\/\/cardinal-tapes.com\/#website"},"primaryImageOfPage":{"@id":"https:\/\/cardinal-tapes.com\/fr\/rubans-adh\u00e9sifs\/rubans-adhesifs-simple-face\/tesapack-58263-adhesif-de-marquage-et-de-signalisation\/#primaryimage"},"image":{"@id":"https:\/\/cardinal-tapes.com\/fr\/rubans-adh\u00e9sifs\/rubans-adhesifs-simple-face\/tesapack-58263-adhesif-de-marquage-et-de-signalisation\/#primaryimage"},"thumbnailUrl":"https:\/\/cardinal-tapes.com\/wp-content\/uploads\/Unbenannt.jpg","datePublished":"2023-06-05T15:07:51+00:00","dateModified":"2025-07-02T11:08:30+00:00","description":"tesapack\u00ae 58263 est un ruban de marquage pour garantir la distance sociale. Ce ruban de signalisation est \u00e9quip\u00e9 de bandes imprim\u00e9es et d'une inscription qui indique de mani\u00e8re neutre la distance \u00e0 respecter.","breadcrumb":{"@id":"https:\/\/cardinal-tapes.com\/fr\/rubans-adh\u00e9sifs\/rubans-adhesifs-simple-face\/tesapack-58263-adhesif-de-marquage-et-de-signalisation\/#breadcrumb"},"inLanguage":"fr-FR","potentialAction":[{"@type":"ReadAction","target":["https:\/\/cardinal-tapes.com\/fr\/rubans-adh\u00e9sifs\/rubans-adhesifs-simple-face\/tesapack-58263-adhesif-de-marquage-et-de-signalisation\/"]}]},{"@type":"ImageObject","inLanguage":"fr-FR","@id":"https:\/\/cardinal-tapes.com\/fr\/rubans-adh\u00e9sifs\/rubans-adhesifs-simple-face\/tesapack-58263-adhesif-de-marquage-et-de-signalisation\/#primaryimage","url":"https:\/\/cardinal-tapes.com\/wp-content\/uploads\/Unbenannt.jpg","contentUrl":"https:\/\/cardinal-tapes.com\/wp-content\/uploads\/Unbenannt.jpg","width":784,"height":700},{"@type":"BreadcrumbList","@id":"https:\/\/cardinal-tapes.com\/fr\/rubans-adh\u00e9sifs\/rubans-adhesifs-simple-face\/tesapack-58263-adhesif-de-marquage-et-de-signalisation\/#breadcrumb","itemListElement":[{"@type":"ListItem","position":1,"name":"Startseite","item":"https:\/\/cardinal-tapes.com\/fr\/accueil\/"},{"@type":"ListItem","position":2,"name":"Rubans adh\u00e9sifs","item":"https:\/\/cardinal-tapes.com\/fr\/rubans-adhesifs-fr\/"},{"@type":"ListItem","position":3,"name":"Einseitige Klebeb\u00e4nder","item":"https:\/\/cardinal-tapes.com\/kategorie\/einseitige-klebebaender\/"},{"@type":"ListItem","position":4,"name":"tesapack\u00ae 58263 Bande d&#8217;espacement pour signal"}]},{"@type":"WebSite","@id":"https:\/\/cardinal-tapes.com\/#website","url":"https:\/\/cardinal-tapes.com\/","name":"cardinal TAPES","description":"Klebetechnik aus Wuppertal","potentialAction":[{"@type":"SearchAction","target":{"@type":"EntryPoint","urlTemplate":"https:\/\/cardinal-tapes.com\/?s={search_term_string}"},"query-input":{"@type":"PropertyValueSpecification","valueRequired":true,"valueName":"search_term_string"}}],"inLanguage":"fr-FR"}]}},"brands":[{"id":2165,"name":"tesa","slug":"tesa-fr"}],"_links":{"self":[{"href":"https:\/\/cardinal-tapes.com\/fr\/wp-json\/wp\/v2\/product\/49652","targetHints":{"allow":["GET"]}}],"collection":[{"href":"https:\/\/cardinal-tapes.com\/fr\/wp-json\/wp\/v2\/product"}],"about":[{"href":"https:\/\/cardinal-tapes.com\/fr\/wp-json\/wp\/v2\/types\/product"}],"wp:featuredmedia":[{"embeddable":true,"href":"https:\/\/cardinal-tapes.com\/fr\/wp-json\/wp\/v2\/media\/28320"}],"wp:attachment":[{"href":"https:\/\/cardinal-tapes.com\/fr\/wp-json\/wp\/v2\/media?parent=49652"}],"wp:term":[{"taxonomy":"pwb-brand","embeddable":true,"href":"https:\/\/cardinal-tapes.com\/fr\/wp-json\/wp\/v2\/pwb-brand?post=49652"},{"taxonomy":"product_brand","embeddable":true,"href":"https:\/\/cardinal-tapes.com\/fr\/wp-json\/wp\/v2\/product_brand?post=49652"},{"taxonomy":"product_cat","embeddable":true,"href":"https:\/\/cardinal-tapes.com\/fr\/wp-json\/wp\/v2\/product_cat?post=49652"},{"taxonomy":"product_tag","embeddable":true,"href":"https:\/\/cardinal-tapes.com\/fr\/wp-json\/wp\/v2\/product_tag?post=49652"}],"curies":[{"name":"wp","href":"https:\/\/api.w.org\/{rel}","templated":true}]}}