{"id":49288,"date":"2020-11-19T07:53:09","date_gmt":"2023-06-05T15:06:39","guid":{"rendered":"https:\/\/cardinal.pixel-tal.de\/klebebaender\/non class\u00e9\/translink-130-r-ruban-adhesif-de-transfert\/"},"modified":"2023-06-05T17:06:39","modified_gmt":"2023-06-05T15:06:39","slug":"translink-130-r-transfert-ruban-adhesif-2","status":"publish","type":"product","link":"https:\/\/cardinal-tapes.com\/fr\/rubans-adh\u00e9sifs\/rubans-adhesifs-double-face\/translink-130-r-transfert-ruban-adhesif-2\/","title":{"rendered":"TransLink 130 R Ruban adh\u00e9sif de transfert"},"content":{"rendered":"<p><strong><span style=\"color: #0000ff;\"><span style=\"color: #000080;\">TransLink 130 R est un ruban adh\u00e9sif de transfert rationnel et performant.<\/span><\/span><\/strong><\/p>\n<p>Le film adh\u00e9sif flexible garantit une liaison tr\u00e8s r\u00e9sistante pour les mat\u00e9riaux \u00e0 haute \u00e9nergie comme les m\u00e9taux, le verre, les plastiques et la c\u00e9ramique.<br \/>\nLa r\u00e9sistance de l&#8217;assemblage augmente avec la dur\u00e9e du collage et atteint des valeurs tr\u00e8s \u00e9lev\u00e9es.<\/p>\n","protected":false},"excerpt":{"rendered":"<p>TransLink 130 R est un ruban adh\u00e9sif de transfert rationnel et performant. Le film adh\u00e9sif flexible garantit une liaison tr\u00e8s r\u00e9sistante pour les mat\u00e9riaux \u00e0 haute \u00e9nergie comme les m\u00e9taux, le verre, les plastiques et la c\u00e9ramique. La r\u00e9sistance de l&#8217;assemblage augmente avec la dur\u00e9e du collage et atteint des valeurs tr\u00e8s \u00e9lev\u00e9es.<\/p>\n","protected":false},"featured_media":27516,"template":"","meta":{"_acf_changed":false},"pwb-brand":[2270,2330],"product_brand":[],"product_cat":[1834],"product_tag":[],"class_list":{"0":"post-49288","1":"product","2":"type-product","3":"status-publish","4":"has-post-thumbnail","6":"pwb-brand-biolink-fr","7":"pwb-brand-saint-gobain-fr","8":"product_cat-rubans-adhesifs-double-face","10":"first","11":"instock","12":"taxable","13":"shipping-taxable","14":"product-type-variable"},"acf":[],"yoast_head":"<!-- This site is optimized with the Yoast SEO plugin v27.3 - https:\/\/yoast.com\/product\/yoast-seo-wordpress\/ -->\n<title>TransLink 130 R ruban adh\u00e9sif de transfert | Cardinal TAPES<\/title>\n<meta name=\"description\" content=\"Le ruban adh\u00e9sif de transfert TransLink 130 R \u00e0 usage universel cr\u00e9e des solutions pour presque toutes les questions d&#039;assemblage. En savoir plus.\" \/>\n<meta name=\"robots\" content=\"index, follow, max-snippet:-1, max-image-preview:large, max-video-preview:-1\" \/>\n<link rel=\"canonical\" href=\"https:\/\/cardinal-tapes.com\/fr\/rubans-adh\u00e9sifs\/rubans-adhesifs-double-face\/translink-130-r-transfert-ruban-adhesif-2\/\" \/>\n<meta property=\"og:locale\" content=\"fr_FR\" \/>\n<meta property=\"og:type\" content=\"article\" \/>\n<meta property=\"og:title\" content=\"TransLink 130 R ruban adh\u00e9sif de transfert | Cardinal TAPES\" \/>\n<meta property=\"og:description\" content=\"Le ruban adh\u00e9sif de transfert TransLink 130 R \u00e0 usage universel cr\u00e9e des solutions pour presque toutes les questions d&#039;assemblage. En savoir plus.\" \/>\n<meta property=\"og:url\" content=\"https:\/\/cardinal-tapes.com\/fr\/rubans-adh\u00e9sifs\/rubans-adhesifs-double-face\/translink-130-r-transfert-ruban-adhesif-2\/\" \/>\n<meta property=\"og:site_name\" content=\"cardinal TAPES\" \/>\n<meta property=\"og:image\" content=\"https:\/\/cardinal-tapes.com\/wp-content\/uploads\/Biolink-1-3613-TransLINK130HPEV-breit.jpg\" \/>\n\t<meta property=\"og:image:width\" content=\"1854\" \/>\n\t<meta property=\"og:image:height\" content=\"2126\" \/>\n\t<meta property=\"og:image:type\" content=\"image\/jpeg\" \/>\n<meta name=\"twitter:card\" content=\"summary_large_image\" \/>\n<script type=\"application\/ld+json\" class=\"yoast-schema-graph\">{\"@context\":\"https:\\\/\\\/schema.org\",\"@graph\":[{\"@type\":\"WebPage\",\"@id\":\"https:\\\/\\\/cardinal-tapes.com\\\/fr\\\/rubans-adh\u00e9sifs\\\/rubans-adhesifs-double-face\\\/translink-130-r-transfert-ruban-adhesif-2\\\/\",\"url\":\"https:\\\/\\\/cardinal-tapes.com\\\/fr\\\/rubans-adh\u00e9sifs\\\/rubans-adhesifs-double-face\\\/translink-130-r-transfert-ruban-adhesif-2\\\/\",\"name\":\"TransLink 130 R ruban adh\u00e9sif de transfert | Cardinal TAPES\",\"isPartOf\":{\"@id\":\"https:\\\/\\\/cardinal-tapes.com\\\/#website\"},\"primaryImageOfPage\":{\"@id\":\"https:\\\/\\\/cardinal-tapes.com\\\/fr\\\/rubans-adh\u00e9sifs\\\/rubans-adhesifs-double-face\\\/translink-130-r-transfert-ruban-adhesif-2\\\/#primaryimage\"},\"image\":{\"@id\":\"https:\\\/\\\/cardinal-tapes.com\\\/fr\\\/rubans-adh\u00e9sifs\\\/rubans-adhesifs-double-face\\\/translink-130-r-transfert-ruban-adhesif-2\\\/#primaryimage\"},\"thumbnailUrl\":\"https:\\\/\\\/cardinal-tapes.com\\\/wp-content\\\/uploads\\\/Biolink-1-3613-TransLINK130HPEV-breit.jpg\",\"datePublished\":\"2023-06-05T15:06:39+00:00\",\"description\":\"Le ruban adh\u00e9sif de transfert TransLink 130 R \u00e0 usage universel cr\u00e9e des solutions pour presque toutes les questions d'assemblage. En savoir plus.\",\"breadcrumb\":{\"@id\":\"https:\\\/\\\/cardinal-tapes.com\\\/fr\\\/rubans-adh\u00e9sifs\\\/rubans-adhesifs-double-face\\\/translink-130-r-transfert-ruban-adhesif-2\\\/#breadcrumb\"},\"inLanguage\":\"fr-FR\",\"potentialAction\":[{\"@type\":\"ReadAction\",\"target\":[\"https:\\\/\\\/cardinal-tapes.com\\\/fr\\\/rubans-adh\u00e9sifs\\\/rubans-adhesifs-double-face\\\/translink-130-r-transfert-ruban-adhesif-2\\\/\"]}]},{\"@type\":\"ImageObject\",\"inLanguage\":\"fr-FR\",\"@id\":\"https:\\\/\\\/cardinal-tapes.com\\\/fr\\\/rubans-adh\u00e9sifs\\\/rubans-adhesifs-double-face\\\/translink-130-r-transfert-ruban-adhesif-2\\\/#primaryimage\",\"url\":\"https:\\\/\\\/cardinal-tapes.com\\\/wp-content\\\/uploads\\\/Biolink-1-3613-TransLINK130HPEV-breit.jpg\",\"contentUrl\":\"https:\\\/\\\/cardinal-tapes.com\\\/wp-content\\\/uploads\\\/Biolink-1-3613-TransLINK130HPEV-breit.jpg\",\"width\":1854,\"height\":2126,\"caption\":\"Biolink TransLINK130HPEV large\"},{\"@type\":\"BreadcrumbList\",\"@id\":\"https:\\\/\\\/cardinal-tapes.com\\\/fr\\\/rubans-adh\u00e9sifs\\\/rubans-adhesifs-double-face\\\/translink-130-r-transfert-ruban-adhesif-2\\\/#breadcrumb\",\"itemListElement\":[{\"@type\":\"ListItem\",\"position\":1,\"name\":\"Startseite\",\"item\":\"https:\\\/\\\/cardinal-tapes.com\\\/fr\\\/accueil\\\/\"},{\"@type\":\"ListItem\",\"position\":2,\"name\":\"Rubans adh\u00e9sifs\",\"item\":\"https:\\\/\\\/cardinal-tapes.com\\\/fr\\\/rubans-adhesifs-fr\\\/\"},{\"@type\":\"ListItem\",\"position\":3,\"name\":\"Rubans adh\u00e9sifs double face\",\"item\":\"https:\\\/\\\/cardinal-tapes.com\\\/fr\\\/catgorie\\\/rubans-adhesifs-double-face\\\/\"},{\"@type\":\"ListItem\",\"position\":4,\"name\":\"TransLink 130 R Ruban adh\u00e9sif de transfert\"}]},{\"@type\":\"WebSite\",\"@id\":\"https:\\\/\\\/cardinal-tapes.com\\\/#website\",\"url\":\"https:\\\/\\\/cardinal-tapes.com\\\/\",\"name\":\"cardinal TAPES\",\"description\":\"Klebetechnik aus Wuppertal\",\"potentialAction\":[{\"@type\":\"SearchAction\",\"target\":{\"@type\":\"EntryPoint\",\"urlTemplate\":\"https:\\\/\\\/cardinal-tapes.com\\\/?s={search_term_string}\"},\"query-input\":{\"@type\":\"PropertyValueSpecification\",\"valueRequired\":true,\"valueName\":\"search_term_string\"}}],\"inLanguage\":\"fr-FR\"}]}<\/script>\n<!-- \/ Yoast SEO plugin. -->","yoast_head_json":{"title":"TransLink 130 R ruban adh\u00e9sif de transfert | Cardinal TAPES","description":"Le ruban adh\u00e9sif de transfert TransLink 130 R \u00e0 usage universel cr\u00e9e des solutions pour presque toutes les questions d'assemblage. En savoir plus.","robots":{"index":"index","follow":"follow","max-snippet":"max-snippet:-1","max-image-preview":"max-image-preview:large","max-video-preview":"max-video-preview:-1"},"canonical":"https:\/\/cardinal-tapes.com\/fr\/rubans-adh\u00e9sifs\/rubans-adhesifs-double-face\/translink-130-r-transfert-ruban-adhesif-2\/","og_locale":"fr_FR","og_type":"article","og_title":"TransLink 130 R ruban adh\u00e9sif de transfert | Cardinal TAPES","og_description":"Le ruban adh\u00e9sif de transfert TransLink 130 R \u00e0 usage universel cr\u00e9e des solutions pour presque toutes les questions d'assemblage. En savoir plus.","og_url":"https:\/\/cardinal-tapes.com\/fr\/rubans-adh\u00e9sifs\/rubans-adhesifs-double-face\/translink-130-r-transfert-ruban-adhesif-2\/","og_site_name":"cardinal TAPES","og_image":[{"width":1854,"height":2126,"url":"https:\/\/cardinal-tapes.com\/wp-content\/uploads\/Biolink-1-3613-TransLINK130HPEV-breit.jpg","type":"image\/jpeg"}],"twitter_card":"summary_large_image","schema":{"@context":"https:\/\/schema.org","@graph":[{"@type":"WebPage","@id":"https:\/\/cardinal-tapes.com\/fr\/rubans-adh\u00e9sifs\/rubans-adhesifs-double-face\/translink-130-r-transfert-ruban-adhesif-2\/","url":"https:\/\/cardinal-tapes.com\/fr\/rubans-adh\u00e9sifs\/rubans-adhesifs-double-face\/translink-130-r-transfert-ruban-adhesif-2\/","name":"TransLink 130 R ruban adh\u00e9sif de transfert | Cardinal TAPES","isPartOf":{"@id":"https:\/\/cardinal-tapes.com\/#website"},"primaryImageOfPage":{"@id":"https:\/\/cardinal-tapes.com\/fr\/rubans-adh\u00e9sifs\/rubans-adhesifs-double-face\/translink-130-r-transfert-ruban-adhesif-2\/#primaryimage"},"image":{"@id":"https:\/\/cardinal-tapes.com\/fr\/rubans-adh\u00e9sifs\/rubans-adhesifs-double-face\/translink-130-r-transfert-ruban-adhesif-2\/#primaryimage"},"thumbnailUrl":"https:\/\/cardinal-tapes.com\/wp-content\/uploads\/Biolink-1-3613-TransLINK130HPEV-breit.jpg","datePublished":"2023-06-05T15:06:39+00:00","description":"Le ruban adh\u00e9sif de transfert TransLink 130 R \u00e0 usage universel cr\u00e9e des solutions pour presque toutes les questions d'assemblage. En savoir plus.","breadcrumb":{"@id":"https:\/\/cardinal-tapes.com\/fr\/rubans-adh\u00e9sifs\/rubans-adhesifs-double-face\/translink-130-r-transfert-ruban-adhesif-2\/#breadcrumb"},"inLanguage":"fr-FR","potentialAction":[{"@type":"ReadAction","target":["https:\/\/cardinal-tapes.com\/fr\/rubans-adh\u00e9sifs\/rubans-adhesifs-double-face\/translink-130-r-transfert-ruban-adhesif-2\/"]}]},{"@type":"ImageObject","inLanguage":"fr-FR","@id":"https:\/\/cardinal-tapes.com\/fr\/rubans-adh\u00e9sifs\/rubans-adhesifs-double-face\/translink-130-r-transfert-ruban-adhesif-2\/#primaryimage","url":"https:\/\/cardinal-tapes.com\/wp-content\/uploads\/Biolink-1-3613-TransLINK130HPEV-breit.jpg","contentUrl":"https:\/\/cardinal-tapes.com\/wp-content\/uploads\/Biolink-1-3613-TransLINK130HPEV-breit.jpg","width":1854,"height":2126,"caption":"Biolink TransLINK130HPEV large"},{"@type":"BreadcrumbList","@id":"https:\/\/cardinal-tapes.com\/fr\/rubans-adh\u00e9sifs\/rubans-adhesifs-double-face\/translink-130-r-transfert-ruban-adhesif-2\/#breadcrumb","itemListElement":[{"@type":"ListItem","position":1,"name":"Startseite","item":"https:\/\/cardinal-tapes.com\/fr\/accueil\/"},{"@type":"ListItem","position":2,"name":"Rubans adh\u00e9sifs","item":"https:\/\/cardinal-tapes.com\/fr\/rubans-adhesifs-fr\/"},{"@type":"ListItem","position":3,"name":"Rubans adh\u00e9sifs double face","item":"https:\/\/cardinal-tapes.com\/fr\/catgorie\/rubans-adhesifs-double-face\/"},{"@type":"ListItem","position":4,"name":"TransLink 130 R Ruban adh\u00e9sif de transfert"}]},{"@type":"WebSite","@id":"https:\/\/cardinal-tapes.com\/#website","url":"https:\/\/cardinal-tapes.com\/","name":"cardinal TAPES","description":"Klebetechnik aus Wuppertal","potentialAction":[{"@type":"SearchAction","target":{"@type":"EntryPoint","urlTemplate":"https:\/\/cardinal-tapes.com\/?s={search_term_string}"},"query-input":{"@type":"PropertyValueSpecification","valueRequired":true,"valueName":"search_term_string"}}],"inLanguage":"fr-FR"}]}},"brands":[{"id":2270,"name":"Saint-Gobain Biolink","slug":"biolink-fr"},{"id":2330,"name":"Saint-Gobain Performance Plastics","slug":"saint-gobain-fr"}],"_links":{"self":[{"href":"https:\/\/cardinal-tapes.com\/fr\/wp-json\/wp\/v2\/product\/49288","targetHints":{"allow":["GET"]}}],"collection":[{"href":"https:\/\/cardinal-tapes.com\/fr\/wp-json\/wp\/v2\/product"}],"about":[{"href":"https:\/\/cardinal-tapes.com\/fr\/wp-json\/wp\/v2\/types\/product"}],"wp:featuredmedia":[{"embeddable":true,"href":"https:\/\/cardinal-tapes.com\/fr\/wp-json\/wp\/v2\/media\/27516"}],"wp:attachment":[{"href":"https:\/\/cardinal-tapes.com\/fr\/wp-json\/wp\/v2\/media?parent=49288"}],"wp:term":[{"taxonomy":"pwb-brand","embeddable":true,"href":"https:\/\/cardinal-tapes.com\/fr\/wp-json\/wp\/v2\/pwb-brand?post=49288"},{"taxonomy":"product_brand","embeddable":true,"href":"https:\/\/cardinal-tapes.com\/fr\/wp-json\/wp\/v2\/product_brand?post=49288"},{"taxonomy":"product_cat","embeddable":true,"href":"https:\/\/cardinal-tapes.com\/fr\/wp-json\/wp\/v2\/product_cat?post=49288"},{"taxonomy":"product_tag","embeddable":true,"href":"https:\/\/cardinal-tapes.com\/fr\/wp-json\/wp\/v2\/product_tag?post=49288"}],"curies":[{"name":"wp","href":"https:\/\/api.w.org\/{rel}","templated":true}]}}