{"id":49234,"date":"2020-10-26T08:46:11","date_gmt":"2023-06-05T15:06:38","guid":{"rendered":"https:\/\/cardinal.pixel-tal.de\/klebebaender\/non class\u00e9\/tesa-fermeture-de-sachets-6256-fermeture-de-sachets\/"},"modified":"2023-06-05T17:06:38","modified_gmt":"2023-06-05T15:06:38","slug":"tesa-fermeture-sac-6256-fermeture-sac","status":"publish","type":"product","link":"https:\/\/cardinal-tapes.com\/fr\/rubans-adh\u00e9sifs\/domaines-dapplication\/secteur-du-transport\/tesa-fermeture-sac-6256-fermeture-sac\/","title":{"rendered":"tesa\u00ae Fermeture de sachets 6256 Fermeture de sachets"},"content":{"rendered":"<p><sup>tesa\u00ae<\/sup> 6256 est une fermeuse de sachets professionnelle pour fermer les sachets de petite et moyenne taille.<\/p>\n<p>La fermeture de sachets <sup>tesa\u00ae<\/sup> 6256 se distingue par les caract\u00e9ristiques suivantes :<\/p>\n<ul>\n<li>Bo\u00eetier m\u00e9tallique robuste<\/li>\n<li>Convient aux sachets avec un diam\u00e8tre de col jusqu&#8217;\u00e0 environ 6 mm et un poids jusqu&#8217;\u00e0 environ 3 kg<\/li>\n<li>fixation flexible par vissage sur le plan de travail<\/li>\n<li>Convient \u00e0 la mise en \u0153uvre de <sup>tesafilm\u00ae<\/sup> 4104 et 4204 et <sup>tesakrepp\u00ae<\/sup> 4328<\/li>\n<\/ul>\n","protected":false},"excerpt":{"rendered":"<p>tesa\u00ae 6256 est une fermeuse de sachets professionnelle pour fermer les sachets de petite et moyenne taille. La fermeture de sachets tesa\u00ae 6256 se distingue par les caract\u00e9ristiques suivantes : Bo\u00eetier m\u00e9tallique robuste Convient aux sachets avec un diam\u00e8tre de col jusqu&#8217;\u00e0 environ 6 mm et un poids jusqu&#8217;\u00e0 environ 3 kg fixation flexible par [&hellip;]<\/p>\n","protected":false},"featured_media":28460,"template":"","meta":{"_acf_changed":false},"pwb-brand":[2165],"product_brand":[],"product_cat":[1772,1859],"product_tag":[],"class_list":{"0":"post-49234","1":"product","2":"type-product","3":"status-publish","4":"has-post-thumbnail","6":"pwb-brand-tesa-fr","7":"product_cat-secteur-du-transport","8":"product_cat-systemes-demballage","10":"first","11":"instock","12":"taxable","13":"shipping-taxable","14":"product-type-simple"},"acf":[],"yoast_head":"<!-- This site is optimized with the Yoast SEO plugin v27.3 - https:\/\/yoast.com\/product\/yoast-seo-wordpress\/ -->\n<title>tesa\u00ae Fermeture de sachets 6256 | Cardinal TAPES<\/title>\n<meta name=\"description\" content=\"tesa\u00ae 6256 est une fermeuse de sachets professionnelle pour fermer les sachets de petite et moyenne taille.\" \/>\n<meta name=\"robots\" content=\"index, follow, max-snippet:-1, max-image-preview:large, max-video-preview:-1\" \/>\n<link rel=\"canonical\" href=\"https:\/\/cardinal-tapes.com\/fr\/rubans-adh\u00e9sifs\/secteur-du-transport\/tesa-fermeture-sac-6256-fermeture-sac\/\" \/>\n<meta property=\"og:locale\" content=\"fr_FR\" \/>\n<meta property=\"og:type\" content=\"article\" \/>\n<meta property=\"og:title\" content=\"tesa\u00ae Fermeture de sachets 6256 | Cardinal TAPES\" \/>\n<meta property=\"og:description\" content=\"tesa\u00ae 6256 est une fermeuse de sachets professionnelle pour fermer les sachets de petite et moyenne taille.\" \/>\n<meta property=\"og:url\" content=\"https:\/\/cardinal-tapes.com\/fr\/rubans-adh\u00e9sifs\/secteur-du-transport\/tesa-fermeture-sac-6256-fermeture-sac\/\" \/>\n<meta property=\"og:site_name\" content=\"cardinal TAPES\" \/>\n<meta property=\"og:image\" content=\"https:\/\/cardinal-tapes.com\/wp-content\/uploads\/tesa-06256-pr-0012032929_canvas1x1_5.jpg\" \/>\n\t<meta property=\"og:image:width\" content=\"501\" \/>\n\t<meta property=\"og:image:height\" content=\"470\" \/>\n\t<meta property=\"og:image:type\" content=\"image\/jpeg\" \/>\n<meta name=\"twitter:card\" content=\"summary_large_image\" \/>\n<script type=\"application\/ld+json\" class=\"yoast-schema-graph\">{\"@context\":\"https:\\\/\\\/schema.org\",\"@graph\":[{\"@type\":\"WebPage\",\"@id\":\"https:\\\/\\\/cardinal-tapes.com\\\/fr\\\/rubans-adh\u00e9sifs\\\/secteur-du-transport\\\/tesa-fermeture-sac-6256-fermeture-sac\\\/\",\"url\":\"https:\\\/\\\/cardinal-tapes.com\\\/fr\\\/rubans-adh\u00e9sifs\\\/secteur-du-transport\\\/tesa-fermeture-sac-6256-fermeture-sac\\\/\",\"name\":\"tesa\u00ae Fermeture de sachets 6256 | Cardinal TAPES\",\"isPartOf\":{\"@id\":\"https:\\\/\\\/cardinal-tapes.com\\\/#website\"},\"primaryImageOfPage\":{\"@id\":\"https:\\\/\\\/cardinal-tapes.com\\\/fr\\\/rubans-adh\u00e9sifs\\\/secteur-du-transport\\\/tesa-fermeture-sac-6256-fermeture-sac\\\/#primaryimage\"},\"image\":{\"@id\":\"https:\\\/\\\/cardinal-tapes.com\\\/fr\\\/rubans-adh\u00e9sifs\\\/secteur-du-transport\\\/tesa-fermeture-sac-6256-fermeture-sac\\\/#primaryimage\"},\"thumbnailUrl\":\"https:\\\/\\\/cardinal-tapes.com\\\/wp-content\\\/uploads\\\/tesa-06256-pr-0012032929_canvas1x1_5.jpg\",\"datePublished\":\"2023-06-05T15:06:38+00:00\",\"description\":\"tesa\u00ae 6256 est une fermeuse de sachets professionnelle pour fermer les sachets de petite et moyenne taille.\",\"breadcrumb\":{\"@id\":\"https:\\\/\\\/cardinal-tapes.com\\\/fr\\\/rubans-adh\u00e9sifs\\\/secteur-du-transport\\\/tesa-fermeture-sac-6256-fermeture-sac\\\/#breadcrumb\"},\"inLanguage\":\"fr-FR\",\"potentialAction\":[{\"@type\":\"ReadAction\",\"target\":[\"https:\\\/\\\/cardinal-tapes.com\\\/fr\\\/rubans-adh\u00e9sifs\\\/secteur-du-transport\\\/tesa-fermeture-sac-6256-fermeture-sac\\\/\"]}]},{\"@type\":\"ImageObject\",\"inLanguage\":\"fr-FR\",\"@id\":\"https:\\\/\\\/cardinal-tapes.com\\\/fr\\\/rubans-adh\u00e9sifs\\\/secteur-du-transport\\\/tesa-fermeture-sac-6256-fermeture-sac\\\/#primaryimage\",\"url\":\"https:\\\/\\\/cardinal-tapes.com\\\/wp-content\\\/uploads\\\/tesa-06256-pr-0012032929_canvas1x1_5.jpg\",\"contentUrl\":\"https:\\\/\\\/cardinal-tapes.com\\\/wp-content\\\/uploads\\\/tesa-06256-pr-0012032929_canvas1x1_5.jpg\",\"width\":501,\"height\":470},{\"@type\":\"BreadcrumbList\",\"@id\":\"https:\\\/\\\/cardinal-tapes.com\\\/fr\\\/rubans-adh\u00e9sifs\\\/secteur-du-transport\\\/tesa-fermeture-sac-6256-fermeture-sac\\\/#breadcrumb\",\"itemListElement\":[{\"@type\":\"ListItem\",\"position\":1,\"name\":\"Startseite\",\"item\":\"https:\\\/\\\/cardinal-tapes.com\\\/fr\\\/accueil\\\/\"},{\"@type\":\"ListItem\",\"position\":2,\"name\":\"Rubans adh\u00e9sifs\",\"item\":\"https:\\\/\\\/cardinal-tapes.com\\\/fr\\\/rubans-adhesifs-fr\\\/\"},{\"@type\":\"ListItem\",\"position\":3,\"name\":\"Secteur du transport\",\"item\":\"https:\\\/\\\/cardinal-tapes.com\\\/fr\\\/catgorie\\\/secteur-du-transport\\\/\"},{\"@type\":\"ListItem\",\"position\":4,\"name\":\"tesa\u00ae Fermeture de sachets 6256 Fermeture de sachets\"}]},{\"@type\":\"WebSite\",\"@id\":\"https:\\\/\\\/cardinal-tapes.com\\\/#website\",\"url\":\"https:\\\/\\\/cardinal-tapes.com\\\/\",\"name\":\"cardinal TAPES\",\"description\":\"Klebetechnik aus Wuppertal\",\"potentialAction\":[{\"@type\":\"SearchAction\",\"target\":{\"@type\":\"EntryPoint\",\"urlTemplate\":\"https:\\\/\\\/cardinal-tapes.com\\\/?s={search_term_string}\"},\"query-input\":{\"@type\":\"PropertyValueSpecification\",\"valueRequired\":true,\"valueName\":\"search_term_string\"}}],\"inLanguage\":\"fr-FR\"}]}<\/script>\n<!-- \/ Yoast SEO plugin. -->","yoast_head_json":{"title":"tesa\u00ae Fermeture de sachets 6256 | Cardinal TAPES","description":"tesa\u00ae 6256 est une fermeuse de sachets professionnelle pour fermer les sachets de petite et moyenne taille.","robots":{"index":"index","follow":"follow","max-snippet":"max-snippet:-1","max-image-preview":"max-image-preview:large","max-video-preview":"max-video-preview:-1"},"canonical":"https:\/\/cardinal-tapes.com\/fr\/rubans-adh\u00e9sifs\/secteur-du-transport\/tesa-fermeture-sac-6256-fermeture-sac\/","og_locale":"fr_FR","og_type":"article","og_title":"tesa\u00ae Fermeture de sachets 6256 | Cardinal TAPES","og_description":"tesa\u00ae 6256 est une fermeuse de sachets professionnelle pour fermer les sachets de petite et moyenne taille.","og_url":"https:\/\/cardinal-tapes.com\/fr\/rubans-adh\u00e9sifs\/secteur-du-transport\/tesa-fermeture-sac-6256-fermeture-sac\/","og_site_name":"cardinal TAPES","og_image":[{"width":501,"height":470,"url":"https:\/\/cardinal-tapes.com\/wp-content\/uploads\/tesa-06256-pr-0012032929_canvas1x1_5.jpg","type":"image\/jpeg"}],"twitter_card":"summary_large_image","schema":{"@context":"https:\/\/schema.org","@graph":[{"@type":"WebPage","@id":"https:\/\/cardinal-tapes.com\/fr\/rubans-adh\u00e9sifs\/secteur-du-transport\/tesa-fermeture-sac-6256-fermeture-sac\/","url":"https:\/\/cardinal-tapes.com\/fr\/rubans-adh\u00e9sifs\/secteur-du-transport\/tesa-fermeture-sac-6256-fermeture-sac\/","name":"tesa\u00ae Fermeture de sachets 6256 | Cardinal TAPES","isPartOf":{"@id":"https:\/\/cardinal-tapes.com\/#website"},"primaryImageOfPage":{"@id":"https:\/\/cardinal-tapes.com\/fr\/rubans-adh\u00e9sifs\/secteur-du-transport\/tesa-fermeture-sac-6256-fermeture-sac\/#primaryimage"},"image":{"@id":"https:\/\/cardinal-tapes.com\/fr\/rubans-adh\u00e9sifs\/secteur-du-transport\/tesa-fermeture-sac-6256-fermeture-sac\/#primaryimage"},"thumbnailUrl":"https:\/\/cardinal-tapes.com\/wp-content\/uploads\/tesa-06256-pr-0012032929_canvas1x1_5.jpg","datePublished":"2023-06-05T15:06:38+00:00","description":"tesa\u00ae 6256 est une fermeuse de sachets professionnelle pour fermer les sachets de petite et moyenne taille.","breadcrumb":{"@id":"https:\/\/cardinal-tapes.com\/fr\/rubans-adh\u00e9sifs\/secteur-du-transport\/tesa-fermeture-sac-6256-fermeture-sac\/#breadcrumb"},"inLanguage":"fr-FR","potentialAction":[{"@type":"ReadAction","target":["https:\/\/cardinal-tapes.com\/fr\/rubans-adh\u00e9sifs\/secteur-du-transport\/tesa-fermeture-sac-6256-fermeture-sac\/"]}]},{"@type":"ImageObject","inLanguage":"fr-FR","@id":"https:\/\/cardinal-tapes.com\/fr\/rubans-adh\u00e9sifs\/secteur-du-transport\/tesa-fermeture-sac-6256-fermeture-sac\/#primaryimage","url":"https:\/\/cardinal-tapes.com\/wp-content\/uploads\/tesa-06256-pr-0012032929_canvas1x1_5.jpg","contentUrl":"https:\/\/cardinal-tapes.com\/wp-content\/uploads\/tesa-06256-pr-0012032929_canvas1x1_5.jpg","width":501,"height":470},{"@type":"BreadcrumbList","@id":"https:\/\/cardinal-tapes.com\/fr\/rubans-adh\u00e9sifs\/secteur-du-transport\/tesa-fermeture-sac-6256-fermeture-sac\/#breadcrumb","itemListElement":[{"@type":"ListItem","position":1,"name":"Startseite","item":"https:\/\/cardinal-tapes.com\/fr\/accueil\/"},{"@type":"ListItem","position":2,"name":"Rubans adh\u00e9sifs","item":"https:\/\/cardinal-tapes.com\/fr\/rubans-adhesifs-fr\/"},{"@type":"ListItem","position":3,"name":"Secteur du transport","item":"https:\/\/cardinal-tapes.com\/fr\/catgorie\/secteur-du-transport\/"},{"@type":"ListItem","position":4,"name":"tesa\u00ae Fermeture de sachets 6256 Fermeture de sachets"}]},{"@type":"WebSite","@id":"https:\/\/cardinal-tapes.com\/#website","url":"https:\/\/cardinal-tapes.com\/","name":"cardinal TAPES","description":"Klebetechnik aus Wuppertal","potentialAction":[{"@type":"SearchAction","target":{"@type":"EntryPoint","urlTemplate":"https:\/\/cardinal-tapes.com\/?s={search_term_string}"},"query-input":{"@type":"PropertyValueSpecification","valueRequired":true,"valueName":"search_term_string"}}],"inLanguage":"fr-FR"}]}},"brands":[{"id":2165,"name":"tesa","slug":"tesa-fr"}],"_links":{"self":[{"href":"https:\/\/cardinal-tapes.com\/fr\/wp-json\/wp\/v2\/product\/49234","targetHints":{"allow":["GET"]}}],"collection":[{"href":"https:\/\/cardinal-tapes.com\/fr\/wp-json\/wp\/v2\/product"}],"about":[{"href":"https:\/\/cardinal-tapes.com\/fr\/wp-json\/wp\/v2\/types\/product"}],"wp:featuredmedia":[{"embeddable":true,"href":"https:\/\/cardinal-tapes.com\/fr\/wp-json\/wp\/v2\/media\/28460"}],"wp:attachment":[{"href":"https:\/\/cardinal-tapes.com\/fr\/wp-json\/wp\/v2\/media?parent=49234"}],"wp:term":[{"taxonomy":"pwb-brand","embeddable":true,"href":"https:\/\/cardinal-tapes.com\/fr\/wp-json\/wp\/v2\/pwb-brand?post=49234"},{"taxonomy":"product_brand","embeddable":true,"href":"https:\/\/cardinal-tapes.com\/fr\/wp-json\/wp\/v2\/product_brand?post=49234"},{"taxonomy":"product_cat","embeddable":true,"href":"https:\/\/cardinal-tapes.com\/fr\/wp-json\/wp\/v2\/product_cat?post=49234"},{"taxonomy":"product_tag","embeddable":true,"href":"https:\/\/cardinal-tapes.com\/fr\/wp-json\/wp\/v2\/product_tag?post=49234"}],"curies":[{"name":"wp","href":"https:\/\/api.w.org\/{rel}","templated":true}]}}