{"id":49232,"date":"2020-10-19T15:56:15","date_gmt":"2023-06-05T15:06:38","guid":{"rendered":"https:\/\/cardinal.pixel-tal.de\/klebebaender\/non class\u00e9\/tesa-60022-adhesif-en-aerosol-extra-fort\/"},"modified":"2023-06-05T17:06:38","modified_gmt":"2023-06-05T15:06:38","slug":"tesa-60022-adhesif-pulverisant-extra-fort","status":"publish","type":"product","link":"https:\/\/cardinal-tapes.com\/fr\/rubans-adh\u00e9sifs\/colle-liquide\/adhesifs\/tesa-60022-adhesif-pulverisant-extra-fort\/","title":{"rendered":"tesa\u00ae 60022 Adh\u00e9sif en a\u00e9rosol Extra fort"},"content":{"rendered":"<p><sup>tesa\u00ae<\/sup> Adh\u00e9sif en a\u00e9rosol EXTRA STRONG 60022 est un adh\u00e9sif filmog\u00e8ne particuli\u00e8rement puissant pour le collage permanent de mat\u00e9riaux tels que le tissu, le plastique, le carton, le caoutchouc mousse, les mat\u00e9riaux isolants, le vinyle, le cuir, le similicuir et le caoutchouc entre eux, ainsi que sur le m\u00e9tal et le bois.<\/p>\n<ul>\n<li>Collages forts et durables<\/li>\n<li>R\u00e9sistant \u00e0 l&#8217;humidit\u00e9 et aux temp\u00e9ratures jusqu&#8217;\u00e0 80\u00b0C, bri\u00e8vement jusqu&#8217;\u00e0 100\u00b0C<\/li>\n<li>Convient aux mat\u00e9riaux l\u00e9gers et lourds avec une surface lisse ou rugueuse<\/li>\n<li>Bon pouvoir adh\u00e9sif sur les supports non polaires<\/li>\n<li>Buse variable pour r\u00e9gler les quantit\u00e9s de pulv\u00e9risation (H : \u00e9lev\u00e9e, M : moyenne, L : faible)<\/li>\n<li>Possibilit\u00e9 d&#8217;orientation horizontale et verticale de la pulv\u00e9risation<\/li>\n<\/ul>\n","protected":false},"excerpt":{"rendered":"<p>tesa\u00ae Adh\u00e9sif en a\u00e9rosol EXTRA STRONG 60022 est un adh\u00e9sif filmog\u00e8ne particuli\u00e8rement puissant pour le collage permanent de mat\u00e9riaux tels que le tissu, le plastique, le carton, le caoutchouc mousse, les mat\u00e9riaux isolants, le vinyle, le cuir, le similicuir et le caoutchouc entre eux, ainsi que sur le m\u00e9tal et le bois. Collages forts et [&hellip;]<\/p>\n","protected":false},"featured_media":28448,"template":"","meta":{"_acf_changed":false},"pwb-brand":[2165],"product_brand":[],"product_cat":[1857],"product_tag":[],"class_list":{"0":"post-49232","1":"product","2":"type-product","3":"status-publish","4":"has-post-thumbnail","6":"pwb-brand-tesa-fr","7":"product_cat-adhesifs","9":"first","10":"instock","11":"taxable","12":"shipping-taxable","13":"purchasable","14":"product-type-variable"},"acf":[],"yoast_head":"<!-- This site is optimized with the Yoast SEO plugin v27.3 - https:\/\/yoast.com\/product\/yoast-seo-wordpress\/ -->\n<title>Tesa 60021 Adh\u00e9sif en spray 300ml | Cardinal TAPES<\/title>\n<meta name=\"description\" content=\"Tesa 60021 colle en spray PERMANENT est une colle tr\u00e8s efficace pour l&#039;assemblage permanent de mat\u00e9riaux tels que le papier, le carton, le feutre, le tissu et de nombreux autres plastiques.\" \/>\n<meta name=\"robots\" content=\"index, follow, max-snippet:-1, max-image-preview:large, max-video-preview:-1\" \/>\n<link rel=\"canonical\" href=\"https:\/\/cardinal-tapes.com\/fr\/rubans-adh\u00e9sifs\/adhesifs\/tesa-60022-adhesif-pulverisant-extra-fort\/\" \/>\n<meta property=\"og:locale\" content=\"fr_FR\" \/>\n<meta property=\"og:type\" content=\"article\" \/>\n<meta property=\"og:title\" content=\"Tesa 60021 Adh\u00e9sif en spray 300ml | Cardinal TAPES\" \/>\n<meta property=\"og:description\" content=\"Tesa 60021 colle en spray PERMANENT est une colle tr\u00e8s efficace pour l&#039;assemblage permanent de mat\u00e9riaux tels que le papier, le carton, le feutre, le tissu et de nombreux autres plastiques.\" \/>\n<meta property=\"og:url\" content=\"https:\/\/cardinal-tapes.com\/fr\/rubans-adh\u00e9sifs\/adhesifs\/tesa-60022-adhesif-pulverisant-extra-fort\/\" \/>\n<meta property=\"og:site_name\" content=\"cardinal TAPES\" \/>\n<meta property=\"og:image\" content=\"https:\/\/cardinal-tapes.com\/wp-content\/uploads\/tesa-600220000001-li602-front-pa1777524_canvas1x1_18.jpg\" \/>\n\t<meta property=\"og:image:width\" content=\"531\" \/>\n\t<meta property=\"og:image:height\" content=\"1888\" \/>\n\t<meta property=\"og:image:type\" content=\"image\/jpeg\" \/>\n<meta name=\"twitter:card\" content=\"summary_large_image\" \/>\n<meta name=\"twitter:label1\" content=\"Dur\u00e9e de lecture estim\u00e9e\" \/>\n\t<meta name=\"twitter:data1\" content=\"1 minute\" \/>\n<script type=\"application\/ld+json\" class=\"yoast-schema-graph\">{\"@context\":\"https:\\\/\\\/schema.org\",\"@graph\":[{\"@type\":\"WebPage\",\"@id\":\"https:\\\/\\\/cardinal-tapes.com\\\/fr\\\/rubans-adh\u00e9sifs\\\/adhesifs\\\/tesa-60022-adhesif-pulverisant-extra-fort\\\/\",\"url\":\"https:\\\/\\\/cardinal-tapes.com\\\/fr\\\/rubans-adh\u00e9sifs\\\/adhesifs\\\/tesa-60022-adhesif-pulverisant-extra-fort\\\/\",\"name\":\"Tesa 60021 Adh\u00e9sif en spray 300ml | Cardinal TAPES\",\"isPartOf\":{\"@id\":\"https:\\\/\\\/cardinal-tapes.com\\\/#website\"},\"primaryImageOfPage\":{\"@id\":\"https:\\\/\\\/cardinal-tapes.com\\\/fr\\\/rubans-adh\u00e9sifs\\\/adhesifs\\\/tesa-60022-adhesif-pulverisant-extra-fort\\\/#primaryimage\"},\"image\":{\"@id\":\"https:\\\/\\\/cardinal-tapes.com\\\/fr\\\/rubans-adh\u00e9sifs\\\/adhesifs\\\/tesa-60022-adhesif-pulverisant-extra-fort\\\/#primaryimage\"},\"thumbnailUrl\":\"https:\\\/\\\/cardinal-tapes.com\\\/wp-content\\\/uploads\\\/tesa-600220000001-li602-front-pa1777524_canvas1x1_18.jpg\",\"datePublished\":\"2023-06-05T15:06:38+00:00\",\"description\":\"Tesa 60021 colle en spray PERMANENT est une colle tr\u00e8s efficace pour l'assemblage permanent de mat\u00e9riaux tels que le papier, le carton, le feutre, le tissu et de nombreux autres plastiques.\",\"breadcrumb\":{\"@id\":\"https:\\\/\\\/cardinal-tapes.com\\\/fr\\\/rubans-adh\u00e9sifs\\\/adhesifs\\\/tesa-60022-adhesif-pulverisant-extra-fort\\\/#breadcrumb\"},\"inLanguage\":\"fr-FR\",\"potentialAction\":[{\"@type\":\"ReadAction\",\"target\":[\"https:\\\/\\\/cardinal-tapes.com\\\/fr\\\/rubans-adh\u00e9sifs\\\/adhesifs\\\/tesa-60022-adhesif-pulverisant-extra-fort\\\/\"]}]},{\"@type\":\"ImageObject\",\"inLanguage\":\"fr-FR\",\"@id\":\"https:\\\/\\\/cardinal-tapes.com\\\/fr\\\/rubans-adh\u00e9sifs\\\/adhesifs\\\/tesa-60022-adhesif-pulverisant-extra-fort\\\/#primaryimage\",\"url\":\"https:\\\/\\\/cardinal-tapes.com\\\/wp-content\\\/uploads\\\/tesa-600220000001-li602-front-pa1777524_canvas1x1_18.jpg\",\"contentUrl\":\"https:\\\/\\\/cardinal-tapes.com\\\/wp-content\\\/uploads\\\/tesa-600220000001-li602-front-pa1777524_canvas1x1_18.jpg\",\"width\":531,\"height\":1888},{\"@type\":\"BreadcrumbList\",\"@id\":\"https:\\\/\\\/cardinal-tapes.com\\\/fr\\\/rubans-adh\u00e9sifs\\\/adhesifs\\\/tesa-60022-adhesif-pulverisant-extra-fort\\\/#breadcrumb\",\"itemListElement\":[{\"@type\":\"ListItem\",\"position\":1,\"name\":\"Startseite\",\"item\":\"https:\\\/\\\/cardinal-tapes.com\\\/fr\\\/accueil\\\/\"},{\"@type\":\"ListItem\",\"position\":2,\"name\":\"Rubans adh\u00e9sifs\",\"item\":\"https:\\\/\\\/cardinal-tapes.com\\\/fr\\\/rubans-adhesifs-fr\\\/\"},{\"@type\":\"ListItem\",\"position\":3,\"name\":\"Adh\u00e9sifs\",\"item\":\"https:\\\/\\\/cardinal-tapes.com\\\/fr\\\/catgorie\\\/adhesifs\\\/\"},{\"@type\":\"ListItem\",\"position\":4,\"name\":\"tesa\u00ae 60022 Adh\u00e9sif en a\u00e9rosol Extra fort\"}]},{\"@type\":\"WebSite\",\"@id\":\"https:\\\/\\\/cardinal-tapes.com\\\/#website\",\"url\":\"https:\\\/\\\/cardinal-tapes.com\\\/\",\"name\":\"cardinal TAPES\",\"description\":\"Klebetechnik aus Wuppertal\",\"potentialAction\":[{\"@type\":\"SearchAction\",\"target\":{\"@type\":\"EntryPoint\",\"urlTemplate\":\"https:\\\/\\\/cardinal-tapes.com\\\/?s={search_term_string}\"},\"query-input\":{\"@type\":\"PropertyValueSpecification\",\"valueRequired\":true,\"valueName\":\"search_term_string\"}}],\"inLanguage\":\"fr-FR\"}]}<\/script>\n<!-- \/ Yoast SEO plugin. -->","yoast_head_json":{"title":"Tesa 60021 Adh\u00e9sif en spray 300ml | Cardinal TAPES","description":"Tesa 60021 colle en spray PERMANENT est une colle tr\u00e8s efficace pour l'assemblage permanent de mat\u00e9riaux tels que le papier, le carton, le feutre, le tissu et de nombreux autres plastiques.","robots":{"index":"index","follow":"follow","max-snippet":"max-snippet:-1","max-image-preview":"max-image-preview:large","max-video-preview":"max-video-preview:-1"},"canonical":"https:\/\/cardinal-tapes.com\/fr\/rubans-adh\u00e9sifs\/adhesifs\/tesa-60022-adhesif-pulverisant-extra-fort\/","og_locale":"fr_FR","og_type":"article","og_title":"Tesa 60021 Adh\u00e9sif en spray 300ml | Cardinal TAPES","og_description":"Tesa 60021 colle en spray PERMANENT est une colle tr\u00e8s efficace pour l'assemblage permanent de mat\u00e9riaux tels que le papier, le carton, le feutre, le tissu et de nombreux autres plastiques.","og_url":"https:\/\/cardinal-tapes.com\/fr\/rubans-adh\u00e9sifs\/adhesifs\/tesa-60022-adhesif-pulverisant-extra-fort\/","og_site_name":"cardinal TAPES","og_image":[{"width":531,"height":1888,"url":"https:\/\/cardinal-tapes.com\/wp-content\/uploads\/tesa-600220000001-li602-front-pa1777524_canvas1x1_18.jpg","type":"image\/jpeg"}],"twitter_card":"summary_large_image","twitter_misc":{"Dur\u00e9e de lecture estim\u00e9e":"1 minute"},"schema":{"@context":"https:\/\/schema.org","@graph":[{"@type":"WebPage","@id":"https:\/\/cardinal-tapes.com\/fr\/rubans-adh\u00e9sifs\/adhesifs\/tesa-60022-adhesif-pulverisant-extra-fort\/","url":"https:\/\/cardinal-tapes.com\/fr\/rubans-adh\u00e9sifs\/adhesifs\/tesa-60022-adhesif-pulverisant-extra-fort\/","name":"Tesa 60021 Adh\u00e9sif en spray 300ml | Cardinal TAPES","isPartOf":{"@id":"https:\/\/cardinal-tapes.com\/#website"},"primaryImageOfPage":{"@id":"https:\/\/cardinal-tapes.com\/fr\/rubans-adh\u00e9sifs\/adhesifs\/tesa-60022-adhesif-pulverisant-extra-fort\/#primaryimage"},"image":{"@id":"https:\/\/cardinal-tapes.com\/fr\/rubans-adh\u00e9sifs\/adhesifs\/tesa-60022-adhesif-pulverisant-extra-fort\/#primaryimage"},"thumbnailUrl":"https:\/\/cardinal-tapes.com\/wp-content\/uploads\/tesa-600220000001-li602-front-pa1777524_canvas1x1_18.jpg","datePublished":"2023-06-05T15:06:38+00:00","description":"Tesa 60021 colle en spray PERMANENT est une colle tr\u00e8s efficace pour l'assemblage permanent de mat\u00e9riaux tels que le papier, le carton, le feutre, le tissu et de nombreux autres plastiques.","breadcrumb":{"@id":"https:\/\/cardinal-tapes.com\/fr\/rubans-adh\u00e9sifs\/adhesifs\/tesa-60022-adhesif-pulverisant-extra-fort\/#breadcrumb"},"inLanguage":"fr-FR","potentialAction":[{"@type":"ReadAction","target":["https:\/\/cardinal-tapes.com\/fr\/rubans-adh\u00e9sifs\/adhesifs\/tesa-60022-adhesif-pulverisant-extra-fort\/"]}]},{"@type":"ImageObject","inLanguage":"fr-FR","@id":"https:\/\/cardinal-tapes.com\/fr\/rubans-adh\u00e9sifs\/adhesifs\/tesa-60022-adhesif-pulverisant-extra-fort\/#primaryimage","url":"https:\/\/cardinal-tapes.com\/wp-content\/uploads\/tesa-600220000001-li602-front-pa1777524_canvas1x1_18.jpg","contentUrl":"https:\/\/cardinal-tapes.com\/wp-content\/uploads\/tesa-600220000001-li602-front-pa1777524_canvas1x1_18.jpg","width":531,"height":1888},{"@type":"BreadcrumbList","@id":"https:\/\/cardinal-tapes.com\/fr\/rubans-adh\u00e9sifs\/adhesifs\/tesa-60022-adhesif-pulverisant-extra-fort\/#breadcrumb","itemListElement":[{"@type":"ListItem","position":1,"name":"Startseite","item":"https:\/\/cardinal-tapes.com\/fr\/accueil\/"},{"@type":"ListItem","position":2,"name":"Rubans adh\u00e9sifs","item":"https:\/\/cardinal-tapes.com\/fr\/rubans-adhesifs-fr\/"},{"@type":"ListItem","position":3,"name":"Adh\u00e9sifs","item":"https:\/\/cardinal-tapes.com\/fr\/catgorie\/adhesifs\/"},{"@type":"ListItem","position":4,"name":"tesa\u00ae 60022 Adh\u00e9sif en a\u00e9rosol Extra fort"}]},{"@type":"WebSite","@id":"https:\/\/cardinal-tapes.com\/#website","url":"https:\/\/cardinal-tapes.com\/","name":"cardinal TAPES","description":"Klebetechnik aus Wuppertal","potentialAction":[{"@type":"SearchAction","target":{"@type":"EntryPoint","urlTemplate":"https:\/\/cardinal-tapes.com\/?s={search_term_string}"},"query-input":{"@type":"PropertyValueSpecification","valueRequired":true,"valueName":"search_term_string"}}],"inLanguage":"fr-FR"}]}},"brands":[{"id":2165,"name":"tesa","slug":"tesa-fr"}],"_links":{"self":[{"href":"https:\/\/cardinal-tapes.com\/fr\/wp-json\/wp\/v2\/product\/49232","targetHints":{"allow":["GET"]}}],"collection":[{"href":"https:\/\/cardinal-tapes.com\/fr\/wp-json\/wp\/v2\/product"}],"about":[{"href":"https:\/\/cardinal-tapes.com\/fr\/wp-json\/wp\/v2\/types\/product"}],"wp:featuredmedia":[{"embeddable":true,"href":"https:\/\/cardinal-tapes.com\/fr\/wp-json\/wp\/v2\/media\/28448"}],"wp:attachment":[{"href":"https:\/\/cardinal-tapes.com\/fr\/wp-json\/wp\/v2\/media?parent=49232"}],"wp:term":[{"taxonomy":"pwb-brand","embeddable":true,"href":"https:\/\/cardinal-tapes.com\/fr\/wp-json\/wp\/v2\/pwb-brand?post=49232"},{"taxonomy":"product_brand","embeddable":true,"href":"https:\/\/cardinal-tapes.com\/fr\/wp-json\/wp\/v2\/product_brand?post=49232"},{"taxonomy":"product_cat","embeddable":true,"href":"https:\/\/cardinal-tapes.com\/fr\/wp-json\/wp\/v2\/product_cat?post=49232"},{"taxonomy":"product_tag","embeddable":true,"href":"https:\/\/cardinal-tapes.com\/fr\/wp-json\/wp\/v2\/product_tag?post=49232"}],"curies":[{"name":"wp","href":"https:\/\/api.w.org\/{rel}","templated":true}]}}