{"id":48603,"date":"2020-11-25T09:34:15","date_gmt":"2023-06-05T15:06:19","guid":{"rendered":"https:\/\/cardinal.pixel-tal.de\/klebebaender\/non class\u00e9\/chr-2285-02-feuille-de-ptfe\/"},"modified":"2023-06-05T17:06:19","modified_gmt":"2023-06-05T15:06:19","slug":"chr2285-02-ptfe-folie","status":"publish","type":"product","link":"https:\/\/cardinal-tapes.com\/fr\/rubans-adh\u00e9sifs\/rubans-adhesifs-simple-face\/chr2285-02-ptfe-folie\/","title":{"rendered":"CHR\u00ae 2285-02 Feuille de PTFE"},"content":{"rendered":"<p>Les CHR\u00ae 2283 et 2285 sont fabriqu\u00e9s \u00e0 partir d&#8217;un film pelable en PTFE extrud\u00e9, orient\u00e9 et \u00e0 haut module, recouvert d&#8217;un adh\u00e9sif sensible \u00e0 la pression \u00e0 tr\u00e8s haute r\u00e9sistance thermique.<\/p>\n<p>La r\u00e9sistance aux temp\u00e9ratures \u00e9lev\u00e9es et les propri\u00e9t\u00e9s anti-adh\u00e9rentes du PTFE font que les CHR 2285 conviennent bien comme interface de s\u00e9paration. Il est particuli\u00e8rement durable et r\u00e9sistant \u00e0 l&#8217;abrasion, ne s&#8217;enroule pas ou ne forme pas de plis, ce qui le rend r\u00e9sistant et facile \u00e0 appliquer. Il ne laisse pas de r\u00e9sidus de colle lorsqu&#8217;on l&#8217;enl\u00e8ve, ce qui r\u00e9duit le temps d&#8217;arr\u00eat des installations.<\/p>\n<p>&nbsp;<\/p>\n","protected":false},"excerpt":{"rendered":"<p>Les CHR\u00ae 2283 et 2285 sont fabriqu\u00e9s \u00e0 partir d&#8217;un film pelable en PTFE extrud\u00e9, orient\u00e9 et \u00e0 haut module, recouvert d&#8217;un adh\u00e9sif sensible \u00e0 la pression \u00e0 tr\u00e8s haute r\u00e9sistance thermique. La r\u00e9sistance aux temp\u00e9ratures \u00e9lev\u00e9es et les propri\u00e9t\u00e9s anti-adh\u00e9rentes du PTFE font que les CHR 2285 conviennent bien comme interface de s\u00e9paration. Il [&hellip;]<\/p>\n","protected":false},"featured_media":28484,"template":"","meta":{"_acf_changed":false},"pwb-brand":[4050,2330],"product_brand":[],"product_cat":[1836],"product_tag":[],"class_list":{"0":"post-48603","1":"product","2":"type-product","3":"status-publish","4":"has-post-thumbnail","6":"pwb-brand-saint-gobain-performance-plastics-chr-fr","7":"pwb-brand-saint-gobain-fr","8":"product_cat-rubans-adhesifs-simple-face","10":"first","11":"instock","12":"taxable","13":"shipping-taxable","14":"product-type-variable"},"acf":[],"yoast_head":"<!-- This site is optimized with the Yoast SEO plugin v27.3 - https:\/\/yoast.com\/product\/yoast-seo-wordpress\/ -->\n<title>CHR\u00ae2285-02 Tissu enduit de PTFE | Cardinal TAPES<\/title>\n<meta name=\"description\" content=\"Les CHR 2283 et 2285 sont fabriqu\u00e9s \u00e0 partir d&#039;un film pelable en PTFE extrud\u00e9, orient\u00e9 et \u00e0 haut module, recouvert d&#039;un adh\u00e9sif sensible \u00e0 la pression \u00e0 tr\u00e8s haute r\u00e9sistance thermique.\" \/>\n<meta name=\"robots\" content=\"index, follow, max-snippet:-1, max-image-preview:large, max-video-preview:-1\" \/>\n<link rel=\"canonical\" href=\"https:\/\/cardinal-tapes.com\/fr\/rubans-adh\u00e9sifs\/rubans-adhesifs-simple-face\/chr2285-02-ptfe-folie\/\" \/>\n<meta property=\"og:locale\" content=\"fr_FR\" \/>\n<meta property=\"og:type\" content=\"article\" \/>\n<meta property=\"og:title\" content=\"CHR\u00ae2285-02 Tissu enduit de PTFE | Cardinal TAPES\" \/>\n<meta property=\"og:description\" content=\"Les CHR 2283 et 2285 sont fabriqu\u00e9s \u00e0 partir d&#039;un film pelable en PTFE extrud\u00e9, orient\u00e9 et \u00e0 haut module, recouvert d&#039;un adh\u00e9sif sensible \u00e0 la pression \u00e0 tr\u00e8s haute r\u00e9sistance thermique.\" \/>\n<meta property=\"og:url\" content=\"https:\/\/cardinal-tapes.com\/fr\/rubans-adh\u00e9sifs\/rubans-adhesifs-simple-face\/chr2285-02-ptfe-folie\/\" \/>\n<meta property=\"og:site_name\" content=\"cardinal TAPES\" \/>\n<meta property=\"og:image\" content=\"https:\/\/cardinal-tapes.com\/wp-content\/uploads\/CHR-2285-A_153022.png\" \/>\n\t<meta property=\"og:image:width\" content=\"415\" \/>\n\t<meta property=\"og:image:height\" content=\"415\" \/>\n\t<meta property=\"og:image:type\" content=\"image\/png\" \/>\n<meta name=\"twitter:card\" content=\"summary_large_image\" \/>\n<meta name=\"twitter:label1\" content=\"Dur\u00e9e de lecture estim\u00e9e\" \/>\n\t<meta name=\"twitter:data1\" content=\"1 minute\" \/>\n<script type=\"application\/ld+json\" class=\"yoast-schema-graph\">{\"@context\":\"https:\\\/\\\/schema.org\",\"@graph\":[{\"@type\":\"WebPage\",\"@id\":\"https:\\\/\\\/cardinal-tapes.com\\\/fr\\\/rubans-adh\u00e9sifs\\\/rubans-adhesifs-simple-face\\\/chr2285-02-ptfe-folie\\\/\",\"url\":\"https:\\\/\\\/cardinal-tapes.com\\\/fr\\\/rubans-adh\u00e9sifs\\\/rubans-adhesifs-simple-face\\\/chr2285-02-ptfe-folie\\\/\",\"name\":\"CHR\u00ae2285-02 Tissu enduit de PTFE | Cardinal TAPES\",\"isPartOf\":{\"@id\":\"https:\\\/\\\/cardinal-tapes.com\\\/#website\"},\"primaryImageOfPage\":{\"@id\":\"https:\\\/\\\/cardinal-tapes.com\\\/fr\\\/rubans-adh\u00e9sifs\\\/rubans-adhesifs-simple-face\\\/chr2285-02-ptfe-folie\\\/#primaryimage\"},\"image\":{\"@id\":\"https:\\\/\\\/cardinal-tapes.com\\\/fr\\\/rubans-adh\u00e9sifs\\\/rubans-adhesifs-simple-face\\\/chr2285-02-ptfe-folie\\\/#primaryimage\"},\"thumbnailUrl\":\"https:\\\/\\\/cardinal-tapes.com\\\/wp-content\\\/uploads\\\/CHR-2285-A_153022.png\",\"datePublished\":\"2023-06-05T15:06:19+00:00\",\"description\":\"Les CHR 2283 et 2285 sont fabriqu\u00e9s \u00e0 partir d'un film pelable en PTFE extrud\u00e9, orient\u00e9 et \u00e0 haut module, recouvert d'un adh\u00e9sif sensible \u00e0 la pression \u00e0 tr\u00e8s haute r\u00e9sistance thermique.\",\"breadcrumb\":{\"@id\":\"https:\\\/\\\/cardinal-tapes.com\\\/fr\\\/rubans-adh\u00e9sifs\\\/rubans-adhesifs-simple-face\\\/chr2285-02-ptfe-folie\\\/#breadcrumb\"},\"inLanguage\":\"fr-FR\",\"potentialAction\":[{\"@type\":\"ReadAction\",\"target\":[\"https:\\\/\\\/cardinal-tapes.com\\\/fr\\\/rubans-adh\u00e9sifs\\\/rubans-adhesifs-simple-face\\\/chr2285-02-ptfe-folie\\\/\"]}]},{\"@type\":\"ImageObject\",\"inLanguage\":\"fr-FR\",\"@id\":\"https:\\\/\\\/cardinal-tapes.com\\\/fr\\\/rubans-adh\u00e9sifs\\\/rubans-adhesifs-simple-face\\\/chr2285-02-ptfe-folie\\\/#primaryimage\",\"url\":\"https:\\\/\\\/cardinal-tapes.com\\\/wp-content\\\/uploads\\\/CHR-2285-A_153022.png\",\"contentUrl\":\"https:\\\/\\\/cardinal-tapes.com\\\/wp-content\\\/uploads\\\/CHR-2285-A_153022.png\",\"width\":415,\"height\":415},{\"@type\":\"BreadcrumbList\",\"@id\":\"https:\\\/\\\/cardinal-tapes.com\\\/fr\\\/rubans-adh\u00e9sifs\\\/rubans-adhesifs-simple-face\\\/chr2285-02-ptfe-folie\\\/#breadcrumb\",\"itemListElement\":[{\"@type\":\"ListItem\",\"position\":1,\"name\":\"Startseite\",\"item\":\"https:\\\/\\\/cardinal-tapes.com\\\/fr\\\/accueil\\\/\"},{\"@type\":\"ListItem\",\"position\":2,\"name\":\"Rubans adh\u00e9sifs\",\"item\":\"https:\\\/\\\/cardinal-tapes.com\\\/fr\\\/rubans-adhesifs-fr\\\/\"},{\"@type\":\"ListItem\",\"position\":3,\"name\":\"Rubans adh\u00e9sifs simple face\",\"item\":\"https:\\\/\\\/cardinal-tapes.com\\\/fr\\\/catgorie\\\/rubans-adhesifs-simple-face\\\/\"},{\"@type\":\"ListItem\",\"position\":4,\"name\":\"CHR\u00ae 2285-02 Feuille de PTFE\"}]},{\"@type\":\"WebSite\",\"@id\":\"https:\\\/\\\/cardinal-tapes.com\\\/#website\",\"url\":\"https:\\\/\\\/cardinal-tapes.com\\\/\",\"name\":\"cardinal TAPES\",\"description\":\"Klebetechnik aus Wuppertal\",\"potentialAction\":[{\"@type\":\"SearchAction\",\"target\":{\"@type\":\"EntryPoint\",\"urlTemplate\":\"https:\\\/\\\/cardinal-tapes.com\\\/?s={search_term_string}\"},\"query-input\":{\"@type\":\"PropertyValueSpecification\",\"valueRequired\":true,\"valueName\":\"search_term_string\"}}],\"inLanguage\":\"fr-FR\"}]}<\/script>\n<!-- \/ Yoast SEO plugin. -->","yoast_head_json":{"title":"CHR\u00ae2285-02 Tissu enduit de PTFE | Cardinal TAPES","description":"Les CHR 2283 et 2285 sont fabriqu\u00e9s \u00e0 partir d'un film pelable en PTFE extrud\u00e9, orient\u00e9 et \u00e0 haut module, recouvert d'un adh\u00e9sif sensible \u00e0 la pression \u00e0 tr\u00e8s haute r\u00e9sistance thermique.","robots":{"index":"index","follow":"follow","max-snippet":"max-snippet:-1","max-image-preview":"max-image-preview:large","max-video-preview":"max-video-preview:-1"},"canonical":"https:\/\/cardinal-tapes.com\/fr\/rubans-adh\u00e9sifs\/rubans-adhesifs-simple-face\/chr2285-02-ptfe-folie\/","og_locale":"fr_FR","og_type":"article","og_title":"CHR\u00ae2285-02 Tissu enduit de PTFE | Cardinal TAPES","og_description":"Les CHR 2283 et 2285 sont fabriqu\u00e9s \u00e0 partir d'un film pelable en PTFE extrud\u00e9, orient\u00e9 et \u00e0 haut module, recouvert d'un adh\u00e9sif sensible \u00e0 la pression \u00e0 tr\u00e8s haute r\u00e9sistance thermique.","og_url":"https:\/\/cardinal-tapes.com\/fr\/rubans-adh\u00e9sifs\/rubans-adhesifs-simple-face\/chr2285-02-ptfe-folie\/","og_site_name":"cardinal TAPES","og_image":[{"width":415,"height":415,"url":"https:\/\/cardinal-tapes.com\/wp-content\/uploads\/CHR-2285-A_153022.png","type":"image\/png"}],"twitter_card":"summary_large_image","twitter_misc":{"Dur\u00e9e de lecture estim\u00e9e":"1 minute"},"schema":{"@context":"https:\/\/schema.org","@graph":[{"@type":"WebPage","@id":"https:\/\/cardinal-tapes.com\/fr\/rubans-adh\u00e9sifs\/rubans-adhesifs-simple-face\/chr2285-02-ptfe-folie\/","url":"https:\/\/cardinal-tapes.com\/fr\/rubans-adh\u00e9sifs\/rubans-adhesifs-simple-face\/chr2285-02-ptfe-folie\/","name":"CHR\u00ae2285-02 Tissu enduit de PTFE | Cardinal TAPES","isPartOf":{"@id":"https:\/\/cardinal-tapes.com\/#website"},"primaryImageOfPage":{"@id":"https:\/\/cardinal-tapes.com\/fr\/rubans-adh\u00e9sifs\/rubans-adhesifs-simple-face\/chr2285-02-ptfe-folie\/#primaryimage"},"image":{"@id":"https:\/\/cardinal-tapes.com\/fr\/rubans-adh\u00e9sifs\/rubans-adhesifs-simple-face\/chr2285-02-ptfe-folie\/#primaryimage"},"thumbnailUrl":"https:\/\/cardinal-tapes.com\/wp-content\/uploads\/CHR-2285-A_153022.png","datePublished":"2023-06-05T15:06:19+00:00","description":"Les CHR 2283 et 2285 sont fabriqu\u00e9s \u00e0 partir d'un film pelable en PTFE extrud\u00e9, orient\u00e9 et \u00e0 haut module, recouvert d'un adh\u00e9sif sensible \u00e0 la pression \u00e0 tr\u00e8s haute r\u00e9sistance thermique.","breadcrumb":{"@id":"https:\/\/cardinal-tapes.com\/fr\/rubans-adh\u00e9sifs\/rubans-adhesifs-simple-face\/chr2285-02-ptfe-folie\/#breadcrumb"},"inLanguage":"fr-FR","potentialAction":[{"@type":"ReadAction","target":["https:\/\/cardinal-tapes.com\/fr\/rubans-adh\u00e9sifs\/rubans-adhesifs-simple-face\/chr2285-02-ptfe-folie\/"]}]},{"@type":"ImageObject","inLanguage":"fr-FR","@id":"https:\/\/cardinal-tapes.com\/fr\/rubans-adh\u00e9sifs\/rubans-adhesifs-simple-face\/chr2285-02-ptfe-folie\/#primaryimage","url":"https:\/\/cardinal-tapes.com\/wp-content\/uploads\/CHR-2285-A_153022.png","contentUrl":"https:\/\/cardinal-tapes.com\/wp-content\/uploads\/CHR-2285-A_153022.png","width":415,"height":415},{"@type":"BreadcrumbList","@id":"https:\/\/cardinal-tapes.com\/fr\/rubans-adh\u00e9sifs\/rubans-adhesifs-simple-face\/chr2285-02-ptfe-folie\/#breadcrumb","itemListElement":[{"@type":"ListItem","position":1,"name":"Startseite","item":"https:\/\/cardinal-tapes.com\/fr\/accueil\/"},{"@type":"ListItem","position":2,"name":"Rubans adh\u00e9sifs","item":"https:\/\/cardinal-tapes.com\/fr\/rubans-adhesifs-fr\/"},{"@type":"ListItem","position":3,"name":"Rubans adh\u00e9sifs simple face","item":"https:\/\/cardinal-tapes.com\/fr\/catgorie\/rubans-adhesifs-simple-face\/"},{"@type":"ListItem","position":4,"name":"CHR\u00ae 2285-02 Feuille de PTFE"}]},{"@type":"WebSite","@id":"https:\/\/cardinal-tapes.com\/#website","url":"https:\/\/cardinal-tapes.com\/","name":"cardinal TAPES","description":"Klebetechnik aus Wuppertal","potentialAction":[{"@type":"SearchAction","target":{"@type":"EntryPoint","urlTemplate":"https:\/\/cardinal-tapes.com\/?s={search_term_string}"},"query-input":{"@type":"PropertyValueSpecification","valueRequired":true,"valueName":"search_term_string"}}],"inLanguage":"fr-FR"}]}},"brands":[{"id":4050,"name":"Saint-Gobain CHR Tape","slug":"saint-gobain-performance-plastics-chr-fr"},{"id":2330,"name":"Saint-Gobain Performance Plastics","slug":"saint-gobain-fr"}],"_links":{"self":[{"href":"https:\/\/cardinal-tapes.com\/fr\/wp-json\/wp\/v2\/product\/48603","targetHints":{"allow":["GET"]}}],"collection":[{"href":"https:\/\/cardinal-tapes.com\/fr\/wp-json\/wp\/v2\/product"}],"about":[{"href":"https:\/\/cardinal-tapes.com\/fr\/wp-json\/wp\/v2\/types\/product"}],"wp:featuredmedia":[{"embeddable":true,"href":"https:\/\/cardinal-tapes.com\/fr\/wp-json\/wp\/v2\/media\/28484"}],"wp:attachment":[{"href":"https:\/\/cardinal-tapes.com\/fr\/wp-json\/wp\/v2\/media?parent=48603"}],"wp:term":[{"taxonomy":"pwb-brand","embeddable":true,"href":"https:\/\/cardinal-tapes.com\/fr\/wp-json\/wp\/v2\/pwb-brand?post=48603"},{"taxonomy":"product_brand","embeddable":true,"href":"https:\/\/cardinal-tapes.com\/fr\/wp-json\/wp\/v2\/product_brand?post=48603"},{"taxonomy":"product_cat","embeddable":true,"href":"https:\/\/cardinal-tapes.com\/fr\/wp-json\/wp\/v2\/product_cat?post=48603"},{"taxonomy":"product_tag","embeddable":true,"href":"https:\/\/cardinal-tapes.com\/fr\/wp-json\/wp\/v2\/product_tag?post=48603"}],"curies":[{"name":"wp","href":"https:\/\/api.w.org\/{rel}","templated":true}]}}