{"id":48600,"date":"2020-11-25T09:01:39","date_gmt":"2023-06-05T15:06:19","guid":{"rendered":"https:\/\/cardinal.pixel-tal.de\/klebebaender\/non class\u00e9\/chr-2255-05-feuille-de-ptfe\/"},"modified":"2023-06-05T17:06:19","modified_gmt":"2023-06-05T15:06:19","slug":"chr-2255-05-ptfe-beschichtetes-gewebe","status":"publish","type":"product","link":"https:\/\/cardinal-tapes.com\/fr\/rubans-adh\u00e9sifs\/rubans-adhesifs-simple-face\/chr-2255-05-ptfe-beschichtetes-gewebe\/","title":{"rendered":"CHR\u00ae 2255-05 Feuille de PTFE"},"content":{"rendered":"<p>Le CHR\u00ae 2255 est fabriqu\u00e9 \u00e0 partir d&#8217;un film PTFE haut module recouvert d&#8217;un adh\u00e9sif silicone r\u00e9sistant \u00e0 la temp\u00e9rature.<\/p>\n<p>Il convient de souligner, entre autres, les propri\u00e9t\u00e9s non conductrices et la r\u00e9sistance \u00e0 la traction du CHR 2255, qui en font un ruban isolant particuli\u00e8rement robuste. Le site<br \/>\nla r\u00e9sistance exceptionnelle \u00e0 la chaleur du PTFE et de l&#8217;adh\u00e9sif silicone permet une utilisation \u00e0 des temp\u00e9ratures \u00e9lev\u00e9es et constantes.<\/p>\n","protected":false},"excerpt":{"rendered":"<p>Le CHR\u00ae 2255 est fabriqu\u00e9 \u00e0 partir d&#8217;un film PTFE haut module recouvert d&#8217;un adh\u00e9sif silicone r\u00e9sistant \u00e0 la temp\u00e9rature. Il convient de souligner, entre autres, les propri\u00e9t\u00e9s non conductrices et la r\u00e9sistance \u00e0 la traction du CHR 2255, qui en font un ruban isolant particuli\u00e8rement robuste. Le site la r\u00e9sistance exceptionnelle \u00e0 la chaleur [&hellip;]<\/p>\n","protected":false},"featured_media":28472,"template":"","meta":{"_acf_changed":false},"pwb-brand":[4050,2330],"product_brand":[],"product_cat":[1836],"product_tag":[],"class_list":{"0":"post-48600","1":"product","2":"type-product","3":"status-publish","4":"has-post-thumbnail","6":"pwb-brand-saint-gobain-performance-plastics-chr-fr","7":"pwb-brand-saint-gobain-fr","8":"product_cat-rubans-adhesifs-simple-face","10":"first","11":"instock","12":"taxable","13":"shipping-taxable","14":"product-type-variable"},"acf":[],"yoast_head":"<!-- This site is optimized with the Yoast SEO plugin v27.3 - https:\/\/yoast.com\/product\/yoast-seo-wordpress\/ -->\n<title>CHR\u00ae 2255-05 Film PTFE | Cardinal TAPES<\/title>\n<meta name=\"description\" content=\"Le CHR\u00ae 2255 est fabriqu\u00e9 \u00e0 partir d&#039;un film PTFE haut module recouvert d&#039;un adh\u00e9sif silicone r\u00e9sistant \u00e0 la temp\u00e9rature.\" \/>\n<meta name=\"robots\" content=\"index, follow, max-snippet:-1, max-image-preview:large, max-video-preview:-1\" \/>\n<link rel=\"canonical\" href=\"https:\/\/cardinal-tapes.com\/fr\/rubans-adh\u00e9sifs\/rubans-adhesifs-simple-face\/chr-2255-05-ptfe-beschichtetes-gewebe\/\" \/>\n<meta property=\"og:locale\" content=\"fr_FR\" \/>\n<meta property=\"og:type\" content=\"article\" \/>\n<meta property=\"og:title\" content=\"CHR\u00ae 2255-05 Film PTFE | Cardinal TAPES\" \/>\n<meta property=\"og:description\" content=\"Le CHR\u00ae 2255 est fabriqu\u00e9 \u00e0 partir d&#039;un film PTFE haut module recouvert d&#039;un adh\u00e9sif silicone r\u00e9sistant \u00e0 la temp\u00e9rature.\" \/>\n<meta property=\"og:url\" content=\"https:\/\/cardinal-tapes.com\/fr\/rubans-adh\u00e9sifs\/rubans-adhesifs-simple-face\/chr-2255-05-ptfe-beschichtetes-gewebe\/\" \/>\n<meta property=\"og:site_name\" content=\"cardinal TAPES\" \/>\n<meta property=\"og:image\" content=\"https:\/\/cardinal-tapes.com\/wp-content\/uploads\/2255.png\" \/>\n\t<meta property=\"og:image:width\" content=\"260\" \/>\n\t<meta property=\"og:image:height\" content=\"260\" \/>\n\t<meta property=\"og:image:type\" content=\"image\/png\" \/>\n<meta name=\"twitter:card\" content=\"summary_large_image\" \/>\n<script type=\"application\/ld+json\" class=\"yoast-schema-graph\">{\"@context\":\"https:\\\/\\\/schema.org\",\"@graph\":[{\"@type\":\"WebPage\",\"@id\":\"https:\\\/\\\/cardinal-tapes.com\\\/fr\\\/rubans-adh\u00e9sifs\\\/rubans-adhesifs-simple-face\\\/chr-2255-05-ptfe-beschichtetes-gewebe\\\/\",\"url\":\"https:\\\/\\\/cardinal-tapes.com\\\/fr\\\/rubans-adh\u00e9sifs\\\/rubans-adhesifs-simple-face\\\/chr-2255-05-ptfe-beschichtetes-gewebe\\\/\",\"name\":\"CHR\u00ae 2255-05 Film PTFE | Cardinal TAPES\",\"isPartOf\":{\"@id\":\"https:\\\/\\\/cardinal-tapes.com\\\/#website\"},\"primaryImageOfPage\":{\"@id\":\"https:\\\/\\\/cardinal-tapes.com\\\/fr\\\/rubans-adh\u00e9sifs\\\/rubans-adhesifs-simple-face\\\/chr-2255-05-ptfe-beschichtetes-gewebe\\\/#primaryimage\"},\"image\":{\"@id\":\"https:\\\/\\\/cardinal-tapes.com\\\/fr\\\/rubans-adh\u00e9sifs\\\/rubans-adhesifs-simple-face\\\/chr-2255-05-ptfe-beschichtetes-gewebe\\\/#primaryimage\"},\"thumbnailUrl\":\"https:\\\/\\\/cardinal-tapes.com\\\/wp-content\\\/uploads\\\/2255.png\",\"datePublished\":\"2023-06-05T15:06:19+00:00\",\"description\":\"Le CHR\u00ae 2255 est fabriqu\u00e9 \u00e0 partir d'un film PTFE haut module recouvert d'un adh\u00e9sif silicone r\u00e9sistant \u00e0 la temp\u00e9rature.\",\"breadcrumb\":{\"@id\":\"https:\\\/\\\/cardinal-tapes.com\\\/fr\\\/rubans-adh\u00e9sifs\\\/rubans-adhesifs-simple-face\\\/chr-2255-05-ptfe-beschichtetes-gewebe\\\/#breadcrumb\"},\"inLanguage\":\"fr-FR\",\"potentialAction\":[{\"@type\":\"ReadAction\",\"target\":[\"https:\\\/\\\/cardinal-tapes.com\\\/fr\\\/rubans-adh\u00e9sifs\\\/rubans-adhesifs-simple-face\\\/chr-2255-05-ptfe-beschichtetes-gewebe\\\/\"]}]},{\"@type\":\"ImageObject\",\"inLanguage\":\"fr-FR\",\"@id\":\"https:\\\/\\\/cardinal-tapes.com\\\/fr\\\/rubans-adh\u00e9sifs\\\/rubans-adhesifs-simple-face\\\/chr-2255-05-ptfe-beschichtetes-gewebe\\\/#primaryimage\",\"url\":\"https:\\\/\\\/cardinal-tapes.com\\\/wp-content\\\/uploads\\\/2255.png\",\"contentUrl\":\"https:\\\/\\\/cardinal-tapes.com\\\/wp-content\\\/uploads\\\/2255.png\",\"width\":260,\"height\":260},{\"@type\":\"BreadcrumbList\",\"@id\":\"https:\\\/\\\/cardinal-tapes.com\\\/fr\\\/rubans-adh\u00e9sifs\\\/rubans-adhesifs-simple-face\\\/chr-2255-05-ptfe-beschichtetes-gewebe\\\/#breadcrumb\",\"itemListElement\":[{\"@type\":\"ListItem\",\"position\":1,\"name\":\"Startseite\",\"item\":\"https:\\\/\\\/cardinal-tapes.com\\\/fr\\\/accueil\\\/\"},{\"@type\":\"ListItem\",\"position\":2,\"name\":\"Rubans adh\u00e9sifs\",\"item\":\"https:\\\/\\\/cardinal-tapes.com\\\/fr\\\/rubans-adhesifs-fr\\\/\"},{\"@type\":\"ListItem\",\"position\":3,\"name\":\"Rubans adh\u00e9sifs simple face\",\"item\":\"https:\\\/\\\/cardinal-tapes.com\\\/fr\\\/catgorie\\\/rubans-adhesifs-simple-face\\\/\"},{\"@type\":\"ListItem\",\"position\":4,\"name\":\"CHR\u00ae 2255-05 Feuille de PTFE\"}]},{\"@type\":\"WebSite\",\"@id\":\"https:\\\/\\\/cardinal-tapes.com\\\/#website\",\"url\":\"https:\\\/\\\/cardinal-tapes.com\\\/\",\"name\":\"cardinal TAPES\",\"description\":\"Klebetechnik aus Wuppertal\",\"potentialAction\":[{\"@type\":\"SearchAction\",\"target\":{\"@type\":\"EntryPoint\",\"urlTemplate\":\"https:\\\/\\\/cardinal-tapes.com\\\/?s={search_term_string}\"},\"query-input\":{\"@type\":\"PropertyValueSpecification\",\"valueRequired\":true,\"valueName\":\"search_term_string\"}}],\"inLanguage\":\"fr-FR\"}]}<\/script>\n<!-- \/ Yoast SEO plugin. -->","yoast_head_json":{"title":"CHR\u00ae 2255-05 Film PTFE | Cardinal TAPES","description":"Le CHR\u00ae 2255 est fabriqu\u00e9 \u00e0 partir d'un film PTFE haut module recouvert d'un adh\u00e9sif silicone r\u00e9sistant \u00e0 la temp\u00e9rature.","robots":{"index":"index","follow":"follow","max-snippet":"max-snippet:-1","max-image-preview":"max-image-preview:large","max-video-preview":"max-video-preview:-1"},"canonical":"https:\/\/cardinal-tapes.com\/fr\/rubans-adh\u00e9sifs\/rubans-adhesifs-simple-face\/chr-2255-05-ptfe-beschichtetes-gewebe\/","og_locale":"fr_FR","og_type":"article","og_title":"CHR\u00ae 2255-05 Film PTFE | Cardinal TAPES","og_description":"Le CHR\u00ae 2255 est fabriqu\u00e9 \u00e0 partir d'un film PTFE haut module recouvert d'un adh\u00e9sif silicone r\u00e9sistant \u00e0 la temp\u00e9rature.","og_url":"https:\/\/cardinal-tapes.com\/fr\/rubans-adh\u00e9sifs\/rubans-adhesifs-simple-face\/chr-2255-05-ptfe-beschichtetes-gewebe\/","og_site_name":"cardinal TAPES","og_image":[{"width":260,"height":260,"url":"https:\/\/cardinal-tapes.com\/wp-content\/uploads\/2255.png","type":"image\/png"}],"twitter_card":"summary_large_image","schema":{"@context":"https:\/\/schema.org","@graph":[{"@type":"WebPage","@id":"https:\/\/cardinal-tapes.com\/fr\/rubans-adh\u00e9sifs\/rubans-adhesifs-simple-face\/chr-2255-05-ptfe-beschichtetes-gewebe\/","url":"https:\/\/cardinal-tapes.com\/fr\/rubans-adh\u00e9sifs\/rubans-adhesifs-simple-face\/chr-2255-05-ptfe-beschichtetes-gewebe\/","name":"CHR\u00ae 2255-05 Film PTFE | Cardinal TAPES","isPartOf":{"@id":"https:\/\/cardinal-tapes.com\/#website"},"primaryImageOfPage":{"@id":"https:\/\/cardinal-tapes.com\/fr\/rubans-adh\u00e9sifs\/rubans-adhesifs-simple-face\/chr-2255-05-ptfe-beschichtetes-gewebe\/#primaryimage"},"image":{"@id":"https:\/\/cardinal-tapes.com\/fr\/rubans-adh\u00e9sifs\/rubans-adhesifs-simple-face\/chr-2255-05-ptfe-beschichtetes-gewebe\/#primaryimage"},"thumbnailUrl":"https:\/\/cardinal-tapes.com\/wp-content\/uploads\/2255.png","datePublished":"2023-06-05T15:06:19+00:00","description":"Le CHR\u00ae 2255 est fabriqu\u00e9 \u00e0 partir d'un film PTFE haut module recouvert d'un adh\u00e9sif silicone r\u00e9sistant \u00e0 la temp\u00e9rature.","breadcrumb":{"@id":"https:\/\/cardinal-tapes.com\/fr\/rubans-adh\u00e9sifs\/rubans-adhesifs-simple-face\/chr-2255-05-ptfe-beschichtetes-gewebe\/#breadcrumb"},"inLanguage":"fr-FR","potentialAction":[{"@type":"ReadAction","target":["https:\/\/cardinal-tapes.com\/fr\/rubans-adh\u00e9sifs\/rubans-adhesifs-simple-face\/chr-2255-05-ptfe-beschichtetes-gewebe\/"]}]},{"@type":"ImageObject","inLanguage":"fr-FR","@id":"https:\/\/cardinal-tapes.com\/fr\/rubans-adh\u00e9sifs\/rubans-adhesifs-simple-face\/chr-2255-05-ptfe-beschichtetes-gewebe\/#primaryimage","url":"https:\/\/cardinal-tapes.com\/wp-content\/uploads\/2255.png","contentUrl":"https:\/\/cardinal-tapes.com\/wp-content\/uploads\/2255.png","width":260,"height":260},{"@type":"BreadcrumbList","@id":"https:\/\/cardinal-tapes.com\/fr\/rubans-adh\u00e9sifs\/rubans-adhesifs-simple-face\/chr-2255-05-ptfe-beschichtetes-gewebe\/#breadcrumb","itemListElement":[{"@type":"ListItem","position":1,"name":"Startseite","item":"https:\/\/cardinal-tapes.com\/fr\/accueil\/"},{"@type":"ListItem","position":2,"name":"Rubans adh\u00e9sifs","item":"https:\/\/cardinal-tapes.com\/fr\/rubans-adhesifs-fr\/"},{"@type":"ListItem","position":3,"name":"Rubans adh\u00e9sifs simple face","item":"https:\/\/cardinal-tapes.com\/fr\/catgorie\/rubans-adhesifs-simple-face\/"},{"@type":"ListItem","position":4,"name":"CHR\u00ae 2255-05 Feuille de PTFE"}]},{"@type":"WebSite","@id":"https:\/\/cardinal-tapes.com\/#website","url":"https:\/\/cardinal-tapes.com\/","name":"cardinal TAPES","description":"Klebetechnik aus Wuppertal","potentialAction":[{"@type":"SearchAction","target":{"@type":"EntryPoint","urlTemplate":"https:\/\/cardinal-tapes.com\/?s={search_term_string}"},"query-input":{"@type":"PropertyValueSpecification","valueRequired":true,"valueName":"search_term_string"}}],"inLanguage":"fr-FR"}]}},"brands":[{"id":4050,"name":"Saint-Gobain CHR Tape","slug":"saint-gobain-performance-plastics-chr-fr"},{"id":2330,"name":"Saint-Gobain Performance Plastics","slug":"saint-gobain-fr"}],"_links":{"self":[{"href":"https:\/\/cardinal-tapes.com\/fr\/wp-json\/wp\/v2\/product\/48600","targetHints":{"allow":["GET"]}}],"collection":[{"href":"https:\/\/cardinal-tapes.com\/fr\/wp-json\/wp\/v2\/product"}],"about":[{"href":"https:\/\/cardinal-tapes.com\/fr\/wp-json\/wp\/v2\/types\/product"}],"wp:featuredmedia":[{"embeddable":true,"href":"https:\/\/cardinal-tapes.com\/fr\/wp-json\/wp\/v2\/media\/28472"}],"wp:attachment":[{"href":"https:\/\/cardinal-tapes.com\/fr\/wp-json\/wp\/v2\/media?parent=48600"}],"wp:term":[{"taxonomy":"pwb-brand","embeddable":true,"href":"https:\/\/cardinal-tapes.com\/fr\/wp-json\/wp\/v2\/pwb-brand?post=48600"},{"taxonomy":"product_brand","embeddable":true,"href":"https:\/\/cardinal-tapes.com\/fr\/wp-json\/wp\/v2\/product_brand?post=48600"},{"taxonomy":"product_cat","embeddable":true,"href":"https:\/\/cardinal-tapes.com\/fr\/wp-json\/wp\/v2\/product_cat?post=48600"},{"taxonomy":"product_tag","embeddable":true,"href":"https:\/\/cardinal-tapes.com\/fr\/wp-json\/wp\/v2\/product_tag?post=48600"}],"curies":[{"name":"wp","href":"https:\/\/api.w.org\/{rel}","templated":true}]}}