{"id":48029,"date":"2018-03-27T15:51:52","date_gmt":"2023-06-05T15:05:01","guid":{"rendered":"https:\/\/cardinal.pixel-tal.de\/klebebaender\/non class\u00e9\/ca-994-ruban-adhesif-en-mousse-pe\/"},"modified":"2023-06-05T17:05:01","modified_gmt":"2023-06-05T15:05:01","slug":"ca-994-pe-bande-adhesive-mousse-xx","status":"publish","type":"product","link":"https:\/\/cardinal-tapes.com\/fr\/rubans-adh\u00e9sifs\/rubans-adhesifs-simple-face\/ca-994-pe-bande-adhesive-mousse-xx\/","title":{"rendered":"CA-994 Ruban adh\u00e9sif en mousse PE"},"content":{"rendered":"<p class=\"Default\"><span style=\"font-size: 9.0pt;\">Le syst\u00e8me de colle hotmelt est particuli\u00e8rement adapt\u00e9 aux applications qui exigent une force adh\u00e9sive initiale tr\u00e8s forte. La surface en mousse r\u00e9ticul\u00e9e \u00e0 cellules ferm\u00e9es garantit un ancrage s\u00fbr du film auto-adh\u00e9sif, de sorte qu&#8217;en cas de charge m\u00e9canique, la r\u00e9partition des forces est optimale. Le film de protection facile \u00e0 poser garantit une pose rapide et confortable de la bande adh\u00e9sive en mousse.<\/span><\/p>\n","protected":false},"excerpt":{"rendered":"<p>Le syst\u00e8me de colle hotmelt est particuli\u00e8rement adapt\u00e9 aux applications qui exigent une force adh\u00e9sive initiale tr\u00e8s forte. La surface en mousse r\u00e9ticul\u00e9e \u00e0 cellules ferm\u00e9es garantit un ancrage s\u00fbr du film auto-adh\u00e9sif, de sorte qu&#8217;en cas de charge m\u00e9canique, la r\u00e9partition des forces est optimale. Le film de protection facile \u00e0 poser garantit une [&hellip;]<\/p>\n","protected":false},"featured_media":27188,"template":"","meta":{"_acf_changed":false},"pwb-brand":[2171],"product_brand":[],"product_cat":[1836],"product_tag":[],"class_list":{"0":"post-48029","1":"product","2":"type-product","3":"status-publish","4":"has-post-thumbnail","6":"pwb-brand-cardinal-gmbh-fr","7":"product_cat-rubans-adhesifs-simple-face","9":"first","10":"instock","11":"taxable","12":"shipping-taxable","13":"purchasable","14":"product-type-variable"},"acf":[],"yoast_head":"<!-- This site is optimized with the Yoast SEO plugin v27.3 - https:\/\/yoast.com\/product\/yoast-seo-wordpress\/ -->\n<title>CA-994 PE ruban adh\u00e9sif en mousse | Cardinal TAPES<\/title>\n<meta name=\"description\" content=\"CA-994 est un ruban adh\u00e9sif en mousse PE, et est utilis\u00e9 comme ruban adh\u00e9sif universel pour le collage, l&#039;\u00e9tanch\u00e9it\u00e9, l&#039;isolation ou l&#039;amortissement sur des surfaces lisses.\" \/>\n<meta name=\"robots\" content=\"index, follow, max-snippet:-1, max-image-preview:large, max-video-preview:-1\" \/>\n<link rel=\"canonical\" href=\"https:\/\/cardinal-tapes.com\/fr\/rubans-adh\u00e9sifs\/rubans-adhesifs-simple-face\/ca-994-pe-bande-adhesive-mousse-xx\/\" \/>\n<meta property=\"og:locale\" content=\"fr_FR\" \/>\n<meta property=\"og:type\" content=\"article\" \/>\n<meta property=\"og:title\" content=\"CA-994 PE ruban adh\u00e9sif en mousse | Cardinal TAPES\" \/>\n<meta property=\"og:description\" content=\"CA-994 est un ruban adh\u00e9sif en mousse PE, et est utilis\u00e9 comme ruban adh\u00e9sif universel pour le collage, l&#039;\u00e9tanch\u00e9it\u00e9, l&#039;isolation ou l&#039;amortissement sur des surfaces lisses.\" \/>\n<meta property=\"og:url\" content=\"https:\/\/cardinal-tapes.com\/fr\/rubans-adh\u00e9sifs\/rubans-adhesifs-simple-face\/ca-994-pe-bande-adhesive-mousse-xx\/\" \/>\n<meta property=\"og:site_name\" content=\"cardinal TAPES\" \/>\n<meta property=\"og:image\" content=\"https:\/\/cardinal-tapes.com\/wp-content\/uploads\/CA_996-2_retouched.jpg\" \/>\n\t<meta property=\"og:image:width\" content=\"1078\" \/>\n\t<meta property=\"og:image:height\" content=\"1400\" \/>\n\t<meta property=\"og:image:type\" content=\"image\/jpeg\" \/>\n<meta name=\"twitter:card\" content=\"summary_large_image\" \/>\n<script type=\"application\/ld+json\" class=\"yoast-schema-graph\">{\"@context\":\"https:\\\/\\\/schema.org\",\"@graph\":[{\"@type\":\"WebPage\",\"@id\":\"https:\\\/\\\/cardinal-tapes.com\\\/fr\\\/rubans-adh\u00e9sifs\\\/rubans-adhesifs-simple-face\\\/ca-994-pe-bande-adhesive-mousse-xx\\\/\",\"url\":\"https:\\\/\\\/cardinal-tapes.com\\\/fr\\\/rubans-adh\u00e9sifs\\\/rubans-adhesifs-simple-face\\\/ca-994-pe-bande-adhesive-mousse-xx\\\/\",\"name\":\"CA-994 PE ruban adh\u00e9sif en mousse | Cardinal TAPES\",\"isPartOf\":{\"@id\":\"https:\\\/\\\/cardinal-tapes.com\\\/#website\"},\"primaryImageOfPage\":{\"@id\":\"https:\\\/\\\/cardinal-tapes.com\\\/fr\\\/rubans-adh\u00e9sifs\\\/rubans-adhesifs-simple-face\\\/ca-994-pe-bande-adhesive-mousse-xx\\\/#primaryimage\"},\"image\":{\"@id\":\"https:\\\/\\\/cardinal-tapes.com\\\/fr\\\/rubans-adh\u00e9sifs\\\/rubans-adhesifs-simple-face\\\/ca-994-pe-bande-adhesive-mousse-xx\\\/#primaryimage\"},\"thumbnailUrl\":\"https:\\\/\\\/cardinal-tapes.com\\\/wp-content\\\/uploads\\\/CA_996-2_retouched.jpg\",\"datePublished\":\"2023-06-05T15:05:01+00:00\",\"description\":\"CA-994 est un ruban adh\u00e9sif en mousse PE, et est utilis\u00e9 comme ruban adh\u00e9sif universel pour le collage, l'\u00e9tanch\u00e9it\u00e9, l'isolation ou l'amortissement sur des surfaces lisses.\",\"breadcrumb\":{\"@id\":\"https:\\\/\\\/cardinal-tapes.com\\\/fr\\\/rubans-adh\u00e9sifs\\\/rubans-adhesifs-simple-face\\\/ca-994-pe-bande-adhesive-mousse-xx\\\/#breadcrumb\"},\"inLanguage\":\"fr-FR\",\"potentialAction\":[{\"@type\":\"ReadAction\",\"target\":[\"https:\\\/\\\/cardinal-tapes.com\\\/fr\\\/rubans-adh\u00e9sifs\\\/rubans-adhesifs-simple-face\\\/ca-994-pe-bande-adhesive-mousse-xx\\\/\"]}]},{\"@type\":\"ImageObject\",\"inLanguage\":\"fr-FR\",\"@id\":\"https:\\\/\\\/cardinal-tapes.com\\\/fr\\\/rubans-adh\u00e9sifs\\\/rubans-adhesifs-simple-face\\\/ca-994-pe-bande-adhesive-mousse-xx\\\/#primaryimage\",\"url\":\"https:\\\/\\\/cardinal-tapes.com\\\/wp-content\\\/uploads\\\/CA_996-2_retouched.jpg\",\"contentUrl\":\"https:\\\/\\\/cardinal-tapes.com\\\/wp-content\\\/uploads\\\/CA_996-2_retouched.jpg\",\"width\":1078,\"height\":1400,\"caption\":\"Ruban adh\u00e9sif CA 996\"},{\"@type\":\"BreadcrumbList\",\"@id\":\"https:\\\/\\\/cardinal-tapes.com\\\/fr\\\/rubans-adh\u00e9sifs\\\/rubans-adhesifs-simple-face\\\/ca-994-pe-bande-adhesive-mousse-xx\\\/#breadcrumb\",\"itemListElement\":[{\"@type\":\"ListItem\",\"position\":1,\"name\":\"Startseite\",\"item\":\"https:\\\/\\\/cardinal-tapes.com\\\/fr\\\/accueil\\\/\"},{\"@type\":\"ListItem\",\"position\":2,\"name\":\"Rubans adh\u00e9sifs\",\"item\":\"https:\\\/\\\/cardinal-tapes.com\\\/fr\\\/rubans-adhesifs-fr\\\/\"},{\"@type\":\"ListItem\",\"position\":3,\"name\":\"Rubans adh\u00e9sifs simple face\",\"item\":\"https:\\\/\\\/cardinal-tapes.com\\\/fr\\\/catgorie\\\/rubans-adhesifs-simple-face\\\/\"},{\"@type\":\"ListItem\",\"position\":4,\"name\":\"CA-994 Ruban adh\u00e9sif en mousse PE\"}]},{\"@type\":\"WebSite\",\"@id\":\"https:\\\/\\\/cardinal-tapes.com\\\/#website\",\"url\":\"https:\\\/\\\/cardinal-tapes.com\\\/\",\"name\":\"cardinal TAPES\",\"description\":\"Klebetechnik aus Wuppertal\",\"potentialAction\":[{\"@type\":\"SearchAction\",\"target\":{\"@type\":\"EntryPoint\",\"urlTemplate\":\"https:\\\/\\\/cardinal-tapes.com\\\/?s={search_term_string}\"},\"query-input\":{\"@type\":\"PropertyValueSpecification\",\"valueRequired\":true,\"valueName\":\"search_term_string\"}}],\"inLanguage\":\"fr-FR\"}]}<\/script>\n<!-- \/ Yoast SEO plugin. -->","yoast_head_json":{"title":"CA-994 PE ruban adh\u00e9sif en mousse | Cardinal TAPES","description":"CA-994 est un ruban adh\u00e9sif en mousse PE, et est utilis\u00e9 comme ruban adh\u00e9sif universel pour le collage, l'\u00e9tanch\u00e9it\u00e9, l'isolation ou l'amortissement sur des surfaces lisses.","robots":{"index":"index","follow":"follow","max-snippet":"max-snippet:-1","max-image-preview":"max-image-preview:large","max-video-preview":"max-video-preview:-1"},"canonical":"https:\/\/cardinal-tapes.com\/fr\/rubans-adh\u00e9sifs\/rubans-adhesifs-simple-face\/ca-994-pe-bande-adhesive-mousse-xx\/","og_locale":"fr_FR","og_type":"article","og_title":"CA-994 PE ruban adh\u00e9sif en mousse | Cardinal TAPES","og_description":"CA-994 est un ruban adh\u00e9sif en mousse PE, et est utilis\u00e9 comme ruban adh\u00e9sif universel pour le collage, l'\u00e9tanch\u00e9it\u00e9, l'isolation ou l'amortissement sur des surfaces lisses.","og_url":"https:\/\/cardinal-tapes.com\/fr\/rubans-adh\u00e9sifs\/rubans-adhesifs-simple-face\/ca-994-pe-bande-adhesive-mousse-xx\/","og_site_name":"cardinal TAPES","og_image":[{"width":1078,"height":1400,"url":"https:\/\/cardinal-tapes.com\/wp-content\/uploads\/CA_996-2_retouched.jpg","type":"image\/jpeg"}],"twitter_card":"summary_large_image","schema":{"@context":"https:\/\/schema.org","@graph":[{"@type":"WebPage","@id":"https:\/\/cardinal-tapes.com\/fr\/rubans-adh\u00e9sifs\/rubans-adhesifs-simple-face\/ca-994-pe-bande-adhesive-mousse-xx\/","url":"https:\/\/cardinal-tapes.com\/fr\/rubans-adh\u00e9sifs\/rubans-adhesifs-simple-face\/ca-994-pe-bande-adhesive-mousse-xx\/","name":"CA-994 PE ruban adh\u00e9sif en mousse | Cardinal TAPES","isPartOf":{"@id":"https:\/\/cardinal-tapes.com\/#website"},"primaryImageOfPage":{"@id":"https:\/\/cardinal-tapes.com\/fr\/rubans-adh\u00e9sifs\/rubans-adhesifs-simple-face\/ca-994-pe-bande-adhesive-mousse-xx\/#primaryimage"},"image":{"@id":"https:\/\/cardinal-tapes.com\/fr\/rubans-adh\u00e9sifs\/rubans-adhesifs-simple-face\/ca-994-pe-bande-adhesive-mousse-xx\/#primaryimage"},"thumbnailUrl":"https:\/\/cardinal-tapes.com\/wp-content\/uploads\/CA_996-2_retouched.jpg","datePublished":"2023-06-05T15:05:01+00:00","description":"CA-994 est un ruban adh\u00e9sif en mousse PE, et est utilis\u00e9 comme ruban adh\u00e9sif universel pour le collage, l'\u00e9tanch\u00e9it\u00e9, l'isolation ou l'amortissement sur des surfaces lisses.","breadcrumb":{"@id":"https:\/\/cardinal-tapes.com\/fr\/rubans-adh\u00e9sifs\/rubans-adhesifs-simple-face\/ca-994-pe-bande-adhesive-mousse-xx\/#breadcrumb"},"inLanguage":"fr-FR","potentialAction":[{"@type":"ReadAction","target":["https:\/\/cardinal-tapes.com\/fr\/rubans-adh\u00e9sifs\/rubans-adhesifs-simple-face\/ca-994-pe-bande-adhesive-mousse-xx\/"]}]},{"@type":"ImageObject","inLanguage":"fr-FR","@id":"https:\/\/cardinal-tapes.com\/fr\/rubans-adh\u00e9sifs\/rubans-adhesifs-simple-face\/ca-994-pe-bande-adhesive-mousse-xx\/#primaryimage","url":"https:\/\/cardinal-tapes.com\/wp-content\/uploads\/CA_996-2_retouched.jpg","contentUrl":"https:\/\/cardinal-tapes.com\/wp-content\/uploads\/CA_996-2_retouched.jpg","width":1078,"height":1400,"caption":"Ruban adh\u00e9sif CA 996"},{"@type":"BreadcrumbList","@id":"https:\/\/cardinal-tapes.com\/fr\/rubans-adh\u00e9sifs\/rubans-adhesifs-simple-face\/ca-994-pe-bande-adhesive-mousse-xx\/#breadcrumb","itemListElement":[{"@type":"ListItem","position":1,"name":"Startseite","item":"https:\/\/cardinal-tapes.com\/fr\/accueil\/"},{"@type":"ListItem","position":2,"name":"Rubans adh\u00e9sifs","item":"https:\/\/cardinal-tapes.com\/fr\/rubans-adhesifs-fr\/"},{"@type":"ListItem","position":3,"name":"Rubans adh\u00e9sifs simple face","item":"https:\/\/cardinal-tapes.com\/fr\/catgorie\/rubans-adhesifs-simple-face\/"},{"@type":"ListItem","position":4,"name":"CA-994 Ruban adh\u00e9sif en mousse PE"}]},{"@type":"WebSite","@id":"https:\/\/cardinal-tapes.com\/#website","url":"https:\/\/cardinal-tapes.com\/","name":"cardinal TAPES","description":"Klebetechnik aus Wuppertal","potentialAction":[{"@type":"SearchAction","target":{"@type":"EntryPoint","urlTemplate":"https:\/\/cardinal-tapes.com\/?s={search_term_string}"},"query-input":{"@type":"PropertyValueSpecification","valueRequired":true,"valueName":"search_term_string"}}],"inLanguage":"fr-FR"}]}},"brands":[{"id":2171,"name":"cardinal GmbH","slug":"cardinal-gmbh-fr"}],"_links":{"self":[{"href":"https:\/\/cardinal-tapes.com\/fr\/wp-json\/wp\/v2\/product\/48029","targetHints":{"allow":["GET"]}}],"collection":[{"href":"https:\/\/cardinal-tapes.com\/fr\/wp-json\/wp\/v2\/product"}],"about":[{"href":"https:\/\/cardinal-tapes.com\/fr\/wp-json\/wp\/v2\/types\/product"}],"wp:featuredmedia":[{"embeddable":true,"href":"https:\/\/cardinal-tapes.com\/fr\/wp-json\/wp\/v2\/media\/27188"}],"wp:attachment":[{"href":"https:\/\/cardinal-tapes.com\/fr\/wp-json\/wp\/v2\/media?parent=48029"}],"wp:term":[{"taxonomy":"pwb-brand","embeddable":true,"href":"https:\/\/cardinal-tapes.com\/fr\/wp-json\/wp\/v2\/pwb-brand?post=48029"},{"taxonomy":"product_brand","embeddable":true,"href":"https:\/\/cardinal-tapes.com\/fr\/wp-json\/wp\/v2\/product_brand?post=48029"},{"taxonomy":"product_cat","embeddable":true,"href":"https:\/\/cardinal-tapes.com\/fr\/wp-json\/wp\/v2\/product_cat?post=48029"},{"taxonomy":"product_tag","embeddable":true,"href":"https:\/\/cardinal-tapes.com\/fr\/wp-json\/wp\/v2\/product_tag?post=48029"}],"curies":[{"name":"wp","href":"https:\/\/api.w.org\/{rel}","templated":true}]}}