{"id":47904,"date":"2018-04-17T13:28:12","date_gmt":"2018-04-17T11:28:12","guid":{"rendered":"https:\/\/cardinal.pixel-tal.de\/klebebaender\/non%20class\u00e9\/3m-ruban-adhesif-de-transfert-467-mp\/"},"modified":"2025-07-02T14:30:43","modified_gmt":"2025-07-02T12:30:43","slug":"3m-467-mp-transfert-ruban-adhesif","status":"publish","type":"product","link":"https:\/\/cardinal-tapes.com\/fr\/rubans-adh\u00e9sifs\/domaines-dapplication\/industrie-electrique\/3m-467-mp-transfert-ruban-adhesif\/","title":{"rendered":"3M\u2122 Ruban adh\u00e9sif de transfert 467 MP"},"content":{"rendered":"<p>L&#8217;adh\u00e9sif acrylique haute performance 200MP de 3M\u2122 est utilis\u00e9 de pr\u00e9f\u00e9rence pour les applications graphiques ainsi que dans le domaine industriel. Lorsqu&#8217;il est utilis\u00e9 sur des mati\u00e8res plastiques, cet adh\u00e9sif permet un repositionnement initial du collage.<\/p>\n<p><strong>Caract\u00e9ristiques<\/strong><br \/>\nLes rubans transfert 3M\u2122 467 MP de la s\u00e9rie d&#8217;adh\u00e9sifs 200MP se caract\u00e9risent par une bonne r\u00e9sistance aux produits chimiques et \u00e0 l&#8217;humidit\u00e9, une r\u00e9sistance au cisaillement, une tr\u00e8s grande transparence et une r\u00e9sistance aux UV et au vieillissement. De plus, les rubans 3M 467 MP peuvent \u00e9galement \u00eatre utilis\u00e9s dans une large plage de temp\u00e9ratures. Celui-ci s&#8217;\u00e9tend de -40\u00b0C \u00e0 +140\u00b0C (jusqu&#8217;\u00e0 +200\u00b0C sur une courte p\u00e9riode).<\/p>\n<p><strong>Applications<\/strong><br \/>\n&#8211; Collage de faces avant et de claviers \u00e0 membrane<br \/>\n&#8211; Equipement autocollant de panneaux, d&#8217;embl\u00e8mes et de d\u00e9corations<\/p>\n","protected":false},"excerpt":{"rendered":"<p>L&#8217;adh\u00e9sif acrylique haute performance 200MP de 3M\u2122 est utilis\u00e9 de pr\u00e9f\u00e9rence pour les applications graphiques ainsi que dans le domaine industriel. Lorsqu&#8217;il est utilis\u00e9 sur des mati\u00e8res plastiques, cet adh\u00e9sif permet un repositionnement initial du collage. Caract\u00e9ristiques Les rubans transfert 3M\u2122 467 MP de la s\u00e9rie d&#8217;adh\u00e9sifs 200MP se caract\u00e9risent par une bonne r\u00e9sistance aux [&hellip;]<\/p>\n","protected":false},"featured_media":26796,"template":"","meta":{"_acf_changed":false},"pwb-brand":[2167],"product_brand":[],"product_cat":[1673,1768,1771,1834],"product_tag":[],"class_list":{"0":"post-47904","1":"product","2":"type-product","3":"status-publish","4":"has-post-thumbnail","6":"pwb-brand-3m-fr","7":"product_cat-industrie-electrique","8":"product_cat-acier-et-verre","9":"product_cat-ruban-adhesif-de-transfert","10":"product_cat-rubans-adhesifs-double-face","12":"first","13":"instock","14":"taxable","15":"shipping-taxable","16":"purchasable","17":"product-type-variable"},"acf":[],"yoast_head":"<!-- This site is optimized with the Yoast SEO plugin v27.3 - https:\/\/yoast.com\/product\/yoast-seo-wordpress\/ -->\n<title>3M\u2122 Ruban adh\u00e9sif de transfert 467 MP | Cardinal TAPES<\/title>\n<meta name=\"description\" content=\"Les rubans adh\u00e9sifs de transfert 3M 467 MP de la s\u00e9rie d&#039;adh\u00e9sifs 200MP se caract\u00e9risent par une bonne r\u00e9sistance aux produits chimiques, une bonne r\u00e9sistance au cisaillement et bien plus encore.\" \/>\n<meta name=\"robots\" content=\"index, follow, max-snippet:-1, max-image-preview:large, max-video-preview:-1\" \/>\n<link rel=\"canonical\" href=\"https:\/\/cardinal-tapes.com\/fr\/rubans-adh\u00e9sifs\/domaines-dapplication\/industrie-electrique\/3m-467-mp-transfert-ruban-adhesif\/\" \/>\n<meta property=\"og:locale\" content=\"fr_FR\" \/>\n<meta property=\"og:type\" content=\"article\" \/>\n<meta property=\"og:title\" content=\"3M\u2122 Ruban adh\u00e9sif de transfert 467 MP | Cardinal TAPES\" \/>\n<meta property=\"og:description\" content=\"Les rubans adh\u00e9sifs de transfert 3M 467 MP de la s\u00e9rie d&#039;adh\u00e9sifs 200MP se caract\u00e9risent par une bonne r\u00e9sistance aux produits chimiques, une bonne r\u00e9sistance au cisaillement et bien plus encore.\" \/>\n<meta property=\"og:url\" content=\"https:\/\/cardinal-tapes.com\/fr\/rubans-adh\u00e9sifs\/domaines-dapplication\/industrie-electrique\/3m-467-mp-transfert-ruban-adhesif\/\" \/>\n<meta property=\"og:site_name\" content=\"cardinal TAPES\" \/>\n<meta property=\"article:modified_time\" content=\"2025-07-02T12:30:43+00:00\" \/>\n<meta property=\"og:image\" content=\"https:\/\/cardinal-tapes.com\/wp-content\/uploads\/3m-467mp-klebstoffserie-200mp-scaled.jpg\" \/>\n\t<meta property=\"og:image:width\" content=\"2560\" \/>\n\t<meta property=\"og:image:height\" content=\"1707\" \/>\n\t<meta property=\"og:image:type\" content=\"image\/jpeg\" \/>\n<meta name=\"twitter:card\" content=\"summary_large_image\" \/>\n<meta name=\"twitter:label1\" content=\"Dur\u00e9e de lecture estim\u00e9e\" \/>\n\t<meta name=\"twitter:data1\" content=\"1 minute\" \/>\n<script type=\"application\/ld+json\" class=\"yoast-schema-graph\">{\"@context\":\"https:\\\/\\\/schema.org\",\"@graph\":[{\"@type\":\"WebPage\",\"@id\":\"https:\\\/\\\/cardinal-tapes.com\\\/fr\\\/rubans-adh\u00e9sifs\\\/domaines-dapplication\\\/industrie-electrique\\\/3m-467-mp-transfert-ruban-adhesif\\\/\",\"url\":\"https:\\\/\\\/cardinal-tapes.com\\\/fr\\\/rubans-adh\u00e9sifs\\\/domaines-dapplication\\\/industrie-electrique\\\/3m-467-mp-transfert-ruban-adhesif\\\/\",\"name\":\"3M\u2122 Ruban adh\u00e9sif de transfert 467 MP | Cardinal TAPES\",\"isPartOf\":{\"@id\":\"https:\\\/\\\/cardinal-tapes.com\\\/#website\"},\"primaryImageOfPage\":{\"@id\":\"https:\\\/\\\/cardinal-tapes.com\\\/fr\\\/rubans-adh\u00e9sifs\\\/domaines-dapplication\\\/industrie-electrique\\\/3m-467-mp-transfert-ruban-adhesif\\\/#primaryimage\"},\"image\":{\"@id\":\"https:\\\/\\\/cardinal-tapes.com\\\/fr\\\/rubans-adh\u00e9sifs\\\/domaines-dapplication\\\/industrie-electrique\\\/3m-467-mp-transfert-ruban-adhesif\\\/#primaryimage\"},\"thumbnailUrl\":\"https:\\\/\\\/cardinal-tapes.com\\\/wp-content\\\/uploads\\\/3m-467mp-klebstoffserie-200mp-scaled.jpg\",\"datePublished\":\"2018-04-17T11:28:12+00:00\",\"dateModified\":\"2025-07-02T12:30:43+00:00\",\"description\":\"Les rubans adh\u00e9sifs de transfert 3M 467 MP de la s\u00e9rie d'adh\u00e9sifs 200MP se caract\u00e9risent par une bonne r\u00e9sistance aux produits chimiques, une bonne r\u00e9sistance au cisaillement et bien plus encore.\",\"breadcrumb\":{\"@id\":\"https:\\\/\\\/cardinal-tapes.com\\\/fr\\\/rubans-adh\u00e9sifs\\\/domaines-dapplication\\\/industrie-electrique\\\/3m-467-mp-transfert-ruban-adhesif\\\/#breadcrumb\"},\"inLanguage\":\"fr-FR\",\"potentialAction\":[{\"@type\":\"ReadAction\",\"target\":[\"https:\\\/\\\/cardinal-tapes.com\\\/fr\\\/rubans-adh\u00e9sifs\\\/domaines-dapplication\\\/industrie-electrique\\\/3m-467-mp-transfert-ruban-adhesif\\\/\"]}]},{\"@type\":\"ImageObject\",\"inLanguage\":\"fr-FR\",\"@id\":\"https:\\\/\\\/cardinal-tapes.com\\\/fr\\\/rubans-adh\u00e9sifs\\\/domaines-dapplication\\\/industrie-electrique\\\/3m-467-mp-transfert-ruban-adhesif\\\/#primaryimage\",\"url\":\"https:\\\/\\\/cardinal-tapes.com\\\/wp-content\\\/uploads\\\/3m-467mp-klebstoffserie-200mp-scaled.jpg\",\"contentUrl\":\"https:\\\/\\\/cardinal-tapes.com\\\/wp-content\\\/uploads\\\/3m-467mp-klebstoffserie-200mp-scaled.jpg\",\"width\":2560,\"height\":1707,\"caption\":\"3m-467mp-klebstoffserie-200mp\"},{\"@type\":\"BreadcrumbList\",\"@id\":\"https:\\\/\\\/cardinal-tapes.com\\\/fr\\\/rubans-adh\u00e9sifs\\\/domaines-dapplication\\\/industrie-electrique\\\/3m-467-mp-transfert-ruban-adhesif\\\/#breadcrumb\",\"itemListElement\":[{\"@type\":\"ListItem\",\"position\":1,\"name\":\"Startseite\",\"item\":\"https:\\\/\\\/cardinal-tapes.com\\\/fr\\\/accueil\\\/\"},{\"@type\":\"ListItem\",\"position\":2,\"name\":\"Rubans adh\u00e9sifs\",\"item\":\"https:\\\/\\\/cardinal-tapes.com\\\/fr\\\/rubans-adhesifs-fr\\\/\"},{\"@type\":\"ListItem\",\"position\":3,\"name\":\"Domaines d&#039;application\",\"item\":\"https:\\\/\\\/cardinal-tapes.com\\\/fr\\\/catgorie\\\/domaines-dapplication\\\/\"},{\"@type\":\"ListItem\",\"position\":4,\"name\":\"Industrie \u00e9lectrique\",\"item\":\"https:\\\/\\\/cardinal-tapes.com\\\/fr\\\/catgorie\\\/industrie-electrique\\\/\"},{\"@type\":\"ListItem\",\"position\":5,\"name\":\"3M\u2122 Ruban adh\u00e9sif de transfert 467 MP\"}]},{\"@type\":\"WebSite\",\"@id\":\"https:\\\/\\\/cardinal-tapes.com\\\/#website\",\"url\":\"https:\\\/\\\/cardinal-tapes.com\\\/\",\"name\":\"cardinal TAPES\",\"description\":\"Klebetechnik aus Wuppertal\",\"potentialAction\":[{\"@type\":\"SearchAction\",\"target\":{\"@type\":\"EntryPoint\",\"urlTemplate\":\"https:\\\/\\\/cardinal-tapes.com\\\/?s={search_term_string}\"},\"query-input\":{\"@type\":\"PropertyValueSpecification\",\"valueRequired\":true,\"valueName\":\"search_term_string\"}}],\"inLanguage\":\"fr-FR\"}]}<\/script>\n<!-- \/ Yoast SEO plugin. -->","yoast_head_json":{"title":"3M\u2122 Ruban adh\u00e9sif de transfert 467 MP | Cardinal TAPES","description":"Les rubans adh\u00e9sifs de transfert 3M 467 MP de la s\u00e9rie d'adh\u00e9sifs 200MP se caract\u00e9risent par une bonne r\u00e9sistance aux produits chimiques, une bonne r\u00e9sistance au cisaillement et bien plus encore.","robots":{"index":"index","follow":"follow","max-snippet":"max-snippet:-1","max-image-preview":"max-image-preview:large","max-video-preview":"max-video-preview:-1"},"canonical":"https:\/\/cardinal-tapes.com\/fr\/rubans-adh\u00e9sifs\/domaines-dapplication\/industrie-electrique\/3m-467-mp-transfert-ruban-adhesif\/","og_locale":"fr_FR","og_type":"article","og_title":"3M\u2122 Ruban adh\u00e9sif de transfert 467 MP | Cardinal TAPES","og_description":"Les rubans adh\u00e9sifs de transfert 3M 467 MP de la s\u00e9rie d'adh\u00e9sifs 200MP se caract\u00e9risent par une bonne r\u00e9sistance aux produits chimiques, une bonne r\u00e9sistance au cisaillement et bien plus encore.","og_url":"https:\/\/cardinal-tapes.com\/fr\/rubans-adh\u00e9sifs\/domaines-dapplication\/industrie-electrique\/3m-467-mp-transfert-ruban-adhesif\/","og_site_name":"cardinal TAPES","article_modified_time":"2025-07-02T12:30:43+00:00","og_image":[{"width":2560,"height":1707,"url":"https:\/\/cardinal-tapes.com\/wp-content\/uploads\/3m-467mp-klebstoffserie-200mp-scaled.jpg","type":"image\/jpeg"}],"twitter_card":"summary_large_image","twitter_misc":{"Dur\u00e9e de lecture estim\u00e9e":"1 minute"},"schema":{"@context":"https:\/\/schema.org","@graph":[{"@type":"WebPage","@id":"https:\/\/cardinal-tapes.com\/fr\/rubans-adh\u00e9sifs\/domaines-dapplication\/industrie-electrique\/3m-467-mp-transfert-ruban-adhesif\/","url":"https:\/\/cardinal-tapes.com\/fr\/rubans-adh\u00e9sifs\/domaines-dapplication\/industrie-electrique\/3m-467-mp-transfert-ruban-adhesif\/","name":"3M\u2122 Ruban adh\u00e9sif de transfert 467 MP | Cardinal TAPES","isPartOf":{"@id":"https:\/\/cardinal-tapes.com\/#website"},"primaryImageOfPage":{"@id":"https:\/\/cardinal-tapes.com\/fr\/rubans-adh\u00e9sifs\/domaines-dapplication\/industrie-electrique\/3m-467-mp-transfert-ruban-adhesif\/#primaryimage"},"image":{"@id":"https:\/\/cardinal-tapes.com\/fr\/rubans-adh\u00e9sifs\/domaines-dapplication\/industrie-electrique\/3m-467-mp-transfert-ruban-adhesif\/#primaryimage"},"thumbnailUrl":"https:\/\/cardinal-tapes.com\/wp-content\/uploads\/3m-467mp-klebstoffserie-200mp-scaled.jpg","datePublished":"2018-04-17T11:28:12+00:00","dateModified":"2025-07-02T12:30:43+00:00","description":"Les rubans adh\u00e9sifs de transfert 3M 467 MP de la s\u00e9rie d'adh\u00e9sifs 200MP se caract\u00e9risent par une bonne r\u00e9sistance aux produits chimiques, une bonne r\u00e9sistance au cisaillement et bien plus encore.","breadcrumb":{"@id":"https:\/\/cardinal-tapes.com\/fr\/rubans-adh\u00e9sifs\/domaines-dapplication\/industrie-electrique\/3m-467-mp-transfert-ruban-adhesif\/#breadcrumb"},"inLanguage":"fr-FR","potentialAction":[{"@type":"ReadAction","target":["https:\/\/cardinal-tapes.com\/fr\/rubans-adh\u00e9sifs\/domaines-dapplication\/industrie-electrique\/3m-467-mp-transfert-ruban-adhesif\/"]}]},{"@type":"ImageObject","inLanguage":"fr-FR","@id":"https:\/\/cardinal-tapes.com\/fr\/rubans-adh\u00e9sifs\/domaines-dapplication\/industrie-electrique\/3m-467-mp-transfert-ruban-adhesif\/#primaryimage","url":"https:\/\/cardinal-tapes.com\/wp-content\/uploads\/3m-467mp-klebstoffserie-200mp-scaled.jpg","contentUrl":"https:\/\/cardinal-tapes.com\/wp-content\/uploads\/3m-467mp-klebstoffserie-200mp-scaled.jpg","width":2560,"height":1707,"caption":"3m-467mp-klebstoffserie-200mp"},{"@type":"BreadcrumbList","@id":"https:\/\/cardinal-tapes.com\/fr\/rubans-adh\u00e9sifs\/domaines-dapplication\/industrie-electrique\/3m-467-mp-transfert-ruban-adhesif\/#breadcrumb","itemListElement":[{"@type":"ListItem","position":1,"name":"Startseite","item":"https:\/\/cardinal-tapes.com\/fr\/accueil\/"},{"@type":"ListItem","position":2,"name":"Rubans adh\u00e9sifs","item":"https:\/\/cardinal-tapes.com\/fr\/rubans-adhesifs-fr\/"},{"@type":"ListItem","position":3,"name":"Domaines d&#039;application","item":"https:\/\/cardinal-tapes.com\/fr\/catgorie\/domaines-dapplication\/"},{"@type":"ListItem","position":4,"name":"Industrie \u00e9lectrique","item":"https:\/\/cardinal-tapes.com\/fr\/catgorie\/industrie-electrique\/"},{"@type":"ListItem","position":5,"name":"3M\u2122 Ruban adh\u00e9sif de transfert 467 MP"}]},{"@type":"WebSite","@id":"https:\/\/cardinal-tapes.com\/#website","url":"https:\/\/cardinal-tapes.com\/","name":"cardinal TAPES","description":"Klebetechnik aus Wuppertal","potentialAction":[{"@type":"SearchAction","target":{"@type":"EntryPoint","urlTemplate":"https:\/\/cardinal-tapes.com\/?s={search_term_string}"},"query-input":{"@type":"PropertyValueSpecification","valueRequired":true,"valueName":"search_term_string"}}],"inLanguage":"fr-FR"}]}},"brands":[{"id":2167,"name":"3M","slug":"3m-fr"}],"_links":{"self":[{"href":"https:\/\/cardinal-tapes.com\/fr\/wp-json\/wp\/v2\/product\/47904","targetHints":{"allow":["GET"]}}],"collection":[{"href":"https:\/\/cardinal-tapes.com\/fr\/wp-json\/wp\/v2\/product"}],"about":[{"href":"https:\/\/cardinal-tapes.com\/fr\/wp-json\/wp\/v2\/types\/product"}],"wp:featuredmedia":[{"embeddable":true,"href":"https:\/\/cardinal-tapes.com\/fr\/wp-json\/wp\/v2\/media\/26796"}],"wp:attachment":[{"href":"https:\/\/cardinal-tapes.com\/fr\/wp-json\/wp\/v2\/media?parent=47904"}],"wp:term":[{"taxonomy":"pwb-brand","embeddable":true,"href":"https:\/\/cardinal-tapes.com\/fr\/wp-json\/wp\/v2\/pwb-brand?post=47904"},{"taxonomy":"product_brand","embeddable":true,"href":"https:\/\/cardinal-tapes.com\/fr\/wp-json\/wp\/v2\/product_brand?post=47904"},{"taxonomy":"product_cat","embeddable":true,"href":"https:\/\/cardinal-tapes.com\/fr\/wp-json\/wp\/v2\/product_cat?post=47904"},{"taxonomy":"product_tag","embeddable":true,"href":"https:\/\/cardinal-tapes.com\/fr\/wp-json\/wp\/v2\/product_tag?post=47904"}],"curies":[{"name":"wp","href":"https:\/\/api.w.org\/{rel}","templated":true}]}}