{"id":47503,"date":"2018-04-17T13:39:43","date_gmt":"2018-04-17T11:39:43","guid":{"rendered":"https:\/\/cardinal.pixel-tal.de\/klebebaender\/non%20class\u00e9\/3m-ruban-adhesif-de-transfert-468mp\/"},"modified":"2025-07-02T14:34:29","modified_gmt":"2025-07-02T12:34:29","slug":"3m-468-bande-de-transfert","status":"publish","type":"product","link":"https:\/\/cardinal-tapes.com\/fr\/rubans-adh\u00e9sifs\/domaines-dapplication\/industrie-electrique\/3m-468-bande-de-transfert\/","title":{"rendered":"3M\u2122 Ruban adh\u00e9sif de transfert 468MP"},"content":{"rendered":"<p>Le ruban adh\u00e9sif de transfert 3M\u2122 468 MP de la s\u00e9rie d&#8217;adh\u00e9sifs 3M\u2122 200MP est un film d&#8217;adh\u00e9sif acrylique pur qui pr\u00e9sente de bonnes propri\u00e9t\u00e9s adh\u00e9sives sur les surfaces \u00e0 haute \u00e9nergie et conserve sa transparence m\u00eame apr\u00e8s une longue dur\u00e9e d&#8217;utilisation.<\/p>\n<p><strong>Propri\u00e9t\u00e9s<\/strong><br \/>\nLa tr\u00e8s haute r\u00e9sistance \u00e0 la temp\u00e9rature et aux produits chimiques du ruban adh\u00e9sif 468 MP garantit une fonctionnalit\u00e9 durable, m\u00eame dans des conditions environnementales extr\u00eames, et donc une grande s\u00e9curit\u00e9 des processus. En m\u00eame temps, le papier de protection particuli\u00e8rement r\u00e9sistant au climat garantit toujours un traitement facile. En outre, le ruban adh\u00e9sif pr\u00e9sente une bonne r\u00e9sistance aux UV et une bonne durabilit\u00e9 en ext\u00e9rieur.<\/p>\n<p><strong>Applications<\/strong><br \/>\n&#8211; Utilisation sur des surfaces \u00e0 haute \u00e9nergie<br \/>\n&#8211; Collage de faces avant et de claviers \u00e0 membrane<br \/>\n&#8211; Equipement autocollant de panneaux, d&#8217;embl\u00e8mes et de d\u00e9corations<\/p>\n","protected":false},"excerpt":{"rendered":"<p>Le ruban adh\u00e9sif de transfert 3M\u2122 468 MP de la s\u00e9rie d&#8217;adh\u00e9sifs 3M\u2122 200MP est un film d&#8217;adh\u00e9sif acrylique pur qui pr\u00e9sente de bonnes propri\u00e9t\u00e9s adh\u00e9sives sur les surfaces \u00e0 haute \u00e9nergie et conserve sa transparence m\u00eame apr\u00e8s une longue dur\u00e9e d&#8217;utilisation. Propri\u00e9t\u00e9s La tr\u00e8s haute r\u00e9sistance \u00e0 la temp\u00e9rature et aux produits chimiques du [&hellip;]<\/p>\n","protected":false},"featured_media":26796,"template":"","meta":{"_acf_changed":false},"pwb-brand":[2167],"product_brand":[],"product_cat":[1673,1771,1834],"product_tag":[],"class_list":{"0":"post-47503","1":"product","2":"type-product","3":"status-publish","4":"has-post-thumbnail","6":"pwb-brand-3m-fr","7":"product_cat-industrie-electrique","8":"product_cat-ruban-adhesif-de-transfert","9":"product_cat-rubans-adhesifs-double-face","11":"first","12":"instock","13":"taxable","14":"shipping-taxable","15":"purchasable","16":"product-type-variable"},"acf":[],"yoast_head":"<!-- This site is optimized with the Yoast SEO plugin v27.3 - https:\/\/yoast.com\/product\/yoast-seo-wordpress\/ -->\n<title>3M\u2122 Ruban adh\u00e9sif de transfert 468MP | Cardinal TAPES<\/title>\n<meta name=\"description\" content=\"Les rubans adh\u00e9sifs de transfert 3M 468 de la s\u00e9rie d&#039;adh\u00e9sifs 200MP se distinguent par leur r\u00e9sistance aux produits chimiques, au cisaillement, etc. En savoir plus sur le 3M 468.\" \/>\n<meta name=\"robots\" content=\"index, follow, max-snippet:-1, max-image-preview:large, max-video-preview:-1\" \/>\n<link rel=\"canonical\" href=\"https:\/\/cardinal-tapes.com\/fr\/rubans-adh\u00e9sifs\/domaines-dapplication\/industrie-electrique\/3m-468-bande-de-transfert\/\" \/>\n<meta property=\"og:locale\" content=\"fr_FR\" \/>\n<meta property=\"og:type\" content=\"article\" \/>\n<meta property=\"og:title\" content=\"3M\u2122 Ruban adh\u00e9sif de transfert 468MP | Cardinal TAPES\" \/>\n<meta property=\"og:description\" content=\"Les rubans adh\u00e9sifs de transfert 3M 468 de la s\u00e9rie d&#039;adh\u00e9sifs 200MP se distinguent par leur r\u00e9sistance aux produits chimiques, au cisaillement, etc. En savoir plus sur le 3M 468.\" \/>\n<meta property=\"og:url\" content=\"https:\/\/cardinal-tapes.com\/fr\/rubans-adh\u00e9sifs\/domaines-dapplication\/industrie-electrique\/3m-468-bande-de-transfert\/\" \/>\n<meta property=\"og:site_name\" content=\"cardinal TAPES\" \/>\n<meta property=\"article:modified_time\" content=\"2025-07-02T12:34:29+00:00\" \/>\n<meta property=\"og:image\" content=\"https:\/\/cardinal-tapes.com\/wp-content\/uploads\/3m-467mp-klebstoffserie-200mp-scaled.jpg\" \/>\n\t<meta property=\"og:image:width\" content=\"2560\" \/>\n\t<meta property=\"og:image:height\" content=\"1707\" \/>\n\t<meta property=\"og:image:type\" content=\"image\/jpeg\" \/>\n<meta name=\"twitter:card\" content=\"summary_large_image\" \/>\n<meta name=\"twitter:label1\" content=\"Dur\u00e9e de lecture estim\u00e9e\" \/>\n\t<meta name=\"twitter:data1\" content=\"1 minute\" \/>\n<script type=\"application\/ld+json\" class=\"yoast-schema-graph\">{\"@context\":\"https:\\\/\\\/schema.org\",\"@graph\":[{\"@type\":\"WebPage\",\"@id\":\"https:\\\/\\\/cardinal-tapes.com\\\/fr\\\/rubans-adh\u00e9sifs\\\/domaines-dapplication\\\/industrie-electrique\\\/3m-468-bande-de-transfert\\\/\",\"url\":\"https:\\\/\\\/cardinal-tapes.com\\\/fr\\\/rubans-adh\u00e9sifs\\\/domaines-dapplication\\\/industrie-electrique\\\/3m-468-bande-de-transfert\\\/\",\"name\":\"3M\u2122 Ruban adh\u00e9sif de transfert 468MP | Cardinal TAPES\",\"isPartOf\":{\"@id\":\"https:\\\/\\\/cardinal-tapes.com\\\/#website\"},\"primaryImageOfPage\":{\"@id\":\"https:\\\/\\\/cardinal-tapes.com\\\/fr\\\/rubans-adh\u00e9sifs\\\/domaines-dapplication\\\/industrie-electrique\\\/3m-468-bande-de-transfert\\\/#primaryimage\"},\"image\":{\"@id\":\"https:\\\/\\\/cardinal-tapes.com\\\/fr\\\/rubans-adh\u00e9sifs\\\/domaines-dapplication\\\/industrie-electrique\\\/3m-468-bande-de-transfert\\\/#primaryimage\"},\"thumbnailUrl\":\"https:\\\/\\\/cardinal-tapes.com\\\/wp-content\\\/uploads\\\/3m-467mp-klebstoffserie-200mp-scaled.jpg\",\"datePublished\":\"2018-04-17T11:39:43+00:00\",\"dateModified\":\"2025-07-02T12:34:29+00:00\",\"description\":\"Les rubans adh\u00e9sifs de transfert 3M 468 de la s\u00e9rie d'adh\u00e9sifs 200MP se distinguent par leur r\u00e9sistance aux produits chimiques, au cisaillement, etc. En savoir plus sur le 3M 468.\",\"breadcrumb\":{\"@id\":\"https:\\\/\\\/cardinal-tapes.com\\\/fr\\\/rubans-adh\u00e9sifs\\\/domaines-dapplication\\\/industrie-electrique\\\/3m-468-bande-de-transfert\\\/#breadcrumb\"},\"inLanguage\":\"fr-FR\",\"potentialAction\":[{\"@type\":\"ReadAction\",\"target\":[\"https:\\\/\\\/cardinal-tapes.com\\\/fr\\\/rubans-adh\u00e9sifs\\\/domaines-dapplication\\\/industrie-electrique\\\/3m-468-bande-de-transfert\\\/\"]}]},{\"@type\":\"ImageObject\",\"inLanguage\":\"fr-FR\",\"@id\":\"https:\\\/\\\/cardinal-tapes.com\\\/fr\\\/rubans-adh\u00e9sifs\\\/domaines-dapplication\\\/industrie-electrique\\\/3m-468-bande-de-transfert\\\/#primaryimage\",\"url\":\"https:\\\/\\\/cardinal-tapes.com\\\/wp-content\\\/uploads\\\/3m-467mp-klebstoffserie-200mp-scaled.jpg\",\"contentUrl\":\"https:\\\/\\\/cardinal-tapes.com\\\/wp-content\\\/uploads\\\/3m-467mp-klebstoffserie-200mp-scaled.jpg\",\"width\":2560,\"height\":1707,\"caption\":\"3m-467mp-klebstoffserie-200mp\"},{\"@type\":\"BreadcrumbList\",\"@id\":\"https:\\\/\\\/cardinal-tapes.com\\\/fr\\\/rubans-adh\u00e9sifs\\\/domaines-dapplication\\\/industrie-electrique\\\/3m-468-bande-de-transfert\\\/#breadcrumb\",\"itemListElement\":[{\"@type\":\"ListItem\",\"position\":1,\"name\":\"Startseite\",\"item\":\"https:\\\/\\\/cardinal-tapes.com\\\/fr\\\/accueil\\\/\"},{\"@type\":\"ListItem\",\"position\":2,\"name\":\"Rubans adh\u00e9sifs\",\"item\":\"https:\\\/\\\/cardinal-tapes.com\\\/fr\\\/rubans-adhesifs-fr\\\/\"},{\"@type\":\"ListItem\",\"position\":3,\"name\":\"Domaines d&#039;application\",\"item\":\"https:\\\/\\\/cardinal-tapes.com\\\/fr\\\/catgorie\\\/domaines-dapplication\\\/\"},{\"@type\":\"ListItem\",\"position\":4,\"name\":\"Industrie \u00e9lectrique\",\"item\":\"https:\\\/\\\/cardinal-tapes.com\\\/fr\\\/catgorie\\\/industrie-electrique\\\/\"},{\"@type\":\"ListItem\",\"position\":5,\"name\":\"3M\u2122 Ruban adh\u00e9sif de transfert 468MP\"}]},{\"@type\":\"WebSite\",\"@id\":\"https:\\\/\\\/cardinal-tapes.com\\\/#website\",\"url\":\"https:\\\/\\\/cardinal-tapes.com\\\/\",\"name\":\"cardinal TAPES\",\"description\":\"Klebetechnik aus Wuppertal\",\"potentialAction\":[{\"@type\":\"SearchAction\",\"target\":{\"@type\":\"EntryPoint\",\"urlTemplate\":\"https:\\\/\\\/cardinal-tapes.com\\\/?s={search_term_string}\"},\"query-input\":{\"@type\":\"PropertyValueSpecification\",\"valueRequired\":true,\"valueName\":\"search_term_string\"}}],\"inLanguage\":\"fr-FR\"}]}<\/script>\n<!-- \/ Yoast SEO plugin. -->","yoast_head_json":{"title":"3M\u2122 Ruban adh\u00e9sif de transfert 468MP | Cardinal TAPES","description":"Les rubans adh\u00e9sifs de transfert 3M 468 de la s\u00e9rie d'adh\u00e9sifs 200MP se distinguent par leur r\u00e9sistance aux produits chimiques, au cisaillement, etc. En savoir plus sur le 3M 468.","robots":{"index":"index","follow":"follow","max-snippet":"max-snippet:-1","max-image-preview":"max-image-preview:large","max-video-preview":"max-video-preview:-1"},"canonical":"https:\/\/cardinal-tapes.com\/fr\/rubans-adh\u00e9sifs\/domaines-dapplication\/industrie-electrique\/3m-468-bande-de-transfert\/","og_locale":"fr_FR","og_type":"article","og_title":"3M\u2122 Ruban adh\u00e9sif de transfert 468MP | Cardinal TAPES","og_description":"Les rubans adh\u00e9sifs de transfert 3M 468 de la s\u00e9rie d'adh\u00e9sifs 200MP se distinguent par leur r\u00e9sistance aux produits chimiques, au cisaillement, etc. En savoir plus sur le 3M 468.","og_url":"https:\/\/cardinal-tapes.com\/fr\/rubans-adh\u00e9sifs\/domaines-dapplication\/industrie-electrique\/3m-468-bande-de-transfert\/","og_site_name":"cardinal TAPES","article_modified_time":"2025-07-02T12:34:29+00:00","og_image":[{"width":2560,"height":1707,"url":"https:\/\/cardinal-tapes.com\/wp-content\/uploads\/3m-467mp-klebstoffserie-200mp-scaled.jpg","type":"image\/jpeg"}],"twitter_card":"summary_large_image","twitter_misc":{"Dur\u00e9e de lecture estim\u00e9e":"1 minute"},"schema":{"@context":"https:\/\/schema.org","@graph":[{"@type":"WebPage","@id":"https:\/\/cardinal-tapes.com\/fr\/rubans-adh\u00e9sifs\/domaines-dapplication\/industrie-electrique\/3m-468-bande-de-transfert\/","url":"https:\/\/cardinal-tapes.com\/fr\/rubans-adh\u00e9sifs\/domaines-dapplication\/industrie-electrique\/3m-468-bande-de-transfert\/","name":"3M\u2122 Ruban adh\u00e9sif de transfert 468MP | Cardinal TAPES","isPartOf":{"@id":"https:\/\/cardinal-tapes.com\/#website"},"primaryImageOfPage":{"@id":"https:\/\/cardinal-tapes.com\/fr\/rubans-adh\u00e9sifs\/domaines-dapplication\/industrie-electrique\/3m-468-bande-de-transfert\/#primaryimage"},"image":{"@id":"https:\/\/cardinal-tapes.com\/fr\/rubans-adh\u00e9sifs\/domaines-dapplication\/industrie-electrique\/3m-468-bande-de-transfert\/#primaryimage"},"thumbnailUrl":"https:\/\/cardinal-tapes.com\/wp-content\/uploads\/3m-467mp-klebstoffserie-200mp-scaled.jpg","datePublished":"2018-04-17T11:39:43+00:00","dateModified":"2025-07-02T12:34:29+00:00","description":"Les rubans adh\u00e9sifs de transfert 3M 468 de la s\u00e9rie d'adh\u00e9sifs 200MP se distinguent par leur r\u00e9sistance aux produits chimiques, au cisaillement, etc. En savoir plus sur le 3M 468.","breadcrumb":{"@id":"https:\/\/cardinal-tapes.com\/fr\/rubans-adh\u00e9sifs\/domaines-dapplication\/industrie-electrique\/3m-468-bande-de-transfert\/#breadcrumb"},"inLanguage":"fr-FR","potentialAction":[{"@type":"ReadAction","target":["https:\/\/cardinal-tapes.com\/fr\/rubans-adh\u00e9sifs\/domaines-dapplication\/industrie-electrique\/3m-468-bande-de-transfert\/"]}]},{"@type":"ImageObject","inLanguage":"fr-FR","@id":"https:\/\/cardinal-tapes.com\/fr\/rubans-adh\u00e9sifs\/domaines-dapplication\/industrie-electrique\/3m-468-bande-de-transfert\/#primaryimage","url":"https:\/\/cardinal-tapes.com\/wp-content\/uploads\/3m-467mp-klebstoffserie-200mp-scaled.jpg","contentUrl":"https:\/\/cardinal-tapes.com\/wp-content\/uploads\/3m-467mp-klebstoffserie-200mp-scaled.jpg","width":2560,"height":1707,"caption":"3m-467mp-klebstoffserie-200mp"},{"@type":"BreadcrumbList","@id":"https:\/\/cardinal-tapes.com\/fr\/rubans-adh\u00e9sifs\/domaines-dapplication\/industrie-electrique\/3m-468-bande-de-transfert\/#breadcrumb","itemListElement":[{"@type":"ListItem","position":1,"name":"Startseite","item":"https:\/\/cardinal-tapes.com\/fr\/accueil\/"},{"@type":"ListItem","position":2,"name":"Rubans adh\u00e9sifs","item":"https:\/\/cardinal-tapes.com\/fr\/rubans-adhesifs-fr\/"},{"@type":"ListItem","position":3,"name":"Domaines d&#039;application","item":"https:\/\/cardinal-tapes.com\/fr\/catgorie\/domaines-dapplication\/"},{"@type":"ListItem","position":4,"name":"Industrie \u00e9lectrique","item":"https:\/\/cardinal-tapes.com\/fr\/catgorie\/industrie-electrique\/"},{"@type":"ListItem","position":5,"name":"3M\u2122 Ruban adh\u00e9sif de transfert 468MP"}]},{"@type":"WebSite","@id":"https:\/\/cardinal-tapes.com\/#website","url":"https:\/\/cardinal-tapes.com\/","name":"cardinal TAPES","description":"Klebetechnik aus Wuppertal","potentialAction":[{"@type":"SearchAction","target":{"@type":"EntryPoint","urlTemplate":"https:\/\/cardinal-tapes.com\/?s={search_term_string}"},"query-input":{"@type":"PropertyValueSpecification","valueRequired":true,"valueName":"search_term_string"}}],"inLanguage":"fr-FR"}]}},"brands":[{"id":2167,"name":"3M","slug":"3m-fr"}],"_links":{"self":[{"href":"https:\/\/cardinal-tapes.com\/fr\/wp-json\/wp\/v2\/product\/47503","targetHints":{"allow":["GET"]}}],"collection":[{"href":"https:\/\/cardinal-tapes.com\/fr\/wp-json\/wp\/v2\/product"}],"about":[{"href":"https:\/\/cardinal-tapes.com\/fr\/wp-json\/wp\/v2\/types\/product"}],"wp:featuredmedia":[{"embeddable":true,"href":"https:\/\/cardinal-tapes.com\/fr\/wp-json\/wp\/v2\/media\/26796"}],"wp:attachment":[{"href":"https:\/\/cardinal-tapes.com\/fr\/wp-json\/wp\/v2\/media?parent=47503"}],"wp:term":[{"taxonomy":"pwb-brand","embeddable":true,"href":"https:\/\/cardinal-tapes.com\/fr\/wp-json\/wp\/v2\/pwb-brand?post=47503"},{"taxonomy":"product_brand","embeddable":true,"href":"https:\/\/cardinal-tapes.com\/fr\/wp-json\/wp\/v2\/product_brand?post=47503"},{"taxonomy":"product_cat","embeddable":true,"href":"https:\/\/cardinal-tapes.com\/fr\/wp-json\/wp\/v2\/product_cat?post=47503"},{"taxonomy":"product_tag","embeddable":true,"href":"https:\/\/cardinal-tapes.com\/fr\/wp-json\/wp\/v2\/product_tag?post=47503"}],"curies":[{"name":"wp","href":"https:\/\/api.w.org\/{rel}","templated":true}]}}