{"id":47489,"date":"2018-05-02T10:15:32","date_gmt":"2018-05-02T08:15:32","guid":{"rendered":"https:\/\/cardinal.pixel-tal.de\/klebebaender\/non%20class\u00e9\/ca-22-ruban-adhesif-filament-renforce-dans-le-sens-de-la-longueur\/"},"modified":"2025-07-02T14:37:29","modified_gmt":"2025-07-02T12:37:29","slug":"ca-22-filament-bande-adhesive-longue-stabilite","status":"publish","type":"product","link":"https:\/\/cardinal-tapes.com\/fr\/rubans-adh\u00e9sifs\/domaines-dapplication\/production-daluminium-traitement\/ca-22-filament-bande-adhesive-longue-stabilite\/","title":{"rendered":"CA-22 Ruban adh\u00e9sif filament, renforc\u00e9 dans le sens de la longueur"},"content":{"rendered":"<p>CA-22 est un ruban adh\u00e9sif filamentaire renforc\u00e9 dans le sens de la longueur.<\/p>\n<p>Les rubans adh\u00e9sifs en filaments sont des rubans polyvalents et robustes qui offrent une grande r\u00e9sistance \u00e0 la traction gr\u00e2ce \u00e0 leur renforcement en fibres de verre. Ils sont id\u00e9aux pour les applications n\u00e9cessitant des assemblages solides et s\u00fbrs, comme le bottelage d&#8217;objets lourds, le cerclage de cartons, la s\u00e9curisation de palettes ainsi que la fixation et le renforcement d&#8217;emballages. En outre, ils sont souvent utilis\u00e9s dans la logistique, la construction et l&#8217;industrie pour s\u00e9curiser les mat\u00e9riaux pendant le transport ou le stockage.  <\/p>\n","protected":false},"excerpt":{"rendered":"<p>CA-22 est un ruban adh\u00e9sif filamentaire renforc\u00e9 dans le sens de la longueur. Les rubans adh\u00e9sifs en filaments sont des rubans polyvalents et robustes qui offrent une grande r\u00e9sistance \u00e0 la traction gr\u00e2ce \u00e0 leur renforcement en fibres de verre. Ils sont id\u00e9aux pour les applications n\u00e9cessitant des assemblages solides et s\u00fbrs, comme le bottelage [&hellip;]<\/p>\n","protected":false},"featured_media":26832,"template":"","meta":{"_acf_changed":false},"pwb-brand":[2171],"product_brand":[],"product_cat":[1665,1668,1670,1738,1768,1772,1836],"product_tag":[],"class_list":{"0":"post-47489","1":"product","2":"type-product","3":"status-publish","4":"has-post-thumbnail","6":"pwb-brand-cardinal-gmbh-fr","7":"product_cat-production-daluminium-traitement","8":"product_cat-artisanat-du-batiment","9":"product_cat-industrie-du-beton","10":"product_cat-industrie-des-matieres-plastiques","11":"product_cat-acier-et-verre","12":"product_cat-secteur-du-transport","13":"product_cat-rubans-adhesifs-simple-face","15":"first","16":"instock","17":"taxable","18":"shipping-taxable","19":"purchasable","20":"product-type-variable"},"acf":[],"yoast_head":"<!-- This site is optimized with the Yoast SEO plugin v27.3 - https:\/\/yoast.com\/product\/yoast-seo-wordpress\/ -->\n<title>CA-22 Bande adh\u00e9sive pour filaments, renforc\u00e9e dans le sens de la longueur | Cardinal TAPES<\/title>\n<meta name=\"description\" content=\"CA-22 est un ruban adh\u00e9sif \u00e0 filaments pr\u00e9sentant une r\u00e9sistance \u00e9lev\u00e9e \u00e0 la traction dans le sens de la longueur. Apprenez-en plus ici sur le ruban adh\u00e9sif de haute qualit\u00e9 de Cardinal TAPES.\" \/>\n<meta name=\"robots\" content=\"index, follow, max-snippet:-1, max-image-preview:large, max-video-preview:-1\" \/>\n<link rel=\"canonical\" href=\"https:\/\/cardinal-tapes.com\/fr\/rubans-adh\u00e9sifs\/domaines-dapplication\/production-daluminium-traitement\/ca-22-filament-bande-adhesive-longue-stabilite\/\" \/>\n<meta property=\"og:locale\" content=\"fr_FR\" \/>\n<meta property=\"og:type\" content=\"article\" \/>\n<meta property=\"og:title\" content=\"CA-22 Bande adh\u00e9sive pour filaments, renforc\u00e9e dans le sens de la longueur | Cardinal TAPES\" \/>\n<meta property=\"og:description\" content=\"CA-22 est un ruban adh\u00e9sif \u00e0 filaments pr\u00e9sentant une r\u00e9sistance \u00e9lev\u00e9e \u00e0 la traction dans le sens de la longueur. Apprenez-en plus ici sur le ruban adh\u00e9sif de haute qualit\u00e9 de Cardinal TAPES.\" \/>\n<meta property=\"og:url\" content=\"https:\/\/cardinal-tapes.com\/fr\/rubans-adh\u00e9sifs\/domaines-dapplication\/production-daluminium-traitement\/ca-22-filament-bande-adhesive-longue-stabilite\/\" \/>\n<meta property=\"og:site_name\" content=\"cardinal TAPES\" \/>\n<meta property=\"article:modified_time\" content=\"2025-07-02T12:37:29+00:00\" \/>\n<meta property=\"og:image\" content=\"https:\/\/cardinal-tapes.com\/wp-content\/uploads\/CA_22_02.jpg\" \/>\n\t<meta property=\"og:image:width\" content=\"1304\" \/>\n\t<meta property=\"og:image:height\" content=\"1400\" \/>\n\t<meta property=\"og:image:type\" content=\"image\/jpeg\" \/>\n<meta name=\"twitter:card\" content=\"summary_large_image\" \/>\n<meta name=\"twitter:label1\" content=\"Dur\u00e9e de lecture estim\u00e9e\" \/>\n\t<meta name=\"twitter:data1\" content=\"1 minute\" \/>\n<script type=\"application\/ld+json\" class=\"yoast-schema-graph\">{\"@context\":\"https:\\\/\\\/schema.org\",\"@graph\":[{\"@type\":\"WebPage\",\"@id\":\"https:\\\/\\\/cardinal-tapes.com\\\/fr\\\/rubans-adh\u00e9sifs\\\/domaines-dapplication\\\/production-daluminium-traitement\\\/ca-22-filament-bande-adhesive-longue-stabilite\\\/\",\"url\":\"https:\\\/\\\/cardinal-tapes.com\\\/fr\\\/rubans-adh\u00e9sifs\\\/domaines-dapplication\\\/production-daluminium-traitement\\\/ca-22-filament-bande-adhesive-longue-stabilite\\\/\",\"name\":\"CA-22 Bande adh\u00e9sive pour filaments, renforc\u00e9e dans le sens de la longueur | Cardinal TAPES\",\"isPartOf\":{\"@id\":\"https:\\\/\\\/cardinal-tapes.com\\\/#website\"},\"primaryImageOfPage\":{\"@id\":\"https:\\\/\\\/cardinal-tapes.com\\\/fr\\\/rubans-adh\u00e9sifs\\\/domaines-dapplication\\\/production-daluminium-traitement\\\/ca-22-filament-bande-adhesive-longue-stabilite\\\/#primaryimage\"},\"image\":{\"@id\":\"https:\\\/\\\/cardinal-tapes.com\\\/fr\\\/rubans-adh\u00e9sifs\\\/domaines-dapplication\\\/production-daluminium-traitement\\\/ca-22-filament-bande-adhesive-longue-stabilite\\\/#primaryimage\"},\"thumbnailUrl\":\"https:\\\/\\\/cardinal-tapes.com\\\/wp-content\\\/uploads\\\/CA_22_02.jpg\",\"datePublished\":\"2018-05-02T08:15:32+00:00\",\"dateModified\":\"2025-07-02T12:37:29+00:00\",\"description\":\"CA-22 est un ruban adh\u00e9sif \u00e0 filaments pr\u00e9sentant une r\u00e9sistance \u00e9lev\u00e9e \u00e0 la traction dans le sens de la longueur. Apprenez-en plus ici sur le ruban adh\u00e9sif de haute qualit\u00e9 de Cardinal TAPES.\",\"breadcrumb\":{\"@id\":\"https:\\\/\\\/cardinal-tapes.com\\\/fr\\\/rubans-adh\u00e9sifs\\\/domaines-dapplication\\\/production-daluminium-traitement\\\/ca-22-filament-bande-adhesive-longue-stabilite\\\/#breadcrumb\"},\"inLanguage\":\"fr-FR\",\"potentialAction\":[{\"@type\":\"ReadAction\",\"target\":[\"https:\\\/\\\/cardinal-tapes.com\\\/fr\\\/rubans-adh\u00e9sifs\\\/domaines-dapplication\\\/production-daluminium-traitement\\\/ca-22-filament-bande-adhesive-longue-stabilite\\\/\"]}]},{\"@type\":\"ImageObject\",\"inLanguage\":\"fr-FR\",\"@id\":\"https:\\\/\\\/cardinal-tapes.com\\\/fr\\\/rubans-adh\u00e9sifs\\\/domaines-dapplication\\\/production-daluminium-traitement\\\/ca-22-filament-bande-adhesive-longue-stabilite\\\/#primaryimage\",\"url\":\"https:\\\/\\\/cardinal-tapes.com\\\/wp-content\\\/uploads\\\/CA_22_02.jpg\",\"contentUrl\":\"https:\\\/\\\/cardinal-tapes.com\\\/wp-content\\\/uploads\\\/CA_22_02.jpg\",\"width\":1304,\"height\":1400,\"caption\":\"CA_22\"},{\"@type\":\"BreadcrumbList\",\"@id\":\"https:\\\/\\\/cardinal-tapes.com\\\/fr\\\/rubans-adh\u00e9sifs\\\/domaines-dapplication\\\/production-daluminium-traitement\\\/ca-22-filament-bande-adhesive-longue-stabilite\\\/#breadcrumb\",\"itemListElement\":[{\"@type\":\"ListItem\",\"position\":1,\"name\":\"Startseite\",\"item\":\"https:\\\/\\\/cardinal-tapes.com\\\/fr\\\/accueil\\\/\"},{\"@type\":\"ListItem\",\"position\":2,\"name\":\"Rubans adh\u00e9sifs\",\"item\":\"https:\\\/\\\/cardinal-tapes.com\\\/fr\\\/rubans-adhesifs-fr\\\/\"},{\"@type\":\"ListItem\",\"position\":3,\"name\":\"Einseitige Klebeb\u00e4nder\",\"item\":\"https:\\\/\\\/cardinal-tapes.com\\\/kategorie\\\/einseitige-klebebaender\\\/\"},{\"@type\":\"ListItem\",\"position\":4,\"name\":\"CA-22 Ruban adh\u00e9sif filament, renforc\u00e9 dans le sens de la longueur\"}]},{\"@type\":\"WebSite\",\"@id\":\"https:\\\/\\\/cardinal-tapes.com\\\/#website\",\"url\":\"https:\\\/\\\/cardinal-tapes.com\\\/\",\"name\":\"cardinal TAPES\",\"description\":\"Klebetechnik aus Wuppertal\",\"potentialAction\":[{\"@type\":\"SearchAction\",\"target\":{\"@type\":\"EntryPoint\",\"urlTemplate\":\"https:\\\/\\\/cardinal-tapes.com\\\/?s={search_term_string}\"},\"query-input\":{\"@type\":\"PropertyValueSpecification\",\"valueRequired\":true,\"valueName\":\"search_term_string\"}}],\"inLanguage\":\"fr-FR\"}]}<\/script>\n<!-- \/ Yoast SEO plugin. -->","yoast_head_json":{"title":"CA-22 Bande adh\u00e9sive pour filaments, renforc\u00e9e dans le sens de la longueur | Cardinal TAPES","description":"CA-22 est un ruban adh\u00e9sif \u00e0 filaments pr\u00e9sentant une r\u00e9sistance \u00e9lev\u00e9e \u00e0 la traction dans le sens de la longueur. Apprenez-en plus ici sur le ruban adh\u00e9sif de haute qualit\u00e9 de Cardinal TAPES.","robots":{"index":"index","follow":"follow","max-snippet":"max-snippet:-1","max-image-preview":"max-image-preview:large","max-video-preview":"max-video-preview:-1"},"canonical":"https:\/\/cardinal-tapes.com\/fr\/rubans-adh\u00e9sifs\/domaines-dapplication\/production-daluminium-traitement\/ca-22-filament-bande-adhesive-longue-stabilite\/","og_locale":"fr_FR","og_type":"article","og_title":"CA-22 Bande adh\u00e9sive pour filaments, renforc\u00e9e dans le sens de la longueur | Cardinal TAPES","og_description":"CA-22 est un ruban adh\u00e9sif \u00e0 filaments pr\u00e9sentant une r\u00e9sistance \u00e9lev\u00e9e \u00e0 la traction dans le sens de la longueur. Apprenez-en plus ici sur le ruban adh\u00e9sif de haute qualit\u00e9 de Cardinal TAPES.","og_url":"https:\/\/cardinal-tapes.com\/fr\/rubans-adh\u00e9sifs\/domaines-dapplication\/production-daluminium-traitement\/ca-22-filament-bande-adhesive-longue-stabilite\/","og_site_name":"cardinal TAPES","article_modified_time":"2025-07-02T12:37:29+00:00","og_image":[{"width":1304,"height":1400,"url":"https:\/\/cardinal-tapes.com\/wp-content\/uploads\/CA_22_02.jpg","type":"image\/jpeg"}],"twitter_card":"summary_large_image","twitter_misc":{"Dur\u00e9e de lecture estim\u00e9e":"1 minute"},"schema":{"@context":"https:\/\/schema.org","@graph":[{"@type":"WebPage","@id":"https:\/\/cardinal-tapes.com\/fr\/rubans-adh\u00e9sifs\/domaines-dapplication\/production-daluminium-traitement\/ca-22-filament-bande-adhesive-longue-stabilite\/","url":"https:\/\/cardinal-tapes.com\/fr\/rubans-adh\u00e9sifs\/domaines-dapplication\/production-daluminium-traitement\/ca-22-filament-bande-adhesive-longue-stabilite\/","name":"CA-22 Bande adh\u00e9sive pour filaments, renforc\u00e9e dans le sens de la longueur | Cardinal TAPES","isPartOf":{"@id":"https:\/\/cardinal-tapes.com\/#website"},"primaryImageOfPage":{"@id":"https:\/\/cardinal-tapes.com\/fr\/rubans-adh\u00e9sifs\/domaines-dapplication\/production-daluminium-traitement\/ca-22-filament-bande-adhesive-longue-stabilite\/#primaryimage"},"image":{"@id":"https:\/\/cardinal-tapes.com\/fr\/rubans-adh\u00e9sifs\/domaines-dapplication\/production-daluminium-traitement\/ca-22-filament-bande-adhesive-longue-stabilite\/#primaryimage"},"thumbnailUrl":"https:\/\/cardinal-tapes.com\/wp-content\/uploads\/CA_22_02.jpg","datePublished":"2018-05-02T08:15:32+00:00","dateModified":"2025-07-02T12:37:29+00:00","description":"CA-22 est un ruban adh\u00e9sif \u00e0 filaments pr\u00e9sentant une r\u00e9sistance \u00e9lev\u00e9e \u00e0 la traction dans le sens de la longueur. Apprenez-en plus ici sur le ruban adh\u00e9sif de haute qualit\u00e9 de Cardinal TAPES.","breadcrumb":{"@id":"https:\/\/cardinal-tapes.com\/fr\/rubans-adh\u00e9sifs\/domaines-dapplication\/production-daluminium-traitement\/ca-22-filament-bande-adhesive-longue-stabilite\/#breadcrumb"},"inLanguage":"fr-FR","potentialAction":[{"@type":"ReadAction","target":["https:\/\/cardinal-tapes.com\/fr\/rubans-adh\u00e9sifs\/domaines-dapplication\/production-daluminium-traitement\/ca-22-filament-bande-adhesive-longue-stabilite\/"]}]},{"@type":"ImageObject","inLanguage":"fr-FR","@id":"https:\/\/cardinal-tapes.com\/fr\/rubans-adh\u00e9sifs\/domaines-dapplication\/production-daluminium-traitement\/ca-22-filament-bande-adhesive-longue-stabilite\/#primaryimage","url":"https:\/\/cardinal-tapes.com\/wp-content\/uploads\/CA_22_02.jpg","contentUrl":"https:\/\/cardinal-tapes.com\/wp-content\/uploads\/CA_22_02.jpg","width":1304,"height":1400,"caption":"CA_22"},{"@type":"BreadcrumbList","@id":"https:\/\/cardinal-tapes.com\/fr\/rubans-adh\u00e9sifs\/domaines-dapplication\/production-daluminium-traitement\/ca-22-filament-bande-adhesive-longue-stabilite\/#breadcrumb","itemListElement":[{"@type":"ListItem","position":1,"name":"Startseite","item":"https:\/\/cardinal-tapes.com\/fr\/accueil\/"},{"@type":"ListItem","position":2,"name":"Rubans adh\u00e9sifs","item":"https:\/\/cardinal-tapes.com\/fr\/rubans-adhesifs-fr\/"},{"@type":"ListItem","position":3,"name":"Einseitige Klebeb\u00e4nder","item":"https:\/\/cardinal-tapes.com\/kategorie\/einseitige-klebebaender\/"},{"@type":"ListItem","position":4,"name":"CA-22 Ruban adh\u00e9sif filament, renforc\u00e9 dans le sens de la longueur"}]},{"@type":"WebSite","@id":"https:\/\/cardinal-tapes.com\/#website","url":"https:\/\/cardinal-tapes.com\/","name":"cardinal TAPES","description":"Klebetechnik aus Wuppertal","potentialAction":[{"@type":"SearchAction","target":{"@type":"EntryPoint","urlTemplate":"https:\/\/cardinal-tapes.com\/?s={search_term_string}"},"query-input":{"@type":"PropertyValueSpecification","valueRequired":true,"valueName":"search_term_string"}}],"inLanguage":"fr-FR"}]}},"brands":[{"id":2171,"name":"cardinal GmbH","slug":"cardinal-gmbh-fr"}],"_links":{"self":[{"href":"https:\/\/cardinal-tapes.com\/fr\/wp-json\/wp\/v2\/product\/47489","targetHints":{"allow":["GET"]}}],"collection":[{"href":"https:\/\/cardinal-tapes.com\/fr\/wp-json\/wp\/v2\/product"}],"about":[{"href":"https:\/\/cardinal-tapes.com\/fr\/wp-json\/wp\/v2\/types\/product"}],"wp:featuredmedia":[{"embeddable":true,"href":"https:\/\/cardinal-tapes.com\/fr\/wp-json\/wp\/v2\/media\/26832"}],"wp:attachment":[{"href":"https:\/\/cardinal-tapes.com\/fr\/wp-json\/wp\/v2\/media?parent=47489"}],"wp:term":[{"taxonomy":"pwb-brand","embeddable":true,"href":"https:\/\/cardinal-tapes.com\/fr\/wp-json\/wp\/v2\/pwb-brand?post=47489"},{"taxonomy":"product_brand","embeddable":true,"href":"https:\/\/cardinal-tapes.com\/fr\/wp-json\/wp\/v2\/product_brand?post=47489"},{"taxonomy":"product_cat","embeddable":true,"href":"https:\/\/cardinal-tapes.com\/fr\/wp-json\/wp\/v2\/product_cat?post=47489"},{"taxonomy":"product_tag","embeddable":true,"href":"https:\/\/cardinal-tapes.com\/fr\/wp-json\/wp\/v2\/product_tag?post=47489"}],"curies":[{"name":"wp","href":"https:\/\/api.w.org\/{rel}","templated":true}]}}