{"id":46857,"date":"2018-05-14T12:05:08","date_gmt":"2023-06-05T15:04:21","guid":{"rendered":"https:\/\/cardinal.pixel-tal.de\/klebebaender\/non class\u00e9\/ca-996-ruban-adhesif-en-mousse-pe\/"},"modified":"2023-06-05T17:04:21","modified_gmt":"2023-06-05T15:04:21","slug":"ca-996-pe-ruban-adhesif-en-mousse","status":"publish","type":"product","link":"https:\/\/cardinal-tapes.com\/fr\/rubans-adh\u00e9sifs\/domaines-dapplication\/bande-de-mousse-pe-fr\/ca-996-pe-ruban-adhesif-en-mousse\/","title":{"rendered":"CA-996 Ruban adh\u00e9sif en mousse PE"},"content":{"rendered":"<p>Le syst\u00e8me de colle hotmelt est particuli\u00e8rement adapt\u00e9 aux applications qui exigent une force adh\u00e9sive initiale tr\u00e8s forte. La surface en mousse r\u00e9ticul\u00e9e \u00e0 cellules ferm\u00e9es garantit un ancrage s\u00fbr du film auto-adh\u00e9sif, de sorte qu&#8217;en cas de charge m\u00e9canique, la r\u00e9partition des forces est optimale. La bande adh\u00e9sive en mousse facile \u00e0 poser est recouverte d&#8217;un film au lieu d&#8217;un rev\u00eatement suppl\u00e9mentaire, qui ne doit pas \u00eatre retir\u00e9 avant la pose.<\/p>\n","protected":false},"excerpt":{"rendered":"<p>Le syst\u00e8me de colle hotmelt est particuli\u00e8rement adapt\u00e9 aux applications qui exigent une force adh\u00e9sive initiale tr\u00e8s forte. La surface en mousse r\u00e9ticul\u00e9e \u00e0 cellules ferm\u00e9es garantit un ancrage s\u00fbr du film auto-adh\u00e9sif, de sorte qu&#8217;en cas de charge m\u00e9canique, la r\u00e9partition des forces est optimale. La bande adh\u00e9sive en mousse facile \u00e0 poser est [&hellip;]<\/p>\n","protected":false},"featured_media":27188,"template":"","meta":{"_acf_changed":false},"pwb-brand":[2171],"product_brand":[],"product_cat":[1764,1836],"product_tag":[],"class_list":{"0":"post-46857","1":"product","2":"type-product","3":"status-publish","4":"has-post-thumbnail","6":"pwb-brand-cardinal-gmbh-fr","7":"product_cat-bande-de-mousse-pe-fr","8":"product_cat-rubans-adhesifs-simple-face","10":"first","11":"instock","12":"taxable","13":"shipping-taxable","14":"purchasable","15":"product-type-variable"},"acf":[],"yoast_head":"<!-- This site is optimized with the Yoast SEO plugin v27.3 - https:\/\/yoast.com\/product\/yoast-seo-wordpress\/ -->\n<title>CA-996 Bande adh\u00e9sive en mousse PE | Cardinal TAPES<\/title>\n<meta name=\"description\" content=\"CA-996 est un ruban adh\u00e9sif en mousse de PE qui est recouvert d&#039;un film au lieu d&#039;une couverture suppl\u00e9mentaire. En savoir plus.\" \/>\n<meta name=\"robots\" content=\"index, follow, max-snippet:-1, max-image-preview:large, max-video-preview:-1\" \/>\n<link rel=\"canonical\" href=\"https:\/\/cardinal-tapes.com\/fr\/rubans-adh\u00e9sifs\/bande-de-mousse-pe-fr\/ca-996-pe-ruban-adhesif-en-mousse\/\" \/>\n<meta property=\"og:locale\" content=\"fr_FR\" \/>\n<meta property=\"og:type\" content=\"article\" \/>\n<meta property=\"og:title\" content=\"CA-996 Bande adh\u00e9sive en mousse PE | Cardinal TAPES\" \/>\n<meta property=\"og:description\" content=\"CA-996 est un ruban adh\u00e9sif en mousse de PE qui est recouvert d&#039;un film au lieu d&#039;une couverture suppl\u00e9mentaire. En savoir plus.\" \/>\n<meta property=\"og:url\" content=\"https:\/\/cardinal-tapes.com\/fr\/rubans-adh\u00e9sifs\/bande-de-mousse-pe-fr\/ca-996-pe-ruban-adhesif-en-mousse\/\" \/>\n<meta property=\"og:site_name\" content=\"cardinal TAPES\" \/>\n<meta property=\"og:image\" content=\"https:\/\/cardinal-tapes.com\/wp-content\/uploads\/CA_996-2_retouched.jpg\" \/>\n\t<meta property=\"og:image:width\" content=\"1078\" \/>\n\t<meta property=\"og:image:height\" content=\"1400\" \/>\n\t<meta property=\"og:image:type\" content=\"image\/jpeg\" \/>\n<meta name=\"twitter:card\" content=\"summary_large_image\" \/>\n<script type=\"application\/ld+json\" class=\"yoast-schema-graph\">{\"@context\":\"https:\\\/\\\/schema.org\",\"@graph\":[{\"@type\":\"WebPage\",\"@id\":\"https:\\\/\\\/cardinal-tapes.com\\\/fr\\\/rubans-adh\u00e9sifs\\\/bande-de-mousse-pe-fr\\\/ca-996-pe-ruban-adhesif-en-mousse\\\/\",\"url\":\"https:\\\/\\\/cardinal-tapes.com\\\/fr\\\/rubans-adh\u00e9sifs\\\/bande-de-mousse-pe-fr\\\/ca-996-pe-ruban-adhesif-en-mousse\\\/\",\"name\":\"CA-996 Bande adh\u00e9sive en mousse PE | Cardinal TAPES\",\"isPartOf\":{\"@id\":\"https:\\\/\\\/cardinal-tapes.com\\\/#website\"},\"primaryImageOfPage\":{\"@id\":\"https:\\\/\\\/cardinal-tapes.com\\\/fr\\\/rubans-adh\u00e9sifs\\\/bande-de-mousse-pe-fr\\\/ca-996-pe-ruban-adhesif-en-mousse\\\/#primaryimage\"},\"image\":{\"@id\":\"https:\\\/\\\/cardinal-tapes.com\\\/fr\\\/rubans-adh\u00e9sifs\\\/bande-de-mousse-pe-fr\\\/ca-996-pe-ruban-adhesif-en-mousse\\\/#primaryimage\"},\"thumbnailUrl\":\"https:\\\/\\\/cardinal-tapes.com\\\/wp-content\\\/uploads\\\/CA_996-2_retouched.jpg\",\"datePublished\":\"2023-06-05T15:04:21+00:00\",\"description\":\"CA-996 est un ruban adh\u00e9sif en mousse de PE qui est recouvert d'un film au lieu d'une couverture suppl\u00e9mentaire. En savoir plus.\",\"breadcrumb\":{\"@id\":\"https:\\\/\\\/cardinal-tapes.com\\\/fr\\\/rubans-adh\u00e9sifs\\\/bande-de-mousse-pe-fr\\\/ca-996-pe-ruban-adhesif-en-mousse\\\/#breadcrumb\"},\"inLanguage\":\"fr-FR\",\"potentialAction\":[{\"@type\":\"ReadAction\",\"target\":[\"https:\\\/\\\/cardinal-tapes.com\\\/fr\\\/rubans-adh\u00e9sifs\\\/bande-de-mousse-pe-fr\\\/ca-996-pe-ruban-adhesif-en-mousse\\\/\"]}]},{\"@type\":\"ImageObject\",\"inLanguage\":\"fr-FR\",\"@id\":\"https:\\\/\\\/cardinal-tapes.com\\\/fr\\\/rubans-adh\u00e9sifs\\\/bande-de-mousse-pe-fr\\\/ca-996-pe-ruban-adhesif-en-mousse\\\/#primaryimage\",\"url\":\"https:\\\/\\\/cardinal-tapes.com\\\/wp-content\\\/uploads\\\/CA_996-2_retouched.jpg\",\"contentUrl\":\"https:\\\/\\\/cardinal-tapes.com\\\/wp-content\\\/uploads\\\/CA_996-2_retouched.jpg\",\"width\":1078,\"height\":1400,\"caption\":\"Ruban adh\u00e9sif CA 996\"},{\"@type\":\"BreadcrumbList\",\"@id\":\"https:\\\/\\\/cardinal-tapes.com\\\/fr\\\/rubans-adh\u00e9sifs\\\/bande-de-mousse-pe-fr\\\/ca-996-pe-ruban-adhesif-en-mousse\\\/#breadcrumb\",\"itemListElement\":[{\"@type\":\"ListItem\",\"position\":1,\"name\":\"Startseite\",\"item\":\"https:\\\/\\\/cardinal-tapes.com\\\/fr\\\/accueil\\\/\"},{\"@type\":\"ListItem\",\"position\":2,\"name\":\"Rubans adh\u00e9sifs\",\"item\":\"https:\\\/\\\/cardinal-tapes.com\\\/fr\\\/rubans-adhesifs-fr\\\/\"},{\"@type\":\"ListItem\",\"position\":3,\"name\":\"Bande de mousse PE\",\"item\":\"https:\\\/\\\/cardinal-tapes.com\\\/fr\\\/catgorie\\\/bande-de-mousse-pe-fr\\\/\"},{\"@type\":\"ListItem\",\"position\":4,\"name\":\"CA-996 Ruban adh\u00e9sif en mousse PE\"}]},{\"@type\":\"WebSite\",\"@id\":\"https:\\\/\\\/cardinal-tapes.com\\\/#website\",\"url\":\"https:\\\/\\\/cardinal-tapes.com\\\/\",\"name\":\"cardinal TAPES\",\"description\":\"Klebetechnik aus Wuppertal\",\"potentialAction\":[{\"@type\":\"SearchAction\",\"target\":{\"@type\":\"EntryPoint\",\"urlTemplate\":\"https:\\\/\\\/cardinal-tapes.com\\\/?s={search_term_string}\"},\"query-input\":{\"@type\":\"PropertyValueSpecification\",\"valueRequired\":true,\"valueName\":\"search_term_string\"}}],\"inLanguage\":\"fr-FR\"}]}<\/script>\n<!-- \/ Yoast SEO plugin. -->","yoast_head_json":{"title":"CA-996 Bande adh\u00e9sive en mousse PE | Cardinal TAPES","description":"CA-996 est un ruban adh\u00e9sif en mousse de PE qui est recouvert d'un film au lieu d'une couverture suppl\u00e9mentaire. En savoir plus.","robots":{"index":"index","follow":"follow","max-snippet":"max-snippet:-1","max-image-preview":"max-image-preview:large","max-video-preview":"max-video-preview:-1"},"canonical":"https:\/\/cardinal-tapes.com\/fr\/rubans-adh\u00e9sifs\/bande-de-mousse-pe-fr\/ca-996-pe-ruban-adhesif-en-mousse\/","og_locale":"fr_FR","og_type":"article","og_title":"CA-996 Bande adh\u00e9sive en mousse PE | Cardinal TAPES","og_description":"CA-996 est un ruban adh\u00e9sif en mousse de PE qui est recouvert d'un film au lieu d'une couverture suppl\u00e9mentaire. En savoir plus.","og_url":"https:\/\/cardinal-tapes.com\/fr\/rubans-adh\u00e9sifs\/bande-de-mousse-pe-fr\/ca-996-pe-ruban-adhesif-en-mousse\/","og_site_name":"cardinal TAPES","og_image":[{"width":1078,"height":1400,"url":"https:\/\/cardinal-tapes.com\/wp-content\/uploads\/CA_996-2_retouched.jpg","type":"image\/jpeg"}],"twitter_card":"summary_large_image","schema":{"@context":"https:\/\/schema.org","@graph":[{"@type":"WebPage","@id":"https:\/\/cardinal-tapes.com\/fr\/rubans-adh\u00e9sifs\/bande-de-mousse-pe-fr\/ca-996-pe-ruban-adhesif-en-mousse\/","url":"https:\/\/cardinal-tapes.com\/fr\/rubans-adh\u00e9sifs\/bande-de-mousse-pe-fr\/ca-996-pe-ruban-adhesif-en-mousse\/","name":"CA-996 Bande adh\u00e9sive en mousse PE | Cardinal TAPES","isPartOf":{"@id":"https:\/\/cardinal-tapes.com\/#website"},"primaryImageOfPage":{"@id":"https:\/\/cardinal-tapes.com\/fr\/rubans-adh\u00e9sifs\/bande-de-mousse-pe-fr\/ca-996-pe-ruban-adhesif-en-mousse\/#primaryimage"},"image":{"@id":"https:\/\/cardinal-tapes.com\/fr\/rubans-adh\u00e9sifs\/bande-de-mousse-pe-fr\/ca-996-pe-ruban-adhesif-en-mousse\/#primaryimage"},"thumbnailUrl":"https:\/\/cardinal-tapes.com\/wp-content\/uploads\/CA_996-2_retouched.jpg","datePublished":"2023-06-05T15:04:21+00:00","description":"CA-996 est un ruban adh\u00e9sif en mousse de PE qui est recouvert d'un film au lieu d'une couverture suppl\u00e9mentaire. En savoir plus.","breadcrumb":{"@id":"https:\/\/cardinal-tapes.com\/fr\/rubans-adh\u00e9sifs\/bande-de-mousse-pe-fr\/ca-996-pe-ruban-adhesif-en-mousse\/#breadcrumb"},"inLanguage":"fr-FR","potentialAction":[{"@type":"ReadAction","target":["https:\/\/cardinal-tapes.com\/fr\/rubans-adh\u00e9sifs\/bande-de-mousse-pe-fr\/ca-996-pe-ruban-adhesif-en-mousse\/"]}]},{"@type":"ImageObject","inLanguage":"fr-FR","@id":"https:\/\/cardinal-tapes.com\/fr\/rubans-adh\u00e9sifs\/bande-de-mousse-pe-fr\/ca-996-pe-ruban-adhesif-en-mousse\/#primaryimage","url":"https:\/\/cardinal-tapes.com\/wp-content\/uploads\/CA_996-2_retouched.jpg","contentUrl":"https:\/\/cardinal-tapes.com\/wp-content\/uploads\/CA_996-2_retouched.jpg","width":1078,"height":1400,"caption":"Ruban adh\u00e9sif CA 996"},{"@type":"BreadcrumbList","@id":"https:\/\/cardinal-tapes.com\/fr\/rubans-adh\u00e9sifs\/bande-de-mousse-pe-fr\/ca-996-pe-ruban-adhesif-en-mousse\/#breadcrumb","itemListElement":[{"@type":"ListItem","position":1,"name":"Startseite","item":"https:\/\/cardinal-tapes.com\/fr\/accueil\/"},{"@type":"ListItem","position":2,"name":"Rubans adh\u00e9sifs","item":"https:\/\/cardinal-tapes.com\/fr\/rubans-adhesifs-fr\/"},{"@type":"ListItem","position":3,"name":"Bande de mousse PE","item":"https:\/\/cardinal-tapes.com\/fr\/catgorie\/bande-de-mousse-pe-fr\/"},{"@type":"ListItem","position":4,"name":"CA-996 Ruban adh\u00e9sif en mousse PE"}]},{"@type":"WebSite","@id":"https:\/\/cardinal-tapes.com\/#website","url":"https:\/\/cardinal-tapes.com\/","name":"cardinal TAPES","description":"Klebetechnik aus Wuppertal","potentialAction":[{"@type":"SearchAction","target":{"@type":"EntryPoint","urlTemplate":"https:\/\/cardinal-tapes.com\/?s={search_term_string}"},"query-input":{"@type":"PropertyValueSpecification","valueRequired":true,"valueName":"search_term_string"}}],"inLanguage":"fr-FR"}]}},"brands":[{"id":2171,"name":"cardinal GmbH","slug":"cardinal-gmbh-fr"}],"_links":{"self":[{"href":"https:\/\/cardinal-tapes.com\/fr\/wp-json\/wp\/v2\/product\/46857","targetHints":{"allow":["GET"]}}],"collection":[{"href":"https:\/\/cardinal-tapes.com\/fr\/wp-json\/wp\/v2\/product"}],"about":[{"href":"https:\/\/cardinal-tapes.com\/fr\/wp-json\/wp\/v2\/types\/product"}],"wp:featuredmedia":[{"embeddable":true,"href":"https:\/\/cardinal-tapes.com\/fr\/wp-json\/wp\/v2\/media\/27188"}],"wp:attachment":[{"href":"https:\/\/cardinal-tapes.com\/fr\/wp-json\/wp\/v2\/media?parent=46857"}],"wp:term":[{"taxonomy":"pwb-brand","embeddable":true,"href":"https:\/\/cardinal-tapes.com\/fr\/wp-json\/wp\/v2\/pwb-brand?post=46857"},{"taxonomy":"product_brand","embeddable":true,"href":"https:\/\/cardinal-tapes.com\/fr\/wp-json\/wp\/v2\/product_brand?post=46857"},{"taxonomy":"product_cat","embeddable":true,"href":"https:\/\/cardinal-tapes.com\/fr\/wp-json\/wp\/v2\/product_cat?post=46857"},{"taxonomy":"product_tag","embeddable":true,"href":"https:\/\/cardinal-tapes.com\/fr\/wp-json\/wp\/v2\/product_tag?post=46857"}],"curies":[{"name":"wp","href":"https:\/\/api.w.org\/{rel}","templated":true}]}}