{"id":46712,"date":"2018-05-02T14:10:17","date_gmt":"2018-05-02T12:10:17","guid":{"rendered":"https:\/\/cardinal.pixel-tal.de\/klebebaender\/non%20class\u00e9\/ca-53-i-ruban-adhesif-en-pvc-ruban-adhesif-pour-emballage\/"},"modified":"2025-07-02T14:41:21","modified_gmt":"2025-07-02T12:41:21","slug":"ca-53-i-pvc-bande-adhesive-demballage","status":"publish","type":"product","link":"https:\/\/cardinal-tapes.com\/fr\/rubans-adh\u00e9sifs\/rubans-adhesifs-simple-face\/film-pvc\/ca-53-i-pvc-bande-adhesive-demballage\/","title":{"rendered":"CA-53\/I Ruban adh\u00e9sif en PVC \/ Ruban adh\u00e9sif d&#8217;emballage"},"content":{"rendered":"<p>Notre <strong data-start=\"125\" data-end=\"164\">ruban adh\u00e9sif d&#8217;emballage en PVC imprim\u00e9<\/strong> de haute qualit\u00e9 CA-53\/I combine un fort pouvoir adh\u00e9sif et une personnalisation.<\/p>\n<p><strong>Caract\u00e9ristiques :<\/strong><\/p>\n<ul>\n<li><strong data-start=\"621\" data-end=\"647\">Imprimable individuellement<\/strong> &#8211; Id\u00e9al pour les logos, les messages publicitaires ou les avertissements &#8211; personnalisez votre ruban adh\u00e9sif<\/li>\n<li><strong data-start=\"352\" data-end=\"381\">Robuste &amp; r\u00e9sistant<\/strong> &#8211; Fabriqu\u00e9 en PVC r\u00e9sistant, il est ind\u00e9chirable et durable.<\/li>\n<li><strong data-start=\"468\" data-end=\"488\">Adh\u00e9sif puissant<\/strong> &#8211; L&#8217;adh\u00e9sif puissant en caoutchouc naturel assure une adh\u00e9sion solide sur diff\u00e9rentes surfaces de carton et d&#8217;emballage.<\/li>\n<li>R\u00e9sistance <strong data-start=\"883\" data-end=\"916\">aux intemp\u00e9ries &amp; aux temp\u00e9ratures \u00e9lev\u00e9es<\/strong> &#8211; R\u00e9siste \u00e0 l&#8217;humidit\u00e9, \u00e0 la chaleur et au froid pour une fermeture s\u00fbre dans tous les environnements.<\/li>\n<\/ul>\n<p>&nbsp;<\/p>\n","protected":false},"excerpt":{"rendered":"<p>Notre ruban adh\u00e9sif d&#8217;emballage en PVC imprim\u00e9 de haute qualit\u00e9 CA-53\/I combine un fort pouvoir adh\u00e9sif et une personnalisation. Caract\u00e9ristiques : Imprimable individuellement &#8211; Id\u00e9al pour les logos, les messages publicitaires ou les avertissements &#8211; personnalisez votre ruban adh\u00e9sif Robuste &amp; r\u00e9sistant &#8211; Fabriqu\u00e9 en PVC r\u00e9sistant, il est ind\u00e9chirable et durable. Adh\u00e9sif puissant &#8211; [&hellip;]<\/p>\n","protected":false},"featured_media":26932,"template":"","meta":{"_acf_changed":false},"pwb-brand":[2171],"product_brand":[],"product_cat":[1859,1772,1836,1841],"product_tag":[],"class_list":{"0":"post-46712","1":"product","2":"type-product","3":"status-publish","4":"has-post-thumbnail","6":"pwb-brand-cardinal-gmbh-fr","7":"product_cat-systemes-demballage","8":"product_cat-secteur-du-transport","9":"product_cat-rubans-adhesifs-simple-face","10":"product_cat-film-pvc","12":"first","13":"instock","14":"taxable","15":"shipping-taxable","16":"purchasable","17":"product-type-variable"},"acf":[],"yoast_head":"<!-- This site is optimized with the Yoast SEO plugin v27.3 - https:\/\/yoast.com\/product\/yoast-seo-wordpress\/ -->\n<title>CA-53\/I Ruban adh\u00e9sif en PVC, Ruban adh\u00e9sif d&#039;emballage | Cardinal TAPES<\/title>\n<meta name=\"description\" content=\"CA-53\/I est un ruban adh\u00e9sif d&#039;emballage en PVC imprimable. Il est disponible dans de nombreuses couleurs et peut \u00eatre utilis\u00e9 de mani\u00e8re polyvalente. En savoir plus ici.\" \/>\n<meta name=\"robots\" content=\"index, follow, max-snippet:-1, max-image-preview:large, max-video-preview:-1\" \/>\n<link rel=\"canonical\" href=\"https:\/\/cardinal-tapes.com\/fr\/rubans-adh\u00e9sifs\/rubans-adhesifs-simple-face\/film-pvc\/ca-53-i-pvc-bande-adhesive-demballage\/\" \/>\n<meta property=\"og:locale\" content=\"fr_FR\" \/>\n<meta property=\"og:type\" content=\"article\" \/>\n<meta property=\"og:title\" content=\"CA-53\/I Ruban adh\u00e9sif en PVC, Ruban adh\u00e9sif d&#039;emballage | Cardinal TAPES\" \/>\n<meta property=\"og:description\" content=\"CA-53\/I est un ruban adh\u00e9sif d&#039;emballage en PVC imprimable. Il est disponible dans de nombreuses couleurs et peut \u00eatre utilis\u00e9 de mani\u00e8re polyvalente. En savoir plus ici.\" \/>\n<meta property=\"og:url\" content=\"https:\/\/cardinal-tapes.com\/fr\/rubans-adh\u00e9sifs\/rubans-adhesifs-simple-face\/film-pvc\/ca-53-i-pvc-bande-adhesive-demballage\/\" \/>\n<meta property=\"og:site_name\" content=\"cardinal TAPES\" \/>\n<meta property=\"article:modified_time\" content=\"2025-07-02T12:41:21+00:00\" \/>\n<meta property=\"og:image\" content=\"https:\/\/cardinal-tapes.com\/wp-content\/uploads\/CA_Mix_04_retouched.jpg\" \/>\n\t<meta property=\"og:image:width\" content=\"1400\" \/>\n\t<meta property=\"og:image:height\" content=\"934\" \/>\n\t<meta property=\"og:image:type\" content=\"image\/jpeg\" \/>\n<meta name=\"twitter:card\" content=\"summary_large_image\" \/>\n<meta name=\"twitter:label1\" content=\"Dur\u00e9e de lecture estim\u00e9e\" \/>\n\t<meta name=\"twitter:data1\" content=\"1 minute\" \/>\n<script type=\"application\/ld+json\" class=\"yoast-schema-graph\">{\"@context\":\"https:\\\/\\\/schema.org\",\"@graph\":[{\"@type\":\"WebPage\",\"@id\":\"https:\\\/\\\/cardinal-tapes.com\\\/fr\\\/rubans-adh\u00e9sifs\\\/rubans-adhesifs-simple-face\\\/film-pvc\\\/ca-53-i-pvc-bande-adhesive-demballage\\\/\",\"url\":\"https:\\\/\\\/cardinal-tapes.com\\\/fr\\\/rubans-adh\u00e9sifs\\\/rubans-adhesifs-simple-face\\\/film-pvc\\\/ca-53-i-pvc-bande-adhesive-demballage\\\/\",\"name\":\"CA-53\\\/I Ruban adh\u00e9sif en PVC, Ruban adh\u00e9sif d'emballage | Cardinal TAPES\",\"isPartOf\":{\"@id\":\"https:\\\/\\\/cardinal-tapes.com\\\/#website\"},\"primaryImageOfPage\":{\"@id\":\"https:\\\/\\\/cardinal-tapes.com\\\/fr\\\/rubans-adh\u00e9sifs\\\/rubans-adhesifs-simple-face\\\/film-pvc\\\/ca-53-i-pvc-bande-adhesive-demballage\\\/#primaryimage\"},\"image\":{\"@id\":\"https:\\\/\\\/cardinal-tapes.com\\\/fr\\\/rubans-adh\u00e9sifs\\\/rubans-adhesifs-simple-face\\\/film-pvc\\\/ca-53-i-pvc-bande-adhesive-demballage\\\/#primaryimage\"},\"thumbnailUrl\":\"https:\\\/\\\/cardinal-tapes.com\\\/wp-content\\\/uploads\\\/CA_Mix_04_retouched.jpg\",\"datePublished\":\"2018-05-02T12:10:17+00:00\",\"dateModified\":\"2025-07-02T12:41:21+00:00\",\"description\":\"CA-53\\\/I est un ruban adh\u00e9sif d'emballage en PVC imprimable. Il est disponible dans de nombreuses couleurs et peut \u00eatre utilis\u00e9 de mani\u00e8re polyvalente. En savoir plus ici.\",\"breadcrumb\":{\"@id\":\"https:\\\/\\\/cardinal-tapes.com\\\/fr\\\/rubans-adh\u00e9sifs\\\/rubans-adhesifs-simple-face\\\/film-pvc\\\/ca-53-i-pvc-bande-adhesive-demballage\\\/#breadcrumb\"},\"inLanguage\":\"fr-FR\",\"potentialAction\":[{\"@type\":\"ReadAction\",\"target\":[\"https:\\\/\\\/cardinal-tapes.com\\\/fr\\\/rubans-adh\u00e9sifs\\\/rubans-adhesifs-simple-face\\\/film-pvc\\\/ca-53-i-pvc-bande-adhesive-demballage\\\/\"]}]},{\"@type\":\"ImageObject\",\"inLanguage\":\"fr-FR\",\"@id\":\"https:\\\/\\\/cardinal-tapes.com\\\/fr\\\/rubans-adh\u00e9sifs\\\/rubans-adhesifs-simple-face\\\/film-pvc\\\/ca-53-i-pvc-bande-adhesive-demballage\\\/#primaryimage\",\"url\":\"https:\\\/\\\/cardinal-tapes.com\\\/wp-content\\\/uploads\\\/CA_Mix_04_retouched.jpg\",\"contentUrl\":\"https:\\\/\\\/cardinal-tapes.com\\\/wp-content\\\/uploads\\\/CA_Mix_04_retouched.jpg\",\"width\":1400,\"height\":934,\"caption\":\"Rubans adh\u00e9sifs Cardinal\"},{\"@type\":\"BreadcrumbList\",\"@id\":\"https:\\\/\\\/cardinal-tapes.com\\\/fr\\\/rubans-adh\u00e9sifs\\\/rubans-adhesifs-simple-face\\\/film-pvc\\\/ca-53-i-pvc-bande-adhesive-demballage\\\/#breadcrumb\",\"itemListElement\":[{\"@type\":\"ListItem\",\"position\":1,\"name\":\"Startseite\",\"item\":\"https:\\\/\\\/cardinal-tapes.com\\\/fr\\\/accueil\\\/\"},{\"@type\":\"ListItem\",\"position\":2,\"name\":\"Rubans adh\u00e9sifs\",\"item\":\"https:\\\/\\\/cardinal-tapes.com\\\/fr\\\/rubans-adhesifs-fr\\\/\"},{\"@type\":\"ListItem\",\"position\":3,\"name\":\"Einseitige Klebeb\u00e4nder\",\"item\":\"https:\\\/\\\/cardinal-tapes.com\\\/kategorie\\\/einseitige-klebebaender\\\/\"},{\"@type\":\"ListItem\",\"position\":4,\"name\":\"CA-53\\\/I Ruban adh\u00e9sif en PVC \\\/ Ruban adh\u00e9sif d&#8217;emballage\"}]},{\"@type\":\"WebSite\",\"@id\":\"https:\\\/\\\/cardinal-tapes.com\\\/#website\",\"url\":\"https:\\\/\\\/cardinal-tapes.com\\\/\",\"name\":\"cardinal TAPES\",\"description\":\"Klebetechnik aus Wuppertal\",\"potentialAction\":[{\"@type\":\"SearchAction\",\"target\":{\"@type\":\"EntryPoint\",\"urlTemplate\":\"https:\\\/\\\/cardinal-tapes.com\\\/?s={search_term_string}\"},\"query-input\":{\"@type\":\"PropertyValueSpecification\",\"valueRequired\":true,\"valueName\":\"search_term_string\"}}],\"inLanguage\":\"fr-FR\"}]}<\/script>\n<!-- \/ Yoast SEO plugin. -->","yoast_head_json":{"title":"CA-53\/I Ruban adh\u00e9sif en PVC, Ruban adh\u00e9sif d'emballage | Cardinal TAPES","description":"CA-53\/I est un ruban adh\u00e9sif d'emballage en PVC imprimable. Il est disponible dans de nombreuses couleurs et peut \u00eatre utilis\u00e9 de mani\u00e8re polyvalente. En savoir plus ici.","robots":{"index":"index","follow":"follow","max-snippet":"max-snippet:-1","max-image-preview":"max-image-preview:large","max-video-preview":"max-video-preview:-1"},"canonical":"https:\/\/cardinal-tapes.com\/fr\/rubans-adh\u00e9sifs\/rubans-adhesifs-simple-face\/film-pvc\/ca-53-i-pvc-bande-adhesive-demballage\/","og_locale":"fr_FR","og_type":"article","og_title":"CA-53\/I Ruban adh\u00e9sif en PVC, Ruban adh\u00e9sif d'emballage | Cardinal TAPES","og_description":"CA-53\/I est un ruban adh\u00e9sif d'emballage en PVC imprimable. Il est disponible dans de nombreuses couleurs et peut \u00eatre utilis\u00e9 de mani\u00e8re polyvalente. En savoir plus ici.","og_url":"https:\/\/cardinal-tapes.com\/fr\/rubans-adh\u00e9sifs\/rubans-adhesifs-simple-face\/film-pvc\/ca-53-i-pvc-bande-adhesive-demballage\/","og_site_name":"cardinal TAPES","article_modified_time":"2025-07-02T12:41:21+00:00","og_image":[{"width":1400,"height":934,"url":"https:\/\/cardinal-tapes.com\/wp-content\/uploads\/CA_Mix_04_retouched.jpg","type":"image\/jpeg"}],"twitter_card":"summary_large_image","twitter_misc":{"Dur\u00e9e de lecture estim\u00e9e":"1 minute"},"schema":{"@context":"https:\/\/schema.org","@graph":[{"@type":"WebPage","@id":"https:\/\/cardinal-tapes.com\/fr\/rubans-adh\u00e9sifs\/rubans-adhesifs-simple-face\/film-pvc\/ca-53-i-pvc-bande-adhesive-demballage\/","url":"https:\/\/cardinal-tapes.com\/fr\/rubans-adh\u00e9sifs\/rubans-adhesifs-simple-face\/film-pvc\/ca-53-i-pvc-bande-adhesive-demballage\/","name":"CA-53\/I Ruban adh\u00e9sif en PVC, Ruban adh\u00e9sif d'emballage | Cardinal TAPES","isPartOf":{"@id":"https:\/\/cardinal-tapes.com\/#website"},"primaryImageOfPage":{"@id":"https:\/\/cardinal-tapes.com\/fr\/rubans-adh\u00e9sifs\/rubans-adhesifs-simple-face\/film-pvc\/ca-53-i-pvc-bande-adhesive-demballage\/#primaryimage"},"image":{"@id":"https:\/\/cardinal-tapes.com\/fr\/rubans-adh\u00e9sifs\/rubans-adhesifs-simple-face\/film-pvc\/ca-53-i-pvc-bande-adhesive-demballage\/#primaryimage"},"thumbnailUrl":"https:\/\/cardinal-tapes.com\/wp-content\/uploads\/CA_Mix_04_retouched.jpg","datePublished":"2018-05-02T12:10:17+00:00","dateModified":"2025-07-02T12:41:21+00:00","description":"CA-53\/I est un ruban adh\u00e9sif d'emballage en PVC imprimable. Il est disponible dans de nombreuses couleurs et peut \u00eatre utilis\u00e9 de mani\u00e8re polyvalente. En savoir plus ici.","breadcrumb":{"@id":"https:\/\/cardinal-tapes.com\/fr\/rubans-adh\u00e9sifs\/rubans-adhesifs-simple-face\/film-pvc\/ca-53-i-pvc-bande-adhesive-demballage\/#breadcrumb"},"inLanguage":"fr-FR","potentialAction":[{"@type":"ReadAction","target":["https:\/\/cardinal-tapes.com\/fr\/rubans-adh\u00e9sifs\/rubans-adhesifs-simple-face\/film-pvc\/ca-53-i-pvc-bande-adhesive-demballage\/"]}]},{"@type":"ImageObject","inLanguage":"fr-FR","@id":"https:\/\/cardinal-tapes.com\/fr\/rubans-adh\u00e9sifs\/rubans-adhesifs-simple-face\/film-pvc\/ca-53-i-pvc-bande-adhesive-demballage\/#primaryimage","url":"https:\/\/cardinal-tapes.com\/wp-content\/uploads\/CA_Mix_04_retouched.jpg","contentUrl":"https:\/\/cardinal-tapes.com\/wp-content\/uploads\/CA_Mix_04_retouched.jpg","width":1400,"height":934,"caption":"Rubans adh\u00e9sifs Cardinal"},{"@type":"BreadcrumbList","@id":"https:\/\/cardinal-tapes.com\/fr\/rubans-adh\u00e9sifs\/rubans-adhesifs-simple-face\/film-pvc\/ca-53-i-pvc-bande-adhesive-demballage\/#breadcrumb","itemListElement":[{"@type":"ListItem","position":1,"name":"Startseite","item":"https:\/\/cardinal-tapes.com\/fr\/accueil\/"},{"@type":"ListItem","position":2,"name":"Rubans adh\u00e9sifs","item":"https:\/\/cardinal-tapes.com\/fr\/rubans-adhesifs-fr\/"},{"@type":"ListItem","position":3,"name":"Einseitige Klebeb\u00e4nder","item":"https:\/\/cardinal-tapes.com\/kategorie\/einseitige-klebebaender\/"},{"@type":"ListItem","position":4,"name":"CA-53\/I Ruban adh\u00e9sif en PVC \/ Ruban adh\u00e9sif d&#8217;emballage"}]},{"@type":"WebSite","@id":"https:\/\/cardinal-tapes.com\/#website","url":"https:\/\/cardinal-tapes.com\/","name":"cardinal TAPES","description":"Klebetechnik aus Wuppertal","potentialAction":[{"@type":"SearchAction","target":{"@type":"EntryPoint","urlTemplate":"https:\/\/cardinal-tapes.com\/?s={search_term_string}"},"query-input":{"@type":"PropertyValueSpecification","valueRequired":true,"valueName":"search_term_string"}}],"inLanguage":"fr-FR"}]}},"brands":[{"id":2171,"name":"cardinal GmbH","slug":"cardinal-gmbh-fr"}],"_links":{"self":[{"href":"https:\/\/cardinal-tapes.com\/fr\/wp-json\/wp\/v2\/product\/46712","targetHints":{"allow":["GET"]}}],"collection":[{"href":"https:\/\/cardinal-tapes.com\/fr\/wp-json\/wp\/v2\/product"}],"about":[{"href":"https:\/\/cardinal-tapes.com\/fr\/wp-json\/wp\/v2\/types\/product"}],"wp:featuredmedia":[{"embeddable":true,"href":"https:\/\/cardinal-tapes.com\/fr\/wp-json\/wp\/v2\/media\/26932"}],"wp:attachment":[{"href":"https:\/\/cardinal-tapes.com\/fr\/wp-json\/wp\/v2\/media?parent=46712"}],"wp:term":[{"taxonomy":"pwb-brand","embeddable":true,"href":"https:\/\/cardinal-tapes.com\/fr\/wp-json\/wp\/v2\/pwb-brand?post=46712"},{"taxonomy":"product_brand","embeddable":true,"href":"https:\/\/cardinal-tapes.com\/fr\/wp-json\/wp\/v2\/product_brand?post=46712"},{"taxonomy":"product_cat","embeddable":true,"href":"https:\/\/cardinal-tapes.com\/fr\/wp-json\/wp\/v2\/product_cat?post=46712"},{"taxonomy":"product_tag","embeddable":true,"href":"https:\/\/cardinal-tapes.com\/fr\/wp-json\/wp\/v2\/product_tag?post=46712"}],"curies":[{"name":"wp","href":"https:\/\/api.w.org\/{rel}","templated":true}]}}