{"id":46686,"date":"2018-05-02T11:02:24","date_gmt":"2023-06-05T15:04:16","guid":{"rendered":"https:\/\/cardinal.pixel-tal.de\/klebebaender\/non%20class\u00e9\/ca-117-ruban-adhesif-special-crepe-ruban-dore\/"},"modified":"2025-07-02T14:40:27","modified_gmt":"2025-07-02T12:40:27","slug":"ca-117-special-crepe-adhesif-bande-or","status":"publish","type":"product","link":"https:\/\/cardinal-tapes.com\/fr\/rubans-adh\u00e9sifs\/domaines-dapplication\/ruban-adhesif-en-papier\/ca-117-special-crepe-adhesif-bande-or\/","title":{"rendered":"CA-117 Ruban adh\u00e9sif sp\u00e9cial cr\u00eape &#8211; ruban dor\u00e9 &#8211;"},"content":{"rendered":"<p>Le CA-117 est utilis\u00e9 dans le secteur de la peinture et du vernissage. M\u00eame apr\u00e8s 4 mois, ce ruban se retire sans laisser de traces et peut \u00eatre utilis\u00e9 dans des endroits sensibles gr\u00e2ce \u00e0 sa r\u00e9sistance garantie aux UV. Convient parfaitement aux supports sensibles tels que le verre et l&#8217;aluminium. Pas de fuite de peinture.<\/p>\n","protected":false},"excerpt":{"rendered":"<p>Le CA-117 est utilis\u00e9 dans le secteur de la peinture et du vernissage. M\u00eame apr\u00e8s 4 mois, ce ruban se retire sans laisser de traces et peut \u00eatre utilis\u00e9 dans des endroits sensibles gr\u00e2ce \u00e0 sa r\u00e9sistance garantie aux UV. Convient parfaitement aux supports sensibles tels que le verre et l&#8217;aluminium. Pas de fuite de [&hellip;]<\/p>\n","protected":false},"featured_media":26876,"template":"","meta":{"_acf_changed":false},"pwb-brand":[2171],"product_brand":[],"product_cat":[1766,1836],"product_tag":[],"class_list":{"0":"post-46686","1":"product","2":"type-product","3":"status-publish","4":"has-post-thumbnail","6":"pwb-brand-cardinal-gmbh-fr","7":"product_cat-ruban-adhesif-en-papier","8":"product_cat-rubans-adhesifs-simple-face","10":"first","11":"instock","12":"taxable","13":"shipping-taxable","14":"purchasable","15":"product-type-variable"},"acf":[],"yoast_head":"<!-- This site is optimized with the Yoast SEO plugin v27.3 - https:\/\/yoast.com\/product\/yoast-seo-wordpress\/ -->\n<title>CA-117 Ruban adh\u00e9sif sp\u00e9cial cr\u00eape - Ruban dor\u00e9 | Cardinal TAPES<\/title>\n<meta name=\"description\" content=\"CA-117 est un ruban de masquage tr\u00e8s fin, sp\u00e9cialement con\u00e7u pour la technique du glacis et le masquage de supports difficiles et fragiles. Il est r\u00e9sistant aux UV jusqu&#039;\u00e0 4 mois.\" \/>\n<meta name=\"robots\" content=\"index, follow, max-snippet:-1, max-image-preview:large, max-video-preview:-1\" \/>\n<link rel=\"canonical\" href=\"https:\/\/cardinal-tapes.com\/fr\/rubans-adh\u00e9sifs\/domaines-dapplication\/ruban-adhesif-en-papier\/ca-117-special-crepe-adhesif-bande-or\/\" \/>\n<meta property=\"og:locale\" content=\"fr_FR\" \/>\n<meta property=\"og:type\" content=\"article\" \/>\n<meta property=\"og:title\" content=\"CA-117 Ruban adh\u00e9sif sp\u00e9cial cr\u00eape - Ruban dor\u00e9 | Cardinal TAPES\" \/>\n<meta property=\"og:description\" content=\"CA-117 est un ruban de masquage tr\u00e8s fin, sp\u00e9cialement con\u00e7u pour la technique du glacis et le masquage de supports difficiles et fragiles. Il est r\u00e9sistant aux UV jusqu&#039;\u00e0 4 mois.\" \/>\n<meta property=\"og:url\" content=\"https:\/\/cardinal-tapes.com\/fr\/rubans-adh\u00e9sifs\/domaines-dapplication\/ruban-adhesif-en-papier\/ca-117-special-crepe-adhesif-bande-or\/\" \/>\n<meta property=\"og:site_name\" content=\"cardinal TAPES\" \/>\n<meta property=\"article:modified_time\" content=\"2025-07-02T12:40:27+00:00\" \/>\n<meta property=\"og:image\" content=\"https:\/\/cardinal-tapes.com\/wp-content\/uploads\/CA_117.jpg\" \/>\n\t<meta property=\"og:image:width\" content=\"1400\" \/>\n\t<meta property=\"og:image:height\" content=\"1400\" \/>\n\t<meta property=\"og:image:type\" content=\"image\/jpeg\" \/>\n<meta name=\"twitter:card\" content=\"summary_large_image\" \/>\n<script type=\"application\/ld+json\" class=\"yoast-schema-graph\">{\"@context\":\"https:\\\/\\\/schema.org\",\"@graph\":[{\"@type\":\"WebPage\",\"@id\":\"https:\\\/\\\/cardinal-tapes.com\\\/fr\\\/rubans-adh\u00e9sifs\\\/domaines-dapplication\\\/ruban-adhesif-en-papier\\\/ca-117-special-crepe-adhesif-bande-or\\\/\",\"url\":\"https:\\\/\\\/cardinal-tapes.com\\\/fr\\\/rubans-adh\u00e9sifs\\\/domaines-dapplication\\\/ruban-adhesif-en-papier\\\/ca-117-special-crepe-adhesif-bande-or\\\/\",\"name\":\"CA-117 Ruban adh\u00e9sif sp\u00e9cial cr\u00eape - Ruban dor\u00e9 | Cardinal TAPES\",\"isPartOf\":{\"@id\":\"https:\\\/\\\/cardinal-tapes.com\\\/#website\"},\"primaryImageOfPage\":{\"@id\":\"https:\\\/\\\/cardinal-tapes.com\\\/fr\\\/rubans-adh\u00e9sifs\\\/domaines-dapplication\\\/ruban-adhesif-en-papier\\\/ca-117-special-crepe-adhesif-bande-or\\\/#primaryimage\"},\"image\":{\"@id\":\"https:\\\/\\\/cardinal-tapes.com\\\/fr\\\/rubans-adh\u00e9sifs\\\/domaines-dapplication\\\/ruban-adhesif-en-papier\\\/ca-117-special-crepe-adhesif-bande-or\\\/#primaryimage\"},\"thumbnailUrl\":\"https:\\\/\\\/cardinal-tapes.com\\\/wp-content\\\/uploads\\\/CA_117.jpg\",\"datePublished\":\"2023-06-05T15:04:16+00:00\",\"dateModified\":\"2025-07-02T12:40:27+00:00\",\"description\":\"CA-117 est un ruban de masquage tr\u00e8s fin, sp\u00e9cialement con\u00e7u pour la technique du glacis et le masquage de supports difficiles et fragiles. Il est r\u00e9sistant aux UV jusqu'\u00e0 4 mois.\",\"breadcrumb\":{\"@id\":\"https:\\\/\\\/cardinal-tapes.com\\\/fr\\\/rubans-adh\u00e9sifs\\\/domaines-dapplication\\\/ruban-adhesif-en-papier\\\/ca-117-special-crepe-adhesif-bande-or\\\/#breadcrumb\"},\"inLanguage\":\"fr-FR\",\"potentialAction\":[{\"@type\":\"ReadAction\",\"target\":[\"https:\\\/\\\/cardinal-tapes.com\\\/fr\\\/rubans-adh\u00e9sifs\\\/domaines-dapplication\\\/ruban-adhesif-en-papier\\\/ca-117-special-crepe-adhesif-bande-or\\\/\"]}]},{\"@type\":\"ImageObject\",\"inLanguage\":\"fr-FR\",\"@id\":\"https:\\\/\\\/cardinal-tapes.com\\\/fr\\\/rubans-adh\u00e9sifs\\\/domaines-dapplication\\\/ruban-adhesif-en-papier\\\/ca-117-special-crepe-adhesif-bande-or\\\/#primaryimage\",\"url\":\"https:\\\/\\\/cardinal-tapes.com\\\/wp-content\\\/uploads\\\/CA_117.jpg\",\"contentUrl\":\"https:\\\/\\\/cardinal-tapes.com\\\/wp-content\\\/uploads\\\/CA_117.jpg\",\"width\":1400,\"height\":1400,\"caption\":\"CA_117\"},{\"@type\":\"BreadcrumbList\",\"@id\":\"https:\\\/\\\/cardinal-tapes.com\\\/fr\\\/rubans-adh\u00e9sifs\\\/domaines-dapplication\\\/ruban-adhesif-en-papier\\\/ca-117-special-crepe-adhesif-bande-or\\\/#breadcrumb\",\"itemListElement\":[{\"@type\":\"ListItem\",\"position\":1,\"name\":\"Startseite\",\"item\":\"https:\\\/\\\/cardinal-tapes.com\\\/fr\\\/accueil\\\/\"},{\"@type\":\"ListItem\",\"position\":2,\"name\":\"Rubans adh\u00e9sifs\",\"item\":\"https:\\\/\\\/cardinal-tapes.com\\\/fr\\\/rubans-adhesifs-fr\\\/\"},{\"@type\":\"ListItem\",\"position\":3,\"name\":\"Einseitige Klebeb\u00e4nder\",\"item\":\"https:\\\/\\\/cardinal-tapes.com\\\/kategorie\\\/einseitige-klebebaender\\\/\"},{\"@type\":\"ListItem\",\"position\":4,\"name\":\"CA-117 Ruban adh\u00e9sif sp\u00e9cial cr\u00eape &#8211; ruban dor\u00e9 &#8211;\"}]},{\"@type\":\"WebSite\",\"@id\":\"https:\\\/\\\/cardinal-tapes.com\\\/#website\",\"url\":\"https:\\\/\\\/cardinal-tapes.com\\\/\",\"name\":\"cardinal TAPES\",\"description\":\"Klebetechnik aus Wuppertal\",\"potentialAction\":[{\"@type\":\"SearchAction\",\"target\":{\"@type\":\"EntryPoint\",\"urlTemplate\":\"https:\\\/\\\/cardinal-tapes.com\\\/?s={search_term_string}\"},\"query-input\":{\"@type\":\"PropertyValueSpecification\",\"valueRequired\":true,\"valueName\":\"search_term_string\"}}],\"inLanguage\":\"fr-FR\"}]}<\/script>\n<!-- \/ Yoast SEO plugin. -->","yoast_head_json":{"title":"CA-117 Ruban adh\u00e9sif sp\u00e9cial cr\u00eape - Ruban dor\u00e9 | Cardinal TAPES","description":"CA-117 est un ruban de masquage tr\u00e8s fin, sp\u00e9cialement con\u00e7u pour la technique du glacis et le masquage de supports difficiles et fragiles. Il est r\u00e9sistant aux UV jusqu'\u00e0 4 mois.","robots":{"index":"index","follow":"follow","max-snippet":"max-snippet:-1","max-image-preview":"max-image-preview:large","max-video-preview":"max-video-preview:-1"},"canonical":"https:\/\/cardinal-tapes.com\/fr\/rubans-adh\u00e9sifs\/domaines-dapplication\/ruban-adhesif-en-papier\/ca-117-special-crepe-adhesif-bande-or\/","og_locale":"fr_FR","og_type":"article","og_title":"CA-117 Ruban adh\u00e9sif sp\u00e9cial cr\u00eape - Ruban dor\u00e9 | Cardinal TAPES","og_description":"CA-117 est un ruban de masquage tr\u00e8s fin, sp\u00e9cialement con\u00e7u pour la technique du glacis et le masquage de supports difficiles et fragiles. Il est r\u00e9sistant aux UV jusqu'\u00e0 4 mois.","og_url":"https:\/\/cardinal-tapes.com\/fr\/rubans-adh\u00e9sifs\/domaines-dapplication\/ruban-adhesif-en-papier\/ca-117-special-crepe-adhesif-bande-or\/","og_site_name":"cardinal TAPES","article_modified_time":"2025-07-02T12:40:27+00:00","og_image":[{"width":1400,"height":1400,"url":"https:\/\/cardinal-tapes.com\/wp-content\/uploads\/CA_117.jpg","type":"image\/jpeg"}],"twitter_card":"summary_large_image","schema":{"@context":"https:\/\/schema.org","@graph":[{"@type":"WebPage","@id":"https:\/\/cardinal-tapes.com\/fr\/rubans-adh\u00e9sifs\/domaines-dapplication\/ruban-adhesif-en-papier\/ca-117-special-crepe-adhesif-bande-or\/","url":"https:\/\/cardinal-tapes.com\/fr\/rubans-adh\u00e9sifs\/domaines-dapplication\/ruban-adhesif-en-papier\/ca-117-special-crepe-adhesif-bande-or\/","name":"CA-117 Ruban adh\u00e9sif sp\u00e9cial cr\u00eape - Ruban dor\u00e9 | Cardinal TAPES","isPartOf":{"@id":"https:\/\/cardinal-tapes.com\/#website"},"primaryImageOfPage":{"@id":"https:\/\/cardinal-tapes.com\/fr\/rubans-adh\u00e9sifs\/domaines-dapplication\/ruban-adhesif-en-papier\/ca-117-special-crepe-adhesif-bande-or\/#primaryimage"},"image":{"@id":"https:\/\/cardinal-tapes.com\/fr\/rubans-adh\u00e9sifs\/domaines-dapplication\/ruban-adhesif-en-papier\/ca-117-special-crepe-adhesif-bande-or\/#primaryimage"},"thumbnailUrl":"https:\/\/cardinal-tapes.com\/wp-content\/uploads\/CA_117.jpg","datePublished":"2023-06-05T15:04:16+00:00","dateModified":"2025-07-02T12:40:27+00:00","description":"CA-117 est un ruban de masquage tr\u00e8s fin, sp\u00e9cialement con\u00e7u pour la technique du glacis et le masquage de supports difficiles et fragiles. Il est r\u00e9sistant aux UV jusqu'\u00e0 4 mois.","breadcrumb":{"@id":"https:\/\/cardinal-tapes.com\/fr\/rubans-adh\u00e9sifs\/domaines-dapplication\/ruban-adhesif-en-papier\/ca-117-special-crepe-adhesif-bande-or\/#breadcrumb"},"inLanguage":"fr-FR","potentialAction":[{"@type":"ReadAction","target":["https:\/\/cardinal-tapes.com\/fr\/rubans-adh\u00e9sifs\/domaines-dapplication\/ruban-adhesif-en-papier\/ca-117-special-crepe-adhesif-bande-or\/"]}]},{"@type":"ImageObject","inLanguage":"fr-FR","@id":"https:\/\/cardinal-tapes.com\/fr\/rubans-adh\u00e9sifs\/domaines-dapplication\/ruban-adhesif-en-papier\/ca-117-special-crepe-adhesif-bande-or\/#primaryimage","url":"https:\/\/cardinal-tapes.com\/wp-content\/uploads\/CA_117.jpg","contentUrl":"https:\/\/cardinal-tapes.com\/wp-content\/uploads\/CA_117.jpg","width":1400,"height":1400,"caption":"CA_117"},{"@type":"BreadcrumbList","@id":"https:\/\/cardinal-tapes.com\/fr\/rubans-adh\u00e9sifs\/domaines-dapplication\/ruban-adhesif-en-papier\/ca-117-special-crepe-adhesif-bande-or\/#breadcrumb","itemListElement":[{"@type":"ListItem","position":1,"name":"Startseite","item":"https:\/\/cardinal-tapes.com\/fr\/accueil\/"},{"@type":"ListItem","position":2,"name":"Rubans adh\u00e9sifs","item":"https:\/\/cardinal-tapes.com\/fr\/rubans-adhesifs-fr\/"},{"@type":"ListItem","position":3,"name":"Einseitige Klebeb\u00e4nder","item":"https:\/\/cardinal-tapes.com\/kategorie\/einseitige-klebebaender\/"},{"@type":"ListItem","position":4,"name":"CA-117 Ruban adh\u00e9sif sp\u00e9cial cr\u00eape &#8211; ruban dor\u00e9 &#8211;"}]},{"@type":"WebSite","@id":"https:\/\/cardinal-tapes.com\/#website","url":"https:\/\/cardinal-tapes.com\/","name":"cardinal TAPES","description":"Klebetechnik aus Wuppertal","potentialAction":[{"@type":"SearchAction","target":{"@type":"EntryPoint","urlTemplate":"https:\/\/cardinal-tapes.com\/?s={search_term_string}"},"query-input":{"@type":"PropertyValueSpecification","valueRequired":true,"valueName":"search_term_string"}}],"inLanguage":"fr-FR"}]}},"brands":[{"id":2171,"name":"cardinal GmbH","slug":"cardinal-gmbh-fr"}],"_links":{"self":[{"href":"https:\/\/cardinal-tapes.com\/fr\/wp-json\/wp\/v2\/product\/46686","targetHints":{"allow":["GET"]}}],"collection":[{"href":"https:\/\/cardinal-tapes.com\/fr\/wp-json\/wp\/v2\/product"}],"about":[{"href":"https:\/\/cardinal-tapes.com\/fr\/wp-json\/wp\/v2\/types\/product"}],"wp:featuredmedia":[{"embeddable":true,"href":"https:\/\/cardinal-tapes.com\/fr\/wp-json\/wp\/v2\/media\/26876"}],"wp:attachment":[{"href":"https:\/\/cardinal-tapes.com\/fr\/wp-json\/wp\/v2\/media?parent=46686"}],"wp:term":[{"taxonomy":"pwb-brand","embeddable":true,"href":"https:\/\/cardinal-tapes.com\/fr\/wp-json\/wp\/v2\/pwb-brand?post=46686"},{"taxonomy":"product_brand","embeddable":true,"href":"https:\/\/cardinal-tapes.com\/fr\/wp-json\/wp\/v2\/product_brand?post=46686"},{"taxonomy":"product_cat","embeddable":true,"href":"https:\/\/cardinal-tapes.com\/fr\/wp-json\/wp\/v2\/product_cat?post=46686"},{"taxonomy":"product_tag","embeddable":true,"href":"https:\/\/cardinal-tapes.com\/fr\/wp-json\/wp\/v2\/product_tag?post=46686"}],"curies":[{"name":"wp","href":"https:\/\/api.w.org\/{rel}","templated":true}]}}