{"id":46637,"date":"2018-05-02T11:10:26","date_gmt":"2023-06-05T15:04:15","guid":{"rendered":"https:\/\/cardinal.pixel-tal.de\/klebebaender\/non class\u00e9\/ca-787-ruban-adhesif-pe\/"},"modified":"2023-06-05T17:04:15","modified_gmt":"2023-06-05T15:04:15","slug":"ca-787-pe-bande-adhesive","status":"publish","type":"product","link":"https:\/\/cardinal-tapes.com\/fr\/rubans-adh\u00e9sifs\/domaines-dapplication\/industrie-du-batiment\/ca-787-pe-bande-adhesive\/","title":{"rendered":"CA-787 Ruban adh\u00e9sif PE"},"content":{"rendered":"<p>CA-787 est un ruban adh\u00e9sif PE qui, en raison de ses propri\u00e9t\u00e9s adh\u00e9sives universelles<br \/>\ncomme bande adh\u00e9sive de syst\u00e8me pour le collage de pare-vapeur courants en films plastiques<br \/>\net cartons de construction, pour les panneaux en mat\u00e9riau d\u00e9riv\u00e9 du bois, ainsi que leurs transitions en cas de chevauchements, joints, raccords<br \/>\net les p\u00e9n\u00e9trations. Il est en outre utilis\u00e9 comme bande adh\u00e9sive d&#8217;\u00e9tanch\u00e9it\u00e9 pour l&#8217;\u00e9tanch\u00e9it\u00e9 \u00e9nerg\u00e9tique des toits en pente.<\/p>\n","protected":false},"excerpt":{"rendered":"<p>CA-787 est un ruban adh\u00e9sif PE qui, en raison de ses propri\u00e9t\u00e9s adh\u00e9sives universelles comme bande adh\u00e9sive de syst\u00e8me pour le collage de pare-vapeur courants en films plastiques et cartons de construction, pour les panneaux en mat\u00e9riau d\u00e9riv\u00e9 du bois, ainsi que leurs transitions en cas de chevauchements, joints, raccords et les p\u00e9n\u00e9trations. Il est [&hellip;]<\/p>\n","protected":false},"featured_media":26924,"template":"","meta":{"_acf_changed":false},"pwb-brand":[2171],"product_brand":[],"product_cat":[1669,1836],"product_tag":[],"class_list":{"0":"post-46637","1":"product","2":"type-product","3":"status-publish","4":"has-post-thumbnail","6":"pwb-brand-cardinal-gmbh-fr","7":"product_cat-industrie-du-batiment","8":"product_cat-rubans-adhesifs-simple-face","10":"first","11":"instock","12":"taxable","13":"shipping-taxable","14":"purchasable","15":"product-type-variable"},"acf":[],"yoast_head":"<!-- This site is optimized with the Yoast SEO plugin v27.3 - https:\/\/yoast.com\/product\/yoast-seo-wordpress\/ -->\n<title>CA-787 Bande adh\u00e9sive PE | Cardinal TAPES<\/title>\n<meta name=\"description\" content=\"CA-787 est un ruban adh\u00e9sif en PE qui, gr\u00e2ce \u00e0 ses propri\u00e9t\u00e9s adh\u00e9sives universelles, est utilis\u00e9 comme ruban adh\u00e9sif syst\u00e8me pour diff\u00e9rents mat\u00e9riaux.\" \/>\n<meta name=\"robots\" content=\"index, follow, max-snippet:-1, max-image-preview:large, max-video-preview:-1\" \/>\n<link rel=\"canonical\" href=\"https:\/\/cardinal-tapes.com\/fr\/rubans-adh\u00e9sifs\/industrie-du-batiment\/ca-787-pe-bande-adhesive\/\" \/>\n<meta property=\"og:locale\" content=\"fr_FR\" \/>\n<meta property=\"og:type\" content=\"article\" \/>\n<meta property=\"og:title\" content=\"CA-787 Bande adh\u00e9sive PE | Cardinal TAPES\" \/>\n<meta property=\"og:description\" content=\"CA-787 est un ruban adh\u00e9sif en PE qui, gr\u00e2ce \u00e0 ses propri\u00e9t\u00e9s adh\u00e9sives universelles, est utilis\u00e9 comme ruban adh\u00e9sif syst\u00e8me pour diff\u00e9rents mat\u00e9riaux.\" \/>\n<meta property=\"og:url\" content=\"https:\/\/cardinal-tapes.com\/fr\/rubans-adh\u00e9sifs\/industrie-du-batiment\/ca-787-pe-bande-adhesive\/\" \/>\n<meta property=\"og:site_name\" content=\"cardinal TAPES\" \/>\n<meta property=\"og:image\" content=\"https:\/\/cardinal-tapes.com\/wp-content\/uploads\/CA_787-2.jpg\" \/>\n\t<meta property=\"og:image:width\" content=\"1277\" \/>\n\t<meta property=\"og:image:height\" content=\"1400\" \/>\n\t<meta property=\"og:image:type\" content=\"image\/jpeg\" \/>\n<meta name=\"twitter:card\" content=\"summary_large_image\" \/>\n<script type=\"application\/ld+json\" class=\"yoast-schema-graph\">{\"@context\":\"https:\\\/\\\/schema.org\",\"@graph\":[{\"@type\":\"WebPage\",\"@id\":\"https:\\\/\\\/cardinal-tapes.com\\\/fr\\\/rubans-adh\u00e9sifs\\\/industrie-du-batiment\\\/ca-787-pe-bande-adhesive\\\/\",\"url\":\"https:\\\/\\\/cardinal-tapes.com\\\/fr\\\/rubans-adh\u00e9sifs\\\/industrie-du-batiment\\\/ca-787-pe-bande-adhesive\\\/\",\"name\":\"CA-787 Bande adh\u00e9sive PE | Cardinal TAPES\",\"isPartOf\":{\"@id\":\"https:\\\/\\\/cardinal-tapes.com\\\/#website\"},\"primaryImageOfPage\":{\"@id\":\"https:\\\/\\\/cardinal-tapes.com\\\/fr\\\/rubans-adh\u00e9sifs\\\/industrie-du-batiment\\\/ca-787-pe-bande-adhesive\\\/#primaryimage\"},\"image\":{\"@id\":\"https:\\\/\\\/cardinal-tapes.com\\\/fr\\\/rubans-adh\u00e9sifs\\\/industrie-du-batiment\\\/ca-787-pe-bande-adhesive\\\/#primaryimage\"},\"thumbnailUrl\":\"https:\\\/\\\/cardinal-tapes.com\\\/wp-content\\\/uploads\\\/CA_787-2.jpg\",\"datePublished\":\"2023-06-05T15:04:15+00:00\",\"description\":\"CA-787 est un ruban adh\u00e9sif en PE qui, gr\u00e2ce \u00e0 ses propri\u00e9t\u00e9s adh\u00e9sives universelles, est utilis\u00e9 comme ruban adh\u00e9sif syst\u00e8me pour diff\u00e9rents mat\u00e9riaux.\",\"breadcrumb\":{\"@id\":\"https:\\\/\\\/cardinal-tapes.com\\\/fr\\\/rubans-adh\u00e9sifs\\\/industrie-du-batiment\\\/ca-787-pe-bande-adhesive\\\/#breadcrumb\"},\"inLanguage\":\"fr-FR\",\"potentialAction\":[{\"@type\":\"ReadAction\",\"target\":[\"https:\\\/\\\/cardinal-tapes.com\\\/fr\\\/rubans-adh\u00e9sifs\\\/industrie-du-batiment\\\/ca-787-pe-bande-adhesive\\\/\"]}]},{\"@type\":\"ImageObject\",\"inLanguage\":\"fr-FR\",\"@id\":\"https:\\\/\\\/cardinal-tapes.com\\\/fr\\\/rubans-adh\u00e9sifs\\\/industrie-du-batiment\\\/ca-787-pe-bande-adhesive\\\/#primaryimage\",\"url\":\"https:\\\/\\\/cardinal-tapes.com\\\/wp-content\\\/uploads\\\/CA_787-2.jpg\",\"contentUrl\":\"https:\\\/\\\/cardinal-tapes.com\\\/wp-content\\\/uploads\\\/CA_787-2.jpg\",\"width\":1277,\"height\":1400,\"caption\":\"CA_787\"},{\"@type\":\"BreadcrumbList\",\"@id\":\"https:\\\/\\\/cardinal-tapes.com\\\/fr\\\/rubans-adh\u00e9sifs\\\/industrie-du-batiment\\\/ca-787-pe-bande-adhesive\\\/#breadcrumb\",\"itemListElement\":[{\"@type\":\"ListItem\",\"position\":1,\"name\":\"Startseite\",\"item\":\"https:\\\/\\\/cardinal-tapes.com\\\/fr\\\/accueil\\\/\"},{\"@type\":\"ListItem\",\"position\":2,\"name\":\"Rubans adh\u00e9sifs\",\"item\":\"https:\\\/\\\/cardinal-tapes.com\\\/fr\\\/rubans-adhesifs-fr\\\/\"},{\"@type\":\"ListItem\",\"position\":3,\"name\":\"Industrie du b\u00e2timent\",\"item\":\"https:\\\/\\\/cardinal-tapes.com\\\/fr\\\/catgorie\\\/industrie-du-batiment\\\/\"},{\"@type\":\"ListItem\",\"position\":4,\"name\":\"CA-787 Ruban adh\u00e9sif PE\"}]},{\"@type\":\"WebSite\",\"@id\":\"https:\\\/\\\/cardinal-tapes.com\\\/#website\",\"url\":\"https:\\\/\\\/cardinal-tapes.com\\\/\",\"name\":\"cardinal TAPES\",\"description\":\"Klebetechnik aus Wuppertal\",\"potentialAction\":[{\"@type\":\"SearchAction\",\"target\":{\"@type\":\"EntryPoint\",\"urlTemplate\":\"https:\\\/\\\/cardinal-tapes.com\\\/?s={search_term_string}\"},\"query-input\":{\"@type\":\"PropertyValueSpecification\",\"valueRequired\":true,\"valueName\":\"search_term_string\"}}],\"inLanguage\":\"fr-FR\"}]}<\/script>\n<!-- \/ Yoast SEO plugin. -->","yoast_head_json":{"title":"CA-787 Bande adh\u00e9sive PE | Cardinal TAPES","description":"CA-787 est un ruban adh\u00e9sif en PE qui, gr\u00e2ce \u00e0 ses propri\u00e9t\u00e9s adh\u00e9sives universelles, est utilis\u00e9 comme ruban adh\u00e9sif syst\u00e8me pour diff\u00e9rents mat\u00e9riaux.","robots":{"index":"index","follow":"follow","max-snippet":"max-snippet:-1","max-image-preview":"max-image-preview:large","max-video-preview":"max-video-preview:-1"},"canonical":"https:\/\/cardinal-tapes.com\/fr\/rubans-adh\u00e9sifs\/industrie-du-batiment\/ca-787-pe-bande-adhesive\/","og_locale":"fr_FR","og_type":"article","og_title":"CA-787 Bande adh\u00e9sive PE | Cardinal TAPES","og_description":"CA-787 est un ruban adh\u00e9sif en PE qui, gr\u00e2ce \u00e0 ses propri\u00e9t\u00e9s adh\u00e9sives universelles, est utilis\u00e9 comme ruban adh\u00e9sif syst\u00e8me pour diff\u00e9rents mat\u00e9riaux.","og_url":"https:\/\/cardinal-tapes.com\/fr\/rubans-adh\u00e9sifs\/industrie-du-batiment\/ca-787-pe-bande-adhesive\/","og_site_name":"cardinal TAPES","og_image":[{"width":1277,"height":1400,"url":"https:\/\/cardinal-tapes.com\/wp-content\/uploads\/CA_787-2.jpg","type":"image\/jpeg"}],"twitter_card":"summary_large_image","schema":{"@context":"https:\/\/schema.org","@graph":[{"@type":"WebPage","@id":"https:\/\/cardinal-tapes.com\/fr\/rubans-adh\u00e9sifs\/industrie-du-batiment\/ca-787-pe-bande-adhesive\/","url":"https:\/\/cardinal-tapes.com\/fr\/rubans-adh\u00e9sifs\/industrie-du-batiment\/ca-787-pe-bande-adhesive\/","name":"CA-787 Bande adh\u00e9sive PE | Cardinal TAPES","isPartOf":{"@id":"https:\/\/cardinal-tapes.com\/#website"},"primaryImageOfPage":{"@id":"https:\/\/cardinal-tapes.com\/fr\/rubans-adh\u00e9sifs\/industrie-du-batiment\/ca-787-pe-bande-adhesive\/#primaryimage"},"image":{"@id":"https:\/\/cardinal-tapes.com\/fr\/rubans-adh\u00e9sifs\/industrie-du-batiment\/ca-787-pe-bande-adhesive\/#primaryimage"},"thumbnailUrl":"https:\/\/cardinal-tapes.com\/wp-content\/uploads\/CA_787-2.jpg","datePublished":"2023-06-05T15:04:15+00:00","description":"CA-787 est un ruban adh\u00e9sif en PE qui, gr\u00e2ce \u00e0 ses propri\u00e9t\u00e9s adh\u00e9sives universelles, est utilis\u00e9 comme ruban adh\u00e9sif syst\u00e8me pour diff\u00e9rents mat\u00e9riaux.","breadcrumb":{"@id":"https:\/\/cardinal-tapes.com\/fr\/rubans-adh\u00e9sifs\/industrie-du-batiment\/ca-787-pe-bande-adhesive\/#breadcrumb"},"inLanguage":"fr-FR","potentialAction":[{"@type":"ReadAction","target":["https:\/\/cardinal-tapes.com\/fr\/rubans-adh\u00e9sifs\/industrie-du-batiment\/ca-787-pe-bande-adhesive\/"]}]},{"@type":"ImageObject","inLanguage":"fr-FR","@id":"https:\/\/cardinal-tapes.com\/fr\/rubans-adh\u00e9sifs\/industrie-du-batiment\/ca-787-pe-bande-adhesive\/#primaryimage","url":"https:\/\/cardinal-tapes.com\/wp-content\/uploads\/CA_787-2.jpg","contentUrl":"https:\/\/cardinal-tapes.com\/wp-content\/uploads\/CA_787-2.jpg","width":1277,"height":1400,"caption":"CA_787"},{"@type":"BreadcrumbList","@id":"https:\/\/cardinal-tapes.com\/fr\/rubans-adh\u00e9sifs\/industrie-du-batiment\/ca-787-pe-bande-adhesive\/#breadcrumb","itemListElement":[{"@type":"ListItem","position":1,"name":"Startseite","item":"https:\/\/cardinal-tapes.com\/fr\/accueil\/"},{"@type":"ListItem","position":2,"name":"Rubans adh\u00e9sifs","item":"https:\/\/cardinal-tapes.com\/fr\/rubans-adhesifs-fr\/"},{"@type":"ListItem","position":3,"name":"Industrie du b\u00e2timent","item":"https:\/\/cardinal-tapes.com\/fr\/catgorie\/industrie-du-batiment\/"},{"@type":"ListItem","position":4,"name":"CA-787 Ruban adh\u00e9sif PE"}]},{"@type":"WebSite","@id":"https:\/\/cardinal-tapes.com\/#website","url":"https:\/\/cardinal-tapes.com\/","name":"cardinal TAPES","description":"Klebetechnik aus Wuppertal","potentialAction":[{"@type":"SearchAction","target":{"@type":"EntryPoint","urlTemplate":"https:\/\/cardinal-tapes.com\/?s={search_term_string}"},"query-input":{"@type":"PropertyValueSpecification","valueRequired":true,"valueName":"search_term_string"}}],"inLanguage":"fr-FR"}]}},"brands":[{"id":2171,"name":"cardinal GmbH","slug":"cardinal-gmbh-fr"}],"_links":{"self":[{"href":"https:\/\/cardinal-tapes.com\/fr\/wp-json\/wp\/v2\/product\/46637","targetHints":{"allow":["GET"]}}],"collection":[{"href":"https:\/\/cardinal-tapes.com\/fr\/wp-json\/wp\/v2\/product"}],"about":[{"href":"https:\/\/cardinal-tapes.com\/fr\/wp-json\/wp\/v2\/types\/product"}],"wp:featuredmedia":[{"embeddable":true,"href":"https:\/\/cardinal-tapes.com\/fr\/wp-json\/wp\/v2\/media\/26924"}],"wp:attachment":[{"href":"https:\/\/cardinal-tapes.com\/fr\/wp-json\/wp\/v2\/media?parent=46637"}],"wp:term":[{"taxonomy":"pwb-brand","embeddable":true,"href":"https:\/\/cardinal-tapes.com\/fr\/wp-json\/wp\/v2\/pwb-brand?post=46637"},{"taxonomy":"product_brand","embeddable":true,"href":"https:\/\/cardinal-tapes.com\/fr\/wp-json\/wp\/v2\/product_brand?post=46637"},{"taxonomy":"product_cat","embeddable":true,"href":"https:\/\/cardinal-tapes.com\/fr\/wp-json\/wp\/v2\/product_cat?post=46637"},{"taxonomy":"product_tag","embeddable":true,"href":"https:\/\/cardinal-tapes.com\/fr\/wp-json\/wp\/v2\/product_tag?post=46637"}],"curies":[{"name":"wp","href":"https:\/\/api.w.org\/{rel}","templated":true}]}}